{"id":985,"date":"2025-11-07T04:38:08","date_gmt":"2025-11-07T04:38:08","guid":{"rendered":"https:\/\/ulifeneed.com\/?post_type=product&#038;p=985"},"modified":"2025-11-28T04:49:11","modified_gmt":"2025-11-28T04:49:11","slug":"cavo-stampante-hp-6ft-quadrato-da-usb-a-a-usb-b","status":"publish","type":"product","link":"https:\/\/ulifeneed.com\/it\/product\/hp-printer-cable-6ft-square-usb-a-to-usb-b-cable\/","title":{"rendered":"Cavo stampante HP 6ft, cavo quadrato da USB A a USB B per stampante\/scanner Epson, HP, Canon, Brother, stampa Ethernet Collegamento fluido a computer\/portatile\/Pc - Cavo lungo USB 2.0 tipo B Impresora Midi, 6 piedi"},"content":{"rendered":"<div data-elementor-type=\"wp-post\" data-elementor-id=\"985\" class=\"elementor elementor-985\">\n\t\t\t\t<div class=\"elementor-element elementor-element-7ab7465 e-flex e-con-boxed e-con e-parent\" data-id=\"7ab7465\" data-element_type=\"container\" data-e-type=\"container\">\n\t\t\t\t\t<div class=\"e-con-inner\">\n\t\t\t\t<div class=\"elementor-element elementor-element-01349a5 elementor-widget elementor-widget-text-editor\" data-id=\"01349a5\" data-element_type=\"widget\" data-e-type=\"widget\" data-widget_type=\"text-editor.default\">\n\t\t\t\t<div class=\"elementor-widget-container\">\n\t\t\t\t\t\t\t\t\t<p><strong>Porta da USB-A a USB-B 2.0 2.Durable<\/strong>: Connettori placcati in oro 3. Ampiamente compatibile: Funziona con diversi dispositivi e stampanti USB B 4.Plug and Play: Offre maggiore stabilit\u00e0 rispetto al Wi-Fi 5.Lunga lunghezza: 6\/10 piedi<\/p><p><strong>Connettivit\u00e0 ad alta velocit\u00e0<\/strong>: Collegate la stampante, lo scanner o il disco rigido esterno al computer con questo cavo USB A - USB B di alta qualit\u00e0. Progettato per un trasferimento dati veloce e affidabile, questo cavo garantisce una connessione stabile tra i dispositivi.<\/p><p><strong>Compatibilit\u00e0 universale<\/strong>: Il cavo USB 2.0 per stampanti \u00e8 compatibile con un'ampia gamma di dispositivi, tra cui stampanti, scanner, server, dischi rigidi, fotocamere, pianoforti elettronici, tastiere MIDI, microfoni, decodificatori DAC e altre periferiche che utilizzano una porta USB B. Si collega facilmente a laptop, computer, PC o altri dispositivi abilitati all'USB per il trasferimento dei dati.<\/p><p><strong>Durevole e affidabile<\/strong>: Costruito con una robusta e flessibile guaina in PVC e connettori placcati in oro resistenti alla corrosione, questo cavo per stampanti \u00e8 progettato per un uso duraturo. La struttura resistente riduce al minimo le interferenze e la perdita di segnale, garantendo una trasmissione dei dati fluida e costante.<\/p><p><strong>Plug and Play<\/strong>: Facile da usare, basta collegare l'estremit\u00e0 USB A al computer e l'estremit\u00e0 USB B alla stampante, senza bisogno di installare driver o software. \u00c8 pi\u00f9 stabile di una connessione wireless Wi-Fi.<\/p><p><strong>Variet\u00e0 di lunghezze<\/strong>: Disponibile in diverse lunghezze (6\/10 piedi) per adattarsi alla vostra configurazione, sia che abbiate bisogno di una connessione corta per una configurazione da tavolo o di un cavo pi\u00f9 lungo per una maggiore flessibilit\u00e0 nello spazio di lavoro.<\/p><p><strong>Cosa si ottiene<\/strong>: Se avete qualsiasi insoddisfazione con il cavo della stampante USB, non esitate a contattarci, e risolveremo il vostro problema non importa quale. Vi auguriamo sinceramente una felice esperienza di acquisto!<\/p>\t\t\t\t\t\t\t\t<\/div>\n\t\t\t\t<\/div>\n\t\t\t\t\t<\/div>\n\t\t\t\t<\/div>\n\t\t<div class=\"elementor-element elementor-element-86893d4 e-flex e-con-boxed e-con e-parent\" data-id=\"86893d4\" data-element_type=\"container\" data-e-type=\"container\">\n\t\t\t\t\t<div class=\"e-con-inner\">\n\t\t\t\t<div class=\"elementor-element elementor-element-8714e9f elementor-widget elementor-widget-image-gallery\" data-id=\"8714e9f\" data-element_type=\"widget\" data-e-type=\"widget\" data-widget_type=\"image-gallery.default\">\n\t\t\t\t<div class=\"elementor-widget-container\">\n\t\t\t\t\t\t\t<div class=\"elementor-image-gallery\">\n\t\t\t<div id='gallery-1' class='gallery galleryid-985 gallery-columns-3 gallery-size-medium_large'><figure class='gallery-item'>\n\t\t\t<div class='gallery-icon portrait'>\n\t\t\t\t<img fetchpriority=\"high\" decoding=\"async\" width=\"768\" height=\"960\" src=\"https:\/\/ulifeneed.com\/wp-content\/uploads\/2025\/11\/015-7-768x960.jpg\" class=\"attachment-medium_large size-medium_large\" alt=\"\" srcset=\"https:\/\/ulifeneed.com\/wp-content\/uploads\/2025\/11\/015-7-768x960.jpg 768w, https:\/\/ulifeneed.com\/wp-content\/uploads\/2025\/11\/015-7-240x300.jpg 240w, https:\/\/ulifeneed.com\/wp-content\/uploads\/2025\/11\/015-7-819x1024.jpg 819w, https:\/\/ulifeneed.com\/wp-content\/uploads\/2025\/11\/015-7-600x750.jpg 600w, https:\/\/ulifeneed.com\/wp-content\/uploads\/2025\/11\/015-7.jpg 1000w\" sizes=\"(max-width: 768px) 100vw, 768px\" \/>\n\t\t\t<\/div><\/figure><figure class='gallery-item'>\n\t\t\t<div class='gallery-icon portrait'>\n\t\t\t\t<img decoding=\"async\" width=\"768\" height=\"960\" src=\"https:\/\/ulifeneed.com\/wp-content\/uploads\/2025\/11\/015-5-768x960.jpg\" class=\"attachment-medium_large size-medium_large\" alt=\"\" srcset=\"https:\/\/ulifeneed.com\/wp-content\/uploads\/2025\/11\/015-5-768x960.jpg 768w, https:\/\/ulifeneed.com\/wp-content\/uploads\/2025\/11\/015-5-240x300.jpg 240w, https:\/\/ulifeneed.com\/wp-content\/uploads\/2025\/11\/015-5-819x1024.jpg 819w, https:\/\/ulifeneed.com\/wp-content\/uploads\/2025\/11\/015-5-600x750.jpg 600w, https:\/\/ulifeneed.com\/wp-content\/uploads\/2025\/11\/015-5.jpg 1000w\" sizes=\"(max-width: 768px) 100vw, 768px\" \/>\n\t\t\t<\/div><\/figure><figure class='gallery-item'>\n\t\t\t<div class='gallery-icon portrait'>\n\t\t\t\t<img decoding=\"async\" width=\"768\" height=\"960\" src=\"https:\/\/ulifeneed.com\/wp-content\/uploads\/2025\/11\/015-3-768x960.jpg\" class=\"attachment-medium_large size-medium_large\" alt=\"\" srcset=\"https:\/\/ulifeneed.com\/wp-content\/uploads\/2025\/11\/015-3-768x960.jpg 768w, https:\/\/ulifeneed.com\/wp-content\/uploads\/2025\/11\/015-3-240x300.jpg 240w, https:\/\/ulifeneed.com\/wp-content\/uploads\/2025\/11\/015-3-819x1024.jpg 819w, https:\/\/ulifeneed.com\/wp-content\/uploads\/2025\/11\/015-3-600x750.jpg 600w, https:\/\/ulifeneed.com\/wp-content\/uploads\/2025\/11\/015-3.jpg 1000w\" sizes=\"(max-width: 768px) 100vw, 768px\" \/>\n\t\t\t<\/div><\/figure><figure class='gallery-item'>\n\t\t\t<div class='gallery-icon portrait'>\n\t\t\t\t<img loading=\"lazy\" decoding=\"async\" width=\"768\" height=\"960\" src=\"https:\/\/ulifeneed.com\/wp-content\/uploads\/2025\/11\/015-2-768x960.jpg\" class=\"attachment-medium_large size-medium_large\" alt=\"\" srcset=\"https:\/\/ulifeneed.com\/wp-content\/uploads\/2025\/11\/015-2-768x960.jpg 768w, https:\/\/ulifeneed.com\/wp-content\/uploads\/2025\/11\/015-2-240x300.jpg 240w, https:\/\/ulifeneed.com\/wp-content\/uploads\/2025\/11\/015-2-819x1024.jpg 819w, https:\/\/ulifeneed.com\/wp-content\/uploads\/2025\/11\/015-2-600x750.jpg 600w, https:\/\/ulifeneed.com\/wp-content\/uploads\/2025\/11\/015-2.jpg 1000w\" sizes=\"(max-width: 768px) 100vw, 768px\" \/>\n\t\t\t<\/div><\/figure><figure class='gallery-item'>\n\t\t\t<div class='gallery-icon portrait'>\n\t\t\t\t<img loading=\"lazy\" decoding=\"async\" width=\"768\" height=\"960\" src=\"https:\/\/ulifeneed.com\/wp-content\/uploads\/2025\/11\/015-4-768x960.jpg\" class=\"attachment-medium_large size-medium_large\" alt=\"\" srcset=\"https:\/\/ulifeneed.com\/wp-content\/uploads\/2025\/11\/015-4-768x960.jpg 768w, https:\/\/ulifeneed.com\/wp-content\/uploads\/2025\/11\/015-4-240x300.jpg 240w, https:\/\/ulifeneed.com\/wp-content\/uploads\/2025\/11\/015-4-819x1024.jpg 819w, https:\/\/ulifeneed.com\/wp-content\/uploads\/2025\/11\/015-4-600x750.jpg 600w, https:\/\/ulifeneed.com\/wp-content\/uploads\/2025\/11\/015-4.jpg 1000w\" sizes=\"(max-width: 768px) 100vw, 768px\" \/>\n\t\t\t<\/div><\/figure><figure class='gallery-item'>\n\t\t\t<div class='gallery-icon portrait'>\n\t\t\t\t<img loading=\"lazy\" decoding=\"async\" width=\"768\" height=\"960\" src=\"https:\/\/ulifeneed.com\/wp-content\/uploads\/2025\/11\/015-6-768x960.jpg\" class=\"attachment-medium_large size-medium_large\" alt=\"\" srcset=\"https:\/\/ulifeneed.com\/wp-content\/uploads\/2025\/11\/015-6-768x960.jpg 768w, https:\/\/ulifeneed.com\/wp-content\/uploads\/2025\/11\/015-6-240x300.jpg 240w, https:\/\/ulifeneed.com\/wp-content\/uploads\/2025\/11\/015-6-819x1024.jpg 819w, https:\/\/ulifeneed.com\/wp-content\/uploads\/2025\/11\/015-6-600x750.jpg 600w, https:\/\/ulifeneed.com\/wp-content\/uploads\/2025\/11\/015-6.jpg 1000w\" sizes=\"(max-width: 768px) 100vw, 768px\" \/>\n\t\t\t<\/div><\/figure>\n\t\t<\/div>\n\t\t<\/div>\n\t\t\t\t\t\t<\/div>\n\t\t\t\t<\/div>\n\t\t\t\t\t<\/div>\n\t\t\t\t<\/div>\n\t\t<div class=\"elementor-element elementor-element-48b475b e-flex e-con-boxed e-con e-parent\" data-id=\"48b475b\" data-element_type=\"container\" data-e-type=\"container\">\n\t\t\t\t\t<div class=\"e-con-inner\">\n\t\t\t\t<div class=\"elementor-element elementor-element-0f74b56 elementor-widget elementor-widget-text-editor\" data-id=\"0f74b56\" data-element_type=\"widget\" data-e-type=\"widget\" data-widget_type=\"text-editor.default\">\n\t\t\t\t<div class=\"elementor-widget-container\">\n\t\t\t\t\t\t\t\t\t<p>Caratteristiche:<br \/>Connettori placcati in oro<br \/>Porta da USB-A a USB-B<br \/>Collegamento maschio-maschio<br \/>Disponibile nelle lunghezze 3\/6\/10\/20 piedi<br \/>Colore nero<br \/>1 confezione<br \/>Compatibile con HP, Canon, Epson, Dell, Brother, Lexmark, Xerox, Samsung e altri dispositivi come pianoforti, DAC e altro ancora, per il collegamento a un computer portatile (Mac\/PC) o ad altri dispositivi abilitati alla connessione USB.<\/p><p>Dispositivi compatibili:<br \/>HP:<br \/>Deskjet: 2540, 3630, 2132, 2130, 3520, 3720, 2542, 3636, 2544, 3050A<br \/>OfficeJet: 5740, 3831, 4658, 6600, 4500, 4650, 4620, 3830<br \/>Envy: 4527, 4520, 4523, 5546, 7640, 5530, 5540, 4524, 5544<br \/>Photosmart: 5520, 5510, 6520<br \/>LaserJet Pro: M15w, MFP M28w, MFP M227fdw, M404n, M507dn<br \/>OfficeJet Pro: 9015, 8025e, 3830, 5255, 7740<br \/>Canon:<br \/>Pixma: MG2520, MG3550, MG3650, MG4250, MG5220, MG5550, MG5750, MG3620, TR4520, TS5320, MX492, G6020<br \/>i-SENSYS: LBP6030w, LBP6200d, MF8280Cw<br \/>imageCLASS: MF264dw, MF644Cdw, LBP6030w, MF267dw, MF743Cdw<br \/>Epson:<br \/>Stilo: SX130, SX235w, SX400, SX515w<br \/>WorkForce: WF-2540, WF-2650, WF-2660, WF-2750, WF-3520, WF-3540, WF-3620, WF-2630, WF-3640, WF-2850, WF-2860, WF-4820, WF-7710, WF-7210<br \/>EcoTank: ET-2720, ET-3760, ET-4760, ET-M2170, ET-15000<br \/>Fratello:<br \/>MFC: MFC-1910w, MFC-9330cdw, DCP-195c, DCPl-7055, DCP-l2520DW, L2710DW, L3750CDW, J497DW, L8900CDW, L6900DW<br \/>HL: HL-l8250CDN, MFC-9330cdw, Hl-l2300D, DCP-195c, DCPl-7055, DCP-l2520DW, L2350DW, L2370DW, L3210CW, L3230CDW, L5200DW<br \/>Lexmark:<br \/>X4650, X5650, CS317dn, CX510de, MS317dn, MX310dn, CX310n, MS711dn<br \/>Samsung:<br \/>CLX-3305FN, CLX-3175FW, ML-1010, ML-1200, ML-1250<br \/>Xpress: M2070W, SL-M2020W, SL-M2070FW, SL-M2835DW, SL-C480FW<br \/>Oki:<br \/>ML1120, C5650dn, C301dn, MC362dn, MC563dn<br \/>Altro:<br \/>Pianoforte digitale Yamaha, DAC e altro ancora.<\/p><p>Note importanti:<br \/>Verificare che il dispositivo disponga di una porta femmina di tipo B e non di una porta USB standard, Micro-USB o Mini-USB.<br \/>Questo cavo stampante\/scanner viene utilizzato principalmente per il trasferimento dei dati e non pu\u00f2 essere utilizzato come cavo di alimentazione per accendere la stampante.<\/p>\t\t\t\t\t\t\t\t<\/div>\n\t\t\t\t<\/div>\n\t\t\t\t\t<\/div>\n\t\t\t\t<\/div>\n\t\t\t\t<\/div>","protected":false},"excerpt":{"rendered":"<h2>Cavo stampante HP 6ft, cavo quadrato da USB A a USB B per stampante\/scanner Epson, HP, Canon, Brother, stampa Ethernet Collegamento fluido a computer\/portatile\/Pc - Cavo lungo USB 2.0 tipo B Impresora Midi, 6 piedi<\/h2>\n<p><strong>Tipo di connettore<\/strong>: USB 2.0, USB tipo B, USB tipo C<br \/>\n<strong>Tipo di cavo<\/strong>: USB<br \/>\n<strong>Dispositivi compatibili<\/strong>: Stampante<br \/>\n<strong>Caratteristica speciale<\/strong>: Senza grovigli<\/p>","protected":false},"featured_media":986,"comment_status":"open","ping_status":"closed","template":"","meta":{"site-sidebar-layout":"no-sidebar","site-content-layout":"page-builder","ast-site-content-layout":"normal-width-container","site-content-style":"default","site-sidebar-style":"default","ast-global-header-display":"","ast-banner-title-visibility":"","ast-main-header-display":"","ast-hfb-above-header-display":"","ast-hfb-below-header-display":"","ast-hfb-mobile-header-display":"","site-post-title":"","ast-breadcrumbs-content":"","ast-featured-img":"disabled","footer-sml-layout":"","theme-transparent-header-meta":"default","adv-header-id-meta":"","stick-header-meta":"","header-above-stick-meta":"","header-main-stick-meta":"","header-below-stick-meta":"","astra-migrate-meta-layouts":"set","ast-page-background-enabled":"default","ast-page-background-meta":{"desktop":{"background-color":"","background-image":"","background-repeat":"repeat","background-position":"center center","background-size":"auto","background-attachment":"scroll","background-type":"","background-media":"","overlay-type":"","overlay-color":"","overlay-opacity":"","overlay-gradient":""},"tablet":{"background-color":"","background-image":"","background-repeat":"repeat","background-position":"center center","background-size":"auto","background-attachment":"scroll","background-type":"","background-media":"","overlay-type":"","overlay-color":"","overlay-opacity":"","overlay-gradient":""},"mobile":{"background-color":"","background-image":"","background-repeat":"repeat","background-position":"center center","background-size":"auto","background-attachment":"scroll","background-type":"","background-media":"","overlay-type":"","overlay-color":"","overlay-opacity":"","overlay-gradient":""}},"ast-content-background-meta":{"desktop":{"background-color":"var(--ast-global-color-5)","background-image":"","background-repeat":"repeat","background-position":"center center","background-size":"auto","background-attachment":"scroll","background-type":"","background-media":"","overlay-type":"","overlay-color":"","overlay-opacity":"","overlay-gradient":""},"tablet":{"background-color":"var(--ast-global-color-5)","background-image":"","background-repeat":"repeat","background-position":"center center","background-size":"auto","background-attachment":"scroll","background-type":"","background-media":"","overlay-type":"","overlay-color":"","overlay-opacity":"","overlay-gradient":""},"mobile":{"background-color":"var(--ast-global-color-5)","background-image":"","background-repeat":"repeat","background-position":"center center","background-size":"auto","background-attachment":"scroll","background-type":"","background-media":"","overlay-type":"","overlay-color":"","overlay-opacity":"","overlay-gradient":""}}},"product_brand":[],"product_cat":[31,15],"product_tag":[],"class_list":{"0":"post-985","1":"product","2":"type-product","3":"status-publish","4":"has-post-thumbnail","6":"product_cat-usb-cables","7":"product_cat-3c-electronic-products","8":"desktop-align-left","9":"tablet-align-left","10":"mobile-align-left","12":"first","13":"instock","14":"sale","15":"shipping-taxable","16":"purchasable","17":"product-type-simple"},"_links":{"self":[{"href":"https:\/\/ulifeneed.com\/it\/wp-json\/wp\/v2\/product\/985","targetHints":{"allow":["GET"]}}],"collection":[{"href":"https:\/\/ulifeneed.com\/it\/wp-json\/wp\/v2\/product"}],"about":[{"href":"https:\/\/ulifeneed.com\/it\/wp-json\/wp\/v2\/types\/product"}],"replies":[{"embeddable":true,"href":"https:\/\/ulifeneed.com\/it\/wp-json\/wp\/v2\/comments?post=985"}],"version-history":[{"count":6,"href":"https:\/\/ulifeneed.com\/it\/wp-json\/wp\/v2\/product\/985\/revisions"}],"predecessor-version":[{"id":1499,"href":"https:\/\/ulifeneed.com\/it\/wp-json\/wp\/v2\/product\/985\/revisions\/1499"}],"wp:featuredmedia":[{"embeddable":true,"href":"https:\/\/ulifeneed.com\/it\/wp-json\/wp\/v2\/media\/986"}],"wp:attachment":[{"href":"https:\/\/ulifeneed.com\/it\/wp-json\/wp\/v2\/media?parent=985"}],"wp:term":[{"taxonomy":"product_brand","embeddable":true,"href":"https:\/\/ulifeneed.com\/it\/wp-json\/wp\/v2\/product_brand?post=985"},{"taxonomy":"product_cat","embeddable":true,"href":"https:\/\/ulifeneed.com\/it\/wp-json\/wp\/v2\/product_cat?post=985"},{"taxonomy":"product_tag","embeddable":true,"href":"https:\/\/ulifeneed.com\/it\/wp-json\/wp\/v2\/product_tag?post=985"}],"curies":[{"name":"wp","href":"https:\/\/api.w.org\/{rel}","templated":true}]}}