{"id":1396,"date":"2025-11-07T09:50:26","date_gmt":"2025-11-07T09:50:26","guid":{"rendered":"https:\/\/ulifeneed.com\/?post_type=product&#038;p=1396"},"modified":"2025-11-28T04:51:45","modified_gmt":"2025-11-28T04:51:45","slug":"usb-c-mouse-wireless-tipo-c-mouse-silenzioso-per-macbook-air-pro-2-4g-mouse-per-computer-senza-fili-con-6-pulsanti-e-3-dpi-regolabili-per-mac-laptop-desktop-pc","status":"publish","type":"product","link":"https:\/\/ulifeneed.com\/it\/product\/usb-c-wireless-mouse-type-c-silent-mouse-for-macbook-air-pro-2-4g-cordless-computer-mice-with-6-buttons-and-3-adjustable-dpi-for-mac-laptop-desktop-pc\/","title":{"rendered":"Mouse senza fili USB C, mouse silenzioso di tipo C per MacBook Air\/Pro, mouse per computer senza fili 2.4G con 6 pulsanti e 3 DPI regolabili per Mac, laptop, desktop, PC"},"content":{"rendered":"<div data-elementor-type=\"wp-post\" data-elementor-id=\"1396\" class=\"elementor elementor-1396\">\n\t\t\t\t<div class=\"elementor-element elementor-element-7ab7465 e-flex e-con-boxed e-con e-parent\" data-id=\"7ab7465\" data-element_type=\"container\" data-e-type=\"container\">\n\t\t\t\t\t<div class=\"e-con-inner\">\n\t\t\t\t<div class=\"elementor-element elementor-element-01349a5 elementor-widget elementor-widget-text-editor\" data-id=\"01349a5\" data-element_type=\"widget\" data-e-type=\"widget\" data-widget_type=\"text-editor.default\">\n\t\t\t\t<div class=\"elementor-widget-container\">\n\t\t\t\t\t\t\t\t\t<p>Il ricevitore usb-c si trova nel vano batterie sul fondo del mouse.<\/p><p><strong>Il design Plug &amp; Play offre la massima praticit\u00e0\u3011<\/strong>Dopo aver collegato il ricevitore di tipo C (contenuto nell'alloggiamento della batteria) al computer, \u00e8 possibile iniziare a utilizzarlo, senza dover installare alcun driver. Il mouse wireless a 2,4 GHz offre una connessione veloce, potente e affidabile, con una portata effettiva fino a 15 metri, eliminando efficacemente ritardi, interruzioni e interferenze.<\/p><p><strong>Topo Silenzioso<\/strong>Il mouse cordless Ulifeneed riduce il rumore di 85%. I clic silenziosi consentono di concentrarsi sul lavoro e di non disturbare gli altri. (Nota: il pulsante avanti e il pulsante indietro producono un clic).<\/p><p><strong>Design ergonomico<\/strong>I mouse per computer Ulifeneed sono realizzati in materiale skin-friendly e super resistente. Design simmetrico ed ergonomico, adatto per lavorare a lungo.<\/p><p><strong>Impostazioni di risparmio energetico automatico\u3011<\/strong>Il mouse wireless Ulifeneed entra in modalit\u00e0 di risparmio energetico dopo 15 minuti di inattivit\u00e0. \u00c8 possibile muovere il mouse o fare clic su qualsiasi pulsante per risvegliarlo. Nota: alimentato da 1 batteria AA (non inclusa).<\/p><p><strong>Ampia compatibilit\u00e0 e qualit\u00e0 del servizio\u3011<\/strong>Il mouse wireless \u00e8 compatibile con Mac, Windows7\/8\/10\/XP, Vista7\/8 e Linux, ecc, adatto per desktop, laptop, PC, MacBook e altri dispositivi. Se avete domande prima o dopo la vendita, non esitate a contattarci. Il team del servizio clienti di Ulifeneed \u00e8 a disposizione 24 ore su 24 per fornire servizi professionali.<\/p>\t\t\t\t\t\t\t\t<\/div>\n\t\t\t\t<\/div>\n\t\t\t\t\t<\/div>\n\t\t\t\t<\/div>\n\t\t<div class=\"elementor-element elementor-element-86893d4 e-flex e-con-boxed e-con e-parent\" data-id=\"86893d4\" data-element_type=\"container\" data-e-type=\"container\">\n\t\t\t\t\t<div class=\"e-con-inner\">\n\t\t\t\t<div class=\"elementor-element elementor-element-8714e9f elementor-widget elementor-widget-image-gallery\" data-id=\"8714e9f\" data-element_type=\"widget\" data-e-type=\"widget\" data-widget_type=\"image-gallery.default\">\n\t\t\t\t<div class=\"elementor-widget-container\">\n\t\t\t\t\t\t\t<div class=\"elementor-image-gallery\">\n\t\t\t<div id='gallery-1' class='gallery galleryid-1396 gallery-columns-3 gallery-size-medium_large'><figure class='gallery-item'>\n\t\t\t<div class='gallery-icon landscape'>\n\t\t\t\t<img fetchpriority=\"high\" decoding=\"async\" width=\"768\" height=\"768\" src=\"https:\/\/ulifeneed.com\/wp-content\/uploads\/2025\/11\/078-7-768x768.jpg\" class=\"attachment-medium_large size-medium_large\" alt=\"\" aria-describedby=\"gallery-1-1403\" srcset=\"https:\/\/ulifeneed.com\/wp-content\/uploads\/2025\/11\/078-7-768x768.jpg 768w, https:\/\/ulifeneed.com\/wp-content\/uploads\/2025\/11\/078-7-300x300.jpg 300w, https:\/\/ulifeneed.com\/wp-content\/uploads\/2025\/11\/078-7-150x150.jpg 150w, https:\/\/ulifeneed.com\/wp-content\/uploads\/2025\/11\/078-7-600x600.jpg 600w, https:\/\/ulifeneed.com\/wp-content\/uploads\/2025\/11\/078-7-100x100.jpg 100w, https:\/\/ulifeneed.com\/wp-content\/uploads\/2025\/11\/078-7.jpg 1000w\" sizes=\"(max-width: 768px) 100vw, 768px\" \/>\n\t\t\t<\/div>\n\t\t\t\t<figcaption class='wp-caption-text gallery-caption' id='gallery-1-1403'>\n\t\t\t\tVersione 1.0.0\n\t\t\t\t<\/figcaption><\/figure><figure class='gallery-item'>\n\t\t\t<div class='gallery-icon landscape'>\n\t\t\t\t<img decoding=\"async\" width=\"768\" height=\"768\" src=\"https:\/\/ulifeneed.com\/wp-content\/uploads\/2025\/11\/078-6-768x768.jpg\" class=\"attachment-medium_large size-medium_large\" alt=\"\" aria-describedby=\"gallery-1-1402\" srcset=\"https:\/\/ulifeneed.com\/wp-content\/uploads\/2025\/11\/078-6-768x768.jpg 768w, https:\/\/ulifeneed.com\/wp-content\/uploads\/2025\/11\/078-6-300x300.jpg 300w, https:\/\/ulifeneed.com\/wp-content\/uploads\/2025\/11\/078-6-150x150.jpg 150w, https:\/\/ulifeneed.com\/wp-content\/uploads\/2025\/11\/078-6-600x600.jpg 600w, https:\/\/ulifeneed.com\/wp-content\/uploads\/2025\/11\/078-6-100x100.jpg 100w, https:\/\/ulifeneed.com\/wp-content\/uploads\/2025\/11\/078-6.jpg 1000w\" sizes=\"(max-width: 768px) 100vw, 768px\" \/>\n\t\t\t<\/div>\n\t\t\t\t<figcaption class='wp-caption-text gallery-caption' id='gallery-1-1402'>\n\t\t\t\tVersione 1.0.0\n\t\t\t\t<\/figcaption><\/figure><figure class='gallery-item'>\n\t\t\t<div class='gallery-icon landscape'>\n\t\t\t\t<img decoding=\"async\" width=\"768\" height=\"768\" src=\"https:\/\/ulifeneed.com\/wp-content\/uploads\/2025\/11\/078-5-768x768.jpg\" class=\"attachment-medium_large size-medium_large\" alt=\"\" aria-describedby=\"gallery-1-1401\" srcset=\"https:\/\/ulifeneed.com\/wp-content\/uploads\/2025\/11\/078-5-768x768.jpg 768w, https:\/\/ulifeneed.com\/wp-content\/uploads\/2025\/11\/078-5-300x300.jpg 300w, https:\/\/ulifeneed.com\/wp-content\/uploads\/2025\/11\/078-5-150x150.jpg 150w, https:\/\/ulifeneed.com\/wp-content\/uploads\/2025\/11\/078-5-600x600.jpg 600w, https:\/\/ulifeneed.com\/wp-content\/uploads\/2025\/11\/078-5-100x100.jpg 100w, https:\/\/ulifeneed.com\/wp-content\/uploads\/2025\/11\/078-5.jpg 1000w\" sizes=\"(max-width: 768px) 100vw, 768px\" \/>\n\t\t\t<\/div>\n\t\t\t\t<figcaption class='wp-caption-text gallery-caption' id='gallery-1-1401'>\n\t\t\t\tVersione 1.0.0\n\t\t\t\t<\/figcaption><\/figure>\n\t\t<\/div>\n\t\t<\/div>\n\t\t\t\t\t\t<\/div>\n\t\t\t\t<\/div>\n\t\t\t\t\t<\/div>\n\t\t\t\t<\/div>\n\t\t<div class=\"elementor-element elementor-element-48b475b e-flex e-con-boxed e-con e-parent\" data-id=\"48b475b\" data-element_type=\"container\" data-e-type=\"container\">\n\t\t\t\t\t<div class=\"e-con-inner\">\n\t\t\t\t<div class=\"elementor-element elementor-element-0f74b56 elementor-widget elementor-widget-text-editor\" data-id=\"0f74b56\" data-element_type=\"widget\" data-e-type=\"widget\" data-widget_type=\"text-editor.default\">\n\t\t\t\t<div class=\"elementor-widget-container\">\n\t\t\t\t\t\t\t\t\t<h2>Mouse wireless ergonomico e silenzioso<\/h2><p>Scegliendo il mouse silenzioso Ulifeneed, si otterr\u00e0 un clic molto morbido e meno rumoroso, in modo da non doversi preoccupare di disturbare gli altri in ufficio, in biblioteca, nel dormitorio o in altri luoghi.<\/p><h2>Mouse portatile USB-C senza fili<\/h2><p>Con un peso di soli 70 g e un design compatto, il mini mouse wireless \u00e8 di dimensioni ridotte e pu\u00f2 essere facilmente inserito nella borsa del computer portatile o nella borsa da viaggio, in modo da averlo a disposizione ovunque sia necessario.<\/p>\t\t\t\t\t\t\t\t<\/div>\n\t\t\t\t<\/div>\n\t\t\t\t\t<\/div>\n\t\t\t\t<\/div>\n\t\t<div class=\"elementor-element elementor-element-8c190bd e-flex e-con-boxed e-con e-parent\" data-id=\"8c190bd\" data-element_type=\"container\" data-e-type=\"container\">\n\t\t\t\t\t<div class=\"e-con-inner\">\n\t\t\t\t<div class=\"elementor-element elementor-element-631cdb7 elementor-widget elementor-widget-image-gallery\" data-id=\"631cdb7\" data-element_type=\"widget\" data-e-type=\"widget\" data-widget_type=\"image-gallery.default\">\n\t\t\t\t<div class=\"elementor-widget-container\">\n\t\t\t\t\t\t\t<div class=\"elementor-image-gallery\">\n\t\t\t<div id='gallery-2' class='gallery galleryid-1396 gallery-columns-1 gallery-size-full'><figure class='gallery-item'>\n\t\t\t<div class='gallery-icon landscape'>\n\t\t\t\t<img loading=\"lazy\" decoding=\"async\" width=\"1000\" height=\"538\" src=\"https:\/\/ulifeneed.com\/wp-content\/uploads\/2025\/11\/078-8.jpg\" class=\"attachment-full size-full\" alt=\"\" srcset=\"https:\/\/ulifeneed.com\/wp-content\/uploads\/2025\/11\/078-8.jpg 1000w, https:\/\/ulifeneed.com\/wp-content\/uploads\/2025\/11\/078-8-300x161.jpg 300w, https:\/\/ulifeneed.com\/wp-content\/uploads\/2025\/11\/078-8-768x413.jpg 768w, https:\/\/ulifeneed.com\/wp-content\/uploads\/2025\/11\/078-8-600x323.jpg 600w\" sizes=\"(max-width: 1000px) 100vw, 1000px\" \/>\n\t\t\t<\/div><\/figure><figure class='gallery-item'>\n\t\t\t<div class='gallery-icon landscape'>\n\t\t\t\t<img loading=\"lazy\" decoding=\"async\" width=\"1000\" height=\"538\" src=\"https:\/\/ulifeneed.com\/wp-content\/uploads\/2025\/11\/078-9.jpg\" class=\"attachment-full size-full\" alt=\"\" srcset=\"https:\/\/ulifeneed.com\/wp-content\/uploads\/2025\/11\/078-9.jpg 1000w, https:\/\/ulifeneed.com\/wp-content\/uploads\/2025\/11\/078-9-300x161.jpg 300w, https:\/\/ulifeneed.com\/wp-content\/uploads\/2025\/11\/078-9-768x413.jpg 768w, https:\/\/ulifeneed.com\/wp-content\/uploads\/2025\/11\/078-9-600x323.jpg 600w\" sizes=\"(max-width: 1000px) 100vw, 1000px\" \/>\n\t\t\t<\/div><\/figure><figure class='gallery-item'>\n\t\t\t<div class='gallery-icon landscape'>\n\t\t\t\t<img loading=\"lazy\" decoding=\"async\" width=\"1000\" height=\"409\" src=\"https:\/\/ulifeneed.com\/wp-content\/uploads\/2025\/11\/078-10.jpg\" class=\"attachment-full size-full\" alt=\"\" srcset=\"https:\/\/ulifeneed.com\/wp-content\/uploads\/2025\/11\/078-10.jpg 1000w, https:\/\/ulifeneed.com\/wp-content\/uploads\/2025\/11\/078-10-300x123.jpg 300w, https:\/\/ulifeneed.com\/wp-content\/uploads\/2025\/11\/078-10-768x314.jpg 768w, https:\/\/ulifeneed.com\/wp-content\/uploads\/2025\/11\/078-10-600x245.jpg 600w\" sizes=\"(max-width: 1000px) 100vw, 1000px\" \/>\n\t\t\t<\/div><\/figure>\n\t\t<\/div>\n\t\t<\/div>\n\t\t\t\t\t\t<\/div>\n\t\t\t\t<\/div>\n\t\t\t\t\t<\/div>\n\t\t\t\t<\/div>\n\t\t\t\t<\/div>","protected":false},"excerpt":{"rendered":"<h2>Mouse senza fili USB C, mouse silenzioso di tipo C per MacBook Air\/Pro, mouse per computer senza fili 2.4G con 6 pulsanti e 3 DPI regolabili per Mac, laptop, desktop, PC<\/h2>\n<p>Colore: nero tipo C<br \/>\nTecnologia di connettivit\u00e0: USB<br \/>\nCaratteristiche speciali: Design ergonomico, portatile, insonorizzato, senza fili<br \/>\nTecnologia di rilevamento del movimento: Ottico<\/p>","protected":false},"featured_media":1397,"comment_status":"open","ping_status":"closed","template":"","meta":{"site-sidebar-layout":"no-sidebar","site-content-layout":"page-builder","ast-site-content-layout":"normal-width-container","site-content-style":"default","site-sidebar-style":"default","ast-global-header-display":"","ast-banner-title-visibility":"","ast-main-header-display":"","ast-hfb-above-header-display":"","ast-hfb-below-header-display":"","ast-hfb-mobile-header-display":"","site-post-title":"","ast-breadcrumbs-content":"","ast-featured-img":"disabled","footer-sml-layout":"","theme-transparent-header-meta":"default","adv-header-id-meta":"","stick-header-meta":"","header-above-stick-meta":"","header-main-stick-meta":"","header-below-stick-meta":"","astra-migrate-meta-layouts":"set","ast-page-background-enabled":"default","ast-page-background-meta":{"desktop":{"background-color":"","background-image":"","background-repeat":"repeat","background-position":"center center","background-size":"auto","background-attachment":"scroll","background-type":"","background-media":"","overlay-type":"","overlay-color":"","overlay-opacity":"","overlay-gradient":""},"tablet":{"background-color":"","background-image":"","background-repeat":"repeat","background-position":"center center","background-size":"auto","background-attachment":"scroll","background-type":"","background-media":"","overlay-type":"","overlay-color":"","overlay-opacity":"","overlay-gradient":""},"mobile":{"background-color":"","background-image":"","background-repeat":"repeat","background-position":"center center","background-size":"auto","background-attachment":"scroll","background-type":"","background-media":"","overlay-type":"","overlay-color":"","overlay-opacity":"","overlay-gradient":""}},"ast-content-background-meta":{"desktop":{"background-color":"var(--ast-global-color-5)","background-image":"","background-repeat":"repeat","background-position":"center center","background-size":"auto","background-attachment":"scroll","background-type":"","background-media":"","overlay-type":"","overlay-color":"","overlay-opacity":"","overlay-gradient":""},"tablet":{"background-color":"var(--ast-global-color-5)","background-image":"","background-repeat":"repeat","background-position":"center center","background-size":"auto","background-attachment":"scroll","background-type":"","background-media":"","overlay-type":"","overlay-color":"","overlay-opacity":"","overlay-gradient":""},"mobile":{"background-color":"var(--ast-global-color-5)","background-image":"","background-repeat":"repeat","background-position":"center center","background-size":"auto","background-attachment":"scroll","background-type":"","background-media":"","overlay-type":"","overlay-color":"","overlay-opacity":"","overlay-gradient":""}}},"product_brand":[],"product_cat":[30,15],"product_tag":[],"class_list":{"0":"post-1396","1":"product","2":"type-product","3":"status-publish","4":"has-post-thumbnail","6":"product_cat-computer-mice","7":"product_cat-3c-electronic-products","8":"desktop-align-left","9":"tablet-align-left","10":"mobile-align-left","12":"first","13":"instock","14":"sale","15":"shipping-taxable","16":"purchasable","17":"product-type-simple"},"_links":{"self":[{"href":"https:\/\/ulifeneed.com\/it\/wp-json\/wp\/v2\/product\/1396","targetHints":{"allow":["GET"]}}],"collection":[{"href":"https:\/\/ulifeneed.com\/it\/wp-json\/wp\/v2\/product"}],"about":[{"href":"https:\/\/ulifeneed.com\/it\/wp-json\/wp\/v2\/types\/product"}],"replies":[{"embeddable":true,"href":"https:\/\/ulifeneed.com\/it\/wp-json\/wp\/v2\/comments?post=1396"}],"version-history":[{"count":5,"href":"https:\/\/ulifeneed.com\/it\/wp-json\/wp\/v2\/product\/1396\/revisions"}],"predecessor-version":[{"id":1518,"href":"https:\/\/ulifeneed.com\/it\/wp-json\/wp\/v2\/product\/1396\/revisions\/1518"}],"wp:featuredmedia":[{"embeddable":true,"href":"https:\/\/ulifeneed.com\/it\/wp-json\/wp\/v2\/media\/1397"}],"wp:attachment":[{"href":"https:\/\/ulifeneed.com\/it\/wp-json\/wp\/v2\/media?parent=1396"}],"wp:term":[{"taxonomy":"product_brand","embeddable":true,"href":"https:\/\/ulifeneed.com\/it\/wp-json\/wp\/v2\/product_brand?post=1396"},{"taxonomy":"product_cat","embeddable":true,"href":"https:\/\/ulifeneed.com\/it\/wp-json\/wp\/v2\/product_cat?post=1396"},{"taxonomy":"product_tag","embeddable":true,"href":"https:\/\/ulifeneed.com\/it\/wp-json\/wp\/v2\/product_tag?post=1396"}],"curies":[{"name":"wp","href":"https:\/\/api.w.org\/{rel}","templated":true}]}}