{"id":1383,"date":"2025-11-07T09:44:42","date_gmt":"2025-11-07T09:44:42","guid":{"rendered":"https:\/\/ulifeneed.com\/?post_type=product&#038;p=1383"},"modified":"2025-11-28T04:51:36","modified_gmt":"2025-11-28T04:51:36","slug":"530-mouse-senza-fili-di-dimensioni-complete-per-pc-laptop-windows-computer-2-4-ghz-nano-ricevitore-usb-design-ambidestro-durata-della-batteria-12-mesi-cordless","status":"publish","type":"product","link":"https:\/\/ulifeneed.com\/it\/product\/530-wireless-mouse-full-size-computer-mouse-for-pc-laptop-windows-computer-2-4-ghz-nano-usb-receiver-ambidextrous-design-12-months-battery-life-cordless\/","title":{"rendered":"530 Mouse wireless - Mouse completo per PC, laptop, computer Windows - Ricevitore USB nano a 2,4 GHz - Design ambidestro - Durata della batteria di 12 mesi - Senza fili"},"content":{"rendered":"<div data-elementor-type=\"wp-post\" data-elementor-id=\"1383\" class=\"elementor elementor-1383\">\n\t\t\t\t<div class=\"elementor-element elementor-element-7ab7465 e-flex e-con-boxed e-con e-parent\" data-id=\"7ab7465\" data-element_type=\"container\" data-e-type=\"container\">\n\t\t\t\t\t<div class=\"e-con-inner\">\n\t\t\t\t<div class=\"elementor-element elementor-element-01349a5 elementor-widget elementor-widget-text-editor\" data-id=\"01349a5\" data-element_type=\"widget\" data-e-type=\"widget\" data-widget_type=\"text-editor.default\">\n\t\t\t\t<div class=\"elementor-widget-container\">\n\t\t\t\t\t\t\t\t\t<p><strong>Connettivit\u00e0 wireless affidabile<\/strong>: Il mouse wireless Ulifeneed 530 offre una connessione affidabile ovunque ci si trovi. Il suo avanzato ricevitore nano USB utilizza la robusta tecnologia wireless a 2,4 GHz, garantendo prestazioni ininterrotte senza il fastidio dei cavi. Rimanete produttivi e concentrati senza i vincoli delle configurazioni cablate.<\/p><p><strong>Tracciamento di precisione a portata di mano<\/strong>: Migliorate la vostra esperienza d'uso con il sensore ottico con risoluzione di 1200 DPI di cui \u00e8 dotato questo mouse wireless. Il tracciamento reattivo e chiaro migliora la navigazione, sia che si navighi sul Web, sia che si creino presentazioni o si eseguano lavori di progettazione dettagliati. La precisione \u00e8 ora a portata di mano.<\/p><p><strong>Durata nel tempo<\/strong>: Con il mouse wireless Ulifeneed 530, la longevit\u00e0 \u00e8 una garanzia. Con una durata notevole, fino a 8 milioni di clic per i pulsanti destro e sinistro, questo mouse \u00e8 costruito per resistere ai rigori dell'uso quotidiano. Le prestazioni affidabili per gli anni a venire lo rendono un compagno ideale per le vostre attivit\u00e0 informatiche.<\/p><p><strong>Comfort ergonomico per un uso prolungato:<\/strong> Sperimentate un comfort ineguagliabile durante le lunghe sessioni di lavoro grazie al design unico e sagomato del mouse Ulifeneed 530 Wireless. Realizzato per garantire la massima ergonomia, questo mouse si adatta perfettamente alla mano, assicurando il comfort per tutto il giorno. La resistente finitura soft touch aggiunge una sensazione di qualit\u00e0 alle vostre interazioni, rendendo la produttivit\u00e0 un gioco da ragazzi.<\/p><p><strong>Versatilit\u00e0 e portabilit\u00e0<\/strong>: Che siate mancini o destrorsi, il mouse wireless Ulifeneed 530 si adatta alle vostre preferenze. Il suo design ambidestro garantisce funzionalit\u00e0 e comfort a tutti gli utenti. Con un peso di soli 65 g, \u00e8 il compagno di viaggio ideale. Si pu\u00f2 infilare nella borsa del portatile o in tasca e godere della sua leggerezza ovunque si vada. Inoltre, grazie a un'impressionante durata della batteria fino a 12 mesi (la durata effettiva pu\u00f2 variare in base all'utilizzo), \u00e8 possibile utilizzarla senza preoccuparsi di ricaricarla frequentemente. Scegliete il mouse wireless Ulifeneed 530 per prestazioni, comfort e convenienza senza pari.<\/p>\t\t\t\t\t\t\t\t<\/div>\n\t\t\t\t<\/div>\n\t\t\t\t\t<\/div>\n\t\t\t\t<\/div>\n\t\t<div class=\"elementor-element elementor-element-86893d4 e-flex e-con-boxed e-con e-parent\" data-id=\"86893d4\" data-element_type=\"container\" data-e-type=\"container\">\n\t\t\t\t\t<div class=\"e-con-inner\">\n\t\t\t\t<div class=\"elementor-element elementor-element-8714e9f elementor-widget elementor-widget-image-gallery\" data-id=\"8714e9f\" data-element_type=\"widget\" data-e-type=\"widget\" data-widget_type=\"image-gallery.default\">\n\t\t\t\t<div class=\"elementor-widget-container\">\n\t\t\t\t\t\t\t<div class=\"elementor-image-gallery\">\n\t\t\t<div id='gallery-1' class='gallery galleryid-1383 gallery-columns-3 gallery-size-medium_large'><figure class='gallery-item'>\n\t\t\t<div class='gallery-icon portrait'>\n\t\t\t\t<img fetchpriority=\"high\" decoding=\"async\" width=\"768\" height=\"960\" src=\"https:\/\/ulifeneed.com\/wp-content\/uploads\/2025\/11\/073-4-768x960.jpg\" class=\"attachment-medium_large size-medium_large\" alt=\"\" aria-describedby=\"gallery-1-1387\" srcset=\"https:\/\/ulifeneed.com\/wp-content\/uploads\/2025\/11\/073-4-768x960.jpg 768w, https:\/\/ulifeneed.com\/wp-content\/uploads\/2025\/11\/073-4-240x300.jpg 240w, https:\/\/ulifeneed.com\/wp-content\/uploads\/2025\/11\/073-4-819x1024.jpg 819w, https:\/\/ulifeneed.com\/wp-content\/uploads\/2025\/11\/073-4-1229x1536.jpg 1229w, https:\/\/ulifeneed.com\/wp-content\/uploads\/2025\/11\/073-4-600x750.jpg 600w, https:\/\/ulifeneed.com\/wp-content\/uploads\/2025\/11\/073-4.jpg 1600w\" sizes=\"(max-width: 768px) 100vw, 768px\" \/>\n\t\t\t<\/div>\n\t\t\t\t<figcaption class='wp-caption-text gallery-caption' id='gallery-1-1387'>\n\t\t\t\tVersione 1.0.0\n\t\t\t\t<\/figcaption><\/figure><figure class='gallery-item'>\n\t\t\t<div class='gallery-icon portrait'>\n\t\t\t\t<img decoding=\"async\" width=\"768\" height=\"960\" src=\"https:\/\/ulifeneed.com\/wp-content\/uploads\/2025\/11\/073-5-768x960.jpg\" class=\"attachment-medium_large size-medium_large\" alt=\"\" aria-describedby=\"gallery-1-1388\" srcset=\"https:\/\/ulifeneed.com\/wp-content\/uploads\/2025\/11\/073-5-768x960.jpg 768w, https:\/\/ulifeneed.com\/wp-content\/uploads\/2025\/11\/073-5-240x300.jpg 240w, https:\/\/ulifeneed.com\/wp-content\/uploads\/2025\/11\/073-5-819x1024.jpg 819w, https:\/\/ulifeneed.com\/wp-content\/uploads\/2025\/11\/073-5-1229x1536.jpg 1229w, https:\/\/ulifeneed.com\/wp-content\/uploads\/2025\/11\/073-5-600x750.jpg 600w, https:\/\/ulifeneed.com\/wp-content\/uploads\/2025\/11\/073-5.jpg 1600w\" sizes=\"(max-width: 768px) 100vw, 768px\" \/>\n\t\t\t<\/div>\n\t\t\t\t<figcaption class='wp-caption-text gallery-caption' id='gallery-1-1388'>\n\t\t\t\tVersione 1.0.0\n\t\t\t\t<\/figcaption><\/figure><figure class='gallery-item'>\n\t\t\t<div class='gallery-icon portrait'>\n\t\t\t\t<img decoding=\"async\" width=\"768\" height=\"960\" src=\"https:\/\/ulifeneed.com\/wp-content\/uploads\/2025\/11\/073-7-768x960.jpg\" class=\"attachment-medium_large size-medium_large\" alt=\"\" aria-describedby=\"gallery-1-1390\" srcset=\"https:\/\/ulifeneed.com\/wp-content\/uploads\/2025\/11\/073-7-768x960.jpg 768w, https:\/\/ulifeneed.com\/wp-content\/uploads\/2025\/11\/073-7-240x300.jpg 240w, https:\/\/ulifeneed.com\/wp-content\/uploads\/2025\/11\/073-7-819x1024.jpg 819w, https:\/\/ulifeneed.com\/wp-content\/uploads\/2025\/11\/073-7-1229x1536.jpg 1229w, https:\/\/ulifeneed.com\/wp-content\/uploads\/2025\/11\/073-7-600x750.jpg 600w, https:\/\/ulifeneed.com\/wp-content\/uploads\/2025\/11\/073-7.jpg 1600w\" sizes=\"(max-width: 768px) 100vw, 768px\" \/>\n\t\t\t<\/div>\n\t\t\t\t<figcaption class='wp-caption-text gallery-caption' id='gallery-1-1390'>\n\t\t\t\tVersione 1.0.0\n\t\t\t\t<\/figcaption><\/figure><figure class='gallery-item'>\n\t\t\t<div class='gallery-icon portrait'>\n\t\t\t\t<img loading=\"lazy\" decoding=\"async\" width=\"768\" height=\"960\" src=\"https:\/\/ulifeneed.com\/wp-content\/uploads\/2025\/11\/073-6-768x960.jpg\" class=\"attachment-medium_large size-medium_large\" alt=\"\" aria-describedby=\"gallery-1-1389\" srcset=\"https:\/\/ulifeneed.com\/wp-content\/uploads\/2025\/11\/073-6-768x960.jpg 768w, https:\/\/ulifeneed.com\/wp-content\/uploads\/2025\/11\/073-6-240x300.jpg 240w, https:\/\/ulifeneed.com\/wp-content\/uploads\/2025\/11\/073-6-819x1024.jpg 819w, https:\/\/ulifeneed.com\/wp-content\/uploads\/2025\/11\/073-6-1229x1536.jpg 1229w, https:\/\/ulifeneed.com\/wp-content\/uploads\/2025\/11\/073-6-600x750.jpg 600w, https:\/\/ulifeneed.com\/wp-content\/uploads\/2025\/11\/073-6.jpg 1600w\" sizes=\"(max-width: 768px) 100vw, 768px\" \/>\n\t\t\t<\/div>\n\t\t\t\t<figcaption class='wp-caption-text gallery-caption' id='gallery-1-1389'>\n\t\t\t\tVersione 1.0.0\n\t\t\t\t<\/figcaption><\/figure><figure class='gallery-item'>\n\t\t\t<div class='gallery-icon portrait'>\n\t\t\t\t<img loading=\"lazy\" decoding=\"async\" width=\"768\" height=\"960\" src=\"https:\/\/ulifeneed.com\/wp-content\/uploads\/2025\/11\/073-3-768x960.jpg\" class=\"attachment-medium_large size-medium_large\" alt=\"\" aria-describedby=\"gallery-1-1386\" srcset=\"https:\/\/ulifeneed.com\/wp-content\/uploads\/2025\/11\/073-3-768x960.jpg 768w, https:\/\/ulifeneed.com\/wp-content\/uploads\/2025\/11\/073-3-240x300.jpg 240w, https:\/\/ulifeneed.com\/wp-content\/uploads\/2025\/11\/073-3-819x1024.jpg 819w, https:\/\/ulifeneed.com\/wp-content\/uploads\/2025\/11\/073-3-1229x1536.jpg 1229w, https:\/\/ulifeneed.com\/wp-content\/uploads\/2025\/11\/073-3-600x750.jpg 600w, https:\/\/ulifeneed.com\/wp-content\/uploads\/2025\/11\/073-3.jpg 1600w\" sizes=\"(max-width: 768px) 100vw, 768px\" \/>\n\t\t\t<\/div>\n\t\t\t\t<figcaption class='wp-caption-text gallery-caption' id='gallery-1-1386'>\n\t\t\t\tVersione 1.0.0\n\t\t\t\t<\/figcaption><\/figure><figure class='gallery-item'>\n\t\t\t<div class='gallery-icon portrait'>\n\t\t\t\t<img loading=\"lazy\" decoding=\"async\" width=\"768\" height=\"960\" src=\"https:\/\/ulifeneed.com\/wp-content\/uploads\/2025\/11\/073-2-768x960.jpg\" class=\"attachment-medium_large size-medium_large\" alt=\"\" aria-describedby=\"gallery-1-1385\" srcset=\"https:\/\/ulifeneed.com\/wp-content\/uploads\/2025\/11\/073-2-768x960.jpg 768w, https:\/\/ulifeneed.com\/wp-content\/uploads\/2025\/11\/073-2-240x300.jpg 240w, https:\/\/ulifeneed.com\/wp-content\/uploads\/2025\/11\/073-2-819x1024.jpg 819w, https:\/\/ulifeneed.com\/wp-content\/uploads\/2025\/11\/073-2-1229x1536.jpg 1229w, https:\/\/ulifeneed.com\/wp-content\/uploads\/2025\/11\/073-2-600x750.jpg 600w, https:\/\/ulifeneed.com\/wp-content\/uploads\/2025\/11\/073-2.jpg 1600w\" sizes=\"(max-width: 768px) 100vw, 768px\" \/>\n\t\t\t<\/div>\n\t\t\t\t<figcaption class='wp-caption-text gallery-caption' id='gallery-1-1385'>\n\t\t\t\tVersione 1.0.0\n\t\t\t\t<\/figcaption><\/figure>\n\t\t<\/div>\n\t\t<\/div>\n\t\t\t\t\t\t<\/div>\n\t\t\t\t<\/div>\n\t\t\t\t\t<\/div>\n\t\t\t\t<\/div>\n\t\t<div class=\"elementor-element elementor-element-48b475b e-flex e-con-boxed e-con e-parent\" data-id=\"48b475b\" data-element_type=\"container\" data-e-type=\"container\">\n\t\t\t\t\t<div class=\"e-con-inner\">\n\t\t\t\t<div class=\"elementor-element elementor-element-0f74b56 elementor-widget elementor-widget-text-editor\" data-id=\"0f74b56\" data-element_type=\"widget\" data-e-type=\"widget\" data-widget_type=\"text-editor.default\">\n\t\t\t\t<div class=\"elementor-widget-container\">\n\t\t\t\t\t\t\t\t\t<p>In un mondo in cui l'affidabilit\u00e0 e la convenienza sono fondamentali, il mouse wireless Ulifeneed 530 si presenta come la soluzione ideale. Sia che siate in viaggio o in postazione di lavoro, questo mouse garantisce un imballaggio senza sforzo, una connettivit\u00e0 perfetta e una qualit\u00e0 senza compromessi. Provate l'essenza della semplicit\u00e0 plug-and-play con Ulifeneed 530 Wireless Mouse. Non c'\u00e8 bisogno di configurazioni complicate o di installazioni complesse: basta imballarlo, collegarlo e scatenare la sua potenza. La tecnologia wireless a 2,4 GHz, abbinata al ricevitore nano USB, vi offre la comodit\u00e0 di un mouse senza fili. Niente fili, niente limiti: solo una libert\u00e0 senza pari. Quando il comfort incontra l'innovazione, si ottiene il mouse wireless Ulifeneed 530. Scoprite la gioia di un comfort che dura tutto il giorno, grazie al suo design unico e sapientemente sagomato. Grazie all'ergonomia di questo mouse, la mano trover\u00e0 la sua naturale posizione di riposo senza alcuno sforzo. La resistente finitura soft touch aggiunge un tocco di raffinatezza, garantendo comfort e stile in un unico pacchetto. Il mouse wireless Ulifeneed 530 rappresenta l'apice dell'affidabilit\u00e0 e della funzionalit\u00e0. Progettato per essere la vostra scelta preferita, si adatta senza sforzo alle vostre esigenze, garantendo una navigazione fluida e prestazioni ininterrotte. Con il suo aspetto elegante e le sue caratteristiche sofisticate, questo mouse diventa un'estensione della vostra produttivit\u00e0.<\/p>\t\t\t\t\t\t\t\t<\/div>\n\t\t\t\t<\/div>\n\t\t\t\t\t<\/div>\n\t\t\t\t<\/div>\n\t\t<div class=\"elementor-element elementor-element-8c190bd e-flex e-con-boxed e-con e-parent\" data-id=\"8c190bd\" data-element_type=\"container\" data-e-type=\"container\">\n\t\t\t\t\t<div class=\"e-con-inner\">\n\t\t\t\t<div class=\"elementor-element elementor-element-631cdb7 elementor-widget elementor-widget-image-gallery\" data-id=\"631cdb7\" data-element_type=\"widget\" data-e-type=\"widget\" data-widget_type=\"image-gallery.default\">\n\t\t\t\t<div class=\"elementor-widget-container\">\n\t\t\t\t\t\t\t<div class=\"elementor-image-gallery\">\n\t\t\t<div id='gallery-2' class='gallery galleryid-1383 gallery-columns-1 gallery-size-full'><figure class='gallery-item'>\n\t\t\t<div class='gallery-icon landscape'>\n\t\t\t\t<img loading=\"lazy\" decoding=\"async\" width=\"1464\" height=\"600\" src=\"https:\/\/ulifeneed.com\/wp-content\/uploads\/2025\/11\/073.jpg\" class=\"attachment-full size-full\" alt=\"\" srcset=\"https:\/\/ulifeneed.com\/wp-content\/uploads\/2025\/11\/073.jpg 1464w, https:\/\/ulifeneed.com\/wp-content\/uploads\/2025\/11\/073-300x123.jpg 300w, https:\/\/ulifeneed.com\/wp-content\/uploads\/2025\/11\/073-1024x420.jpg 1024w, https:\/\/ulifeneed.com\/wp-content\/uploads\/2025\/11\/073-768x315.jpg 768w, https:\/\/ulifeneed.com\/wp-content\/uploads\/2025\/11\/073-600x246.jpg 600w\" sizes=\"(max-width: 1464px) 100vw, 1464px\" \/>\n\t\t\t<\/div><\/figure>\n\t\t<\/div>\n\t\t<\/div>\n\t\t\t\t\t\t<\/div>\n\t\t\t\t<\/div>\n\t\t\t\t\t<\/div>\n\t\t\t\t<\/div>\n\t\t\t\t<\/div>","protected":false},"excerpt":{"rendered":"<h2>530 Mouse wireless - Mouse completo per PC, laptop, computer Windows - Ricevitore USB nano a 2,4 GHz - Design ambidestro - Durata della batteria di 12 mesi - Senza fili<\/h2>\n<p>Colore: nero corvino<br \/>\nTecnologia di connettivit\u00e0: USB<br \/>\nCaratteristica speciale: Leggero, senza fili<br \/>\nTecnologia di rilevamento del movimento: Ottico<\/p>","protected":false},"featured_media":1384,"comment_status":"open","ping_status":"closed","template":"","meta":{"site-sidebar-layout":"no-sidebar","site-content-layout":"page-builder","ast-site-content-layout":"normal-width-container","site-content-style":"default","site-sidebar-style":"default","ast-global-header-display":"","ast-banner-title-visibility":"","ast-main-header-display":"","ast-hfb-above-header-display":"","ast-hfb-below-header-display":"","ast-hfb-mobile-header-display":"","site-post-title":"","ast-breadcrumbs-content":"","ast-featured-img":"disabled","footer-sml-layout":"","theme-transparent-header-meta":"default","adv-header-id-meta":"","stick-header-meta":"","header-above-stick-meta":"","header-main-stick-meta":"","header-below-stick-meta":"","astra-migrate-meta-layouts":"set","ast-page-background-enabled":"default","ast-page-background-meta":{"desktop":{"background-color":"","background-image":"","background-repeat":"repeat","background-position":"center center","background-size":"auto","background-attachment":"scroll","background-type":"","background-media":"","overlay-type":"","overlay-color":"","overlay-opacity":"","overlay-gradient":""},"tablet":{"background-color":"","background-image":"","background-repeat":"repeat","background-position":"center center","background-size":"auto","background-attachment":"scroll","background-type":"","background-media":"","overlay-type":"","overlay-color":"","overlay-opacity":"","overlay-gradient":""},"mobile":{"background-color":"","background-image":"","background-repeat":"repeat","background-position":"center center","background-size":"auto","background-attachment":"scroll","background-type":"","background-media":"","overlay-type":"","overlay-color":"","overlay-opacity":"","overlay-gradient":""}},"ast-content-background-meta":{"desktop":{"background-color":"var(--ast-global-color-5)","background-image":"","background-repeat":"repeat","background-position":"center center","background-size":"auto","background-attachment":"scroll","background-type":"","background-media":"","overlay-type":"","overlay-color":"","overlay-opacity":"","overlay-gradient":""},"tablet":{"background-color":"var(--ast-global-color-5)","background-image":"","background-repeat":"repeat","background-position":"center center","background-size":"auto","background-attachment":"scroll","background-type":"","background-media":"","overlay-type":"","overlay-color":"","overlay-opacity":"","overlay-gradient":""},"mobile":{"background-color":"var(--ast-global-color-5)","background-image":"","background-repeat":"repeat","background-position":"center center","background-size":"auto","background-attachment":"scroll","background-type":"","background-media":"","overlay-type":"","overlay-color":"","overlay-opacity":"","overlay-gradient":""}}},"product_brand":[],"product_cat":[30,15],"product_tag":[],"class_list":{"0":"post-1383","1":"product","2":"type-product","3":"status-publish","4":"has-post-thumbnail","6":"product_cat-computer-mice","7":"product_cat-3c-electronic-products","8":"desktop-align-left","9":"tablet-align-left","10":"mobile-align-left","12":"first","13":"instock","14":"sale","15":"shipping-taxable","16":"purchasable","17":"product-type-simple"},"_links":{"self":[{"href":"https:\/\/ulifeneed.com\/it\/wp-json\/wp\/v2\/product\/1383","targetHints":{"allow":["GET"]}}],"collection":[{"href":"https:\/\/ulifeneed.com\/it\/wp-json\/wp\/v2\/product"}],"about":[{"href":"https:\/\/ulifeneed.com\/it\/wp-json\/wp\/v2\/types\/product"}],"replies":[{"embeddable":true,"href":"https:\/\/ulifeneed.com\/it\/wp-json\/wp\/v2\/comments?post=1383"}],"version-history":[{"count":5,"href":"https:\/\/ulifeneed.com\/it\/wp-json\/wp\/v2\/product\/1383\/revisions"}],"predecessor-version":[{"id":1517,"href":"https:\/\/ulifeneed.com\/it\/wp-json\/wp\/v2\/product\/1383\/revisions\/1517"}],"wp:featuredmedia":[{"embeddable":true,"href":"https:\/\/ulifeneed.com\/it\/wp-json\/wp\/v2\/media\/1384"}],"wp:attachment":[{"href":"https:\/\/ulifeneed.com\/it\/wp-json\/wp\/v2\/media?parent=1383"}],"wp:term":[{"taxonomy":"product_brand","embeddable":true,"href":"https:\/\/ulifeneed.com\/it\/wp-json\/wp\/v2\/product_brand?post=1383"},{"taxonomy":"product_cat","embeddable":true,"href":"https:\/\/ulifeneed.com\/it\/wp-json\/wp\/v2\/product_cat?post=1383"},{"taxonomy":"product_tag","embeddable":true,"href":"https:\/\/ulifeneed.com\/it\/wp-json\/wp\/v2\/product_tag?post=1383"}],"curies":[{"name":"wp","href":"https:\/\/api.w.org\/{rel}","templated":true}]}}