{"id":1239,"date":"2025-11-07T08:11:55","date_gmt":"2025-11-07T08:11:55","guid":{"rendered":"https:\/\/ulifeneed.com\/?post_type=product&#038;p=1239"},"modified":"2025-11-28T04:51:05","modified_gmt":"2025-11-28T04:51:05","slug":"tastiera-stream-cablata-usb-sx-meccanismo-a-forbice","status":"publish","type":"product","link":"https:\/\/ulifeneed.com\/it\/product\/stream-keyboard-wired-usb-sx-scissors-mechanism\/","title":{"rendered":"Tastiera Stream Wired USB SX Meccanismo a forbice QWERTY Whisper-Quiet Silent Keystroke per l'ufficio, il lavoro o il personal computer. Nero"},"content":{"rendered":"<div data-elementor-type=\"wp-post\" data-elementor-id=\"1239\" class=\"elementor elementor-1239\">\n\t\t\t\t<div class=\"elementor-element elementor-element-7ab7465 e-flex e-con-boxed e-con e-parent\" data-id=\"7ab7465\" data-element_type=\"container\" data-e-type=\"container\">\n\t\t\t\t\t<div class=\"e-con-inner\">\n\t\t\t\t<div class=\"elementor-element elementor-element-01349a5 elementor-widget elementor-widget-text-editor\" data-id=\"01349a5\" data-element_type=\"widget\" data-e-type=\"widget\" data-widget_type=\"text-editor.default\">\n\t\t\t\t<div class=\"elementor-widget-container\">\n\t\t\t\t\t\t\t\t\t<p>1.lavoro a portata di mano: pressione dei tasti silenziosa, esperienza di digitazione imbattibile<\/p><p>2.highest qualit\u00e0: etichetta chiave durevole, in-house sx meccanismo a forbice, etichetta ambientale angelo blu<\/p><p>3. comfort per l'utente: 3 indicatori di stato integrati, perfetta resistenza allo scivolamento, 10 tasti office e multimediali<\/p><p>4.design moderno: altezza piatta, focalizzata sull'essenziale, approvazione Gs. Tecnologia di connettivit\u00e0: USB<\/p><p>5. Imprenditorialit\u00e0 americana e ingegneria tedesca. Oggi ulifeneed \u00e8 considerata l'emblema della qualit\u00e0, dell'innovazione, del design e della sostenibilit\u00e0. Una sensazione unica.<\/p>\t\t\t\t\t\t\t\t<\/div>\n\t\t\t\t<\/div>\n\t\t\t\t\t<\/div>\n\t\t\t\t<\/div>\n\t\t<div class=\"elementor-element elementor-element-86893d4 e-flex e-con-boxed e-con e-parent\" data-id=\"86893d4\" data-element_type=\"container\" data-e-type=\"container\">\n\t\t\t\t\t<div class=\"e-con-inner\">\n\t\t\t\t<div class=\"elementor-element elementor-element-8714e9f elementor-widget elementor-widget-image-gallery\" data-id=\"8714e9f\" data-element_type=\"widget\" data-e-type=\"widget\" data-widget_type=\"image-gallery.default\">\n\t\t\t\t<div class=\"elementor-widget-container\">\n\t\t\t\t\t\t\t<div class=\"elementor-image-gallery\">\n\t\t\t\n<img fetchpriority=\"high\" decoding=\"async\" width=\"768\" height=\"768\" src=\"https:\/\/ulifeneed.com\/wp-content\/uploads\/2025\/11\/052-7-768x768.jpg\" class=\"attachment-medium_large size-medium_large\" alt=\"\" ids=\"1246,1247,1248\" size=\"medium_large\" columns=\"3\" link=\"none\" orderby=\"post__in\" include=\"1246,1247,1248\" srcset=\"https:\/\/ulifeneed.com\/wp-content\/uploads\/2025\/11\/052-7-768x768.jpg 768w, https:\/\/ulifeneed.com\/wp-content\/uploads\/2025\/11\/052-7-300x300.jpg 300w, https:\/\/ulifeneed.com\/wp-content\/uploads\/2025\/11\/052-7-150x150.jpg 150w, https:\/\/ulifeneed.com\/wp-content\/uploads\/2025\/11\/052-7-600x600.jpg 600w, https:\/\/ulifeneed.com\/wp-content\/uploads\/2025\/11\/052-7-100x100.jpg 100w, https:\/\/ulifeneed.com\/wp-content\/uploads\/2025\/11\/052-7.jpg 1000w\" sizes=\"(max-width: 768px) 100vw, 768px\" \/>\n<img decoding=\"async\" width=\"768\" height=\"768\" src=\"https:\/\/ulifeneed.com\/wp-content\/uploads\/2025\/11\/052-8-768x768.jpg\" class=\"attachment-medium_large size-medium_large\" alt=\"\" ids=\"1246,1247,1248\" size=\"medium_large\" columns=\"3\" link=\"none\" orderby=\"post__in\" include=\"1246,1247,1248\" srcset=\"https:\/\/ulifeneed.com\/wp-content\/uploads\/2025\/11\/052-8-768x768.jpg 768w, https:\/\/ulifeneed.com\/wp-content\/uploads\/2025\/11\/052-8-300x300.jpg 300w, https:\/\/ulifeneed.com\/wp-content\/uploads\/2025\/11\/052-8-150x150.jpg 150w, https:\/\/ulifeneed.com\/wp-content\/uploads\/2025\/11\/052-8-600x600.jpg 600w, https:\/\/ulifeneed.com\/wp-content\/uploads\/2025\/11\/052-8-100x100.jpg 100w, https:\/\/ulifeneed.com\/wp-content\/uploads\/2025\/11\/052-8.jpg 1000w\" sizes=\"(max-width: 768px) 100vw, 768px\" \/>\n<img decoding=\"async\" width=\"768\" height=\"768\" src=\"https:\/\/ulifeneed.com\/wp-content\/uploads\/2025\/11\/052-9-768x768.jpg\" class=\"attachment-medium_large size-medium_large\" alt=\"\" ids=\"1246,1247,1248\" size=\"medium_large\" columns=\"3\" link=\"none\" orderby=\"post__in\" include=\"1246,1247,1248\" srcset=\"https:\/\/ulifeneed.com\/wp-content\/uploads\/2025\/11\/052-9-768x768.jpg 768w, https:\/\/ulifeneed.com\/wp-content\/uploads\/2025\/11\/052-9-300x300.jpg 300w, https:\/\/ulifeneed.com\/wp-content\/uploads\/2025\/11\/052-9-150x150.jpg 150w, https:\/\/ulifeneed.com\/wp-content\/uploads\/2025\/11\/052-9-600x600.jpg 600w, https:\/\/ulifeneed.com\/wp-content\/uploads\/2025\/11\/052-9-100x100.jpg 100w, https:\/\/ulifeneed.com\/wp-content\/uploads\/2025\/11\/052-9.jpg 1000w\" sizes=\"(max-width: 768px) 100vw, 768px\" \/>\n\t\t<\/div>\n\t\t\t\t\t\t<\/div>\n\t\t\t\t<\/div>\n\t\t\t\t\t<\/div>\n\t\t\t\t<\/div>\n\t\t<div class=\"elementor-element elementor-element-48b475b e-flex e-con-boxed e-con e-parent\" data-id=\"48b475b\" data-element_type=\"container\" data-e-type=\"container\">\n\t\t\t\t\t<div class=\"e-con-inner\">\n\t\t\t\t<div class=\"elementor-element elementor-element-0f74b56 elementor-widget elementor-widget-text-editor\" data-id=\"0f74b56\" data-element_type=\"widget\" data-e-type=\"widget\" data-widget_type=\"text-editor.default\">\n\t\t\t\t<div class=\"elementor-widget-container\">\n\t\t\t\t\t\t\t\t\t<p>Siete alla ricerca di un compagno affidabile che non vi deluda n\u00e9 al lavoro n\u00e9 a casa? La TASTIERA STREAM di ulifeneed \u00e8 la scelta perfetta.<\/p><p>La tastiera a cavo \u00e8 particolarmente convincente grazie al meccanismo a forbice ulifeneed SX di alta qualit\u00e0. Questo garantisce un'eccellente sensazione tattile di digitazione ed \u00e8 particolarmente preciso. Il volume della digitazione sulla tastiera USB \u00e8 stato ulteriormente ridotto rispetto al modello precedente. Ci\u00f2 rende la tastiera per PC la prima scelta se si ama scrivere in modo silenzioso.<\/p><p>Grazie alla piastra metallica integrata e agli otto cuscinetti di gomma sul lato inferiore, la STREAM KEYBOARD ottiene una rigidit\u00e0 torsionale, una stabilit\u00e0 e una durata ideali.<\/p><p>L'etichetta dei tasti, di facile lettura, \u00e8 resistente all'abrasione e rimane quindi leggibile anche dopo molto tempo. La tastiera Office Keyboard dispone anche di dieci pratici tasti aggiuntivi per l'ufficio e il multimedia: Controllo del volume, blocco di Windows, avvio della calcolatrice, ecc. Tre LED di stato integrati direttamente nei rispettivi tasti mostrano a colpo d'occhio se CAPS LOCK, NUM e SCROLL sono attivati.<\/p><p>La tastiera ha il sigillo GS \u201cSicurezza testata\u201d. Questo certifica che \u00e8 conforme a tutte le direttive e ai regolamenti europei in materia di protezione della salute. Inoltre, il sigillo GS significa che si pu\u00f2 essere certi che per questa tastiera viene utilizzato un layout standard. Con il riconoscimento \u201cBlue Angel\u201d, la TASTIERA STREAM ulifeneed soddisfa i requisiti in materia di ambiente, salute e utilizzo. Ci\u00f2 significa che, dalla fase di produzione fino al dispositivo stesso, l'impatto sull'acqua, sul suolo, sull'aria e sull'ambiente nel suo complesso \u00e8 minimo.<\/p><p>Scoprite la tastiera per computer \u201culifeneed STREAM KEYBOARD\u201d - perfetta per chi scrive spesso e ha le massime esigenze in termini di qualit\u00e0 e sensazione di digitazione!<\/p>\t\t\t\t\t\t\t\t<\/div>\n\t\t\t\t<\/div>\n\t\t\t\t\t<\/div>\n\t\t\t\t<\/div>\n\t\t<div class=\"elementor-element elementor-element-8c190bd e-flex e-con-boxed e-con e-parent\" data-id=\"8c190bd\" data-element_type=\"container\" data-e-type=\"container\">\n\t\t\t\t\t<div class=\"e-con-inner\">\n\t\t\t\t<div class=\"elementor-element elementor-element-631cdb7 elementor-widget elementor-widget-image-gallery\" data-id=\"631cdb7\" data-element_type=\"widget\" data-e-type=\"widget\" data-widget_type=\"image-gallery.default\">\n\t\t\t\t<div class=\"elementor-widget-container\">\n\t\t\t\t\t\t\t<div class=\"elementor-image-gallery\">\n\t\t\t\n<img loading=\"lazy\" decoding=\"async\" width=\"1000\" height=\"1000\" src=\"https:\/\/ulifeneed.com\/wp-content\/uploads\/2025\/11\/052-4.jpg\" class=\"attachment-full size-full\" alt=\"\" ids=\"1243,1242,1241,1245\" size=\"full\" columns=\"1\" link=\"none\" orderby=\"post__in\" include=\"1243,1242,1241,1245\" srcset=\"https:\/\/ulifeneed.com\/wp-content\/uploads\/2025\/11\/052-4.jpg 1000w, https:\/\/ulifeneed.com\/wp-content\/uploads\/2025\/11\/052-4-300x300.jpg 300w, https:\/\/ulifeneed.com\/wp-content\/uploads\/2025\/11\/052-4-150x150.jpg 150w, https:\/\/ulifeneed.com\/wp-content\/uploads\/2025\/11\/052-4-768x768.jpg 768w, https:\/\/ulifeneed.com\/wp-content\/uploads\/2025\/11\/052-4-600x600.jpg 600w, https:\/\/ulifeneed.com\/wp-content\/uploads\/2025\/11\/052-4-100x100.jpg 100w\" sizes=\"(max-width: 1000px) 100vw, 1000px\" \/>\n<img loading=\"lazy\" decoding=\"async\" width=\"1000\" height=\"667\" src=\"https:\/\/ulifeneed.com\/wp-content\/uploads\/2025\/11\/052-3.jpg\" class=\"attachment-full size-full\" alt=\"\" ids=\"1243,1242,1241,1245\" size=\"full\" columns=\"1\" link=\"none\" orderby=\"post__in\" include=\"1243,1242,1241,1245\" srcset=\"https:\/\/ulifeneed.com\/wp-content\/uploads\/2025\/11\/052-3.jpg 1000w, https:\/\/ulifeneed.com\/wp-content\/uploads\/2025\/11\/052-3-300x200.jpg 300w, https:\/\/ulifeneed.com\/wp-content\/uploads\/2025\/11\/052-3-768x512.jpg 768w, https:\/\/ulifeneed.com\/wp-content\/uploads\/2025\/11\/052-3-600x400.jpg 600w\" sizes=\"(max-width: 1000px) 100vw, 1000px\" \/>\n<img loading=\"lazy\" decoding=\"async\" width=\"1000\" height=\"667\" src=\"https:\/\/ulifeneed.com\/wp-content\/uploads\/2025\/11\/052-2.jpg\" class=\"attachment-full size-full\" alt=\"\" ids=\"1243,1242,1241,1245\" size=\"full\" columns=\"1\" link=\"none\" orderby=\"post__in\" include=\"1243,1242,1241,1245\" srcset=\"https:\/\/ulifeneed.com\/wp-content\/uploads\/2025\/11\/052-2.jpg 1000w, https:\/\/ulifeneed.com\/wp-content\/uploads\/2025\/11\/052-2-300x200.jpg 300w, https:\/\/ulifeneed.com\/wp-content\/uploads\/2025\/11\/052-2-768x512.jpg 768w, https:\/\/ulifeneed.com\/wp-content\/uploads\/2025\/11\/052-2-600x400.jpg 600w\" sizes=\"(max-width: 1000px) 100vw, 1000px\" \/>\n<img loading=\"lazy\" decoding=\"async\" width=\"1000\" height=\"1000\" src=\"https:\/\/ulifeneed.com\/wp-content\/uploads\/2025\/11\/052-6.jpg\" class=\"attachment-full size-full\" alt=\"\" ids=\"1243,1242,1241,1245\" size=\"full\" columns=\"1\" link=\"none\" orderby=\"post__in\" include=\"1243,1242,1241,1245\" srcset=\"https:\/\/ulifeneed.com\/wp-content\/uploads\/2025\/11\/052-6.jpg 1000w, https:\/\/ulifeneed.com\/wp-content\/uploads\/2025\/11\/052-6-300x300.jpg 300w, https:\/\/ulifeneed.com\/wp-content\/uploads\/2025\/11\/052-6-150x150.jpg 150w, https:\/\/ulifeneed.com\/wp-content\/uploads\/2025\/11\/052-6-768x768.jpg 768w, https:\/\/ulifeneed.com\/wp-content\/uploads\/2025\/11\/052-6-600x600.jpg 600w, https:\/\/ulifeneed.com\/wp-content\/uploads\/2025\/11\/052-6-100x100.jpg 100w\" sizes=\"(max-width: 1000px) 100vw, 1000px\" \/>\n\t\t<\/div>\n\t\t\t\t\t\t<\/div>\n\t\t\t\t<\/div>\n\t\t\t\t\t<\/div>\n\t\t\t\t<\/div>\n\t\t\t\t<\/div>","protected":false},"excerpt":{"rendered":"<h2>Tastiera Stream Wired USB SX Meccanismo a forbice QWERTY Whisper-Quiet Silent Keystroke per l'ufficio, il lavoro o il personal computer. Nero<\/h2>\n<p>Dispositivi compatibili: Computer portatile, PC<br \/>\nTecnologia di connettivit\u00e0: USB-A<br \/>\nDescrizione della tastiera: tattile<br \/>\nUsi consigliati per il prodotto: Affari, istruzione, personale<br \/>\nCaratteristica speciale: Corsa ergonomica e silenziosa<br \/>\nColore: nero<br \/>\nSupporto del colore della retroilluminazione della tastiera: Colore singolo<br \/>\nStile: Classico<br \/>\nDimensioni del prodotto: 18,23\u2033L x 6,42\u2033L x 0,71\u2033H<\/p>","protected":false},"featured_media":1240,"comment_status":"open","ping_status":"closed","template":"","meta":{"site-sidebar-layout":"no-sidebar","site-content-layout":"page-builder","ast-site-content-layout":"normal-width-container","site-content-style":"default","site-sidebar-style":"default","ast-global-header-display":"","ast-banner-title-visibility":"","ast-main-header-display":"","ast-hfb-above-header-display":"","ast-hfb-below-header-display":"","ast-hfb-mobile-header-display":"","site-post-title":"","ast-breadcrumbs-content":"","ast-featured-img":"disabled","footer-sml-layout":"","theme-transparent-header-meta":"default","adv-header-id-meta":"","stick-header-meta":"","header-above-stick-meta":"","header-main-stick-meta":"","header-below-stick-meta":"","astra-migrate-meta-layouts":"set","ast-page-background-enabled":"default","ast-page-background-meta":{"desktop":{"background-color":"","background-image":"","background-repeat":"repeat","background-position":"center center","background-size":"auto","background-attachment":"scroll","background-type":"","background-media":"","overlay-type":"","overlay-color":"","overlay-opacity":"","overlay-gradient":""},"tablet":{"background-color":"","background-image":"","background-repeat":"repeat","background-position":"center center","background-size":"auto","background-attachment":"scroll","background-type":"","background-media":"","overlay-type":"","overlay-color":"","overlay-opacity":"","overlay-gradient":""},"mobile":{"background-color":"","background-image":"","background-repeat":"repeat","background-position":"center center","background-size":"auto","background-attachment":"scroll","background-type":"","background-media":"","overlay-type":"","overlay-color":"","overlay-opacity":"","overlay-gradient":""}},"ast-content-background-meta":{"desktop":{"background-color":"var(--ast-global-color-5)","background-image":"","background-repeat":"repeat","background-position":"center center","background-size":"auto","background-attachment":"scroll","background-type":"","background-media":"","overlay-type":"","overlay-color":"","overlay-opacity":"","overlay-gradient":""},"tablet":{"background-color":"var(--ast-global-color-5)","background-image":"","background-repeat":"repeat","background-position":"center center","background-size":"auto","background-attachment":"scroll","background-type":"","background-media":"","overlay-type":"","overlay-color":"","overlay-opacity":"","overlay-gradient":""},"mobile":{"background-color":"var(--ast-global-color-5)","background-image":"","background-repeat":"repeat","background-position":"center center","background-size":"auto","background-attachment":"scroll","background-type":"","background-media":"","overlay-type":"","overlay-color":"","overlay-opacity":"","overlay-gradient":""}}},"product_brand":[],"product_cat":[32,15],"product_tag":[],"class_list":{"0":"post-1239","1":"product","2":"type-product","3":"status-publish","4":"has-post-thumbnail","6":"product_cat-computer-keyboards","7":"product_cat-3c-electronic-products","8":"desktop-align-left","9":"tablet-align-left","10":"mobile-align-left","12":"first","13":"instock","14":"sale","15":"shipping-taxable","16":"purchasable","17":"product-type-simple"},"_links":{"self":[{"href":"https:\/\/ulifeneed.com\/it\/wp-json\/wp\/v2\/product\/1239","targetHints":{"allow":["GET"]}}],"collection":[{"href":"https:\/\/ulifeneed.com\/it\/wp-json\/wp\/v2\/product"}],"about":[{"href":"https:\/\/ulifeneed.com\/it\/wp-json\/wp\/v2\/types\/product"}],"replies":[{"embeddable":true,"href":"https:\/\/ulifeneed.com\/it\/wp-json\/wp\/v2\/comments?post=1239"}],"version-history":[{"count":6,"href":"https:\/\/ulifeneed.com\/it\/wp-json\/wp\/v2\/product\/1239\/revisions"}],"predecessor-version":[{"id":1513,"href":"https:\/\/ulifeneed.com\/it\/wp-json\/wp\/v2\/product\/1239\/revisions\/1513"}],"wp:featuredmedia":[{"embeddable":true,"href":"https:\/\/ulifeneed.com\/it\/wp-json\/wp\/v2\/media\/1240"}],"wp:attachment":[{"href":"https:\/\/ulifeneed.com\/it\/wp-json\/wp\/v2\/media?parent=1239"}],"wp:term":[{"taxonomy":"product_brand","embeddable":true,"href":"https:\/\/ulifeneed.com\/it\/wp-json\/wp\/v2\/product_brand?post=1239"},{"taxonomy":"product_cat","embeddable":true,"href":"https:\/\/ulifeneed.com\/it\/wp-json\/wp\/v2\/product_cat?post=1239"},{"taxonomy":"product_tag","embeddable":true,"href":"https:\/\/ulifeneed.com\/it\/wp-json\/wp\/v2\/product_tag?post=1239"}],"curies":[{"name":"wp","href":"https:\/\/api.w.org\/{rel}","templated":true}]}}