{"id":1216,"date":"2025-11-07T07:57:59","date_gmt":"2025-11-07T07:57:59","guid":{"rendered":"https:\/\/ulifeneed.com\/?post_type=product&#038;p=1216"},"modified":"2025-11-28T04:50:58","modified_gmt":"2025-11-28T04:50:58","slug":"mk98-tastiera-wireless-2-4g-tastiera-ergonomica-del-computer","status":"publish","type":"product","link":"https:\/\/ulifeneed.com\/it\/product\/mk98-wireless-keyboard-2-4g-ergonomic-computer-keyboard\/","title":{"rendered":"Tastiera wireless MK98, ergonomica 2.4G, tastiera per computer, indicatore luminoso ingrandito, tastiera PC full size con tastierino numerico per laptop, desktop, Surface, Chromebook, notebook, nero"},"content":{"rendered":"<div data-elementor-type=\"wp-post\" data-elementor-id=\"1216\" class=\"elementor elementor-1216\">\n\t\t\t\t<div class=\"elementor-element elementor-element-7ab7465 e-flex e-con-boxed e-con e-parent\" data-id=\"7ab7465\" data-element_type=\"container\" data-e-type=\"container\">\n\t\t\t\t\t<div class=\"e-con-inner\">\n\t\t\t\t<div class=\"elementor-element elementor-element-01349a5 elementor-widget elementor-widget-text-editor\" data-id=\"01349a5\" data-element_type=\"widget\" data-e-type=\"widget\" data-widget_type=\"text-editor.default\">\n\t\t\t\t<div class=\"elementor-widget-container\">\n\t\t\t\t\t\t\t\t\t<p>1. GODIMENTO MARVABILE DI PATTINAGGIO: Il design stretto, moderno ed ergonomico con gambe di inclinazione regolabili in altezza di 8 \u00b0 d\u00e0 la vostra impostazione la giusta quantit\u00e0 di bordo, e il poggiapolsi integrato relelives il tired.Plug and play, basta semplicemente impostare la tastiera wireless.Open il computer e collegare il ricevitore usb (non fortget accendere il pulsante di interruttore della tastiera wireless).<\/p><p>2.DIMENSIONE PIENA ECCELLENTE: ogni tasto a basso profilo della tastiera wireless consente una maggiore stabilit\u00e0, mentre la corsa ottimizzata dei tasti offre un'esperienza di digitazione comoda e precisa. Le 12 scorciatoie multimediali semplificano notevolmente il lavoro e consentono di concentrarsi maggiormente sull'attivit\u00e0 da svolgere.Il tastierino numerico \u00e8 ottimo anche per i fogli di calcolo e le applicazioni finanziarie.Note: 12 scorciatoie di facile accesso non sono compatibili con Mac.<\/p><p>3.CONNESSIONE SENZA IMPEGNI: Dimenticatevi di cadute e ritardi grazie a una connessione wireless 2.4G forte e affidabile con una portata fino a 10 m (33 piedi). Non sono necessari altri driver o opzioni. Accoppia il computer alla tastiera wireless senza interruzioni.<\/p><p>4. RISPARMIO ENERGETICO DOVUTO: richiede solo batterie alcaline AAA da 1,5 V (non incluse). La durata delle batterie, fino a 16 mesi, elimina il fastidio di sostituirle frequentemente, grazie al pratico interruttore on\/off e alla tecnologia di risparmio energetico che ne preservano la durata.<\/p><p>5.NO DISTURBARE TROPPO \uff1aCon la struzione dei tasti a cratere, la tastiera del computer pu\u00f2 ridurre notevolmente il rumore con una corsa dei tasti di soli 3 mm.Non preoccupatevi mai di disturbare gli altri ovunque andiate.Buon tempo per l'ufficio, la casa, i viaggi, il tempo del caff\u00e8.<\/p>\t\t\t\t\t\t\t\t<\/div>\n\t\t\t\t<\/div>\n\t\t\t\t\t<\/div>\n\t\t\t\t<\/div>\n\t\t<div class=\"elementor-element elementor-element-86893d4 e-flex e-con-boxed e-con e-parent\" data-id=\"86893d4\" data-element_type=\"container\" data-e-type=\"container\">\n\t\t\t\t\t<div class=\"e-con-inner\">\n\t\t\t\t<div class=\"elementor-element elementor-element-8714e9f elementor-widget elementor-widget-image-gallery\" data-id=\"8714e9f\" data-element_type=\"widget\" data-e-type=\"widget\" data-widget_type=\"image-gallery.default\">\n\t\t\t\t<div class=\"elementor-widget-container\">\n\t\t\t\t\t\t\t<div class=\"elementor-image-gallery\">\n\t\t\t\n<img fetchpriority=\"high\" decoding=\"async\" width=\"300\" height=\"300\" src=\"https:\/\/ulifeneed.com\/wp-content\/uploads\/2025\/11\/050-9.jpg\" class=\"attachment-medium_large size-medium_large\" alt=\"\" ids=\"1226,1221,1222,1223,1233,1232,1231,1230,1224\" size=\"medium_large\" columns=\"3\" link=\"none\" orderby=\"post__in\" include=\"1226,1221,1222,1223,1233,1232,1231,1230,1224\" srcset=\"https:\/\/ulifeneed.com\/wp-content\/uploads\/2025\/11\/050-9.jpg 300w, https:\/\/ulifeneed.com\/wp-content\/uploads\/2025\/11\/050-9-150x150.jpg 150w, https:\/\/ulifeneed.com\/wp-content\/uploads\/2025\/11\/050-9-100x100.jpg 100w\" sizes=\"(max-width: 300px) 100vw, 300px\" \/>\n<img decoding=\"async\" width=\"768\" height=\"768\" src=\"https:\/\/ulifeneed.com\/wp-content\/uploads\/2025\/11\/050-4-1-768x768.jpg\" class=\"attachment-medium_large size-medium_large\" alt=\"\" ids=\"1226,1221,1222,1223,1233,1232,1231,1230,1224\" size=\"medium_large\" columns=\"3\" link=\"none\" orderby=\"post__in\" include=\"1226,1221,1222,1223,1233,1232,1231,1230,1224\" srcset=\"https:\/\/ulifeneed.com\/wp-content\/uploads\/2025\/11\/050-4-1-768x768.jpg 768w, https:\/\/ulifeneed.com\/wp-content\/uploads\/2025\/11\/050-4-1-300x300.jpg 300w, https:\/\/ulifeneed.com\/wp-content\/uploads\/2025\/11\/050-4-1-150x150.jpg 150w, https:\/\/ulifeneed.com\/wp-content\/uploads\/2025\/11\/050-4-1-600x600.jpg 600w, https:\/\/ulifeneed.com\/wp-content\/uploads\/2025\/11\/050-4-1-100x100.jpg 100w, https:\/\/ulifeneed.com\/wp-content\/uploads\/2025\/11\/050-4-1.jpg 1000w\" sizes=\"(max-width: 768px) 100vw, 768px\" \/>\n<img decoding=\"async\" width=\"768\" height=\"768\" src=\"https:\/\/ulifeneed.com\/wp-content\/uploads\/2025\/11\/050-5-768x768.jpg\" class=\"attachment-medium_large size-medium_large\" alt=\"\" ids=\"1226,1221,1222,1223,1233,1232,1231,1230,1224\" size=\"medium_large\" columns=\"3\" link=\"none\" orderby=\"post__in\" include=\"1226,1221,1222,1223,1233,1232,1231,1230,1224\" srcset=\"https:\/\/ulifeneed.com\/wp-content\/uploads\/2025\/11\/050-5-768x768.jpg 768w, https:\/\/ulifeneed.com\/wp-content\/uploads\/2025\/11\/050-5-300x300.jpg 300w, https:\/\/ulifeneed.com\/wp-content\/uploads\/2025\/11\/050-5-150x150.jpg 150w, https:\/\/ulifeneed.com\/wp-content\/uploads\/2025\/11\/050-5-600x600.jpg 600w, https:\/\/ulifeneed.com\/wp-content\/uploads\/2025\/11\/050-5-100x100.jpg 100w, https:\/\/ulifeneed.com\/wp-content\/uploads\/2025\/11\/050-5.jpg 1000w\" sizes=\"(max-width: 768px) 100vw, 768px\" \/>\n<img loading=\"lazy\" decoding=\"async\" width=\"768\" height=\"768\" src=\"https:\/\/ulifeneed.com\/wp-content\/uploads\/2025\/11\/050-6-768x768.jpg\" class=\"attachment-medium_large size-medium_large\" alt=\"\" ids=\"1226,1221,1222,1223,1233,1232,1231,1230,1224\" size=\"medium_large\" columns=\"3\" link=\"none\" orderby=\"post__in\" include=\"1226,1221,1222,1223,1233,1232,1231,1230,1224\" srcset=\"https:\/\/ulifeneed.com\/wp-content\/uploads\/2025\/11\/050-6-768x768.jpg 768w, https:\/\/ulifeneed.com\/wp-content\/uploads\/2025\/11\/050-6-300x300.jpg 300w, https:\/\/ulifeneed.com\/wp-content\/uploads\/2025\/11\/050-6-150x150.jpg 150w, https:\/\/ulifeneed.com\/wp-content\/uploads\/2025\/11\/050-6-600x600.jpg 600w, https:\/\/ulifeneed.com\/wp-content\/uploads\/2025\/11\/050-6-100x100.jpg 100w, https:\/\/ulifeneed.com\/wp-content\/uploads\/2025\/11\/050-6.jpg 1000w\" sizes=\"(max-width: 768px) 100vw, 768px\" \/>\n<img loading=\"lazy\" decoding=\"async\" width=\"300\" height=\"300\" src=\"https:\/\/ulifeneed.com\/wp-content\/uploads\/2025\/11\/050-16.jpg\" class=\"attachment-medium_large size-medium_large\" alt=\"\" ids=\"1226,1221,1222,1223,1233,1232,1231,1230,1224\" size=\"medium_large\" columns=\"3\" link=\"none\" orderby=\"post__in\" include=\"1226,1221,1222,1223,1233,1232,1231,1230,1224\" srcset=\"https:\/\/ulifeneed.com\/wp-content\/uploads\/2025\/11\/050-16.jpg 300w, https:\/\/ulifeneed.com\/wp-content\/uploads\/2025\/11\/050-16-150x150.jpg 150w, https:\/\/ulifeneed.com\/wp-content\/uploads\/2025\/11\/050-16-100x100.jpg 100w\" sizes=\"(max-width: 300px) 100vw, 300px\" \/>\n<img loading=\"lazy\" decoding=\"async\" width=\"300\" height=\"300\" src=\"https:\/\/ulifeneed.com\/wp-content\/uploads\/2025\/11\/050-15.jpg\" class=\"attachment-medium_large size-medium_large\" alt=\"\" ids=\"1226,1221,1222,1223,1233,1232,1231,1230,1224\" size=\"medium_large\" columns=\"3\" link=\"none\" orderby=\"post__in\" include=\"1226,1221,1222,1223,1233,1232,1231,1230,1224\" srcset=\"https:\/\/ulifeneed.com\/wp-content\/uploads\/2025\/11\/050-15.jpg 300w, https:\/\/ulifeneed.com\/wp-content\/uploads\/2025\/11\/050-15-150x150.jpg 150w, https:\/\/ulifeneed.com\/wp-content\/uploads\/2025\/11\/050-15-100x100.jpg 100w\" sizes=\"(max-width: 300px) 100vw, 300px\" \/>\n<img loading=\"lazy\" decoding=\"async\" width=\"300\" height=\"300\" src=\"https:\/\/ulifeneed.com\/wp-content\/uploads\/2025\/11\/050-14.jpg\" class=\"attachment-medium_large size-medium_large\" alt=\"\" ids=\"1226,1221,1222,1223,1233,1232,1231,1230,1224\" size=\"medium_large\" columns=\"3\" link=\"none\" orderby=\"post__in\" include=\"1226,1221,1222,1223,1233,1232,1231,1230,1224\" srcset=\"https:\/\/ulifeneed.com\/wp-content\/uploads\/2025\/11\/050-14.jpg 300w, https:\/\/ulifeneed.com\/wp-content\/uploads\/2025\/11\/050-14-150x150.jpg 150w, https:\/\/ulifeneed.com\/wp-content\/uploads\/2025\/11\/050-14-100x100.jpg 100w\" sizes=\"(max-width: 300px) 100vw, 300px\" \/>\n<img loading=\"lazy\" decoding=\"async\" width=\"300\" height=\"300\" src=\"https:\/\/ulifeneed.com\/wp-content\/uploads\/2025\/11\/050-13.jpg\" class=\"attachment-medium_large size-medium_large\" alt=\"\" ids=\"1226,1221,1222,1223,1233,1232,1231,1230,1224\" size=\"medium_large\" columns=\"3\" link=\"none\" orderby=\"post__in\" include=\"1226,1221,1222,1223,1233,1232,1231,1230,1224\" srcset=\"https:\/\/ulifeneed.com\/wp-content\/uploads\/2025\/11\/050-13.jpg 300w, https:\/\/ulifeneed.com\/wp-content\/uploads\/2025\/11\/050-13-150x150.jpg 150w, https:\/\/ulifeneed.com\/wp-content\/uploads\/2025\/11\/050-13-100x100.jpg 100w\" sizes=\"(max-width: 300px) 100vw, 300px\" \/>\n<img loading=\"lazy\" decoding=\"async\" width=\"768\" height=\"768\" src=\"https:\/\/ulifeneed.com\/wp-content\/uploads\/2025\/11\/050-7-768x768.jpg\" class=\"attachment-medium_large size-medium_large\" alt=\"\" ids=\"1226,1221,1222,1223,1233,1232,1231,1230,1224\" size=\"medium_large\" columns=\"3\" link=\"none\" orderby=\"post__in\" include=\"1226,1221,1222,1223,1233,1232,1231,1230,1224\" srcset=\"https:\/\/ulifeneed.com\/wp-content\/uploads\/2025\/11\/050-7-768x768.jpg 768w, https:\/\/ulifeneed.com\/wp-content\/uploads\/2025\/11\/050-7-300x300.jpg 300w, https:\/\/ulifeneed.com\/wp-content\/uploads\/2025\/11\/050-7-150x150.jpg 150w, https:\/\/ulifeneed.com\/wp-content\/uploads\/2025\/11\/050-7-600x600.jpg 600w, https:\/\/ulifeneed.com\/wp-content\/uploads\/2025\/11\/050-7-100x100.jpg 100w, https:\/\/ulifeneed.com\/wp-content\/uploads\/2025\/11\/050-7.jpg 1000w\" sizes=\"(max-width: 768px) 100vw, 768px\" \/>\n\t\t<\/div>\n\t\t\t\t\t\t<\/div>\n\t\t\t\t<\/div>\n\t\t\t\t\t<\/div>\n\t\t\t\t<\/div>\n\t\t<div class=\"elementor-element elementor-element-48b475b e-flex e-con-boxed e-con e-parent\" data-id=\"48b475b\" data-element_type=\"container\" data-e-type=\"container\">\n\t\t\t\t\t<div class=\"e-con-inner\">\n\t\t\t\t<div class=\"elementor-element elementor-element-0f74b56 elementor-widget elementor-widget-text-editor\" data-id=\"0f74b56\" data-element_type=\"widget\" data-e-type=\"widget\" data-widget_type=\"text-editor.default\">\n\t\t\t\t<div class=\"elementor-widget-container\">\n\t\t\t\t\t\t\t\t\t<p><strong>---Tradizione e individualit\u00e0.<\/strong><br \/>Il tradizionale e semplice colore nero \u00e8 in linea con il layout low-key dell'ufficio, mentre l'aspetto unico e curvilineo evidenzia il vostro gusto unico. Permette di perseguire una personalit\u00e0 unica in ufficio e di essere diversi.<\/p><p><strong>--Connessione wireless 2.4G---<\/strong><br \/>Con la trasmissione del segnale 2.4G anti-jamming, quando la batteria \u00e8 sufficiente, la distanza pi\u00f9 lunga in ambiente aperto \u00e8 fino a 10M\/33FT. .<\/p><p><strong>---12 mesi di durata della batteria---<\/strong><br \/>La tastiera \u00e8 alimentata da una singola batteria AAA. Sulla parte anteriore della tastiera \u00e8 presente un interruttore di accensione indipendente che si spegne automaticamente dopo 10 minuti e la durata della batteria \u00e8 di 12 mesi.<\/p><p><strong>----Godetevi il click silenzioso----<\/strong><br \/>La struttura unica della tastiera pu\u00f2 ridurre notevolmente il volume dei tasti e le percussioni sono pi\u00f9 silenziose. Non preoccupatevi di disturbare gli altri.<\/p><p><strong>--Comoda corsa dei tasti da 3 mm.<\/strong><br \/>Corsa dei tasti di 3 mm: rimbalzo pi\u00f9 confortevole, feedback migliore, nessun tasto bloccato o collegato.<\/p><p><strong>--Funzione a prova di schizzi---<\/strong><br \/>Se si rovescia accidentalmente l'acqua della tazza da t\u00e8 sulla tastiera, \u00e8 sufficiente pulirla delicatamente con un tovagliolo di carta.<\/p>\t\t\t\t\t\t\t\t<\/div>\n\t\t\t\t<\/div>\n\t\t\t\t\t<\/div>\n\t\t\t\t<\/div>\n\t\t<div class=\"elementor-element elementor-element-8c190bd e-flex e-con-boxed e-con e-parent\" data-id=\"8c190bd\" data-element_type=\"container\" data-e-type=\"container\">\n\t\t\t\t\t<div class=\"e-con-inner\">\n\t\t\t\t<div class=\"elementor-element elementor-element-631cdb7 elementor-widget elementor-widget-image-gallery\" data-id=\"631cdb7\" data-element_type=\"widget\" data-e-type=\"widget\" data-widget_type=\"image-gallery.default\">\n\t\t\t\t<div class=\"elementor-widget-container\">\n\t\t\t\t\t\t\t<div class=\"elementor-image-gallery\">\n\t\t\t\n<img loading=\"lazy\" decoding=\"async\" width=\"1000\" height=\"618\" src=\"https:\/\/ulifeneed.com\/wp-content\/uploads\/2025\/11\/050-12.jpg\" class=\"attachment-full size-full\" alt=\"\" ids=\"1229,1228,1225\" size=\"full\" columns=\"1\" link=\"none\" orderby=\"post__in\" include=\"1229,1228,1225\" srcset=\"https:\/\/ulifeneed.com\/wp-content\/uploads\/2025\/11\/050-12.jpg 1000w, https:\/\/ulifeneed.com\/wp-content\/uploads\/2025\/11\/050-12-300x185.jpg 300w, https:\/\/ulifeneed.com\/wp-content\/uploads\/2025\/11\/050-12-768x475.jpg 768w, https:\/\/ulifeneed.com\/wp-content\/uploads\/2025\/11\/050-12-600x371.jpg 600w\" sizes=\"(max-width: 1000px) 100vw, 1000px\" \/>\n<img loading=\"lazy\" decoding=\"async\" width=\"1000\" height=\"618\" src=\"https:\/\/ulifeneed.com\/wp-content\/uploads\/2025\/11\/050-11.jpg\" class=\"attachment-full size-full\" alt=\"\" ids=\"1229,1228,1225\" size=\"full\" columns=\"1\" link=\"none\" orderby=\"post__in\" include=\"1229,1228,1225\" srcset=\"https:\/\/ulifeneed.com\/wp-content\/uploads\/2025\/11\/050-11.jpg 1000w, https:\/\/ulifeneed.com\/wp-content\/uploads\/2025\/11\/050-11-300x185.jpg 300w, https:\/\/ulifeneed.com\/wp-content\/uploads\/2025\/11\/050-11-768x475.jpg 768w, https:\/\/ulifeneed.com\/wp-content\/uploads\/2025\/11\/050-11-600x371.jpg 600w\" sizes=\"(max-width: 1000px) 100vw, 1000px\" \/>\n<img loading=\"lazy\" decoding=\"async\" width=\"1000\" height=\"618\" src=\"https:\/\/ulifeneed.com\/wp-content\/uploads\/2025\/11\/050-8.jpg\" class=\"attachment-full size-full\" alt=\"\" ids=\"1229,1228,1225\" size=\"full\" columns=\"1\" link=\"none\" orderby=\"post__in\" include=\"1229,1228,1225\" srcset=\"https:\/\/ulifeneed.com\/wp-content\/uploads\/2025\/11\/050-8.jpg 1000w, https:\/\/ulifeneed.com\/wp-content\/uploads\/2025\/11\/050-8-300x185.jpg 300w, https:\/\/ulifeneed.com\/wp-content\/uploads\/2025\/11\/050-8-768x475.jpg 768w, https:\/\/ulifeneed.com\/wp-content\/uploads\/2025\/11\/050-8-600x371.jpg 600w\" sizes=\"(max-width: 1000px) 100vw, 1000px\" \/>\n\t\t<\/div>\n\t\t\t\t\t\t<\/div>\n\t\t\t\t<\/div>\n\t\t\t\t\t<\/div>\n\t\t\t\t<\/div>\n\t\t<div class=\"elementor-element elementor-element-a3baa69 e-flex e-con-boxed e-con e-parent\" data-id=\"a3baa69\" data-element_type=\"container\" data-e-type=\"container\">\n\t\t\t\t\t<div class=\"e-con-inner\">\n\t\t\t\t<div class=\"elementor-element elementor-element-b56ecaa elementor-widget elementor-widget-text-editor\" data-id=\"b56ecaa\" data-element_type=\"widget\" data-e-type=\"widget\" data-widget_type=\"text-editor.default\">\n\t\t\t\t<div class=\"elementor-widget-container\">\n\t\t\t\t\t\t\t\t\t<h2>SOLUZIONE AI PROBLEMI DI CONNESSIONE<\/h2><p>Estrarre la batteria AAA dalla tastiera e il ricevitore USB dal computer.<br \/>Reinstallare la batteria nella tastiera e inserire il ricevitore USB nel computer.<br \/>Accendere l'interruttore della tastiera.Mantenere una distanza di 20 cm tra il ricevitore usb e la tastiera.Premere i tasti \u201cEsc\u201d + \u201cK\u201d per riparare la connessione.<br \/>Dopo tutto, se la tastiera ancora non pu\u00f2 funzionare, plz dirci e dobbiamo dare una risposta soddisfacente.<\/p>\t\t\t\t\t\t\t\t<\/div>\n\t\t\t\t<\/div>\n\t\t\t\t\t<\/div>\n\t\t\t\t<\/div>\n\t\t\t\t<\/div>","protected":false},"excerpt":{"rendered":"<h2>Tastiera wireless MK98, ergonomica 2.4G, tastiera per computer, indicatore luminoso ingrandito, tastiera PC full size con tastierino numerico per laptop, desktop, Surface, Chromebook, notebook, nero<\/h2>\n<p>Dispositivi compatibili: Desktop, laptop, PC, Surface<br \/>\nTecnologia di connettivit\u00e0: tecnologia wireless 2.4G con ricevitore USB<br \/>\nDescrizione della tastiera: Multimediale<br \/>\nUsi consigliati per il prodotto: Personale<br \/>\nCaratteristica speciale: silenziosit\u00e0<br \/>\nColore: nero<br \/>\nStile: Tastiera wireless dalla semplicit\u00e0 moderna<br \/>\nDimensioni del prodotto: 17,36\u2033L x 6,02\u2033L x 0,94\u2033H<br \/>\nComponenti inclusi: Cavo USB<\/p>","protected":false},"featured_media":1217,"comment_status":"open","ping_status":"closed","template":"","meta":{"site-sidebar-layout":"no-sidebar","site-content-layout":"page-builder","ast-site-content-layout":"normal-width-container","site-content-style":"default","site-sidebar-style":"default","ast-global-header-display":"","ast-banner-title-visibility":"","ast-main-header-display":"","ast-hfb-above-header-display":"","ast-hfb-below-header-display":"","ast-hfb-mobile-header-display":"","site-post-title":"","ast-breadcrumbs-content":"","ast-featured-img":"disabled","footer-sml-layout":"","theme-transparent-header-meta":"default","adv-header-id-meta":"","stick-header-meta":"","header-above-stick-meta":"","header-main-stick-meta":"","header-below-stick-meta":"","astra-migrate-meta-layouts":"set","ast-page-background-enabled":"default","ast-page-background-meta":{"desktop":{"background-color":"","background-image":"","background-repeat":"repeat","background-position":"center center","background-size":"auto","background-attachment":"scroll","background-type":"","background-media":"","overlay-type":"","overlay-color":"","overlay-opacity":"","overlay-gradient":""},"tablet":{"background-color":"","background-image":"","background-repeat":"repeat","background-position":"center center","background-size":"auto","background-attachment":"scroll","background-type":"","background-media":"","overlay-type":"","overlay-color":"","overlay-opacity":"","overlay-gradient":""},"mobile":{"background-color":"","background-image":"","background-repeat":"repeat","background-position":"center center","background-size":"auto","background-attachment":"scroll","background-type":"","background-media":"","overlay-type":"","overlay-color":"","overlay-opacity":"","overlay-gradient":""}},"ast-content-background-meta":{"desktop":{"background-color":"var(--ast-global-color-5)","background-image":"","background-repeat":"repeat","background-position":"center center","background-size":"auto","background-attachment":"scroll","background-type":"","background-media":"","overlay-type":"","overlay-color":"","overlay-opacity":"","overlay-gradient":""},"tablet":{"background-color":"var(--ast-global-color-5)","background-image":"","background-repeat":"repeat","background-position":"center center","background-size":"auto","background-attachment":"scroll","background-type":"","background-media":"","overlay-type":"","overlay-color":"","overlay-opacity":"","overlay-gradient":""},"mobile":{"background-color":"var(--ast-global-color-5)","background-image":"","background-repeat":"repeat","background-position":"center center","background-size":"auto","background-attachment":"scroll","background-type":"","background-media":"","overlay-type":"","overlay-color":"","overlay-opacity":"","overlay-gradient":""}}},"product_brand":[],"product_cat":[32,15],"product_tag":[],"class_list":{"0":"post-1216","1":"product","2":"type-product","3":"status-publish","4":"has-post-thumbnail","6":"product_cat-computer-keyboards","7":"product_cat-3c-electronic-products","8":"desktop-align-left","9":"tablet-align-left","10":"mobile-align-left","12":"first","13":"instock","14":"sale","15":"shipping-taxable","16":"purchasable","17":"product-type-simple"},"_links":{"self":[{"href":"https:\/\/ulifeneed.com\/it\/wp-json\/wp\/v2\/product\/1216","targetHints":{"allow":["GET"]}}],"collection":[{"href":"https:\/\/ulifeneed.com\/it\/wp-json\/wp\/v2\/product"}],"about":[{"href":"https:\/\/ulifeneed.com\/it\/wp-json\/wp\/v2\/types\/product"}],"replies":[{"embeddable":true,"href":"https:\/\/ulifeneed.com\/it\/wp-json\/wp\/v2\/comments?post=1216"}],"version-history":[{"count":6,"href":"https:\/\/ulifeneed.com\/it\/wp-json\/wp\/v2\/product\/1216\/revisions"}],"predecessor-version":[{"id":1512,"href":"https:\/\/ulifeneed.com\/it\/wp-json\/wp\/v2\/product\/1216\/revisions\/1512"}],"wp:featuredmedia":[{"embeddable":true,"href":"https:\/\/ulifeneed.com\/it\/wp-json\/wp\/v2\/media\/1217"}],"wp:attachment":[{"href":"https:\/\/ulifeneed.com\/it\/wp-json\/wp\/v2\/media?parent=1216"}],"wp:term":[{"taxonomy":"product_brand","embeddable":true,"href":"https:\/\/ulifeneed.com\/it\/wp-json\/wp\/v2\/product_brand?post=1216"},{"taxonomy":"product_cat","embeddable":true,"href":"https:\/\/ulifeneed.com\/it\/wp-json\/wp\/v2\/product_cat?post=1216"},{"taxonomy":"product_tag","embeddable":true,"href":"https:\/\/ulifeneed.com\/it\/wp-json\/wp\/v2\/product_tag?post=1216"}],"curies":[{"name":"wp","href":"https:\/\/api.w.org\/{rel}","templated":true}]}}