{"id":1049,"date":"2025-11-07T05:58:21","date_gmt":"2025-11-07T05:58:21","guid":{"rendered":"https:\/\/ulifeneed.com\/?post_type=product&#038;p=1049"},"modified":"2025-11-28T04:49:44","modified_gmt":"2025-11-28T04:49:44","slug":"cavo-di-ricarica-veloce-da-usb-c-a-c-lungo-10-piedi-tipo-c","status":"publish","type":"product","link":"https:\/\/ulifeneed.com\/it\/product\/usb-c-to-c-fast-charger-cable-10ft-long-type-c\/","title":{"rendered":"Cavo di ricarica veloce da USB C a C 10ft, lungo cavo di ricarica da tipo C a USB C per Apple iPhone 17 Pro Max\/17 Air\/16 Pro\/15 Plus, MacBook Pro 2021\/2020\/2019\/2018, iPad 12.9\/11 pollici\/Mini\/Air, Samsung Galaxy"},"content":{"rendered":"<div data-elementor-type=\"wp-post\" data-elementor-id=\"1049\" class=\"elementor elementor-1049\">\n\t\t\t\t<div class=\"elementor-element elementor-element-7ab7465 e-flex e-con-boxed e-con e-parent\" data-id=\"7ab7465\" data-element_type=\"container\" data-e-type=\"container\">\n\t\t\t\t\t<div class=\"e-con-inner\">\n\t\t\t\t<div class=\"elementor-element elementor-element-01349a5 elementor-widget elementor-widget-text-editor\" data-id=\"01349a5\" data-element_type=\"widget\" data-e-type=\"widget\" data-widget_type=\"text-editor.default\">\n\t\t\t\t<div class=\"elementor-widget-container\">\n\t\t\t\t\t\t\t\t\t<p>\u3010Veloce e sicuro\u3011Il filo di rame di alta qualit\u00e0 migliora la velocit\u00e0 di ricarica e di trasmissione dei dati. Permette di godere di una ricarica veloce da 3A e di una velocit\u00e0 di trasferimento dati di 480Mbps. La protezione da sovratensione integrata e i rigorosi test di qualit\u00e0 garantiscono una ricarica sicura dei dispositivi Apple. Previene il surriscaldamento e il sovraccarico durante la ricarica.<br \/>Chip intelligente incorporato Cavo USB C a ricarica superveloce, chip intelligente incorporato, che supporta la ricarica rapida USB PD e fornisce una protezione completa alla batteria dei dispositivi e agli adattatori, consentendo di mantenere la ricarica alla velocit\u00e0 della luce e la sicurezza.<br \/>\u3010Super Durata\u3011 Il cavo di ricarica per iPhone utilizza materiali di alta qualit\u00e0, in grado di garantire una durata 5 volte superiore rispetto ad altri cavi, una buona flessibilit\u00e0 e l'assenza di grovigli. L'uso della tecnologia di saldatura laser aumenta la durata di servizio ed evita il rischio di crepe o altri danni. Si tratta di un cavo resistente che pu\u00f2 sopportare oltre 20.000 piegature e oltre 12.000 stacchi ripetuti.<br \/>\u3010Compatibilit\u00e0 universale\u3011: Il nostro cavo da USB-C a USB-C fornisce una ricarica ad alta velocit\u00e0 per smartphone, tablet e laptop Type-C, tra cui iPhone 17 Pro Max\/17 Air\/17 Pro\/17 Plus\/ iPhone 16 Pro Max\/16 Pro\/16 Plus\/15 Pro Max\/15 Plus\/MacBook Air 2023\/iPad Pro 2023, iPad Air 5 e altri. (Nota: la velocit\u00e0 di ricarica dipende anche dal dispositivo e dal caricatore. Abbinare i dispositivi C-Port ai caricabatterie USB-C, compresi i vari adattatori di alimentazione USB-C da 96w 87w 65w 60w 45w 35w 20w).<br \/>\u3010Cosa ottieni\u3011 : Include 2 pacchetti di cavi di ricarica da Tipo C a Tipo C da 10 piedi. Inoltre, forniamo 12 mesi di servizio di garanzia della qualit\u00e0 per ogni cavo. Se avete domande, non esitate a contattarci e faremo del nostro meglio per aiutarvi.<\/p>\t\t\t\t\t\t\t\t<\/div>\n\t\t\t\t<\/div>\n\t\t\t\t\t<\/div>\n\t\t\t\t<\/div>\n\t\t<div class=\"elementor-element elementor-element-86893d4 e-flex e-con-boxed e-con e-parent\" data-id=\"86893d4\" data-element_type=\"container\" data-e-type=\"container\">\n\t\t\t\t\t<div class=\"e-con-inner\">\n\t\t\t\t<div class=\"elementor-element elementor-element-8714e9f elementor-widget elementor-widget-image-gallery\" data-id=\"8714e9f\" data-element_type=\"widget\" data-e-type=\"widget\" data-widget_type=\"image-gallery.default\">\n\t\t\t\t<div class=\"elementor-widget-container\">\n\t\t\t\t\t\t\t<div class=\"elementor-image-gallery\">\n\t\t\t<div id='gallery-1' class='gallery galleryid-1049 gallery-columns-3 gallery-size-medium_large'><figure class='gallery-item'>\n\t\t\t<div class='gallery-icon landscape'>\n\t\t\t\t<img fetchpriority=\"high\" decoding=\"async\" width=\"768\" height=\"768\" src=\"https:\/\/ulifeneed.com\/wp-content\/uploads\/2025\/11\/025-2-768x768.jpg\" class=\"attachment-medium_large size-medium_large\" alt=\"\" srcset=\"https:\/\/ulifeneed.com\/wp-content\/uploads\/2025\/11\/025-2-768x768.jpg 768w, https:\/\/ulifeneed.com\/wp-content\/uploads\/2025\/11\/025-2-300x300.jpg 300w, https:\/\/ulifeneed.com\/wp-content\/uploads\/2025\/11\/025-2-150x150.jpg 150w, https:\/\/ulifeneed.com\/wp-content\/uploads\/2025\/11\/025-2-600x600.jpg 600w, https:\/\/ulifeneed.com\/wp-content\/uploads\/2025\/11\/025-2-100x100.jpg 100w, https:\/\/ulifeneed.com\/wp-content\/uploads\/2025\/11\/025-2.jpg 1000w\" sizes=\"(max-width: 768px) 100vw, 768px\" \/>\n\t\t\t<\/div><\/figure><figure class='gallery-item'>\n\t\t\t<div class='gallery-icon landscape'>\n\t\t\t\t<img decoding=\"async\" width=\"768\" height=\"768\" src=\"https:\/\/ulifeneed.com\/wp-content\/uploads\/2025\/11\/025-4-768x768.jpg\" class=\"attachment-medium_large size-medium_large\" alt=\"\" srcset=\"https:\/\/ulifeneed.com\/wp-content\/uploads\/2025\/11\/025-4-768x768.jpg 768w, https:\/\/ulifeneed.com\/wp-content\/uploads\/2025\/11\/025-4-300x300.jpg 300w, https:\/\/ulifeneed.com\/wp-content\/uploads\/2025\/11\/025-4-150x150.jpg 150w, https:\/\/ulifeneed.com\/wp-content\/uploads\/2025\/11\/025-4-600x600.jpg 600w, https:\/\/ulifeneed.com\/wp-content\/uploads\/2025\/11\/025-4-100x100.jpg 100w, https:\/\/ulifeneed.com\/wp-content\/uploads\/2025\/11\/025-4.jpg 1000w\" sizes=\"(max-width: 768px) 100vw, 768px\" \/>\n\t\t\t<\/div><\/figure><figure class='gallery-item'>\n\t\t\t<div class='gallery-icon landscape'>\n\t\t\t\t<img decoding=\"async\" width=\"768\" height=\"732\" src=\"https:\/\/ulifeneed.com\/wp-content\/uploads\/2025\/11\/025-5-768x732.jpg\" class=\"attachment-medium_large size-medium_large\" alt=\"\" srcset=\"https:\/\/ulifeneed.com\/wp-content\/uploads\/2025\/11\/025-5-768x732.jpg 768w, https:\/\/ulifeneed.com\/wp-content\/uploads\/2025\/11\/025-5-300x286.jpg 300w, https:\/\/ulifeneed.com\/wp-content\/uploads\/2025\/11\/025-5-600x572.jpg 600w, https:\/\/ulifeneed.com\/wp-content\/uploads\/2025\/11\/025-5.jpg 1000w\" sizes=\"(max-width: 768px) 100vw, 768px\" \/>\n\t\t\t<\/div><\/figure>\n\t\t<\/div>\n\t\t<\/div>\n\t\t\t\t\t\t<\/div>\n\t\t\t\t<\/div>\n\t\t\t\t\t<\/div>\n\t\t\t\t<\/div>\n\t\t<div class=\"elementor-element elementor-element-48b475b e-flex e-con-boxed e-con e-parent\" data-id=\"48b475b\" data-element_type=\"container\" data-e-type=\"container\">\n\t\t\t\t\t<div class=\"e-con-inner\">\n\t\t\t\t<div class=\"elementor-element elementor-element-0f74b56 elementor-widget elementor-widget-text-editor\" data-id=\"0f74b56\" data-element_type=\"widget\" data-e-type=\"widget\" data-widget_type=\"text-editor.default\">\n\t\t\t\t<div class=\"elementor-widget-container\">\n\t\t\t\t\t\t\t\t\t<h2>Perch\u00e9 scegliere il cavo intrecciato da USB-C a USB-C?<\/h2><p>Il filo \u00e8 realizzato in materiale di alta qualit\u00e0 con una buona consistenza e lo speciale design di attenuazione delle tensioni \u00e8 in grado di resistere a oltre 20.000 volte di test di piegatura, che consentono di sopportare un uso prolungato senza preoccuparsi di danni dovuti a piegature o urti.<br \/>Questo cavo USB C PD da 60 W \u00e8 in grado di caricare rapidamente telefoni, tablet e laptop senza surriscaldarsi.<br \/>Il chip intelligente garantisce una maggiore velocit\u00e0 di ricarica e una bassa perdita di energia per caricare pi\u00f9 velocemente il laptop.<\/p><h2>Cavo di ricarica intrecciato da USB C a USB C da 3A<\/h2><p>Uscita massima: 9V 3A<br \/>Trasferimento dati: USB 3.0 480Mbps<br \/>Lunghezza: 10 piedi<\/p><h2>Note importanti:<\/h2><p>Si tratta di un cavo da USB C a USB C NON da USB C a USB A, quindi \u00e8 necessario un caricatore da parete USB C per caricare il dispositivo.<br \/>Per garantire la velocit\u00e0 di ricarica del dispositivo, utilizzare il caricatore da parete USB C originale o un caricatore USB C di alta qualit\u00e0 in grado di supportare la ricarica rapida USB PD.<br \/>Si tratta di un cavo di ricarica e dati, non di un cavo Thunderbolt 3, quindi non pu\u00f2 emettere video.<\/p><h2>Super durata<\/h2><p>Il cavo di ricarica per iPhone utilizza materiali di alta qualit\u00e0, in grado di garantire una durata 5 volte superiore rispetto agli altri cavi, una buona flessibilit\u00e0 e l'assenza di grovigli. L'uso della tecnologia di saldatura laser aumenta la durata di vita ed evita il rischio di incrinature o altri danni. Si tratta di un pacchetto di cavi durevole, in grado di resistere a oltre 20000 piegature e a oltre 12000 stacchi ripetuti.<\/p>\t\t\t\t\t\t\t\t<\/div>\n\t\t\t\t<\/div>\n\t\t\t\t\t<\/div>\n\t\t\t\t<\/div>\n\t\t<div class=\"elementor-element elementor-element-8c190bd e-flex e-con-boxed e-con e-parent\" data-id=\"8c190bd\" data-element_type=\"container\" data-e-type=\"container\">\n\t\t\t\t\t<div class=\"e-con-inner\">\n\t\t\t\t<div class=\"elementor-element elementor-element-631cdb7 elementor-widget elementor-widget-image-gallery\" data-id=\"631cdb7\" data-element_type=\"widget\" data-e-type=\"widget\" data-widget_type=\"image-gallery.default\">\n\t\t\t\t<div class=\"elementor-widget-container\">\n\t\t\t\t\t\t\t<div class=\"elementor-image-gallery\">\n\t\t\t<div id='gallery-2' class='gallery galleryid-1049 gallery-columns-1 gallery-size-full'><figure class='gallery-item'>\n\t\t\t<div class='gallery-icon landscape'>\n\t\t\t\t<img loading=\"lazy\" decoding=\"async\" width=\"1000\" height=\"618\" src=\"https:\/\/ulifeneed.com\/wp-content\/uploads\/2025\/11\/025-8.jpg\" class=\"attachment-full size-full\" alt=\"\" srcset=\"https:\/\/ulifeneed.com\/wp-content\/uploads\/2025\/11\/025-8.jpg 1000w, https:\/\/ulifeneed.com\/wp-content\/uploads\/2025\/11\/025-8-300x185.jpg 300w, https:\/\/ulifeneed.com\/wp-content\/uploads\/2025\/11\/025-8-768x475.jpg 768w, https:\/\/ulifeneed.com\/wp-content\/uploads\/2025\/11\/025-8-600x371.jpg 600w\" sizes=\"(max-width: 1000px) 100vw, 1000px\" \/>\n\t\t\t<\/div><\/figure><figure class='gallery-item'>\n\t\t\t<div class='gallery-icon landscape'>\n\t\t\t\t<img loading=\"lazy\" decoding=\"async\" width=\"1000\" height=\"618\" src=\"https:\/\/ulifeneed.com\/wp-content\/uploads\/2025\/11\/025-9.jpg\" class=\"attachment-full size-full\" alt=\"\" srcset=\"https:\/\/ulifeneed.com\/wp-content\/uploads\/2025\/11\/025-9.jpg 1000w, https:\/\/ulifeneed.com\/wp-content\/uploads\/2025\/11\/025-9-300x185.jpg 300w, https:\/\/ulifeneed.com\/wp-content\/uploads\/2025\/11\/025-9-768x475.jpg 768w, https:\/\/ulifeneed.com\/wp-content\/uploads\/2025\/11\/025-9-600x371.jpg 600w\" sizes=\"(max-width: 1000px) 100vw, 1000px\" \/>\n\t\t\t<\/div><\/figure><figure class='gallery-item'>\n\t\t\t<div class='gallery-icon landscape'>\n\t\t\t\t<img loading=\"lazy\" decoding=\"async\" width=\"1000\" height=\"618\" src=\"https:\/\/ulifeneed.com\/wp-content\/uploads\/2025\/11\/025-10.jpg\" class=\"attachment-full size-full\" alt=\"\" srcset=\"https:\/\/ulifeneed.com\/wp-content\/uploads\/2025\/11\/025-10.jpg 1000w, https:\/\/ulifeneed.com\/wp-content\/uploads\/2025\/11\/025-10-300x185.jpg 300w, https:\/\/ulifeneed.com\/wp-content\/uploads\/2025\/11\/025-10-768x475.jpg 768w, https:\/\/ulifeneed.com\/wp-content\/uploads\/2025\/11\/025-10-600x371.jpg 600w\" sizes=\"(max-width: 1000px) 100vw, 1000px\" \/>\n\t\t\t<\/div><\/figure><figure class='gallery-item'>\n\t\t\t<div class='gallery-icon landscape'>\n\t\t\t\t<img loading=\"lazy\" decoding=\"async\" width=\"1000\" height=\"618\" src=\"https:\/\/ulifeneed.com\/wp-content\/uploads\/2025\/11\/025-11.jpg\" class=\"attachment-full size-full\" alt=\"\" srcset=\"https:\/\/ulifeneed.com\/wp-content\/uploads\/2025\/11\/025-11.jpg 1000w, https:\/\/ulifeneed.com\/wp-content\/uploads\/2025\/11\/025-11-300x185.jpg 300w, https:\/\/ulifeneed.com\/wp-content\/uploads\/2025\/11\/025-11-768x475.jpg 768w, https:\/\/ulifeneed.com\/wp-content\/uploads\/2025\/11\/025-11-600x371.jpg 600w\" sizes=\"(max-width: 1000px) 100vw, 1000px\" \/>\n\t\t\t<\/div><\/figure>\n\t\t<\/div>\n\t\t<\/div>\n\t\t\t\t\t\t<\/div>\n\t\t\t\t<\/div>\n\t\t\t\t\t<\/div>\n\t\t\t\t<\/div>\n\t\t\t\t<\/div>","protected":false},"excerpt":{"rendered":"<h2>Cavo di ricarica veloce da USB C a C 10ft, lungo cavo di ricarica da tipo C a USB C per Apple iPhone 17 Pro Max\/17 Air\/16 Pro\/15 Plus, MacBook Pro 2021\/2020\/2019\/2018, iPad 12.9\/11 pollici\/Mini\/Air, Samsung Galaxy<\/h2>\n<p><strong>Tipo di connettore<\/strong>: Usb C to C, Tipo C to C<br \/>\n<strong>Tipo di cavo<\/strong>: USB C<br \/>\n<strong>Dispositivi compatibili<\/strong>iPhone 17 Pro Max\/iPhone 17 Air\/iPhone 17 Pro\/iPhone 17 Plus\/iPhone 16 Pro Max\/iPhone 16 Pro\/iPhone 16 Plus\/iPhone 15\/iPhone15 Plus\/iPhone15 Pro\/iPhone15 Pro Max\uff0cMacBook Pro 13 pollici, Macbook Air 13 \/m1 Pollici, MacBook 12 pollici, iPad Pro 12.9\/11 pollici, iPad Air 4\/5, iPad Mini 6, Google Pixel 6\/6 Pro\/5\/5a, Samsung Galaxy S23\/S22\/S22\/ S21\/S21+\/S21 Ultra\/ S20\/S20+\/S20 Ultra, Galaxy A53\/A73\/A71, Note 10\/10+\/20 Ultra e altri dispositivi con porta USB-C<br \/>\n<strong>Caratteristica speciale<\/strong>: Ricarica rapida<\/p>","protected":false},"featured_media":1050,"comment_status":"open","ping_status":"closed","template":"","meta":{"site-sidebar-layout":"no-sidebar","site-content-layout":"page-builder","ast-site-content-layout":"normal-width-container","site-content-style":"default","site-sidebar-style":"default","ast-global-header-display":"","ast-banner-title-visibility":"","ast-main-header-display":"","ast-hfb-above-header-display":"","ast-hfb-below-header-display":"","ast-hfb-mobile-header-display":"","site-post-title":"","ast-breadcrumbs-content":"","ast-featured-img":"disabled","footer-sml-layout":"","theme-transparent-header-meta":"default","adv-header-id-meta":"","stick-header-meta":"","header-above-stick-meta":"","header-main-stick-meta":"","header-below-stick-meta":"","astra-migrate-meta-layouts":"set","ast-page-background-enabled":"default","ast-page-background-meta":{"desktop":{"background-color":"","background-image":"","background-repeat":"repeat","background-position":"center center","background-size":"auto","background-attachment":"scroll","background-type":"","background-media":"","overlay-type":"","overlay-color":"","overlay-opacity":"","overlay-gradient":""},"tablet":{"background-color":"","background-image":"","background-repeat":"repeat","background-position":"center center","background-size":"auto","background-attachment":"scroll","background-type":"","background-media":"","overlay-type":"","overlay-color":"","overlay-opacity":"","overlay-gradient":""},"mobile":{"background-color":"","background-image":"","background-repeat":"repeat","background-position":"center center","background-size":"auto","background-attachment":"scroll","background-type":"","background-media":"","overlay-type":"","overlay-color":"","overlay-opacity":"","overlay-gradient":""}},"ast-content-background-meta":{"desktop":{"background-color":"var(--ast-global-color-5)","background-image":"","background-repeat":"repeat","background-position":"center center","background-size":"auto","background-attachment":"scroll","background-type":"","background-media":"","overlay-type":"","overlay-color":"","overlay-opacity":"","overlay-gradient":""},"tablet":{"background-color":"var(--ast-global-color-5)","background-image":"","background-repeat":"repeat","background-position":"center center","background-size":"auto","background-attachment":"scroll","background-type":"","background-media":"","overlay-type":"","overlay-color":"","overlay-opacity":"","overlay-gradient":""},"mobile":{"background-color":"var(--ast-global-color-5)","background-image":"","background-repeat":"repeat","background-position":"center center","background-size":"auto","background-attachment":"scroll","background-type":"","background-media":"","overlay-type":"","overlay-color":"","overlay-opacity":"","overlay-gradient":""}}},"product_brand":[],"product_cat":[31,15],"product_tag":[],"class_list":{"0":"post-1049","1":"product","2":"type-product","3":"status-publish","4":"has-post-thumbnail","6":"product_cat-usb-cables","7":"product_cat-3c-electronic-products","8":"desktop-align-left","9":"tablet-align-left","10":"mobile-align-left","12":"first","13":"instock","14":"sale","15":"shipping-taxable","16":"purchasable","17":"product-type-simple"},"_links":{"self":[{"href":"https:\/\/ulifeneed.com\/it\/wp-json\/wp\/v2\/product\/1049","targetHints":{"allow":["GET"]}}],"collection":[{"href":"https:\/\/ulifeneed.com\/it\/wp-json\/wp\/v2\/product"}],"about":[{"href":"https:\/\/ulifeneed.com\/it\/wp-json\/wp\/v2\/types\/product"}],"replies":[{"embeddable":true,"href":"https:\/\/ulifeneed.com\/it\/wp-json\/wp\/v2\/comments?post=1049"}],"version-history":[{"count":6,"href":"https:\/\/ulifeneed.com\/it\/wp-json\/wp\/v2\/product\/1049\/revisions"}],"predecessor-version":[{"id":1503,"href":"https:\/\/ulifeneed.com\/it\/wp-json\/wp\/v2\/product\/1049\/revisions\/1503"}],"wp:featuredmedia":[{"embeddable":true,"href":"https:\/\/ulifeneed.com\/it\/wp-json\/wp\/v2\/media\/1050"}],"wp:attachment":[{"href":"https:\/\/ulifeneed.com\/it\/wp-json\/wp\/v2\/media?parent=1049"}],"wp:term":[{"taxonomy":"product_brand","embeddable":true,"href":"https:\/\/ulifeneed.com\/it\/wp-json\/wp\/v2\/product_brand?post=1049"},{"taxonomy":"product_cat","embeddable":true,"href":"https:\/\/ulifeneed.com\/it\/wp-json\/wp\/v2\/product_cat?post=1049"},{"taxonomy":"product_tag","embeddable":true,"href":"https:\/\/ulifeneed.com\/it\/wp-json\/wp\/v2\/product_tag?post=1049"}],"curies":[{"name":"wp","href":"https:\/\/api.w.org\/{rel}","templated":true}]}}