{"id":1022,"date":"2025-11-07T05:42:55","date_gmt":"2025-11-07T05:42:55","guid":{"rendered":"https:\/\/ulifeneed.com\/?post_type=product&#038;p=1022"},"modified":"2025-11-28T04:49:28","modified_gmt":"2025-11-28T04:49:28","slug":"cavo-usb-c-100w-pd-5a-qc-4-0-ricarica-rapida-da-usbc-a-usbc","status":"publish","type":"product","link":"https:\/\/ulifeneed.com\/it\/product\/usb-c-cable-100w-pd-5a-qc-4-0-fast-charging-usbc-to-usbc\/","title":{"rendered":"Cavo USB C, 100W PD 5A QC 4.0 Cavo di ricarica rapida da USBC a USBC, cavo di ricarica in lega di zinco in nylon intrecciato di tipo C per iPhone 17 16 Pro Plus Pro Max, MacBook, iPad\/mini, Samsung S23\/S22+"},"content":{"rendered":"<div data-elementor-type=\"wp-post\" data-elementor-id=\"1022\" class=\"elementor elementor-1022\">\n\t\t\t\t<div class=\"elementor-element elementor-element-7ab7465 e-flex e-con-boxed e-con e-parent\" data-id=\"7ab7465\" data-element_type=\"container\" data-e-type=\"container\">\n\t\t\t\t\t<div class=\"e-con-inner\">\n\t\t\t\t<div class=\"elementor-element elementor-element-01349a5 elementor-widget elementor-widget-text-editor\" data-id=\"01349a5\" data-element_type=\"widget\" data-e-type=\"widget\" data-widget_type=\"text-editor.default\">\n\t\t\t\t<div class=\"elementor-widget-container\">\n\t\t\t\t\t\t\t\t\t<p>La tecnologia PD da 5A\/20V 100W porta la velocit\u00e0 di ricarica a un livello superiore. La ricarica rapida pu\u00f2 caricare completamente un Samsung S20, da 0 a 100%, in 50 minuti. Pu\u00f2 anche caricare un MacBook Pro 16\u2033 fino a 75% in 1 ora, 58% pi\u00f9 velocemente di un cavo da 60W.<br \/>Chip E-Marker certificato\u3011 Il chip intelligente certificato regola la corrente e la tensione, garantendo la pi\u00f9 sicura carica rapida da 100W. \u00c8 possibile utilizzarlo per caricare qualsiasi dispositivo in tutta sicurezza.<br \/>Costruito per durare\u3011 Il materiale in lega di zinco di prima qualit\u00e0, con rivestimento UV liscio e design integrato, rende questo cavo resistente all'ossidazione e inalterabile nei colori. Il cavo intrecciato in nylon di alta qualit\u00e0 non si usura con l'uso prolungato.<br \/>Questo cavo supporta la maggior parte dei protocolli di ricarica rapida presenti sul mercato. Pu\u00f2 caricare tutti i telefoni, i tablet e i laptop USB-C, anche i pi\u00f9 recenti MacBook Pro\/Air e iPad Pro alla massima velocit\u00e0. ( Nota: questo cavo USB-C \u00e8 solo per la trasmissione di dati e non supporta la trasmissione video).<br \/>\u3010Cosa ottieni\u3011 Cavo USB C 100W con 18 mesi di garanzia Hassle-free. Siamo fiduciosi nelle prestazioni di lunga durata del nostro prodotto. Se avete domande, vi preghiamo di contattarci e vi risponderemo entro 24 ore.<\/p>\t\t\t\t\t\t\t\t<\/div>\n\t\t\t\t<\/div>\n\t\t\t\t\t<\/div>\n\t\t\t\t<\/div>\n\t\t<div class=\"elementor-element elementor-element-86893d4 e-flex e-con-boxed e-con e-parent\" data-id=\"86893d4\" data-element_type=\"container\" data-e-type=\"container\">\n\t\t\t\t\t<div class=\"e-con-inner\">\n\t\t\t\t<div class=\"elementor-element elementor-element-8714e9f elementor-widget elementor-widget-image-gallery\" data-id=\"8714e9f\" data-element_type=\"widget\" data-e-type=\"widget\" data-widget_type=\"image-gallery.default\">\n\t\t\t\t<div class=\"elementor-widget-container\">\n\t\t\t\t\t\t\t<div class=\"elementor-image-gallery\">\n\t\t\t<div id='gallery-1' class='gallery galleryid-1022 gallery-columns-3 gallery-size-medium_large'><figure class='gallery-item'>\n\t\t\t<div class='gallery-icon portrait'>\n\t\t\t\t<img fetchpriority=\"high\" decoding=\"async\" width=\"768\" height=\"960\" src=\"https:\/\/ulifeneed.com\/wp-content\/uploads\/2025\/11\/019-4-768x960.jpg\" class=\"attachment-medium_large size-medium_large\" alt=\"\" srcset=\"https:\/\/ulifeneed.com\/wp-content\/uploads\/2025\/11\/019-4-768x960.jpg 768w, https:\/\/ulifeneed.com\/wp-content\/uploads\/2025\/11\/019-4-240x300.jpg 240w, https:\/\/ulifeneed.com\/wp-content\/uploads\/2025\/11\/019-4-819x1024.jpg 819w, https:\/\/ulifeneed.com\/wp-content\/uploads\/2025\/11\/019-4-600x750.jpg 600w, https:\/\/ulifeneed.com\/wp-content\/uploads\/2025\/11\/019-4.jpg 1000w\" sizes=\"(max-width: 768px) 100vw, 768px\" \/>\n\t\t\t<\/div><\/figure><figure class='gallery-item'>\n\t\t\t<div class='gallery-icon portrait'>\n\t\t\t\t<img decoding=\"async\" width=\"768\" height=\"960\" src=\"https:\/\/ulifeneed.com\/wp-content\/uploads\/2025\/11\/019-6-768x960.jpg\" class=\"attachment-medium_large size-medium_large\" alt=\"\" srcset=\"https:\/\/ulifeneed.com\/wp-content\/uploads\/2025\/11\/019-6-768x960.jpg 768w, https:\/\/ulifeneed.com\/wp-content\/uploads\/2025\/11\/019-6-240x300.jpg 240w, https:\/\/ulifeneed.com\/wp-content\/uploads\/2025\/11\/019-6-819x1024.jpg 819w, https:\/\/ulifeneed.com\/wp-content\/uploads\/2025\/11\/019-6-600x750.jpg 600w, https:\/\/ulifeneed.com\/wp-content\/uploads\/2025\/11\/019-6.jpg 1000w\" sizes=\"(max-width: 768px) 100vw, 768px\" \/>\n\t\t\t<\/div><\/figure><figure class='gallery-item'>\n\t\t\t<div class='gallery-icon portrait'>\n\t\t\t\t<img decoding=\"async\" width=\"768\" height=\"960\" src=\"https:\/\/ulifeneed.com\/wp-content\/uploads\/2025\/11\/019-7-768x960.jpg\" class=\"attachment-medium_large size-medium_large\" alt=\"\" srcset=\"https:\/\/ulifeneed.com\/wp-content\/uploads\/2025\/11\/019-7-768x960.jpg 768w, https:\/\/ulifeneed.com\/wp-content\/uploads\/2025\/11\/019-7-240x300.jpg 240w, https:\/\/ulifeneed.com\/wp-content\/uploads\/2025\/11\/019-7-819x1024.jpg 819w, https:\/\/ulifeneed.com\/wp-content\/uploads\/2025\/11\/019-7-600x750.jpg 600w, https:\/\/ulifeneed.com\/wp-content\/uploads\/2025\/11\/019-7.jpg 1000w\" sizes=\"(max-width: 768px) 100vw, 768px\" \/>\n\t\t\t<\/div><\/figure>\n\t\t<\/div>\n\t\t<\/div>\n\t\t\t\t\t\t<\/div>\n\t\t\t\t<\/div>\n\t\t\t\t\t<\/div>\n\t\t\t\t<\/div>\n\t\t<div class=\"elementor-element elementor-element-48b475b e-flex e-con-boxed e-con e-parent\" data-id=\"48b475b\" data-element_type=\"container\" data-e-type=\"container\">\n\t\t\t\t\t<div class=\"e-con-inner\">\n\t\t\t\t<div class=\"elementor-element elementor-element-0f74b56 elementor-widget elementor-widget-text-editor\" data-id=\"0f74b56\" data-element_type=\"widget\" data-e-type=\"widget\" data-widget_type=\"text-editor.default\">\n\t\t\t\t<div class=\"elementor-widget-container\">\n\t\t\t\t\t\t\t\t\t<p>Perch\u00e9 scegliere il cavo USB C a USB C di Baseus?<\/p><p>1. Il cavo \u00e8 realizzato in lega di zinco di prima qualit\u00e0 con una buona consistenza e pu\u00f2 sopportare un uso prolungato senza preoccuparsi di danni dovuti a piegature o urti.<\/p><p>2. Questo cavo USB C da 100W PD con corpo interamente in metallo \u00e8 in grado di caricare rapidamente telefoni, tablet e laptop senza surriscaldarsi.<\/p><p>3. 8 fili di 324 nuclei offrono una ricarica pi\u00f9 rapida, una bassa perdita di energia per ricaricare pi\u00f9 velocemente i computer portatili.<\/p><p>Potenza: 100W (20V\/5A)<br \/>Materiale: Lega di zinco + filo di nylon intrecciato<br \/>Velocit\u00e0 di trasmissione: 480Mbps<br \/>Lunghezza: 6,6 piedi o 3,3 piedi o 10 piedi<br \/>Protocolli di ricarica rapida: PD 3.0\/QC 4.0\/ricarica rapida Samsung<br \/>NOTA: il cavo non funziona per il monitor esterno.<br \/>Si tratta di un cavo da USB C a USB C, non di un cavo da USB C a USB A, il che significa che entrambe le estremit\u00e0 sono porte USB C. (Assicurarsi che sia necessario un cavo USB C prima dell'acquisto). (Assicurarsi di aver bisogno di un cavo da USB C a USB prima dell'acquisto).<\/p>\t\t\t\t\t\t\t\t<\/div>\n\t\t\t\t<\/div>\n\t\t\t\t\t<\/div>\n\t\t\t\t<\/div>\n\t\t<div class=\"elementor-element elementor-element-8c190bd e-flex e-con-boxed e-con e-parent\" data-id=\"8c190bd\" data-element_type=\"container\" data-e-type=\"container\">\n\t\t\t\t\t<div class=\"e-con-inner\">\n\t\t\t\t<div class=\"elementor-element elementor-element-631cdb7 elementor-widget elementor-widget-image-gallery\" data-id=\"631cdb7\" data-element_type=\"widget\" data-e-type=\"widget\" data-widget_type=\"image-gallery.default\">\n\t\t\t\t<div class=\"elementor-widget-container\">\n\t\t\t\t\t\t\t<div class=\"elementor-image-gallery\">\n\t\t\t<div id='gallery-2' class='gallery galleryid-1022 gallery-columns-1 gallery-size-full'><figure class='gallery-item'>\n\t\t\t<div class='gallery-icon landscape'>\n\t\t\t\t<img loading=\"lazy\" decoding=\"async\" width=\"1000\" height=\"618\" src=\"https:\/\/ulifeneed.com\/wp-content\/uploads\/2025\/11\/019-8.jpg\" class=\"attachment-full size-full\" alt=\"\" srcset=\"https:\/\/ulifeneed.com\/wp-content\/uploads\/2025\/11\/019-8.jpg 1000w, https:\/\/ulifeneed.com\/wp-content\/uploads\/2025\/11\/019-8-300x185.jpg 300w, https:\/\/ulifeneed.com\/wp-content\/uploads\/2025\/11\/019-8-768x475.jpg 768w, https:\/\/ulifeneed.com\/wp-content\/uploads\/2025\/11\/019-8-600x371.jpg 600w\" sizes=\"(max-width: 1000px) 100vw, 1000px\" \/>\n\t\t\t<\/div><\/figure><figure class='gallery-item'>\n\t\t\t<div class='gallery-icon landscape'>\n\t\t\t\t<img loading=\"lazy\" decoding=\"async\" width=\"1000\" height=\"618\" src=\"https:\/\/ulifeneed.com\/wp-content\/uploads\/2025\/11\/019-9.jpg\" class=\"attachment-full size-full\" alt=\"\" srcset=\"https:\/\/ulifeneed.com\/wp-content\/uploads\/2025\/11\/019-9.jpg 1000w, https:\/\/ulifeneed.com\/wp-content\/uploads\/2025\/11\/019-9-300x185.jpg 300w, https:\/\/ulifeneed.com\/wp-content\/uploads\/2025\/11\/019-9-768x475.jpg 768w, https:\/\/ulifeneed.com\/wp-content\/uploads\/2025\/11\/019-9-600x371.jpg 600w\" sizes=\"(max-width: 1000px) 100vw, 1000px\" \/>\n\t\t\t<\/div><\/figure><figure class='gallery-item'>\n\t\t\t<div class='gallery-icon landscape'>\n\t\t\t\t<img loading=\"lazy\" decoding=\"async\" width=\"1000\" height=\"618\" src=\"https:\/\/ulifeneed.com\/wp-content\/uploads\/2025\/11\/019-10.jpg\" class=\"attachment-full size-full\" alt=\"\" srcset=\"https:\/\/ulifeneed.com\/wp-content\/uploads\/2025\/11\/019-10.jpg 1000w, https:\/\/ulifeneed.com\/wp-content\/uploads\/2025\/11\/019-10-300x185.jpg 300w, https:\/\/ulifeneed.com\/wp-content\/uploads\/2025\/11\/019-10-768x475.jpg 768w, https:\/\/ulifeneed.com\/wp-content\/uploads\/2025\/11\/019-10-600x371.jpg 600w\" sizes=\"(max-width: 1000px) 100vw, 1000px\" \/>\n\t\t\t<\/div><\/figure><figure class='gallery-item'>\n\t\t\t<div class='gallery-icon landscape'>\n\t\t\t\t<img loading=\"lazy\" decoding=\"async\" width=\"1000\" height=\"618\" src=\"https:\/\/ulifeneed.com\/wp-content\/uploads\/2025\/11\/019-11.jpg\" class=\"attachment-full size-full\" alt=\"\" srcset=\"https:\/\/ulifeneed.com\/wp-content\/uploads\/2025\/11\/019-11.jpg 1000w, https:\/\/ulifeneed.com\/wp-content\/uploads\/2025\/11\/019-11-300x185.jpg 300w, https:\/\/ulifeneed.com\/wp-content\/uploads\/2025\/11\/019-11-768x475.jpg 768w, https:\/\/ulifeneed.com\/wp-content\/uploads\/2025\/11\/019-11-600x371.jpg 600w\" sizes=\"(max-width: 1000px) 100vw, 1000px\" \/>\n\t\t\t<\/div><\/figure>\n\t\t<\/div>\n\t\t<\/div>\n\t\t\t\t\t\t<\/div>\n\t\t\t\t<\/div>\n\t\t\t\t\t<\/div>\n\t\t\t\t<\/div>\n\t\t\t\t<\/div>","protected":false},"excerpt":{"rendered":"<h2>Cavo USB C, 100W PD 5A QC 4.0 Cavo di ricarica rapida da USBC a USBC, cavo di ricarica in lega di zinco in nylon intrecciato di tipo C per iPhone 17 16 Pro Plus Pro Max, MacBook, iPad\/mini, Samsung S23\/S22+<\/h2>\n<p><strong>Tipo di connettore<\/strong>: USB tipo C<br \/>\n<strong>Tipo di cavo<\/strong>: Cavo USB C<br \/>\n<strong>Dispositivi compatibili<\/strong>: Computer portatile, smartphone, tablet<br \/>\n<strong>Caratteristica speciale<\/strong>: Intrecciato, Trasferimento dati, Ricarica veloce, Alta velocit\u00e0, Leggero<\/p>","protected":false},"featured_media":1023,"comment_status":"open","ping_status":"closed","template":"","meta":{"site-sidebar-layout":"no-sidebar","site-content-layout":"page-builder","ast-site-content-layout":"normal-width-container","site-content-style":"default","site-sidebar-style":"default","ast-global-header-display":"","ast-banner-title-visibility":"","ast-main-header-display":"","ast-hfb-above-header-display":"","ast-hfb-below-header-display":"","ast-hfb-mobile-header-display":"","site-post-title":"","ast-breadcrumbs-content":"","ast-featured-img":"disabled","footer-sml-layout":"","theme-transparent-header-meta":"default","adv-header-id-meta":"","stick-header-meta":"","header-above-stick-meta":"","header-main-stick-meta":"","header-below-stick-meta":"","astra-migrate-meta-layouts":"set","ast-page-background-enabled":"default","ast-page-background-meta":{"desktop":{"background-color":"","background-image":"","background-repeat":"repeat","background-position":"center center","background-size":"auto","background-attachment":"scroll","background-type":"","background-media":"","overlay-type":"","overlay-color":"","overlay-opacity":"","overlay-gradient":""},"tablet":{"background-color":"","background-image":"","background-repeat":"repeat","background-position":"center center","background-size":"auto","background-attachment":"scroll","background-type":"","background-media":"","overlay-type":"","overlay-color":"","overlay-opacity":"","overlay-gradient":""},"mobile":{"background-color":"","background-image":"","background-repeat":"repeat","background-position":"center center","background-size":"auto","background-attachment":"scroll","background-type":"","background-media":"","overlay-type":"","overlay-color":"","overlay-opacity":"","overlay-gradient":""}},"ast-content-background-meta":{"desktop":{"background-color":"var(--ast-global-color-5)","background-image":"","background-repeat":"repeat","background-position":"center center","background-size":"auto","background-attachment":"scroll","background-type":"","background-media":"","overlay-type":"","overlay-color":"","overlay-opacity":"","overlay-gradient":""},"tablet":{"background-color":"var(--ast-global-color-5)","background-image":"","background-repeat":"repeat","background-position":"center center","background-size":"auto","background-attachment":"scroll","background-type":"","background-media":"","overlay-type":"","overlay-color":"","overlay-opacity":"","overlay-gradient":""},"mobile":{"background-color":"var(--ast-global-color-5)","background-image":"","background-repeat":"repeat","background-position":"center center","background-size":"auto","background-attachment":"scroll","background-type":"","background-media":"","overlay-type":"","overlay-color":"","overlay-opacity":"","overlay-gradient":""}}},"product_brand":[],"product_cat":[31,15],"product_tag":[],"class_list":{"0":"post-1022","1":"product","2":"type-product","3":"status-publish","4":"has-post-thumbnail","6":"product_cat-usb-cables","7":"product_cat-3c-electronic-products","8":"desktop-align-left","9":"tablet-align-left","10":"mobile-align-left","12":"first","13":"instock","14":"shipping-taxable","15":"product-type-simple"},"_links":{"self":[{"href":"https:\/\/ulifeneed.com\/it\/wp-json\/wp\/v2\/product\/1022","targetHints":{"allow":["GET"]}}],"collection":[{"href":"https:\/\/ulifeneed.com\/it\/wp-json\/wp\/v2\/product"}],"about":[{"href":"https:\/\/ulifeneed.com\/it\/wp-json\/wp\/v2\/types\/product"}],"replies":[{"embeddable":true,"href":"https:\/\/ulifeneed.com\/it\/wp-json\/wp\/v2\/comments?post=1022"}],"version-history":[{"count":6,"href":"https:\/\/ulifeneed.com\/it\/wp-json\/wp\/v2\/product\/1022\/revisions"}],"predecessor-version":[{"id":1501,"href":"https:\/\/ulifeneed.com\/it\/wp-json\/wp\/v2\/product\/1022\/revisions\/1501"}],"wp:featuredmedia":[{"embeddable":true,"href":"https:\/\/ulifeneed.com\/it\/wp-json\/wp\/v2\/media\/1023"}],"wp:attachment":[{"href":"https:\/\/ulifeneed.com\/it\/wp-json\/wp\/v2\/media?parent=1022"}],"wp:term":[{"taxonomy":"product_brand","embeddable":true,"href":"https:\/\/ulifeneed.com\/it\/wp-json\/wp\/v2\/product_brand?post=1022"},{"taxonomy":"product_cat","embeddable":true,"href":"https:\/\/ulifeneed.com\/it\/wp-json\/wp\/v2\/product_cat?post=1022"},{"taxonomy":"product_tag","embeddable":true,"href":"https:\/\/ulifeneed.com\/it\/wp-json\/wp\/v2\/product_tag?post=1022"}],"curies":[{"name":"wp","href":"https:\/\/api.w.org\/{rel}","templated":true}]}}