{"id":1436,"date":"2025-11-11T03:16:11","date_gmt":"2025-11-11T03:16:11","guid":{"rendered":"https:\/\/ulifeneed.com\/?page_id=1436"},"modified":"2025-11-11T03:17:43","modified_gmt":"2025-11-11T03:17:43","slug":"politica-di-spedizione","status":"publish","type":"page","link":"https:\/\/ulifeneed.com\/it\/shipping-policy\/","title":{"rendered":"Politica di spedizione"},"content":{"rendered":"<div data-elementor-type=\"wp-page\" data-elementor-id=\"1436\" class=\"elementor elementor-1436\">\n\t\t\t\t<div class=\"elementor-element elementor-element-f8efc0f e-flex e-con-boxed e-con e-parent\" data-id=\"f8efc0f\" data-element_type=\"container\" data-e-type=\"container\">\n\t\t\t\t\t<div class=\"e-con-inner\">\n\t\t\t\t<div class=\"elementor-element elementor-element-22f8fa6 elementor-widget elementor-widget-text-editor\" data-id=\"22f8fa6\" data-element_type=\"widget\" data-e-type=\"widget\" data-widget_type=\"text-editor.default\">\n\t\t\t\t<div class=\"elementor-widget-container\">\n\t\t\t\t\t\t\t\t\t<h2>Politica di spedizione<\/h2><p>1. QUALI SONO LE MIE OPZIONI DI SPEDIZIONE?<\/p><p>Standard: 2-10 giorni lavorativi.<\/p><p>Consegna negli Stati Uniti continentali entro sei giorni lavorativi, dal luned\u00ec al venerd\u00ec, entro le 19:00. I tempi di consegna in Alaska e Hawaii possono variare.<\/p><p>2. COME VENGONO CALCOLATE LE SPESE DI SPEDIZIONE?<\/p><p>Tutte le spese di spedizione sono stimate in base al peso, alle localit\u00e0 di consegna\/spedizione e ai metodi di spedizione. Le spese di spedizione effettive possono essere applicate.<\/p><p>3. POSSO FAR CONSEGNARE UN ORDINE NEL FINE SETTIMANA?<\/p><p>ulifeneed.com non prevede attualmente consegne il sabato o la domenica.<\/p><p>4. COSA DEVO FARE SE IL MIO ORDINE \u00c8 IN RITARDO?<\/p><p>Se il tempo di consegna previsto indicato con la scelta della spedizione \u00e8 scaduto e le informazioni di tracciamento non aiutano, contattateci immediatamente.<\/p><p>Il vostro ordine potrebbe essere in ritardo perch\u00e9 non c'era nessuno ad accettare la consegna. Se non siete presenti al momento del tentativo di consegna, il corriere far\u00e0 un secondo tentativo e spesso anche un terzo. Se la consegna non viene ancora effettuata, la spedizione verr\u00e0 restituita al nostro magazzino. Il cliente \u00e8 tenuto a segnalare qualsiasi ordine non consegnato entro 25 giorni dalla data dell'ordine.<\/p><p>5. COSA SUCCEDE SE IL MIO PACCO \u00c8 DANNEGGIATO AL MOMENTO DELLA CONSEGNA?<\/p><p>Se il pacco arriva danneggiato, potete rifiutare la consegna senza alcun costo per voi. Vi preghiamo di contattarci immediatamente in modo da poter correggere la situazione il prima possibile.<\/p>\t\t\t\t\t\t\t\t<\/div>\n\t\t\t\t<\/div>\n\t\t\t\t\t<\/div>\n\t\t\t\t<\/div>\n\t\t\t\t<\/div>","protected":false},"excerpt":{"rendered":"<p>Shipping Policy 1. WHAT ARE MY SHIPPING OPTIONS? Standard: 2-10 Business Days. Delivery in the continental U.S. within six business days, Monday-Friday, by 7:00 PM. Delivery times to Alaska and Hawaii may vary. 2. HOW ARE MY SHIPPING COSTS CALCULATED? We estimate all of our shipping charges by weight, delivery \/ ship to locations and [&hellip;]<\/p>\n","protected":false},"author":1,"featured_media":0,"parent":0,"menu_order":13,"comment_status":"closed","ping_status":"closed","template":"","meta":{"site-sidebar-layout":"no-sidebar","site-content-layout":"page-builder","ast-site-content-layout":"full-width-container","site-content-style":"default","site-sidebar-style":"default","ast-global-header-display":"","ast-banner-title-visibility":"","ast-main-header-display":"","ast-hfb-above-header-display":"","ast-hfb-below-header-display":"","ast-hfb-mobile-header-display":"","site-post-title":"","ast-breadcrumbs-content":"","ast-featured-img":"disabled","footer-sml-layout":"","theme-transparent-header-meta":"","adv-header-id-meta":"","stick-header-meta":"","header-above-stick-meta":"","header-main-stick-meta":"","header-below-stick-meta":"","astra-migrate-meta-layouts":"set","ast-page-background-enabled":"default","ast-page-background-meta":{"desktop":{"background-color":"","background-image":"","background-repeat":"repeat","background-position":"center center","background-size":"auto","background-attachment":"scroll","background-type":"","background-media":"","overlay-type":"","overlay-color":"","overlay-opacity":"","overlay-gradient":""},"tablet":{"background-color":"","background-image":"","background-repeat":"repeat","background-position":"center center","background-size":"auto","background-attachment":"scroll","background-type":"","background-media":"","overlay-type":"","overlay-color":"","overlay-opacity":"","overlay-gradient":""},"mobile":{"background-color":"","background-image":"","background-repeat":"repeat","background-position":"center center","background-size":"auto","background-attachment":"scroll","background-type":"","background-media":"","overlay-type":"","overlay-color":"","overlay-opacity":"","overlay-gradient":""}},"ast-content-background-meta":{"desktop":{"background-color":"var(--ast-global-color-5)","background-image":"","background-repeat":"repeat","background-position":"center center","background-size":"auto","background-attachment":"scroll","background-type":"","background-media":"","overlay-type":"","overlay-color":"","overlay-opacity":"","overlay-gradient":""},"tablet":{"background-color":"var(--ast-global-color-5)","background-image":"","background-repeat":"repeat","background-position":"center center","background-size":"auto","background-attachment":"scroll","background-type":"","background-media":"","overlay-type":"","overlay-color":"","overlay-opacity":"","overlay-gradient":""},"mobile":{"background-color":"var(--ast-global-color-5)","background-image":"","background-repeat":"repeat","background-position":"center center","background-size":"auto","background-attachment":"scroll","background-type":"","background-media":"","overlay-type":"","overlay-color":"","overlay-opacity":"","overlay-gradient":""}},"footnotes":""},"class_list":["post-1436","page","type-page","status-publish","hentry"],"_links":{"self":[{"href":"https:\/\/ulifeneed.com\/it\/wp-json\/wp\/v2\/pages\/1436","targetHints":{"allow":["GET"]}}],"collection":[{"href":"https:\/\/ulifeneed.com\/it\/wp-json\/wp\/v2\/pages"}],"about":[{"href":"https:\/\/ulifeneed.com\/it\/wp-json\/wp\/v2\/types\/page"}],"author":[{"embeddable":true,"href":"https:\/\/ulifeneed.com\/it\/wp-json\/wp\/v2\/users\/1"}],"replies":[{"embeddable":true,"href":"https:\/\/ulifeneed.com\/it\/wp-json\/wp\/v2\/comments?post=1436"}],"version-history":[{"count":4,"href":"https:\/\/ulifeneed.com\/it\/wp-json\/wp\/v2\/pages\/1436\/revisions"}],"predecessor-version":[{"id":1440,"href":"https:\/\/ulifeneed.com\/it\/wp-json\/wp\/v2\/pages\/1436\/revisions\/1440"}],"wp:attachment":[{"href":"https:\/\/ulifeneed.com\/it\/wp-json\/wp\/v2\/media?parent=1436"}],"curies":[{"name":"wp","href":"https:\/\/api.w.org\/{rel}","templated":true}]}}