{"id":985,"date":"2025-11-07T04:38:08","date_gmt":"2025-11-07T04:38:08","guid":{"rendered":"https:\/\/ulifeneed.com\/?post_type=product&#038;p=985"},"modified":"2025-11-28T04:49:11","modified_gmt":"2025-11-28T04:49:11","slug":"hp-printer-cable-6ft-square-usb-a-to-usb-b-cable","status":"publish","type":"product","link":"https:\/\/ulifeneed.com\/fr\/product\/hp-printer-cable-6ft-square-usb-a-to-usb-b-cable\/","title":{"rendered":"HP Printer Cable 6ft, Square USB A to USB B Cable for Printer\/Scanner Epson, HP, Canon, Brother, Ethernet Print Smoothly Connect to Computer\/Laptop\/Pc - USB 2.0 Type B Impresora Midi Long Cord, 6 Foot"},"content":{"rendered":"<div data-elementor-type=\"wp-post\" data-elementor-id=\"985\" class=\"elementor elementor-985\">\n\t\t\t\t<div class=\"elementor-element elementor-element-7ab7465 e-flex e-con-boxed e-con e-parent\" data-id=\"7ab7465\" data-element_type=\"container\" data-e-type=\"container\">\n\t\t\t\t\t<div class=\"e-con-inner\">\n\t\t\t\t<div class=\"elementor-element elementor-element-01349a5 elementor-widget elementor-widget-text-editor\" data-id=\"01349a5\" data-element_type=\"widget\" data-e-type=\"widget\" data-widget_type=\"text-editor.default\">\n\t\t\t\t<div class=\"elementor-widget-container\">\n\t\t\t\t\t\t\t\t\t<p><strong>Port USB-A vers USB-B 2.0 2.Durable<\/strong>: Connecteurs plaqu\u00e9s or 3. Largement compatible : Fonctionne avec plusieurs imprimantes et appareils USB B 4 : Offre plus de stabilit\u00e9 que le Wi-Fi 5) Grande longueur : 6\/10 pieds<\/p><p><strong>Connectivit\u00e9 \u00e0 haut d\u00e9bit<\/strong>: Connectez votre imprimante, votre scanner ou votre disque dur externe \u00e0 votre ordinateur gr\u00e2ce \u00e0 ce c\u00e2ble USB A vers USB B de haute qualit\u00e9. Con\u00e7u pour un transfert de donn\u00e9es rapide et fiable, ce c\u00e2ble assure une connexion stable entre vos appareils.<\/p><p><strong>Compatibilit\u00e9 universelle<\/strong>: Le c\u00e2ble d'imprimante USB 2.0 est compatible avec une large gamme d'appareils, notamment les imprimantes, les scanners, les serveurs, les disques durs, les appareils photo, les pianos \u00e9lectroniques, les claviers MIDI, les microphones, les d\u00e9codeurs DAC et d'autres p\u00e9riph\u00e9riques utilisant un port USB B. Il se connecte facilement aux ordinateurs portables, aux ordinateurs ou \u00e0 d'autres appareils compatibles USB pour le transfert de donn\u00e9es. Il se connecte facilement aux ordinateurs portables, aux ordinateurs, aux PC ou \u00e0 d'autres appareils compatibles USB pour le transfert de donn\u00e9es.<\/p><p><strong>Durable et fiable<\/strong>: Dot\u00e9 d'une gaine en PVC robuste et flexible et de connecteurs plaqu\u00e9s or r\u00e9sistants \u00e0 la corrosion, ce c\u00e2ble d'imprimante est con\u00e7u pour une utilisation durable. La construction durable minimise les interf\u00e9rences et la perte de signal, garantissant une transmission de donn\u00e9es fluide et coh\u00e9rente.<\/p><p><strong>Plug and Play<\/strong>: Facile \u00e0 utiliser, il suffit de brancher l'extr\u00e9mit\u00e9 USB A sur votre ordinateur et l'extr\u00e9mit\u00e9 USB B sur votre imprimante - aucun pilote ni aucune installation de logiciel n'est n\u00e9cessaire. Elle est plus stable qu'une connexion sans fil Wi-Fi.<\/p><p><strong>Vari\u00e9t\u00e9 de longueurs<\/strong>: Disponible en plusieurs longueurs (6\/10 pieds) pour s'adapter \u00e0 votre configuration, que vous ayez besoin d'une connexion courte pour une installation de bureau ou d'un c\u00e2ble plus long pour plus de flexibilit\u00e9 dans votre espace de travail.<\/p><p><strong>Ce que vous obtenez<\/strong>: Si vous n'\u00eates pas satisfait du cordon d'imprimante USB, n'h\u00e9sitez pas \u00e0 nous contacter, nous r\u00e9soudrons votre probl\u00e8me quoi qu'il arrive. Nous vous souhaitons sinc\u00e8rement une bonne exp\u00e9rience d'achat !<\/p>\t\t\t\t\t\t\t\t<\/div>\n\t\t\t\t<\/div>\n\t\t\t\t\t<\/div>\n\t\t\t\t<\/div>\n\t\t<div class=\"elementor-element elementor-element-86893d4 e-flex e-con-boxed e-con e-parent\" data-id=\"86893d4\" data-element_type=\"container\" data-e-type=\"container\">\n\t\t\t\t\t<div class=\"e-con-inner\">\n\t\t\t\t<div class=\"elementor-element elementor-element-8714e9f elementor-widget elementor-widget-image-gallery\" data-id=\"8714e9f\" data-element_type=\"widget\" data-e-type=\"widget\" data-widget_type=\"image-gallery.default\">\n\t\t\t\t<div class=\"elementor-widget-container\">\n\t\t\t\t\t\t\t<div class=\"elementor-image-gallery\">\n\t\t\t<div id='gallery-1' class='gallery galleryid-985 gallery-columns-3 gallery-size-medium_large'><figure class='gallery-item'>\n\t\t\t<div class='gallery-icon portrait'>\n\t\t\t\t<img fetchpriority=\"high\" decoding=\"async\" width=\"768\" height=\"960\" src=\"https:\/\/ulifeneed.com\/wp-content\/uploads\/2025\/11\/015-7-768x960.jpg\" class=\"attachment-medium_large size-medium_large\" alt=\"\" srcset=\"https:\/\/ulifeneed.com\/wp-content\/uploads\/2025\/11\/015-7-768x960.jpg 768w, https:\/\/ulifeneed.com\/wp-content\/uploads\/2025\/11\/015-7-240x300.jpg 240w, https:\/\/ulifeneed.com\/wp-content\/uploads\/2025\/11\/015-7-819x1024.jpg 819w, https:\/\/ulifeneed.com\/wp-content\/uploads\/2025\/11\/015-7-600x750.jpg 600w, https:\/\/ulifeneed.com\/wp-content\/uploads\/2025\/11\/015-7.jpg 1000w\" sizes=\"(max-width: 768px) 100vw, 768px\" \/>\n\t\t\t<\/div><\/figure><figure class='gallery-item'>\n\t\t\t<div class='gallery-icon portrait'>\n\t\t\t\t<img decoding=\"async\" width=\"768\" height=\"960\" src=\"https:\/\/ulifeneed.com\/wp-content\/uploads\/2025\/11\/015-5-768x960.jpg\" class=\"attachment-medium_large size-medium_large\" alt=\"\" srcset=\"https:\/\/ulifeneed.com\/wp-content\/uploads\/2025\/11\/015-5-768x960.jpg 768w, https:\/\/ulifeneed.com\/wp-content\/uploads\/2025\/11\/015-5-240x300.jpg 240w, https:\/\/ulifeneed.com\/wp-content\/uploads\/2025\/11\/015-5-819x1024.jpg 819w, https:\/\/ulifeneed.com\/wp-content\/uploads\/2025\/11\/015-5-600x750.jpg 600w, https:\/\/ulifeneed.com\/wp-content\/uploads\/2025\/11\/015-5.jpg 1000w\" sizes=\"(max-width: 768px) 100vw, 768px\" \/>\n\t\t\t<\/div><\/figure><figure class='gallery-item'>\n\t\t\t<div class='gallery-icon portrait'>\n\t\t\t\t<img decoding=\"async\" width=\"768\" height=\"960\" src=\"https:\/\/ulifeneed.com\/wp-content\/uploads\/2025\/11\/015-3-768x960.jpg\" class=\"attachment-medium_large size-medium_large\" alt=\"\" srcset=\"https:\/\/ulifeneed.com\/wp-content\/uploads\/2025\/11\/015-3-768x960.jpg 768w, https:\/\/ulifeneed.com\/wp-content\/uploads\/2025\/11\/015-3-240x300.jpg 240w, https:\/\/ulifeneed.com\/wp-content\/uploads\/2025\/11\/015-3-819x1024.jpg 819w, https:\/\/ulifeneed.com\/wp-content\/uploads\/2025\/11\/015-3-600x750.jpg 600w, https:\/\/ulifeneed.com\/wp-content\/uploads\/2025\/11\/015-3.jpg 1000w\" sizes=\"(max-width: 768px) 100vw, 768px\" \/>\n\t\t\t<\/div><\/figure><figure class='gallery-item'>\n\t\t\t<div class='gallery-icon portrait'>\n\t\t\t\t<img loading=\"lazy\" decoding=\"async\" width=\"768\" height=\"960\" src=\"https:\/\/ulifeneed.com\/wp-content\/uploads\/2025\/11\/015-2-768x960.jpg\" class=\"attachment-medium_large size-medium_large\" alt=\"\" srcset=\"https:\/\/ulifeneed.com\/wp-content\/uploads\/2025\/11\/015-2-768x960.jpg 768w, https:\/\/ulifeneed.com\/wp-content\/uploads\/2025\/11\/015-2-240x300.jpg 240w, https:\/\/ulifeneed.com\/wp-content\/uploads\/2025\/11\/015-2-819x1024.jpg 819w, https:\/\/ulifeneed.com\/wp-content\/uploads\/2025\/11\/015-2-600x750.jpg 600w, https:\/\/ulifeneed.com\/wp-content\/uploads\/2025\/11\/015-2.jpg 1000w\" sizes=\"(max-width: 768px) 100vw, 768px\" \/>\n\t\t\t<\/div><\/figure><figure class='gallery-item'>\n\t\t\t<div class='gallery-icon portrait'>\n\t\t\t\t<img loading=\"lazy\" decoding=\"async\" width=\"768\" height=\"960\" src=\"https:\/\/ulifeneed.com\/wp-content\/uploads\/2025\/11\/015-4-768x960.jpg\" class=\"attachment-medium_large size-medium_large\" alt=\"\" srcset=\"https:\/\/ulifeneed.com\/wp-content\/uploads\/2025\/11\/015-4-768x960.jpg 768w, https:\/\/ulifeneed.com\/wp-content\/uploads\/2025\/11\/015-4-240x300.jpg 240w, https:\/\/ulifeneed.com\/wp-content\/uploads\/2025\/11\/015-4-819x1024.jpg 819w, https:\/\/ulifeneed.com\/wp-content\/uploads\/2025\/11\/015-4-600x750.jpg 600w, https:\/\/ulifeneed.com\/wp-content\/uploads\/2025\/11\/015-4.jpg 1000w\" sizes=\"(max-width: 768px) 100vw, 768px\" \/>\n\t\t\t<\/div><\/figure><figure class='gallery-item'>\n\t\t\t<div class='gallery-icon portrait'>\n\t\t\t\t<img loading=\"lazy\" decoding=\"async\" width=\"768\" height=\"960\" src=\"https:\/\/ulifeneed.com\/wp-content\/uploads\/2025\/11\/015-6-768x960.jpg\" class=\"attachment-medium_large size-medium_large\" alt=\"\" srcset=\"https:\/\/ulifeneed.com\/wp-content\/uploads\/2025\/11\/015-6-768x960.jpg 768w, https:\/\/ulifeneed.com\/wp-content\/uploads\/2025\/11\/015-6-240x300.jpg 240w, https:\/\/ulifeneed.com\/wp-content\/uploads\/2025\/11\/015-6-819x1024.jpg 819w, https:\/\/ulifeneed.com\/wp-content\/uploads\/2025\/11\/015-6-600x750.jpg 600w, https:\/\/ulifeneed.com\/wp-content\/uploads\/2025\/11\/015-6.jpg 1000w\" sizes=\"(max-width: 768px) 100vw, 768px\" \/>\n\t\t\t<\/div><\/figure>\n\t\t<\/div>\n\t\t<\/div>\n\t\t\t\t\t\t<\/div>\n\t\t\t\t<\/div>\n\t\t\t\t\t<\/div>\n\t\t\t\t<\/div>\n\t\t<div class=\"elementor-element elementor-element-48b475b e-flex e-con-boxed e-con e-parent\" data-id=\"48b475b\" data-element_type=\"container\" data-e-type=\"container\">\n\t\t\t\t\t<div class=\"e-con-inner\">\n\t\t\t\t<div class=\"elementor-element elementor-element-0f74b56 elementor-widget elementor-widget-text-editor\" data-id=\"0f74b56\" data-element_type=\"widget\" data-e-type=\"widget\" data-widget_type=\"text-editor.default\">\n\t\t\t\t<div class=\"elementor-widget-container\">\n\t\t\t\t\t\t\t\t\t<p>Caract\u00e9ristiques :<br \/>Connecteurs plaqu\u00e9s or<br \/>Port USB-A vers USB-B<br \/>Connexion m\u00e2le-m\u00e2le<br \/>Disponible en longueurs de 3\/6\/10\/20 pieds<br \/>Couleur noire<br \/>1 paquet<br \/>Compatible avec HP, Canon, Epson, Dell, Brother, Lexmark, Xerox, Samsung et d'autres appareils tels que les pianos, les DAC, et plus encore, pour se connecter \u00e0 un ordinateur portable ou \u00e0 un ordinateur (Mac\/PC) ou \u00e0 d'autres appareils compatibles USB.<\/p><p>Appareils compatibles :<br \/>HP :<br \/>Deskjet : 2540, 3630, 2132, 2130, 3520, 3720, 2542, 3636, 2544, 3050A<br \/>OfficeJet : 5740, 3831, 4658, 6600, 4500, 4650, 4620, 3830<br \/>Envy : 4527, 4520, 4523, 5546, 7640, 5530, 5540, 4524, 5544<br \/>Photosmart : 5520, 5510, 6520<br \/>LaserJet Pro : M15w, MFP M28w, MFP M227fdw, M404n, M507dn<br \/>OfficeJet Pro : 9015, 8025e, 3830, 5255, 7740<br \/>Canon :<br \/>Pixma : MG2520, MG3550, MG3650, MG4250, MG5220, MG5550, MG5750, MG3620, TR4520, TS5320, MX492, G6020<br \/>i-SENSYS : LBP6030w, LBP6200d, MF8280Cw<br \/>imageCLASS : MF264dw, MF644Cdw, LBP6030w, MF267dw, MF743Cdw<br \/>Epson :<br \/>Stylet : SX130, SX235w, SX400, SX515w<br \/>WorkForce : WF-2540, WF-2650, WF-2660, WF-2750, WF-3520, WF-3540, WF-3620, WF-2630, WF-3640, WF-2850, WF-2860, WF-4820, WF-7710, WF-7210<br \/>EcoTank : ET-2720, ET-3760, ET-4760, ET-M2170, ET-15000<br \/>Fr\u00e8re :<br \/>MFC : MFC-1910w, MFC-9330cdw, DCP-195c, DCPl-7055, DCP-l2520DW, L2710DW, L3750CDW, J497DW, L8900CDW, L6900DW<br \/>HL : HL-l8250CDN, MFC-9330cdw, Hl-l2300D, DCP-195c, DCPl-7055, DCP-l2520DW, L2350DW, L2370DW, L3210CW, L3230CDW, L5200DW<br \/>Lexmark :<br \/>X4650, X5650, CS317dn, CX510de, MS317dn, MX310dn, CX310n, MS711dn<br \/>Samsung :<br \/>CLX-3305FN, CLX-3175FW, ML-1010, ML-1200, ML-1250<br \/>Xpress : M2070W, SL-M2020W, SL-M2070FW, SL-M2835DW, SL-C480FW<br \/>Oki :<br \/>ML1120, C5650dn, C301dn, MC362dn, MC563dn<br \/>Autre :<br \/>Piano num\u00e9rique Yamaha, DAC, et plus encore.<\/p><p>Remarques importantes :<br \/>V\u00e9rifiez que votre appareil dispose d'un port femelle de type B et non d'un port USB standard, Micro-USB ou Mini-USB.<br \/>Ce c\u00e2ble imprimante\/scanner est principalement utilis\u00e9 pour le transfert de donn\u00e9es et ne peut pas \u00eatre utilis\u00e9 comme c\u00e2ble d'alimentation pour mettre l'imprimante sous tension.<\/p>\t\t\t\t\t\t\t\t<\/div>\n\t\t\t\t<\/div>\n\t\t\t\t\t<\/div>\n\t\t\t\t<\/div>\n\t\t\t\t<\/div>","protected":false},"excerpt":{"rendered":"<h2>HP Printer Cable 6ft, Square USB A to USB B Cable for Printer\/Scanner Epson, HP, Canon, Brother, Ethernet Print Smoothly Connect to Computer\/Laptop\/Pc - USB 2.0 Type B Impresora Midi Long Cord, 6 Foot<\/h2>\n<p><strong>Type de connecteur<\/strong>: USB 2.0, USB Type B, USB Type C<br \/>\n<strong>Type de c\u00e2ble<\/strong>: USB<br \/>\n<strong>Appareils compatibles<\/strong>: Imprimante<br \/>\n<strong>Dossier sp\u00e9cial<\/strong>: Sans enchev\u00eatrement<\/p>","protected":false},"featured_media":986,"comment_status":"open","ping_status":"closed","template":"","meta":{"site-sidebar-layout":"no-sidebar","site-content-layout":"page-builder","ast-site-content-layout":"normal-width-container","site-content-style":"default","site-sidebar-style":"default","ast-global-header-display":"","ast-banner-title-visibility":"","ast-main-header-display":"","ast-hfb-above-header-display":"","ast-hfb-below-header-display":"","ast-hfb-mobile-header-display":"","site-post-title":"","ast-breadcrumbs-content":"","ast-featured-img":"disabled","footer-sml-layout":"","theme-transparent-header-meta":"default","adv-header-id-meta":"","stick-header-meta":"","header-above-stick-meta":"","header-main-stick-meta":"","header-below-stick-meta":"","astra-migrate-meta-layouts":"set","ast-page-background-enabled":"default","ast-page-background-meta":{"desktop":{"background-color":"","background-image":"","background-repeat":"repeat","background-position":"center center","background-size":"auto","background-attachment":"scroll","background-type":"","background-media":"","overlay-type":"","overlay-color":"","overlay-opacity":"","overlay-gradient":""},"tablet":{"background-color":"","background-image":"","background-repeat":"repeat","background-position":"center center","background-size":"auto","background-attachment":"scroll","background-type":"","background-media":"","overlay-type":"","overlay-color":"","overlay-opacity":"","overlay-gradient":""},"mobile":{"background-color":"","background-image":"","background-repeat":"repeat","background-position":"center center","background-size":"auto","background-attachment":"scroll","background-type":"","background-media":"","overlay-type":"","overlay-color":"","overlay-opacity":"","overlay-gradient":""}},"ast-content-background-meta":{"desktop":{"background-color":"var(--ast-global-color-5)","background-image":"","background-repeat":"repeat","background-position":"center center","background-size":"auto","background-attachment":"scroll","background-type":"","background-media":"","overlay-type":"","overlay-color":"","overlay-opacity":"","overlay-gradient":""},"tablet":{"background-color":"var(--ast-global-color-5)","background-image":"","background-repeat":"repeat","background-position":"center center","background-size":"auto","background-attachment":"scroll","background-type":"","background-media":"","overlay-type":"","overlay-color":"","overlay-opacity":"","overlay-gradient":""},"mobile":{"background-color":"var(--ast-global-color-5)","background-image":"","background-repeat":"repeat","background-position":"center center","background-size":"auto","background-attachment":"scroll","background-type":"","background-media":"","overlay-type":"","overlay-color":"","overlay-opacity":"","overlay-gradient":""}}},"product_brand":[],"product_cat":[31,15],"product_tag":[],"class_list":{"0":"post-985","1":"product","2":"type-product","3":"status-publish","4":"has-post-thumbnail","6":"product_cat-usb-cables","7":"product_cat-3c-electronic-products","8":"desktop-align-left","9":"tablet-align-left","10":"mobile-align-left","12":"first","13":"instock","14":"sale","15":"shipping-taxable","16":"purchasable","17":"product-type-simple"},"_links":{"self":[{"href":"https:\/\/ulifeneed.com\/fr\/wp-json\/wp\/v2\/product\/985","targetHints":{"allow":["GET"]}}],"collection":[{"href":"https:\/\/ulifeneed.com\/fr\/wp-json\/wp\/v2\/product"}],"about":[{"href":"https:\/\/ulifeneed.com\/fr\/wp-json\/wp\/v2\/types\/product"}],"replies":[{"embeddable":true,"href":"https:\/\/ulifeneed.com\/fr\/wp-json\/wp\/v2\/comments?post=985"}],"version-history":[{"count":6,"href":"https:\/\/ulifeneed.com\/fr\/wp-json\/wp\/v2\/product\/985\/revisions"}],"predecessor-version":[{"id":1499,"href":"https:\/\/ulifeneed.com\/fr\/wp-json\/wp\/v2\/product\/985\/revisions\/1499"}],"wp:featuredmedia":[{"embeddable":true,"href":"https:\/\/ulifeneed.com\/fr\/wp-json\/wp\/v2\/media\/986"}],"wp:attachment":[{"href":"https:\/\/ulifeneed.com\/fr\/wp-json\/wp\/v2\/media?parent=985"}],"wp:term":[{"taxonomy":"product_brand","embeddable":true,"href":"https:\/\/ulifeneed.com\/fr\/wp-json\/wp\/v2\/product_brand?post=985"},{"taxonomy":"product_cat","embeddable":true,"href":"https:\/\/ulifeneed.com\/fr\/wp-json\/wp\/v2\/product_cat?post=985"},{"taxonomy":"product_tag","embeddable":true,"href":"https:\/\/ulifeneed.com\/fr\/wp-json\/wp\/v2\/product_tag?post=985"}],"curies":[{"name":"wp","href":"https:\/\/api.w.org\/{rel}","templated":true}]}}