{"id":933,"date":"2025-11-07T04:07:51","date_gmt":"2025-11-07T04:07:51","guid":{"rendered":"https:\/\/ulifeneed.com\/?post_type=product&#038;p=933"},"modified":"2025-11-28T04:48:42","modified_gmt":"2025-11-28T04:48:42","slug":"car-carplay-cable-2pack-3ft-coiled-usb-a-to-usb-c-fast-charge","status":"publish","type":"product","link":"https:\/\/ulifeneed.com\/fr\/product\/car-carplay-cable-2pack-3ft-coiled-usb-a-to-usb-c-fast-charge\/","title":{"rendered":"C\u00e2ble Carplay 2Pack 3ft Coiled USB A to USB C Fast Charge Cord for iPhone 17\/16\/15\/Plus\/Pro Max\/MacBook Pro, Auto Coiled Retractable iPhone Car Cord"},"content":{"rendered":"<div data-elementor-type=\"wp-post\" data-elementor-id=\"933\" class=\"elementor elementor-933\">\n\t\t\t\t<div class=\"elementor-element elementor-element-7ab7465 e-flex e-con-boxed e-con e-parent\" data-id=\"7ab7465\" data-element_type=\"container\" data-e-type=\"container\">\n\t\t\t\t\t<div class=\"e-con-inner\">\n\t\t\t\t<div class=\"elementor-element elementor-element-01349a5 elementor-widget elementor-widget-text-editor\" data-id=\"01349a5\" data-element_type=\"widget\" data-e-type=\"widget\" data-widget_type=\"text-editor.default\">\n\t\t\t\t<div class=\"elementor-widget-container\">\n\t\t\t\t\t\t\t\t\t<p>\u3010Coiled USB C Fast Charging Cable for Car\u3011 : 3 ft cordon de chargeur iphone enroul\u00e9 (longueur de traction : 1,15FT-3,28FT) peut bien \u00e9conomiser l'utilisation de l'espace, le choix parfait pour l'utilisation de la charge de voiture et de la banquette arri\u00e8re.<br \/>\u3010Strong iPhone Carplay Cord, Tear and Tangle Resistant\u3011\uff1a Le c\u00e2ble USB C est con\u00e7u avec extensible, pas d'enchev\u00eatrement, pas de n\u0153ud, et ne prend pas de place, ce c\u00e2ble est tr\u00e8s r\u00e9sistant \u00e0 la d\u00e9chirure et \u00e0 l'enchev\u00eatrement, assurant une durabilit\u00e9 \u00e0 long terme. Il r\u00e9siste aux \u00e9tirements et aux pliages fr\u00e9quents sans se rompre.<br \/>\u3010Widely Compatibility\u3011 : Cordon de charge USB C compatible avec iPhone 16\/16 Plus\/16 Pro\/16 Pro Max\/15\/15 Plus\/ 15 Pro\/ 15 Pro Max\/ Samsung Galaxy S10 S10e S10+ Plus et autres appareils de type c.<br \/>\u3010Fast Charge &amp; Data Transfer\u3011USB C Cable Fast Charging prend en charge une charge s\u00fbre (3A) et un transfert de donn\u00e9es rapide (480Mbps), travaillant plus efficacement et \u00e9conomisant le temps de charge. Le cordon de charge enroul\u00e9 USB A vers Type C peut charger votre iPhone 16 de z\u00e9ro \u00e0 50% en 30 minutes.<br \/>\u3010What You Get\u3011 : 2 pack 3ft coiled USB C cable, notre service client amical et support technique.<\/p>\t\t\t\t\t\t\t\t<\/div>\n\t\t\t\t<\/div>\n\t\t\t\t\t<\/div>\n\t\t\t\t<\/div>\n\t\t<div class=\"elementor-element elementor-element-86893d4 e-flex e-con-boxed e-con e-parent\" data-id=\"86893d4\" data-element_type=\"container\" data-e-type=\"container\">\n\t\t\t\t\t<div class=\"e-con-inner\">\n\t\t\t\t<div class=\"elementor-element elementor-element-8714e9f elementor-widget elementor-widget-image-gallery\" data-id=\"8714e9f\" data-element_type=\"widget\" data-e-type=\"widget\" data-widget_type=\"image-gallery.default\">\n\t\t\t\t<div class=\"elementor-widget-container\">\n\t\t\t\t\t\t\t<div class=\"elementor-image-gallery\">\n\t\t\t<div id='gallery-1' class='gallery galleryid-933 gallery-columns-3 gallery-size-medium_large'><figure class='gallery-item'>\n\t\t\t<div class='gallery-icon portrait'>\n\t\t\t\t<img fetchpriority=\"high\" decoding=\"async\" width=\"768\" height=\"1024\" src=\"https:\/\/ulifeneed.com\/wp-content\/uploads\/2025\/11\/009-8-768x1024.jpg\" class=\"attachment-medium_large size-medium_large\" alt=\"\" aria-describedby=\"gallery-1-941\" srcset=\"https:\/\/ulifeneed.com\/wp-content\/uploads\/2025\/11\/009-8-768x1024.jpg 768w, https:\/\/ulifeneed.com\/wp-content\/uploads\/2025\/11\/009-8-225x300.jpg 225w, https:\/\/ulifeneed.com\/wp-content\/uploads\/2025\/11\/009-8-600x800.jpg 600w, https:\/\/ulifeneed.com\/wp-content\/uploads\/2025\/11\/009-8.jpg 1000w\" sizes=\"(max-width: 768px) 100vw, 768px\" \/>\n\t\t\t<\/div>\n\t\t\t\t<figcaption class='wp-caption-text gallery-caption' id='gallery-1-941'>\n\t\t\t\tVersion 1.0.0\n\t\t\t\t<\/figcaption><\/figure><figure class='gallery-item'>\n\t\t\t<div class='gallery-icon portrait'>\n\t\t\t\t<img decoding=\"async\" width=\"768\" height=\"1024\" src=\"https:\/\/ulifeneed.com\/wp-content\/uploads\/2025\/11\/009-7-768x1024.jpg\" class=\"attachment-medium_large size-medium_large\" alt=\"\" aria-describedby=\"gallery-1-940\" srcset=\"https:\/\/ulifeneed.com\/wp-content\/uploads\/2025\/11\/009-7-768x1024.jpg 768w, https:\/\/ulifeneed.com\/wp-content\/uploads\/2025\/11\/009-7-225x300.jpg 225w, https:\/\/ulifeneed.com\/wp-content\/uploads\/2025\/11\/009-7-600x800.jpg 600w, https:\/\/ulifeneed.com\/wp-content\/uploads\/2025\/11\/009-7.jpg 1000w\" sizes=\"(max-width: 768px) 100vw, 768px\" \/>\n\t\t\t<\/div>\n\t\t\t\t<figcaption class='wp-caption-text gallery-caption' id='gallery-1-940'>\n\t\t\t\tVersion 1.0.0\n\t\t\t\t<\/figcaption><\/figure><figure class='gallery-item'>\n\t\t\t<div class='gallery-icon portrait'>\n\t\t\t\t<img decoding=\"async\" width=\"768\" height=\"1024\" src=\"https:\/\/ulifeneed.com\/wp-content\/uploads\/2025\/11\/009-6-768x1024.jpg\" class=\"attachment-medium_large size-medium_large\" alt=\"\" aria-describedby=\"gallery-1-939\" srcset=\"https:\/\/ulifeneed.com\/wp-content\/uploads\/2025\/11\/009-6-768x1024.jpg 768w, https:\/\/ulifeneed.com\/wp-content\/uploads\/2025\/11\/009-6-225x300.jpg 225w, https:\/\/ulifeneed.com\/wp-content\/uploads\/2025\/11\/009-6-600x800.jpg 600w, https:\/\/ulifeneed.com\/wp-content\/uploads\/2025\/11\/009-6.jpg 1000w\" sizes=\"(max-width: 768px) 100vw, 768px\" \/>\n\t\t\t<\/div>\n\t\t\t\t<figcaption class='wp-caption-text gallery-caption' id='gallery-1-939'>\n\t\t\t\tVersion 1.0.0\n\t\t\t\t<\/figcaption><\/figure><figure class='gallery-item'>\n\t\t\t<div class='gallery-icon portrait'>\n\t\t\t\t<img loading=\"lazy\" decoding=\"async\" width=\"768\" height=\"1024\" src=\"https:\/\/ulifeneed.com\/wp-content\/uploads\/2025\/11\/009-5-768x1024.jpg\" class=\"attachment-medium_large size-medium_large\" alt=\"\" aria-describedby=\"gallery-1-938\" srcset=\"https:\/\/ulifeneed.com\/wp-content\/uploads\/2025\/11\/009-5-768x1024.jpg 768w, https:\/\/ulifeneed.com\/wp-content\/uploads\/2025\/11\/009-5-225x300.jpg 225w, https:\/\/ulifeneed.com\/wp-content\/uploads\/2025\/11\/009-5-600x800.jpg 600w, https:\/\/ulifeneed.com\/wp-content\/uploads\/2025\/11\/009-5.jpg 1000w\" sizes=\"(max-width: 768px) 100vw, 768px\" \/>\n\t\t\t<\/div>\n\t\t\t\t<figcaption class='wp-caption-text gallery-caption' id='gallery-1-938'>\n\t\t\t\tVersion 1.0.0\n\t\t\t\t<\/figcaption><\/figure><figure class='gallery-item'>\n\t\t\t<div class='gallery-icon portrait'>\n\t\t\t\t<img loading=\"lazy\" decoding=\"async\" width=\"768\" height=\"1024\" src=\"https:\/\/ulifeneed.com\/wp-content\/uploads\/2025\/11\/009-3-768x1024.jpg\" class=\"attachment-medium_large size-medium_large\" alt=\"\" aria-describedby=\"gallery-1-936\" srcset=\"https:\/\/ulifeneed.com\/wp-content\/uploads\/2025\/11\/009-3-768x1024.jpg 768w, https:\/\/ulifeneed.com\/wp-content\/uploads\/2025\/11\/009-3-225x300.jpg 225w, https:\/\/ulifeneed.com\/wp-content\/uploads\/2025\/11\/009-3-600x800.jpg 600w, https:\/\/ulifeneed.com\/wp-content\/uploads\/2025\/11\/009-3.jpg 1000w\" sizes=\"(max-width: 768px) 100vw, 768px\" \/>\n\t\t\t<\/div>\n\t\t\t\t<figcaption class='wp-caption-text gallery-caption' id='gallery-1-936'>\n\t\t\t\tVersion 1.0.0\n\t\t\t\t<\/figcaption><\/figure><figure class='gallery-item'>\n\t\t\t<div class='gallery-icon portrait'>\n\t\t\t\t<img loading=\"lazy\" decoding=\"async\" width=\"768\" height=\"1024\" src=\"https:\/\/ulifeneed.com\/wp-content\/uploads\/2025\/11\/009-4-768x1024.jpg\" class=\"attachment-medium_large size-medium_large\" alt=\"\" aria-describedby=\"gallery-1-937\" srcset=\"https:\/\/ulifeneed.com\/wp-content\/uploads\/2025\/11\/009-4-768x1024.jpg 768w, https:\/\/ulifeneed.com\/wp-content\/uploads\/2025\/11\/009-4-225x300.jpg 225w, https:\/\/ulifeneed.com\/wp-content\/uploads\/2025\/11\/009-4-600x800.jpg 600w, https:\/\/ulifeneed.com\/wp-content\/uploads\/2025\/11\/009-4.jpg 1000w\" sizes=\"(max-width: 768px) 100vw, 768px\" \/>\n\t\t\t<\/div>\n\t\t\t\t<figcaption class='wp-caption-text gallery-caption' id='gallery-1-937'>\n\t\t\t\tVersion 1.0.0\n\t\t\t\t<\/figcaption><\/figure>\n\t\t<\/div>\n\t\t<\/div>\n\t\t\t\t\t\t<\/div>\n\t\t\t\t<\/div>\n\t\t\t\t\t<\/div>\n\t\t\t\t<\/div>\n\t\t<div class=\"elementor-element elementor-element-48b475b e-flex e-con-boxed e-con e-parent\" data-id=\"48b475b\" data-element_type=\"container\" data-e-type=\"container\">\n\t\t\t\t\t<div class=\"e-con-inner\">\n\t\t\t\t<div class=\"elementor-element elementor-element-0f74b56 elementor-widget elementor-widget-text-editor\" data-id=\"0f74b56\" data-element_type=\"widget\" data-e-type=\"widget\" data-widget_type=\"text-editor.default\">\n\t\t\t\t<div class=\"elementor-widget-container\">\n\t\t\t\t\t\t\t\t\t<h2>Large compatibilit\u00e9<\/h2><p>Cordon de charge USB C compatible avec iPhone 16\/16 Pro\/16 Plus\/16 Pro Max\/iPhone 15\/15 Pro\/15 Plus\/15 Pro Max\/Samsung Galaxy S10 S10e S10+ Plus 5G S8 S8+ S9 S9+ S8 Plus S9 Plus, Note 8 Note 9 Note10 Note10+ Plus 5G, A10e A20 A30 A40s A50 A60 A70 A80 M30s A9\/9s A9 Star A8s(2018) A6s C9 C7Pro C5Pro. Google Pixel 2 2XL\/Pixel XL\/Nexus 5X\/Nexus 6P. LG V30 V20 G6 G5, Banque d'alimentation\u3001tablettes et autres appareils de type c.<\/p>\t\t\t\t\t\t\t\t<\/div>\n\t\t\t\t<\/div>\n\t\t\t\t\t<\/div>\n\t\t\t\t<\/div>\n\t\t<div class=\"elementor-element elementor-element-8c190bd e-flex e-con-boxed e-con e-parent\" data-id=\"8c190bd\" data-element_type=\"container\" data-e-type=\"container\">\n\t\t\t\t\t<div class=\"e-con-inner\">\n\t\t\t\t<div class=\"elementor-element elementor-element-631cdb7 elementor-widget elementor-widget-image-gallery\" data-id=\"631cdb7\" data-element_type=\"widget\" data-e-type=\"widget\" data-widget_type=\"image-gallery.default\">\n\t\t\t\t<div class=\"elementor-widget-container\">\n\t\t\t\t\t\t\t<div class=\"elementor-image-gallery\">\n\t\t\t<div id='gallery-2' class='gallery galleryid-933 gallery-columns-1 gallery-size-full'><figure class='gallery-item'>\n\t\t\t<div class='gallery-icon landscape'>\n\t\t\t\t<img loading=\"lazy\" decoding=\"async\" width=\"1000\" height=\"618\" src=\"https:\/\/ulifeneed.com\/wp-content\/uploads\/2025\/11\/009-9.jpg\" class=\"attachment-full size-full\" alt=\"\" srcset=\"https:\/\/ulifeneed.com\/wp-content\/uploads\/2025\/11\/009-9.jpg 1000w, https:\/\/ulifeneed.com\/wp-content\/uploads\/2025\/11\/009-9-300x185.jpg 300w, https:\/\/ulifeneed.com\/wp-content\/uploads\/2025\/11\/009-9-768x475.jpg 768w, https:\/\/ulifeneed.com\/wp-content\/uploads\/2025\/11\/009-9-600x371.jpg 600w\" sizes=\"(max-width: 1000px) 100vw, 1000px\" \/>\n\t\t\t<\/div><\/figure><figure class='gallery-item'>\n\t\t\t<div class='gallery-icon landscape'>\n\t\t\t\t<img loading=\"lazy\" decoding=\"async\" width=\"1000\" height=\"618\" src=\"https:\/\/ulifeneed.com\/wp-content\/uploads\/2025\/11\/009-10.jpg\" class=\"attachment-full size-full\" alt=\"\" srcset=\"https:\/\/ulifeneed.com\/wp-content\/uploads\/2025\/11\/009-10.jpg 1000w, https:\/\/ulifeneed.com\/wp-content\/uploads\/2025\/11\/009-10-300x185.jpg 300w, https:\/\/ulifeneed.com\/wp-content\/uploads\/2025\/11\/009-10-768x475.jpg 768w, https:\/\/ulifeneed.com\/wp-content\/uploads\/2025\/11\/009-10-600x371.jpg 600w\" sizes=\"(max-width: 1000px) 100vw, 1000px\" \/>\n\t\t\t<\/div><\/figure><figure class='gallery-item'>\n\t\t\t<div class='gallery-icon landscape'>\n\t\t\t\t<img loading=\"lazy\" decoding=\"async\" width=\"1000\" height=\"618\" src=\"https:\/\/ulifeneed.com\/wp-content\/uploads\/2025\/11\/009-11.jpg\" class=\"attachment-full size-full\" alt=\"\" srcset=\"https:\/\/ulifeneed.com\/wp-content\/uploads\/2025\/11\/009-11.jpg 1000w, https:\/\/ulifeneed.com\/wp-content\/uploads\/2025\/11\/009-11-300x185.jpg 300w, https:\/\/ulifeneed.com\/wp-content\/uploads\/2025\/11\/009-11-768x475.jpg 768w, https:\/\/ulifeneed.com\/wp-content\/uploads\/2025\/11\/009-11-600x371.jpg 600w\" sizes=\"(max-width: 1000px) 100vw, 1000px\" \/>\n\t\t\t<\/div><\/figure><figure class='gallery-item'>\n\t\t\t<div class='gallery-icon landscape'>\n\t\t\t\t<img loading=\"lazy\" decoding=\"async\" width=\"1000\" height=\"618\" src=\"https:\/\/ulifeneed.com\/wp-content\/uploads\/2025\/11\/009-12.jpg\" class=\"attachment-full size-full\" alt=\"\" srcset=\"https:\/\/ulifeneed.com\/wp-content\/uploads\/2025\/11\/009-12.jpg 1000w, https:\/\/ulifeneed.com\/wp-content\/uploads\/2025\/11\/009-12-300x185.jpg 300w, https:\/\/ulifeneed.com\/wp-content\/uploads\/2025\/11\/009-12-768x475.jpg 768w, https:\/\/ulifeneed.com\/wp-content\/uploads\/2025\/11\/009-12-600x371.jpg 600w\" sizes=\"(max-width: 1000px) 100vw, 1000px\" \/>\n\t\t\t<\/div><\/figure><figure class='gallery-item'>\n\t\t\t<div class='gallery-icon landscape'>\n\t\t\t\t<img loading=\"lazy\" decoding=\"async\" width=\"1000\" height=\"618\" src=\"https:\/\/ulifeneed.com\/wp-content\/uploads\/2025\/11\/009-13.jpg\" class=\"attachment-full size-full\" alt=\"\" srcset=\"https:\/\/ulifeneed.com\/wp-content\/uploads\/2025\/11\/009-13.jpg 1000w, https:\/\/ulifeneed.com\/wp-content\/uploads\/2025\/11\/009-13-300x185.jpg 300w, https:\/\/ulifeneed.com\/wp-content\/uploads\/2025\/11\/009-13-768x475.jpg 768w, https:\/\/ulifeneed.com\/wp-content\/uploads\/2025\/11\/009-13-600x371.jpg 600w\" sizes=\"(max-width: 1000px) 100vw, 1000px\" \/>\n\t\t\t<\/div><\/figure>\n\t\t<\/div>\n\t\t<\/div>\n\t\t\t\t\t\t<\/div>\n\t\t\t\t<\/div>\n\t\t\t\t\t<\/div>\n\t\t\t\t<\/div>\n\t\t<div class=\"elementor-element elementor-element-a3baa69 e-flex e-con-boxed e-con e-parent\" data-id=\"a3baa69\" data-element_type=\"container\" data-e-type=\"container\">\n\t\t\t\t\t<div class=\"e-con-inner\">\n\t\t\t\t<div class=\"elementor-element elementor-element-b56ecaa elementor-widget elementor-widget-text-editor\" data-id=\"b56ecaa\" data-element_type=\"widget\" data-e-type=\"widget\" data-widget_type=\"text-editor.default\">\n\t\t\t\t<div class=\"elementor-widget-container\">\n\t\t\t\t\t\t\t\t\t<p>C\u00e2ble USB C Charge rapide 3A<\/p><p>Int\u00e9rieur : rangement r\u00e9tractable, gain de place, bureau plus net.<\/p><p>Ext\u00e9rieur : petite taille, facile \u00e0 transporter, pas d'enchev\u00eatrement, pas de n\u0153ud, \u00e0 tout moment, n'importe o\u00f9, chargez quand vous voulez.<\/p>\t\t\t\t\t\t\t\t<\/div>\n\t\t\t\t<\/div>\n\t\t\t\t\t<\/div>\n\t\t\t\t<\/div>\n\t\t\t\t<\/div>","protected":false},"excerpt":{"rendered":"<h2>C\u00e2ble Carplay 2Pack 3ft Coiled USB A to USB C Fast Charge Cord for iPhone 17\/16\/15\/Plus\/Pro Max\/MacBook Pro, Auto Coiled Retractable iPhone Car Cord<\/h2>\n<p><strong>Type de connecteur<\/strong>: USB Type A, USB Type C<br \/>\n<strong>Type de c\u00e2ble<\/strong>: C\u00e2ble USB A vers USB C<br \/>\n<strong>Appareils compatibles<\/strong>: Smartphone<br \/>\n<strong>Dossier sp\u00e9cial<\/strong>: Chargement rapide, Haute vitesse, R\u00e9tractable<\/p>","protected":false},"featured_media":934,"comment_status":"open","ping_status":"closed","template":"","meta":{"site-sidebar-layout":"no-sidebar","site-content-layout":"page-builder","ast-site-content-layout":"normal-width-container","site-content-style":"default","site-sidebar-style":"default","ast-global-header-display":"","ast-banner-title-visibility":"","ast-main-header-display":"","ast-hfb-above-header-display":"","ast-hfb-below-header-display":"","ast-hfb-mobile-header-display":"","site-post-title":"","ast-breadcrumbs-content":"","ast-featured-img":"disabled","footer-sml-layout":"","theme-transparent-header-meta":"default","adv-header-id-meta":"","stick-header-meta":"","header-above-stick-meta":"","header-main-stick-meta":"","header-below-stick-meta":"","astra-migrate-meta-layouts":"set","ast-page-background-enabled":"default","ast-page-background-meta":{"desktop":{"background-color":"","background-image":"","background-repeat":"repeat","background-position":"center center","background-size":"auto","background-attachment":"scroll","background-type":"","background-media":"","overlay-type":"","overlay-color":"","overlay-opacity":"","overlay-gradient":""},"tablet":{"background-color":"","background-image":"","background-repeat":"repeat","background-position":"center center","background-size":"auto","background-attachment":"scroll","background-type":"","background-media":"","overlay-type":"","overlay-color":"","overlay-opacity":"","overlay-gradient":""},"mobile":{"background-color":"","background-image":"","background-repeat":"repeat","background-position":"center center","background-size":"auto","background-attachment":"scroll","background-type":"","background-media":"","overlay-type":"","overlay-color":"","overlay-opacity":"","overlay-gradient":""}},"ast-content-background-meta":{"desktop":{"background-color":"var(--ast-global-color-5)","background-image":"","background-repeat":"repeat","background-position":"center center","background-size":"auto","background-attachment":"scroll","background-type":"","background-media":"","overlay-type":"","overlay-color":"","overlay-opacity":"","overlay-gradient":""},"tablet":{"background-color":"var(--ast-global-color-5)","background-image":"","background-repeat":"repeat","background-position":"center center","background-size":"auto","background-attachment":"scroll","background-type":"","background-media":"","overlay-type":"","overlay-color":"","overlay-opacity":"","overlay-gradient":""},"mobile":{"background-color":"var(--ast-global-color-5)","background-image":"","background-repeat":"repeat","background-position":"center center","background-size":"auto","background-attachment":"scroll","background-type":"","background-media":"","overlay-type":"","overlay-color":"","overlay-opacity":"","overlay-gradient":""}}},"product_brand":[],"product_cat":[31,15],"product_tag":[],"class_list":{"0":"post-933","1":"product","2":"type-product","3":"status-publish","4":"has-post-thumbnail","6":"product_cat-usb-cables","7":"product_cat-3c-electronic-products","8":"desktop-align-left","9":"tablet-align-left","10":"mobile-align-left","12":"first","13":"instock","14":"sale","15":"shipping-taxable","16":"purchasable","17":"product-type-simple"},"_links":{"self":[{"href":"https:\/\/ulifeneed.com\/fr\/wp-json\/wp\/v2\/product\/933","targetHints":{"allow":["GET"]}}],"collection":[{"href":"https:\/\/ulifeneed.com\/fr\/wp-json\/wp\/v2\/product"}],"about":[{"href":"https:\/\/ulifeneed.com\/fr\/wp-json\/wp\/v2\/types\/product"}],"replies":[{"embeddable":true,"href":"https:\/\/ulifeneed.com\/fr\/wp-json\/wp\/v2\/comments?post=933"}],"version-history":[{"count":10,"href":"https:\/\/ulifeneed.com\/fr\/wp-json\/wp\/v2\/product\/933\/revisions"}],"predecessor-version":[{"id":1496,"href":"https:\/\/ulifeneed.com\/fr\/wp-json\/wp\/v2\/product\/933\/revisions\/1496"}],"wp:featuredmedia":[{"embeddable":true,"href":"https:\/\/ulifeneed.com\/fr\/wp-json\/wp\/v2\/media\/934"}],"wp:attachment":[{"href":"https:\/\/ulifeneed.com\/fr\/wp-json\/wp\/v2\/media?parent=933"}],"wp:term":[{"taxonomy":"product_brand","embeddable":true,"href":"https:\/\/ulifeneed.com\/fr\/wp-json\/wp\/v2\/product_brand?post=933"},{"taxonomy":"product_cat","embeddable":true,"href":"https:\/\/ulifeneed.com\/fr\/wp-json\/wp\/v2\/product_cat?post=933"},{"taxonomy":"product_tag","embeddable":true,"href":"https:\/\/ulifeneed.com\/fr\/wp-json\/wp\/v2\/product_tag?post=933"}],"curies":[{"name":"wp","href":"https:\/\/api.w.org\/{rel}","templated":true}]}}