{"id":899,"date":"2025-11-07T03:43:17","date_gmt":"2025-11-07T03:43:17","guid":{"rendered":"https:\/\/ulifeneed.com\/?post_type=product&#038;p=899"},"modified":"2025-11-28T04:48:25","modified_gmt":"2025-11-28T04:48:25","slug":"souris-sans-fil-de-type-c-souris-sans-fil-usb-c-pour-macbook","status":"publish","type":"product","link":"https:\/\/ulifeneed.com\/fr\/product\/type-c-wireless-mouse-usb-c-macbook-wireless-mouse\/","title":{"rendered":"Souris sans fil de type C, souris sans fil USB C MacBook Dual Mode 2.4G sans fil avec Nano USB et r\u00e9cepteur de type C compatible avec PC, ordinateur portable, MacBook et tous les appareils de type C-Noir et Argent"},"content":{"rendered":"<div data-elementor-type=\"wp-post\" data-elementor-id=\"899\" class=\"elementor elementor-899\">\n\t\t\t\t<div class=\"elementor-element elementor-element-7ab7465 e-flex e-con-boxed e-con e-parent\" data-id=\"7ab7465\" data-element_type=\"container\" data-e-type=\"container\">\n\t\t\t\t\t<div class=\"e-con-inner\">\n\t\t\t\t<div class=\"elementor-element elementor-element-01349a5 elementor-widget elementor-widget-text-editor\" data-id=\"01349a5\" data-element_type=\"widget\" data-e-type=\"widget\" data-widget_type=\"text-editor.default\">\n\t\t\t\t<div class=\"elementor-widget-container\">\n\t\t\t\t\t\t\t\t\t<p>\u3010LARGE COMPATIBILIT\u00c9\u3011 Bien compatible avec Windows7\/8\/10\/XP, Vista, Mac OS X 10.10 ou plus r\u00e9cent. Convient \u00e0 tous les appareils Type-C, tablettes, t\u00e9l\u00e9phones portables, Macbook, Macbook Pro, iMac, iMac Pro, Chromebook et plus encore.<\/p><p>\u3010RECHARGEABLE &amp; QUIET CLICKING\u3011Easy rechargable through the included micro usb cable and built-in durable 300mAh lithium rechargeable battery. La surface givr\u00e9e lisse et les clics silencieux peuvent apporter une meilleure exp\u00e9rience d'utilisation et vous lib\u00e9rer de l'inqui\u00e9tude de d\u00e9ranger les autres et vous permettre de rester concentr\u00e9 pendant le travail.<\/p><p>\u3010ADJUSTABLE DPI AND ERGONOMIC DESIGN\u30113 niveaux DPI (1000\/1600\/2400 DPI) vous permettent de modifier facilement la sensibilit\u00e9 du curseur et de suivre plus facilement une vari\u00e9t\u00e9 de surfaces. La forme profil\u00e9e s'adapte parfaitement \u00e0 vos mains, r\u00e9duisant la fatigue manuelle.<\/p><p>\u3010EASY TO USE &amp; CONVENIENT\u3011PLUG and PLAY. Le r\u00e9cepteur nano type-C et usb se trouve dans le compartiment \u00e0 piles de la souris. Sortez-le et branchez-le dans le port de l'appareil s\u00e9par\u00e9ment. Aucun pilote ou logiciel suppl\u00e9mentaire n'est n\u00e9cessaire. Vous pouvez passer d'un appareil connect\u00e9 \u00e0 l'autre \u00e0 l'aide d'un seul bouton. Rangez le r\u00e9cepteur dans le compartiment \u00e0 piles lorsque vous \u00eates en d\u00e9placement.<\/p><p>\u3010SKIN-FRIENDLY &amp; WARRANTY\u3011Silent click mouse with classic design offers your hand maximum support and comfort. Chaque produit ulifeneed est assorti d'une garantie de 12 mois. Achetez en toute confiance<\/p>\t\t\t\t\t\t\t\t<\/div>\n\t\t\t\t<\/div>\n\t\t\t\t\t<\/div>\n\t\t\t\t<\/div>\n\t\t<div class=\"elementor-element elementor-element-8c190bd e-flex e-con-boxed e-con e-parent\" data-id=\"8c190bd\" data-element_type=\"container\" data-e-type=\"container\">\n\t\t\t\t\t<div class=\"e-con-inner\">\n\t\t\t\t<div class=\"elementor-element elementor-element-631cdb7 elementor-widget elementor-widget-image-gallery\" data-id=\"631cdb7\" data-element_type=\"widget\" data-e-type=\"widget\" data-widget_type=\"image-gallery.default\">\n\t\t\t\t<div class=\"elementor-widget-container\">\n\t\t\t\t\t\t\t<div class=\"elementor-image-gallery\">\n\t\t\t<div id='gallery-1' class='gallery galleryid-899 gallery-columns-3 gallery-size-medium_large'><figure class='gallery-item'>\n\t\t\t<div class='gallery-icon landscape'>\n\t\t\t\t<img fetchpriority=\"high\" decoding=\"async\" width=\"768\" height=\"768\" src=\"https:\/\/ulifeneed.com\/wp-content\/uploads\/2025\/11\/Black-and-Silver-02-768x768.jpg\" class=\"attachment-medium_large size-medium_large\" alt=\"\" aria-describedby=\"gallery-1-907\" srcset=\"https:\/\/ulifeneed.com\/wp-content\/uploads\/2025\/11\/Black-and-Silver-02-768x768.jpg 768w, https:\/\/ulifeneed.com\/wp-content\/uploads\/2025\/11\/Black-and-Silver-02-300x300.jpg 300w, https:\/\/ulifeneed.com\/wp-content\/uploads\/2025\/11\/Black-and-Silver-02-1024x1024.jpg 1024w, https:\/\/ulifeneed.com\/wp-content\/uploads\/2025\/11\/Black-and-Silver-02-150x150.jpg 150w, https:\/\/ulifeneed.com\/wp-content\/uploads\/2025\/11\/Black-and-Silver-02-600x600.jpg 600w, https:\/\/ulifeneed.com\/wp-content\/uploads\/2025\/11\/Black-and-Silver-02-100x100.jpg 100w, https:\/\/ulifeneed.com\/wp-content\/uploads\/2025\/11\/Black-and-Silver-02.jpg 1500w\" sizes=\"(max-width: 768px) 100vw, 768px\" \/>\n\t\t\t<\/div>\n\t\t\t\t<figcaption class='wp-caption-text gallery-caption' id='gallery-1-907'>\n\t\t\t\tVersion 1.0.0\n\t\t\t\t<\/figcaption><\/figure><figure class='gallery-item'>\n\t\t\t<div class='gallery-icon landscape'>\n\t\t\t\t<img decoding=\"async\" width=\"768\" height=\"768\" src=\"https:\/\/ulifeneed.com\/wp-content\/uploads\/2025\/11\/Black-and-Silver-03-768x768.jpg\" class=\"attachment-medium_large size-medium_large\" alt=\"\" aria-describedby=\"gallery-1-906\" srcset=\"https:\/\/ulifeneed.com\/wp-content\/uploads\/2025\/11\/Black-and-Silver-03-768x768.jpg 768w, https:\/\/ulifeneed.com\/wp-content\/uploads\/2025\/11\/Black-and-Silver-03-300x300.jpg 300w, https:\/\/ulifeneed.com\/wp-content\/uploads\/2025\/11\/Black-and-Silver-03-1024x1024.jpg 1024w, https:\/\/ulifeneed.com\/wp-content\/uploads\/2025\/11\/Black-and-Silver-03-150x150.jpg 150w, https:\/\/ulifeneed.com\/wp-content\/uploads\/2025\/11\/Black-and-Silver-03-600x600.jpg 600w, https:\/\/ulifeneed.com\/wp-content\/uploads\/2025\/11\/Black-and-Silver-03-100x100.jpg 100w, https:\/\/ulifeneed.com\/wp-content\/uploads\/2025\/11\/Black-and-Silver-03.jpg 1500w\" sizes=\"(max-width: 768px) 100vw, 768px\" \/>\n\t\t\t<\/div>\n\t\t\t\t<figcaption class='wp-caption-text gallery-caption' id='gallery-1-906'>\n\t\t\t\tVersion 1.0.0\n\t\t\t\t<\/figcaption><\/figure><figure class='gallery-item'>\n\t\t\t<div class='gallery-icon landscape'>\n\t\t\t\t<img decoding=\"async\" width=\"768\" height=\"768\" src=\"https:\/\/ulifeneed.com\/wp-content\/uploads\/2025\/11\/Black-and-Silver-04-768x768.jpg\" class=\"attachment-medium_large size-medium_large\" alt=\"\" aria-describedby=\"gallery-1-905\" srcset=\"https:\/\/ulifeneed.com\/wp-content\/uploads\/2025\/11\/Black-and-Silver-04-768x768.jpg 768w, https:\/\/ulifeneed.com\/wp-content\/uploads\/2025\/11\/Black-and-Silver-04-300x300.jpg 300w, https:\/\/ulifeneed.com\/wp-content\/uploads\/2025\/11\/Black-and-Silver-04-1024x1024.jpg 1024w, https:\/\/ulifeneed.com\/wp-content\/uploads\/2025\/11\/Black-and-Silver-04-150x150.jpg 150w, https:\/\/ulifeneed.com\/wp-content\/uploads\/2025\/11\/Black-and-Silver-04-600x600.jpg 600w, https:\/\/ulifeneed.com\/wp-content\/uploads\/2025\/11\/Black-and-Silver-04-100x100.jpg 100w, https:\/\/ulifeneed.com\/wp-content\/uploads\/2025\/11\/Black-and-Silver-04.jpg 1500w\" sizes=\"(max-width: 768px) 100vw, 768px\" \/>\n\t\t\t<\/div>\n\t\t\t\t<figcaption class='wp-caption-text gallery-caption' id='gallery-1-905'>\n\t\t\t\tVersion 1.0.0\n\t\t\t\t<\/figcaption><\/figure>\n\t\t<\/div>\n\t\t<\/div>\n\t\t\t\t\t\t<\/div>\n\t\t\t\t<\/div>\n\t\t\t\t\t<\/div>\n\t\t\t\t<\/div>\n\t\t<div class=\"elementor-element elementor-element-a3baa69 e-flex e-con-boxed e-con e-parent\" data-id=\"a3baa69\" data-element_type=\"container\" data-e-type=\"container\">\n\t\t\t\t\t<div class=\"e-con-inner\">\n\t\t\t\t<div class=\"elementor-element elementor-element-b56ecaa elementor-widget elementor-widget-text-editor\" data-id=\"b56ecaa\" data-element_type=\"widget\" data-e-type=\"widget\" data-widget_type=\"text-editor.default\">\n\t\t\t\t<div class=\"elementor-widget-container\">\n\t\t\t\t\t\t\t\t\t<h2>Connexion sans fil USB 2.4G et Type C<\/h2><p>Le r\u00e9cepteur 2-1 peut r\u00e9pondre \u00e0 l'\u00e9quipement de n'importe quelle interface, la souris sans fil ulifeneed peut \u00eatre connect\u00e9e \u00e0 votre ordinateur facilement, plug and play, aucun pilote suppl\u00e9mentaire n'est n\u00e9cessaire. Transmission rapide et stable.<\/p><h3>Style professionnel, design \u00e9lanc\u00e9<\/h3><p>Un design ergonomique fin et une surface lisse et givr\u00e9e pour une exp\u00e9rience d'utilisation incroyable. La conception sym\u00e9trique permet de l'adapter aux deux mains.<\/p><h3>Plug and Play<\/h3><p>Un nano \u00e9metteur-r\u00e9cepteur se branche sur le port USB de votre ordinateur pour une connexion sans fil fiable. Aucun pilote n'est n\u00e9cessaire. Tr\u00e8s facile \u00e0 utiliser.<\/p>\t\t\t\t\t\t\t\t<\/div>\n\t\t\t\t<\/div>\n\t\t\t\t\t<\/div>\n\t\t\t\t<\/div>\n\t\t<div class=\"elementor-element elementor-element-86893d4 e-flex e-con-boxed e-con e-parent\" data-id=\"86893d4\" data-element_type=\"container\" data-e-type=\"container\">\n\t\t\t\t\t<div class=\"e-con-inner\">\n\t\t\t\t<div class=\"elementor-element elementor-element-8714e9f elementor-widget elementor-widget-image-gallery\" data-id=\"8714e9f\" data-element_type=\"widget\" data-e-type=\"widget\" data-widget_type=\"image-gallery.default\">\n\t\t\t\t<div class=\"elementor-widget-container\">\n\t\t\t\t\t\t\t<div class=\"elementor-image-gallery\">\n\t\t\t<div id='gallery-2' class='gallery galleryid-899 gallery-columns-1 gallery-size-full'><figure class='gallery-item'>\n\t\t\t<div class='gallery-icon landscape'>\n\t\t\t\t<img loading=\"lazy\" decoding=\"async\" width=\"970\" height=\"600\" src=\"https:\/\/ulifeneed.com\/wp-content\/uploads\/2025\/11\/af8f622d-dc0e-48d2-a9d6-f8a3bfa9c981.jpg\" class=\"attachment-full size-full\" alt=\"\" srcset=\"https:\/\/ulifeneed.com\/wp-content\/uploads\/2025\/11\/af8f622d-dc0e-48d2-a9d6-f8a3bfa9c981.jpg 970w, https:\/\/ulifeneed.com\/wp-content\/uploads\/2025\/11\/af8f622d-dc0e-48d2-a9d6-f8a3bfa9c981-300x186.jpg 300w, https:\/\/ulifeneed.com\/wp-content\/uploads\/2025\/11\/af8f622d-dc0e-48d2-a9d6-f8a3bfa9c981-768x475.jpg 768w, https:\/\/ulifeneed.com\/wp-content\/uploads\/2025\/11\/af8f622d-dc0e-48d2-a9d6-f8a3bfa9c981-600x371.jpg 600w\" sizes=\"(max-width: 970px) 100vw, 970px\" \/>\n\t\t\t<\/div><\/figure><figure class='gallery-item'>\n\t\t\t<div class='gallery-icon landscape'>\n\t\t\t\t<img loading=\"lazy\" decoding=\"async\" width=\"970\" height=\"300\" src=\"https:\/\/ulifeneed.com\/wp-content\/uploads\/2025\/11\/697516e7-256d-4fec-a59f-b4f3d8d68756.jpg\" class=\"attachment-full size-full\" alt=\"\" srcset=\"https:\/\/ulifeneed.com\/wp-content\/uploads\/2025\/11\/697516e7-256d-4fec-a59f-b4f3d8d68756.jpg 970w, https:\/\/ulifeneed.com\/wp-content\/uploads\/2025\/11\/697516e7-256d-4fec-a59f-b4f3d8d68756-300x93.jpg 300w, https:\/\/ulifeneed.com\/wp-content\/uploads\/2025\/11\/697516e7-256d-4fec-a59f-b4f3d8d68756-768x238.jpg 768w, https:\/\/ulifeneed.com\/wp-content\/uploads\/2025\/11\/697516e7-256d-4fec-a59f-b4f3d8d68756-600x186.jpg 600w\" sizes=\"(max-width: 970px) 100vw, 970px\" \/>\n\t\t\t<\/div><\/figure><figure class='gallery-item'>\n\t\t\t<div class='gallery-icon landscape'>\n\t\t\t\t<img loading=\"lazy\" decoding=\"async\" width=\"970\" height=\"300\" src=\"https:\/\/ulifeneed.com\/wp-content\/uploads\/2025\/11\/6c9b00e1-358a-470b-9dbb-b031f1ae62a8.jpg\" class=\"attachment-full size-full\" alt=\"\" srcset=\"https:\/\/ulifeneed.com\/wp-content\/uploads\/2025\/11\/6c9b00e1-358a-470b-9dbb-b031f1ae62a8.jpg 970w, https:\/\/ulifeneed.com\/wp-content\/uploads\/2025\/11\/6c9b00e1-358a-470b-9dbb-b031f1ae62a8-300x93.jpg 300w, https:\/\/ulifeneed.com\/wp-content\/uploads\/2025\/11\/6c9b00e1-358a-470b-9dbb-b031f1ae62a8-768x238.jpg 768w, https:\/\/ulifeneed.com\/wp-content\/uploads\/2025\/11\/6c9b00e1-358a-470b-9dbb-b031f1ae62a8-600x186.jpg 600w\" sizes=\"(max-width: 970px) 100vw, 970px\" \/>\n\t\t\t<\/div><\/figure>\n\t\t<\/div>\n\t\t<\/div>\n\t\t\t\t\t\t<\/div>\n\t\t\t\t<\/div>\n\t\t\t\t\t<\/div>\n\t\t\t\t<\/div>\n\t\t<div class=\"elementor-element elementor-element-48b475b e-flex e-con-boxed e-con e-parent\" data-id=\"48b475b\" data-element_type=\"container\" data-e-type=\"container\">\n\t\t\t\t\t<div class=\"e-con-inner\">\n\t\t\t\t<div class=\"elementor-element elementor-element-0f74b56 elementor-widget elementor-widget-text-editor\" data-id=\"0f74b56\" data-element_type=\"widget\" data-e-type=\"widget\" data-widget_type=\"text-editor.default\">\n\t\t\t\t<div class=\"elementor-widget-container\">\n\t\t\t\t\t\t\t\t\t<p>Nous fabriquons et fournissons des p\u00e9riph\u00e9riques informatiques \u00e0 des entreprises du monde entier depuis 2015.<\/p><p>Nous pouvons vous promettre en toute confiance que le probl\u00e8me de la tension musculaire sera r\u00e9solu si vous commandez cette souris trackball ou ce clavier divis\u00e9.Nous fournirons \u00e9galement de meilleurs services avant et apr\u00e8s-vente.C'est avec plaisir que nous recevrons vos suggestions.Nous sommes pr\u00eats \u00e0 r\u00e9soudre tous les probl\u00e8mes pour vous.<\/p>\t\t\t\t\t\t\t\t<\/div>\n\t\t\t\t<\/div>\n\t\t\t\t\t<\/div>\n\t\t\t\t<\/div>\n\t\t\t\t<\/div>","protected":false},"excerpt":{"rendered":"<h2>Souris sans fil de type C, souris sans fil USB C MacBook Dual Mode 2.4G sans fil avec Nano USB et r\u00e9cepteur de type C compatible avec PC, ordinateur portable, MacBook et tous les appareils de type C-Noir et Argent<\/h2>\n<p><strong>Couleur<\/strong>: Noir et argent<br \/>\n<strong>Technologie de la connectivit\u00e9<\/strong>Sans fil : 2.4G<br \/>\n<strong>Dossier sp\u00e9cial<\/strong>: L\u00e9ger, portable, rechargeable, silencieux, sans fil<br \/>\n<strong>Technologie de d\u00e9tection des mouvements<\/strong>: Optique<\/p>","protected":false},"featured_media":900,"comment_status":"open","ping_status":"closed","template":"","meta":{"site-sidebar-layout":"no-sidebar","site-content-layout":"page-builder","ast-site-content-layout":"normal-width-container","site-content-style":"default","site-sidebar-style":"default","ast-global-header-display":"","ast-banner-title-visibility":"","ast-main-header-display":"","ast-hfb-above-header-display":"","ast-hfb-below-header-display":"","ast-hfb-mobile-header-display":"","site-post-title":"","ast-breadcrumbs-content":"","ast-featured-img":"disabled","footer-sml-layout":"","theme-transparent-header-meta":"default","adv-header-id-meta":"","stick-header-meta":"","header-above-stick-meta":"","header-main-stick-meta":"","header-below-stick-meta":"","astra-migrate-meta-layouts":"set","ast-page-background-enabled":"default","ast-page-background-meta":{"desktop":{"background-color":"","background-image":"","background-repeat":"repeat","background-position":"center center","background-size":"auto","background-attachment":"scroll","background-type":"","background-media":"","overlay-type":"","overlay-color":"","overlay-opacity":"","overlay-gradient":""},"tablet":{"background-color":"","background-image":"","background-repeat":"repeat","background-position":"center center","background-size":"auto","background-attachment":"scroll","background-type":"","background-media":"","overlay-type":"","overlay-color":"","overlay-opacity":"","overlay-gradient":""},"mobile":{"background-color":"","background-image":"","background-repeat":"repeat","background-position":"center center","background-size":"auto","background-attachment":"scroll","background-type":"","background-media":"","overlay-type":"","overlay-color":"","overlay-opacity":"","overlay-gradient":""}},"ast-content-background-meta":{"desktop":{"background-color":"var(--ast-global-color-5)","background-image":"","background-repeat":"repeat","background-position":"center center","background-size":"auto","background-attachment":"scroll","background-type":"","background-media":"","overlay-type":"","overlay-color":"","overlay-opacity":"","overlay-gradient":""},"tablet":{"background-color":"var(--ast-global-color-5)","background-image":"","background-repeat":"repeat","background-position":"center center","background-size":"auto","background-attachment":"scroll","background-type":"","background-media":"","overlay-type":"","overlay-color":"","overlay-opacity":"","overlay-gradient":""},"mobile":{"background-color":"var(--ast-global-color-5)","background-image":"","background-repeat":"repeat","background-position":"center center","background-size":"auto","background-attachment":"scroll","background-type":"","background-media":"","overlay-type":"","overlay-color":"","overlay-opacity":"","overlay-gradient":""}}},"product_brand":[],"product_cat":[15,30],"product_tag":[],"class_list":{"0":"post-899","1":"product","2":"type-product","3":"status-publish","4":"has-post-thumbnail","6":"product_cat-3c-electronic-products","7":"product_cat-computer-mice","8":"desktop-align-left","9":"tablet-align-left","10":"mobile-align-left","12":"first","13":"instock","14":"sale","15":"shipping-taxable","16":"purchasable","17":"product-type-simple"},"_links":{"self":[{"href":"https:\/\/ulifeneed.com\/fr\/wp-json\/wp\/v2\/product\/899","targetHints":{"allow":["GET"]}}],"collection":[{"href":"https:\/\/ulifeneed.com\/fr\/wp-json\/wp\/v2\/product"}],"about":[{"href":"https:\/\/ulifeneed.com\/fr\/wp-json\/wp\/v2\/types\/product"}],"replies":[{"embeddable":true,"href":"https:\/\/ulifeneed.com\/fr\/wp-json\/wp\/v2\/comments?post=899"}],"version-history":[{"count":6,"href":"https:\/\/ulifeneed.com\/fr\/wp-json\/wp\/v2\/product\/899\/revisions"}],"predecessor-version":[{"id":1494,"href":"https:\/\/ulifeneed.com\/fr\/wp-json\/wp\/v2\/product\/899\/revisions\/1494"}],"wp:featuredmedia":[{"embeddable":true,"href":"https:\/\/ulifeneed.com\/fr\/wp-json\/wp\/v2\/media\/900"}],"wp:attachment":[{"href":"https:\/\/ulifeneed.com\/fr\/wp-json\/wp\/v2\/media?parent=899"}],"wp:term":[{"taxonomy":"product_brand","embeddable":true,"href":"https:\/\/ulifeneed.com\/fr\/wp-json\/wp\/v2\/product_brand?post=899"},{"taxonomy":"product_cat","embeddable":true,"href":"https:\/\/ulifeneed.com\/fr\/wp-json\/wp\/v2\/product_cat?post=899"},{"taxonomy":"product_tag","embeddable":true,"href":"https:\/\/ulifeneed.com\/fr\/wp-json\/wp\/v2\/product_tag?post=899"}],"curies":[{"name":"wp","href":"https:\/\/api.w.org\/{rel}","templated":true}]}}