{"id":1383,"date":"2025-11-07T09:44:42","date_gmt":"2025-11-07T09:44:42","guid":{"rendered":"https:\/\/ulifeneed.com\/?post_type=product&#038;p=1383"},"modified":"2025-11-28T04:51:36","modified_gmt":"2025-11-28T04:51:36","slug":"530-wireless-mouse-full-size-computer-mouse-for-pc-laptop-windows-computer-2-4-ghz-nano-usb-receiver-ambidextrous-design-12-months-battery-life-cordless","status":"publish","type":"product","link":"https:\/\/ulifeneed.com\/fr\/product\/530-wireless-mouse-full-size-computer-mouse-for-pc-laptop-windows-computer-2-4-ghz-nano-usb-receiver-ambidextrous-design-12-months-battery-life-cordless\/","title":{"rendered":"530 Wireless Mouse - Souris d'ordinateur de taille normale pour PC, ordinateur portable, ordinateur Windows - R\u00e9cepteur Nano USB 2,4 GHz - Design ambidextre - Dur\u00e9e de vie de la batterie 12 mois - Sans fil"},"content":{"rendered":"<div data-elementor-type=\"wp-post\" data-elementor-id=\"1383\" class=\"elementor elementor-1383\">\n\t\t\t\t<div class=\"elementor-element elementor-element-7ab7465 e-flex e-con-boxed e-con e-parent\" data-id=\"7ab7465\" data-element_type=\"container\" data-e-type=\"container\">\n\t\t\t\t\t<div class=\"e-con-inner\">\n\t\t\t\t<div class=\"elementor-element elementor-element-01349a5 elementor-widget elementor-widget-text-editor\" data-id=\"01349a5\" data-element_type=\"widget\" data-e-type=\"widget\" data-widget_type=\"text-editor.default\">\n\t\t\t\t<div class=\"elementor-widget-container\">\n\t\t\t\t\t\t\t\t\t<p><strong>Connectivit\u00e9 sans fil fiable<\/strong>: La souris sans fil Ulifeneed 530 offre une connexion fiable o\u00f9 que vous soyez. Son r\u00e9cepteur nano USB avanc\u00e9 utilise une technologie sans fil robuste de 2,4 GHz, garantissant une performance transparente sans l'inconv\u00e9nient des cordons. Restez productif et concentr\u00e9 sans les contraintes des installations filaires.<\/p><p><strong>Le suivi de pr\u00e9cision au bout des doigts<\/strong>: Cette souris sans fil est dot\u00e9e d'un capteur optique d'une r\u00e9solution de 1200 DPI qui am\u00e9liore l'exp\u00e9rience de l'utilisateur. Vous b\u00e9n\u00e9ficiez d'un suivi r\u00e9actif et clair qui am\u00e9liore votre navigation, que vous naviguiez sur le Web, que vous cr\u00e9iez des pr\u00e9sentations ou que vous vous engagiez dans un travail de conception d\u00e9taill\u00e9. La pr\u00e9cision est d\u00e9sormais au bout de vos doigts.<\/p><p><strong>Une durabilit\u00e9 qui dure<\/strong>: Avec la souris sans fil Ulifeneed 530, la long\u00e9vit\u00e9 est garantie. Avec une dur\u00e9e de vie remarquable de 8 millions de clics pour les boutons gauche et droit, cette souris est con\u00e7ue pour r\u00e9sister aux rigueurs de l'utilisation quotidienne. Profitez de performances fiables pendant des ann\u00e9es, ce qui en fait un compagnon id\u00e9al pour vos t\u00e2ches informatiques.<\/p><p><strong>Confort ergonomique pour une utilisation prolong\u00e9e :<\/strong> La souris sans fil Ulifeneed 530 offre un confort in\u00e9gal\u00e9 pendant les longues sessions de travail gr\u00e2ce \u00e0 son design unique et profil\u00e9. Con\u00e7ue pour une ergonomie maximale, cette souris s'adapte parfaitement \u00e0 votre main, assurant un confort tout au long de la journ\u00e9e. La finition durable au toucher doux ajoute une sensation de qualit\u00e9 \u00e0 vos interactions, ce qui facilite la productivit\u00e9.<\/p><p><strong>Polyvalence et portabilit\u00e9<\/strong>: Que vous soyez gaucher ou droitier, la souris sans fil Ulifeneed 530 s'adapte \u00e0 vos pr\u00e9f\u00e9rences. Sa conception ambidextre garantit la fonctionnalit\u00e9 et le confort de tous les utilisateurs. Ne pesant que 65 g, elle est le compagnon de voyage id\u00e9al. Glissez-la dans la sacoche de votre ordinateur portable ou dans votre poche et profitez de sa l\u00e9g\u00e8ret\u00e9 partout o\u00f9 vous allez. De plus, avec une autonomie impressionnante de 12 mois (la dur\u00e9e r\u00e9elle peut varier en fonction de l'utilisation), vous pouvez l'utiliser en toute confiance sans vous soucier des recharges fr\u00e9quentes. Choisissez la souris sans fil Ulifeneed 530 pour des performances, un confort et une commodit\u00e9 in\u00e9gal\u00e9s.<\/p>\t\t\t\t\t\t\t\t<\/div>\n\t\t\t\t<\/div>\n\t\t\t\t\t<\/div>\n\t\t\t\t<\/div>\n\t\t<div class=\"elementor-element elementor-element-86893d4 e-flex e-con-boxed e-con e-parent\" data-id=\"86893d4\" data-element_type=\"container\" data-e-type=\"container\">\n\t\t\t\t\t<div class=\"e-con-inner\">\n\t\t\t\t<div class=\"elementor-element elementor-element-8714e9f elementor-widget elementor-widget-image-gallery\" data-id=\"8714e9f\" data-element_type=\"widget\" data-e-type=\"widget\" data-widget_type=\"image-gallery.default\">\n\t\t\t\t<div class=\"elementor-widget-container\">\n\t\t\t\t\t\t\t<div class=\"elementor-image-gallery\">\n\t\t\t<div id='gallery-1' class='gallery galleryid-1383 gallery-columns-3 gallery-size-medium_large'><figure class='gallery-item'>\n\t\t\t<div class='gallery-icon portrait'>\n\t\t\t\t<img fetchpriority=\"high\" decoding=\"async\" width=\"768\" height=\"960\" src=\"https:\/\/ulifeneed.com\/wp-content\/uploads\/2025\/11\/073-4-768x960.jpg\" class=\"attachment-medium_large size-medium_large\" alt=\"\" aria-describedby=\"gallery-1-1387\" srcset=\"https:\/\/ulifeneed.com\/wp-content\/uploads\/2025\/11\/073-4-768x960.jpg 768w, https:\/\/ulifeneed.com\/wp-content\/uploads\/2025\/11\/073-4-240x300.jpg 240w, https:\/\/ulifeneed.com\/wp-content\/uploads\/2025\/11\/073-4-819x1024.jpg 819w, https:\/\/ulifeneed.com\/wp-content\/uploads\/2025\/11\/073-4-1229x1536.jpg 1229w, https:\/\/ulifeneed.com\/wp-content\/uploads\/2025\/11\/073-4-600x750.jpg 600w, https:\/\/ulifeneed.com\/wp-content\/uploads\/2025\/11\/073-4.jpg 1600w\" sizes=\"(max-width: 768px) 100vw, 768px\" \/>\n\t\t\t<\/div>\n\t\t\t\t<figcaption class='wp-caption-text gallery-caption' id='gallery-1-1387'>\n\t\t\t\tVersion 1.0.0\n\t\t\t\t<\/figcaption><\/figure><figure class='gallery-item'>\n\t\t\t<div class='gallery-icon portrait'>\n\t\t\t\t<img decoding=\"async\" width=\"768\" height=\"960\" src=\"https:\/\/ulifeneed.com\/wp-content\/uploads\/2025\/11\/073-5-768x960.jpg\" class=\"attachment-medium_large size-medium_large\" alt=\"\" aria-describedby=\"gallery-1-1388\" srcset=\"https:\/\/ulifeneed.com\/wp-content\/uploads\/2025\/11\/073-5-768x960.jpg 768w, https:\/\/ulifeneed.com\/wp-content\/uploads\/2025\/11\/073-5-240x300.jpg 240w, https:\/\/ulifeneed.com\/wp-content\/uploads\/2025\/11\/073-5-819x1024.jpg 819w, https:\/\/ulifeneed.com\/wp-content\/uploads\/2025\/11\/073-5-1229x1536.jpg 1229w, https:\/\/ulifeneed.com\/wp-content\/uploads\/2025\/11\/073-5-600x750.jpg 600w, https:\/\/ulifeneed.com\/wp-content\/uploads\/2025\/11\/073-5.jpg 1600w\" sizes=\"(max-width: 768px) 100vw, 768px\" \/>\n\t\t\t<\/div>\n\t\t\t\t<figcaption class='wp-caption-text gallery-caption' id='gallery-1-1388'>\n\t\t\t\tVersion 1.0.0\n\t\t\t\t<\/figcaption><\/figure><figure class='gallery-item'>\n\t\t\t<div class='gallery-icon portrait'>\n\t\t\t\t<img decoding=\"async\" width=\"768\" height=\"960\" src=\"https:\/\/ulifeneed.com\/wp-content\/uploads\/2025\/11\/073-7-768x960.jpg\" class=\"attachment-medium_large size-medium_large\" alt=\"\" aria-describedby=\"gallery-1-1390\" srcset=\"https:\/\/ulifeneed.com\/wp-content\/uploads\/2025\/11\/073-7-768x960.jpg 768w, https:\/\/ulifeneed.com\/wp-content\/uploads\/2025\/11\/073-7-240x300.jpg 240w, https:\/\/ulifeneed.com\/wp-content\/uploads\/2025\/11\/073-7-819x1024.jpg 819w, https:\/\/ulifeneed.com\/wp-content\/uploads\/2025\/11\/073-7-1229x1536.jpg 1229w, https:\/\/ulifeneed.com\/wp-content\/uploads\/2025\/11\/073-7-600x750.jpg 600w, https:\/\/ulifeneed.com\/wp-content\/uploads\/2025\/11\/073-7.jpg 1600w\" sizes=\"(max-width: 768px) 100vw, 768px\" \/>\n\t\t\t<\/div>\n\t\t\t\t<figcaption class='wp-caption-text gallery-caption' id='gallery-1-1390'>\n\t\t\t\tVersion 1.0.0\n\t\t\t\t<\/figcaption><\/figure><figure class='gallery-item'>\n\t\t\t<div class='gallery-icon portrait'>\n\t\t\t\t<img loading=\"lazy\" decoding=\"async\" width=\"768\" height=\"960\" src=\"https:\/\/ulifeneed.com\/wp-content\/uploads\/2025\/11\/073-6-768x960.jpg\" class=\"attachment-medium_large size-medium_large\" alt=\"\" aria-describedby=\"gallery-1-1389\" srcset=\"https:\/\/ulifeneed.com\/wp-content\/uploads\/2025\/11\/073-6-768x960.jpg 768w, https:\/\/ulifeneed.com\/wp-content\/uploads\/2025\/11\/073-6-240x300.jpg 240w, https:\/\/ulifeneed.com\/wp-content\/uploads\/2025\/11\/073-6-819x1024.jpg 819w, https:\/\/ulifeneed.com\/wp-content\/uploads\/2025\/11\/073-6-1229x1536.jpg 1229w, https:\/\/ulifeneed.com\/wp-content\/uploads\/2025\/11\/073-6-600x750.jpg 600w, https:\/\/ulifeneed.com\/wp-content\/uploads\/2025\/11\/073-6.jpg 1600w\" sizes=\"(max-width: 768px) 100vw, 768px\" \/>\n\t\t\t<\/div>\n\t\t\t\t<figcaption class='wp-caption-text gallery-caption' id='gallery-1-1389'>\n\t\t\t\tVersion 1.0.0\n\t\t\t\t<\/figcaption><\/figure><figure class='gallery-item'>\n\t\t\t<div class='gallery-icon portrait'>\n\t\t\t\t<img loading=\"lazy\" decoding=\"async\" width=\"768\" height=\"960\" src=\"https:\/\/ulifeneed.com\/wp-content\/uploads\/2025\/11\/073-3-768x960.jpg\" class=\"attachment-medium_large size-medium_large\" alt=\"\" aria-describedby=\"gallery-1-1386\" srcset=\"https:\/\/ulifeneed.com\/wp-content\/uploads\/2025\/11\/073-3-768x960.jpg 768w, https:\/\/ulifeneed.com\/wp-content\/uploads\/2025\/11\/073-3-240x300.jpg 240w, https:\/\/ulifeneed.com\/wp-content\/uploads\/2025\/11\/073-3-819x1024.jpg 819w, https:\/\/ulifeneed.com\/wp-content\/uploads\/2025\/11\/073-3-1229x1536.jpg 1229w, https:\/\/ulifeneed.com\/wp-content\/uploads\/2025\/11\/073-3-600x750.jpg 600w, https:\/\/ulifeneed.com\/wp-content\/uploads\/2025\/11\/073-3.jpg 1600w\" sizes=\"(max-width: 768px) 100vw, 768px\" \/>\n\t\t\t<\/div>\n\t\t\t\t<figcaption class='wp-caption-text gallery-caption' id='gallery-1-1386'>\n\t\t\t\tVersion 1.0.0\n\t\t\t\t<\/figcaption><\/figure><figure class='gallery-item'>\n\t\t\t<div class='gallery-icon portrait'>\n\t\t\t\t<img loading=\"lazy\" decoding=\"async\" width=\"768\" height=\"960\" src=\"https:\/\/ulifeneed.com\/wp-content\/uploads\/2025\/11\/073-2-768x960.jpg\" class=\"attachment-medium_large size-medium_large\" alt=\"\" aria-describedby=\"gallery-1-1385\" srcset=\"https:\/\/ulifeneed.com\/wp-content\/uploads\/2025\/11\/073-2-768x960.jpg 768w, https:\/\/ulifeneed.com\/wp-content\/uploads\/2025\/11\/073-2-240x300.jpg 240w, https:\/\/ulifeneed.com\/wp-content\/uploads\/2025\/11\/073-2-819x1024.jpg 819w, https:\/\/ulifeneed.com\/wp-content\/uploads\/2025\/11\/073-2-1229x1536.jpg 1229w, https:\/\/ulifeneed.com\/wp-content\/uploads\/2025\/11\/073-2-600x750.jpg 600w, https:\/\/ulifeneed.com\/wp-content\/uploads\/2025\/11\/073-2.jpg 1600w\" sizes=\"(max-width: 768px) 100vw, 768px\" \/>\n\t\t\t<\/div>\n\t\t\t\t<figcaption class='wp-caption-text gallery-caption' id='gallery-1-1385'>\n\t\t\t\tVersion 1.0.0\n\t\t\t\t<\/figcaption><\/figure>\n\t\t<\/div>\n\t\t<\/div>\n\t\t\t\t\t\t<\/div>\n\t\t\t\t<\/div>\n\t\t\t\t\t<\/div>\n\t\t\t\t<\/div>\n\t\t<div class=\"elementor-element elementor-element-48b475b e-flex e-con-boxed e-con e-parent\" data-id=\"48b475b\" data-element_type=\"container\" data-e-type=\"container\">\n\t\t\t\t\t<div class=\"e-con-inner\">\n\t\t\t\t<div class=\"elementor-element elementor-element-0f74b56 elementor-widget elementor-widget-text-editor\" data-id=\"0f74b56\" data-element_type=\"widget\" data-e-type=\"widget\" data-widget_type=\"text-editor.default\">\n\t\t\t\t<div class=\"elementor-widget-container\">\n\t\t\t\t\t\t\t\t\t<p>Dans un monde o\u00f9 la fiabilit\u00e9 et la commodit\u00e9 sont primordiales, la souris sans fil Ulifeneed 530 s'impose comme votre ultime solution. Que vous soyez en d\u00e9placement ou sur votre lieu de travail, cette souris vous garantit un rangement sans effort, une connectivit\u00e9 sans faille et une qualit\u00e9 sans compromis. Avec la souris sans fil Ulifeneed 530, d\u00e9couvrez l'essence m\u00eame de la simplicit\u00e9 \"plug-and-play\". Pas besoin d'une configuration encombrante ou d'une installation complexe - il suffit de l'emballer, de la brancher et de lib\u00e9rer sa puissance. Profitez de la commodit\u00e9 sans fil de la technologie sans fil 2,4 GHz, associ\u00e9e au r\u00e9cepteur nano USB, au bout de vos doigts. Pas de fils, pas de limites - juste une libert\u00e9 in\u00e9gal\u00e9e. Quand le confort rencontre l'innovation, vous obtenez la souris sans fil Ulifeneed 530. D\u00e9couvrez les joies du confort tout au long de la journ\u00e9e gr\u00e2ce \u00e0 son design unique aux contours \u00e9tudi\u00e9s. Votre main trouvera sa place naturelle sans effort, gr\u00e2ce aux prouesses ergonomiques de cette souris. La finition durable au toucher doux ajoute une touche de sophistication, assurant \u00e0 la fois confort et style. La souris sans fil Ulifeneed 530 est le summum de la fiabilit\u00e9 et de la fonctionnalit\u00e9. Con\u00e7ue pour \u00eatre votre choix pr\u00e9f\u00e9r\u00e9, elle s'adapte sans effort \u00e0 vos besoins, assurant une navigation fluide et des performances ininterrompues. Avec son ext\u00e9rieur \u00e9l\u00e9gant et ses fonctions sophistiqu\u00e9es, cette souris devient une extension de votre productivit\u00e9.<\/p>\t\t\t\t\t\t\t\t<\/div>\n\t\t\t\t<\/div>\n\t\t\t\t\t<\/div>\n\t\t\t\t<\/div>\n\t\t<div class=\"elementor-element elementor-element-8c190bd e-flex e-con-boxed e-con e-parent\" data-id=\"8c190bd\" data-element_type=\"container\" data-e-type=\"container\">\n\t\t\t\t\t<div class=\"e-con-inner\">\n\t\t\t\t<div class=\"elementor-element elementor-element-631cdb7 elementor-widget elementor-widget-image-gallery\" data-id=\"631cdb7\" data-element_type=\"widget\" data-e-type=\"widget\" data-widget_type=\"image-gallery.default\">\n\t\t\t\t<div class=\"elementor-widget-container\">\n\t\t\t\t\t\t\t<div class=\"elementor-image-gallery\">\n\t\t\t<div id='gallery-2' class='gallery galleryid-1383 gallery-columns-1 gallery-size-full'><figure class='gallery-item'>\n\t\t\t<div class='gallery-icon landscape'>\n\t\t\t\t<img loading=\"lazy\" decoding=\"async\" width=\"1464\" height=\"600\" src=\"https:\/\/ulifeneed.com\/wp-content\/uploads\/2025\/11\/073.jpg\" class=\"attachment-full size-full\" alt=\"\" srcset=\"https:\/\/ulifeneed.com\/wp-content\/uploads\/2025\/11\/073.jpg 1464w, https:\/\/ulifeneed.com\/wp-content\/uploads\/2025\/11\/073-300x123.jpg 300w, https:\/\/ulifeneed.com\/wp-content\/uploads\/2025\/11\/073-1024x420.jpg 1024w, https:\/\/ulifeneed.com\/wp-content\/uploads\/2025\/11\/073-768x315.jpg 768w, https:\/\/ulifeneed.com\/wp-content\/uploads\/2025\/11\/073-600x246.jpg 600w\" sizes=\"(max-width: 1464px) 100vw, 1464px\" \/>\n\t\t\t<\/div><\/figure>\n\t\t<\/div>\n\t\t<\/div>\n\t\t\t\t\t\t<\/div>\n\t\t\t\t<\/div>\n\t\t\t\t\t<\/div>\n\t\t\t\t<\/div>\n\t\t\t\t<\/div>","protected":false},"excerpt":{"rendered":"<h2>530 Wireless Mouse - Souris d'ordinateur de taille normale pour PC, ordinateur portable, ordinateur Windows - R\u00e9cepteur Nano USB 2,4 GHz - Design ambidextre - Dur\u00e9e de vie de la batterie 12 mois - Sans fil<\/h2>\n<p>Couleur : Noir corbeau<br \/>\nTechnologie de connectivit\u00e9 : USB<br \/>\nCaract\u00e9ristique particuli\u00e8re : L\u00e9ger, sans fil<br \/>\nTechnologie de d\u00e9tection des mouvements : Optique<\/p>","protected":false},"featured_media":1384,"comment_status":"open","ping_status":"closed","template":"","meta":{"site-sidebar-layout":"no-sidebar","site-content-layout":"page-builder","ast-site-content-layout":"normal-width-container","site-content-style":"default","site-sidebar-style":"default","ast-global-header-display":"","ast-banner-title-visibility":"","ast-main-header-display":"","ast-hfb-above-header-display":"","ast-hfb-below-header-display":"","ast-hfb-mobile-header-display":"","site-post-title":"","ast-breadcrumbs-content":"","ast-featured-img":"disabled","footer-sml-layout":"","theme-transparent-header-meta":"default","adv-header-id-meta":"","stick-header-meta":"","header-above-stick-meta":"","header-main-stick-meta":"","header-below-stick-meta":"","astra-migrate-meta-layouts":"set","ast-page-background-enabled":"default","ast-page-background-meta":{"desktop":{"background-color":"","background-image":"","background-repeat":"repeat","background-position":"center center","background-size":"auto","background-attachment":"scroll","background-type":"","background-media":"","overlay-type":"","overlay-color":"","overlay-opacity":"","overlay-gradient":""},"tablet":{"background-color":"","background-image":"","background-repeat":"repeat","background-position":"center center","background-size":"auto","background-attachment":"scroll","background-type":"","background-media":"","overlay-type":"","overlay-color":"","overlay-opacity":"","overlay-gradient":""},"mobile":{"background-color":"","background-image":"","background-repeat":"repeat","background-position":"center center","background-size":"auto","background-attachment":"scroll","background-type":"","background-media":"","overlay-type":"","overlay-color":"","overlay-opacity":"","overlay-gradient":""}},"ast-content-background-meta":{"desktop":{"background-color":"var(--ast-global-color-5)","background-image":"","background-repeat":"repeat","background-position":"center center","background-size":"auto","background-attachment":"scroll","background-type":"","background-media":"","overlay-type":"","overlay-color":"","overlay-opacity":"","overlay-gradient":""},"tablet":{"background-color":"var(--ast-global-color-5)","background-image":"","background-repeat":"repeat","background-position":"center center","background-size":"auto","background-attachment":"scroll","background-type":"","background-media":"","overlay-type":"","overlay-color":"","overlay-opacity":"","overlay-gradient":""},"mobile":{"background-color":"var(--ast-global-color-5)","background-image":"","background-repeat":"repeat","background-position":"center center","background-size":"auto","background-attachment":"scroll","background-type":"","background-media":"","overlay-type":"","overlay-color":"","overlay-opacity":"","overlay-gradient":""}}},"product_brand":[],"product_cat":[30,15],"product_tag":[],"class_list":{"0":"post-1383","1":"product","2":"type-product","3":"status-publish","4":"has-post-thumbnail","6":"product_cat-computer-mice","7":"product_cat-3c-electronic-products","8":"desktop-align-left","9":"tablet-align-left","10":"mobile-align-left","12":"first","13":"instock","14":"sale","15":"shipping-taxable","16":"purchasable","17":"product-type-simple"},"_links":{"self":[{"href":"https:\/\/ulifeneed.com\/fr\/wp-json\/wp\/v2\/product\/1383","targetHints":{"allow":["GET"]}}],"collection":[{"href":"https:\/\/ulifeneed.com\/fr\/wp-json\/wp\/v2\/product"}],"about":[{"href":"https:\/\/ulifeneed.com\/fr\/wp-json\/wp\/v2\/types\/product"}],"replies":[{"embeddable":true,"href":"https:\/\/ulifeneed.com\/fr\/wp-json\/wp\/v2\/comments?post=1383"}],"version-history":[{"count":5,"href":"https:\/\/ulifeneed.com\/fr\/wp-json\/wp\/v2\/product\/1383\/revisions"}],"predecessor-version":[{"id":1517,"href":"https:\/\/ulifeneed.com\/fr\/wp-json\/wp\/v2\/product\/1383\/revisions\/1517"}],"wp:featuredmedia":[{"embeddable":true,"href":"https:\/\/ulifeneed.com\/fr\/wp-json\/wp\/v2\/media\/1384"}],"wp:attachment":[{"href":"https:\/\/ulifeneed.com\/fr\/wp-json\/wp\/v2\/media?parent=1383"}],"wp:term":[{"taxonomy":"product_brand","embeddable":true,"href":"https:\/\/ulifeneed.com\/fr\/wp-json\/wp\/v2\/product_brand?post=1383"},{"taxonomy":"product_cat","embeddable":true,"href":"https:\/\/ulifeneed.com\/fr\/wp-json\/wp\/v2\/product_cat?post=1383"},{"taxonomy":"product_tag","embeddable":true,"href":"https:\/\/ulifeneed.com\/fr\/wp-json\/wp\/v2\/product_tag?post=1383"}],"curies":[{"name":"wp","href":"https:\/\/api.w.org\/{rel}","templated":true}]}}