{"id":1351,"date":"2025-11-07T09:30:51","date_gmt":"2025-11-07T09:30:51","guid":{"rendered":"https:\/\/ulifeneed.com\/?post_type=product&#038;p=1351"},"modified":"2025-11-28T04:51:21","modified_gmt":"2025-11-28T04:51:21","slug":"souris-sans-fil-bluetooth-pour-ordinateur-portable-macbook-ipad-macbook-air-macbook-pro-pc-ordinateur-de-bureau-windows-chromebook-notebook-silver","status":"publish","type":"product","link":"https:\/\/ulifeneed.com\/fr\/product\/bluetooth-wireless-mouse-for-laptop-mac-macbook-ipad-macbook-air-macbook-pro-pc-desktop-computer-windows-chromebook-notebook-silver\/","title":{"rendered":"Souris sans fil Bluetooth pour ordinateur portable mac MacBook ipad MacBook air MacBook pro pc Ordinateur de bureau Windows Chromebook Notebook (Silver)"},"content":{"rendered":"<div data-elementor-type=\"wp-post\" data-elementor-id=\"1351\" class=\"elementor elementor-1351\">\n\t\t\t\t<div class=\"elementor-element elementor-element-7ab7465 e-flex e-con-boxed e-con e-parent\" data-id=\"7ab7465\" data-element_type=\"container\" data-e-type=\"container\">\n\t\t\t\t\t<div class=\"e-con-inner\">\n\t\t\t\t<div class=\"elementor-element elementor-element-01349a5 elementor-widget elementor-widget-text-editor\" data-id=\"01349a5\" data-element_type=\"widget\" data-e-type=\"widget\" data-widget_type=\"text-editor.default\">\n\t\t\t\t<div class=\"elementor-widget-container\">\n\t\t\t\t\t\t\t\t\t<p>1.\u3010 BLUETOOTH 5.2 + 3.0 +2.4G USB Receiver +USB C adapter Wireless Bluetooth Dual-Mode Mouse\u3011You can switch between Bluetooth mode or 2.4G mode\uff0cCompatible systems are : iPadOS\u3001 macOS\u3001apple \/ Windows \u3001win7\/8\/10\/11, UNIX, Linux, Chrome OS. \u276eLe mode Bluetooth est disponible pour tous les ordinateurs portables compatibles Bluetooth, MacBook pro macbook air macbook Mac iMac (ipad pro ipad air ipad mini ipad10th iPad9th, iPhone, iMac, tablette, ordinateur tout-en-un, etc. \u276f Le mode r\u00e9cepteur USB 2.4G convient \u00e0 tous les ordinateurs portables, ordinateurs de bureau, ordinateurs tout-en-un, Dell, HP, Mac, iMAC, etc. dot\u00e9s de ports USB\/USB C.plug and play.<\/p><p>2.MODE VEILLE AUTOMATIQUE POUR \u00c9CONOMISER L'\u00c9NERGIE : La fonction d'arr\u00eat automatique vous permet d'\u00e9conomiser de l'\u00e9nergie, car votre souris Bluetooth s'\u00e9teint lorsque votre PC est \u00e9teint ou que le r\u00e9cepteur est d\u00e9connect\u00e9. Si vous n'utilisez pas la souris pendant huit minutes, elle se met en mode veille. Vous pouvez appuyer sur n'importe quel bouton pour la r\u00e9veiller.<\/p><p>3. 3 DPI r\u00e9glables : DPI800\/1200\/1600, vous pouvez modifier le DPI en fonction de vos besoins. 1000 est le territoire de la souris de bureau. Cette souris Bluetooth utilise des puces optiques de haute performance, qui fonctionneront plus rapidement et avec plus de pr\u00e9cision que les souris traditionnelles. Elle est id\u00e9ale pour le bureau, la maison et les loisirs.<\/p><p>4. DESIGN ERGONOMIQUE\uff1a Une bonne technologie de rev\u00eatement de surface vous donne une sensation de toucher semblable \u00e0 celui de la peau. La conception conviviale offre un confort tout au long de la journ\u00e9e pour le travail et le divertissement, portable et de taille de poche parfait pour les voyages, la conception de la sourdine emp\u00eache les clics g\u00eanants.<\/p><p>5. la souris sans fil BLUETOOTH fonctionne sur tous les ordinateurs portables et de bureau.<\/p>\t\t\t\t\t\t\t\t<\/div>\n\t\t\t\t<\/div>\n\t\t\t\t\t<\/div>\n\t\t\t\t<\/div>\n\t\t<div class=\"elementor-element elementor-element-86893d4 e-flex e-con-boxed e-con e-parent\" data-id=\"86893d4\" data-element_type=\"container\" data-e-type=\"container\">\n\t\t\t\t\t<div class=\"e-con-inner\">\n\t\t\t\t<div class=\"elementor-element elementor-element-8714e9f elementor-widget elementor-widget-image-gallery\" data-id=\"8714e9f\" data-element_type=\"widget\" data-e-type=\"widget\" data-widget_type=\"image-gallery.default\">\n\t\t\t\t<div class=\"elementor-widget-container\">\n\t\t\t\t\t\t\t<div class=\"elementor-image-gallery\">\n\t\t\t<div id='gallery-1' class='gallery galleryid-1351 gallery-columns-3 gallery-size-medium_large'><figure class='gallery-item'>\n\t\t\t<div class='gallery-icon landscape'>\n\t\t\t\t<img fetchpriority=\"high\" decoding=\"async\" width=\"768\" height=\"768\" src=\"https:\/\/ulifeneed.com\/wp-content\/uploads\/2025\/11\/068-4-768x768.jpg\" class=\"attachment-medium_large size-medium_large\" alt=\"\" aria-describedby=\"gallery-1-1355\" srcset=\"https:\/\/ulifeneed.com\/wp-content\/uploads\/2025\/11\/068-4-768x768.jpg 768w, https:\/\/ulifeneed.com\/wp-content\/uploads\/2025\/11\/068-4-300x300.jpg 300w, https:\/\/ulifeneed.com\/wp-content\/uploads\/2025\/11\/068-4-150x150.jpg 150w, https:\/\/ulifeneed.com\/wp-content\/uploads\/2025\/11\/068-4-600x600.jpg 600w, https:\/\/ulifeneed.com\/wp-content\/uploads\/2025\/11\/068-4-100x100.jpg 100w, https:\/\/ulifeneed.com\/wp-content\/uploads\/2025\/11\/068-4.jpg 1000w\" sizes=\"(max-width: 768px) 100vw, 768px\" \/>\n\t\t\t<\/div>\n\t\t\t\t<figcaption class='wp-caption-text gallery-caption' id='gallery-1-1355'>\n\t\t\t\tVersion 1.0.0\n\t\t\t\t<\/figcaption><\/figure><figure class='gallery-item'>\n\t\t\t<div class='gallery-icon landscape'>\n\t\t\t\t<img decoding=\"async\" width=\"768\" height=\"768\" src=\"https:\/\/ulifeneed.com\/wp-content\/uploads\/2025\/11\/068-5-768x768.jpg\" class=\"attachment-medium_large size-medium_large\" alt=\"\" aria-describedby=\"gallery-1-1356\" srcset=\"https:\/\/ulifeneed.com\/wp-content\/uploads\/2025\/11\/068-5-768x768.jpg 768w, https:\/\/ulifeneed.com\/wp-content\/uploads\/2025\/11\/068-5-300x300.jpg 300w, https:\/\/ulifeneed.com\/wp-content\/uploads\/2025\/11\/068-5-150x150.jpg 150w, https:\/\/ulifeneed.com\/wp-content\/uploads\/2025\/11\/068-5-600x600.jpg 600w, https:\/\/ulifeneed.com\/wp-content\/uploads\/2025\/11\/068-5-100x100.jpg 100w, https:\/\/ulifeneed.com\/wp-content\/uploads\/2025\/11\/068-5.jpg 1000w\" sizes=\"(max-width: 768px) 100vw, 768px\" \/>\n\t\t\t<\/div>\n\t\t\t\t<figcaption class='wp-caption-text gallery-caption' id='gallery-1-1356'>\n\t\t\t\tVersion 1.0.0\n\t\t\t\t<\/figcaption><\/figure><figure class='gallery-item'>\n\t\t\t<div class='gallery-icon landscape'>\n\t\t\t\t<img decoding=\"async\" width=\"768\" height=\"768\" src=\"https:\/\/ulifeneed.com\/wp-content\/uploads\/2025\/11\/068-6-768x768.jpg\" class=\"attachment-medium_large size-medium_large\" alt=\"\" aria-describedby=\"gallery-1-1357\" srcset=\"https:\/\/ulifeneed.com\/wp-content\/uploads\/2025\/11\/068-6-768x768.jpg 768w, https:\/\/ulifeneed.com\/wp-content\/uploads\/2025\/11\/068-6-300x300.jpg 300w, https:\/\/ulifeneed.com\/wp-content\/uploads\/2025\/11\/068-6-150x150.jpg 150w, https:\/\/ulifeneed.com\/wp-content\/uploads\/2025\/11\/068-6-600x600.jpg 600w, https:\/\/ulifeneed.com\/wp-content\/uploads\/2025\/11\/068-6-100x100.jpg 100w, https:\/\/ulifeneed.com\/wp-content\/uploads\/2025\/11\/068-6.jpg 1000w\" sizes=\"(max-width: 768px) 100vw, 768px\" \/>\n\t\t\t<\/div>\n\t\t\t\t<figcaption class='wp-caption-text gallery-caption' id='gallery-1-1357'>\n\t\t\t\tVersion 1.0.0\n\t\t\t\t<\/figcaption><\/figure><figure class='gallery-item'>\n\t\t\t<div class='gallery-icon landscape'>\n\t\t\t\t<img loading=\"lazy\" decoding=\"async\" width=\"768\" height=\"768\" src=\"https:\/\/ulifeneed.com\/wp-content\/uploads\/2025\/11\/068-7-768x768.jpg\" class=\"attachment-medium_large size-medium_large\" alt=\"\" aria-describedby=\"gallery-1-1358\" srcset=\"https:\/\/ulifeneed.com\/wp-content\/uploads\/2025\/11\/068-7-768x768.jpg 768w, https:\/\/ulifeneed.com\/wp-content\/uploads\/2025\/11\/068-7-300x300.jpg 300w, https:\/\/ulifeneed.com\/wp-content\/uploads\/2025\/11\/068-7-150x150.jpg 150w, https:\/\/ulifeneed.com\/wp-content\/uploads\/2025\/11\/068-7-600x600.jpg 600w, https:\/\/ulifeneed.com\/wp-content\/uploads\/2025\/11\/068-7-100x100.jpg 100w, https:\/\/ulifeneed.com\/wp-content\/uploads\/2025\/11\/068-7.jpg 1000w\" sizes=\"(max-width: 768px) 100vw, 768px\" \/>\n\t\t\t<\/div>\n\t\t\t\t<figcaption class='wp-caption-text gallery-caption' id='gallery-1-1358'>\n\t\t\t\tVersion 1.0.0\n\t\t\t\t<\/figcaption><\/figure><figure class='gallery-item'>\n\t\t\t<div class='gallery-icon landscape'>\n\t\t\t\t<img loading=\"lazy\" decoding=\"async\" width=\"768\" height=\"647\" src=\"https:\/\/ulifeneed.com\/wp-content\/uploads\/2025\/11\/068-2-768x647.jpg\" class=\"attachment-medium_large size-medium_large\" alt=\"\" aria-describedby=\"gallery-1-1353\" srcset=\"https:\/\/ulifeneed.com\/wp-content\/uploads\/2025\/11\/068-2-768x647.jpg 768w, https:\/\/ulifeneed.com\/wp-content\/uploads\/2025\/11\/068-2-300x253.jpg 300w, https:\/\/ulifeneed.com\/wp-content\/uploads\/2025\/11\/068-2-600x506.jpg 600w, https:\/\/ulifeneed.com\/wp-content\/uploads\/2025\/11\/068-2.jpg 1000w\" sizes=\"(max-width: 768px) 100vw, 768px\" \/>\n\t\t\t<\/div>\n\t\t\t\t<figcaption class='wp-caption-text gallery-caption' id='gallery-1-1353'>\n\t\t\t\tVersion 1.0.0\n\t\t\t\t<\/figcaption><\/figure><figure class='gallery-item'>\n\t\t\t<div class='gallery-icon landscape'>\n\t\t\t\t<img loading=\"lazy\" decoding=\"async\" width=\"768\" height=\"768\" src=\"https:\/\/ulifeneed.com\/wp-content\/uploads\/2025\/11\/068-8-768x768.jpg\" class=\"attachment-medium_large size-medium_large\" alt=\"\" aria-describedby=\"gallery-1-1359\" srcset=\"https:\/\/ulifeneed.com\/wp-content\/uploads\/2025\/11\/068-8-768x768.jpg 768w, https:\/\/ulifeneed.com\/wp-content\/uploads\/2025\/11\/068-8-300x300.jpg 300w, https:\/\/ulifeneed.com\/wp-content\/uploads\/2025\/11\/068-8-150x150.jpg 150w, https:\/\/ulifeneed.com\/wp-content\/uploads\/2025\/11\/068-8-600x600.jpg 600w, https:\/\/ulifeneed.com\/wp-content\/uploads\/2025\/11\/068-8-100x100.jpg 100w, https:\/\/ulifeneed.com\/wp-content\/uploads\/2025\/11\/068-8.jpg 1000w\" sizes=\"(max-width: 768px) 100vw, 768px\" \/>\n\t\t\t<\/div>\n\t\t\t\t<figcaption class='wp-caption-text gallery-caption' id='gallery-1-1359'>\n\t\t\t\tVersion 1.0.0\n\t\t\t\t<\/figcaption><\/figure>\n\t\t<\/div>\n\t\t<\/div>\n\t\t\t\t\t\t<\/div>\n\t\t\t\t<\/div>\n\t\t\t\t\t<\/div>\n\t\t\t\t<\/div>\n\t\t<div class=\"elementor-element elementor-element-48b475b e-flex e-con-boxed e-con e-parent\" data-id=\"48b475b\" data-element_type=\"container\" data-e-type=\"container\">\n\t\t\t\t\t<div class=\"e-con-inner\">\n\t\t\t\t<div class=\"elementor-element elementor-element-0f74b56 elementor-widget elementor-widget-text-editor\" data-id=\"0f74b56\" data-element_type=\"widget\" data-e-type=\"widget\" data-widget_type=\"text-editor.default\">\n\t\t\t\t<div class=\"elementor-widget-container\">\n\t\t\t\t\t\t\t\t\t<p><strong>Choisissez la souris sans fil Bluetooth bimode ulifeneed<\/strong> (BT5.2+BT3.0+2.4Gr\u00e9cepteur+adaptateur USB C), ce qui est plus propice \u00e0 la connexion et \u00e0 l'utilisation sur n'importe quel appareil informatique,<\/p><p><strong>Comment utiliser le mode souris Bluetooth :<\/strong><\/p><p>Tout d'abord, faites glisser le commutateur de la souris en mode Bluetooth (lumi\u00e8re bleue) &gt; ouvrez les pr\u00e9f\u00e9rences syst\u00e8me de l'ordinateur portable&gt; activez la fonction Bluetooth &gt;, lorsque le Bluetooth de l'ordinateur portable recherche des p\u00e9riph\u00e9riques Bluetooth \u00e0 proximit\u00e9&gt; vous devez appuyer et maintenir le bouton bleu en bas de la souris \u201d pendant 3 -4 secondes, La lumi\u00e8re bleue clignote . La lumi\u00e8re bleue clignote. &gt; La recherche Bluetooth fait appara\u00eetre la souris Bluetooth 5.2&gt;cliquez pour connecter la souris BT5.2 ou BT3.0 (BT3.0 pour l'ancien ordinateur portable). &gt; la connexion est r\u00e9ussie<\/p><p><strong>Comment utiliser la souris en mode r\u00e9cepteur USB 2.4G : Commencez par mettre la souris en mode 2.4G.<\/strong><\/p><p>\uff08green light\uff09&gt; Retirez ensuite le r\u00e9cepteur USB de la fente situ\u00e9e sous la souris &gt; Branchez le r\u00e9cepteur USB dans le port USB de votre ordinateur portable, plug and play (fonctionne avec tous les ports USB et les ports USB c des ordinateurs portables et de bureau, (Note : Les ordinateurs avec des ports USB c doivent utiliser un adaptateur USB c)).<\/p><p><strong>Comment utiliser la souris bluetooth sur l'ipadOS13 et sup\u00e9rieur iPad pro 11\/12.9inch ipad air 10.9inch ipad mini 8.3inch iPad 10th gen 9th gen 10.9inch : <\/strong><\/p><p>Tout d'abord, ouvrez les r\u00e9glages de l'iPad, trouvez l'accessibilit\u00e9, activez les commandes tactiles, trouvez les commandes tactiles d'assistance, activez les commandes tactiles d'assistance, puis tirez vers le bas pour trouver le p\u00e9riph\u00e9rique, activez le p\u00e9riph\u00e9rique Bluetooth, puis activez le commutateur de la souris, appuyez et maintenez le bouton noir sur le bas de la souris pendant 3-4 secondes, votre iPad recherchera une souris Bluetooth 5.2 et cliquera sur \u201cConnecter\u201d. Mot de passe d'appairage : 0000, (si vous ne trouvez pas la souris Bluetooth, veuillez red\u00e9marrer la souris ou la fonction Bluetooth de l'iPad, ou red\u00e9marrer l'iPad).<\/p><h2>Comment recharger une souris sans fil ?<\/h2><p>Si le pointeur de votre souris ne bouge pas ou ne peut pas \u00eatre utilis\u00e9, ou s'il se d\u00e9connecte soudainement en cours d'utilisation, c'est le signe que vous devez recharger la souris Bluetooth pendant environ 3 heures.<br \/>Veuillez utiliser un adaptateur dont la sortie ne d\u00e9passe pas 5 V pour la recharge, ou une banque d'alimentation, ou un port USB sur votre ordinateur portable. (Le chargement est interdit sur les chargeurs dont la sortie est de 10 V ou plus).<\/p><p>Liste d'emballage : manuel d'instruction *1, souris sans fil rechargeable Bluetooth 5.2 + BT3.0 + r\u00e9cepteur USB 2.4G bimode *1, (r\u00e9cepteur USB 2.4G cach\u00e9 dans la fente inf\u00e9rieure de la souris), c\u00e2ble de charge USB *1, adaptateur USB C*1, bo\u00eete d'emballage *1.<\/p>\t\t\t\t\t\t\t\t<\/div>\n\t\t\t\t<\/div>\n\t\t\t\t\t<\/div>\n\t\t\t\t<\/div>\n\t\t<div class=\"elementor-element elementor-element-8c190bd e-flex e-con-boxed e-con e-parent\" data-id=\"8c190bd\" data-element_type=\"container\" data-e-type=\"container\">\n\t\t\t\t\t<div class=\"e-con-inner\">\n\t\t\t\t<div class=\"elementor-element elementor-element-631cdb7 elementor-widget elementor-widget-image-gallery\" data-id=\"631cdb7\" data-element_type=\"widget\" data-e-type=\"widget\" data-widget_type=\"image-gallery.default\">\n\t\t\t\t<div class=\"elementor-widget-container\">\n\t\t\t\t\t\t\t<div class=\"elementor-image-gallery\">\n\t\t\t<div id='gallery-2' class='gallery galleryid-1351 gallery-columns-1 gallery-size-full'><figure class='gallery-item'>\n\t\t\t<div class='gallery-icon landscape'>\n\t\t\t\t<img loading=\"lazy\" decoding=\"async\" width=\"1000\" height=\"1000\" src=\"https:\/\/ulifeneed.com\/wp-content\/uploads\/2025\/11\/068-8.jpg\" class=\"attachment-full size-full\" alt=\"\" aria-describedby=\"gallery-2-1359\" srcset=\"https:\/\/ulifeneed.com\/wp-content\/uploads\/2025\/11\/068-8.jpg 1000w, https:\/\/ulifeneed.com\/wp-content\/uploads\/2025\/11\/068-8-300x300.jpg 300w, https:\/\/ulifeneed.com\/wp-content\/uploads\/2025\/11\/068-8-150x150.jpg 150w, https:\/\/ulifeneed.com\/wp-content\/uploads\/2025\/11\/068-8-768x768.jpg 768w, https:\/\/ulifeneed.com\/wp-content\/uploads\/2025\/11\/068-8-600x600.jpg 600w, https:\/\/ulifeneed.com\/wp-content\/uploads\/2025\/11\/068-8-100x100.jpg 100w\" sizes=\"(max-width: 1000px) 100vw, 1000px\" \/>\n\t\t\t<\/div>\n\t\t\t\t<figcaption class='wp-caption-text gallery-caption' id='gallery-2-1359'>\n\t\t\t\tVersion 1.0.0\n\t\t\t\t<\/figcaption><\/figure><figure class='gallery-item'>\n\t\t\t<div class='gallery-icon landscape'>\n\t\t\t\t<img loading=\"lazy\" decoding=\"async\" width=\"1000\" height=\"1000\" src=\"https:\/\/ulifeneed.com\/wp-content\/uploads\/2025\/11\/068-5.jpg\" class=\"attachment-full size-full\" alt=\"\" aria-describedby=\"gallery-2-1356\" srcset=\"https:\/\/ulifeneed.com\/wp-content\/uploads\/2025\/11\/068-5.jpg 1000w, https:\/\/ulifeneed.com\/wp-content\/uploads\/2025\/11\/068-5-300x300.jpg 300w, https:\/\/ulifeneed.com\/wp-content\/uploads\/2025\/11\/068-5-150x150.jpg 150w, https:\/\/ulifeneed.com\/wp-content\/uploads\/2025\/11\/068-5-768x768.jpg 768w, https:\/\/ulifeneed.com\/wp-content\/uploads\/2025\/11\/068-5-600x600.jpg 600w, https:\/\/ulifeneed.com\/wp-content\/uploads\/2025\/11\/068-5-100x100.jpg 100w\" sizes=\"(max-width: 1000px) 100vw, 1000px\" \/>\n\t\t\t<\/div>\n\t\t\t\t<figcaption class='wp-caption-text gallery-caption' id='gallery-2-1356'>\n\t\t\t\tVersion 1.0.0\n\t\t\t\t<\/figcaption><\/figure><figure class='gallery-item'>\n\t\t\t<div class='gallery-icon landscape'>\n\t\t\t\t<img loading=\"lazy\" decoding=\"async\" width=\"1000\" height=\"1000\" src=\"https:\/\/ulifeneed.com\/wp-content\/uploads\/2025\/11\/068-4.jpg\" class=\"attachment-full size-full\" alt=\"\" aria-describedby=\"gallery-2-1355\" srcset=\"https:\/\/ulifeneed.com\/wp-content\/uploads\/2025\/11\/068-4.jpg 1000w, https:\/\/ulifeneed.com\/wp-content\/uploads\/2025\/11\/068-4-300x300.jpg 300w, https:\/\/ulifeneed.com\/wp-content\/uploads\/2025\/11\/068-4-150x150.jpg 150w, https:\/\/ulifeneed.com\/wp-content\/uploads\/2025\/11\/068-4-768x768.jpg 768w, https:\/\/ulifeneed.com\/wp-content\/uploads\/2025\/11\/068-4-600x600.jpg 600w, https:\/\/ulifeneed.com\/wp-content\/uploads\/2025\/11\/068-4-100x100.jpg 100w\" sizes=\"(max-width: 1000px) 100vw, 1000px\" \/>\n\t\t\t<\/div>\n\t\t\t\t<figcaption class='wp-caption-text gallery-caption' id='gallery-2-1355'>\n\t\t\t\tVersion 1.0.0\n\t\t\t\t<\/figcaption><\/figure><figure class='gallery-item'>\n\t\t\t<div class='gallery-icon landscape'>\n\t\t\t\t<img loading=\"lazy\" decoding=\"async\" width=\"1000\" height=\"1000\" src=\"https:\/\/ulifeneed.com\/wp-content\/uploads\/2025\/11\/068-3.jpg\" class=\"attachment-full size-full\" alt=\"\" aria-describedby=\"gallery-2-1354\" srcset=\"https:\/\/ulifeneed.com\/wp-content\/uploads\/2025\/11\/068-3.jpg 1000w, https:\/\/ulifeneed.com\/wp-content\/uploads\/2025\/11\/068-3-300x300.jpg 300w, https:\/\/ulifeneed.com\/wp-content\/uploads\/2025\/11\/068-3-150x150.jpg 150w, https:\/\/ulifeneed.com\/wp-content\/uploads\/2025\/11\/068-3-768x768.jpg 768w, https:\/\/ulifeneed.com\/wp-content\/uploads\/2025\/11\/068-3-600x600.jpg 600w, https:\/\/ulifeneed.com\/wp-content\/uploads\/2025\/11\/068-3-100x100.jpg 100w\" sizes=\"(max-width: 1000px) 100vw, 1000px\" \/>\n\t\t\t<\/div>\n\t\t\t\t<figcaption class='wp-caption-text gallery-caption' id='gallery-2-1354'>\n\t\t\t\tVersion 1.0.0\n\t\t\t\t<\/figcaption><\/figure>\n\t\t<\/div>\n\t\t<\/div>\n\t\t\t\t\t\t<\/div>\n\t\t\t\t<\/div>\n\t\t\t\t\t<\/div>\n\t\t\t\t<\/div>\n\t\t\t\t<\/div>","protected":false},"excerpt":{"rendered":"<h2>Souris sans fil Bluetooth pour ordinateur portable mac MacBook ipad MacBook air MacBook pro pc Ordinateur de bureau Windows Chromebook Notebook (Silver)<\/h2>\n<p>Couleur : argent<br \/>\nTechnologie de connectivit\u00e9 : Adaptateur USB\/USB C sans fil Bluetooth<br \/>\nCaract\u00e9ristiques sp\u00e9ciales : Adaptateur USB\/USB C sans fil Bluetooth<br \/>\nTechnologie de d\u00e9tection des mouvements : Optique<\/p>","protected":false},"featured_media":1352,"comment_status":"open","ping_status":"closed","template":"","meta":{"site-sidebar-layout":"no-sidebar","site-content-layout":"page-builder","ast-site-content-layout":"normal-width-container","site-content-style":"default","site-sidebar-style":"default","ast-global-header-display":"","ast-banner-title-visibility":"","ast-main-header-display":"","ast-hfb-above-header-display":"","ast-hfb-below-header-display":"","ast-hfb-mobile-header-display":"","site-post-title":"","ast-breadcrumbs-content":"","ast-featured-img":"disabled","footer-sml-layout":"","theme-transparent-header-meta":"default","adv-header-id-meta":"","stick-header-meta":"","header-above-stick-meta":"","header-main-stick-meta":"","header-below-stick-meta":"","astra-migrate-meta-layouts":"set","ast-page-background-enabled":"default","ast-page-background-meta":{"desktop":{"background-color":"","background-image":"","background-repeat":"repeat","background-position":"center center","background-size":"auto","background-attachment":"scroll","background-type":"","background-media":"","overlay-type":"","overlay-color":"","overlay-opacity":"","overlay-gradient":""},"tablet":{"background-color":"","background-image":"","background-repeat":"repeat","background-position":"center center","background-size":"auto","background-attachment":"scroll","background-type":"","background-media":"","overlay-type":"","overlay-color":"","overlay-opacity":"","overlay-gradient":""},"mobile":{"background-color":"","background-image":"","background-repeat":"repeat","background-position":"center center","background-size":"auto","background-attachment":"scroll","background-type":"","background-media":"","overlay-type":"","overlay-color":"","overlay-opacity":"","overlay-gradient":""}},"ast-content-background-meta":{"desktop":{"background-color":"var(--ast-global-color-5)","background-image":"","background-repeat":"repeat","background-position":"center center","background-size":"auto","background-attachment":"scroll","background-type":"","background-media":"","overlay-type":"","overlay-color":"","overlay-opacity":"","overlay-gradient":""},"tablet":{"background-color":"var(--ast-global-color-5)","background-image":"","background-repeat":"repeat","background-position":"center center","background-size":"auto","background-attachment":"scroll","background-type":"","background-media":"","overlay-type":"","overlay-color":"","overlay-opacity":"","overlay-gradient":""},"mobile":{"background-color":"var(--ast-global-color-5)","background-image":"","background-repeat":"repeat","background-position":"center center","background-size":"auto","background-attachment":"scroll","background-type":"","background-media":"","overlay-type":"","overlay-color":"","overlay-opacity":"","overlay-gradient":""}}},"product_brand":[],"product_cat":[30,15],"product_tag":[],"class_list":{"0":"post-1351","1":"product","2":"type-product","3":"status-publish","4":"has-post-thumbnail","6":"product_cat-computer-mice","7":"product_cat-3c-electronic-products","8":"desktop-align-left","9":"tablet-align-left","10":"mobile-align-left","12":"first","13":"instock","14":"sale","15":"shipping-taxable","16":"purchasable","17":"product-type-simple"},"_links":{"self":[{"href":"https:\/\/ulifeneed.com\/fr\/wp-json\/wp\/v2\/product\/1351","targetHints":{"allow":["GET"]}}],"collection":[{"href":"https:\/\/ulifeneed.com\/fr\/wp-json\/wp\/v2\/product"}],"about":[{"href":"https:\/\/ulifeneed.com\/fr\/wp-json\/wp\/v2\/types\/product"}],"replies":[{"embeddable":true,"href":"https:\/\/ulifeneed.com\/fr\/wp-json\/wp\/v2\/comments?post=1351"}],"version-history":[{"count":5,"href":"https:\/\/ulifeneed.com\/fr\/wp-json\/wp\/v2\/product\/1351\/revisions"}],"predecessor-version":[{"id":1515,"href":"https:\/\/ulifeneed.com\/fr\/wp-json\/wp\/v2\/product\/1351\/revisions\/1515"}],"wp:featuredmedia":[{"embeddable":true,"href":"https:\/\/ulifeneed.com\/fr\/wp-json\/wp\/v2\/media\/1352"}],"wp:attachment":[{"href":"https:\/\/ulifeneed.com\/fr\/wp-json\/wp\/v2\/media?parent=1351"}],"wp:term":[{"taxonomy":"product_brand","embeddable":true,"href":"https:\/\/ulifeneed.com\/fr\/wp-json\/wp\/v2\/product_brand?post=1351"},{"taxonomy":"product_cat","embeddable":true,"href":"https:\/\/ulifeneed.com\/fr\/wp-json\/wp\/v2\/product_cat?post=1351"},{"taxonomy":"product_tag","embeddable":true,"href":"https:\/\/ulifeneed.com\/fr\/wp-json\/wp\/v2\/product_tag?post=1351"}],"curies":[{"name":"wp","href":"https:\/\/api.w.org\/{rel}","templated":true}]}}