{"id":1331,"date":"2025-11-07T09:21:56","date_gmt":"2025-11-07T09:21:56","guid":{"rendered":"https:\/\/ulifeneed.com\/?post_type=product&#038;p=1331"},"modified":"2025-11-28T04:51:13","modified_gmt":"2025-11-28T04:51:13","slug":"souris-sans-fil-de-type-c-souris-sans-fil-usb-c-macbook-souris-sans-fil-dual-mode-2-4g-avec-nano-usb-et-recepteur-type-c-compatible-avec-pc-laptop-macbook-et-tous-les-appareils-de-type-c-noir-et-argen","status":"publish","type":"product","link":"https:\/\/ulifeneed.com\/fr\/product\/type-c-wireless-mouse-usb-c-macbook-wireless-mouse-dual-mode-2-4g-cordless-mice-with-nano-usb-and-type-c-receiver-compatible-with-pc-laptop-macbook-and-all-type-c-devices-black-and-silver\/","title":{"rendered":"Souris sans fil de type C, souris sans fil USB C MacBook Dual Mode 2.4G sans fil avec Nano USB et r\u00e9cepteur de type C compatible avec PC, ordinateur portable, MacBook et tous les appareils de type C-Noir et Argent"},"content":{"rendered":"<div data-elementor-type=\"wp-post\" data-elementor-id=\"1331\" class=\"elementor elementor-1331\">\n\t\t\t\t<div class=\"elementor-element elementor-element-7ab7465 e-flex e-con-boxed e-con e-parent\" data-id=\"7ab7465\" data-element_type=\"container\" data-e-type=\"container\">\n\t\t\t\t\t<div class=\"e-con-inner\">\n\t\t\t\t<div class=\"elementor-element elementor-element-01349a5 elementor-widget elementor-widget-text-editor\" data-id=\"01349a5\" data-element_type=\"widget\" data-e-type=\"widget\" data-widget_type=\"text-editor.default\">\n\t\t\t\t<div class=\"elementor-widget-container\">\n\t\t\t\t\t\t\t\t\t<p>\u3010LARGE COMPATIBILIT\u00c9\u3011 Bien compatible avec Windows7\/8\/10\/XP, Vista, Mac OS X 10.10 ou plus r\u00e9cent. Convient \u00e0 tous les appareils Type-C, tablettes, t\u00e9l\u00e9phones portables, Macbook, Macbook Pro, iMac, iMac Pro, Chromebook et plus encore.<br \/>\u3010RECHARGEABLE &amp; QUIET CLICKING\u3011Easy rechargable through the included micro usb cable and built-in durable 300mAh lithium rechargeable battery. La surface givr\u00e9e lisse et les clics silencieux peuvent apporter une meilleure exp\u00e9rience d'utilisation et vous lib\u00e9rer de l'inqui\u00e9tude de d\u00e9ranger les autres et vous permettre de rester concentr\u00e9 pendant le travail.<br \/>\u3010ADJUSTABLE DPI AND ERGONOMIC DESIGN\u30113 niveaux DPI (1000\/1600\/2400 DPI) vous permettent de modifier facilement la sensibilit\u00e9 du curseur et de suivre plus facilement une vari\u00e9t\u00e9 de surfaces. La forme profil\u00e9e s'adapte parfaitement \u00e0 vos mains, r\u00e9duisant la fatigue manuelle.<br \/>\u3010EASY TO USE &amp; CONVENIENT\u3011PLUG and PLAY. Le r\u00e9cepteur nano type-C et usb se trouve dans le compartiment \u00e0 piles de la souris. Sortez-le et branchez-le dans le port de l'appareil s\u00e9par\u00e9ment. Aucun pilote ou logiciel suppl\u00e9mentaire n'est n\u00e9cessaire. Vous pouvez passer d'un appareil connect\u00e9 \u00e0 l'autre \u00e0 l'aide d'un seul bouton. Rangez le r\u00e9cepteur dans le compartiment \u00e0 piles lorsque vous \u00eates en d\u00e9placement.<br \/>\u3010SKIN-FRIENDLY &amp; WARRANTY\u3011Silent click mouse with classic design offers your hand maximum support and comfort. Chaque produit ulifeneed est assorti d'une garantie de 12 mois. Achetez en toute confiance<\/p>\t\t\t\t\t\t\t\t<\/div>\n\t\t\t\t<\/div>\n\t\t\t\t\t<\/div>\n\t\t\t\t<\/div>\n\t\t<div class=\"elementor-element elementor-element-86893d4 e-flex e-con-boxed e-con e-parent\" data-id=\"86893d4\" data-element_type=\"container\" data-e-type=\"container\">\n\t\t\t\t\t<div class=\"e-con-inner\">\n\t\t\t\t<div class=\"elementor-element elementor-element-8714e9f elementor-widget elementor-widget-image-gallery\" data-id=\"8714e9f\" data-element_type=\"widget\" data-e-type=\"widget\" data-widget_type=\"image-gallery.default\">\n\t\t\t\t<div class=\"elementor-widget-container\">\n\t\t\t\t\t\t\t<div class=\"elementor-image-gallery\">\n\t\t\t<div id='gallery-1' class='gallery galleryid-1331 gallery-columns-3 gallery-size-medium_large'><figure class='gallery-item'>\n\t\t\t<div class='gallery-icon landscape'>\n\t\t\t\t<img fetchpriority=\"high\" decoding=\"async\" width=\"300\" height=\"300\" src=\"https:\/\/ulifeneed.com\/wp-content\/uploads\/2025\/11\/065-14.jpg\" class=\"attachment-medium_large size-medium_large\" alt=\"\" srcset=\"https:\/\/ulifeneed.com\/wp-content\/uploads\/2025\/11\/065-14.jpg 300w, https:\/\/ulifeneed.com\/wp-content\/uploads\/2025\/11\/065-14-150x150.jpg 150w, https:\/\/ulifeneed.com\/wp-content\/uploads\/2025\/11\/065-14-100x100.jpg 100w\" sizes=\"(max-width: 300px) 100vw, 300px\" \/>\n\t\t\t<\/div><\/figure><figure class='gallery-item'>\n\t\t\t<div class='gallery-icon landscape'>\n\t\t\t\t<img decoding=\"async\" width=\"300\" height=\"300\" src=\"https:\/\/ulifeneed.com\/wp-content\/uploads\/2025\/11\/065-12.jpg\" class=\"attachment-medium_large size-medium_large\" alt=\"\" srcset=\"https:\/\/ulifeneed.com\/wp-content\/uploads\/2025\/11\/065-12.jpg 300w, https:\/\/ulifeneed.com\/wp-content\/uploads\/2025\/11\/065-12-150x150.jpg 150w, https:\/\/ulifeneed.com\/wp-content\/uploads\/2025\/11\/065-12-100x100.jpg 100w\" sizes=\"(max-width: 300px) 100vw, 300px\" \/>\n\t\t\t<\/div><\/figure><figure class='gallery-item'>\n\t\t\t<div class='gallery-icon landscape'>\n\t\t\t\t<img decoding=\"async\" width=\"300\" height=\"300\" src=\"https:\/\/ulifeneed.com\/wp-content\/uploads\/2025\/11\/065-11.jpg\" class=\"attachment-medium_large size-medium_large\" alt=\"\" srcset=\"https:\/\/ulifeneed.com\/wp-content\/uploads\/2025\/11\/065-11.jpg 300w, https:\/\/ulifeneed.com\/wp-content\/uploads\/2025\/11\/065-11-150x150.jpg 150w, https:\/\/ulifeneed.com\/wp-content\/uploads\/2025\/11\/065-11-100x100.jpg 100w\" sizes=\"(max-width: 300px) 100vw, 300px\" \/>\n\t\t\t<\/div><\/figure><figure class='gallery-item'>\n\t\t\t<div class='gallery-icon landscape'>\n\t\t\t\t<img loading=\"lazy\" decoding=\"async\" width=\"300\" height=\"300\" src=\"https:\/\/ulifeneed.com\/wp-content\/uploads\/2025\/11\/065-10.jpg\" class=\"attachment-medium_large size-medium_large\" alt=\"\" srcset=\"https:\/\/ulifeneed.com\/wp-content\/uploads\/2025\/11\/065-10.jpg 300w, https:\/\/ulifeneed.com\/wp-content\/uploads\/2025\/11\/065-10-150x150.jpg 150w, https:\/\/ulifeneed.com\/wp-content\/uploads\/2025\/11\/065-10-100x100.jpg 100w\" sizes=\"(max-width: 300px) 100vw, 300px\" \/>\n\t\t\t<\/div><\/figure><figure class='gallery-item'>\n\t\t\t<div class='gallery-icon landscape'>\n\t\t\t\t<img loading=\"lazy\" decoding=\"async\" width=\"768\" height=\"768\" src=\"https:\/\/ulifeneed.com\/wp-content\/uploads\/2025\/11\/065-8-768x768.jpg\" class=\"attachment-medium_large size-medium_large\" alt=\"\" aria-describedby=\"gallery-1-1339\" srcset=\"https:\/\/ulifeneed.com\/wp-content\/uploads\/2025\/11\/065-8-768x768.jpg 768w, https:\/\/ulifeneed.com\/wp-content\/uploads\/2025\/11\/065-8-300x300.jpg 300w, https:\/\/ulifeneed.com\/wp-content\/uploads\/2025\/11\/065-8-150x150.jpg 150w, https:\/\/ulifeneed.com\/wp-content\/uploads\/2025\/11\/065-8-600x600.jpg 600w, https:\/\/ulifeneed.com\/wp-content\/uploads\/2025\/11\/065-8-100x100.jpg 100w, https:\/\/ulifeneed.com\/wp-content\/uploads\/2025\/11\/065-8.jpg 1000w\" sizes=\"(max-width: 768px) 100vw, 768px\" \/>\n\t\t\t<\/div>\n\t\t\t\t<figcaption class='wp-caption-text gallery-caption' id='gallery-1-1339'>\n\t\t\t\tVersion 1.0.0\n\t\t\t\t<\/figcaption><\/figure><figure class='gallery-item'>\n\t\t\t<div class='gallery-icon landscape'>\n\t\t\t\t<img loading=\"lazy\" decoding=\"async\" width=\"768\" height=\"768\" src=\"https:\/\/ulifeneed.com\/wp-content\/uploads\/2025\/11\/065-7-768x768.jpg\" class=\"attachment-medium_large size-medium_large\" alt=\"\" aria-describedby=\"gallery-1-1338\" srcset=\"https:\/\/ulifeneed.com\/wp-content\/uploads\/2025\/11\/065-7-768x768.jpg 768w, https:\/\/ulifeneed.com\/wp-content\/uploads\/2025\/11\/065-7-300x300.jpg 300w, https:\/\/ulifeneed.com\/wp-content\/uploads\/2025\/11\/065-7-150x150.jpg 150w, https:\/\/ulifeneed.com\/wp-content\/uploads\/2025\/11\/065-7-600x600.jpg 600w, https:\/\/ulifeneed.com\/wp-content\/uploads\/2025\/11\/065-7-100x100.jpg 100w, https:\/\/ulifeneed.com\/wp-content\/uploads\/2025\/11\/065-7.jpg 1000w\" sizes=\"(max-width: 768px) 100vw, 768px\" \/>\n\t\t\t<\/div>\n\t\t\t\t<figcaption class='wp-caption-text gallery-caption' id='gallery-1-1338'>\n\t\t\t\tVersion 1.0.0\n\t\t\t\t<\/figcaption><\/figure>\n\t\t<\/div>\n\t\t<\/div>\n\t\t\t\t\t\t<\/div>\n\t\t\t\t<\/div>\n\t\t\t\t\t<\/div>\n\t\t\t\t<\/div>\n\t\t<div class=\"elementor-element elementor-element-48b475b e-flex e-con-boxed e-con e-parent\" data-id=\"48b475b\" data-element_type=\"container\" data-e-type=\"container\">\n\t\t\t\t\t<div class=\"e-con-inner\">\n\t\t\t\t<div class=\"elementor-element elementor-element-0f74b56 elementor-widget elementor-widget-text-editor\" data-id=\"0f74b56\" data-element_type=\"widget\" data-e-type=\"widget\" data-widget_type=\"text-editor.default\">\n\t\t\t\t<div class=\"elementor-widget-container\">\n\t\t\t\t\t\t\t\t\t<h2>Souris sans fil pour le travail quotidien<\/h2><p><strong>Connexion sans fil USB 2.4G et Type C<\/strong><br \/>Le r\u00e9cepteur 2-1 peut r\u00e9pondre \u00e0 l'\u00e9quipement de n'importe quelle interface, la souris sans fil ulifeneed peut \u00eatre connect\u00e9e \u00e0 votre ordinateur facilement, plug and play, aucun pilote suppl\u00e9mentaire n'est n\u00e9cessaire. Transmission rapide et stable.<\/p><p><strong>Style professionnel, design \u00e9lanc\u00e9<\/strong><br \/>Un design ergonomique fin et une surface lisse et givr\u00e9e pour une exp\u00e9rience d'utilisation incroyable. La conception sym\u00e9trique permet de l'adapter aux deux mains.<\/p><p><strong>Plug and Play<\/strong><br \/>Un nano \u00e9metteur-r\u00e9cepteur se branche sur le port USB de votre ordinateur pour une connexion sans fil fiable. Aucun pilote n'est n\u00e9cessaire. Tr\u00e8s facile \u00e0 utiliser.<\/p>\t\t\t\t\t\t\t\t<\/div>\n\t\t\t\t<\/div>\n\t\t\t\t\t<\/div>\n\t\t\t\t<\/div>\n\t\t<div class=\"elementor-element elementor-element-8c190bd e-flex e-con-boxed e-con e-parent\" data-id=\"8c190bd\" data-element_type=\"container\" data-e-type=\"container\">\n\t\t\t\t\t<div class=\"e-con-inner\">\n\t\t\t\t<div class=\"elementor-element elementor-element-631cdb7 elementor-widget elementor-widget-image-gallery\" data-id=\"631cdb7\" data-element_type=\"widget\" data-e-type=\"widget\" data-widget_type=\"image-gallery.default\">\n\t\t\t\t<div class=\"elementor-widget-container\">\n\t\t\t\t\t\t\t<div class=\"elementor-image-gallery\">\n\t\t\t<div id='gallery-2' class='gallery galleryid-1331 gallery-columns-1 gallery-size-full'><figure class='gallery-item'>\n\t\t\t<div class='gallery-icon landscape'>\n\t\t\t\t<img loading=\"lazy\" decoding=\"async\" width=\"1000\" height=\"309\" src=\"https:\/\/ulifeneed.com\/wp-content\/uploads\/2025\/11\/065-13.jpg\" class=\"attachment-full size-full\" alt=\"\" srcset=\"https:\/\/ulifeneed.com\/wp-content\/uploads\/2025\/11\/065-13.jpg 1000w, https:\/\/ulifeneed.com\/wp-content\/uploads\/2025\/11\/065-13-300x93.jpg 300w, https:\/\/ulifeneed.com\/wp-content\/uploads\/2025\/11\/065-13-768x237.jpg 768w, https:\/\/ulifeneed.com\/wp-content\/uploads\/2025\/11\/065-13-600x185.jpg 600w\" sizes=\"(max-width: 1000px) 100vw, 1000px\" \/>\n\t\t\t<\/div><\/figure><figure class='gallery-item'>\n\t\t\t<div class='gallery-icon landscape'>\n\t\t\t\t<img loading=\"lazy\" decoding=\"async\" width=\"1000\" height=\"309\" src=\"https:\/\/ulifeneed.com\/wp-content\/uploads\/2025\/11\/065-9.jpg\" class=\"attachment-full size-full\" alt=\"\" srcset=\"https:\/\/ulifeneed.com\/wp-content\/uploads\/2025\/11\/065-9.jpg 1000w, https:\/\/ulifeneed.com\/wp-content\/uploads\/2025\/11\/065-9-300x93.jpg 300w, https:\/\/ulifeneed.com\/wp-content\/uploads\/2025\/11\/065-9-768x237.jpg 768w, https:\/\/ulifeneed.com\/wp-content\/uploads\/2025\/11\/065-9-600x185.jpg 600w\" sizes=\"(max-width: 1000px) 100vw, 1000px\" \/>\n\t\t\t<\/div><\/figure>\n\t\t<\/div>\n\t\t<\/div>\n\t\t\t\t\t\t<\/div>\n\t\t\t\t<\/div>\n\t\t\t\t\t<\/div>\n\t\t\t\t<\/div>\n\t\t\t\t<\/div>","protected":false},"excerpt":{"rendered":"<h2>Souris sans fil de type C, souris sans fil USB C MacBook Dual Mode 2.4G sans fil avec Nano USB et r\u00e9cepteur de type C compatible avec PC, ordinateur portable, MacBook et tous les appareils de type C-Noir et Argent<\/h2>\n<p>Couleur : noir et argent<br \/>\nTechnologie de connectivit\u00e9 : 2.4G sans fil<br \/>\nParticularit\u00e9 : l\u00e9ger, portable, rechargeable, silencieux, sans fil<br \/>\nTechnologie de d\u00e9tection des mouvements : optique<\/p>","protected":false},"featured_media":1332,"comment_status":"open","ping_status":"closed","template":"","meta":{"site-sidebar-layout":"no-sidebar","site-content-layout":"page-builder","ast-site-content-layout":"normal-width-container","site-content-style":"default","site-sidebar-style":"default","ast-global-header-display":"","ast-banner-title-visibility":"","ast-main-header-display":"","ast-hfb-above-header-display":"","ast-hfb-below-header-display":"","ast-hfb-mobile-header-display":"","site-post-title":"","ast-breadcrumbs-content":"","ast-featured-img":"disabled","footer-sml-layout":"","theme-transparent-header-meta":"default","adv-header-id-meta":"","stick-header-meta":"","header-above-stick-meta":"","header-main-stick-meta":"","header-below-stick-meta":"","astra-migrate-meta-layouts":"set","ast-page-background-enabled":"default","ast-page-background-meta":{"desktop":{"background-color":"","background-image":"","background-repeat":"repeat","background-position":"center center","background-size":"auto","background-attachment":"scroll","background-type":"","background-media":"","overlay-type":"","overlay-color":"","overlay-opacity":"","overlay-gradient":""},"tablet":{"background-color":"","background-image":"","background-repeat":"repeat","background-position":"center center","background-size":"auto","background-attachment":"scroll","background-type":"","background-media":"","overlay-type":"","overlay-color":"","overlay-opacity":"","overlay-gradient":""},"mobile":{"background-color":"","background-image":"","background-repeat":"repeat","background-position":"center center","background-size":"auto","background-attachment":"scroll","background-type":"","background-media":"","overlay-type":"","overlay-color":"","overlay-opacity":"","overlay-gradient":""}},"ast-content-background-meta":{"desktop":{"background-color":"var(--ast-global-color-5)","background-image":"","background-repeat":"repeat","background-position":"center center","background-size":"auto","background-attachment":"scroll","background-type":"","background-media":"","overlay-type":"","overlay-color":"","overlay-opacity":"","overlay-gradient":""},"tablet":{"background-color":"var(--ast-global-color-5)","background-image":"","background-repeat":"repeat","background-position":"center center","background-size":"auto","background-attachment":"scroll","background-type":"","background-media":"","overlay-type":"","overlay-color":"","overlay-opacity":"","overlay-gradient":""},"mobile":{"background-color":"var(--ast-global-color-5)","background-image":"","background-repeat":"repeat","background-position":"center center","background-size":"auto","background-attachment":"scroll","background-type":"","background-media":"","overlay-type":"","overlay-color":"","overlay-opacity":"","overlay-gradient":""}}},"product_brand":[],"product_cat":[30,15],"product_tag":[],"class_list":{"0":"post-1331","1":"product","2":"type-product","3":"status-publish","4":"has-post-thumbnail","6":"product_cat-computer-mice","7":"product_cat-3c-electronic-products","8":"desktop-align-left","9":"tablet-align-left","10":"mobile-align-left","12":"first","13":"instock","14":"sale","15":"shipping-taxable","16":"purchasable","17":"product-type-simple"},"_links":{"self":[{"href":"https:\/\/ulifeneed.com\/fr\/wp-json\/wp\/v2\/product\/1331","targetHints":{"allow":["GET"]}}],"collection":[{"href":"https:\/\/ulifeneed.com\/fr\/wp-json\/wp\/v2\/product"}],"about":[{"href":"https:\/\/ulifeneed.com\/fr\/wp-json\/wp\/v2\/types\/product"}],"replies":[{"embeddable":true,"href":"https:\/\/ulifeneed.com\/fr\/wp-json\/wp\/v2\/comments?post=1331"}],"version-history":[{"count":5,"href":"https:\/\/ulifeneed.com\/fr\/wp-json\/wp\/v2\/product\/1331\/revisions"}],"predecessor-version":[{"id":1514,"href":"https:\/\/ulifeneed.com\/fr\/wp-json\/wp\/v2\/product\/1331\/revisions\/1514"}],"wp:featuredmedia":[{"embeddable":true,"href":"https:\/\/ulifeneed.com\/fr\/wp-json\/wp\/v2\/media\/1332"}],"wp:attachment":[{"href":"https:\/\/ulifeneed.com\/fr\/wp-json\/wp\/v2\/media?parent=1331"}],"wp:term":[{"taxonomy":"product_brand","embeddable":true,"href":"https:\/\/ulifeneed.com\/fr\/wp-json\/wp\/v2\/product_brand?post=1331"},{"taxonomy":"product_cat","embeddable":true,"href":"https:\/\/ulifeneed.com\/fr\/wp-json\/wp\/v2\/product_cat?post=1331"},{"taxonomy":"product_tag","embeddable":true,"href":"https:\/\/ulifeneed.com\/fr\/wp-json\/wp\/v2\/product_tag?post=1331"}],"curies":[{"name":"wp","href":"https:\/\/api.w.org\/{rel}","templated":true}]}}