{"id":1239,"date":"2025-11-07T08:11:55","date_gmt":"2025-11-07T08:11:55","guid":{"rendered":"https:\/\/ulifeneed.com\/?post_type=product&#038;p=1239"},"modified":"2025-11-28T04:51:05","modified_gmt":"2025-11-28T04:51:05","slug":"stream-keyboard-wired-usb-sx-scissors-mechanism","status":"publish","type":"product","link":"https:\/\/ulifeneed.com\/fr\/product\/stream-keyboard-wired-usb-sx-scissors-mechanism\/","title":{"rendered":"Clavier Stream filaire USB SX M\u00e9canisme de ciseaux QWERTY Frappe silencieuse et silencieuse pour la maison, le bureau, le travail ou l'ordinateur personnel. Noir"},"content":{"rendered":"<div data-elementor-type=\"wp-post\" data-elementor-id=\"1239\" class=\"elementor elementor-1239\">\n\t\t\t\t<div class=\"elementor-element elementor-element-7ab7465 e-flex e-con-boxed e-con e-parent\" data-id=\"7ab7465\" data-element_type=\"container\" data-e-type=\"container\">\n\t\t\t\t\t<div class=\"e-con-inner\">\n\t\t\t\t<div class=\"elementor-element elementor-element-01349a5 elementor-widget elementor-widget-text-editor\" data-id=\"01349a5\" data-element_type=\"widget\" data-e-type=\"widget\" data-widget_type=\"text-editor.default\">\n\t\t\t\t<div class=\"elementor-widget-container\">\n\t\t\t\t\t\t\t\t\t<p>1. le travail au bout des doigts : frappe silencieuse, exp\u00e9rience de frappe imbattable<\/p><p>2.Qualit\u00e9 sup\u00e9rieure : \u00e9tiquette de cl\u00e9 durable, m\u00e9canisme de ciseaux interne sx, \u00e9tiquette environnementale blue angel<\/p><p>3.confort d'utilisation : 3 indicateurs d'\u00e9tat int\u00e9gr\u00e9s, parfaite r\u00e9sistance au glissement, 10 touches bureautiques et multim\u00e9dia<\/p><p>4. conception moderne : hauteur plate, ax\u00e9e sur l'essentiel, approbation gs. Technologie de connectivit\u00e9 : USB<\/p><p>5. l'esprit d'entreprise am\u00e9ricain associ\u00e9 \u00e0 l'ing\u00e9nierie allemande. Aujourd'hui, ulifeneed est consid\u00e9r\u00e9 comme l'incarnation de la qualit\u00e9, de l'innovation, du design et de la durabilit\u00e9. Un sentiment unique.<\/p>\t\t\t\t\t\t\t\t<\/div>\n\t\t\t\t<\/div>\n\t\t\t\t\t<\/div>\n\t\t\t\t<\/div>\n\t\t<div class=\"elementor-element elementor-element-86893d4 e-flex e-con-boxed e-con e-parent\" data-id=\"86893d4\" data-element_type=\"container\" data-e-type=\"container\">\n\t\t\t\t\t<div class=\"e-con-inner\">\n\t\t\t\t<div class=\"elementor-element elementor-element-8714e9f elementor-widget elementor-widget-image-gallery\" data-id=\"8714e9f\" data-element_type=\"widget\" data-e-type=\"widget\" data-widget_type=\"image-gallery.default\">\n\t\t\t\t<div class=\"elementor-widget-container\">\n\t\t\t\t\t\t\t<div class=\"elementor-image-gallery\">\n\t\t\t<div id='gallery-1' class='gallery galleryid-1239 gallery-columns-3 gallery-size-medium_large'><figure class='gallery-item'>\n\t\t\t<div class='gallery-icon landscape'>\n\t\t\t\t<img fetchpriority=\"high\" decoding=\"async\" width=\"768\" height=\"768\" src=\"https:\/\/ulifeneed.com\/wp-content\/uploads\/2025\/11\/052-7-768x768.jpg\" class=\"attachment-medium_large size-medium_large\" alt=\"\" srcset=\"https:\/\/ulifeneed.com\/wp-content\/uploads\/2025\/11\/052-7-768x768.jpg 768w, https:\/\/ulifeneed.com\/wp-content\/uploads\/2025\/11\/052-7-300x300.jpg 300w, https:\/\/ulifeneed.com\/wp-content\/uploads\/2025\/11\/052-7-150x150.jpg 150w, https:\/\/ulifeneed.com\/wp-content\/uploads\/2025\/11\/052-7-600x600.jpg 600w, https:\/\/ulifeneed.com\/wp-content\/uploads\/2025\/11\/052-7-100x100.jpg 100w, https:\/\/ulifeneed.com\/wp-content\/uploads\/2025\/11\/052-7.jpg 1000w\" sizes=\"(max-width: 768px) 100vw, 768px\" \/>\n\t\t\t<\/div><\/figure><figure class='gallery-item'>\n\t\t\t<div class='gallery-icon landscape'>\n\t\t\t\t<img decoding=\"async\" width=\"768\" height=\"768\" src=\"https:\/\/ulifeneed.com\/wp-content\/uploads\/2025\/11\/052-8-768x768.jpg\" class=\"attachment-medium_large size-medium_large\" alt=\"\" srcset=\"https:\/\/ulifeneed.com\/wp-content\/uploads\/2025\/11\/052-8-768x768.jpg 768w, https:\/\/ulifeneed.com\/wp-content\/uploads\/2025\/11\/052-8-300x300.jpg 300w, https:\/\/ulifeneed.com\/wp-content\/uploads\/2025\/11\/052-8-150x150.jpg 150w, https:\/\/ulifeneed.com\/wp-content\/uploads\/2025\/11\/052-8-600x600.jpg 600w, https:\/\/ulifeneed.com\/wp-content\/uploads\/2025\/11\/052-8-100x100.jpg 100w, https:\/\/ulifeneed.com\/wp-content\/uploads\/2025\/11\/052-8.jpg 1000w\" sizes=\"(max-width: 768px) 100vw, 768px\" \/>\n\t\t\t<\/div><\/figure><figure class='gallery-item'>\n\t\t\t<div class='gallery-icon landscape'>\n\t\t\t\t<img decoding=\"async\" width=\"768\" height=\"768\" src=\"https:\/\/ulifeneed.com\/wp-content\/uploads\/2025\/11\/052-9-768x768.jpg\" class=\"attachment-medium_large size-medium_large\" alt=\"\" srcset=\"https:\/\/ulifeneed.com\/wp-content\/uploads\/2025\/11\/052-9-768x768.jpg 768w, https:\/\/ulifeneed.com\/wp-content\/uploads\/2025\/11\/052-9-300x300.jpg 300w, https:\/\/ulifeneed.com\/wp-content\/uploads\/2025\/11\/052-9-150x150.jpg 150w, https:\/\/ulifeneed.com\/wp-content\/uploads\/2025\/11\/052-9-600x600.jpg 600w, https:\/\/ulifeneed.com\/wp-content\/uploads\/2025\/11\/052-9-100x100.jpg 100w, https:\/\/ulifeneed.com\/wp-content\/uploads\/2025\/11\/052-9.jpg 1000w\" sizes=\"(max-width: 768px) 100vw, 768px\" \/>\n\t\t\t<\/div><\/figure>\n\t\t<\/div>\n\t\t<\/div>\n\t\t\t\t\t\t<\/div>\n\t\t\t\t<\/div>\n\t\t\t\t\t<\/div>\n\t\t\t\t<\/div>\n\t\t<div class=\"elementor-element elementor-element-48b475b e-flex e-con-boxed e-con e-parent\" data-id=\"48b475b\" data-element_type=\"container\" data-e-type=\"container\">\n\t\t\t\t\t<div class=\"e-con-inner\">\n\t\t\t\t<div class=\"elementor-element elementor-element-0f74b56 elementor-widget elementor-widget-text-editor\" data-id=\"0f74b56\" data-element_type=\"widget\" data-e-type=\"widget\" data-widget_type=\"text-editor.default\">\n\t\t\t\t<div class=\"elementor-widget-container\">\n\t\t\t\t\t\t\t\t\t<p>Vous \u00eates \u00e0 la recherche d'un compagnon fiable qui ne vous laissera pas tomber au travail ou dans votre bureau \u00e0 domicile ? Le STREAM KEYBOARD d'ulifeneed est le choix id\u00e9al.<\/p><p>Le clavier \u00e0 c\u00e2ble est particuli\u00e8rement impressionnant gr\u00e2ce au m\u00e9canisme de ciseaux SX ulifeneed de haute qualit\u00e9. Il offre une excellente sensation de frappe tactile et est particuli\u00e8rement pr\u00e9cis. Le volume sonore lors de la frappe sur le clavier USB a encore \u00e9t\u00e9 r\u00e9duit par rapport au mod\u00e8le pr\u00e9c\u00e9dent. Le clavier PC est donc le premier choix si vous aimez \u00e9crire en silence.<\/p><p>Gr\u00e2ce \u00e0 la plaque m\u00e9tallique int\u00e9gr\u00e9e et aux huit tampons en caoutchouc situ\u00e9s sous le clavier, le STREAM KEYBOARD pr\u00e9sente une rigidit\u00e9 torsionnelle, une stabilit\u00e9 et une durabilit\u00e9 optimales.<\/p><p>Le marquage des touches, facile \u00e0 lire, est r\u00e9sistant \u00e0 l'abrasion et reste donc lisible m\u00eame apr\u00e8s une longue p\u00e9riode. Le clavier Office dispose \u00e9galement de dix touches suppl\u00e9mentaires pratiques pour la bureautique et le multim\u00e9dia : Contr\u00f4le du volume, verrouillage de Windows, d\u00e9marrage de la calculatrice, etc. Trois DEL d'\u00e9tat int\u00e9gr\u00e9es directement dans les touches respectives indiquent d'un coup d'\u0153il si les touches CAPS LOCK, NUM et SCROLL sont activ\u00e9es.<\/p><p>Le clavier porte le sceau GS \u201cTested Security\u201d. Ce label certifie qu'il est conforme \u00e0 toutes les directives et \u00e0 tous les r\u00e8glements europ\u00e9ens relatifs \u00e0 la protection de la sant\u00e9. De plus, le sceau GS signifie que vous pouvez \u00eatre s\u00fbr que ce clavier utilise une disposition standard. Avec la distinction \u201cAnge bleu\u201d, le STREAM KEYBOARD ulifeneed r\u00e9pond aux exigences en mati\u00e8re d'environnement, de sant\u00e9 et d'utilisation. Cela signifie qu'\u00e0 partir de la phase de production jusqu'\u00e0 l'appareil lui-m\u00eame, l'impact sur l'eau, le sol, l'air et l'environnement dans son ensemble est le plus faible possible.<\/p><p>D\u00e9couvrez le clavier d'ordinateur \u201culifeneed STREAM KEYBOARD\u201d - parfait pour les dactylographes fr\u00e9quents ayant les plus hautes exigences en mati\u00e8re de qualit\u00e9 et de sensation de frappe !<\/p>\t\t\t\t\t\t\t\t<\/div>\n\t\t\t\t<\/div>\n\t\t\t\t\t<\/div>\n\t\t\t\t<\/div>\n\t\t<div class=\"elementor-element elementor-element-8c190bd e-flex e-con-boxed e-con e-parent\" data-id=\"8c190bd\" data-element_type=\"container\" data-e-type=\"container\">\n\t\t\t\t\t<div class=\"e-con-inner\">\n\t\t\t\t<div class=\"elementor-element elementor-element-631cdb7 elementor-widget elementor-widget-image-gallery\" data-id=\"631cdb7\" data-element_type=\"widget\" data-e-type=\"widget\" data-widget_type=\"image-gallery.default\">\n\t\t\t\t<div class=\"elementor-widget-container\">\n\t\t\t\t\t\t\t<div class=\"elementor-image-gallery\">\n\t\t\t<div id='gallery-2' class='gallery galleryid-1239 gallery-columns-1 gallery-size-full'><figure class='gallery-item'>\n\t\t\t<div class='gallery-icon landscape'>\n\t\t\t\t<img loading=\"lazy\" decoding=\"async\" width=\"1000\" height=\"1000\" src=\"https:\/\/ulifeneed.com\/wp-content\/uploads\/2025\/11\/052-4.jpg\" class=\"attachment-full size-full\" alt=\"\" srcset=\"https:\/\/ulifeneed.com\/wp-content\/uploads\/2025\/11\/052-4.jpg 1000w, https:\/\/ulifeneed.com\/wp-content\/uploads\/2025\/11\/052-4-300x300.jpg 300w, https:\/\/ulifeneed.com\/wp-content\/uploads\/2025\/11\/052-4-150x150.jpg 150w, https:\/\/ulifeneed.com\/wp-content\/uploads\/2025\/11\/052-4-768x768.jpg 768w, https:\/\/ulifeneed.com\/wp-content\/uploads\/2025\/11\/052-4-600x600.jpg 600w, https:\/\/ulifeneed.com\/wp-content\/uploads\/2025\/11\/052-4-100x100.jpg 100w\" sizes=\"(max-width: 1000px) 100vw, 1000px\" \/>\n\t\t\t<\/div><\/figure><figure class='gallery-item'>\n\t\t\t<div class='gallery-icon landscape'>\n\t\t\t\t<img loading=\"lazy\" decoding=\"async\" width=\"1000\" height=\"667\" src=\"https:\/\/ulifeneed.com\/wp-content\/uploads\/2025\/11\/052-3.jpg\" class=\"attachment-full size-full\" alt=\"\" srcset=\"https:\/\/ulifeneed.com\/wp-content\/uploads\/2025\/11\/052-3.jpg 1000w, https:\/\/ulifeneed.com\/wp-content\/uploads\/2025\/11\/052-3-300x200.jpg 300w, https:\/\/ulifeneed.com\/wp-content\/uploads\/2025\/11\/052-3-768x512.jpg 768w, https:\/\/ulifeneed.com\/wp-content\/uploads\/2025\/11\/052-3-600x400.jpg 600w\" sizes=\"(max-width: 1000px) 100vw, 1000px\" \/>\n\t\t\t<\/div><\/figure><figure class='gallery-item'>\n\t\t\t<div class='gallery-icon landscape'>\n\t\t\t\t<img loading=\"lazy\" decoding=\"async\" width=\"1000\" height=\"667\" src=\"https:\/\/ulifeneed.com\/wp-content\/uploads\/2025\/11\/052-2.jpg\" class=\"attachment-full size-full\" alt=\"\" srcset=\"https:\/\/ulifeneed.com\/wp-content\/uploads\/2025\/11\/052-2.jpg 1000w, https:\/\/ulifeneed.com\/wp-content\/uploads\/2025\/11\/052-2-300x200.jpg 300w, https:\/\/ulifeneed.com\/wp-content\/uploads\/2025\/11\/052-2-768x512.jpg 768w, https:\/\/ulifeneed.com\/wp-content\/uploads\/2025\/11\/052-2-600x400.jpg 600w\" sizes=\"(max-width: 1000px) 100vw, 1000px\" \/>\n\t\t\t<\/div><\/figure><figure class='gallery-item'>\n\t\t\t<div class='gallery-icon landscape'>\n\t\t\t\t<img loading=\"lazy\" decoding=\"async\" width=\"1000\" height=\"1000\" src=\"https:\/\/ulifeneed.com\/wp-content\/uploads\/2025\/11\/052-6.jpg\" class=\"attachment-full size-full\" alt=\"\" srcset=\"https:\/\/ulifeneed.com\/wp-content\/uploads\/2025\/11\/052-6.jpg 1000w, https:\/\/ulifeneed.com\/wp-content\/uploads\/2025\/11\/052-6-300x300.jpg 300w, https:\/\/ulifeneed.com\/wp-content\/uploads\/2025\/11\/052-6-150x150.jpg 150w, https:\/\/ulifeneed.com\/wp-content\/uploads\/2025\/11\/052-6-768x768.jpg 768w, https:\/\/ulifeneed.com\/wp-content\/uploads\/2025\/11\/052-6-600x600.jpg 600w, https:\/\/ulifeneed.com\/wp-content\/uploads\/2025\/11\/052-6-100x100.jpg 100w\" sizes=\"(max-width: 1000px) 100vw, 1000px\" \/>\n\t\t\t<\/div><\/figure>\n\t\t<\/div>\n\t\t<\/div>\n\t\t\t\t\t\t<\/div>\n\t\t\t\t<\/div>\n\t\t\t\t\t<\/div>\n\t\t\t\t<\/div>\n\t\t\t\t<\/div>","protected":false},"excerpt":{"rendered":"<h2>Clavier Stream filaire USB SX M\u00e9canisme de ciseaux QWERTY Frappe silencieuse et silencieuse pour la maison, le bureau, le travail ou l'ordinateur personnel. Noir<\/h2>\n<p>Appareils compatibles : Ordinateur portable, PC<br \/>\nTechnologie de connectivit\u00e9 : USB-A<br \/>\nDescription du clavier : tactile<br \/>\nUtilisations recommand\u00e9es pour le produit : Affaires, \u00c9ducation, Personnel<br \/>\nCaract\u00e9ristique particuli\u00e8re : Ergonomique, course silencieuse<br \/>\nCouleur : Noir<br \/>\nPrise en charge de la couleur de r\u00e9tro\u00e9clairage du clavier : Couleur unique<br \/>\nStyle : Classique<br \/>\nDimensions du produit : 18.23\u2033L x 6.42\u2033W x 0.71\u2033H<\/p>","protected":false},"featured_media":1240,"comment_status":"open","ping_status":"closed","template":"","meta":{"site-sidebar-layout":"no-sidebar","site-content-layout":"page-builder","ast-site-content-layout":"normal-width-container","site-content-style":"default","site-sidebar-style":"default","ast-global-header-display":"","ast-banner-title-visibility":"","ast-main-header-display":"","ast-hfb-above-header-display":"","ast-hfb-below-header-display":"","ast-hfb-mobile-header-display":"","site-post-title":"","ast-breadcrumbs-content":"","ast-featured-img":"disabled","footer-sml-layout":"","theme-transparent-header-meta":"default","adv-header-id-meta":"","stick-header-meta":"","header-above-stick-meta":"","header-main-stick-meta":"","header-below-stick-meta":"","astra-migrate-meta-layouts":"set","ast-page-background-enabled":"default","ast-page-background-meta":{"desktop":{"background-color":"","background-image":"","background-repeat":"repeat","background-position":"center center","background-size":"auto","background-attachment":"scroll","background-type":"","background-media":"","overlay-type":"","overlay-color":"","overlay-opacity":"","overlay-gradient":""},"tablet":{"background-color":"","background-image":"","background-repeat":"repeat","background-position":"center center","background-size":"auto","background-attachment":"scroll","background-type":"","background-media":"","overlay-type":"","overlay-color":"","overlay-opacity":"","overlay-gradient":""},"mobile":{"background-color":"","background-image":"","background-repeat":"repeat","background-position":"center center","background-size":"auto","background-attachment":"scroll","background-type":"","background-media":"","overlay-type":"","overlay-color":"","overlay-opacity":"","overlay-gradient":""}},"ast-content-background-meta":{"desktop":{"background-color":"var(--ast-global-color-5)","background-image":"","background-repeat":"repeat","background-position":"center center","background-size":"auto","background-attachment":"scroll","background-type":"","background-media":"","overlay-type":"","overlay-color":"","overlay-opacity":"","overlay-gradient":""},"tablet":{"background-color":"var(--ast-global-color-5)","background-image":"","background-repeat":"repeat","background-position":"center center","background-size":"auto","background-attachment":"scroll","background-type":"","background-media":"","overlay-type":"","overlay-color":"","overlay-opacity":"","overlay-gradient":""},"mobile":{"background-color":"var(--ast-global-color-5)","background-image":"","background-repeat":"repeat","background-position":"center center","background-size":"auto","background-attachment":"scroll","background-type":"","background-media":"","overlay-type":"","overlay-color":"","overlay-opacity":"","overlay-gradient":""}}},"product_brand":[],"product_cat":[32,15],"product_tag":[],"class_list":{"0":"post-1239","1":"product","2":"type-product","3":"status-publish","4":"has-post-thumbnail","6":"product_cat-computer-keyboards","7":"product_cat-3c-electronic-products","8":"desktop-align-left","9":"tablet-align-left","10":"mobile-align-left","12":"first","13":"instock","14":"sale","15":"shipping-taxable","16":"purchasable","17":"product-type-simple"},"_links":{"self":[{"href":"https:\/\/ulifeneed.com\/fr\/wp-json\/wp\/v2\/product\/1239","targetHints":{"allow":["GET"]}}],"collection":[{"href":"https:\/\/ulifeneed.com\/fr\/wp-json\/wp\/v2\/product"}],"about":[{"href":"https:\/\/ulifeneed.com\/fr\/wp-json\/wp\/v2\/types\/product"}],"replies":[{"embeddable":true,"href":"https:\/\/ulifeneed.com\/fr\/wp-json\/wp\/v2\/comments?post=1239"}],"version-history":[{"count":6,"href":"https:\/\/ulifeneed.com\/fr\/wp-json\/wp\/v2\/product\/1239\/revisions"}],"predecessor-version":[{"id":1513,"href":"https:\/\/ulifeneed.com\/fr\/wp-json\/wp\/v2\/product\/1239\/revisions\/1513"}],"wp:featuredmedia":[{"embeddable":true,"href":"https:\/\/ulifeneed.com\/fr\/wp-json\/wp\/v2\/media\/1240"}],"wp:attachment":[{"href":"https:\/\/ulifeneed.com\/fr\/wp-json\/wp\/v2\/media?parent=1239"}],"wp:term":[{"taxonomy":"product_brand","embeddable":true,"href":"https:\/\/ulifeneed.com\/fr\/wp-json\/wp\/v2\/product_brand?post=1239"},{"taxonomy":"product_cat","embeddable":true,"href":"https:\/\/ulifeneed.com\/fr\/wp-json\/wp\/v2\/product_cat?post=1239"},{"taxonomy":"product_tag","embeddable":true,"href":"https:\/\/ulifeneed.com\/fr\/wp-json\/wp\/v2\/product_tag?post=1239"}],"curies":[{"name":"wp","href":"https:\/\/api.w.org\/{rel}","templated":true}]}}