{"id":1197,"date":"2025-11-07T07:49:34","date_gmt":"2025-11-07T07:49:34","guid":{"rendered":"https:\/\/ulifeneed.com\/?post_type=product&#038;p=1197"},"modified":"2025-11-28T04:50:50","modified_gmt":"2025-11-28T04:50:50","slug":"k250-clavier-bluetooth-avec-pave-numerique-connectivite-facile","status":"publish","type":"product","link":"https:\/\/ulifeneed.com\/fr\/product\/k250-bluetooth-keyboard-with-numpad-easy-connectivity\/","title":{"rendered":"K250 Clavier Bluetooth avec Numpad, connectivit\u00e9 facile, clavier sans fil compact en plastique recycl\u00e9, r\u00e9sistant aux \u00e9claboussures, touches confortables - Windows\/MacOS - Graphite"},"content":{"rendered":"<div data-elementor-type=\"wp-post\" data-elementor-id=\"1197\" class=\"elementor elementor-1197\">\n\t\t\t\t<div class=\"elementor-element elementor-element-7ab7465 e-flex e-con-boxed e-con e-parent\" data-id=\"7ab7465\" data-element_type=\"container\" data-e-type=\"container\">\n\t\t\t\t\t<div class=\"e-con-inner\">\n\t\t\t\t<div class=\"elementor-element elementor-element-01349a5 elementor-widget elementor-widget-text-editor\" data-id=\"01349a5\" data-element_type=\"widget\" data-e-type=\"widget\" data-widget_type=\"text-editor.default\">\n\t\t\t\t<div class=\"elementor-widget-container\">\n\t\t\t\t\t\t\t\t\t<p><strong>1. se connecter en quelques secondes<\/strong>: La technologie sans fil Bluetooth, rapide et facile, se connecte simplement sans avoir besoin d'un dongle ou d'un port USB<\/p><p><strong>2. durable et fiable<\/strong>: Construit pour la qualit\u00e9, le K250 offre des touches durables, un design r\u00e9sistant aux \u00e9claboussures (2)<\/p><p><strong>3. le confort est essentiel<\/strong>: Les touches \u00e0 profil profond et la conception de la jambe inclinable r\u00e9glable procurent une sensation de confort de frappe.<\/p><p><strong>4. \u00e9conomie d'espace<\/strong>: avec une pr\u00e9sentation compacte qui comprend toujours le pav\u00e9 num\u00e9rique, les touches fl\u00e9ch\u00e9es et les raccourcis pratiques de la touche F<\/p><p><strong>5. fabriqu\u00e9 de mani\u00e8re responsable<\/strong>: Con\u00e7ues pour durer, les pi\u00e8ces en plastique du K250 sont fabriqu\u00e9es avec un minimum de plastique recycl\u00e9 64% (3) pour r\u00e9sister \u00e0 une utilisation quotidienne.<\/p><p><strong>6. autonomie de la batterie sans souci<\/strong>Le syst\u00e8me d'alimentation de l'appareil : 12 mois d'utilisation quotidienne avant de changer les piles (1).<\/p>\t\t\t\t\t\t\t\t<\/div>\n\t\t\t\t<\/div>\n\t\t\t\t\t<\/div>\n\t\t\t\t<\/div>\n\t\t<div class=\"elementor-element elementor-element-86893d4 e-flex e-con-boxed e-con e-parent\" data-id=\"86893d4\" data-element_type=\"container\" data-e-type=\"container\">\n\t\t\t\t\t<div class=\"e-con-inner\">\n\t\t\t\t<div class=\"elementor-element elementor-element-8714e9f elementor-widget elementor-widget-image-gallery\" data-id=\"8714e9f\" data-element_type=\"widget\" data-e-type=\"widget\" data-widget_type=\"image-gallery.default\">\n\t\t\t\t<div class=\"elementor-widget-container\">\n\t\t\t\t\t\t\t<div class=\"elementor-image-gallery\">\n\t\t\t\n<img fetchpriority=\"high\" decoding=\"async\" width=\"768\" height=\"768\" src=\"https:\/\/ulifeneed.com\/wp-content\/uploads\/2025\/11\/046-7-768x768.jpg\" class=\"attachment-medium_large size-medium_large\" alt=\"\" ids=\"1211,1210,1209,1203,1202,1201\" size=\"medium_large\" columns=\"3\" link=\"none\" orderby=\"post__in\" include=\"1211,1210,1209,1203,1202,1201\" srcset=\"https:\/\/ulifeneed.com\/wp-content\/uploads\/2025\/11\/046-7-768x768.jpg 768w, https:\/\/ulifeneed.com\/wp-content\/uploads\/2025\/11\/046-7-300x300.jpg 300w, https:\/\/ulifeneed.com\/wp-content\/uploads\/2025\/11\/046-7-150x150.jpg 150w, https:\/\/ulifeneed.com\/wp-content\/uploads\/2025\/11\/046-7-600x600.jpg 600w, https:\/\/ulifeneed.com\/wp-content\/uploads\/2025\/11\/046-7-100x100.jpg 100w, https:\/\/ulifeneed.com\/wp-content\/uploads\/2025\/11\/046-7.jpg 1000w\" sizes=\"(max-width: 768px) 100vw, 768px\" \/>\n<img decoding=\"async\" width=\"768\" height=\"768\" src=\"https:\/\/ulifeneed.com\/wp-content\/uploads\/2025\/11\/046-6-768x768.jpg\" class=\"attachment-medium_large size-medium_large\" alt=\"\" ids=\"1211,1210,1209,1203,1202,1201\" size=\"medium_large\" columns=\"3\" link=\"none\" orderby=\"post__in\" include=\"1211,1210,1209,1203,1202,1201\" srcset=\"https:\/\/ulifeneed.com\/wp-content\/uploads\/2025\/11\/046-6-768x768.jpg 768w, https:\/\/ulifeneed.com\/wp-content\/uploads\/2025\/11\/046-6-300x300.jpg 300w, https:\/\/ulifeneed.com\/wp-content\/uploads\/2025\/11\/046-6-150x150.jpg 150w, https:\/\/ulifeneed.com\/wp-content\/uploads\/2025\/11\/046-6-600x600.jpg 600w, https:\/\/ulifeneed.com\/wp-content\/uploads\/2025\/11\/046-6-100x100.jpg 100w, https:\/\/ulifeneed.com\/wp-content\/uploads\/2025\/11\/046-6.jpg 1000w\" sizes=\"(max-width: 768px) 100vw, 768px\" \/>\n<img decoding=\"async\" width=\"768\" height=\"768\" src=\"https:\/\/ulifeneed.com\/wp-content\/uploads\/2025\/11\/046-5-768x768.jpg\" class=\"attachment-medium_large size-medium_large\" alt=\"\" ids=\"1211,1210,1209,1203,1202,1201\" size=\"medium_large\" columns=\"3\" link=\"none\" orderby=\"post__in\" include=\"1211,1210,1209,1203,1202,1201\" srcset=\"https:\/\/ulifeneed.com\/wp-content\/uploads\/2025\/11\/046-5-768x768.jpg 768w, https:\/\/ulifeneed.com\/wp-content\/uploads\/2025\/11\/046-5-300x300.jpg 300w, https:\/\/ulifeneed.com\/wp-content\/uploads\/2025\/11\/046-5-150x150.jpg 150w, https:\/\/ulifeneed.com\/wp-content\/uploads\/2025\/11\/046-5-600x600.jpg 600w, https:\/\/ulifeneed.com\/wp-content\/uploads\/2025\/11\/046-5-100x100.jpg 100w, https:\/\/ulifeneed.com\/wp-content\/uploads\/2025\/11\/046-5.jpg 1000w\" sizes=\"(max-width: 768px) 100vw, 768px\" \/>\n<img loading=\"lazy\" decoding=\"async\" width=\"768\" height=\"768\" src=\"https:\/\/ulifeneed.com\/wp-content\/uploads\/2025\/11\/046-9-768x768.jpg\" class=\"attachment-medium_large size-medium_large\" alt=\"\" ids=\"1211,1210,1209,1203,1202,1201\" size=\"medium_large\" columns=\"3\" link=\"none\" orderby=\"post__in\" include=\"1211,1210,1209,1203,1202,1201\" srcset=\"https:\/\/ulifeneed.com\/wp-content\/uploads\/2025\/11\/046-9-768x768.jpg 768w, https:\/\/ulifeneed.com\/wp-content\/uploads\/2025\/11\/046-9-300x300.jpg 300w, https:\/\/ulifeneed.com\/wp-content\/uploads\/2025\/11\/046-9-150x150.jpg 150w, https:\/\/ulifeneed.com\/wp-content\/uploads\/2025\/11\/046-9-600x600.jpg 600w, https:\/\/ulifeneed.com\/wp-content\/uploads\/2025\/11\/046-9-100x100.jpg 100w, https:\/\/ulifeneed.com\/wp-content\/uploads\/2025\/11\/046-9.jpg 1000w\" sizes=\"(max-width: 768px) 100vw, 768px\" \/>\n<img loading=\"lazy\" decoding=\"async\" width=\"768\" height=\"768\" src=\"https:\/\/ulifeneed.com\/wp-content\/uploads\/2025\/11\/046-8-768x768.jpg\" class=\"attachment-medium_large size-medium_large\" alt=\"\" ids=\"1211,1210,1209,1203,1202,1201\" size=\"medium_large\" columns=\"3\" link=\"none\" orderby=\"post__in\" include=\"1211,1210,1209,1203,1202,1201\" srcset=\"https:\/\/ulifeneed.com\/wp-content\/uploads\/2025\/11\/046-8-768x768.jpg 768w, https:\/\/ulifeneed.com\/wp-content\/uploads\/2025\/11\/046-8-300x300.jpg 300w, https:\/\/ulifeneed.com\/wp-content\/uploads\/2025\/11\/046-8-150x150.jpg 150w, https:\/\/ulifeneed.com\/wp-content\/uploads\/2025\/11\/046-8-600x600.jpg 600w, https:\/\/ulifeneed.com\/wp-content\/uploads\/2025\/11\/046-8-100x100.jpg 100w, https:\/\/ulifeneed.com\/wp-content\/uploads\/2025\/11\/046-8.jpg 1000w\" sizes=\"(max-width: 768px) 100vw, 768px\" \/>\n<img loading=\"lazy\" decoding=\"async\" width=\"768\" height=\"768\" src=\"https:\/\/ulifeneed.com\/wp-content\/uploads\/2025\/11\/046-4-768x768.jpg\" class=\"attachment-medium_large size-medium_large\" alt=\"\" ids=\"1211,1210,1209,1203,1202,1201\" size=\"medium_large\" columns=\"3\" link=\"none\" orderby=\"post__in\" include=\"1211,1210,1209,1203,1202,1201\" srcset=\"https:\/\/ulifeneed.com\/wp-content\/uploads\/2025\/11\/046-4-768x768.jpg 768w, https:\/\/ulifeneed.com\/wp-content\/uploads\/2025\/11\/046-4-300x300.jpg 300w, https:\/\/ulifeneed.com\/wp-content\/uploads\/2025\/11\/046-4-150x150.jpg 150w, https:\/\/ulifeneed.com\/wp-content\/uploads\/2025\/11\/046-4-600x600.jpg 600w, https:\/\/ulifeneed.com\/wp-content\/uploads\/2025\/11\/046-4-100x100.jpg 100w, https:\/\/ulifeneed.com\/wp-content\/uploads\/2025\/11\/046-4.jpg 1000w\" sizes=\"(max-width: 768px) 100vw, 768px\" \/>\n\t\t<\/div>\n\t\t\t\t\t\t<\/div>\n\t\t\t\t<\/div>\n\t\t\t\t\t<\/div>\n\t\t\t\t<\/div>\n\t\t<div class=\"elementor-element elementor-element-48b475b e-flex e-con-boxed e-con e-parent\" data-id=\"48b475b\" data-element_type=\"container\" data-e-type=\"container\">\n\t\t\t\t\t<div class=\"e-con-inner\">\n\t\t\t\t<div class=\"elementor-element elementor-element-0f74b56 elementor-widget elementor-widget-text-editor\" data-id=\"0f74b56\" data-element_type=\"widget\" data-e-type=\"widget\" data-widget_type=\"text-editor.default\">\n\t\t\t\t<div class=\"elementor-widget-container\">\n\t\t\t\t\t\t\t\t\t<p>Le clavier Bluetooth ulifeneed K250 offre une connectivit\u00e9 Bluetooth\u00ae sans effort. Il se connecte en quelques secondes sans n\u00e9cessiter de dongle, lib\u00e9rant ainsi les ports USB et garantissant un espace de travail sans encombrement. Construit pour durer, le K250 est dot\u00e9 d'une conception r\u00e9sistante aux d\u00e9versements (2) pour des performances fiables, ce qui en fait un choix id\u00e9al pour les foyers occup\u00e9s. Les touches \u00e0 profil profond, rapides et r\u00e9actives, offrent une sensation famili\u00e8re et coh\u00e9rente, et des frappes pr\u00e9cises pour vous aider \u00e0 rester concentr\u00e9 et \u00e0 l'aise. Malgr\u00e9 sa taille compacte, le K250 comprend un pav\u00e9 num\u00e9rique et toutes les touches de fonction essentielles, offrant ainsi une fonctionnalit\u00e9 compl\u00e8te dans un design peu encombrant, parfait pour les espaces restreints ou pour une utilisation en d\u00e9placement. Le K250 est con\u00e7u pour durer, avec des pi\u00e8ces en plastique utilisant au minimum des mat\u00e9riaux recycl\u00e9s 64%. (3) Ce clavier souligne l'engagement d'ulifeneed en faveur du d\u00e9veloppement durable, en offrant un produit durable.<\/p><h2>Contenu de la bo\u00eete<\/h2><p>1x clavier avec 2x piles AAA (pr\u00e9install\u00e9es)<br \/>1x Documentation de l'utilisateur<br \/>1x QSG imprim\u00e9 sur l'emballage<\/p>\t\t\t\t\t\t\t\t<\/div>\n\t\t\t\t<\/div>\n\t\t\t\t\t<\/div>\n\t\t\t\t<\/div>\n\t\t<div class=\"elementor-element elementor-element-8c190bd e-flex e-con-boxed e-con e-parent\" data-id=\"8c190bd\" data-element_type=\"container\" data-e-type=\"container\">\n\t\t\t\t\t<div class=\"e-con-inner\">\n\t\t\t\t<div class=\"elementor-element elementor-element-631cdb7 elementor-widget elementor-widget-image-gallery\" data-id=\"631cdb7\" data-element_type=\"widget\" data-e-type=\"widget\" data-widget_type=\"image-gallery.default\">\n\t\t\t\t<div class=\"elementor-widget-container\">\n\t\t\t\t\t\t\t<div class=\"elementor-image-gallery\">\n\t\t\t\n<img loading=\"lazy\" decoding=\"async\" width=\"1000\" height=\"409\" src=\"https:\/\/ulifeneed.com\/wp-content\/uploads\/2025\/11\/046-12.jpg\" class=\"attachment-full size-full\" alt=\"\" ids=\"1206,1205,1204,1207,1208\" size=\"full\" columns=\"1\" link=\"none\" orderby=\"post__in\" include=\"1206,1205,1204,1207,1208\" srcset=\"https:\/\/ulifeneed.com\/wp-content\/uploads\/2025\/11\/046-12.jpg 1000w, https:\/\/ulifeneed.com\/wp-content\/uploads\/2025\/11\/046-12-300x123.jpg 300w, https:\/\/ulifeneed.com\/wp-content\/uploads\/2025\/11\/046-12-768x314.jpg 768w, https:\/\/ulifeneed.com\/wp-content\/uploads\/2025\/11\/046-12-600x245.jpg 600w\" sizes=\"(max-width: 1000px) 100vw, 1000px\" \/>\n<img loading=\"lazy\" decoding=\"async\" width=\"1000\" height=\"409\" src=\"https:\/\/ulifeneed.com\/wp-content\/uploads\/2025\/11\/046-11.jpg\" class=\"attachment-full size-full\" alt=\"\" ids=\"1206,1205,1204,1207,1208\" size=\"full\" columns=\"1\" link=\"none\" orderby=\"post__in\" include=\"1206,1205,1204,1207,1208\" srcset=\"https:\/\/ulifeneed.com\/wp-content\/uploads\/2025\/11\/046-11.jpg 1000w, https:\/\/ulifeneed.com\/wp-content\/uploads\/2025\/11\/046-11-300x123.jpg 300w, https:\/\/ulifeneed.com\/wp-content\/uploads\/2025\/11\/046-11-768x314.jpg 768w, https:\/\/ulifeneed.com\/wp-content\/uploads\/2025\/11\/046-11-600x245.jpg 600w\" sizes=\"(max-width: 1000px) 100vw, 1000px\" \/>\n<img loading=\"lazy\" decoding=\"async\" width=\"1000\" height=\"538\" src=\"https:\/\/ulifeneed.com\/wp-content\/uploads\/2025\/11\/046-10.jpg\" class=\"attachment-full size-full\" alt=\"\" ids=\"1206,1205,1204,1207,1208\" size=\"full\" columns=\"1\" link=\"none\" orderby=\"post__in\" include=\"1206,1205,1204,1207,1208\" srcset=\"https:\/\/ulifeneed.com\/wp-content\/uploads\/2025\/11\/046-10.jpg 1000w, https:\/\/ulifeneed.com\/wp-content\/uploads\/2025\/11\/046-10-300x161.jpg 300w, https:\/\/ulifeneed.com\/wp-content\/uploads\/2025\/11\/046-10-768x413.jpg 768w, https:\/\/ulifeneed.com\/wp-content\/uploads\/2025\/11\/046-10-600x323.jpg 600w\" sizes=\"(max-width: 1000px) 100vw, 1000px\" \/>\n<img loading=\"lazy\" decoding=\"async\" width=\"1000\" height=\"538\" src=\"https:\/\/ulifeneed.com\/wp-content\/uploads\/2025\/11\/046-13.jpg\" class=\"attachment-full size-full\" alt=\"\" ids=\"1206,1205,1204,1207,1208\" size=\"full\" columns=\"1\" link=\"none\" orderby=\"post__in\" include=\"1206,1205,1204,1207,1208\" srcset=\"https:\/\/ulifeneed.com\/wp-content\/uploads\/2025\/11\/046-13.jpg 1000w, https:\/\/ulifeneed.com\/wp-content\/uploads\/2025\/11\/046-13-300x161.jpg 300w, https:\/\/ulifeneed.com\/wp-content\/uploads\/2025\/11\/046-13-768x413.jpg 768w, https:\/\/ulifeneed.com\/wp-content\/uploads\/2025\/11\/046-13-600x323.jpg 600w\" sizes=\"(max-width: 1000px) 100vw, 1000px\" \/>\n<img loading=\"lazy\" decoding=\"async\" width=\"1000\" height=\"409\" src=\"https:\/\/ulifeneed.com\/wp-content\/uploads\/2025\/11\/046-14.jpg\" class=\"attachment-full size-full\" alt=\"\" ids=\"1206,1205,1204,1207,1208\" size=\"full\" columns=\"1\" link=\"none\" orderby=\"post__in\" include=\"1206,1205,1204,1207,1208\" srcset=\"https:\/\/ulifeneed.com\/wp-content\/uploads\/2025\/11\/046-14.jpg 1000w, https:\/\/ulifeneed.com\/wp-content\/uploads\/2025\/11\/046-14-300x123.jpg 300w, https:\/\/ulifeneed.com\/wp-content\/uploads\/2025\/11\/046-14-768x314.jpg 768w, https:\/\/ulifeneed.com\/wp-content\/uploads\/2025\/11\/046-14-600x245.jpg 600w\" sizes=\"(max-width: 1000px) 100vw, 1000px\" \/>\n\t\t<\/div>\n\t\t\t\t\t\t<\/div>\n\t\t\t\t<\/div>\n\t\t\t\t\t<\/div>\n\t\t\t\t<\/div>\n\t\t\t\t<\/div>","protected":false},"excerpt":{"rendered":"<h2>K250 Clavier Bluetooth avec Numpad, connectivit\u00e9 facile, clavier sans fil compact en plastique recycl\u00e9, r\u00e9sistant aux \u00e9claboussures, touches confortables - Windows\/MacOS - Graphite<\/h2>\n<p>Couleur : Graphite<br \/>\nTechnologie de connectivit\u00e9 : Bluetooth<br \/>\nCaract\u00e9ristique particuli\u00e8re : L\u00e9ger, portable<br \/>\nAppareils compatibles : Ordinateur portable, ordinateur personnel, tablette<\/p>","protected":false},"featured_media":1198,"comment_status":"open","ping_status":"closed","template":"","meta":{"site-sidebar-layout":"no-sidebar","site-content-layout":"page-builder","ast-site-content-layout":"normal-width-container","site-content-style":"default","site-sidebar-style":"default","ast-global-header-display":"","ast-banner-title-visibility":"","ast-main-header-display":"","ast-hfb-above-header-display":"","ast-hfb-below-header-display":"","ast-hfb-mobile-header-display":"","site-post-title":"","ast-breadcrumbs-content":"","ast-featured-img":"disabled","footer-sml-layout":"","theme-transparent-header-meta":"default","adv-header-id-meta":"","stick-header-meta":"","header-above-stick-meta":"","header-main-stick-meta":"","header-below-stick-meta":"","astra-migrate-meta-layouts":"set","ast-page-background-enabled":"default","ast-page-background-meta":{"desktop":{"background-color":"","background-image":"","background-repeat":"repeat","background-position":"center center","background-size":"auto","background-attachment":"scroll","background-type":"","background-media":"","overlay-type":"","overlay-color":"","overlay-opacity":"","overlay-gradient":""},"tablet":{"background-color":"","background-image":"","background-repeat":"repeat","background-position":"center center","background-size":"auto","background-attachment":"scroll","background-type":"","background-media":"","overlay-type":"","overlay-color":"","overlay-opacity":"","overlay-gradient":""},"mobile":{"background-color":"","background-image":"","background-repeat":"repeat","background-position":"center center","background-size":"auto","background-attachment":"scroll","background-type":"","background-media":"","overlay-type":"","overlay-color":"","overlay-opacity":"","overlay-gradient":""}},"ast-content-background-meta":{"desktop":{"background-color":"var(--ast-global-color-5)","background-image":"","background-repeat":"repeat","background-position":"center center","background-size":"auto","background-attachment":"scroll","background-type":"","background-media":"","overlay-type":"","overlay-color":"","overlay-opacity":"","overlay-gradient":""},"tablet":{"background-color":"var(--ast-global-color-5)","background-image":"","background-repeat":"repeat","background-position":"center center","background-size":"auto","background-attachment":"scroll","background-type":"","background-media":"","overlay-type":"","overlay-color":"","overlay-opacity":"","overlay-gradient":""},"mobile":{"background-color":"var(--ast-global-color-5)","background-image":"","background-repeat":"repeat","background-position":"center center","background-size":"auto","background-attachment":"scroll","background-type":"","background-media":"","overlay-type":"","overlay-color":"","overlay-opacity":"","overlay-gradient":""}}},"product_brand":[],"product_cat":[32,15],"product_tag":[],"class_list":{"0":"post-1197","1":"product","2":"type-product","3":"status-publish","4":"has-post-thumbnail","6":"product_cat-computer-keyboards","7":"product_cat-3c-electronic-products","8":"desktop-align-left","9":"tablet-align-left","10":"mobile-align-left","12":"first","13":"instock","14":"sale","15":"shipping-taxable","16":"purchasable","17":"product-type-simple"},"_links":{"self":[{"href":"https:\/\/ulifeneed.com\/fr\/wp-json\/wp\/v2\/product\/1197","targetHints":{"allow":["GET"]}}],"collection":[{"href":"https:\/\/ulifeneed.com\/fr\/wp-json\/wp\/v2\/product"}],"about":[{"href":"https:\/\/ulifeneed.com\/fr\/wp-json\/wp\/v2\/types\/product"}],"replies":[{"embeddable":true,"href":"https:\/\/ulifeneed.com\/fr\/wp-json\/wp\/v2\/comments?post=1197"}],"version-history":[{"count":6,"href":"https:\/\/ulifeneed.com\/fr\/wp-json\/wp\/v2\/product\/1197\/revisions"}],"predecessor-version":[{"id":1511,"href":"https:\/\/ulifeneed.com\/fr\/wp-json\/wp\/v2\/product\/1197\/revisions\/1511"}],"wp:featuredmedia":[{"embeddable":true,"href":"https:\/\/ulifeneed.com\/fr\/wp-json\/wp\/v2\/media\/1198"}],"wp:attachment":[{"href":"https:\/\/ulifeneed.com\/fr\/wp-json\/wp\/v2\/media?parent=1197"}],"wp:term":[{"taxonomy":"product_brand","embeddable":true,"href":"https:\/\/ulifeneed.com\/fr\/wp-json\/wp\/v2\/product_brand?post=1197"},{"taxonomy":"product_cat","embeddable":true,"href":"https:\/\/ulifeneed.com\/fr\/wp-json\/wp\/v2\/product_cat?post=1197"},{"taxonomy":"product_tag","embeddable":true,"href":"https:\/\/ulifeneed.com\/fr\/wp-json\/wp\/v2\/product_tag?post=1197"}],"curies":[{"name":"wp","href":"https:\/\/api.w.org\/{rel}","templated":true}]}}