{"id":1180,"date":"2025-11-07T07:38:23","date_gmt":"2025-11-07T07:38:23","guid":{"rendered":"https:\/\/ulifeneed.com\/?post_type=product&#038;p=1180"},"modified":"2025-11-28T04:50:41","modified_gmt":"2025-11-28T04:50:41","slug":"bk10-clavier-bluetooth-universel-bluetooth","status":"publish","type":"product","link":"https:\/\/ulifeneed.com\/fr\/product\/bk10-bluetooth-keyboard-universal-bluetooth\/","title":{"rendered":"Clavier Bluetooth BK10, clavier universel sans fil Bluetooth 5.1 avec pav\u00e9 num\u00e9rique, design ergonomique, compatibilit\u00e9 multi-appareils, connexion stable pour Mac, iPad, iPhone, Android, Windows"},"content":{"rendered":"<div data-elementor-type=\"wp-post\" data-elementor-id=\"1180\" class=\"elementor elementor-1180\">\n\t\t\t\t<div class=\"elementor-element elementor-element-7ab7465 e-flex e-con-boxed e-con e-parent\" data-id=\"7ab7465\" data-element_type=\"container\" data-e-type=\"container\">\n\t\t\t\t\t<div class=\"e-con-inner\">\n\t\t\t\t<div class=\"elementor-element elementor-element-01349a5 elementor-widget elementor-widget-text-editor\" data-id=\"01349a5\" data-element_type=\"widget\" data-e-type=\"widget\" data-widget_type=\"text-editor.default\">\n\t\t\t\t<div class=\"elementor-widget-container\">\n\t\t\t\t\t\t\t\t\t<p>1. une frappe silencieuse pour une meilleure concentration : Les touches \u00e0 ciseaux \u00e0 faible bruit offrent un confort comparable \u00e0 celui d'un ordinateur portable tout en r\u00e9duisant la fatigue des doigts. Parfait pour les bureaux ouverts, les espaces de travail \u00e0 domicile et les longues sessions de frappe.<\/p><p>2. connexion multi-appareils : Associez jusqu'\u00e0 trois appareils et basculez d'un simple toucher. La reconnexion instantan\u00e9e assure la fluidit\u00e9 de votre flux de travail sur Mac, Windows, iOS et Android.<\/p><p>3. \u00e9l\u00e9gant et sans fil : Construction en acier inoxydable et en Abs avec une inclinaison de 10. Permet un fonctionnement sans grappe sur votre bureau, ce qui en fait un choix id\u00e9al pour une utilisation au bureau.<\/p><p>4. compact et efficace : con\u00e7u avec un clavier num\u00e9rique standard. Comprend des touches de raccourci, Calculatrice, Verrouillage Fn, Muet, Augmentation et diminution du volume, etc., afin d'am\u00e9liorer votre flux de travail et votre productivit\u00e9.<\/p><p>5. USB-C rechargeable et \u00e9conomie d'\u00e9nergie : La batterie rechargeable offre 45 jours d'utilisation apr\u00e8s 2 heures de charge. La fonction d'\u00e9conomie d'\u00e9nergie met le clavier en veille apr\u00e8s 30 minutes d'inactivit\u00e9. (Appuyez sur n'importe quelle touche pour vous r\u00e9veiller).<\/p><p>6. couvercle en silicone pour la protection de la cl\u00e9.<\/p>\t\t\t\t\t\t\t\t<\/div>\n\t\t\t\t<\/div>\n\t\t\t\t\t<\/div>\n\t\t\t\t<\/div>\n\t\t<div class=\"elementor-element elementor-element-86893d4 e-flex e-con-boxed e-con e-parent\" data-id=\"86893d4\" data-element_type=\"container\" data-e-type=\"container\">\n\t\t\t\t\t<div class=\"e-con-inner\">\n\t\t\t\t<div class=\"elementor-element elementor-element-8714e9f elementor-widget elementor-widget-image-gallery\" data-id=\"8714e9f\" data-element_type=\"widget\" data-e-type=\"widget\" data-widget_type=\"image-gallery.default\">\n\t\t\t\t<div class=\"elementor-widget-container\">\n\t\t\t\t\t\t\t<div class=\"elementor-image-gallery\">\n\t\t\t\n<img fetchpriority=\"high\" decoding=\"async\" width=\"768\" height=\"768\" src=\"https:\/\/ulifeneed.com\/wp-content\/uploads\/2025\/11\/045-6-768x768.jpg\" class=\"attachment-medium_large size-medium_large\" alt=\"\" ids=\"1186,1185,1184,1183,1182,1187\" size=\"medium_large\" columns=\"3\" link=\"none\" orderby=\"post__in\" include=\"1186,1185,1184,1183,1182,1187\" srcset=\"https:\/\/ulifeneed.com\/wp-content\/uploads\/2025\/11\/045-6-768x768.jpg 768w, https:\/\/ulifeneed.com\/wp-content\/uploads\/2025\/11\/045-6-300x300.jpg 300w, https:\/\/ulifeneed.com\/wp-content\/uploads\/2025\/11\/045-6-150x150.jpg 150w, https:\/\/ulifeneed.com\/wp-content\/uploads\/2025\/11\/045-6-600x600.jpg 600w, https:\/\/ulifeneed.com\/wp-content\/uploads\/2025\/11\/045-6-100x100.jpg 100w, https:\/\/ulifeneed.com\/wp-content\/uploads\/2025\/11\/045-6.jpg 1000w\" sizes=\"(max-width: 768px) 100vw, 768px\" \/>\n<img decoding=\"async\" width=\"768\" height=\"768\" src=\"https:\/\/ulifeneed.com\/wp-content\/uploads\/2025\/11\/045-5-768x768.jpg\" class=\"attachment-medium_large size-medium_large\" alt=\"\" ids=\"1186,1185,1184,1183,1182,1187\" size=\"medium_large\" columns=\"3\" link=\"none\" orderby=\"post__in\" include=\"1186,1185,1184,1183,1182,1187\" srcset=\"https:\/\/ulifeneed.com\/wp-content\/uploads\/2025\/11\/045-5-768x768.jpg 768w, https:\/\/ulifeneed.com\/wp-content\/uploads\/2025\/11\/045-5-300x300.jpg 300w, https:\/\/ulifeneed.com\/wp-content\/uploads\/2025\/11\/045-5-150x150.jpg 150w, https:\/\/ulifeneed.com\/wp-content\/uploads\/2025\/11\/045-5-600x600.jpg 600w, https:\/\/ulifeneed.com\/wp-content\/uploads\/2025\/11\/045-5-100x100.jpg 100w, https:\/\/ulifeneed.com\/wp-content\/uploads\/2025\/11\/045-5.jpg 1000w\" sizes=\"(max-width: 768px) 100vw, 768px\" \/>\n<img decoding=\"async\" width=\"768\" height=\"768\" src=\"https:\/\/ulifeneed.com\/wp-content\/uploads\/2025\/11\/045-4-768x768.jpg\" class=\"attachment-medium_large size-medium_large\" alt=\"\" ids=\"1186,1185,1184,1183,1182,1187\" size=\"medium_large\" columns=\"3\" link=\"none\" orderby=\"post__in\" include=\"1186,1185,1184,1183,1182,1187\" srcset=\"https:\/\/ulifeneed.com\/wp-content\/uploads\/2025\/11\/045-4-768x768.jpg 768w, https:\/\/ulifeneed.com\/wp-content\/uploads\/2025\/11\/045-4-300x300.jpg 300w, https:\/\/ulifeneed.com\/wp-content\/uploads\/2025\/11\/045-4-150x150.jpg 150w, https:\/\/ulifeneed.com\/wp-content\/uploads\/2025\/11\/045-4-600x600.jpg 600w, https:\/\/ulifeneed.com\/wp-content\/uploads\/2025\/11\/045-4-100x100.jpg 100w, https:\/\/ulifeneed.com\/wp-content\/uploads\/2025\/11\/045-4.jpg 1000w\" sizes=\"(max-width: 768px) 100vw, 768px\" \/>\n<img loading=\"lazy\" decoding=\"async\" width=\"768\" height=\"768\" src=\"https:\/\/ulifeneed.com\/wp-content\/uploads\/2025\/11\/045-3-768x768.jpg\" class=\"attachment-medium_large size-medium_large\" alt=\"\" ids=\"1186,1185,1184,1183,1182,1187\" size=\"medium_large\" columns=\"3\" link=\"none\" orderby=\"post__in\" include=\"1186,1185,1184,1183,1182,1187\" srcset=\"https:\/\/ulifeneed.com\/wp-content\/uploads\/2025\/11\/045-3-768x768.jpg 768w, https:\/\/ulifeneed.com\/wp-content\/uploads\/2025\/11\/045-3-300x300.jpg 300w, https:\/\/ulifeneed.com\/wp-content\/uploads\/2025\/11\/045-3-150x150.jpg 150w, https:\/\/ulifeneed.com\/wp-content\/uploads\/2025\/11\/045-3-600x600.jpg 600w, https:\/\/ulifeneed.com\/wp-content\/uploads\/2025\/11\/045-3-100x100.jpg 100w, https:\/\/ulifeneed.com\/wp-content\/uploads\/2025\/11\/045-3.jpg 1000w\" sizes=\"(max-width: 768px) 100vw, 768px\" \/>\n<img loading=\"lazy\" decoding=\"async\" width=\"768\" height=\"768\" src=\"https:\/\/ulifeneed.com\/wp-content\/uploads\/2025\/11\/045-2-768x768.jpg\" class=\"attachment-medium_large size-medium_large\" alt=\"\" ids=\"1186,1185,1184,1183,1182,1187\" size=\"medium_large\" columns=\"3\" link=\"none\" orderby=\"post__in\" include=\"1186,1185,1184,1183,1182,1187\" srcset=\"https:\/\/ulifeneed.com\/wp-content\/uploads\/2025\/11\/045-2-768x768.jpg 768w, https:\/\/ulifeneed.com\/wp-content\/uploads\/2025\/11\/045-2-300x300.jpg 300w, https:\/\/ulifeneed.com\/wp-content\/uploads\/2025\/11\/045-2-150x150.jpg 150w, https:\/\/ulifeneed.com\/wp-content\/uploads\/2025\/11\/045-2-600x600.jpg 600w, https:\/\/ulifeneed.com\/wp-content\/uploads\/2025\/11\/045-2-100x100.jpg 100w, https:\/\/ulifeneed.com\/wp-content\/uploads\/2025\/11\/045-2.jpg 1000w\" sizes=\"(max-width: 768px) 100vw, 768px\" \/>\n<img loading=\"lazy\" decoding=\"async\" width=\"768\" height=\"768\" src=\"https:\/\/ulifeneed.com\/wp-content\/uploads\/2025\/11\/045-7-768x768.jpg\" class=\"attachment-medium_large size-medium_large\" alt=\"\" ids=\"1186,1185,1184,1183,1182,1187\" size=\"medium_large\" columns=\"3\" link=\"none\" orderby=\"post__in\" include=\"1186,1185,1184,1183,1182,1187\" srcset=\"https:\/\/ulifeneed.com\/wp-content\/uploads\/2025\/11\/045-7-768x768.jpg 768w, https:\/\/ulifeneed.com\/wp-content\/uploads\/2025\/11\/045-7-300x300.jpg 300w, https:\/\/ulifeneed.com\/wp-content\/uploads\/2025\/11\/045-7-150x150.jpg 150w, https:\/\/ulifeneed.com\/wp-content\/uploads\/2025\/11\/045-7-600x600.jpg 600w, https:\/\/ulifeneed.com\/wp-content\/uploads\/2025\/11\/045-7-100x100.jpg 100w, https:\/\/ulifeneed.com\/wp-content\/uploads\/2025\/11\/045-7.jpg 1000w\" sizes=\"(max-width: 768px) 100vw, 768px\" \/>\n\t\t<\/div>\n\t\t\t\t\t\t<\/div>\n\t\t\t\t<\/div>\n\t\t\t\t\t<\/div>\n\t\t\t\t<\/div>\n\t\t<div class=\"elementor-element elementor-element-48b475b e-flex e-con-boxed e-con e-parent\" data-id=\"48b475b\" data-element_type=\"container\" data-e-type=\"container\">\n\t\t\t\t\t<div class=\"e-con-inner\">\n\t\t\t\t<div class=\"elementor-element elementor-element-0f74b56 elementor-widget elementor-widget-text-editor\" data-id=\"0f74b56\" data-element_type=\"widget\" data-e-type=\"widget\" data-widget_type=\"text-editor.default\">\n\t\t\t\t<div class=\"elementor-widget-container\">\n\t\t\t\t\t\t\t\t\t<h2>Comment maintenir la stabilit\u00e9 de la connexion Bluetooth ?<\/h2><p>Restez dans un rayon de 33 pieds, \u00e9vitez les barri\u00e8res m\u00e9talliques. Allumez le clavier, maintenez la touche BT enfonc\u00e9e pendant 5 secondes jusqu'\u00e0 ce que la LED clignote, s\u00e9lectionnez \u201cIC-BK10\u201d. S'il tombe, d\u00e9sactivez ou activez le Bluetooth pour vous reconnecter.<\/p><h2>Comment utiliser les touches Home, End, Page Up, Page Down ?<\/h2><p>Deux m\u00e9thodes :<\/p><p>1. raccourcis Fn (tous syst\u00e8mes) : Fn+\u2191=Page Haut, Fn+\u2193=Page Bas, Fn+\u2190=Home, Fn+\u2192=Fin.<\/p><p>2. clavier num\u00e9rique (Windows uniquement) : D\u00e9sactiver le verrouillage num\u00e9rique, 9=page vers le haut, 3=page vers le bas, 7=home, 1=fin.<\/p><h2>Quelle est la dur\u00e9e d'une charge compl\u00e8te ?<\/h2><p>Jusqu'\u00e0 45 jours \u00e0 8 h\/jour. Le voyant devient rouge en dessous de 10 %. Tapez tout en chargeant avec le c\u00e2ble USB-C inclus.<\/p><h2>Est-il enti\u00e8rement compatible avec Mac, iPad ou Windows ?<\/h2><p>Oui - macOS 10.15+, iPadOS 13.4+, Windows 10\/11, Android, ChromeOS (BT 4.0+).<\/p><h2>Que se passe-t-il si le clavier tombe en panne apr\u00e8s quelques mois ?<\/h2><p>Chargez pendant 2 heures, \u00e9teignez\/rallumez l'interrupteur, supprimez \u201cIC-BK10\u201d de votre liste Bluetooth, puis proc\u00e9dez de nouveau \u00e0 l'appairage. S'il ne r\u00e9pond toujours pas, maintenez la touche BT enfonc\u00e9e pendant 5 s pour forcer l'appairage et testez sur un autre appareil.<\/p>\t\t\t\t\t\t\t\t<\/div>\n\t\t\t\t<\/div>\n\t\t\t\t\t<\/div>\n\t\t\t\t<\/div>\n\t\t<div class=\"elementor-element elementor-element-8c190bd e-flex e-con-boxed e-con e-parent\" data-id=\"8c190bd\" data-element_type=\"container\" data-e-type=\"container\">\n\t\t\t\t\t<div class=\"e-con-inner\">\n\t\t\t\t<div class=\"elementor-element elementor-element-631cdb7 elementor-widget elementor-widget-image-gallery\" data-id=\"631cdb7\" data-element_type=\"widget\" data-e-type=\"widget\" data-widget_type=\"image-gallery.default\">\n\t\t\t\t<div class=\"elementor-widget-container\">\n\t\t\t\t\t\t\t<div class=\"elementor-image-gallery\">\n\t\t\t\n<img loading=\"lazy\" decoding=\"async\" width=\"1000\" height=\"409\" src=\"https:\/\/ulifeneed.com\/wp-content\/uploads\/2025\/11\/045-8.jpg\" class=\"attachment-full size-full\" alt=\"\" ids=\"1188,1189,1190,1191,1192\" size=\"full\" columns=\"1\" link=\"none\" orderby=\"post__in\" include=\"1188,1189,1190,1191,1192\" srcset=\"https:\/\/ulifeneed.com\/wp-content\/uploads\/2025\/11\/045-8.jpg 1000w, https:\/\/ulifeneed.com\/wp-content\/uploads\/2025\/11\/045-8-300x123.jpg 300w, https:\/\/ulifeneed.com\/wp-content\/uploads\/2025\/11\/045-8-768x314.jpg 768w, https:\/\/ulifeneed.com\/wp-content\/uploads\/2025\/11\/045-8-600x245.jpg 600w\" sizes=\"(max-width: 1000px) 100vw, 1000px\" \/>\n<img loading=\"lazy\" decoding=\"async\" width=\"1000\" height=\"409\" src=\"https:\/\/ulifeneed.com\/wp-content\/uploads\/2025\/11\/045-9.jpg\" class=\"attachment-full size-full\" alt=\"\" ids=\"1188,1189,1190,1191,1192\" size=\"full\" columns=\"1\" link=\"none\" orderby=\"post__in\" include=\"1188,1189,1190,1191,1192\" srcset=\"https:\/\/ulifeneed.com\/wp-content\/uploads\/2025\/11\/045-9.jpg 1000w, https:\/\/ulifeneed.com\/wp-content\/uploads\/2025\/11\/045-9-300x123.jpg 300w, https:\/\/ulifeneed.com\/wp-content\/uploads\/2025\/11\/045-9-768x314.jpg 768w, https:\/\/ulifeneed.com\/wp-content\/uploads\/2025\/11\/045-9-600x245.jpg 600w\" sizes=\"(max-width: 1000px) 100vw, 1000px\" \/>\n<img loading=\"lazy\" decoding=\"async\" width=\"1000\" height=\"409\" src=\"https:\/\/ulifeneed.com\/wp-content\/uploads\/2025\/11\/045-10.jpg\" class=\"attachment-full size-full\" alt=\"\" ids=\"1188,1189,1190,1191,1192\" size=\"full\" columns=\"1\" link=\"none\" orderby=\"post__in\" include=\"1188,1189,1190,1191,1192\" srcset=\"https:\/\/ulifeneed.com\/wp-content\/uploads\/2025\/11\/045-10.jpg 1000w, https:\/\/ulifeneed.com\/wp-content\/uploads\/2025\/11\/045-10-300x123.jpg 300w, https:\/\/ulifeneed.com\/wp-content\/uploads\/2025\/11\/045-10-768x314.jpg 768w, https:\/\/ulifeneed.com\/wp-content\/uploads\/2025\/11\/045-10-600x245.jpg 600w\" sizes=\"(max-width: 1000px) 100vw, 1000px\" \/>\n<img loading=\"lazy\" decoding=\"async\" width=\"1000\" height=\"409\" src=\"https:\/\/ulifeneed.com\/wp-content\/uploads\/2025\/11\/045-11.jpg\" class=\"attachment-full size-full\" alt=\"\" ids=\"1188,1189,1190,1191,1192\" size=\"full\" columns=\"1\" link=\"none\" orderby=\"post__in\" include=\"1188,1189,1190,1191,1192\" srcset=\"https:\/\/ulifeneed.com\/wp-content\/uploads\/2025\/11\/045-11.jpg 1000w, https:\/\/ulifeneed.com\/wp-content\/uploads\/2025\/11\/045-11-300x123.jpg 300w, https:\/\/ulifeneed.com\/wp-content\/uploads\/2025\/11\/045-11-768x314.jpg 768w, https:\/\/ulifeneed.com\/wp-content\/uploads\/2025\/11\/045-11-600x245.jpg 600w\" sizes=\"(max-width: 1000px) 100vw, 1000px\" \/>\n<img loading=\"lazy\" decoding=\"async\" width=\"1000\" height=\"409\" src=\"https:\/\/ulifeneed.com\/wp-content\/uploads\/2025\/11\/045-12.jpg\" class=\"attachment-full size-full\" alt=\"\" ids=\"1188,1189,1190,1191,1192\" size=\"full\" columns=\"1\" link=\"none\" orderby=\"post__in\" include=\"1188,1189,1190,1191,1192\" srcset=\"https:\/\/ulifeneed.com\/wp-content\/uploads\/2025\/11\/045-12.jpg 1000w, https:\/\/ulifeneed.com\/wp-content\/uploads\/2025\/11\/045-12-300x123.jpg 300w, https:\/\/ulifeneed.com\/wp-content\/uploads\/2025\/11\/045-12-768x314.jpg 768w, https:\/\/ulifeneed.com\/wp-content\/uploads\/2025\/11\/045-12-600x245.jpg 600w\" sizes=\"(max-width: 1000px) 100vw, 1000px\" \/>\n\t\t<\/div>\n\t\t\t\t\t\t<\/div>\n\t\t\t\t<\/div>\n\t\t\t\t\t<\/div>\n\t\t\t\t<\/div>\n\t\t\t\t<\/div>","protected":false},"excerpt":{"rendered":"<h2>Clavier Bluetooth BK10, clavier universel sans fil Bluetooth 5.1 avec pav\u00e9 num\u00e9rique, design ergonomique, compatibilit\u00e9 multi-appareils, connexion stable pour Mac, iPad, iPhone, Android, Windows<\/h2>\n<p><strong>Appareils compatibles :<\/strong> Windows 10\/11 ; macOS 10.15+ ; iPadOS 13.4+ ; Android 9+ ; ChromeOS (BT 4.0+)<br \/>\n<strong>Technologie de la connectivit\u00e9<\/strong>: Bluetooth (33 ft), commutation rapide \u00e0 3 appareils<br \/>\n<strong>Description du clavier<\/strong>: Clavier Bluetooth compact, touches ciseaux silencieuses (&lt; 50 dB) , appairage 3 appareils, clavier QWERTY US 99 touchesClavier Bluetooth compact, touches ciseaux silencieuses (&lt; 50 dB) , appairage 3 appareils, clavier QWERTY US 99 touches<br \/>\n<strong>Utilisations recommand\u00e9es du produit<\/strong>: Bureau, bureau \u00e0 domicile, sessions d'\u00e9tude, prise de notes en classe, codage, saisie de donn\u00e9es, installation d'un ordinateur portable, r\u00e9union \u00e0 distance\/ZoomBureau, bureau \u00e0 domicile, sessions d'\u00e9tude, prise de notes en classe, codage, saisie de donn\u00e9es, installation d'un ordinateur portable, r\u00e9union \u00e0 distance\/Zoom<br \/>\n<strong>Dossier sp\u00e9cial<\/strong>: Frappe silencieuse &lt; 50 dB ; USB-C 280 mAh rechargeable (\u2248 45 jours @ 8 h\/jour) ; LED de niveau de batterie faible ; 30 min de mise en veille automatique ; multi-appareilsTrappe silencieuse &lt; 50 dB ; USB-C 280 mAh rechargeable (\u2248 45 jours @ 8 h\/jour) ; LED de niveau de batterie faible ; 30 min de mise en veille automatique ; multi-appareils.<br \/>\n<strong>Couleur<\/strong>: argent<br \/>\n<strong>Dimensions du produit<\/strong>: 13.99\u2033L x 4.9\u2033W x 0.15\u2033H<br \/>\n<strong>Mat\u00e9riau<\/strong>: Base en acier peint par poudrage + cadre sup\u00e9rieur en ABS<br \/>\n<strong>Inclus<\/strong>: Couvercle de clavier en silicone des composants, garantie mat\u00e9rielle limit\u00e9e d'un an<\/p>","protected":false},"featured_media":1181,"comment_status":"open","ping_status":"closed","template":"","meta":{"site-sidebar-layout":"no-sidebar","site-content-layout":"page-builder","ast-site-content-layout":"normal-width-container","site-content-style":"default","site-sidebar-style":"default","ast-global-header-display":"","ast-banner-title-visibility":"","ast-main-header-display":"","ast-hfb-above-header-display":"","ast-hfb-below-header-display":"","ast-hfb-mobile-header-display":"","site-post-title":"","ast-breadcrumbs-content":"","ast-featured-img":"disabled","footer-sml-layout":"","theme-transparent-header-meta":"default","adv-header-id-meta":"","stick-header-meta":"","header-above-stick-meta":"","header-main-stick-meta":"","header-below-stick-meta":"","astra-migrate-meta-layouts":"set","ast-page-background-enabled":"default","ast-page-background-meta":{"desktop":{"background-color":"","background-image":"","background-repeat":"repeat","background-position":"center center","background-size":"auto","background-attachment":"scroll","background-type":"","background-media":"","overlay-type":"","overlay-color":"","overlay-opacity":"","overlay-gradient":""},"tablet":{"background-color":"","background-image":"","background-repeat":"repeat","background-position":"center center","background-size":"auto","background-attachment":"scroll","background-type":"","background-media":"","overlay-type":"","overlay-color":"","overlay-opacity":"","overlay-gradient":""},"mobile":{"background-color":"","background-image":"","background-repeat":"repeat","background-position":"center center","background-size":"auto","background-attachment":"scroll","background-type":"","background-media":"","overlay-type":"","overlay-color":"","overlay-opacity":"","overlay-gradient":""}},"ast-content-background-meta":{"desktop":{"background-color":"var(--ast-global-color-5)","background-image":"","background-repeat":"repeat","background-position":"center center","background-size":"auto","background-attachment":"scroll","background-type":"","background-media":"","overlay-type":"","overlay-color":"","overlay-opacity":"","overlay-gradient":""},"tablet":{"background-color":"var(--ast-global-color-5)","background-image":"","background-repeat":"repeat","background-position":"center center","background-size":"auto","background-attachment":"scroll","background-type":"","background-media":"","overlay-type":"","overlay-color":"","overlay-opacity":"","overlay-gradient":""},"mobile":{"background-color":"var(--ast-global-color-5)","background-image":"","background-repeat":"repeat","background-position":"center center","background-size":"auto","background-attachment":"scroll","background-type":"","background-media":"","overlay-type":"","overlay-color":"","overlay-opacity":"","overlay-gradient":""}}},"product_brand":[],"product_cat":[32,15],"product_tag":[],"class_list":{"0":"post-1180","1":"product","2":"type-product","3":"status-publish","4":"has-post-thumbnail","6":"product_cat-computer-keyboards","7":"product_cat-3c-electronic-products","8":"desktop-align-left","9":"tablet-align-left","10":"mobile-align-left","12":"first","13":"instock","14":"sale","15":"shipping-taxable","16":"purchasable","17":"product-type-simple"},"_links":{"self":[{"href":"https:\/\/ulifeneed.com\/fr\/wp-json\/wp\/v2\/product\/1180","targetHints":{"allow":["GET"]}}],"collection":[{"href":"https:\/\/ulifeneed.com\/fr\/wp-json\/wp\/v2\/product"}],"about":[{"href":"https:\/\/ulifeneed.com\/fr\/wp-json\/wp\/v2\/types\/product"}],"replies":[{"embeddable":true,"href":"https:\/\/ulifeneed.com\/fr\/wp-json\/wp\/v2\/comments?post=1180"}],"version-history":[{"count":6,"href":"https:\/\/ulifeneed.com\/fr\/wp-json\/wp\/v2\/product\/1180\/revisions"}],"predecessor-version":[{"id":1510,"href":"https:\/\/ulifeneed.com\/fr\/wp-json\/wp\/v2\/product\/1180\/revisions\/1510"}],"wp:featuredmedia":[{"embeddable":true,"href":"https:\/\/ulifeneed.com\/fr\/wp-json\/wp\/v2\/media\/1181"}],"wp:attachment":[{"href":"https:\/\/ulifeneed.com\/fr\/wp-json\/wp\/v2\/media?parent=1180"}],"wp:term":[{"taxonomy":"product_brand","embeddable":true,"href":"https:\/\/ulifeneed.com\/fr\/wp-json\/wp\/v2\/product_brand?post=1180"},{"taxonomy":"product_cat","embeddable":true,"href":"https:\/\/ulifeneed.com\/fr\/wp-json\/wp\/v2\/product_cat?post=1180"},{"taxonomy":"product_tag","embeddable":true,"href":"https:\/\/ulifeneed.com\/fr\/wp-json\/wp\/v2\/product_tag?post=1180"}],"curies":[{"name":"wp","href":"https:\/\/api.w.org\/{rel}","templated":true}]}}