{"id":1128,"date":"2025-11-07T06:33:57","date_gmt":"2025-11-07T06:33:57","guid":{"rendered":"https:\/\/ulifeneed.com\/?post_type=product&#038;p=1128"},"modified":"2025-11-28T04:50:17","modified_gmt":"2025-11-28T04:50:17","slug":"clavier-mecanique-sans-fil-mx-performance-illuminee","status":"publish","type":"product","link":"https:\/\/ulifeneed.com\/fr\/product\/mx-mechanical-wireless-illuminated-performance-keyboard\/","title":{"rendered":"Clavier MX Mechanical Wireless Illuminated Performance, touches tactiles silencieuses, touches r\u00e9tro\u00e9clair\u00e9es, Bluetooth, USB-C, macOS, Windows, Linux, iOS, Android, m\u00e9tal, graphite"},"content":{"rendered":"<div data-elementor-type=\"wp-post\" data-elementor-id=\"1128\" class=\"elementor elementor-1128\">\n\t\t\t\t<div class=\"elementor-element elementor-element-7ab7465 e-flex e-con-boxed e-con e-parent\" data-id=\"7ab7465\" data-element_type=\"container\" data-e-type=\"container\">\n\t\t\t\t\t<div class=\"e-con-inner\">\n\t\t\t\t<div class=\"elementor-element elementor-element-01349a5 elementor-widget elementor-widget-text-editor\" data-id=\"01349a5\" data-element_type=\"widget\" data-e-type=\"widget\" data-widget_type=\"text-editor.default\">\n\t\t\t\t<div class=\"elementor-widget-container\">\n\t\t\t\t\t\t\t\t\t<p>1) Touches m\u00e9caniques tactiles et silencieuses avec un impact tactile satisfaisant - pour un retour d'information pr\u00e9cis, une r\u00e9initialisation r\u00e9active des touches et moins de bruit pour que votre frappe ne d\u00e9range pas votre entourage.<\/p><p>2. touches \u00e0 profil bas, plus de confort : Une disposition de clavier con\u00e7ue pour une pr\u00e9cision sans effort, avec un facteur de forme pleine taille et des commutateurs m\u00e9caniques \u00e0 profil bas pour une meilleure ergonomie.<\/p><p>3. \u00e9clairage intelligent : Les touches r\u00e9tro\u00e9clair\u00e9es s'allument d\u00e8s que vos mains s'approchent du clavier sans fil et s'adaptent automatiquement aux conditions d'\u00e9clairage changeantes.<\/p><p>4. flux de travail plus rapide, plus de personnalisation : Personnalisez les touches Fn, attribuez des effets de r\u00e9tro\u00e9clairage, activez le contr\u00f4le Flow inter-ordinateurs et multi-appareils, et bien plus encore dans la version am\u00e9lior\u00e9e de Logi Options+ (1).<\/p><p>5. multi-appareils, multi-OS : Couplez le clavier sans fil Bluetooth MX Mechanical avec jusqu'\u00e0 3 appareils sur presque tous les syst\u00e8mes d'exploitation via Bluetooth Low Energy ou le r\u00e9cepteur Logi Bolt inclus(2).<\/p><p>6. charge rapide USB-C : Le clavier m\u00e9canique MX reste aliment\u00e9 jusqu'\u00e0 15 jours avec une charge compl\u00e8te ou jusqu'\u00e0 10 mois avec le r\u00e9tro\u00e9clairage d\u00e9sactiv\u00e9 (3).<\/p><p>7 Les pi\u00e8ces en plastique de MX Mechanical comprennent du plastique certifi\u00e9 recycl\u00e9 apr\u00e8s consommation (Graphite : 45%(5)).<\/p><p>8 Dans le cas d'un clavier sans fil ou d'un combin\u00e9 (clavier et souris), le r\u00e9cepteur USB se trouve g\u00e9n\u00e9ralement \u00e0 l'int\u00e9rieur de la souris (sous le couvercle de la batterie) ou dans l'emballage du produit.<\/p>\t\t\t\t\t\t\t\t<\/div>\n\t\t\t\t<\/div>\n\t\t\t\t\t<\/div>\n\t\t\t\t<\/div>\n\t\t<div class=\"elementor-element elementor-element-86893d4 e-flex e-con-boxed e-con e-parent\" data-id=\"86893d4\" data-element_type=\"container\" data-e-type=\"container\">\n\t\t\t\t\t<div class=\"e-con-inner\">\n\t\t\t\t<div class=\"elementor-element elementor-element-8714e9f elementor-widget elementor-widget-image-gallery\" data-id=\"8714e9f\" data-element_type=\"widget\" data-e-type=\"widget\" data-widget_type=\"image-gallery.default\">\n\t\t\t\t<div class=\"elementor-widget-container\">\n\t\t\t\t\t\t\t<div class=\"elementor-image-gallery\">\n\t\t\t<div id='gallery-1' class='gallery galleryid-1128 gallery-columns-3 gallery-size-medium_large'><figure class='gallery-item'>\n\t\t\t<div class='gallery-icon landscape'>\n\t\t\t\t<img fetchpriority=\"high\" decoding=\"async\" width=\"768\" height=\"576\" src=\"https:\/\/ulifeneed.com\/wp-content\/uploads\/2025\/11\/036-10-768x576.jpg\" class=\"attachment-medium_large size-medium_large\" alt=\"\" srcset=\"https:\/\/ulifeneed.com\/wp-content\/uploads\/2025\/11\/036-10-768x576.jpg 768w, https:\/\/ulifeneed.com\/wp-content\/uploads\/2025\/11\/036-10-300x225.jpg 300w, https:\/\/ulifeneed.com\/wp-content\/uploads\/2025\/11\/036-10-600x450.jpg 600w, https:\/\/ulifeneed.com\/wp-content\/uploads\/2025\/11\/036-10.jpg 1000w\" sizes=\"(max-width: 768px) 100vw, 768px\" \/>\n\t\t\t<\/div><\/figure><figure class='gallery-item'>\n\t\t\t<div class='gallery-icon landscape'>\n\t\t\t\t<img decoding=\"async\" width=\"768\" height=\"576\" src=\"https:\/\/ulifeneed.com\/wp-content\/uploads\/2025\/11\/036-14-768x576.jpg\" class=\"attachment-medium_large size-medium_large\" alt=\"\" srcset=\"https:\/\/ulifeneed.com\/wp-content\/uploads\/2025\/11\/036-14-768x576.jpg 768w, https:\/\/ulifeneed.com\/wp-content\/uploads\/2025\/11\/036-14-300x225.jpg 300w, https:\/\/ulifeneed.com\/wp-content\/uploads\/2025\/11\/036-14-600x450.jpg 600w, https:\/\/ulifeneed.com\/wp-content\/uploads\/2025\/11\/036-14.jpg 1000w\" sizes=\"(max-width: 768px) 100vw, 768px\" \/>\n\t\t\t<\/div><\/figure><figure class='gallery-item'>\n\t\t\t<div class='gallery-icon landscape'>\n\t\t\t\t<img decoding=\"async\" width=\"768\" height=\"576\" src=\"https:\/\/ulifeneed.com\/wp-content\/uploads\/2025\/11\/036-12-768x576.jpg\" class=\"attachment-medium_large size-medium_large\" alt=\"\" srcset=\"https:\/\/ulifeneed.com\/wp-content\/uploads\/2025\/11\/036-12-768x576.jpg 768w, https:\/\/ulifeneed.com\/wp-content\/uploads\/2025\/11\/036-12-300x225.jpg 300w, https:\/\/ulifeneed.com\/wp-content\/uploads\/2025\/11\/036-12-600x450.jpg 600w, https:\/\/ulifeneed.com\/wp-content\/uploads\/2025\/11\/036-12.jpg 1000w\" sizes=\"(max-width: 768px) 100vw, 768px\" \/>\n\t\t\t<\/div><\/figure>\n\t\t<\/div>\n\t\t<\/div>\n\t\t\t\t\t\t<\/div>\n\t\t\t\t<\/div>\n\t\t\t\t\t<\/div>\n\t\t\t\t<\/div>\n\t\t<div class=\"elementor-element elementor-element-48b475b e-flex e-con-boxed e-con e-parent\" data-id=\"48b475b\" data-element_type=\"container\" data-e-type=\"container\">\n\t\t\t\t\t<div class=\"e-con-inner\">\n\t\t\t\t<div class=\"elementor-element elementor-element-0f74b56 elementor-widget elementor-widget-text-editor\" data-id=\"0f74b56\" data-element_type=\"widget\" data-e-type=\"widget\" data-widget_type=\"text-editor.default\">\n\t\t\t\t<div class=\"elementor-widget-container\">\n\t\t\t\t\t\t\t\t\t<p>ulifeneed MX Mechanical Wireless Illuminated Performance Keyboard Voici le MX Mechanical - un clavier de taille normale avec une sensation, une pr\u00e9cision et une performance extraordinaires. La frappe m\u00e9canique \u00e0 profil bas offre un retour d'information satisfaisant gr\u00e2ce \u00e0 votre choix de commutateurs de touches - Tactile Quiet, Clicky ou Linear. Le MX Mechanical est con\u00e7u pour un confort ergonomique, avec un \u00e9clairage intelligent et un commutateur facile \u00e0 utiliser, vous permettant de connecter jusqu'\u00e0 3 appareils et de rester dans votre flux pendant des heures. D\u00e9tails du produit : Poids : 29.2 oz (828 g) Dimensions (y compris les capuchons de touches) : 1,02 x 17,08 x 5,18 in (26,1 x 433,85 x 131,55 mm) Compatible avec les syst\u00e8mes d'exploitation Windows, macOS, Linux(4), Chrome OS(4), iOS(4), iPadOS(4), Android(4) Batterie Li-Po rechargeable (1500 mAh) Logiciel en option(1) : Logi Options+ Important : FileVault peut \u00eatre activ\u00e9 sur votre ordinateur macOS, ce qui pourrait vous emp\u00eacher de saisir votre mot de passe au d\u00e9marrage ou au red\u00e9marrage lorsque vous \u00eates connect\u00e9 au Bluetooth. Dans ce cas, utilisez le r\u00e9cepteur USB Logi Bolt. Notes de bas de page : (1) Requiert le logiciel Logi Options+, disponible pour Windows et macOS (2) Non compatible avec la technologie ulifeneed Unifying (3) L'autonomie de la batterie peut varier en fonction de l'utilisateur et des conditions informatiques (4) Les fonctions de base de l'appareil seront prises en charge sans logiciel pour les syst\u00e8mes d'exploitation autres que Windows et macOS.<\/p>\t\t\t\t\t\t\t\t<\/div>\n\t\t\t\t<\/div>\n\t\t\t\t\t<\/div>\n\t\t\t\t<\/div>\n\t\t<div class=\"elementor-element elementor-element-8c190bd e-flex e-con-boxed e-con e-parent\" data-id=\"8c190bd\" data-element_type=\"container\" data-e-type=\"container\">\n\t\t\t\t\t<div class=\"e-con-inner\">\n\t\t\t\t<div class=\"elementor-element elementor-element-631cdb7 elementor-widget elementor-widget-image-gallery\" data-id=\"631cdb7\" data-element_type=\"widget\" data-e-type=\"widget\" data-widget_type=\"image-gallery.default\">\n\t\t\t\t<div class=\"elementor-widget-container\">\n\t\t\t\t\t\t\t<div class=\"elementor-image-gallery\">\n\t\t\t<div id='gallery-2' class='gallery galleryid-1128 gallery-columns-1 gallery-size-full'><figure class='gallery-item'>\n\t\t\t<div class='gallery-icon landscape'>\n\t\t\t\t<img loading=\"lazy\" decoding=\"async\" width=\"1000\" height=\"750\" src=\"https:\/\/ulifeneed.com\/wp-content\/uploads\/2025\/11\/036-10.jpg\" class=\"attachment-full size-full\" alt=\"\" srcset=\"https:\/\/ulifeneed.com\/wp-content\/uploads\/2025\/11\/036-10.jpg 1000w, https:\/\/ulifeneed.com\/wp-content\/uploads\/2025\/11\/036-10-300x225.jpg 300w, https:\/\/ulifeneed.com\/wp-content\/uploads\/2025\/11\/036-10-768x576.jpg 768w, https:\/\/ulifeneed.com\/wp-content\/uploads\/2025\/11\/036-10-600x450.jpg 600w\" sizes=\"(max-width: 1000px) 100vw, 1000px\" \/>\n\t\t\t<\/div><\/figure><figure class='gallery-item'>\n\t\t\t<div class='gallery-icon landscape'>\n\t\t\t\t<img loading=\"lazy\" decoding=\"async\" width=\"1000\" height=\"409\" src=\"https:\/\/ulifeneed.com\/wp-content\/uploads\/2025\/11\/036-11.jpg\" class=\"attachment-full size-full\" alt=\"\" srcset=\"https:\/\/ulifeneed.com\/wp-content\/uploads\/2025\/11\/036-11.jpg 1000w, https:\/\/ulifeneed.com\/wp-content\/uploads\/2025\/11\/036-11-300x123.jpg 300w, https:\/\/ulifeneed.com\/wp-content\/uploads\/2025\/11\/036-11-768x314.jpg 768w, https:\/\/ulifeneed.com\/wp-content\/uploads\/2025\/11\/036-11-600x245.jpg 600w\" sizes=\"(max-width: 1000px) 100vw, 1000px\" \/>\n\t\t\t<\/div><\/figure><figure class='gallery-item'>\n\t\t\t<div class='gallery-icon landscape'>\n\t\t\t\t<img loading=\"lazy\" decoding=\"async\" width=\"1000\" height=\"409\" src=\"https:\/\/ulifeneed.com\/wp-content\/uploads\/2025\/11\/036-13.jpg\" class=\"attachment-full size-full\" alt=\"\" srcset=\"https:\/\/ulifeneed.com\/wp-content\/uploads\/2025\/11\/036-13.jpg 1000w, https:\/\/ulifeneed.com\/wp-content\/uploads\/2025\/11\/036-13-300x123.jpg 300w, https:\/\/ulifeneed.com\/wp-content\/uploads\/2025\/11\/036-13-768x314.jpg 768w, https:\/\/ulifeneed.com\/wp-content\/uploads\/2025\/11\/036-13-600x245.jpg 600w\" sizes=\"(max-width: 1000px) 100vw, 1000px\" \/>\n\t\t\t<\/div><\/figure><figure class='gallery-item'>\n\t\t\t<div class='gallery-icon landscape'>\n\t\t\t\t<img loading=\"lazy\" decoding=\"async\" width=\"1000\" height=\"750\" src=\"https:\/\/ulifeneed.com\/wp-content\/uploads\/2025\/11\/036-14.jpg\" class=\"attachment-full size-full\" alt=\"\" srcset=\"https:\/\/ulifeneed.com\/wp-content\/uploads\/2025\/11\/036-14.jpg 1000w, https:\/\/ulifeneed.com\/wp-content\/uploads\/2025\/11\/036-14-300x225.jpg 300w, https:\/\/ulifeneed.com\/wp-content\/uploads\/2025\/11\/036-14-768x576.jpg 768w, https:\/\/ulifeneed.com\/wp-content\/uploads\/2025\/11\/036-14-600x450.jpg 600w\" sizes=\"(max-width: 1000px) 100vw, 1000px\" \/>\n\t\t\t<\/div><\/figure>\n\t\t<\/div>\n\t\t<\/div>\n\t\t\t\t\t\t<\/div>\n\t\t\t\t<\/div>\n\t\t\t\t\t<\/div>\n\t\t\t\t<\/div>\n\t\t\t\t<\/div>","protected":false},"excerpt":{"rendered":"<h2>Clavier MX Mechanical Wireless Illuminated Performance, touches tactiles silencieuses, touches r\u00e9tro\u00e9clair\u00e9es, Bluetooth, USB-C, macOS, Windows, Linux, iOS, Android, m\u00e9tal, graphite<\/h2>\n<p>Appareils compatibles : PC<br \/>\nTechnologie de connectivit\u00e9 : USB<br \/>\nDescription du clavier : M\u00e9canique<br \/>\nUtilisations recommand\u00e9es pour le produit : Bureau<br \/>\nCaract\u00e9ristique sp\u00e9ciale : Rechargeable<br \/>\nCouleur : Graphite<br \/>\nPrise en charge de la couleur de r\u00e9tro\u00e9clairage du clavier : Couleur unique<br \/>\nStyle : Tactile (frappe silencieuse)<br \/>\nDimensions du produit : 18.1\u2033L x 5.9\u2033W x 2\u2033H<\/p>","protected":false},"featured_media":1129,"comment_status":"open","ping_status":"closed","template":"","meta":{"site-sidebar-layout":"no-sidebar","site-content-layout":"page-builder","ast-site-content-layout":"normal-width-container","site-content-style":"default","site-sidebar-style":"default","ast-global-header-display":"","ast-banner-title-visibility":"","ast-main-header-display":"","ast-hfb-above-header-display":"","ast-hfb-below-header-display":"","ast-hfb-mobile-header-display":"","site-post-title":"","ast-breadcrumbs-content":"","ast-featured-img":"disabled","footer-sml-layout":"","theme-transparent-header-meta":"default","adv-header-id-meta":"","stick-header-meta":"","header-above-stick-meta":"","header-main-stick-meta":"","header-below-stick-meta":"","astra-migrate-meta-layouts":"set","ast-page-background-enabled":"default","ast-page-background-meta":{"desktop":{"background-color":"","background-image":"","background-repeat":"repeat","background-position":"center center","background-size":"auto","background-attachment":"scroll","background-type":"","background-media":"","overlay-type":"","overlay-color":"","overlay-opacity":"","overlay-gradient":""},"tablet":{"background-color":"","background-image":"","background-repeat":"repeat","background-position":"center center","background-size":"auto","background-attachment":"scroll","background-type":"","background-media":"","overlay-type":"","overlay-color":"","overlay-opacity":"","overlay-gradient":""},"mobile":{"background-color":"","background-image":"","background-repeat":"repeat","background-position":"center center","background-size":"auto","background-attachment":"scroll","background-type":"","background-media":"","overlay-type":"","overlay-color":"","overlay-opacity":"","overlay-gradient":""}},"ast-content-background-meta":{"desktop":{"background-color":"var(--ast-global-color-5)","background-image":"","background-repeat":"repeat","background-position":"center center","background-size":"auto","background-attachment":"scroll","background-type":"","background-media":"","overlay-type":"","overlay-color":"","overlay-opacity":"","overlay-gradient":""},"tablet":{"background-color":"var(--ast-global-color-5)","background-image":"","background-repeat":"repeat","background-position":"center center","background-size":"auto","background-attachment":"scroll","background-type":"","background-media":"","overlay-type":"","overlay-color":"","overlay-opacity":"","overlay-gradient":""},"mobile":{"background-color":"var(--ast-global-color-5)","background-image":"","background-repeat":"repeat","background-position":"center center","background-size":"auto","background-attachment":"scroll","background-type":"","background-media":"","overlay-type":"","overlay-color":"","overlay-opacity":"","overlay-gradient":""}}},"product_brand":[],"product_cat":[15,32],"product_tag":[],"class_list":{"0":"post-1128","1":"product","2":"type-product","3":"status-publish","4":"has-post-thumbnail","6":"product_cat-3c-electronic-products","7":"product_cat-computer-keyboards","8":"desktop-align-left","9":"tablet-align-left","10":"mobile-align-left","12":"first","13":"instock","14":"sale","15":"shipping-taxable","16":"purchasable","17":"product-type-simple"},"_links":{"self":[{"href":"https:\/\/ulifeneed.com\/fr\/wp-json\/wp\/v2\/product\/1128","targetHints":{"allow":["GET"]}}],"collection":[{"href":"https:\/\/ulifeneed.com\/fr\/wp-json\/wp\/v2\/product"}],"about":[{"href":"https:\/\/ulifeneed.com\/fr\/wp-json\/wp\/v2\/types\/product"}],"replies":[{"embeddable":true,"href":"https:\/\/ulifeneed.com\/fr\/wp-json\/wp\/v2\/comments?post=1128"}],"version-history":[{"count":6,"href":"https:\/\/ulifeneed.com\/fr\/wp-json\/wp\/v2\/product\/1128\/revisions"}],"predecessor-version":[{"id":1507,"href":"https:\/\/ulifeneed.com\/fr\/wp-json\/wp\/v2\/product\/1128\/revisions\/1507"}],"wp:featuredmedia":[{"embeddable":true,"href":"https:\/\/ulifeneed.com\/fr\/wp-json\/wp\/v2\/media\/1129"}],"wp:attachment":[{"href":"https:\/\/ulifeneed.com\/fr\/wp-json\/wp\/v2\/media?parent=1128"}],"wp:term":[{"taxonomy":"product_brand","embeddable":true,"href":"https:\/\/ulifeneed.com\/fr\/wp-json\/wp\/v2\/product_brand?post=1128"},{"taxonomy":"product_cat","embeddable":true,"href":"https:\/\/ulifeneed.com\/fr\/wp-json\/wp\/v2\/product_cat?post=1128"},{"taxonomy":"product_tag","embeddable":true,"href":"https:\/\/ulifeneed.com\/fr\/wp-json\/wp\/v2\/product_tag?post=1128"}],"curies":[{"name":"wp","href":"https:\/\/api.w.org\/{rel}","templated":true}]}}