{"id":1049,"date":"2025-11-07T05:58:21","date_gmt":"2025-11-07T05:58:21","guid":{"rendered":"https:\/\/ulifeneed.com\/?post_type=product&#038;p=1049"},"modified":"2025-11-28T04:49:44","modified_gmt":"2025-11-28T04:49:44","slug":"cable-de-chargeur-rapide-usb-c-a-c-de-10-pieds-type-c","status":"publish","type":"product","link":"https:\/\/ulifeneed.com\/fr\/product\/usb-c-to-c-fast-charger-cable-10ft-long-type-c\/","title":{"rendered":"C\u00e2ble de charge rapide USB C vers C 10ft, long c\u00e2ble de charge Type C vers USB C pour Apple iPhone 17 Pro Max\/17 Air\/16 Pro\/15 Plus,MacBook Pro 2021\/2020\/2019\/2018,iPad 12.9\/11 pouces\/Mini\/Air,Samsung Galaxy"},"content":{"rendered":"<div data-elementor-type=\"wp-post\" data-elementor-id=\"1049\" class=\"elementor elementor-1049\">\n\t\t\t\t<div class=\"elementor-element elementor-element-7ab7465 e-flex e-con-boxed e-con e-parent\" data-id=\"7ab7465\" data-element_type=\"container\" data-e-type=\"container\">\n\t\t\t\t\t<div class=\"e-con-inner\">\n\t\t\t\t<div class=\"elementor-element elementor-element-01349a5 elementor-widget elementor-widget-text-editor\" data-id=\"01349a5\" data-element_type=\"widget\" data-e-type=\"widget\" data-widget_type=\"text-editor.default\">\n\t\t\t\t<div class=\"elementor-widget-container\">\n\t\t\t\t\t\t\t\t\t<p>\u3010Rapide et s\u00fbr\u3011Le fil de cuivre de haute qualit\u00e9 am\u00e9liore la vitesse de charge et de transmission des donn\u00e9es. Laissez-vous profiter d'une charge rapide de 3A et d'un taux de transfert de donn\u00e9es de 480Mbps. La protection int\u00e9gr\u00e9e contre les surtensions et les tests de qualit\u00e9 stricts garantissent une charge s\u00fbre des appareils Apple. Emp\u00eachez la surchauffe et la surcharge pendant la charge.<br \/>\u3010Puce intelligente int\u00e9gr\u00e9e\u3011 C\u00e2ble USB C \u00e0 charge super rapide, puce intelligente int\u00e9gr\u00e9e, qui prend en charge la charge rapide USB PD et fournit une protection compl\u00e8te \u00e0 la batterie des appareils et aux adaptateurs, vous permettant de charger \u00e0 la vitesse de la lumi\u00e8re et en toute s\u00e9curit\u00e9.<br \/>\u3010Super Durability\u3011Le c\u00e2ble de recharge pour iPhone utilise des mat\u00e9riaux de haute qualit\u00e9, ce qui peut garantir que le c\u00e2ble est 5 fois plus durable que les autres c\u00e2bles, et qu'il a une bonne flexibilit\u00e9 et ne s'emm\u00eale pas. L'utilisation de la technologie de soudage au laser augmente la dur\u00e9e de vie et \u00e9vite le risque de fissure ou d'autres dommages. Il s'agit d'un c\u00e2ble durable qui peut r\u00e9sister \u00e0 plus de 20 000 flexions et \u00e0 plus de 12 000 d\u00e9branchements r\u00e9p\u00e9t\u00e9s.<br \/>\u3010Universal Compatibility\u3011 : Notre c\u00e2ble USB-C vers USB-C permet de charger \u00e0 grande vitesse les smartphones, tablettes et ordinateurs portables Type-C, notamment l'iPhone 17 Pro Max\/17 Air\/17 Pro\/17 Plus\/ iPhone 16 Pro Max\/16 Pro\/16 Plus\/15 Pro Max\/15 Plus\/MacBook Air 2023\/iPad Pro 2023, iPad Air 5,et plus encore. (Remarque : les vitesses de charge d\u00e9pendent \u00e9galement de votre appareil et de votre chargeur. Associez vos appareils C-Port \u00e0 des chargeurs USB-C, notamment et divers adaptateurs d'alimentation USB-C 96w 87w 65w 60w 45w 35w 20w).<br \/>\u3010What you get\u3011 : Comprend 2Pack 10-foot Type C to Type C charging cables. En outre, nous fournissons 12 mois de service d'assurance qualit\u00e9 pour chaque c\u00e2ble. Si vous avez des questions, n'h\u00e9sitez pas \u00e0 nous contacter et nous ferons de notre mieux pour vous aider.<\/p>\t\t\t\t\t\t\t\t<\/div>\n\t\t\t\t<\/div>\n\t\t\t\t\t<\/div>\n\t\t\t\t<\/div>\n\t\t<div class=\"elementor-element elementor-element-86893d4 e-flex e-con-boxed e-con e-parent\" data-id=\"86893d4\" data-element_type=\"container\" data-e-type=\"container\">\n\t\t\t\t\t<div class=\"e-con-inner\">\n\t\t\t\t<div class=\"elementor-element elementor-element-8714e9f elementor-widget elementor-widget-image-gallery\" data-id=\"8714e9f\" data-element_type=\"widget\" data-e-type=\"widget\" data-widget_type=\"image-gallery.default\">\n\t\t\t\t<div class=\"elementor-widget-container\">\n\t\t\t\t\t\t\t<div class=\"elementor-image-gallery\">\n\t\t\t<div id='gallery-1' class='gallery galleryid-1049 gallery-columns-3 gallery-size-medium_large'><figure class='gallery-item'>\n\t\t\t<div class='gallery-icon landscape'>\n\t\t\t\t<img fetchpriority=\"high\" decoding=\"async\" width=\"768\" height=\"768\" src=\"https:\/\/ulifeneed.com\/wp-content\/uploads\/2025\/11\/025-2-768x768.jpg\" class=\"attachment-medium_large size-medium_large\" alt=\"\" srcset=\"https:\/\/ulifeneed.com\/wp-content\/uploads\/2025\/11\/025-2-768x768.jpg 768w, https:\/\/ulifeneed.com\/wp-content\/uploads\/2025\/11\/025-2-300x300.jpg 300w, https:\/\/ulifeneed.com\/wp-content\/uploads\/2025\/11\/025-2-150x150.jpg 150w, https:\/\/ulifeneed.com\/wp-content\/uploads\/2025\/11\/025-2-600x600.jpg 600w, https:\/\/ulifeneed.com\/wp-content\/uploads\/2025\/11\/025-2-100x100.jpg 100w, https:\/\/ulifeneed.com\/wp-content\/uploads\/2025\/11\/025-2.jpg 1000w\" sizes=\"(max-width: 768px) 100vw, 768px\" \/>\n\t\t\t<\/div><\/figure><figure class='gallery-item'>\n\t\t\t<div class='gallery-icon landscape'>\n\t\t\t\t<img decoding=\"async\" width=\"768\" height=\"768\" src=\"https:\/\/ulifeneed.com\/wp-content\/uploads\/2025\/11\/025-4-768x768.jpg\" class=\"attachment-medium_large size-medium_large\" alt=\"\" srcset=\"https:\/\/ulifeneed.com\/wp-content\/uploads\/2025\/11\/025-4-768x768.jpg 768w, https:\/\/ulifeneed.com\/wp-content\/uploads\/2025\/11\/025-4-300x300.jpg 300w, https:\/\/ulifeneed.com\/wp-content\/uploads\/2025\/11\/025-4-150x150.jpg 150w, https:\/\/ulifeneed.com\/wp-content\/uploads\/2025\/11\/025-4-600x600.jpg 600w, https:\/\/ulifeneed.com\/wp-content\/uploads\/2025\/11\/025-4-100x100.jpg 100w, https:\/\/ulifeneed.com\/wp-content\/uploads\/2025\/11\/025-4.jpg 1000w\" sizes=\"(max-width: 768px) 100vw, 768px\" \/>\n\t\t\t<\/div><\/figure><figure class='gallery-item'>\n\t\t\t<div class='gallery-icon landscape'>\n\t\t\t\t<img decoding=\"async\" width=\"768\" height=\"732\" src=\"https:\/\/ulifeneed.com\/wp-content\/uploads\/2025\/11\/025-5-768x732.jpg\" class=\"attachment-medium_large size-medium_large\" alt=\"\" srcset=\"https:\/\/ulifeneed.com\/wp-content\/uploads\/2025\/11\/025-5-768x732.jpg 768w, https:\/\/ulifeneed.com\/wp-content\/uploads\/2025\/11\/025-5-300x286.jpg 300w, https:\/\/ulifeneed.com\/wp-content\/uploads\/2025\/11\/025-5-600x572.jpg 600w, https:\/\/ulifeneed.com\/wp-content\/uploads\/2025\/11\/025-5.jpg 1000w\" sizes=\"(max-width: 768px) 100vw, 768px\" \/>\n\t\t\t<\/div><\/figure>\n\t\t<\/div>\n\t\t<\/div>\n\t\t\t\t\t\t<\/div>\n\t\t\t\t<\/div>\n\t\t\t\t\t<\/div>\n\t\t\t\t<\/div>\n\t\t<div class=\"elementor-element elementor-element-48b475b e-flex e-con-boxed e-con e-parent\" data-id=\"48b475b\" data-element_type=\"container\" data-e-type=\"container\">\n\t\t\t\t\t<div class=\"e-con-inner\">\n\t\t\t\t<div class=\"elementor-element elementor-element-0f74b56 elementor-widget elementor-widget-text-editor\" data-id=\"0f74b56\" data-element_type=\"widget\" data-e-type=\"widget\" data-widget_type=\"text-editor.default\">\n\t\t\t\t<div class=\"elementor-widget-container\">\n\t\t\t\t\t\t\t\t\t<h2>Pourquoi choisir un c\u00e2ble tress\u00e9 USB-C vers USB-C ?<\/h2><p>Le fil est fabriqu\u00e9 \u00e0 partir d'un mat\u00e9riau de haute qualit\u00e9 avec une bonne texture, et la conception sp\u00e9ciale de soulagement des contraintes peut r\u00e9sister \u00e0 plus de 20 000 tests de flexion, ce qui permet de supporter une utilisation \u00e0 long terme sans se soucier des dommages dus \u00e0 la flexion ou \u00e0 l'impact.<br \/>Ce c\u00e2ble USB C PD 60W peut charger rapidement les t\u00e9l\u00e9phones, tablettes et ordinateurs portables sans surchauffe.<br \/>La puce intelligente permet une vitesse de charge plus rapide, une faible perte d'\u00e9nergie pour charger l'ordinateur portable plus rapidement.<\/p><h2>C\u00e2ble de charge USB C \u00e0 USB C tress\u00e9 3A<\/h2><p>Sortie max : 9V 3A<br \/>Transfert de donn\u00e9es : USB 3.0 480Mbps<br \/>Longueur : 10ft<\/p><h2>Remarques importantes :<\/h2><p>Il s'agit d'un c\u00e2ble USB C vers USB C et non d'un c\u00e2ble USB C vers USB A. Vous devez donc utiliser un chargeur mural USB C pour charger votre appareil.<br \/>Pour garantir la vitesse de chargement de votre appareil, veuillez utiliser le chargeur mural USB C d'origine ou un chargeur USB C de haute qualit\u00e9 qui peut prendre en charge la charge rapide USB PD.<br \/>Il s'agit d'un c\u00e2ble de charge et de donn\u00e9es et non d'un c\u00e2ble Thunderbolt 3, il ne peut donc pas produire de vid\u00e9o.<\/p><h2>Super durabilit\u00e9<\/h2><p>Le c\u00e2ble de recharge pour iPhone utilise des mat\u00e9riaux de haute qualit\u00e9, ce qui garantit une durabilit\u00e9 5 fois sup\u00e9rieure \u00e0 celle des autres c\u00e2bles, une bonne flexibilit\u00e9 et l'absence d'enchev\u00eatrement. L'utilisation de la technologie de soudage au laser augmente la dur\u00e9e de vie et \u00e9vite le risque de fissure ou d'autres dommages. Il s'agit d'un c\u00e2ble durable qui peut supporter plus de 20000 fois la flexion et plus de 12000 fois le d\u00e9branchement r\u00e9p\u00e9t\u00e9.<\/p>\t\t\t\t\t\t\t\t<\/div>\n\t\t\t\t<\/div>\n\t\t\t\t\t<\/div>\n\t\t\t\t<\/div>\n\t\t<div class=\"elementor-element elementor-element-8c190bd e-flex e-con-boxed e-con e-parent\" data-id=\"8c190bd\" data-element_type=\"container\" data-e-type=\"container\">\n\t\t\t\t\t<div class=\"e-con-inner\">\n\t\t\t\t<div class=\"elementor-element elementor-element-631cdb7 elementor-widget elementor-widget-image-gallery\" data-id=\"631cdb7\" data-element_type=\"widget\" data-e-type=\"widget\" data-widget_type=\"image-gallery.default\">\n\t\t\t\t<div class=\"elementor-widget-container\">\n\t\t\t\t\t\t\t<div class=\"elementor-image-gallery\">\n\t\t\t<div id='gallery-2' class='gallery galleryid-1049 gallery-columns-1 gallery-size-full'><figure class='gallery-item'>\n\t\t\t<div class='gallery-icon landscape'>\n\t\t\t\t<img loading=\"lazy\" decoding=\"async\" width=\"1000\" height=\"618\" src=\"https:\/\/ulifeneed.com\/wp-content\/uploads\/2025\/11\/025-8.jpg\" class=\"attachment-full size-full\" alt=\"\" srcset=\"https:\/\/ulifeneed.com\/wp-content\/uploads\/2025\/11\/025-8.jpg 1000w, https:\/\/ulifeneed.com\/wp-content\/uploads\/2025\/11\/025-8-300x185.jpg 300w, https:\/\/ulifeneed.com\/wp-content\/uploads\/2025\/11\/025-8-768x475.jpg 768w, https:\/\/ulifeneed.com\/wp-content\/uploads\/2025\/11\/025-8-600x371.jpg 600w\" sizes=\"(max-width: 1000px) 100vw, 1000px\" \/>\n\t\t\t<\/div><\/figure><figure class='gallery-item'>\n\t\t\t<div class='gallery-icon landscape'>\n\t\t\t\t<img loading=\"lazy\" decoding=\"async\" width=\"1000\" height=\"618\" src=\"https:\/\/ulifeneed.com\/wp-content\/uploads\/2025\/11\/025-9.jpg\" class=\"attachment-full size-full\" alt=\"\" srcset=\"https:\/\/ulifeneed.com\/wp-content\/uploads\/2025\/11\/025-9.jpg 1000w, https:\/\/ulifeneed.com\/wp-content\/uploads\/2025\/11\/025-9-300x185.jpg 300w, https:\/\/ulifeneed.com\/wp-content\/uploads\/2025\/11\/025-9-768x475.jpg 768w, https:\/\/ulifeneed.com\/wp-content\/uploads\/2025\/11\/025-9-600x371.jpg 600w\" sizes=\"(max-width: 1000px) 100vw, 1000px\" \/>\n\t\t\t<\/div><\/figure><figure class='gallery-item'>\n\t\t\t<div class='gallery-icon landscape'>\n\t\t\t\t<img loading=\"lazy\" decoding=\"async\" width=\"1000\" height=\"618\" src=\"https:\/\/ulifeneed.com\/wp-content\/uploads\/2025\/11\/025-10.jpg\" class=\"attachment-full size-full\" alt=\"\" srcset=\"https:\/\/ulifeneed.com\/wp-content\/uploads\/2025\/11\/025-10.jpg 1000w, https:\/\/ulifeneed.com\/wp-content\/uploads\/2025\/11\/025-10-300x185.jpg 300w, https:\/\/ulifeneed.com\/wp-content\/uploads\/2025\/11\/025-10-768x475.jpg 768w, https:\/\/ulifeneed.com\/wp-content\/uploads\/2025\/11\/025-10-600x371.jpg 600w\" sizes=\"(max-width: 1000px) 100vw, 1000px\" \/>\n\t\t\t<\/div><\/figure><figure class='gallery-item'>\n\t\t\t<div class='gallery-icon landscape'>\n\t\t\t\t<img loading=\"lazy\" decoding=\"async\" width=\"1000\" height=\"618\" src=\"https:\/\/ulifeneed.com\/wp-content\/uploads\/2025\/11\/025-11.jpg\" class=\"attachment-full size-full\" alt=\"\" srcset=\"https:\/\/ulifeneed.com\/wp-content\/uploads\/2025\/11\/025-11.jpg 1000w, https:\/\/ulifeneed.com\/wp-content\/uploads\/2025\/11\/025-11-300x185.jpg 300w, https:\/\/ulifeneed.com\/wp-content\/uploads\/2025\/11\/025-11-768x475.jpg 768w, https:\/\/ulifeneed.com\/wp-content\/uploads\/2025\/11\/025-11-600x371.jpg 600w\" sizes=\"(max-width: 1000px) 100vw, 1000px\" \/>\n\t\t\t<\/div><\/figure>\n\t\t<\/div>\n\t\t<\/div>\n\t\t\t\t\t\t<\/div>\n\t\t\t\t<\/div>\n\t\t\t\t\t<\/div>\n\t\t\t\t<\/div>\n\t\t\t\t<\/div>","protected":false},"excerpt":{"rendered":"<h2>C\u00e2ble de charge rapide USB C vers C 10ft, long c\u00e2ble de charge Type C vers USB C pour Apple iPhone 17 Pro Max\/17 Air\/16 Pro\/15 Plus,MacBook Pro 2021\/2020\/2019\/2018,iPad 12.9\/11 pouces\/Mini\/Air,Samsung Galaxy<\/h2>\n<p><strong>Type de connecteur<\/strong>: Usb C to C, Type C to C<br \/>\n<strong>Type de c\u00e2ble<\/strong>: USB C<br \/>\n<strong>Appareils compatibles<\/strong>: iPhone 17 Pro Max\/iPhone 17 Air\/iPhone 17 Pro\/iPhone 17 Plus\/iPhone 16 Pro Max\/iPhone 16 Pro\/iPhone 16 Plus\/iPhone 15\/iPhone15 Plus\/iPhone15 Pro\/iPhone15 Pro Max\uff0cMacBook Pro 13 inch, Macbook Air 13 \/m1 Inch, MacBook 12 inch, iPad Pro 12.9\/11 pouces, iPad Air 4\/5, iPad Mini 6, Google Pixel 6\/6 Pro\/5\/5a, Samsung Galaxy S23\/S22\/S22\/ S21\/S21+\/S21 Ultra\/ S20\/S20+\/S20 Ultra, Galaxy A53\/A73\/A71, Note 10\/10+\/20 Ultra et autres appareils \u00e0 port USB-C.<br \/>\n<strong>Dossier sp\u00e9cial<\/strong>: Chargement rapide<\/p>","protected":false},"featured_media":1050,"comment_status":"open","ping_status":"closed","template":"","meta":{"site-sidebar-layout":"no-sidebar","site-content-layout":"page-builder","ast-site-content-layout":"normal-width-container","site-content-style":"default","site-sidebar-style":"default","ast-global-header-display":"","ast-banner-title-visibility":"","ast-main-header-display":"","ast-hfb-above-header-display":"","ast-hfb-below-header-display":"","ast-hfb-mobile-header-display":"","site-post-title":"","ast-breadcrumbs-content":"","ast-featured-img":"disabled","footer-sml-layout":"","theme-transparent-header-meta":"default","adv-header-id-meta":"","stick-header-meta":"","header-above-stick-meta":"","header-main-stick-meta":"","header-below-stick-meta":"","astra-migrate-meta-layouts":"set","ast-page-background-enabled":"default","ast-page-background-meta":{"desktop":{"background-color":"","background-image":"","background-repeat":"repeat","background-position":"center center","background-size":"auto","background-attachment":"scroll","background-type":"","background-media":"","overlay-type":"","overlay-color":"","overlay-opacity":"","overlay-gradient":""},"tablet":{"background-color":"","background-image":"","background-repeat":"repeat","background-position":"center center","background-size":"auto","background-attachment":"scroll","background-type":"","background-media":"","overlay-type":"","overlay-color":"","overlay-opacity":"","overlay-gradient":""},"mobile":{"background-color":"","background-image":"","background-repeat":"repeat","background-position":"center center","background-size":"auto","background-attachment":"scroll","background-type":"","background-media":"","overlay-type":"","overlay-color":"","overlay-opacity":"","overlay-gradient":""}},"ast-content-background-meta":{"desktop":{"background-color":"var(--ast-global-color-5)","background-image":"","background-repeat":"repeat","background-position":"center center","background-size":"auto","background-attachment":"scroll","background-type":"","background-media":"","overlay-type":"","overlay-color":"","overlay-opacity":"","overlay-gradient":""},"tablet":{"background-color":"var(--ast-global-color-5)","background-image":"","background-repeat":"repeat","background-position":"center center","background-size":"auto","background-attachment":"scroll","background-type":"","background-media":"","overlay-type":"","overlay-color":"","overlay-opacity":"","overlay-gradient":""},"mobile":{"background-color":"var(--ast-global-color-5)","background-image":"","background-repeat":"repeat","background-position":"center center","background-size":"auto","background-attachment":"scroll","background-type":"","background-media":"","overlay-type":"","overlay-color":"","overlay-opacity":"","overlay-gradient":""}}},"product_brand":[],"product_cat":[31,15],"product_tag":[],"class_list":{"0":"post-1049","1":"product","2":"type-product","3":"status-publish","4":"has-post-thumbnail","6":"product_cat-usb-cables","7":"product_cat-3c-electronic-products","8":"desktop-align-left","9":"tablet-align-left","10":"mobile-align-left","12":"first","13":"instock","14":"sale","15":"shipping-taxable","16":"purchasable","17":"product-type-simple"},"_links":{"self":[{"href":"https:\/\/ulifeneed.com\/fr\/wp-json\/wp\/v2\/product\/1049","targetHints":{"allow":["GET"]}}],"collection":[{"href":"https:\/\/ulifeneed.com\/fr\/wp-json\/wp\/v2\/product"}],"about":[{"href":"https:\/\/ulifeneed.com\/fr\/wp-json\/wp\/v2\/types\/product"}],"replies":[{"embeddable":true,"href":"https:\/\/ulifeneed.com\/fr\/wp-json\/wp\/v2\/comments?post=1049"}],"version-history":[{"count":6,"href":"https:\/\/ulifeneed.com\/fr\/wp-json\/wp\/v2\/product\/1049\/revisions"}],"predecessor-version":[{"id":1503,"href":"https:\/\/ulifeneed.com\/fr\/wp-json\/wp\/v2\/product\/1049\/revisions\/1503"}],"wp:featuredmedia":[{"embeddable":true,"href":"https:\/\/ulifeneed.com\/fr\/wp-json\/wp\/v2\/media\/1050"}],"wp:attachment":[{"href":"https:\/\/ulifeneed.com\/fr\/wp-json\/wp\/v2\/media?parent=1049"}],"wp:term":[{"taxonomy":"product_brand","embeddable":true,"href":"https:\/\/ulifeneed.com\/fr\/wp-json\/wp\/v2\/product_brand?post=1049"},{"taxonomy":"product_cat","embeddable":true,"href":"https:\/\/ulifeneed.com\/fr\/wp-json\/wp\/v2\/product_cat?post=1049"},{"taxonomy":"product_tag","embeddable":true,"href":"https:\/\/ulifeneed.com\/fr\/wp-json\/wp\/v2\/product_tag?post=1049"}],"curies":[{"name":"wp","href":"https:\/\/api.w.org\/{rel}","templated":true}]}}