{"id":1436,"date":"2025-11-11T03:16:11","date_gmt":"2025-11-11T03:16:11","guid":{"rendered":"https:\/\/ulifeneed.com\/?page_id=1436"},"modified":"2025-11-11T03:17:43","modified_gmt":"2025-11-11T03:17:43","slug":"politique-dexpedition","status":"publish","type":"page","link":"https:\/\/ulifeneed.com\/fr\/shipping-policy\/","title":{"rendered":"Politique d'exp\u00e9dition"},"content":{"rendered":"<div data-elementor-type=\"wp-page\" data-elementor-id=\"1436\" class=\"elementor elementor-1436\">\n\t\t\t\t<div class=\"elementor-element elementor-element-f8efc0f e-flex e-con-boxed e-con e-parent\" data-id=\"f8efc0f\" data-element_type=\"container\" data-e-type=\"container\">\n\t\t\t\t\t<div class=\"e-con-inner\">\n\t\t\t\t<div class=\"elementor-element elementor-element-22f8fa6 elementor-widget elementor-widget-text-editor\" data-id=\"22f8fa6\" data-element_type=\"widget\" data-e-type=\"widget\" data-widget_type=\"text-editor.default\">\n\t\t\t\t<div class=\"elementor-widget-container\">\n\t\t\t\t\t\t\t\t\t<h2>Politique d'exp\u00e9dition<\/h2><p>1. QUELLES SONT MES OPTIONS DE LIVRAISON ?<\/p><p>Standard : 2-10 jours ouvrables.<\/p><p>Livraison aux \u00c9tats-Unis continentaux dans un d\u00e9lai de six jours ouvrables, du lundi au vendredi, avant 19 heures. Les d\u00e9lais de livraison en Alaska et \u00e0 Hawa\u00ef peuvent varier.<\/p><p>2. COMMENT SONT CALCUL\u00c9S MES FRAIS D'EXP\u00c9DITION ?<\/p><p>Nous estimons tous nos frais d'exp\u00e9dition en fonction du poids, des lieux de livraison et des m\u00e9thodes d'exp\u00e9dition. Les frais d'exp\u00e9dition r\u00e9els peuvent s'appliquer.<\/p><p>3. PUIS-JE FAIRE LIVRER UNE COMMANDE LE WEEK-END ?<\/p><p>ulifeneed.com ne propose pas actuellement de livraisons le samedi ou le dimanche.<\/p><p>4. QUE DOIS-JE FAIRE SI MA COMMANDE EST EN RETARD ?<\/p><p>Si le d\u00e9lai de livraison indiqu\u00e9 avec votre choix d'exp\u00e9dition a expir\u00e9 et que les informations de suivi ne vous aident pas, veuillez nous contacter imm\u00e9diatement.<\/p><p>Il se peut que votre commande soit en retard parce que personne n'\u00e9tait disponible pour accepter la livraison. Si vous n'\u00eates pas pr\u00e9sent lors d'une tentative de livraison, le transporteur fera une deuxi\u00e8me tentative, et souvent une troisi\u00e8me. Si la livraison n'est toujours pas effectu\u00e9e, l'envoi sera renvoy\u00e9 \u00e0 notre entrep\u00f4t. Vous devez nous signaler toute commande non livr\u00e9e dans un d\u00e9lai de 25 jours \u00e0 compter de la date \u00e0 laquelle vous avez pass\u00e9 la commande.<\/p><p>5. QUE SE PASSE-T-IL SI MON COLIS EST ENDOMMAG\u00c9 LORS DE LA LIVRAISON ?<\/p><p>Si votre colis arrive endommag\u00e9, vous pouvez refuser la livraison sans frais. Veuillez nous contacter imm\u00e9diatement afin que nous puissions rem\u00e9dier \u00e0 la situation dans les plus brefs d\u00e9lais.<\/p>\t\t\t\t\t\t\t\t<\/div>\n\t\t\t\t<\/div>\n\t\t\t\t\t<\/div>\n\t\t\t\t<\/div>\n\t\t\t\t<\/div>","protected":false},"excerpt":{"rendered":"<p>Shipping Policy 1. WHAT ARE MY SHIPPING OPTIONS? Standard: 2-10 Business Days. Delivery in the continental U.S. within six business days, Monday-Friday, by 7:00 PM. Delivery times to Alaska and Hawaii may vary. 2. HOW ARE MY SHIPPING COSTS CALCULATED? We estimate all of our shipping charges by weight, delivery \/ ship to locations and [&hellip;]<\/p>\n","protected":false},"author":1,"featured_media":0,"parent":0,"menu_order":13,"comment_status":"closed","ping_status":"closed","template":"","meta":{"site-sidebar-layout":"no-sidebar","site-content-layout":"page-builder","ast-site-content-layout":"full-width-container","site-content-style":"default","site-sidebar-style":"default","ast-global-header-display":"","ast-banner-title-visibility":"","ast-main-header-display":"","ast-hfb-above-header-display":"","ast-hfb-below-header-display":"","ast-hfb-mobile-header-display":"","site-post-title":"","ast-breadcrumbs-content":"","ast-featured-img":"disabled","footer-sml-layout":"","theme-transparent-header-meta":"","adv-header-id-meta":"","stick-header-meta":"","header-above-stick-meta":"","header-main-stick-meta":"","header-below-stick-meta":"","astra-migrate-meta-layouts":"set","ast-page-background-enabled":"default","ast-page-background-meta":{"desktop":{"background-color":"","background-image":"","background-repeat":"repeat","background-position":"center center","background-size":"auto","background-attachment":"scroll","background-type":"","background-media":"","overlay-type":"","overlay-color":"","overlay-opacity":"","overlay-gradient":""},"tablet":{"background-color":"","background-image":"","background-repeat":"repeat","background-position":"center center","background-size":"auto","background-attachment":"scroll","background-type":"","background-media":"","overlay-type":"","overlay-color":"","overlay-opacity":"","overlay-gradient":""},"mobile":{"background-color":"","background-image":"","background-repeat":"repeat","background-position":"center center","background-size":"auto","background-attachment":"scroll","background-type":"","background-media":"","overlay-type":"","overlay-color":"","overlay-opacity":"","overlay-gradient":""}},"ast-content-background-meta":{"desktop":{"background-color":"var(--ast-global-color-5)","background-image":"","background-repeat":"repeat","background-position":"center center","background-size":"auto","background-attachment":"scroll","background-type":"","background-media":"","overlay-type":"","overlay-color":"","overlay-opacity":"","overlay-gradient":""},"tablet":{"background-color":"var(--ast-global-color-5)","background-image":"","background-repeat":"repeat","background-position":"center center","background-size":"auto","background-attachment":"scroll","background-type":"","background-media":"","overlay-type":"","overlay-color":"","overlay-opacity":"","overlay-gradient":""},"mobile":{"background-color":"var(--ast-global-color-5)","background-image":"","background-repeat":"repeat","background-position":"center center","background-size":"auto","background-attachment":"scroll","background-type":"","background-media":"","overlay-type":"","overlay-color":"","overlay-opacity":"","overlay-gradient":""}},"footnotes":""},"class_list":["post-1436","page","type-page","status-publish","hentry"],"_links":{"self":[{"href":"https:\/\/ulifeneed.com\/fr\/wp-json\/wp\/v2\/pages\/1436","targetHints":{"allow":["GET"]}}],"collection":[{"href":"https:\/\/ulifeneed.com\/fr\/wp-json\/wp\/v2\/pages"}],"about":[{"href":"https:\/\/ulifeneed.com\/fr\/wp-json\/wp\/v2\/types\/page"}],"author":[{"embeddable":true,"href":"https:\/\/ulifeneed.com\/fr\/wp-json\/wp\/v2\/users\/1"}],"replies":[{"embeddable":true,"href":"https:\/\/ulifeneed.com\/fr\/wp-json\/wp\/v2\/comments?post=1436"}],"version-history":[{"count":4,"href":"https:\/\/ulifeneed.com\/fr\/wp-json\/wp\/v2\/pages\/1436\/revisions"}],"predecessor-version":[{"id":1440,"href":"https:\/\/ulifeneed.com\/fr\/wp-json\/wp\/v2\/pages\/1436\/revisions\/1440"}],"wp:attachment":[{"href":"https:\/\/ulifeneed.com\/fr\/wp-json\/wp\/v2\/media?parent=1436"}],"curies":[{"name":"wp","href":"https:\/\/api.w.org\/{rel}","templated":true}]}}