{"id":899,"date":"2025-11-07T03:43:17","date_gmt":"2025-11-07T03:43:17","guid":{"rendered":"https:\/\/ulifeneed.com\/?post_type=product&#038;p=899"},"modified":"2025-11-28T04:48:25","modified_gmt":"2025-11-28T04:48:25","slug":"raton-inalambrico-tipo-c-raton-inalambrico-usb-c-macbook","status":"publish","type":"product","link":"https:\/\/ulifeneed.com\/es\/product\/type-c-wireless-mouse-usb-c-macbook-wireless-mouse\/","title":{"rendered":"Rat\u00f3n Inal\u00e1mbrico Tipo C, Rat\u00f3n Inal\u00e1mbrico USB C MacBook Rat\u00f3n Inal\u00e1mbrico Modo Dual 2.4G con Nano USB y Receptor Tipo C Compatible con PC, Port\u00e1til, MacBook y Todos los Dispositivos Tipo C-Negro y Plata"},"content":{"rendered":"<div data-elementor-type=\"wp-post\" data-elementor-id=\"899\" class=\"elementor elementor-899\">\n\t\t\t\t<div class=\"elementor-element elementor-element-7ab7465 e-flex e-con-boxed e-con e-parent\" data-id=\"7ab7465\" data-element_type=\"container\" data-e-type=\"container\">\n\t\t\t\t\t<div class=\"e-con-inner\">\n\t\t\t\t<div class=\"elementor-element elementor-element-01349a5 elementor-widget elementor-widget-text-editor\" data-id=\"01349a5\" data-element_type=\"widget\" data-e-type=\"widget\" data-widget_type=\"text-editor.default\">\n\t\t\t\t<div class=\"elementor-widget-container\">\n\t\t\t\t\t\t\t\t\t<p>\u3010AMPLIA COMPATIBILIDAD\u3011 Bien compatible con Windows7\/8\/10\/XP, Vista, Mac OS X 10.10 o posterior. Se adapta a todos los dispositivos Type-C, tabletas, tel\u00e9fonos m\u00f3viles, Macbook, Macbook Pro, iMac, iMac Pro, Chromebook y m\u00e1s.<\/p><p>\u3010RECHARGEABLE &amp; QUIET CLICKING\u3011F\u00e1cilmente recargable a trav\u00e9s del cable micro usb incluido y bater\u00eda de litio recargable de 300mAh duradera incorporada. Suave superficie esmerilada y clics silenciosos pueden traer una mejor experiencia de usuario y liberar su preocupaci\u00f3n por molestar a los dem\u00e1s y mantenerte concentrado mientras trabajas<\/p><p>\u3010ADJUSTABLE DPI Y DISE\u00d1O ERGON\u00d3MICO\u30113 DPI lecvels (1000\/1600\/2400 DPI) le permite cambiar la sensibilidad del cursor f\u00e1cilmente y realizar un seguimiento m\u00e1s suave sobre una variedad de superficies. La forma contorneada se adapta perfectamente a sus manos, reduciendo la fatiga de la mano<\/p><p>\u3010F\u00c1CIL DE USAR Y CONVENIENTE\u3011PLUG and PLAY. El receptor nano tipo-C y usb est\u00e1 en el compartimento de la bater\u00eda del rat\u00f3n. S\u00e1quelo y con\u00e9ctelo al puerto del dispositivo por separado. No se necesitan controladores ni software adicionales. Puede cambiar entre los dispositivos conectados con un solo bot\u00f3n. Guarde el receptor en el compartimento de la pila cuando se desplace<\/p><p>\u3010SKIN-FRIENDLY &amp; WARRANTY\u3011Rat\u00f3n de clic silencioso con dise\u00f1o cl\u00e1sico ofrece a su mano el m\u00e1ximo apoyo y comodidad. Cada producto ulifeneed incluye 12 meses de garant\u00eda. Por favor, compre con confianza<\/p>\t\t\t\t\t\t\t\t<\/div>\n\t\t\t\t<\/div>\n\t\t\t\t\t<\/div>\n\t\t\t\t<\/div>\n\t\t<div class=\"elementor-element elementor-element-8c190bd e-flex e-con-boxed e-con e-parent\" data-id=\"8c190bd\" data-element_type=\"container\" data-e-type=\"container\">\n\t\t\t\t\t<div class=\"e-con-inner\">\n\t\t\t\t<div class=\"elementor-element elementor-element-631cdb7 elementor-widget elementor-widget-image-gallery\" data-id=\"631cdb7\" data-element_type=\"widget\" data-e-type=\"widget\" data-widget_type=\"image-gallery.default\">\n\t\t\t\t<div class=\"elementor-widget-container\">\n\t\t\t\t\t\t\t<div class=\"elementor-image-gallery\">\n\t\t\t<div id='gallery-1' class='gallery galleryid-899 gallery-columns-3 gallery-size-medium_large'><figure class='gallery-item'>\n\t\t\t<div class='gallery-icon landscape'>\n\t\t\t\t<img fetchpriority=\"high\" decoding=\"async\" width=\"768\" height=\"768\" src=\"https:\/\/ulifeneed.com\/wp-content\/uploads\/2025\/11\/Black-and-Silver-02-768x768.jpg\" class=\"attachment-medium_large size-medium_large\" alt=\"\" aria-describedby=\"gallery-1-907\" srcset=\"https:\/\/ulifeneed.com\/wp-content\/uploads\/2025\/11\/Black-and-Silver-02-768x768.jpg 768w, https:\/\/ulifeneed.com\/wp-content\/uploads\/2025\/11\/Black-and-Silver-02-300x300.jpg 300w, https:\/\/ulifeneed.com\/wp-content\/uploads\/2025\/11\/Black-and-Silver-02-1024x1024.jpg 1024w, https:\/\/ulifeneed.com\/wp-content\/uploads\/2025\/11\/Black-and-Silver-02-150x150.jpg 150w, https:\/\/ulifeneed.com\/wp-content\/uploads\/2025\/11\/Black-and-Silver-02-600x600.jpg 600w, https:\/\/ulifeneed.com\/wp-content\/uploads\/2025\/11\/Black-and-Silver-02-100x100.jpg 100w, https:\/\/ulifeneed.com\/wp-content\/uploads\/2025\/11\/Black-and-Silver-02.jpg 1500w\" sizes=\"(max-width: 768px) 100vw, 768px\" \/>\n\t\t\t<\/div>\n\t\t\t\t<figcaption class='wp-caption-text gallery-caption' id='gallery-1-907'>\n\t\t\t\tVersi\u00f3n 1.0.0\n\t\t\t\t<\/figcaption><\/figure><figure class='gallery-item'>\n\t\t\t<div class='gallery-icon landscape'>\n\t\t\t\t<img decoding=\"async\" width=\"768\" height=\"768\" src=\"https:\/\/ulifeneed.com\/wp-content\/uploads\/2025\/11\/Black-and-Silver-03-768x768.jpg\" class=\"attachment-medium_large size-medium_large\" alt=\"\" aria-describedby=\"gallery-1-906\" srcset=\"https:\/\/ulifeneed.com\/wp-content\/uploads\/2025\/11\/Black-and-Silver-03-768x768.jpg 768w, https:\/\/ulifeneed.com\/wp-content\/uploads\/2025\/11\/Black-and-Silver-03-300x300.jpg 300w, https:\/\/ulifeneed.com\/wp-content\/uploads\/2025\/11\/Black-and-Silver-03-1024x1024.jpg 1024w, https:\/\/ulifeneed.com\/wp-content\/uploads\/2025\/11\/Black-and-Silver-03-150x150.jpg 150w, https:\/\/ulifeneed.com\/wp-content\/uploads\/2025\/11\/Black-and-Silver-03-600x600.jpg 600w, https:\/\/ulifeneed.com\/wp-content\/uploads\/2025\/11\/Black-and-Silver-03-100x100.jpg 100w, https:\/\/ulifeneed.com\/wp-content\/uploads\/2025\/11\/Black-and-Silver-03.jpg 1500w\" sizes=\"(max-width: 768px) 100vw, 768px\" \/>\n\t\t\t<\/div>\n\t\t\t\t<figcaption class='wp-caption-text gallery-caption' id='gallery-1-906'>\n\t\t\t\tVersi\u00f3n 1.0.0\n\t\t\t\t<\/figcaption><\/figure><figure class='gallery-item'>\n\t\t\t<div class='gallery-icon landscape'>\n\t\t\t\t<img decoding=\"async\" width=\"768\" height=\"768\" src=\"https:\/\/ulifeneed.com\/wp-content\/uploads\/2025\/11\/Black-and-Silver-04-768x768.jpg\" class=\"attachment-medium_large size-medium_large\" alt=\"\" aria-describedby=\"gallery-1-905\" srcset=\"https:\/\/ulifeneed.com\/wp-content\/uploads\/2025\/11\/Black-and-Silver-04-768x768.jpg 768w, https:\/\/ulifeneed.com\/wp-content\/uploads\/2025\/11\/Black-and-Silver-04-300x300.jpg 300w, https:\/\/ulifeneed.com\/wp-content\/uploads\/2025\/11\/Black-and-Silver-04-1024x1024.jpg 1024w, https:\/\/ulifeneed.com\/wp-content\/uploads\/2025\/11\/Black-and-Silver-04-150x150.jpg 150w, https:\/\/ulifeneed.com\/wp-content\/uploads\/2025\/11\/Black-and-Silver-04-600x600.jpg 600w, https:\/\/ulifeneed.com\/wp-content\/uploads\/2025\/11\/Black-and-Silver-04-100x100.jpg 100w, https:\/\/ulifeneed.com\/wp-content\/uploads\/2025\/11\/Black-and-Silver-04.jpg 1500w\" sizes=\"(max-width: 768px) 100vw, 768px\" \/>\n\t\t\t<\/div>\n\t\t\t\t<figcaption class='wp-caption-text gallery-caption' id='gallery-1-905'>\n\t\t\t\tVersi\u00f3n 1.0.0\n\t\t\t\t<\/figcaption><\/figure>\n\t\t<\/div>\n\t\t<\/div>\n\t\t\t\t\t\t<\/div>\n\t\t\t\t<\/div>\n\t\t\t\t\t<\/div>\n\t\t\t\t<\/div>\n\t\t<div class=\"elementor-element elementor-element-a3baa69 e-flex e-con-boxed e-con e-parent\" data-id=\"a3baa69\" data-element_type=\"container\" data-e-type=\"container\">\n\t\t\t\t\t<div class=\"e-con-inner\">\n\t\t\t\t<div class=\"elementor-element elementor-element-b56ecaa elementor-widget elementor-widget-text-editor\" data-id=\"b56ecaa\" data-element_type=\"widget\" data-e-type=\"widget\" data-widget_type=\"text-editor.default\">\n\t\t\t\t<div class=\"elementor-widget-container\">\n\t\t\t\t\t\t\t\t\t<h2>Conexi\u00f3n inal\u00e1mbrica 2.4G USB y Tipo C<\/h2><p>El receptor 2-1 puede satisfacer el equipo de cualquier interfaz, ulifeneed rat\u00f3n inal\u00e1mbrico se puede conectar a su ordenador f\u00e1cilmente, plug and play, sin necesidad de controladores adicionales. Transmisi\u00f3n r\u00e1pida y estable.<\/p><h3>Estilo business, dise\u00f1o estilizado<\/h3><p>Dise\u00f1o ergon\u00f3mico delgado y superficie lisa y esmerilada para una experiencia de uso incre\u00edble. Y el dise\u00f1o sim\u00e9trico permite que se adapte a ambas manos.<\/p><h3>Plug and Play<\/h3><p>Un nano transceptor se conecta al puerto USB del ordenador para obtener una conexi\u00f3n inal\u00e1mbrica fiable. No necesita controlador. Muy f\u00e1cil de usar.<\/p>\t\t\t\t\t\t\t\t<\/div>\n\t\t\t\t<\/div>\n\t\t\t\t\t<\/div>\n\t\t\t\t<\/div>\n\t\t<div class=\"elementor-element elementor-element-86893d4 e-flex e-con-boxed e-con e-parent\" data-id=\"86893d4\" data-element_type=\"container\" data-e-type=\"container\">\n\t\t\t\t\t<div class=\"e-con-inner\">\n\t\t\t\t<div class=\"elementor-element elementor-element-8714e9f elementor-widget elementor-widget-image-gallery\" data-id=\"8714e9f\" data-element_type=\"widget\" data-e-type=\"widget\" data-widget_type=\"image-gallery.default\">\n\t\t\t\t<div class=\"elementor-widget-container\">\n\t\t\t\t\t\t\t<div class=\"elementor-image-gallery\">\n\t\t\t<div id='gallery-2' class='gallery galleryid-899 gallery-columns-1 gallery-size-full'><figure class='gallery-item'>\n\t\t\t<div class='gallery-icon landscape'>\n\t\t\t\t<img loading=\"lazy\" decoding=\"async\" width=\"970\" height=\"600\" src=\"https:\/\/ulifeneed.com\/wp-content\/uploads\/2025\/11\/af8f622d-dc0e-48d2-a9d6-f8a3bfa9c981.jpg\" class=\"attachment-full size-full\" alt=\"\" srcset=\"https:\/\/ulifeneed.com\/wp-content\/uploads\/2025\/11\/af8f622d-dc0e-48d2-a9d6-f8a3bfa9c981.jpg 970w, https:\/\/ulifeneed.com\/wp-content\/uploads\/2025\/11\/af8f622d-dc0e-48d2-a9d6-f8a3bfa9c981-300x186.jpg 300w, https:\/\/ulifeneed.com\/wp-content\/uploads\/2025\/11\/af8f622d-dc0e-48d2-a9d6-f8a3bfa9c981-768x475.jpg 768w, https:\/\/ulifeneed.com\/wp-content\/uploads\/2025\/11\/af8f622d-dc0e-48d2-a9d6-f8a3bfa9c981-600x371.jpg 600w\" sizes=\"(max-width: 970px) 100vw, 970px\" \/>\n\t\t\t<\/div><\/figure><figure class='gallery-item'>\n\t\t\t<div class='gallery-icon landscape'>\n\t\t\t\t<img loading=\"lazy\" decoding=\"async\" width=\"970\" height=\"300\" src=\"https:\/\/ulifeneed.com\/wp-content\/uploads\/2025\/11\/697516e7-256d-4fec-a59f-b4f3d8d68756.jpg\" class=\"attachment-full size-full\" alt=\"\" srcset=\"https:\/\/ulifeneed.com\/wp-content\/uploads\/2025\/11\/697516e7-256d-4fec-a59f-b4f3d8d68756.jpg 970w, https:\/\/ulifeneed.com\/wp-content\/uploads\/2025\/11\/697516e7-256d-4fec-a59f-b4f3d8d68756-300x93.jpg 300w, https:\/\/ulifeneed.com\/wp-content\/uploads\/2025\/11\/697516e7-256d-4fec-a59f-b4f3d8d68756-768x238.jpg 768w, https:\/\/ulifeneed.com\/wp-content\/uploads\/2025\/11\/697516e7-256d-4fec-a59f-b4f3d8d68756-600x186.jpg 600w\" sizes=\"(max-width: 970px) 100vw, 970px\" \/>\n\t\t\t<\/div><\/figure><figure class='gallery-item'>\n\t\t\t<div class='gallery-icon landscape'>\n\t\t\t\t<img loading=\"lazy\" decoding=\"async\" width=\"970\" height=\"300\" src=\"https:\/\/ulifeneed.com\/wp-content\/uploads\/2025\/11\/6c9b00e1-358a-470b-9dbb-b031f1ae62a8.jpg\" class=\"attachment-full size-full\" alt=\"\" srcset=\"https:\/\/ulifeneed.com\/wp-content\/uploads\/2025\/11\/6c9b00e1-358a-470b-9dbb-b031f1ae62a8.jpg 970w, https:\/\/ulifeneed.com\/wp-content\/uploads\/2025\/11\/6c9b00e1-358a-470b-9dbb-b031f1ae62a8-300x93.jpg 300w, https:\/\/ulifeneed.com\/wp-content\/uploads\/2025\/11\/6c9b00e1-358a-470b-9dbb-b031f1ae62a8-768x238.jpg 768w, https:\/\/ulifeneed.com\/wp-content\/uploads\/2025\/11\/6c9b00e1-358a-470b-9dbb-b031f1ae62a8-600x186.jpg 600w\" sizes=\"(max-width: 970px) 100vw, 970px\" \/>\n\t\t\t<\/div><\/figure>\n\t\t<\/div>\n\t\t<\/div>\n\t\t\t\t\t\t<\/div>\n\t\t\t\t<\/div>\n\t\t\t\t\t<\/div>\n\t\t\t\t<\/div>\n\t\t<div class=\"elementor-element elementor-element-48b475b e-flex e-con-boxed e-con e-parent\" data-id=\"48b475b\" data-element_type=\"container\" data-e-type=\"container\">\n\t\t\t\t\t<div class=\"e-con-inner\">\n\t\t\t\t<div class=\"elementor-element elementor-element-0f74b56 elementor-widget elementor-widget-text-editor\" data-id=\"0f74b56\" data-element_type=\"widget\" data-e-type=\"widget\" data-widget_type=\"text-editor.default\">\n\t\t\t\t<div class=\"elementor-widget-container\">\n\t\t\t\t\t\t\t\t\t<p>Fabricamos y suministramos perif\u00e9ricos inform\u00e1ticos para empresas de todo el mundo desde 2015.<\/p><p>Podemos prometer con gran confianza que el problema de la tensi\u00f3n muscular se resolver\u00e1 si usted pide estos rat\u00f3n trackball o teclado dividido.Tambi\u00e9n vamos a proporcionar mejores pre-venta y post-venta services.It es nuestro placer si usted nos da m\u00e1s suggestions.We est\u00e1n dispuestos a resolver cualquier problema para usted.<\/p>\t\t\t\t\t\t\t\t<\/div>\n\t\t\t\t<\/div>\n\t\t\t\t\t<\/div>\n\t\t\t\t<\/div>\n\t\t\t\t<\/div>","protected":false},"excerpt":{"rendered":"<h2>Rat\u00f3n Inal\u00e1mbrico Tipo C, Rat\u00f3n Inal\u00e1mbrico USB C MacBook Rat\u00f3n Inal\u00e1mbrico Modo Dual 2.4G con Nano USB y Receptor Tipo C Compatible con PC, Port\u00e1til, MacBook y Todos los Dispositivos Tipo C-Negro y Plata<\/h2>\n<p><strong>Color<\/strong>: Negro y plata<br \/>\n<strong>Tecnolog\u00eda de conectividad<\/strong>: 2.4G Inal\u00e1mbrico<br \/>\n<strong>Reportaje especial<\/strong>: Ligero, port\u00e1til, recargable, insonoro, inal\u00e1mbrico<br \/>\n<strong>Tecnolog\u00eda de detecci\u00f3n de movimientos<\/strong>: \u00d3ptico<\/p>","protected":false},"featured_media":900,"comment_status":"open","ping_status":"closed","template":"","meta":{"site-sidebar-layout":"no-sidebar","site-content-layout":"page-builder","ast-site-content-layout":"normal-width-container","site-content-style":"default","site-sidebar-style":"default","ast-global-header-display":"","ast-banner-title-visibility":"","ast-main-header-display":"","ast-hfb-above-header-display":"","ast-hfb-below-header-display":"","ast-hfb-mobile-header-display":"","site-post-title":"","ast-breadcrumbs-content":"","ast-featured-img":"disabled","footer-sml-layout":"","theme-transparent-header-meta":"default","adv-header-id-meta":"","stick-header-meta":"","header-above-stick-meta":"","header-main-stick-meta":"","header-below-stick-meta":"","astra-migrate-meta-layouts":"set","ast-page-background-enabled":"default","ast-page-background-meta":{"desktop":{"background-color":"","background-image":"","background-repeat":"repeat","background-position":"center center","background-size":"auto","background-attachment":"scroll","background-type":"","background-media":"","overlay-type":"","overlay-color":"","overlay-opacity":"","overlay-gradient":""},"tablet":{"background-color":"","background-image":"","background-repeat":"repeat","background-position":"center center","background-size":"auto","background-attachment":"scroll","background-type":"","background-media":"","overlay-type":"","overlay-color":"","overlay-opacity":"","overlay-gradient":""},"mobile":{"background-color":"","background-image":"","background-repeat":"repeat","background-position":"center center","background-size":"auto","background-attachment":"scroll","background-type":"","background-media":"","overlay-type":"","overlay-color":"","overlay-opacity":"","overlay-gradient":""}},"ast-content-background-meta":{"desktop":{"background-color":"var(--ast-global-color-5)","background-image":"","background-repeat":"repeat","background-position":"center center","background-size":"auto","background-attachment":"scroll","background-type":"","background-media":"","overlay-type":"","overlay-color":"","overlay-opacity":"","overlay-gradient":""},"tablet":{"background-color":"var(--ast-global-color-5)","background-image":"","background-repeat":"repeat","background-position":"center center","background-size":"auto","background-attachment":"scroll","background-type":"","background-media":"","overlay-type":"","overlay-color":"","overlay-opacity":"","overlay-gradient":""},"mobile":{"background-color":"var(--ast-global-color-5)","background-image":"","background-repeat":"repeat","background-position":"center center","background-size":"auto","background-attachment":"scroll","background-type":"","background-media":"","overlay-type":"","overlay-color":"","overlay-opacity":"","overlay-gradient":""}}},"product_brand":[],"product_cat":[15,30],"product_tag":[],"class_list":{"0":"post-899","1":"product","2":"type-product","3":"status-publish","4":"has-post-thumbnail","6":"product_cat-3c-electronic-products","7":"product_cat-computer-mice","8":"desktop-align-left","9":"tablet-align-left","10":"mobile-align-left","12":"first","13":"instock","14":"sale","15":"shipping-taxable","16":"purchasable","17":"product-type-simple"},"_links":{"self":[{"href":"https:\/\/ulifeneed.com\/es\/wp-json\/wp\/v2\/product\/899","targetHints":{"allow":["GET"]}}],"collection":[{"href":"https:\/\/ulifeneed.com\/es\/wp-json\/wp\/v2\/product"}],"about":[{"href":"https:\/\/ulifeneed.com\/es\/wp-json\/wp\/v2\/types\/product"}],"replies":[{"embeddable":true,"href":"https:\/\/ulifeneed.com\/es\/wp-json\/wp\/v2\/comments?post=899"}],"version-history":[{"count":6,"href":"https:\/\/ulifeneed.com\/es\/wp-json\/wp\/v2\/product\/899\/revisions"}],"predecessor-version":[{"id":1494,"href":"https:\/\/ulifeneed.com\/es\/wp-json\/wp\/v2\/product\/899\/revisions\/1494"}],"wp:featuredmedia":[{"embeddable":true,"href":"https:\/\/ulifeneed.com\/es\/wp-json\/wp\/v2\/media\/900"}],"wp:attachment":[{"href":"https:\/\/ulifeneed.com\/es\/wp-json\/wp\/v2\/media?parent=899"}],"wp:term":[{"taxonomy":"product_brand","embeddable":true,"href":"https:\/\/ulifeneed.com\/es\/wp-json\/wp\/v2\/product_brand?post=899"},{"taxonomy":"product_cat","embeddable":true,"href":"https:\/\/ulifeneed.com\/es\/wp-json\/wp\/v2\/product_cat?post=899"},{"taxonomy":"product_tag","embeddable":true,"href":"https:\/\/ulifeneed.com\/es\/wp-json\/wp\/v2\/product_tag?post=899"}],"curies":[{"name":"wp","href":"https:\/\/api.w.org\/{rel}","templated":true}]}}