{"id":847,"date":"2025-11-07T03:15:22","date_gmt":"2025-11-07T03:15:22","guid":{"rendered":"https:\/\/ulifeneed.com\/?post_type=product&#038;p=847"},"modified":"2025-11-28T04:47:57","modified_gmt":"2025-11-28T04:47:57","slug":"raton-inalambricopila-recargable-2-4ghz-mejorada","status":"publish","type":"product","link":"https:\/\/ulifeneed.com\/es\/product\/wireless-mouseupgraded-2-4ghz-rechargeable-battery\/","title":{"rendered":"Rat\u00f3n Inal\u00e1mbrico,Actualizado 2.4GHz Recargable (Nivel de Bater\u00eda Visible) Rat\u00f3n Ergon\u00f3mico para Ordenador,4 Niveles DPI, Ratones Inal\u00e1mbricos para Ordenador Port\u00e1til(Negro Mate)"},"content":{"rendered":"<div data-elementor-type=\"wp-post\" data-elementor-id=\"847\" class=\"elementor elementor-847\">\n\t\t\t\t<div class=\"elementor-element elementor-element-5085e73 e-flex e-con-boxed e-con e-parent\" data-id=\"5085e73\" data-element_type=\"container\" data-e-type=\"container\">\n\t\t\t\t\t<div class=\"e-con-inner\">\n\t\t\t\t<div class=\"elementor-element elementor-element-a3ebaae elementor-widget elementor-widget-text-editor\" data-id=\"a3ebaae\" data-element_type=\"widget\" data-e-type=\"widget\" data-widget_type=\"text-editor.default\">\n\t\t\t\t<div class=\"elementor-widget-container\">\n\t\t\t\t\t\t\t\t\t<p><strong>1. Plug and Play, conectividad inal\u00e1mbrica<\/strong>: Nuestro rat\u00f3n inal\u00e1mbrico de 2,4 GHz ofrece un rendimiento fluido y eficaz, garantizando una conexi\u00f3n estable con m\u00ednimas interferencias. Basta con conectar el receptor USB al puerto USB de su dispositivo, sin necesidad de controladores<\/p><p><strong>2. Dise\u00f1o ergon\u00f3mico<\/strong>\uff1aEste rat\u00f3n inal\u00e1mbrico ergon\u00f3mico para port\u00e1til presenta un dise\u00f1o ergon\u00f3mico que se adapta perfectamente a la forma de tu mano,Proporciona un agarre c\u00f3modo, garantizando que sigas siendo eficiente tanto si trabajas como si disfrutas del entretenimiento.<\/p><p><strong>3.Visualizaci\u00f3n de la bater\u00eda<\/strong>: Con este rat\u00f3n inal\u00e1mbrico recargable, no tendr\u00e1 que preocuparse de cambiar las pilas. Equipado con una bater\u00eda de larga duraci\u00f3n. f\u00e1cil de recargar, una buena opci\u00f3n para el uso diario.<\/p><p><strong>4.DPI ajustables<\/strong>: Este rat\u00f3n de ordenador inal\u00e1mbrico ofrece cuatro niveles de DPI ajustables (800-1200-1600-2400), lo que le permite ajustar la sensibilidad del cursor como desee, garantizando una precisi\u00f3n y un control \u00f3ptimos del rat\u00f3n para una mejor experiencia de usuario<\/p><p><strong>5.Amplia compatibilidad, servicio postventa sin preocupaciones<\/strong>:Este rat\u00f3n para port\u00e1tiles es ampliamente compatible con varios sistemas operativos como Windows, Mac y Linux. El rat\u00f3n viene con una pol\u00edtica de reembolso de cuarenta y cinco d\u00edas y un a\u00f1o de servicio de reemplazo gratuito<\/p>\t\t\t\t\t\t\t\t<\/div>\n\t\t\t\t<\/div>\n\t\t\t\t\t<\/div>\n\t\t\t\t<\/div>\n\t\t<div class=\"elementor-element elementor-element-48ff8a4 e-flex e-con-boxed e-con e-parent\" data-id=\"48ff8a4\" data-element_type=\"container\" data-e-type=\"container\">\n\t\t\t\t\t<div class=\"e-con-inner\">\n\t\t\t\t<div class=\"elementor-element elementor-element-efe4466 elementor-widget elementor-widget-image-gallery\" data-id=\"efe4466\" data-element_type=\"widget\" data-e-type=\"widget\" data-widget_type=\"image-gallery.default\">\n\t\t\t\t<div class=\"elementor-widget-container\">\n\t\t\t\t\t\t\t<div class=\"elementor-image-gallery\">\n\t\t\t<div id='gallery-1' class='gallery galleryid-847 gallery-columns-3 gallery-size-medium_large'><figure class='gallery-item'>\n\t\t\t<div class='gallery-icon landscape'>\n\t\t\t\t<img fetchpriority=\"high\" decoding=\"async\" width=\"768\" height=\"768\" src=\"https:\/\/ulifeneed.com\/wp-content\/uploads\/2025\/11\/Gray-02-768x768.jpg\" class=\"attachment-medium_large size-medium_large\" alt=\"\" aria-describedby=\"gallery-1-849\" srcset=\"https:\/\/ulifeneed.com\/wp-content\/uploads\/2025\/11\/Gray-02-768x768.jpg 768w, https:\/\/ulifeneed.com\/wp-content\/uploads\/2025\/11\/Gray-02-300x300.jpg 300w, https:\/\/ulifeneed.com\/wp-content\/uploads\/2025\/11\/Gray-02-150x150.jpg 150w, https:\/\/ulifeneed.com\/wp-content\/uploads\/2025\/11\/Gray-02-600x600.jpg 600w, https:\/\/ulifeneed.com\/wp-content\/uploads\/2025\/11\/Gray-02-100x100.jpg 100w, https:\/\/ulifeneed.com\/wp-content\/uploads\/2025\/11\/Gray-02.jpg 1000w\" sizes=\"(max-width: 768px) 100vw, 768px\" \/>\n\t\t\t<\/div>\n\t\t\t\t<figcaption class='wp-caption-text gallery-caption' id='gallery-1-849'>\n\t\t\t\tVersi\u00f3n 1.0.0\n\t\t\t\t<\/figcaption><\/figure><figure class='gallery-item'>\n\t\t\t<div class='gallery-icon landscape'>\n\t\t\t\t<img decoding=\"async\" width=\"768\" height=\"768\" src=\"https:\/\/ulifeneed.com\/wp-content\/uploads\/2025\/11\/Gray-03-768x768.jpg\" class=\"attachment-medium_large size-medium_large\" alt=\"\" aria-describedby=\"gallery-1-850\" srcset=\"https:\/\/ulifeneed.com\/wp-content\/uploads\/2025\/11\/Gray-03-768x768.jpg 768w, https:\/\/ulifeneed.com\/wp-content\/uploads\/2025\/11\/Gray-03-300x300.jpg 300w, https:\/\/ulifeneed.com\/wp-content\/uploads\/2025\/11\/Gray-03-150x150.jpg 150w, https:\/\/ulifeneed.com\/wp-content\/uploads\/2025\/11\/Gray-03-600x600.jpg 600w, https:\/\/ulifeneed.com\/wp-content\/uploads\/2025\/11\/Gray-03-100x100.jpg 100w, https:\/\/ulifeneed.com\/wp-content\/uploads\/2025\/11\/Gray-03.jpg 1000w\" sizes=\"(max-width: 768px) 100vw, 768px\" \/>\n\t\t\t<\/div>\n\t\t\t\t<figcaption class='wp-caption-text gallery-caption' id='gallery-1-850'>\n\t\t\t\tVersi\u00f3n 1.0.0\n\t\t\t\t<\/figcaption><\/figure><figure class='gallery-item'>\n\t\t\t<div class='gallery-icon landscape'>\n\t\t\t\t<img decoding=\"async\" width=\"768\" height=\"768\" src=\"https:\/\/ulifeneed.com\/wp-content\/uploads\/2025\/11\/Gray-04-768x768.jpg\" class=\"attachment-medium_large size-medium_large\" alt=\"\" aria-describedby=\"gallery-1-851\" srcset=\"https:\/\/ulifeneed.com\/wp-content\/uploads\/2025\/11\/Gray-04-768x768.jpg 768w, https:\/\/ulifeneed.com\/wp-content\/uploads\/2025\/11\/Gray-04-300x300.jpg 300w, https:\/\/ulifeneed.com\/wp-content\/uploads\/2025\/11\/Gray-04-150x150.jpg 150w, https:\/\/ulifeneed.com\/wp-content\/uploads\/2025\/11\/Gray-04-600x600.jpg 600w, https:\/\/ulifeneed.com\/wp-content\/uploads\/2025\/11\/Gray-04-100x100.jpg 100w, https:\/\/ulifeneed.com\/wp-content\/uploads\/2025\/11\/Gray-04.jpg 1000w\" sizes=\"(max-width: 768px) 100vw, 768px\" \/>\n\t\t\t<\/div>\n\t\t\t\t<figcaption class='wp-caption-text gallery-caption' id='gallery-1-851'>\n\t\t\t\tVersi\u00f3n 1.0.0\n\t\t\t\t<\/figcaption><\/figure>\n\t\t<\/div>\n\t\t<\/div>\n\t\t\t\t\t\t<\/div>\n\t\t\t\t<\/div>\n\t\t\t\t\t<\/div>\n\t\t\t\t<\/div>\n\t\t<div class=\"elementor-element elementor-element-b2e197d e-flex e-con-boxed e-con e-parent\" data-id=\"b2e197d\" data-element_type=\"container\" data-e-type=\"container\">\n\t\t\t\t\t<div class=\"e-con-inner\">\n\t\t\t\t<div class=\"elementor-element elementor-element-1804eaa elementor-widget elementor-widget-image-gallery\" data-id=\"1804eaa\" data-element_type=\"widget\" data-e-type=\"widget\" data-widget_type=\"image-gallery.default\">\n\t\t\t\t<div class=\"elementor-widget-container\">\n\t\t\t\t\t\t\t<div class=\"elementor-image-gallery\">\n\t\t\t<div id='gallery-2' class='gallery galleryid-847 gallery-columns-1 gallery-size-full'><figure class='gallery-item'>\n\t\t\t<div class='gallery-icon landscape'>\n\t\t\t\t<img loading=\"lazy\" decoding=\"async\" width=\"1200\" height=\"491\" src=\"https:\/\/ulifeneed.com\/wp-content\/uploads\/2025\/11\/001-1.jpg\" class=\"attachment-full size-full\" alt=\"\" srcset=\"https:\/\/ulifeneed.com\/wp-content\/uploads\/2025\/11\/001-1.jpg 1200w, https:\/\/ulifeneed.com\/wp-content\/uploads\/2025\/11\/001-1-300x123.jpg 300w, https:\/\/ulifeneed.com\/wp-content\/uploads\/2025\/11\/001-1-1024x419.jpg 1024w, https:\/\/ulifeneed.com\/wp-content\/uploads\/2025\/11\/001-1-768x314.jpg 768w, https:\/\/ulifeneed.com\/wp-content\/uploads\/2025\/11\/001-1-600x246.jpg 600w\" sizes=\"(max-width: 1200px) 100vw, 1200px\" \/>\n\t\t\t<\/div><\/figure><figure class='gallery-item'>\n\t\t\t<div class='gallery-icon landscape'>\n\t\t\t\t<img loading=\"lazy\" decoding=\"async\" width=\"1200\" height=\"491\" src=\"https:\/\/ulifeneed.com\/wp-content\/uploads\/2025\/11\/001-2.jpg\" class=\"attachment-full size-full\" alt=\"\" srcset=\"https:\/\/ulifeneed.com\/wp-content\/uploads\/2025\/11\/001-2.jpg 1200w, https:\/\/ulifeneed.com\/wp-content\/uploads\/2025\/11\/001-2-300x123.jpg 300w, https:\/\/ulifeneed.com\/wp-content\/uploads\/2025\/11\/001-2-1024x419.jpg 1024w, https:\/\/ulifeneed.com\/wp-content\/uploads\/2025\/11\/001-2-768x314.jpg 768w, https:\/\/ulifeneed.com\/wp-content\/uploads\/2025\/11\/001-2-600x246.jpg 600w\" sizes=\"(max-width: 1200px) 100vw, 1200px\" \/>\n\t\t\t<\/div><\/figure><figure class='gallery-item'>\n\t\t\t<div class='gallery-icon landscape'>\n\t\t\t\t<img loading=\"lazy\" decoding=\"async\" width=\"1200\" height=\"491\" src=\"https:\/\/ulifeneed.com\/wp-content\/uploads\/2025\/11\/001-3.jpg\" class=\"attachment-full size-full\" alt=\"\" srcset=\"https:\/\/ulifeneed.com\/wp-content\/uploads\/2025\/11\/001-3.jpg 1200w, https:\/\/ulifeneed.com\/wp-content\/uploads\/2025\/11\/001-3-300x123.jpg 300w, https:\/\/ulifeneed.com\/wp-content\/uploads\/2025\/11\/001-3-1024x419.jpg 1024w, https:\/\/ulifeneed.com\/wp-content\/uploads\/2025\/11\/001-3-768x314.jpg 768w, https:\/\/ulifeneed.com\/wp-content\/uploads\/2025\/11\/001-3-600x246.jpg 600w\" sizes=\"(max-width: 1200px) 100vw, 1200px\" \/>\n\t\t\t<\/div><\/figure><figure class='gallery-item'>\n\t\t\t<div class='gallery-icon landscape'>\n\t\t\t\t<img loading=\"lazy\" decoding=\"async\" width=\"1200\" height=\"491\" src=\"https:\/\/ulifeneed.com\/wp-content\/uploads\/2025\/11\/001-4.jpg\" class=\"attachment-full size-full\" alt=\"\" srcset=\"https:\/\/ulifeneed.com\/wp-content\/uploads\/2025\/11\/001-4.jpg 1200w, https:\/\/ulifeneed.com\/wp-content\/uploads\/2025\/11\/001-4-300x123.jpg 300w, https:\/\/ulifeneed.com\/wp-content\/uploads\/2025\/11\/001-4-1024x419.jpg 1024w, https:\/\/ulifeneed.com\/wp-content\/uploads\/2025\/11\/001-4-768x314.jpg 768w, https:\/\/ulifeneed.com\/wp-content\/uploads\/2025\/11\/001-4-600x246.jpg 600w\" sizes=\"(max-width: 1200px) 100vw, 1200px\" \/>\n\t\t\t<\/div><\/figure>\n\t\t<\/div>\n\t\t<\/div>\n\t\t\t\t\t\t<\/div>\n\t\t\t\t<\/div>\n\t\t\t\t\t<\/div>\n\t\t\t\t<\/div>\n\t\t\t\t<\/div>","protected":false},"excerpt":{"rendered":"<h2>Rat\u00f3n Inal\u00e1mbrico,Actualizado 2.4GHz Recargable (Nivel de Bater\u00eda Visible) Rat\u00f3n Ergon\u00f3mico para Ordenador,4 Niveles DPI, Ratones Inal\u00e1mbricos para Ordenador Port\u00e1til(Negro Mate)<\/h2>\n<p><strong>Color<\/strong>: Negro mate<br \/>\n<strong>Tecnolog\u00eda de conectividad<\/strong>: USB<br \/>\n<strong>Reportaje especial<\/strong>: Nivel de bater\u00eda visible, Dise\u00f1o ergon\u00f3mico, Recargable, Inal\u00e1mbrico<br \/>\n<strong>Tecnolog\u00eda de detecci\u00f3n de movimientos<\/strong>: \u00d3ptico<\/p>","protected":false},"featured_media":848,"comment_status":"open","ping_status":"closed","template":"","meta":{"site-sidebar-layout":"no-sidebar","site-content-layout":"page-builder","ast-site-content-layout":"normal-width-container","site-content-style":"default","site-sidebar-style":"default","ast-global-header-display":"","ast-banner-title-visibility":"","ast-main-header-display":"","ast-hfb-above-header-display":"","ast-hfb-below-header-display":"","ast-hfb-mobile-header-display":"","site-post-title":"","ast-breadcrumbs-content":"","ast-featured-img":"disabled","footer-sml-layout":"","theme-transparent-header-meta":"default","adv-header-id-meta":"","stick-header-meta":"","header-above-stick-meta":"","header-main-stick-meta":"","header-below-stick-meta":"","astra-migrate-meta-layouts":"set","ast-page-background-enabled":"default","ast-page-background-meta":{"desktop":{"background-color":"","background-image":"","background-repeat":"repeat","background-position":"center center","background-size":"auto","background-attachment":"scroll","background-type":"","background-media":"","overlay-type":"","overlay-color":"","overlay-opacity":"","overlay-gradient":""},"tablet":{"background-color":"","background-image":"","background-repeat":"repeat","background-position":"center center","background-size":"auto","background-attachment":"scroll","background-type":"","background-media":"","overlay-type":"","overlay-color":"","overlay-opacity":"","overlay-gradient":""},"mobile":{"background-color":"","background-image":"","background-repeat":"repeat","background-position":"center center","background-size":"auto","background-attachment":"scroll","background-type":"","background-media":"","overlay-type":"","overlay-color":"","overlay-opacity":"","overlay-gradient":""}},"ast-content-background-meta":{"desktop":{"background-color":"var(--ast-global-color-5)","background-image":"","background-repeat":"repeat","background-position":"center center","background-size":"auto","background-attachment":"scroll","background-type":"","background-media":"","overlay-type":"","overlay-color":"","overlay-opacity":"","overlay-gradient":""},"tablet":{"background-color":"var(--ast-global-color-5)","background-image":"","background-repeat":"repeat","background-position":"center center","background-size":"auto","background-attachment":"scroll","background-type":"","background-media":"","overlay-type":"","overlay-color":"","overlay-opacity":"","overlay-gradient":""},"mobile":{"background-color":"var(--ast-global-color-5)","background-image":"","background-repeat":"repeat","background-position":"center center","background-size":"auto","background-attachment":"scroll","background-type":"","background-media":"","overlay-type":"","overlay-color":"","overlay-opacity":"","overlay-gradient":""}}},"product_brand":[],"product_cat":[15,30],"product_tag":[],"class_list":{"0":"post-847","1":"product","2":"type-product","3":"status-publish","4":"has-post-thumbnail","6":"product_cat-3c-electronic-products","7":"product_cat-computer-mice","8":"desktop-align-left","9":"tablet-align-left","10":"mobile-align-left","12":"first","13":"instock","14":"sale","15":"shipping-taxable","16":"purchasable","17":"product-type-simple"},"_links":{"self":[{"href":"https:\/\/ulifeneed.com\/es\/wp-json\/wp\/v2\/product\/847","targetHints":{"allow":["GET"]}}],"collection":[{"href":"https:\/\/ulifeneed.com\/es\/wp-json\/wp\/v2\/product"}],"about":[{"href":"https:\/\/ulifeneed.com\/es\/wp-json\/wp\/v2\/types\/product"}],"replies":[{"embeddable":true,"href":"https:\/\/ulifeneed.com\/es\/wp-json\/wp\/v2\/comments?post=847"}],"version-history":[{"count":6,"href":"https:\/\/ulifeneed.com\/es\/wp-json\/wp\/v2\/product\/847\/revisions"}],"predecessor-version":[{"id":1491,"href":"https:\/\/ulifeneed.com\/es\/wp-json\/wp\/v2\/product\/847\/revisions\/1491"}],"wp:featuredmedia":[{"embeddable":true,"href":"https:\/\/ulifeneed.com\/es\/wp-json\/wp\/v2\/media\/848"}],"wp:attachment":[{"href":"https:\/\/ulifeneed.com\/es\/wp-json\/wp\/v2\/media?parent=847"}],"wp:term":[{"taxonomy":"product_brand","embeddable":true,"href":"https:\/\/ulifeneed.com\/es\/wp-json\/wp\/v2\/product_brand?post=847"},{"taxonomy":"product_cat","embeddable":true,"href":"https:\/\/ulifeneed.com\/es\/wp-json\/wp\/v2\/product_cat?post=847"},{"taxonomy":"product_tag","embeddable":true,"href":"https:\/\/ulifeneed.com\/es\/wp-json\/wp\/v2\/product_tag?post=847"}],"curies":[{"name":"wp","href":"https:\/\/api.w.org\/{rel}","templated":true}]}}