{"id":1411,"date":"2025-11-07T09:56:17","date_gmt":"2025-11-07T09:56:17","guid":{"rendered":"https:\/\/ulifeneed.com\/?post_type=product&#038;p=1411"},"modified":"2025-11-28T04:51:51","modified_gmt":"2025-11-28T04:51:51","slug":"raton-inalambrico-recargable-portatil-silencioso-usb-a-y-tipo-c-modo-dual-raton-inalambrico-3-dpi-ajustables-para-portatil-mac-android-pc-q23s-negro-negro","status":"publish","type":"product","link":"https:\/\/ulifeneed.com\/es\/product\/wireless-mouse-chargeable-portable-silent-usb-a-and-type-c-dual-mode-wireless-mouse-3-adjustable-dpi-for-laptop-mac-android-pc-q23s-black-black\/","title":{"rendered":"Rat\u00f3n Inal\u00e1mbrico Cargable Port\u00e1til Silencioso USB-A y Tipo-C Rat\u00f3n Inal\u00e1mbrico de Modo Dual 3 DPI Ajustables para Port\u00e1til, Mac, Android, PC (Q23S Negro) (Negro)"},"content":{"rendered":"<div data-elementor-type=\"wp-post\" data-elementor-id=\"1411\" class=\"elementor elementor-1411\">\n\t\t\t\t<div class=\"elementor-element elementor-element-7ab7465 e-flex e-con-boxed e-con e-parent\" data-id=\"7ab7465\" data-element_type=\"container\" data-e-type=\"container\">\n\t\t\t\t\t<div class=\"e-con-inner\">\n\t\t\t\t<div class=\"elementor-element elementor-element-01349a5 elementor-widget elementor-widget-text-editor\" data-id=\"01349a5\" data-element_type=\"widget\" data-e-type=\"widget\" data-widget_type=\"text-editor.default\">\n\t\t\t\t<div class=\"elementor-widget-container\">\n\t\t\t\t\t\t\t\t\t<p><strong>Tipo-C y USB-A modo dual\u3011<\/strong>2 Conectado USB y Tipo-C Nano\/Receptor\/(Tipo-C no necesita cambiar) plug and play. Directamente aplicable a todos los equipos inform\u00e1ticos con interfaces Tipo-c y USB-A Compatible con port\u00e1til\/PC\/escritorio\/Windows XP\/7\/8\/10 y MAC OS 10\/Sistema Android<\/p><p><strong>\u3010Rat\u00f3n inal\u00e1mbrico recargable\u3011<\/strong> Bater\u00eda recargable de iones de litio 450mAh de larga duraci\u00f3n, carga por USB, no es necesario cambiar la bater\u00eda. Carga de 2 horas, se puede utilizar alrededor de 15-20 d\u00edas.<\/p><p><strong>\u30103-nivel ajustable DPI\u3011<\/strong>El ciclo de 3 niveles de DPI ajustables (1000\/1200\/1600 DPI) es adecuado para tabletas de pantalla peque\u00f1a, ordenadores port\u00e1tiles y ordenadores de sobremesa de pantalla grande. Posicionamiento \u00f3pticamente preciso, uso fluido y sin obst\u00e1culos.<\/p><p><strong>\u3010Mute Click y Comfort Touch\u3011<\/strong>Mute Click, el bot\u00f3n Mute reduce el ruido 90% \/ayud\u00e1ndote a concentrarte en tu trabajo\/estudio\/sin molestar a los dem\u00e1s.<\/p>\t\t\t\t\t\t\t\t<\/div>\n\t\t\t\t<\/div>\n\t\t\t\t\t<\/div>\n\t\t\t\t<\/div>\n\t\t<div class=\"elementor-element elementor-element-86893d4 e-flex e-con-boxed e-con e-parent\" data-id=\"86893d4\" data-element_type=\"container\" data-e-type=\"container\">\n\t\t\t\t\t<div class=\"e-con-inner\">\n\t\t\t\t<div class=\"elementor-element elementor-element-8714e9f elementor-widget elementor-widget-image-gallery\" data-id=\"8714e9f\" data-element_type=\"widget\" data-e-type=\"widget\" data-widget_type=\"image-gallery.default\">\n\t\t\t\t<div class=\"elementor-widget-container\">\n\t\t\t\t\t\t\t<div class=\"elementor-image-gallery\">\n\t\t\t<div id='gallery-1' class='gallery galleryid-1411 gallery-columns-3 gallery-size-medium_large'><figure class='gallery-item'>\n\t\t\t<div class='gallery-icon landscape'>\n\t\t\t\t<img fetchpriority=\"high\" decoding=\"async\" width=\"300\" height=\"300\" src=\"https:\/\/ulifeneed.com\/wp-content\/uploads\/2025\/11\/088-14.jpg\" class=\"attachment-medium_large size-medium_large\" alt=\"\" srcset=\"https:\/\/ulifeneed.com\/wp-content\/uploads\/2025\/11\/088-14.jpg 300w, https:\/\/ulifeneed.com\/wp-content\/uploads\/2025\/11\/088-14-150x150.jpg 150w, https:\/\/ulifeneed.com\/wp-content\/uploads\/2025\/11\/088-14-100x100.jpg 100w\" sizes=\"(max-width: 300px) 100vw, 300px\" \/>\n\t\t\t<\/div><\/figure><figure class='gallery-item'>\n\t\t\t<div class='gallery-icon landscape'>\n\t\t\t\t<img decoding=\"async\" width=\"300\" height=\"300\" src=\"https:\/\/ulifeneed.com\/wp-content\/uploads\/2025\/11\/088-13.jpg\" class=\"attachment-medium_large size-medium_large\" alt=\"\" srcset=\"https:\/\/ulifeneed.com\/wp-content\/uploads\/2025\/11\/088-13.jpg 300w, https:\/\/ulifeneed.com\/wp-content\/uploads\/2025\/11\/088-13-150x150.jpg 150w, https:\/\/ulifeneed.com\/wp-content\/uploads\/2025\/11\/088-13-100x100.jpg 100w\" sizes=\"(max-width: 300px) 100vw, 300px\" \/>\n\t\t\t<\/div><\/figure><figure class='gallery-item'>\n\t\t\t<div class='gallery-icon landscape'>\n\t\t\t\t<img decoding=\"async\" width=\"300\" height=\"300\" src=\"https:\/\/ulifeneed.com\/wp-content\/uploads\/2025\/11\/088-15.jpg\" class=\"attachment-medium_large size-medium_large\" alt=\"\" srcset=\"https:\/\/ulifeneed.com\/wp-content\/uploads\/2025\/11\/088-15.jpg 300w, https:\/\/ulifeneed.com\/wp-content\/uploads\/2025\/11\/088-15-150x150.jpg 150w, https:\/\/ulifeneed.com\/wp-content\/uploads\/2025\/11\/088-15-100x100.jpg 100w\" sizes=\"(max-width: 300px) 100vw, 300px\" \/>\n\t\t\t<\/div><\/figure><figure class='gallery-item'>\n\t\t\t<div class='gallery-icon landscape'>\n\t\t\t\t<img loading=\"lazy\" decoding=\"async\" width=\"300\" height=\"300\" src=\"https:\/\/ulifeneed.com\/wp-content\/uploads\/2025\/11\/088-16.jpg\" class=\"attachment-medium_large size-medium_large\" alt=\"\" srcset=\"https:\/\/ulifeneed.com\/wp-content\/uploads\/2025\/11\/088-16.jpg 300w, https:\/\/ulifeneed.com\/wp-content\/uploads\/2025\/11\/088-16-150x150.jpg 150w, https:\/\/ulifeneed.com\/wp-content\/uploads\/2025\/11\/088-16-100x100.jpg 100w\" sizes=\"(max-width: 300px) 100vw, 300px\" \/>\n\t\t\t<\/div><\/figure><figure class='gallery-item'>\n\t\t\t<div class='gallery-icon landscape'>\n\t\t\t\t<img loading=\"lazy\" decoding=\"async\" width=\"642\" height=\"642\" src=\"https:\/\/ulifeneed.com\/wp-content\/uploads\/2025\/11\/088-17.jpg\" class=\"attachment-medium_large size-medium_large\" alt=\"\" srcset=\"https:\/\/ulifeneed.com\/wp-content\/uploads\/2025\/11\/088-17.jpg 642w, https:\/\/ulifeneed.com\/wp-content\/uploads\/2025\/11\/088-17-300x300.jpg 300w, https:\/\/ulifeneed.com\/wp-content\/uploads\/2025\/11\/088-17-150x150.jpg 150w, https:\/\/ulifeneed.com\/wp-content\/uploads\/2025\/11\/088-17-600x600.jpg 600w, https:\/\/ulifeneed.com\/wp-content\/uploads\/2025\/11\/088-17-100x100.jpg 100w\" sizes=\"(max-width: 642px) 100vw, 642px\" \/>\n\t\t\t<\/div><\/figure><figure class='gallery-item'>\n\t\t\t<div class='gallery-icon landscape'>\n\t\t\t\t<img loading=\"lazy\" decoding=\"async\" width=\"300\" height=\"300\" src=\"https:\/\/ulifeneed.com\/wp-content\/uploads\/2025\/11\/088-18.jpg\" class=\"attachment-medium_large size-medium_large\" alt=\"\" srcset=\"https:\/\/ulifeneed.com\/wp-content\/uploads\/2025\/11\/088-18.jpg 300w, https:\/\/ulifeneed.com\/wp-content\/uploads\/2025\/11\/088-18-150x150.jpg 150w, https:\/\/ulifeneed.com\/wp-content\/uploads\/2025\/11\/088-18-100x100.jpg 100w\" sizes=\"(max-width: 300px) 100vw, 300px\" \/>\n\t\t\t<\/div><\/figure><figure class='gallery-item'>\n\t\t\t<div class='gallery-icon landscape'>\n\t\t\t\t<img loading=\"lazy\" decoding=\"async\" width=\"300\" height=\"300\" src=\"https:\/\/ulifeneed.com\/wp-content\/uploads\/2025\/11\/088-19.jpg\" class=\"attachment-medium_large size-medium_large\" alt=\"\" srcset=\"https:\/\/ulifeneed.com\/wp-content\/uploads\/2025\/11\/088-19.jpg 300w, https:\/\/ulifeneed.com\/wp-content\/uploads\/2025\/11\/088-19-150x150.jpg 150w, https:\/\/ulifeneed.com\/wp-content\/uploads\/2025\/11\/088-19-100x100.jpg 100w\" sizes=\"(max-width: 300px) 100vw, 300px\" \/>\n\t\t\t<\/div><\/figure><figure class='gallery-item'>\n\t\t\t<div class='gallery-icon landscape'>\n\t\t\t\t<img loading=\"lazy\" decoding=\"async\" width=\"768\" height=\"768\" src=\"https:\/\/ulifeneed.com\/wp-content\/uploads\/2025\/11\/088-8-768x768.jpg\" class=\"attachment-medium_large size-medium_large\" alt=\"\" aria-describedby=\"gallery-1-1419\" srcset=\"https:\/\/ulifeneed.com\/wp-content\/uploads\/2025\/11\/088-8-768x768.jpg 768w, https:\/\/ulifeneed.com\/wp-content\/uploads\/2025\/11\/088-8-300x300.jpg 300w, https:\/\/ulifeneed.com\/wp-content\/uploads\/2025\/11\/088-8-1024x1024.jpg 1024w, https:\/\/ulifeneed.com\/wp-content\/uploads\/2025\/11\/088-8-150x150.jpg 150w, https:\/\/ulifeneed.com\/wp-content\/uploads\/2025\/11\/088-8-1536x1536.jpg 1536w, https:\/\/ulifeneed.com\/wp-content\/uploads\/2025\/11\/088-8-600x600.jpg 600w, https:\/\/ulifeneed.com\/wp-content\/uploads\/2025\/11\/088-8-100x100.jpg 100w, https:\/\/ulifeneed.com\/wp-content\/uploads\/2025\/11\/088-8.jpg 1600w\" sizes=\"(max-width: 768px) 100vw, 768px\" \/>\n\t\t\t<\/div>\n\t\t\t\t<figcaption class='wp-caption-text gallery-caption' id='gallery-1-1419'>\n\t\t\t\tVersi\u00f3n 1.0.0\n\t\t\t\t<\/figcaption><\/figure><figure class='gallery-item'>\n\t\t\t<div class='gallery-icon landscape'>\n\t\t\t\t<img loading=\"lazy\" decoding=\"async\" width=\"768\" height=\"768\" src=\"https:\/\/ulifeneed.com\/wp-content\/uploads\/2025\/11\/088-7-768x768.jpg\" class=\"attachment-medium_large size-medium_large\" alt=\"\" aria-describedby=\"gallery-1-1418\" srcset=\"https:\/\/ulifeneed.com\/wp-content\/uploads\/2025\/11\/088-7-768x768.jpg 768w, https:\/\/ulifeneed.com\/wp-content\/uploads\/2025\/11\/088-7-300x300.jpg 300w, https:\/\/ulifeneed.com\/wp-content\/uploads\/2025\/11\/088-7-1024x1024.jpg 1024w, https:\/\/ulifeneed.com\/wp-content\/uploads\/2025\/11\/088-7-150x150.jpg 150w, https:\/\/ulifeneed.com\/wp-content\/uploads\/2025\/11\/088-7-600x600.jpg 600w, https:\/\/ulifeneed.com\/wp-content\/uploads\/2025\/11\/088-7-100x100.jpg 100w, https:\/\/ulifeneed.com\/wp-content\/uploads\/2025\/11\/088-7.jpg 1100w\" sizes=\"(max-width: 768px) 100vw, 768px\" \/>\n\t\t\t<\/div>\n\t\t\t\t<figcaption class='wp-caption-text gallery-caption' id='gallery-1-1418'>\n\t\t\t\tVersi\u00f3n 1.0.0\n\t\t\t\t<\/figcaption><\/figure>\n\t\t<\/div>\n\t\t<\/div>\n\t\t\t\t\t\t<\/div>\n\t\t\t\t<\/div>\n\t\t\t\t\t<\/div>\n\t\t\t\t<\/div>\n\t\t<div class=\"elementor-element elementor-element-48b475b e-flex e-con-boxed e-con e-parent\" data-id=\"48b475b\" data-element_type=\"container\" data-e-type=\"container\">\n\t\t\t\t\t<div class=\"e-con-inner\">\n\t\t\t\t<div class=\"elementor-element elementor-element-0f74b56 elementor-widget elementor-widget-text-editor\" data-id=\"0f74b56\" data-element_type=\"widget\" data-e-type=\"widget\" data-widget_type=\"text-editor.default\">\n\t\t\t\t<div class=\"elementor-widget-container\">\n\t\t\t\t\t\t\t\t\t<h2>Sobre el dise\u00f1o y la producci\u00f3n de este rat\u00f3n inal\u00e1mbrico<\/h2><p>Rat\u00f3n inal\u00e1mbrico Ulifeneed-Q23S Es un rat\u00f3n inal\u00e1mbrico de carga silenciosa equipado con dos interfaces (Tipo-c+USB).<br \/>Exquisito, compacto y elegante estilo de dise\u00f1o, un excelente asistente para la oficina en casa, oficina de viajes, y la oficina de negocios con facilidad.<br \/>Muchas gracias por elegirlo.<\/p><h2>Rat\u00f3n inal\u00e1mbrico Q23S Especificaciones del producto:<\/h2><ul><li>Banda de frecuencia WIFI: 2,4 G<\/li><li>Alcance de conexi\u00f3n: 33 pies<\/li><li>DPI del rat\u00f3n: 1000-1200-16000<\/li><li>Vida del clic: buena (5 millones de veces)<\/li><li>Puertos: USB-A y USB Tipo-C<\/li><li>Tama\u00f1o: 4,3\u00d72,3\u00d70,9 pulgadas<\/li><li>Peso: 2,1 onzas<\/li><li>Capacidad de la bater\u00eda: 450mAh250 Hz<\/li><li>Cable de carga: USB-Mirco de 20 pulgadas<\/li><\/ul><p>El USB conectado y el nano receptor Tipo-C (Tipo-C no necesita cambiar) plug and play. Es directamente aplicable a todos los dispositivos inform\u00e1ticos con interfaces Tipo-c y USB-A, y es compatible con ordenadores port\u00e1tiles.<\/p><p>Nota: En estos dos modos, s\u00f3lo se puede seleccionar un modo para trabajar.No se pueden utilizar al mismo tiempo.<\/p><h2>Rat\u00f3n inal\u00e1mbrico Q23S Sistemas compatibles:<\/h2><p>compatible con Windows XP \/ 7\/8\/10 +, Mac OS X 10.10+. Muy adecuado para ordenadores con puertos USB o Type-C, como MacBook Pro, MacBook air, Google ChromeBook, port\u00e1tiles, ordenadores de sobremesa, PC, etc.<\/p><h3>El paquete incluye:<\/h3><p>1 rat\u00f3n inal\u00e1mbrico 1 receptor USB 1 receptor de tipo C 1 cable de carga USB y 1 manual de usuario<\/p><h2>Rat\u00f3n inal\u00e1mbrico con funci\u00f3n de carga y bater\u00eda recargable<\/h2><p>El rat\u00f3n inal\u00e1mbrico Q23S es un rat\u00f3n inal\u00e1mbrico recargable. Incorpora una bater\u00eda recargable de iones de litio de 450 mAh, que puede cargarse f\u00e1cilmente con el cable USB de 20 pulgadas incluido, eliminando la molestia de sustituir la bater\u00eda. Admite la carga durante el uso y el uso durante la carga.<\/p><p>Se recomienda cargar el producto durante 1-2 horas antes de utilizarlo por primera vez. Durante la carga, aparecer\u00e1 una luz roja en el hueco entre los rodillos, y cuando la bater\u00eda est\u00e9 completamente cargada, la luz roja se apagar\u00e1, lo que significa el ciclo de carga.<\/p><p>Rat\u00f3n inal\u00e1mbrico Q23S Es un rat\u00f3n inal\u00e1mbrico de 3 velocidades con DPI ajustable Con 3 niveles de DPI ajustables de 1000-1200-1600, puede controlar con precisi\u00f3n la velocidad del cursor que necesita, que es adecuado para el aprendizaje, el trabajo y los juegos.<\/p><h2>Dise\u00f1o de bajo consumo :<\/h2><p>El rat\u00f3n entra en modo de reposo autom\u00e1tico tras 10 minutos de inactividad y puede activarse pulsando cualquier bot\u00f3n. El dise\u00f1o del interruptor de encendido\/apagado tambi\u00e9n ayuda a ahorrar energ\u00eda y prolonga la vida \u00fatil de las pilas.<\/p><h2>Clic silencioso y uso c\u00f3modo: rat\u00f3n inal\u00e1mbrico silencioso<\/h2><p>Rat\u00f3n inal\u00e1mbrico Q23S Es un rat\u00f3n inal\u00e1mbrico Mute Los botones izquierdo, derecho y la rueda de desplazamiento est\u00e1n rellenos para reducir el ruido. El dise\u00f1o le permite concentrarse en el trabajo, el estudio o los juegos sin preocuparse de molestar a los dem\u00e1s.<\/p><p>Superficie mate lisa, agradable a la piel y dise\u00f1o de agarre ergon\u00f3mico puede proporcionar una excelente sensaci\u00f3n de la mano, incluso si usted trabaja durante mucho tiempo, puede mantener una sensaci\u00f3n c\u00f3moda. El tama\u00f1o compacto port\u00e1til tambi\u00e9n hace que sea muy conveniente para guardarlo en una bolsa de ordenador cuando se viaja.<\/p><h2>Delicado y armario<\/h2><p>Rat\u00f3n inal\u00e1mbrico Q23S Es un rat\u00f3n inal\u00e1mbrico ultrafino. Exquisito, compacto, aspecto elegante, proceso \u00fanico de chapado en plata al vac\u00edo, temperamento \u00fanico, textura mate similar a la piel, esperando su elecci\u00f3n.<\/p><h2>Rat\u00f3n inal\u00e1mbrico Q23S Satisface tus m\u00faltiples necesidades<\/h2><p>Compatible con dispositivos con puerto Tipo-c. Tanto si tu dispositivo est\u00e1 equipado con un puerto USB como con un puerto Type-C, puedes usarlo.<\/p><p>El receptor USB+Type-c se guard\u00f3 en la parte inferior del rat\u00f3n.<\/p><h2>Dise\u00f1o sim\u00e9trico<\/h2><p>Rat\u00f3n inal\u00e1mbrico Q23S Es un rat\u00f3n inal\u00e1mbrico adecuado tanto para la mano izquierda como para la derecha Dise\u00f1o ergon\u00f3mico delgado y superficie lisa para una experiencia de usuario incre\u00edble. El dise\u00f1o sim\u00e9trico permite que se adapte a ambas manos, puede elegirlo a su gusto, f\u00e1cil de dominar.<\/p>\t\t\t\t\t\t\t\t<\/div>\n\t\t\t\t<\/div>\n\t\t\t\t\t<\/div>\n\t\t\t\t<\/div>\n\t\t<div class=\"elementor-element elementor-element-8c190bd e-flex e-con-boxed e-con e-parent\" data-id=\"8c190bd\" data-element_type=\"container\" data-e-type=\"container\">\n\t\t\t\t\t<div class=\"e-con-inner\">\n\t\t\t\t<div class=\"elementor-element elementor-element-631cdb7 elementor-widget elementor-widget-image-gallery\" data-id=\"631cdb7\" data-element_type=\"widget\" data-e-type=\"widget\" data-widget_type=\"image-gallery.default\">\n\t\t\t\t<div class=\"elementor-widget-container\">\n\t\t\t\t\t\t\t<div class=\"elementor-image-gallery\">\n\t\t\t<div id='gallery-2' class='gallery galleryid-1411 gallery-columns-1 gallery-size-full'><figure class='gallery-item'>\n\t\t\t<div class='gallery-icon landscape'>\n\t\t\t\t<img loading=\"lazy\" decoding=\"async\" width=\"970\" height=\"300\" src=\"https:\/\/ulifeneed.com\/wp-content\/uploads\/2025\/11\/088-11.jpg\" class=\"attachment-full size-full\" alt=\"\" srcset=\"https:\/\/ulifeneed.com\/wp-content\/uploads\/2025\/11\/088-11.jpg 970w, https:\/\/ulifeneed.com\/wp-content\/uploads\/2025\/11\/088-11-300x93.jpg 300w, https:\/\/ulifeneed.com\/wp-content\/uploads\/2025\/11\/088-11-768x238.jpg 768w, https:\/\/ulifeneed.com\/wp-content\/uploads\/2025\/11\/088-11-600x186.jpg 600w\" sizes=\"(max-width: 970px) 100vw, 970px\" \/>\n\t\t\t<\/div><\/figure><figure class='gallery-item'>\n\t\t\t<div class='gallery-icon landscape'>\n\t\t\t\t<img loading=\"lazy\" decoding=\"async\" width=\"970\" height=\"600\" src=\"https:\/\/ulifeneed.com\/wp-content\/uploads\/2025\/11\/088-10.jpg\" class=\"attachment-full size-full\" alt=\"\" srcset=\"https:\/\/ulifeneed.com\/wp-content\/uploads\/2025\/11\/088-10.jpg 970w, https:\/\/ulifeneed.com\/wp-content\/uploads\/2025\/11\/088-10-300x186.jpg 300w, https:\/\/ulifeneed.com\/wp-content\/uploads\/2025\/11\/088-10-768x475.jpg 768w, https:\/\/ulifeneed.com\/wp-content\/uploads\/2025\/11\/088-10-600x371.jpg 600w\" sizes=\"(max-width: 970px) 100vw, 970px\" \/>\n\t\t\t<\/div><\/figure><figure class='gallery-item'>\n\t\t\t<div class='gallery-icon landscape'>\n\t\t\t\t<img loading=\"lazy\" decoding=\"async\" width=\"970\" height=\"600\" src=\"https:\/\/ulifeneed.com\/wp-content\/uploads\/2025\/11\/088-12.jpg\" class=\"attachment-full size-full\" alt=\"\" srcset=\"https:\/\/ulifeneed.com\/wp-content\/uploads\/2025\/11\/088-12.jpg 970w, https:\/\/ulifeneed.com\/wp-content\/uploads\/2025\/11\/088-12-300x186.jpg 300w, https:\/\/ulifeneed.com\/wp-content\/uploads\/2025\/11\/088-12-768x475.jpg 768w, https:\/\/ulifeneed.com\/wp-content\/uploads\/2025\/11\/088-12-600x371.jpg 600w\" sizes=\"(max-width: 970px) 100vw, 970px\" \/>\n\t\t\t<\/div><\/figure><figure class='gallery-item'>\n\t\t\t<div class='gallery-icon landscape'>\n\t\t\t\t<img loading=\"lazy\" decoding=\"async\" width=\"300\" height=\"300\" src=\"https:\/\/ulifeneed.com\/wp-content\/uploads\/2025\/11\/088-13.jpg\" class=\"attachment-full size-full\" alt=\"\" srcset=\"https:\/\/ulifeneed.com\/wp-content\/uploads\/2025\/11\/088-13.jpg 300w, https:\/\/ulifeneed.com\/wp-content\/uploads\/2025\/11\/088-13-150x150.jpg 150w, https:\/\/ulifeneed.com\/wp-content\/uploads\/2025\/11\/088-13-100x100.jpg 100w\" sizes=\"(max-width: 300px) 100vw, 300px\" \/>\n\t\t\t<\/div><\/figure>\n\t\t<\/div>\n\t\t<\/div>\n\t\t\t\t\t\t<\/div>\n\t\t\t\t<\/div>\n\t\t\t\t\t<\/div>\n\t\t\t\t<\/div>\n\t\t\t\t<\/div>","protected":false},"excerpt":{"rendered":"<h2>Rat\u00f3n Inal\u00e1mbrico Cargable Port\u00e1til Silencioso USB-A y Tipo-C Rat\u00f3n Inal\u00e1mbrico de Modo Dual 3 DPI Ajustables para Port\u00e1til, Mac, Android, PC (Q23S Negro) (Negro)<\/h2>\n<p>Color: Negro<br \/>\nTecnolog\u00eda de conectividad: Inal\u00e1mbrico2.4G<br \/>\nCaracter\u00edstica especial: Inal\u00e1mbrico<br \/>\nTecnolog\u00eda de detecci\u00f3n de movimientos: \u00d3ptica<\/p>","protected":false},"featured_media":1412,"comment_status":"open","ping_status":"closed","template":"","meta":{"site-sidebar-layout":"no-sidebar","site-content-layout":"page-builder","ast-site-content-layout":"normal-width-container","site-content-style":"default","site-sidebar-style":"default","ast-global-header-display":"","ast-banner-title-visibility":"","ast-main-header-display":"","ast-hfb-above-header-display":"","ast-hfb-below-header-display":"","ast-hfb-mobile-header-display":"","site-post-title":"","ast-breadcrumbs-content":"","ast-featured-img":"disabled","footer-sml-layout":"","theme-transparent-header-meta":"default","adv-header-id-meta":"","stick-header-meta":"","header-above-stick-meta":"","header-main-stick-meta":"","header-below-stick-meta":"","astra-migrate-meta-layouts":"set","ast-page-background-enabled":"default","ast-page-background-meta":{"desktop":{"background-color":"","background-image":"","background-repeat":"repeat","background-position":"center center","background-size":"auto","background-attachment":"scroll","background-type":"","background-media":"","overlay-type":"","overlay-color":"","overlay-opacity":"","overlay-gradient":""},"tablet":{"background-color":"","background-image":"","background-repeat":"repeat","background-position":"center center","background-size":"auto","background-attachment":"scroll","background-type":"","background-media":"","overlay-type":"","overlay-color":"","overlay-opacity":"","overlay-gradient":""},"mobile":{"background-color":"","background-image":"","background-repeat":"repeat","background-position":"center center","background-size":"auto","background-attachment":"scroll","background-type":"","background-media":"","overlay-type":"","overlay-color":"","overlay-opacity":"","overlay-gradient":""}},"ast-content-background-meta":{"desktop":{"background-color":"var(--ast-global-color-5)","background-image":"","background-repeat":"repeat","background-position":"center center","background-size":"auto","background-attachment":"scroll","background-type":"","background-media":"","overlay-type":"","overlay-color":"","overlay-opacity":"","overlay-gradient":""},"tablet":{"background-color":"var(--ast-global-color-5)","background-image":"","background-repeat":"repeat","background-position":"center center","background-size":"auto","background-attachment":"scroll","background-type":"","background-media":"","overlay-type":"","overlay-color":"","overlay-opacity":"","overlay-gradient":""},"mobile":{"background-color":"var(--ast-global-color-5)","background-image":"","background-repeat":"repeat","background-position":"center center","background-size":"auto","background-attachment":"scroll","background-type":"","background-media":"","overlay-type":"","overlay-color":"","overlay-opacity":"","overlay-gradient":""}}},"product_brand":[],"product_cat":[30,15],"product_tag":[],"class_list":{"0":"post-1411","1":"product","2":"type-product","3":"status-publish","4":"has-post-thumbnail","6":"product_cat-computer-mice","7":"product_cat-3c-electronic-products","8":"desktop-align-left","9":"tablet-align-left","10":"mobile-align-left","12":"first","13":"instock","14":"sale","15":"shipping-taxable","16":"purchasable","17":"product-type-simple"},"_links":{"self":[{"href":"https:\/\/ulifeneed.com\/es\/wp-json\/wp\/v2\/product\/1411","targetHints":{"allow":["GET"]}}],"collection":[{"href":"https:\/\/ulifeneed.com\/es\/wp-json\/wp\/v2\/product"}],"about":[{"href":"https:\/\/ulifeneed.com\/es\/wp-json\/wp\/v2\/types\/product"}],"replies":[{"embeddable":true,"href":"https:\/\/ulifeneed.com\/es\/wp-json\/wp\/v2\/comments?post=1411"}],"version-history":[{"count":6,"href":"https:\/\/ulifeneed.com\/es\/wp-json\/wp\/v2\/product\/1411\/revisions"}],"predecessor-version":[{"id":1519,"href":"https:\/\/ulifeneed.com\/es\/wp-json\/wp\/v2\/product\/1411\/revisions\/1519"}],"wp:featuredmedia":[{"embeddable":true,"href":"https:\/\/ulifeneed.com\/es\/wp-json\/wp\/v2\/media\/1412"}],"wp:attachment":[{"href":"https:\/\/ulifeneed.com\/es\/wp-json\/wp\/v2\/media?parent=1411"}],"wp:term":[{"taxonomy":"product_brand","embeddable":true,"href":"https:\/\/ulifeneed.com\/es\/wp-json\/wp\/v2\/product_brand?post=1411"},{"taxonomy":"product_cat","embeddable":true,"href":"https:\/\/ulifeneed.com\/es\/wp-json\/wp\/v2\/product_cat?post=1411"},{"taxonomy":"product_tag","embeddable":true,"href":"https:\/\/ulifeneed.com\/es\/wp-json\/wp\/v2\/product_tag?post=1411"}],"curies":[{"name":"wp","href":"https:\/\/api.w.org\/{rel}","templated":true}]}}