{"id":1216,"date":"2025-11-07T07:57:59","date_gmt":"2025-11-07T07:57:59","guid":{"rendered":"https:\/\/ulifeneed.com\/?post_type=product&#038;p=1216"},"modified":"2025-11-28T04:50:58","modified_gmt":"2025-11-28T04:50:58","slug":"mk98-teclado-inalambrico-2-4g-teclado-ergonomico-para-ordenador","status":"publish","type":"product","link":"https:\/\/ulifeneed.com\/es\/product\/mk98-wireless-keyboard-2-4g-ergonomic-computer-keyboard\/","title":{"rendered":"MK98 Teclado Inal\u00e1mbrico, 2.4G Ergon\u00f3mico, Teclado de Ordenador, Luz Indicadora Ampliada, Teclado de PC de Tama\u00f1o Completo con Teclado Num\u00e9rico para Port\u00e1til, Sobremesa, Surface, Chromebook, Notebook, Negro"},"content":{"rendered":"<div data-elementor-type=\"wp-post\" data-elementor-id=\"1216\" class=\"elementor elementor-1216\">\n\t\t\t\t<div class=\"elementor-element elementor-element-7ab7465 e-flex e-con-boxed e-con e-parent\" data-id=\"7ab7465\" data-element_type=\"container\" data-e-type=\"container\">\n\t\t\t\t\t<div class=\"e-con-inner\">\n\t\t\t\t<div class=\"elementor-element elementor-element-01349a5 elementor-widget elementor-widget-text-editor\" data-id=\"01349a5\" data-element_type=\"widget\" data-e-type=\"widget\" data-widget_type=\"text-editor.default\">\n\t\t\t\t<div class=\"elementor-widget-container\">\n\t\t\t\t\t\t\t\t\t<p>1.MARVABLE TIPO DE DISFRUTE : El dise\u00f1o ajustado, moderno y ergon\u00f3mico con altura ajustable de 8 \u00b0 patas de inclinaci\u00f3n le da a su configuraci\u00f3n s\u00f3lo la cantidad correcta de borde, y reposamu\u00f1ecas integrado relelives el tired.Plug y jugar, s\u00f3lo tiene que establecer teclado inal\u00e1mbrico.Abra su computadora y conecte el receptor USB(Don't fortget encender el teclado inal\u00e1mbrico bot\u00f3n de interruptor).<\/p><p>2.FULL SIZE EXCELLENT TYPING : Cada tecla de perfil bajo del teclado inal\u00e1mbrico permite una mayor estabilidad, mientras que el recorrido optimizado de las teclas proporciona una experiencia de escritura c\u00f3moda y precisa. Los 12 accesos directos multimedia simplifican enormemente su trabajo y m\u00e1s centrarse en la tarea a mano.El teclado num\u00e9rico tambi\u00e9n es ideal para hojas de c\u00e1lculo y aplicaciones de finanzas.Notas: Los 12 accesos directos de f\u00e1cil acceso no son compatibles con Mac.<\/p><p>3.CONEXI\u00d3N SIN PROBLEMAS : Olv\u00eddate de las ca\u00eddas y los retrasos gracias a una conexi\u00f3n inal\u00e1mbrica 2.4G potente y fiable con un alcance de hasta 10 m (33 pies). No necesita ning\u00fan otro controlador ni opci\u00f3n. Empareje sin problemas su ordenador con el teclado inal\u00e1mbrico y sin interrupciones.<\/p><p>4.DUEABLE AHORRO DE ENERG\u00cdA : S\u00f3lo necesita una pila alcalina AAA de 1,5 V (no incluida). Hasta 16 meses de duraci\u00f3n de las pilas elimina la molestia de los cambios frecuentes de pilas, con un pr\u00e1ctico interruptor de encendido\/apagado y tecnolog\u00eda de ahorro de energ\u00eda que preservan la vida \u00fatil de las pilas.<\/p><p>5.NO DISTURB TROUBLESOME \uff1aWith el cr\u00e1ter struction clave, el teclado del ordenador puede reducir en gran medida el ruido con s\u00f3lo 3 mm de desplazamiento clave.Nunca se preocupe por molestar a los dem\u00e1s donde quiera que vaya.Tener un buen tiempo para la oficina, el hogar, los viajes, el tiempo de caf\u00e9.<\/p>\t\t\t\t\t\t\t\t<\/div>\n\t\t\t\t<\/div>\n\t\t\t\t\t<\/div>\n\t\t\t\t<\/div>\n\t\t<div class=\"elementor-element elementor-element-86893d4 e-flex e-con-boxed e-con e-parent\" data-id=\"86893d4\" data-element_type=\"container\" data-e-type=\"container\">\n\t\t\t\t\t<div class=\"e-con-inner\">\n\t\t\t\t<div class=\"elementor-element elementor-element-8714e9f elementor-widget elementor-widget-image-gallery\" data-id=\"8714e9f\" data-element_type=\"widget\" data-e-type=\"widget\" data-widget_type=\"image-gallery.default\">\n\t\t\t\t<div class=\"elementor-widget-container\">\n\t\t\t\t\t\t\t<div class=\"elementor-image-gallery\">\n\t\t\t\n<img fetchpriority=\"high\" decoding=\"async\" width=\"300\" height=\"300\" src=\"https:\/\/ulifeneed.com\/wp-content\/uploads\/2025\/11\/050-9.jpg\" class=\"attachment-medium_large size-medium_large\" alt=\"\" ids=\"1226,1221,1222,1223,1233,1232,1231,1230,1224\" size=\"medium_large\" columns=\"3\" link=\"none\" orderby=\"post__in\" include=\"1226,1221,1222,1223,1233,1232,1231,1230,1224\" srcset=\"https:\/\/ulifeneed.com\/wp-content\/uploads\/2025\/11\/050-9.jpg 300w, https:\/\/ulifeneed.com\/wp-content\/uploads\/2025\/11\/050-9-150x150.jpg 150w, https:\/\/ulifeneed.com\/wp-content\/uploads\/2025\/11\/050-9-100x100.jpg 100w\" sizes=\"(max-width: 300px) 100vw, 300px\" \/>\n<img decoding=\"async\" width=\"768\" height=\"768\" src=\"https:\/\/ulifeneed.com\/wp-content\/uploads\/2025\/11\/050-4-1-768x768.jpg\" class=\"attachment-medium_large size-medium_large\" alt=\"\" ids=\"1226,1221,1222,1223,1233,1232,1231,1230,1224\" size=\"medium_large\" columns=\"3\" link=\"none\" orderby=\"post__in\" include=\"1226,1221,1222,1223,1233,1232,1231,1230,1224\" srcset=\"https:\/\/ulifeneed.com\/wp-content\/uploads\/2025\/11\/050-4-1-768x768.jpg 768w, https:\/\/ulifeneed.com\/wp-content\/uploads\/2025\/11\/050-4-1-300x300.jpg 300w, https:\/\/ulifeneed.com\/wp-content\/uploads\/2025\/11\/050-4-1-150x150.jpg 150w, https:\/\/ulifeneed.com\/wp-content\/uploads\/2025\/11\/050-4-1-600x600.jpg 600w, https:\/\/ulifeneed.com\/wp-content\/uploads\/2025\/11\/050-4-1-100x100.jpg 100w, https:\/\/ulifeneed.com\/wp-content\/uploads\/2025\/11\/050-4-1.jpg 1000w\" sizes=\"(max-width: 768px) 100vw, 768px\" \/>\n<img decoding=\"async\" width=\"768\" height=\"768\" src=\"https:\/\/ulifeneed.com\/wp-content\/uploads\/2025\/11\/050-5-768x768.jpg\" class=\"attachment-medium_large size-medium_large\" alt=\"\" ids=\"1226,1221,1222,1223,1233,1232,1231,1230,1224\" size=\"medium_large\" columns=\"3\" link=\"none\" orderby=\"post__in\" include=\"1226,1221,1222,1223,1233,1232,1231,1230,1224\" srcset=\"https:\/\/ulifeneed.com\/wp-content\/uploads\/2025\/11\/050-5-768x768.jpg 768w, https:\/\/ulifeneed.com\/wp-content\/uploads\/2025\/11\/050-5-300x300.jpg 300w, https:\/\/ulifeneed.com\/wp-content\/uploads\/2025\/11\/050-5-150x150.jpg 150w, https:\/\/ulifeneed.com\/wp-content\/uploads\/2025\/11\/050-5-600x600.jpg 600w, https:\/\/ulifeneed.com\/wp-content\/uploads\/2025\/11\/050-5-100x100.jpg 100w, https:\/\/ulifeneed.com\/wp-content\/uploads\/2025\/11\/050-5.jpg 1000w\" sizes=\"(max-width: 768px) 100vw, 768px\" \/>\n<img loading=\"lazy\" decoding=\"async\" width=\"768\" height=\"768\" src=\"https:\/\/ulifeneed.com\/wp-content\/uploads\/2025\/11\/050-6-768x768.jpg\" class=\"attachment-medium_large size-medium_large\" alt=\"\" ids=\"1226,1221,1222,1223,1233,1232,1231,1230,1224\" size=\"medium_large\" columns=\"3\" link=\"none\" orderby=\"post__in\" include=\"1226,1221,1222,1223,1233,1232,1231,1230,1224\" srcset=\"https:\/\/ulifeneed.com\/wp-content\/uploads\/2025\/11\/050-6-768x768.jpg 768w, https:\/\/ulifeneed.com\/wp-content\/uploads\/2025\/11\/050-6-300x300.jpg 300w, https:\/\/ulifeneed.com\/wp-content\/uploads\/2025\/11\/050-6-150x150.jpg 150w, https:\/\/ulifeneed.com\/wp-content\/uploads\/2025\/11\/050-6-600x600.jpg 600w, https:\/\/ulifeneed.com\/wp-content\/uploads\/2025\/11\/050-6-100x100.jpg 100w, https:\/\/ulifeneed.com\/wp-content\/uploads\/2025\/11\/050-6.jpg 1000w\" sizes=\"(max-width: 768px) 100vw, 768px\" \/>\n<img loading=\"lazy\" decoding=\"async\" width=\"300\" height=\"300\" src=\"https:\/\/ulifeneed.com\/wp-content\/uploads\/2025\/11\/050-16.jpg\" class=\"attachment-medium_large size-medium_large\" alt=\"\" ids=\"1226,1221,1222,1223,1233,1232,1231,1230,1224\" size=\"medium_large\" columns=\"3\" link=\"none\" orderby=\"post__in\" include=\"1226,1221,1222,1223,1233,1232,1231,1230,1224\" srcset=\"https:\/\/ulifeneed.com\/wp-content\/uploads\/2025\/11\/050-16.jpg 300w, https:\/\/ulifeneed.com\/wp-content\/uploads\/2025\/11\/050-16-150x150.jpg 150w, https:\/\/ulifeneed.com\/wp-content\/uploads\/2025\/11\/050-16-100x100.jpg 100w\" sizes=\"(max-width: 300px) 100vw, 300px\" \/>\n<img loading=\"lazy\" decoding=\"async\" width=\"300\" height=\"300\" src=\"https:\/\/ulifeneed.com\/wp-content\/uploads\/2025\/11\/050-15.jpg\" class=\"attachment-medium_large size-medium_large\" alt=\"\" ids=\"1226,1221,1222,1223,1233,1232,1231,1230,1224\" size=\"medium_large\" columns=\"3\" link=\"none\" orderby=\"post__in\" include=\"1226,1221,1222,1223,1233,1232,1231,1230,1224\" srcset=\"https:\/\/ulifeneed.com\/wp-content\/uploads\/2025\/11\/050-15.jpg 300w, https:\/\/ulifeneed.com\/wp-content\/uploads\/2025\/11\/050-15-150x150.jpg 150w, https:\/\/ulifeneed.com\/wp-content\/uploads\/2025\/11\/050-15-100x100.jpg 100w\" sizes=\"(max-width: 300px) 100vw, 300px\" \/>\n<img loading=\"lazy\" decoding=\"async\" width=\"300\" height=\"300\" src=\"https:\/\/ulifeneed.com\/wp-content\/uploads\/2025\/11\/050-14.jpg\" class=\"attachment-medium_large size-medium_large\" alt=\"\" ids=\"1226,1221,1222,1223,1233,1232,1231,1230,1224\" size=\"medium_large\" columns=\"3\" link=\"none\" orderby=\"post__in\" include=\"1226,1221,1222,1223,1233,1232,1231,1230,1224\" srcset=\"https:\/\/ulifeneed.com\/wp-content\/uploads\/2025\/11\/050-14.jpg 300w, https:\/\/ulifeneed.com\/wp-content\/uploads\/2025\/11\/050-14-150x150.jpg 150w, https:\/\/ulifeneed.com\/wp-content\/uploads\/2025\/11\/050-14-100x100.jpg 100w\" sizes=\"(max-width: 300px) 100vw, 300px\" \/>\n<img loading=\"lazy\" decoding=\"async\" width=\"300\" height=\"300\" src=\"https:\/\/ulifeneed.com\/wp-content\/uploads\/2025\/11\/050-13.jpg\" class=\"attachment-medium_large size-medium_large\" alt=\"\" ids=\"1226,1221,1222,1223,1233,1232,1231,1230,1224\" size=\"medium_large\" columns=\"3\" link=\"none\" orderby=\"post__in\" include=\"1226,1221,1222,1223,1233,1232,1231,1230,1224\" srcset=\"https:\/\/ulifeneed.com\/wp-content\/uploads\/2025\/11\/050-13.jpg 300w, https:\/\/ulifeneed.com\/wp-content\/uploads\/2025\/11\/050-13-150x150.jpg 150w, https:\/\/ulifeneed.com\/wp-content\/uploads\/2025\/11\/050-13-100x100.jpg 100w\" sizes=\"(max-width: 300px) 100vw, 300px\" \/>\n<img loading=\"lazy\" decoding=\"async\" width=\"768\" height=\"768\" src=\"https:\/\/ulifeneed.com\/wp-content\/uploads\/2025\/11\/050-7-768x768.jpg\" class=\"attachment-medium_large size-medium_large\" alt=\"\" ids=\"1226,1221,1222,1223,1233,1232,1231,1230,1224\" size=\"medium_large\" columns=\"3\" link=\"none\" orderby=\"post__in\" include=\"1226,1221,1222,1223,1233,1232,1231,1230,1224\" srcset=\"https:\/\/ulifeneed.com\/wp-content\/uploads\/2025\/11\/050-7-768x768.jpg 768w, https:\/\/ulifeneed.com\/wp-content\/uploads\/2025\/11\/050-7-300x300.jpg 300w, https:\/\/ulifeneed.com\/wp-content\/uploads\/2025\/11\/050-7-150x150.jpg 150w, https:\/\/ulifeneed.com\/wp-content\/uploads\/2025\/11\/050-7-600x600.jpg 600w, https:\/\/ulifeneed.com\/wp-content\/uploads\/2025\/11\/050-7-100x100.jpg 100w, https:\/\/ulifeneed.com\/wp-content\/uploads\/2025\/11\/050-7.jpg 1000w\" sizes=\"(max-width: 768px) 100vw, 768px\" \/>\n\t\t<\/div>\n\t\t\t\t\t\t<\/div>\n\t\t\t\t<\/div>\n\t\t\t\t\t<\/div>\n\t\t\t\t<\/div>\n\t\t<div class=\"elementor-element elementor-element-48b475b e-flex e-con-boxed e-con e-parent\" data-id=\"48b475b\" data-element_type=\"container\" data-e-type=\"container\">\n\t\t\t\t\t<div class=\"e-con-inner\">\n\t\t\t\t<div class=\"elementor-element elementor-element-0f74b56 elementor-widget elementor-widget-text-editor\" data-id=\"0f74b56\" data-element_type=\"widget\" data-e-type=\"widget\" data-widget_type=\"text-editor.default\">\n\t\t\t\t<div class=\"elementor-widget-container\">\n\t\t\t\t\t\t\t\t\t<p><strong>---Tradici\u00f3n e individualidad<\/strong><br \/>El tradicional y sencillo color negro est\u00e1 en consonancia con el dise\u00f1o discreto de la oficina, y el exclusivo aspecto curvado resalta su gusto \u00fanico. Le permite perseguir una personalidad \u00fanica en la oficina y ser diferente.<\/p><p><strong>-- Conexi\u00f3n inal\u00e1mbrica 2.4G---<\/strong><br \/>Con 2.4G anti-jamming transmisi\u00f3n de la se\u00f1al, cuando la bater\u00eda es suficiente, la distancia m\u00e1s larga en un entorno abierto es de hasta 10M\/33FT .<\/p><p><strong>---12 meses de duraci\u00f3n de la bater\u00eda---<\/strong><br \/>El teclado se alimenta con una sola pila AAA.En la parte frontal del teclado hay un interruptor de encendido independiente que se apaga autom\u00e1ticamente en 10 minutos, y la duraci\u00f3n de la pila es de hasta 12 meses.<\/p><p><strong>----Disfruta del clic silencioso----<\/strong><br \/>La estructura \u00fanica del teclado puede reducir en gran medida el volumen de las teclas, y la percusi\u00f3n es m\u00e1s silenciosa. No te preocupes por molestar a los dem\u00e1s.<\/p><p><strong>--C\u00f3modo recorrido de la llave de 3 mm.<\/strong><br \/>Recorrido de la llave de 3 mm: rebote m\u00e1s c\u00f3modo, mejor respuesta, ninguna llave atascada o conectada.<\/p><p><strong>---Funci\u00f3n antisalpicaduras...<\/strong><br \/>Si accidentalmente derramas el agua de la taza de t\u00e9 sobre el teclado, l\u00edmpialo suavemente con una toallita de papel.<\/p>\t\t\t\t\t\t\t\t<\/div>\n\t\t\t\t<\/div>\n\t\t\t\t\t<\/div>\n\t\t\t\t<\/div>\n\t\t<div class=\"elementor-element elementor-element-8c190bd e-flex e-con-boxed e-con e-parent\" data-id=\"8c190bd\" data-element_type=\"container\" data-e-type=\"container\">\n\t\t\t\t\t<div class=\"e-con-inner\">\n\t\t\t\t<div class=\"elementor-element elementor-element-631cdb7 elementor-widget elementor-widget-image-gallery\" data-id=\"631cdb7\" data-element_type=\"widget\" data-e-type=\"widget\" data-widget_type=\"image-gallery.default\">\n\t\t\t\t<div class=\"elementor-widget-container\">\n\t\t\t\t\t\t\t<div class=\"elementor-image-gallery\">\n\t\t\t\n<img loading=\"lazy\" decoding=\"async\" width=\"1000\" height=\"618\" src=\"https:\/\/ulifeneed.com\/wp-content\/uploads\/2025\/11\/050-12.jpg\" class=\"attachment-full size-full\" alt=\"\" ids=\"1229,1228,1225\" size=\"full\" columns=\"1\" link=\"none\" orderby=\"post__in\" include=\"1229,1228,1225\" srcset=\"https:\/\/ulifeneed.com\/wp-content\/uploads\/2025\/11\/050-12.jpg 1000w, https:\/\/ulifeneed.com\/wp-content\/uploads\/2025\/11\/050-12-300x185.jpg 300w, https:\/\/ulifeneed.com\/wp-content\/uploads\/2025\/11\/050-12-768x475.jpg 768w, https:\/\/ulifeneed.com\/wp-content\/uploads\/2025\/11\/050-12-600x371.jpg 600w\" sizes=\"(max-width: 1000px) 100vw, 1000px\" \/>\n<img loading=\"lazy\" decoding=\"async\" width=\"1000\" height=\"618\" src=\"https:\/\/ulifeneed.com\/wp-content\/uploads\/2025\/11\/050-11.jpg\" class=\"attachment-full size-full\" alt=\"\" ids=\"1229,1228,1225\" size=\"full\" columns=\"1\" link=\"none\" orderby=\"post__in\" include=\"1229,1228,1225\" srcset=\"https:\/\/ulifeneed.com\/wp-content\/uploads\/2025\/11\/050-11.jpg 1000w, https:\/\/ulifeneed.com\/wp-content\/uploads\/2025\/11\/050-11-300x185.jpg 300w, https:\/\/ulifeneed.com\/wp-content\/uploads\/2025\/11\/050-11-768x475.jpg 768w, https:\/\/ulifeneed.com\/wp-content\/uploads\/2025\/11\/050-11-600x371.jpg 600w\" sizes=\"(max-width: 1000px) 100vw, 1000px\" \/>\n<img loading=\"lazy\" decoding=\"async\" width=\"1000\" height=\"618\" src=\"https:\/\/ulifeneed.com\/wp-content\/uploads\/2025\/11\/050-8.jpg\" class=\"attachment-full size-full\" alt=\"\" ids=\"1229,1228,1225\" size=\"full\" columns=\"1\" link=\"none\" orderby=\"post__in\" include=\"1229,1228,1225\" srcset=\"https:\/\/ulifeneed.com\/wp-content\/uploads\/2025\/11\/050-8.jpg 1000w, https:\/\/ulifeneed.com\/wp-content\/uploads\/2025\/11\/050-8-300x185.jpg 300w, https:\/\/ulifeneed.com\/wp-content\/uploads\/2025\/11\/050-8-768x475.jpg 768w, https:\/\/ulifeneed.com\/wp-content\/uploads\/2025\/11\/050-8-600x371.jpg 600w\" sizes=\"(max-width: 1000px) 100vw, 1000px\" \/>\n\t\t<\/div>\n\t\t\t\t\t\t<\/div>\n\t\t\t\t<\/div>\n\t\t\t\t\t<\/div>\n\t\t\t\t<\/div>\n\t\t<div class=\"elementor-element elementor-element-a3baa69 e-flex e-con-boxed e-con e-parent\" data-id=\"a3baa69\" data-element_type=\"container\" data-e-type=\"container\">\n\t\t\t\t\t<div class=\"e-con-inner\">\n\t\t\t\t<div class=\"elementor-element elementor-element-b56ecaa elementor-widget elementor-widget-text-editor\" data-id=\"b56ecaa\" data-element_type=\"widget\" data-e-type=\"widget\" data-widget_type=\"text-editor.default\">\n\t\t\t\t<div class=\"elementor-widget-container\">\n\t\t\t\t\t\t\t\t\t<h2>SOLUCI\u00d3N A LOS FALLOS DE CONEXI\u00d3N<\/h2><p>Extrae la pila AAA del teclado y el receptor USB del ordenador.<br \/>Vuelva a colocar la pila en el teclado e inserte el receptor USB en el ordenador.<br \/>Encienda el teclado.Mantenga una distancia de 20 cm entre el receptor usb y el teclado.Pulse las teclas \u201cEsc\u201d + \u201cK\u201d para reparar la conexi\u00f3n.<br \/>Si el teclado sigue sin funcionar, d\u00edganoslo y le daremos una respuesta satisfactoria.<\/p>\t\t\t\t\t\t\t\t<\/div>\n\t\t\t\t<\/div>\n\t\t\t\t\t<\/div>\n\t\t\t\t<\/div>\n\t\t\t\t<\/div>","protected":false},"excerpt":{"rendered":"<h2>MK98 Teclado Inal\u00e1mbrico, 2.4G Ergon\u00f3mico, Teclado de Ordenador, Luz Indicadora Ampliada, Teclado de PC de Tama\u00f1o Completo con Teclado Num\u00e9rico para Port\u00e1til, Sobremesa, Surface, Chromebook, Notebook, Negro<\/h2>\n<p>Dispositivos compatibles: Ordenador de sobremesa, port\u00e1til, PC, Surface<br \/>\nTecnolog\u00eda de conectividad: tecnolog\u00eda inal\u00e1mbrica 2.4G con receptor USB<br \/>\nDescripci\u00f3n del teclado: Multimedia<br \/>\nUsos recomendados del producto: Personal<br \/>\nCaracter\u00edstica especial: silencio<br \/>\nColor: Negro<br \/>\nEstilo: Teclado inal\u00e1mbrico Modern Simplicity<br \/>\nDimensiones del producto: 17.36\u2033L x 6.02\u2033W x 0.94\u2033H<br \/>\nComponentes incluidos: Cable USB<\/p>","protected":false},"featured_media":1217,"comment_status":"open","ping_status":"closed","template":"","meta":{"site-sidebar-layout":"no-sidebar","site-content-layout":"page-builder","ast-site-content-layout":"normal-width-container","site-content-style":"default","site-sidebar-style":"default","ast-global-header-display":"","ast-banner-title-visibility":"","ast-main-header-display":"","ast-hfb-above-header-display":"","ast-hfb-below-header-display":"","ast-hfb-mobile-header-display":"","site-post-title":"","ast-breadcrumbs-content":"","ast-featured-img":"disabled","footer-sml-layout":"","theme-transparent-header-meta":"default","adv-header-id-meta":"","stick-header-meta":"","header-above-stick-meta":"","header-main-stick-meta":"","header-below-stick-meta":"","astra-migrate-meta-layouts":"set","ast-page-background-enabled":"default","ast-page-background-meta":{"desktop":{"background-color":"","background-image":"","background-repeat":"repeat","background-position":"center center","background-size":"auto","background-attachment":"scroll","background-type":"","background-media":"","overlay-type":"","overlay-color":"","overlay-opacity":"","overlay-gradient":""},"tablet":{"background-color":"","background-image":"","background-repeat":"repeat","background-position":"center center","background-size":"auto","background-attachment":"scroll","background-type":"","background-media":"","overlay-type":"","overlay-color":"","overlay-opacity":"","overlay-gradient":""},"mobile":{"background-color":"","background-image":"","background-repeat":"repeat","background-position":"center center","background-size":"auto","background-attachment":"scroll","background-type":"","background-media":"","overlay-type":"","overlay-color":"","overlay-opacity":"","overlay-gradient":""}},"ast-content-background-meta":{"desktop":{"background-color":"var(--ast-global-color-5)","background-image":"","background-repeat":"repeat","background-position":"center center","background-size":"auto","background-attachment":"scroll","background-type":"","background-media":"","overlay-type":"","overlay-color":"","overlay-opacity":"","overlay-gradient":""},"tablet":{"background-color":"var(--ast-global-color-5)","background-image":"","background-repeat":"repeat","background-position":"center center","background-size":"auto","background-attachment":"scroll","background-type":"","background-media":"","overlay-type":"","overlay-color":"","overlay-opacity":"","overlay-gradient":""},"mobile":{"background-color":"var(--ast-global-color-5)","background-image":"","background-repeat":"repeat","background-position":"center center","background-size":"auto","background-attachment":"scroll","background-type":"","background-media":"","overlay-type":"","overlay-color":"","overlay-opacity":"","overlay-gradient":""}}},"product_brand":[],"product_cat":[32,15],"product_tag":[],"class_list":{"0":"post-1216","1":"product","2":"type-product","3":"status-publish","4":"has-post-thumbnail","6":"product_cat-computer-keyboards","7":"product_cat-3c-electronic-products","8":"desktop-align-left","9":"tablet-align-left","10":"mobile-align-left","12":"first","13":"instock","14":"sale","15":"shipping-taxable","16":"purchasable","17":"product-type-simple"},"_links":{"self":[{"href":"https:\/\/ulifeneed.com\/es\/wp-json\/wp\/v2\/product\/1216","targetHints":{"allow":["GET"]}}],"collection":[{"href":"https:\/\/ulifeneed.com\/es\/wp-json\/wp\/v2\/product"}],"about":[{"href":"https:\/\/ulifeneed.com\/es\/wp-json\/wp\/v2\/types\/product"}],"replies":[{"embeddable":true,"href":"https:\/\/ulifeneed.com\/es\/wp-json\/wp\/v2\/comments?post=1216"}],"version-history":[{"count":6,"href":"https:\/\/ulifeneed.com\/es\/wp-json\/wp\/v2\/product\/1216\/revisions"}],"predecessor-version":[{"id":1512,"href":"https:\/\/ulifeneed.com\/es\/wp-json\/wp\/v2\/product\/1216\/revisions\/1512"}],"wp:featuredmedia":[{"embeddable":true,"href":"https:\/\/ulifeneed.com\/es\/wp-json\/wp\/v2\/media\/1217"}],"wp:attachment":[{"href":"https:\/\/ulifeneed.com\/es\/wp-json\/wp\/v2\/media?parent=1216"}],"wp:term":[{"taxonomy":"product_brand","embeddable":true,"href":"https:\/\/ulifeneed.com\/es\/wp-json\/wp\/v2\/product_brand?post=1216"},{"taxonomy":"product_cat","embeddable":true,"href":"https:\/\/ulifeneed.com\/es\/wp-json\/wp\/v2\/product_cat?post=1216"},{"taxonomy":"product_tag","embeddable":true,"href":"https:\/\/ulifeneed.com\/es\/wp-json\/wp\/v2\/product_tag?post=1216"}],"curies":[{"name":"wp","href":"https:\/\/api.w.org\/{rel}","templated":true}]}}