{"id":1197,"date":"2025-11-07T07:49:34","date_gmt":"2025-11-07T07:49:34","guid":{"rendered":"https:\/\/ulifeneed.com\/?post_type=product&#038;p=1197"},"modified":"2025-11-28T04:50:50","modified_gmt":"2025-11-28T04:50:50","slug":"k250-teclado-bluetooth-con-teclado-numerico-facil-conectividad","status":"publish","type":"product","link":"https:\/\/ulifeneed.com\/es\/product\/k250-bluetooth-keyboard-with-numpad-easy-connectivity\/","title":{"rendered":"Teclado Bluetooth K250 con Numpad, f\u00e1cil conectividad, teclado inal\u00e1mbrico compacto fabricado con pl\u00e1stico reciclado, resistente a salpicaduras, teclas c\u00f3modas - Windows\/MacOS - Grafito"},"content":{"rendered":"<div data-elementor-type=\"wp-post\" data-elementor-id=\"1197\" class=\"elementor elementor-1197\">\n\t\t\t\t<div class=\"elementor-element elementor-element-7ab7465 e-flex e-con-boxed e-con e-parent\" data-id=\"7ab7465\" data-element_type=\"container\" data-e-type=\"container\">\n\t\t\t\t\t<div class=\"e-con-inner\">\n\t\t\t\t<div class=\"elementor-element elementor-element-01349a5 elementor-widget elementor-widget-text-editor\" data-id=\"01349a5\" data-element_type=\"widget\" data-e-type=\"widget\" data-widget_type=\"text-editor.default\">\n\t\t\t\t<div class=\"elementor-widget-container\">\n\t\t\t\t\t\t\t\t\t<p><strong>1.Con\u00e9ctate en segundos<\/strong>: La tecnolog\u00eda inal\u00e1mbrica Bluetooth se conecta de forma r\u00e1pida y sencilla, sin necesidad de dongle ni puerto USB.<\/p><p><strong>2.Duradero y fiable<\/strong>: Fabricada para ofrecer calidad, la K250 ofrece teclas duraderas y un dise\u00f1o resistente a salpicaduras (2)<\/p><p><strong>3.La comodidad es la clave<\/strong>: Teclas de perfil profundo y un dise\u00f1o de pata inclinable ajustable hacen que teclear resulte muy c\u00f3modo<\/p><p><strong>4.Ahorro de espacio<\/strong>con un dise\u00f1o compacto que incluye teclado num\u00e9rico, teclas de flecha y pr\u00e1cticos atajos de teclado F.<\/p><p><strong>5.Fabricado de forma responsable<\/strong>: Dise\u00f1adas para durar, las piezas de pl\u00e1stico K250 est\u00e1n fabricadas de forma duradera con un m\u00ednimo de pl\u00e1stico reciclado 64% (3) para resistir el uso diario.<\/p><p><strong>6.Duraci\u00f3n de la bater\u00eda sin preocupaciones<\/strong>: disfrute de 12 meses de uso diario antes de cambiar las pilas (1)<\/p>\t\t\t\t\t\t\t\t<\/div>\n\t\t\t\t<\/div>\n\t\t\t\t\t<\/div>\n\t\t\t\t<\/div>\n\t\t<div class=\"elementor-element elementor-element-86893d4 e-flex e-con-boxed e-con e-parent\" data-id=\"86893d4\" data-element_type=\"container\" data-e-type=\"container\">\n\t\t\t\t\t<div class=\"e-con-inner\">\n\t\t\t\t<div class=\"elementor-element elementor-element-8714e9f elementor-widget elementor-widget-image-gallery\" data-id=\"8714e9f\" data-element_type=\"widget\" data-e-type=\"widget\" data-widget_type=\"image-gallery.default\">\n\t\t\t\t<div class=\"elementor-widget-container\">\n\t\t\t\t\t\t\t<div class=\"elementor-image-gallery\">\n\t\t\t\n<img fetchpriority=\"high\" decoding=\"async\" width=\"768\" height=\"768\" src=\"https:\/\/ulifeneed.com\/wp-content\/uploads\/2025\/11\/046-7-768x768.jpg\" class=\"attachment-medium_large size-medium_large\" alt=\"\" ids=\"1211,1210,1209,1203,1202,1201\" size=\"medium_large\" columns=\"3\" link=\"none\" orderby=\"post__in\" include=\"1211,1210,1209,1203,1202,1201\" srcset=\"https:\/\/ulifeneed.com\/wp-content\/uploads\/2025\/11\/046-7-768x768.jpg 768w, https:\/\/ulifeneed.com\/wp-content\/uploads\/2025\/11\/046-7-300x300.jpg 300w, https:\/\/ulifeneed.com\/wp-content\/uploads\/2025\/11\/046-7-150x150.jpg 150w, https:\/\/ulifeneed.com\/wp-content\/uploads\/2025\/11\/046-7-600x600.jpg 600w, https:\/\/ulifeneed.com\/wp-content\/uploads\/2025\/11\/046-7-100x100.jpg 100w, https:\/\/ulifeneed.com\/wp-content\/uploads\/2025\/11\/046-7.jpg 1000w\" sizes=\"(max-width: 768px) 100vw, 768px\" \/>\n<img decoding=\"async\" width=\"768\" height=\"768\" src=\"https:\/\/ulifeneed.com\/wp-content\/uploads\/2025\/11\/046-6-768x768.jpg\" class=\"attachment-medium_large size-medium_large\" alt=\"\" ids=\"1211,1210,1209,1203,1202,1201\" size=\"medium_large\" columns=\"3\" link=\"none\" orderby=\"post__in\" include=\"1211,1210,1209,1203,1202,1201\" srcset=\"https:\/\/ulifeneed.com\/wp-content\/uploads\/2025\/11\/046-6-768x768.jpg 768w, https:\/\/ulifeneed.com\/wp-content\/uploads\/2025\/11\/046-6-300x300.jpg 300w, https:\/\/ulifeneed.com\/wp-content\/uploads\/2025\/11\/046-6-150x150.jpg 150w, https:\/\/ulifeneed.com\/wp-content\/uploads\/2025\/11\/046-6-600x600.jpg 600w, https:\/\/ulifeneed.com\/wp-content\/uploads\/2025\/11\/046-6-100x100.jpg 100w, https:\/\/ulifeneed.com\/wp-content\/uploads\/2025\/11\/046-6.jpg 1000w\" sizes=\"(max-width: 768px) 100vw, 768px\" \/>\n<img decoding=\"async\" width=\"768\" height=\"768\" src=\"https:\/\/ulifeneed.com\/wp-content\/uploads\/2025\/11\/046-5-768x768.jpg\" class=\"attachment-medium_large size-medium_large\" alt=\"\" ids=\"1211,1210,1209,1203,1202,1201\" size=\"medium_large\" columns=\"3\" link=\"none\" orderby=\"post__in\" include=\"1211,1210,1209,1203,1202,1201\" srcset=\"https:\/\/ulifeneed.com\/wp-content\/uploads\/2025\/11\/046-5-768x768.jpg 768w, https:\/\/ulifeneed.com\/wp-content\/uploads\/2025\/11\/046-5-300x300.jpg 300w, https:\/\/ulifeneed.com\/wp-content\/uploads\/2025\/11\/046-5-150x150.jpg 150w, https:\/\/ulifeneed.com\/wp-content\/uploads\/2025\/11\/046-5-600x600.jpg 600w, https:\/\/ulifeneed.com\/wp-content\/uploads\/2025\/11\/046-5-100x100.jpg 100w, https:\/\/ulifeneed.com\/wp-content\/uploads\/2025\/11\/046-5.jpg 1000w\" sizes=\"(max-width: 768px) 100vw, 768px\" \/>\n<img loading=\"lazy\" decoding=\"async\" width=\"768\" height=\"768\" src=\"https:\/\/ulifeneed.com\/wp-content\/uploads\/2025\/11\/046-9-768x768.jpg\" class=\"attachment-medium_large size-medium_large\" alt=\"\" ids=\"1211,1210,1209,1203,1202,1201\" size=\"medium_large\" columns=\"3\" link=\"none\" orderby=\"post__in\" include=\"1211,1210,1209,1203,1202,1201\" srcset=\"https:\/\/ulifeneed.com\/wp-content\/uploads\/2025\/11\/046-9-768x768.jpg 768w, https:\/\/ulifeneed.com\/wp-content\/uploads\/2025\/11\/046-9-300x300.jpg 300w, https:\/\/ulifeneed.com\/wp-content\/uploads\/2025\/11\/046-9-150x150.jpg 150w, https:\/\/ulifeneed.com\/wp-content\/uploads\/2025\/11\/046-9-600x600.jpg 600w, https:\/\/ulifeneed.com\/wp-content\/uploads\/2025\/11\/046-9-100x100.jpg 100w, https:\/\/ulifeneed.com\/wp-content\/uploads\/2025\/11\/046-9.jpg 1000w\" sizes=\"(max-width: 768px) 100vw, 768px\" \/>\n<img loading=\"lazy\" decoding=\"async\" width=\"768\" height=\"768\" src=\"https:\/\/ulifeneed.com\/wp-content\/uploads\/2025\/11\/046-8-768x768.jpg\" class=\"attachment-medium_large size-medium_large\" alt=\"\" ids=\"1211,1210,1209,1203,1202,1201\" size=\"medium_large\" columns=\"3\" link=\"none\" orderby=\"post__in\" include=\"1211,1210,1209,1203,1202,1201\" srcset=\"https:\/\/ulifeneed.com\/wp-content\/uploads\/2025\/11\/046-8-768x768.jpg 768w, https:\/\/ulifeneed.com\/wp-content\/uploads\/2025\/11\/046-8-300x300.jpg 300w, https:\/\/ulifeneed.com\/wp-content\/uploads\/2025\/11\/046-8-150x150.jpg 150w, https:\/\/ulifeneed.com\/wp-content\/uploads\/2025\/11\/046-8-600x600.jpg 600w, https:\/\/ulifeneed.com\/wp-content\/uploads\/2025\/11\/046-8-100x100.jpg 100w, https:\/\/ulifeneed.com\/wp-content\/uploads\/2025\/11\/046-8.jpg 1000w\" sizes=\"(max-width: 768px) 100vw, 768px\" \/>\n<img loading=\"lazy\" decoding=\"async\" width=\"768\" height=\"768\" src=\"https:\/\/ulifeneed.com\/wp-content\/uploads\/2025\/11\/046-4-768x768.jpg\" class=\"attachment-medium_large size-medium_large\" alt=\"\" ids=\"1211,1210,1209,1203,1202,1201\" size=\"medium_large\" columns=\"3\" link=\"none\" orderby=\"post__in\" include=\"1211,1210,1209,1203,1202,1201\" srcset=\"https:\/\/ulifeneed.com\/wp-content\/uploads\/2025\/11\/046-4-768x768.jpg 768w, https:\/\/ulifeneed.com\/wp-content\/uploads\/2025\/11\/046-4-300x300.jpg 300w, https:\/\/ulifeneed.com\/wp-content\/uploads\/2025\/11\/046-4-150x150.jpg 150w, https:\/\/ulifeneed.com\/wp-content\/uploads\/2025\/11\/046-4-600x600.jpg 600w, https:\/\/ulifeneed.com\/wp-content\/uploads\/2025\/11\/046-4-100x100.jpg 100w, https:\/\/ulifeneed.com\/wp-content\/uploads\/2025\/11\/046-4.jpg 1000w\" sizes=\"(max-width: 768px) 100vw, 768px\" \/>\n\t\t<\/div>\n\t\t\t\t\t\t<\/div>\n\t\t\t\t<\/div>\n\t\t\t\t\t<\/div>\n\t\t\t\t<\/div>\n\t\t<div class=\"elementor-element elementor-element-48b475b e-flex e-con-boxed e-con e-parent\" data-id=\"48b475b\" data-element_type=\"container\" data-e-type=\"container\">\n\t\t\t\t\t<div class=\"e-con-inner\">\n\t\t\t\t<div class=\"elementor-element elementor-element-0f74b56 elementor-widget elementor-widget-text-editor\" data-id=\"0f74b56\" data-element_type=\"widget\" data-e-type=\"widget\" data-widget_type=\"text-editor.default\">\n\t\t\t\t<div class=\"elementor-widget-container\">\n\t\t\t\t\t\t\t\t\t<p>El teclado Bluetooth ulifeneed K250 ofrece conectividad Bluetooth\u00ae sin esfuerzo. Se conecta en segundos sin necesidad de dongle, liberando puertos USB y garantizando un espacio de trabajo despejado. Fabricado para durar, el K250 tiene un dise\u00f1o resistente a salpicaduras (2) para un rendimiento fiable, lo que lo convierte en la opci\u00f3n ideal para un hogar ajetreado. Disfrute de teclas r\u00e1pidas, sensibles y de perfil profundo que proporcionan una sensaci\u00f3n familiar y uniforme, y de pulsaciones precisas que le ayudar\u00e1n a mantenerse concentrado y c\u00f3modo. A pesar de su tama\u00f1o compacto, el K250 incluye un teclado num\u00e9rico y todas las teclas de funci\u00f3n esenciales, lo que proporciona una funcionalidad completa en un dise\u00f1o que ahorra espacio, perfecto para espacios reducidos o para usar sobre la marcha. K250 est\u00e1 fabricado para durar con piezas de pl\u00e1stico que utilizan un m\u00ednimo de materiales reciclados 64%. (3) Este teclado subraya el compromiso de ulifeneed con la sostenibilidad, ofreciendo un producto duradero.<\/p><h2>Contenido de la caja<\/h2><p>1x teclado con 2x pilas AAA (preinstaladas)<br \/>1x Documentaci\u00f3n de usuario<br \/>1x QSG impresa en el embalaje<\/p>\t\t\t\t\t\t\t\t<\/div>\n\t\t\t\t<\/div>\n\t\t\t\t\t<\/div>\n\t\t\t\t<\/div>\n\t\t<div class=\"elementor-element elementor-element-8c190bd e-flex e-con-boxed e-con e-parent\" data-id=\"8c190bd\" data-element_type=\"container\" data-e-type=\"container\">\n\t\t\t\t\t<div class=\"e-con-inner\">\n\t\t\t\t<div class=\"elementor-element elementor-element-631cdb7 elementor-widget elementor-widget-image-gallery\" data-id=\"631cdb7\" data-element_type=\"widget\" data-e-type=\"widget\" data-widget_type=\"image-gallery.default\">\n\t\t\t\t<div class=\"elementor-widget-container\">\n\t\t\t\t\t\t\t<div class=\"elementor-image-gallery\">\n\t\t\t\n<img loading=\"lazy\" decoding=\"async\" width=\"1000\" height=\"409\" src=\"https:\/\/ulifeneed.com\/wp-content\/uploads\/2025\/11\/046-12.jpg\" class=\"attachment-full size-full\" alt=\"\" ids=\"1206,1205,1204,1207,1208\" size=\"full\" columns=\"1\" link=\"none\" orderby=\"post__in\" include=\"1206,1205,1204,1207,1208\" srcset=\"https:\/\/ulifeneed.com\/wp-content\/uploads\/2025\/11\/046-12.jpg 1000w, https:\/\/ulifeneed.com\/wp-content\/uploads\/2025\/11\/046-12-300x123.jpg 300w, https:\/\/ulifeneed.com\/wp-content\/uploads\/2025\/11\/046-12-768x314.jpg 768w, https:\/\/ulifeneed.com\/wp-content\/uploads\/2025\/11\/046-12-600x245.jpg 600w\" sizes=\"(max-width: 1000px) 100vw, 1000px\" \/>\n<img loading=\"lazy\" decoding=\"async\" width=\"1000\" height=\"409\" src=\"https:\/\/ulifeneed.com\/wp-content\/uploads\/2025\/11\/046-11.jpg\" class=\"attachment-full size-full\" alt=\"\" ids=\"1206,1205,1204,1207,1208\" size=\"full\" columns=\"1\" link=\"none\" orderby=\"post__in\" include=\"1206,1205,1204,1207,1208\" srcset=\"https:\/\/ulifeneed.com\/wp-content\/uploads\/2025\/11\/046-11.jpg 1000w, https:\/\/ulifeneed.com\/wp-content\/uploads\/2025\/11\/046-11-300x123.jpg 300w, https:\/\/ulifeneed.com\/wp-content\/uploads\/2025\/11\/046-11-768x314.jpg 768w, https:\/\/ulifeneed.com\/wp-content\/uploads\/2025\/11\/046-11-600x245.jpg 600w\" sizes=\"(max-width: 1000px) 100vw, 1000px\" \/>\n<img loading=\"lazy\" decoding=\"async\" width=\"1000\" height=\"538\" src=\"https:\/\/ulifeneed.com\/wp-content\/uploads\/2025\/11\/046-10.jpg\" class=\"attachment-full size-full\" alt=\"\" ids=\"1206,1205,1204,1207,1208\" size=\"full\" columns=\"1\" link=\"none\" orderby=\"post__in\" include=\"1206,1205,1204,1207,1208\" srcset=\"https:\/\/ulifeneed.com\/wp-content\/uploads\/2025\/11\/046-10.jpg 1000w, https:\/\/ulifeneed.com\/wp-content\/uploads\/2025\/11\/046-10-300x161.jpg 300w, https:\/\/ulifeneed.com\/wp-content\/uploads\/2025\/11\/046-10-768x413.jpg 768w, https:\/\/ulifeneed.com\/wp-content\/uploads\/2025\/11\/046-10-600x323.jpg 600w\" sizes=\"(max-width: 1000px) 100vw, 1000px\" \/>\n<img loading=\"lazy\" decoding=\"async\" width=\"1000\" height=\"538\" src=\"https:\/\/ulifeneed.com\/wp-content\/uploads\/2025\/11\/046-13.jpg\" class=\"attachment-full size-full\" alt=\"\" ids=\"1206,1205,1204,1207,1208\" size=\"full\" columns=\"1\" link=\"none\" orderby=\"post__in\" include=\"1206,1205,1204,1207,1208\" srcset=\"https:\/\/ulifeneed.com\/wp-content\/uploads\/2025\/11\/046-13.jpg 1000w, https:\/\/ulifeneed.com\/wp-content\/uploads\/2025\/11\/046-13-300x161.jpg 300w, https:\/\/ulifeneed.com\/wp-content\/uploads\/2025\/11\/046-13-768x413.jpg 768w, https:\/\/ulifeneed.com\/wp-content\/uploads\/2025\/11\/046-13-600x323.jpg 600w\" sizes=\"(max-width: 1000px) 100vw, 1000px\" \/>\n<img loading=\"lazy\" decoding=\"async\" width=\"1000\" height=\"409\" src=\"https:\/\/ulifeneed.com\/wp-content\/uploads\/2025\/11\/046-14.jpg\" class=\"attachment-full size-full\" alt=\"\" ids=\"1206,1205,1204,1207,1208\" size=\"full\" columns=\"1\" link=\"none\" orderby=\"post__in\" include=\"1206,1205,1204,1207,1208\" srcset=\"https:\/\/ulifeneed.com\/wp-content\/uploads\/2025\/11\/046-14.jpg 1000w, https:\/\/ulifeneed.com\/wp-content\/uploads\/2025\/11\/046-14-300x123.jpg 300w, https:\/\/ulifeneed.com\/wp-content\/uploads\/2025\/11\/046-14-768x314.jpg 768w, https:\/\/ulifeneed.com\/wp-content\/uploads\/2025\/11\/046-14-600x245.jpg 600w\" sizes=\"(max-width: 1000px) 100vw, 1000px\" \/>\n\t\t<\/div>\n\t\t\t\t\t\t<\/div>\n\t\t\t\t<\/div>\n\t\t\t\t\t<\/div>\n\t\t\t\t<\/div>\n\t\t\t\t<\/div>","protected":false},"excerpt":{"rendered":"<h2>Teclado Bluetooth K250 con Numpad, f\u00e1cil conectividad, teclado inal\u00e1mbrico compacto fabricado con pl\u00e1stico reciclado, resistente a salpicaduras, teclas c\u00f3modas - Windows\/MacOS - Grafito<\/h2>\n<p>Color: Grafito<br \/>\nTecnolog\u00eda de conectividad: Bluetooth<br \/>\nCaracter\u00edstica especial: Ligero, port\u00e1til<br \/>\nDispositivos compatibles: Port\u00e1til, Ordenador personal, Tableta<\/p>","protected":false},"featured_media":1198,"comment_status":"open","ping_status":"closed","template":"","meta":{"site-sidebar-layout":"no-sidebar","site-content-layout":"page-builder","ast-site-content-layout":"normal-width-container","site-content-style":"default","site-sidebar-style":"default","ast-global-header-display":"","ast-banner-title-visibility":"","ast-main-header-display":"","ast-hfb-above-header-display":"","ast-hfb-below-header-display":"","ast-hfb-mobile-header-display":"","site-post-title":"","ast-breadcrumbs-content":"","ast-featured-img":"disabled","footer-sml-layout":"","theme-transparent-header-meta":"default","adv-header-id-meta":"","stick-header-meta":"","header-above-stick-meta":"","header-main-stick-meta":"","header-below-stick-meta":"","astra-migrate-meta-layouts":"set","ast-page-background-enabled":"default","ast-page-background-meta":{"desktop":{"background-color":"","background-image":"","background-repeat":"repeat","background-position":"center center","background-size":"auto","background-attachment":"scroll","background-type":"","background-media":"","overlay-type":"","overlay-color":"","overlay-opacity":"","overlay-gradient":""},"tablet":{"background-color":"","background-image":"","background-repeat":"repeat","background-position":"center center","background-size":"auto","background-attachment":"scroll","background-type":"","background-media":"","overlay-type":"","overlay-color":"","overlay-opacity":"","overlay-gradient":""},"mobile":{"background-color":"","background-image":"","background-repeat":"repeat","background-position":"center center","background-size":"auto","background-attachment":"scroll","background-type":"","background-media":"","overlay-type":"","overlay-color":"","overlay-opacity":"","overlay-gradient":""}},"ast-content-background-meta":{"desktop":{"background-color":"var(--ast-global-color-5)","background-image":"","background-repeat":"repeat","background-position":"center center","background-size":"auto","background-attachment":"scroll","background-type":"","background-media":"","overlay-type":"","overlay-color":"","overlay-opacity":"","overlay-gradient":""},"tablet":{"background-color":"var(--ast-global-color-5)","background-image":"","background-repeat":"repeat","background-position":"center center","background-size":"auto","background-attachment":"scroll","background-type":"","background-media":"","overlay-type":"","overlay-color":"","overlay-opacity":"","overlay-gradient":""},"mobile":{"background-color":"var(--ast-global-color-5)","background-image":"","background-repeat":"repeat","background-position":"center center","background-size":"auto","background-attachment":"scroll","background-type":"","background-media":"","overlay-type":"","overlay-color":"","overlay-opacity":"","overlay-gradient":""}}},"product_brand":[],"product_cat":[32,15],"product_tag":[],"class_list":{"0":"post-1197","1":"product","2":"type-product","3":"status-publish","4":"has-post-thumbnail","6":"product_cat-computer-keyboards","7":"product_cat-3c-electronic-products","8":"desktop-align-left","9":"tablet-align-left","10":"mobile-align-left","12":"first","13":"instock","14":"sale","15":"shipping-taxable","16":"purchasable","17":"product-type-simple"},"_links":{"self":[{"href":"https:\/\/ulifeneed.com\/es\/wp-json\/wp\/v2\/product\/1197","targetHints":{"allow":["GET"]}}],"collection":[{"href":"https:\/\/ulifeneed.com\/es\/wp-json\/wp\/v2\/product"}],"about":[{"href":"https:\/\/ulifeneed.com\/es\/wp-json\/wp\/v2\/types\/product"}],"replies":[{"embeddable":true,"href":"https:\/\/ulifeneed.com\/es\/wp-json\/wp\/v2\/comments?post=1197"}],"version-history":[{"count":6,"href":"https:\/\/ulifeneed.com\/es\/wp-json\/wp\/v2\/product\/1197\/revisions"}],"predecessor-version":[{"id":1511,"href":"https:\/\/ulifeneed.com\/es\/wp-json\/wp\/v2\/product\/1197\/revisions\/1511"}],"wp:featuredmedia":[{"embeddable":true,"href":"https:\/\/ulifeneed.com\/es\/wp-json\/wp\/v2\/media\/1198"}],"wp:attachment":[{"href":"https:\/\/ulifeneed.com\/es\/wp-json\/wp\/v2\/media?parent=1197"}],"wp:term":[{"taxonomy":"product_brand","embeddable":true,"href":"https:\/\/ulifeneed.com\/es\/wp-json\/wp\/v2\/product_brand?post=1197"},{"taxonomy":"product_cat","embeddable":true,"href":"https:\/\/ulifeneed.com\/es\/wp-json\/wp\/v2\/product_cat?post=1197"},{"taxonomy":"product_tag","embeddable":true,"href":"https:\/\/ulifeneed.com\/es\/wp-json\/wp\/v2\/product_tag?post=1197"}],"curies":[{"name":"wp","href":"https:\/\/api.w.org\/{rel}","templated":true}]}}