{"id":1180,"date":"2025-11-07T07:38:23","date_gmt":"2025-11-07T07:38:23","guid":{"rendered":"https:\/\/ulifeneed.com\/?post_type=product&#038;p=1180"},"modified":"2025-11-28T04:50:41","modified_gmt":"2025-11-28T04:50:41","slug":"bk10-teclado-bluetooth-universal-bluetooth","status":"publish","type":"product","link":"https:\/\/ulifeneed.com\/es\/product\/bk10-bluetooth-keyboard-universal-bluetooth\/","title":{"rendered":"Teclado Bluetooth BK10, teclado inal\u00e1mbrico universal Bluetooth 5.1 con teclado num\u00e9rico, dise\u00f1o ergon\u00f3mico, compatibilidad con varios dispositivos, conexi\u00f3n estable para Mac, iPad, iPhone, Android y Windows."},"content":{"rendered":"<div data-elementor-type=\"wp-post\" data-elementor-id=\"1180\" class=\"elementor elementor-1180\">\n\t\t\t\t<div class=\"elementor-element elementor-element-7ab7465 e-flex e-con-boxed e-con e-parent\" data-id=\"7ab7465\" data-element_type=\"container\" data-e-type=\"container\">\n\t\t\t\t\t<div class=\"e-con-inner\">\n\t\t\t\t<div class=\"elementor-element elementor-element-01349a5 elementor-widget elementor-widget-text-editor\" data-id=\"01349a5\" data-element_type=\"widget\" data-e-type=\"widget\" data-widget_type=\"text-editor.default\">\n\t\t\t\t<div class=\"elementor-widget-container\">\n\t\t\t\t\t\t\t\t\t<p>1.Mecanograf\u00eda silenciosa para una mayor concentraci\u00f3n: Las teclas de tijera de bajo nivel sonoro ofrecen la comodidad de un port\u00e1til y reducen la fatiga de los dedos. Perfecto para oficinas abiertas, espacios de trabajo en casa y largas sesiones de mecanograf\u00eda.<\/p><p>2.Conexi\u00f3n multidispositivo: Empar\u00e9jate con hasta tres dispositivos y cambia con un solo toque. La reconexi\u00f3n instant\u00e1nea mantiene tu flujo de trabajo sin interrupciones en Mac, Windows, iOS y Android.<\/p><p>3.Elegante e Inal\u00e1mbrico: Construcci\u00f3n en acero inoxidable y Abs con una inclinaci\u00f3n de 10\u00ba. Permite un funcionamiento sin racimos en su escritorio, por lo que es una opci\u00f3n ideal para su uso en la oficina.<\/p><p>4.Compact &amp; Efficlent: Construido con un teclado num\u00e9rico est\u00e1ndar. Dispone de teclas de acceso r\u00e1pido, calculadora, bloqueo de Fn, silencio, subir y bajar volumen, etc., para aumentar tu flujo de trabajo y productividad.<\/p><p>5.USB-C recargable y ahorro de energ\u00eda: La bater\u00eda recargable proporciona 45 d\u00edas de uso despu\u00e9s de 2 horas de carga.Ahorro de energ\u00eda lleva el teclado a dormir despu\u00e9s de 30 minutos de inactividad. (Pulse cualquier tecla para despertar).<\/p><p>6.Cubierta de silicona adjunta para proteger las llaves.<\/p>\t\t\t\t\t\t\t\t<\/div>\n\t\t\t\t<\/div>\n\t\t\t\t\t<\/div>\n\t\t\t\t<\/div>\n\t\t<div class=\"elementor-element elementor-element-86893d4 e-flex e-con-boxed e-con e-parent\" data-id=\"86893d4\" data-element_type=\"container\" data-e-type=\"container\">\n\t\t\t\t\t<div class=\"e-con-inner\">\n\t\t\t\t<div class=\"elementor-element elementor-element-8714e9f elementor-widget elementor-widget-image-gallery\" data-id=\"8714e9f\" data-element_type=\"widget\" data-e-type=\"widget\" data-widget_type=\"image-gallery.default\">\n\t\t\t\t<div class=\"elementor-widget-container\">\n\t\t\t\t\t\t\t<div class=\"elementor-image-gallery\">\n\t\t\t\n<img fetchpriority=\"high\" decoding=\"async\" width=\"768\" height=\"768\" src=\"https:\/\/ulifeneed.com\/wp-content\/uploads\/2025\/11\/045-6-768x768.jpg\" class=\"attachment-medium_large size-medium_large\" alt=\"\" ids=\"1186,1185,1184,1183,1182,1187\" size=\"medium_large\" columns=\"3\" link=\"none\" orderby=\"post__in\" include=\"1186,1185,1184,1183,1182,1187\" srcset=\"https:\/\/ulifeneed.com\/wp-content\/uploads\/2025\/11\/045-6-768x768.jpg 768w, https:\/\/ulifeneed.com\/wp-content\/uploads\/2025\/11\/045-6-300x300.jpg 300w, https:\/\/ulifeneed.com\/wp-content\/uploads\/2025\/11\/045-6-150x150.jpg 150w, https:\/\/ulifeneed.com\/wp-content\/uploads\/2025\/11\/045-6-600x600.jpg 600w, https:\/\/ulifeneed.com\/wp-content\/uploads\/2025\/11\/045-6-100x100.jpg 100w, https:\/\/ulifeneed.com\/wp-content\/uploads\/2025\/11\/045-6.jpg 1000w\" sizes=\"(max-width: 768px) 100vw, 768px\" \/>\n<img decoding=\"async\" width=\"768\" height=\"768\" src=\"https:\/\/ulifeneed.com\/wp-content\/uploads\/2025\/11\/045-5-768x768.jpg\" class=\"attachment-medium_large size-medium_large\" alt=\"\" ids=\"1186,1185,1184,1183,1182,1187\" size=\"medium_large\" columns=\"3\" link=\"none\" orderby=\"post__in\" include=\"1186,1185,1184,1183,1182,1187\" srcset=\"https:\/\/ulifeneed.com\/wp-content\/uploads\/2025\/11\/045-5-768x768.jpg 768w, https:\/\/ulifeneed.com\/wp-content\/uploads\/2025\/11\/045-5-300x300.jpg 300w, https:\/\/ulifeneed.com\/wp-content\/uploads\/2025\/11\/045-5-150x150.jpg 150w, https:\/\/ulifeneed.com\/wp-content\/uploads\/2025\/11\/045-5-600x600.jpg 600w, https:\/\/ulifeneed.com\/wp-content\/uploads\/2025\/11\/045-5-100x100.jpg 100w, https:\/\/ulifeneed.com\/wp-content\/uploads\/2025\/11\/045-5.jpg 1000w\" sizes=\"(max-width: 768px) 100vw, 768px\" \/>\n<img decoding=\"async\" width=\"768\" height=\"768\" src=\"https:\/\/ulifeneed.com\/wp-content\/uploads\/2025\/11\/045-4-768x768.jpg\" class=\"attachment-medium_large size-medium_large\" alt=\"\" ids=\"1186,1185,1184,1183,1182,1187\" size=\"medium_large\" columns=\"3\" link=\"none\" orderby=\"post__in\" include=\"1186,1185,1184,1183,1182,1187\" srcset=\"https:\/\/ulifeneed.com\/wp-content\/uploads\/2025\/11\/045-4-768x768.jpg 768w, https:\/\/ulifeneed.com\/wp-content\/uploads\/2025\/11\/045-4-300x300.jpg 300w, https:\/\/ulifeneed.com\/wp-content\/uploads\/2025\/11\/045-4-150x150.jpg 150w, https:\/\/ulifeneed.com\/wp-content\/uploads\/2025\/11\/045-4-600x600.jpg 600w, https:\/\/ulifeneed.com\/wp-content\/uploads\/2025\/11\/045-4-100x100.jpg 100w, https:\/\/ulifeneed.com\/wp-content\/uploads\/2025\/11\/045-4.jpg 1000w\" sizes=\"(max-width: 768px) 100vw, 768px\" \/>\n<img loading=\"lazy\" decoding=\"async\" width=\"768\" height=\"768\" src=\"https:\/\/ulifeneed.com\/wp-content\/uploads\/2025\/11\/045-3-768x768.jpg\" class=\"attachment-medium_large size-medium_large\" alt=\"\" ids=\"1186,1185,1184,1183,1182,1187\" size=\"medium_large\" columns=\"3\" link=\"none\" orderby=\"post__in\" include=\"1186,1185,1184,1183,1182,1187\" srcset=\"https:\/\/ulifeneed.com\/wp-content\/uploads\/2025\/11\/045-3-768x768.jpg 768w, https:\/\/ulifeneed.com\/wp-content\/uploads\/2025\/11\/045-3-300x300.jpg 300w, https:\/\/ulifeneed.com\/wp-content\/uploads\/2025\/11\/045-3-150x150.jpg 150w, https:\/\/ulifeneed.com\/wp-content\/uploads\/2025\/11\/045-3-600x600.jpg 600w, https:\/\/ulifeneed.com\/wp-content\/uploads\/2025\/11\/045-3-100x100.jpg 100w, https:\/\/ulifeneed.com\/wp-content\/uploads\/2025\/11\/045-3.jpg 1000w\" sizes=\"(max-width: 768px) 100vw, 768px\" \/>\n<img loading=\"lazy\" decoding=\"async\" width=\"768\" height=\"768\" src=\"https:\/\/ulifeneed.com\/wp-content\/uploads\/2025\/11\/045-2-768x768.jpg\" class=\"attachment-medium_large size-medium_large\" alt=\"\" ids=\"1186,1185,1184,1183,1182,1187\" size=\"medium_large\" columns=\"3\" link=\"none\" orderby=\"post__in\" include=\"1186,1185,1184,1183,1182,1187\" srcset=\"https:\/\/ulifeneed.com\/wp-content\/uploads\/2025\/11\/045-2-768x768.jpg 768w, https:\/\/ulifeneed.com\/wp-content\/uploads\/2025\/11\/045-2-300x300.jpg 300w, https:\/\/ulifeneed.com\/wp-content\/uploads\/2025\/11\/045-2-150x150.jpg 150w, https:\/\/ulifeneed.com\/wp-content\/uploads\/2025\/11\/045-2-600x600.jpg 600w, https:\/\/ulifeneed.com\/wp-content\/uploads\/2025\/11\/045-2-100x100.jpg 100w, https:\/\/ulifeneed.com\/wp-content\/uploads\/2025\/11\/045-2.jpg 1000w\" sizes=\"(max-width: 768px) 100vw, 768px\" \/>\n<img loading=\"lazy\" decoding=\"async\" width=\"768\" height=\"768\" src=\"https:\/\/ulifeneed.com\/wp-content\/uploads\/2025\/11\/045-7-768x768.jpg\" class=\"attachment-medium_large size-medium_large\" alt=\"\" ids=\"1186,1185,1184,1183,1182,1187\" size=\"medium_large\" columns=\"3\" link=\"none\" orderby=\"post__in\" include=\"1186,1185,1184,1183,1182,1187\" srcset=\"https:\/\/ulifeneed.com\/wp-content\/uploads\/2025\/11\/045-7-768x768.jpg 768w, https:\/\/ulifeneed.com\/wp-content\/uploads\/2025\/11\/045-7-300x300.jpg 300w, https:\/\/ulifeneed.com\/wp-content\/uploads\/2025\/11\/045-7-150x150.jpg 150w, https:\/\/ulifeneed.com\/wp-content\/uploads\/2025\/11\/045-7-600x600.jpg 600w, https:\/\/ulifeneed.com\/wp-content\/uploads\/2025\/11\/045-7-100x100.jpg 100w, https:\/\/ulifeneed.com\/wp-content\/uploads\/2025\/11\/045-7.jpg 1000w\" sizes=\"(max-width: 768px) 100vw, 768px\" \/>\n\t\t<\/div>\n\t\t\t\t\t\t<\/div>\n\t\t\t\t<\/div>\n\t\t\t\t\t<\/div>\n\t\t\t\t<\/div>\n\t\t<div class=\"elementor-element elementor-element-48b475b e-flex e-con-boxed e-con e-parent\" data-id=\"48b475b\" data-element_type=\"container\" data-e-type=\"container\">\n\t\t\t\t\t<div class=\"e-con-inner\">\n\t\t\t\t<div class=\"elementor-element elementor-element-0f74b56 elementor-widget elementor-widget-text-editor\" data-id=\"0f74b56\" data-element_type=\"widget\" data-e-type=\"widget\" data-widget_type=\"text-editor.default\">\n\t\t\t\t<div class=\"elementor-widget-container\">\n\t\t\t\t\t\t\t\t\t<h2>\u00bfC\u00f3mo puedo mantener estable la conexi\u00f3n Bluetooth?<\/h2><p>Mant\u00e9ngase a una distancia m\u00e1xima de 33 pies, evite las barreras met\u00e1licas. Encienda el teclado, mantenga pulsada la tecla BT 5 s hasta que el LED parpadee, seleccione \u201cIC-BK10\u201d. Si se cae, apague\/encienda Bluetooth para volver a conectar.<\/p><h2>\u00bfC\u00f3mo se utilizan las teclas Inicio, Fin, Re P\u00e1g, Av P\u00e1g?<\/h2><p>Dos m\u00e9todos:<\/p><p>1.Atajos Fn (todos los sistemas): Fn+\u2191=P\u00e1gina Arriba, Fn+\u2193=P\u00e1gina Abajo, Fn+\u2190=Inicio, Fn+\u2192=Fin.<\/p><p>2.Teclado num\u00e9rico (s\u00f3lo Windows): Desactivar Bloq Num, 9=P\u00e1gina Arriba, 3=P\u00e1gina Abajo, 7=Inicio, 1=Fin.<\/p><h2>\u00bfCu\u00e1nto dura una carga completa?<\/h2><p>Hasta 45 d\u00edas a 8 h\/d\u00eda. El LED se vuelve rojo por debajo de 10 %. Escribe mientras se carga con el cable USB-C incluido.<\/p><h2>\u00bfEs totalmente compatible con Mac, iPad o Windows?<\/h2><p>S\u00ed-macOS 10.15+, iPadOS 13.4+, Windows 10\/11, Android, ChromeOS (BT 4.0+).<\/p><h2>\u00bfY si el teclado falla al cabo de unos meses?<\/h2><p>C\u00e1rgalo durante 2 horas, apaga y enciende el dispositivo, borra \u201cIC-BK10\u201d de tu lista Bluetooth y vuelve a emparejarlo. Si sigue sin responder, mant\u00e9n pulsada la tecla BT 5 s para forzar el emparejamiento y prueba en otro dispositivo.<\/p>\t\t\t\t\t\t\t\t<\/div>\n\t\t\t\t<\/div>\n\t\t\t\t\t<\/div>\n\t\t\t\t<\/div>\n\t\t<div class=\"elementor-element elementor-element-8c190bd e-flex e-con-boxed e-con e-parent\" data-id=\"8c190bd\" data-element_type=\"container\" data-e-type=\"container\">\n\t\t\t\t\t<div class=\"e-con-inner\">\n\t\t\t\t<div class=\"elementor-element elementor-element-631cdb7 elementor-widget elementor-widget-image-gallery\" data-id=\"631cdb7\" data-element_type=\"widget\" data-e-type=\"widget\" data-widget_type=\"image-gallery.default\">\n\t\t\t\t<div class=\"elementor-widget-container\">\n\t\t\t\t\t\t\t<div class=\"elementor-image-gallery\">\n\t\t\t\n<img loading=\"lazy\" decoding=\"async\" width=\"1000\" height=\"409\" src=\"https:\/\/ulifeneed.com\/wp-content\/uploads\/2025\/11\/045-8.jpg\" class=\"attachment-full size-full\" alt=\"\" ids=\"1188,1189,1190,1191,1192\" size=\"full\" columns=\"1\" link=\"none\" orderby=\"post__in\" include=\"1188,1189,1190,1191,1192\" srcset=\"https:\/\/ulifeneed.com\/wp-content\/uploads\/2025\/11\/045-8.jpg 1000w, https:\/\/ulifeneed.com\/wp-content\/uploads\/2025\/11\/045-8-300x123.jpg 300w, https:\/\/ulifeneed.com\/wp-content\/uploads\/2025\/11\/045-8-768x314.jpg 768w, https:\/\/ulifeneed.com\/wp-content\/uploads\/2025\/11\/045-8-600x245.jpg 600w\" sizes=\"(max-width: 1000px) 100vw, 1000px\" \/>\n<img loading=\"lazy\" decoding=\"async\" width=\"1000\" height=\"409\" src=\"https:\/\/ulifeneed.com\/wp-content\/uploads\/2025\/11\/045-9.jpg\" class=\"attachment-full size-full\" alt=\"\" ids=\"1188,1189,1190,1191,1192\" size=\"full\" columns=\"1\" link=\"none\" orderby=\"post__in\" include=\"1188,1189,1190,1191,1192\" srcset=\"https:\/\/ulifeneed.com\/wp-content\/uploads\/2025\/11\/045-9.jpg 1000w, https:\/\/ulifeneed.com\/wp-content\/uploads\/2025\/11\/045-9-300x123.jpg 300w, https:\/\/ulifeneed.com\/wp-content\/uploads\/2025\/11\/045-9-768x314.jpg 768w, https:\/\/ulifeneed.com\/wp-content\/uploads\/2025\/11\/045-9-600x245.jpg 600w\" sizes=\"(max-width: 1000px) 100vw, 1000px\" \/>\n<img loading=\"lazy\" decoding=\"async\" width=\"1000\" height=\"409\" src=\"https:\/\/ulifeneed.com\/wp-content\/uploads\/2025\/11\/045-10.jpg\" class=\"attachment-full size-full\" alt=\"\" ids=\"1188,1189,1190,1191,1192\" size=\"full\" columns=\"1\" link=\"none\" orderby=\"post__in\" include=\"1188,1189,1190,1191,1192\" srcset=\"https:\/\/ulifeneed.com\/wp-content\/uploads\/2025\/11\/045-10.jpg 1000w, https:\/\/ulifeneed.com\/wp-content\/uploads\/2025\/11\/045-10-300x123.jpg 300w, https:\/\/ulifeneed.com\/wp-content\/uploads\/2025\/11\/045-10-768x314.jpg 768w, https:\/\/ulifeneed.com\/wp-content\/uploads\/2025\/11\/045-10-600x245.jpg 600w\" sizes=\"(max-width: 1000px) 100vw, 1000px\" \/>\n<img loading=\"lazy\" decoding=\"async\" width=\"1000\" height=\"409\" src=\"https:\/\/ulifeneed.com\/wp-content\/uploads\/2025\/11\/045-11.jpg\" class=\"attachment-full size-full\" alt=\"\" ids=\"1188,1189,1190,1191,1192\" size=\"full\" columns=\"1\" link=\"none\" orderby=\"post__in\" include=\"1188,1189,1190,1191,1192\" srcset=\"https:\/\/ulifeneed.com\/wp-content\/uploads\/2025\/11\/045-11.jpg 1000w, https:\/\/ulifeneed.com\/wp-content\/uploads\/2025\/11\/045-11-300x123.jpg 300w, https:\/\/ulifeneed.com\/wp-content\/uploads\/2025\/11\/045-11-768x314.jpg 768w, https:\/\/ulifeneed.com\/wp-content\/uploads\/2025\/11\/045-11-600x245.jpg 600w\" sizes=\"(max-width: 1000px) 100vw, 1000px\" \/>\n<img loading=\"lazy\" decoding=\"async\" width=\"1000\" height=\"409\" src=\"https:\/\/ulifeneed.com\/wp-content\/uploads\/2025\/11\/045-12.jpg\" class=\"attachment-full size-full\" alt=\"\" ids=\"1188,1189,1190,1191,1192\" size=\"full\" columns=\"1\" link=\"none\" orderby=\"post__in\" include=\"1188,1189,1190,1191,1192\" srcset=\"https:\/\/ulifeneed.com\/wp-content\/uploads\/2025\/11\/045-12.jpg 1000w, https:\/\/ulifeneed.com\/wp-content\/uploads\/2025\/11\/045-12-300x123.jpg 300w, https:\/\/ulifeneed.com\/wp-content\/uploads\/2025\/11\/045-12-768x314.jpg 768w, https:\/\/ulifeneed.com\/wp-content\/uploads\/2025\/11\/045-12-600x245.jpg 600w\" sizes=\"(max-width: 1000px) 100vw, 1000px\" \/>\n\t\t<\/div>\n\t\t\t\t\t\t<\/div>\n\t\t\t\t<\/div>\n\t\t\t\t\t<\/div>\n\t\t\t\t<\/div>\n\t\t\t\t<\/div>","protected":false},"excerpt":{"rendered":"<h2>Teclado Bluetooth BK10, teclado inal\u00e1mbrico universal Bluetooth 5.1 con teclado num\u00e9rico, dise\u00f1o ergon\u00f3mico, compatibilidad con varios dispositivos, conexi\u00f3n estable para Mac, iPad, iPhone, Android y Windows.<\/h2>\n<p><strong>Dispositivos compatibles:<\/strong> Windows 10\/11; macOS 10.15+; iPadOS 13.4+; Android 9+; ChromeOS (BT 4.0+)<br \/>\n<strong>Tecnolog\u00eda de conectividad<\/strong>: Bluetooth (33 pies), conmutaci\u00f3n r\u00e1pida de 3 dispositivos<br \/>\n<strong>Descripci\u00f3n del teclado<\/strong>: Teclado Bluetooth compacto, teclas de tijera silenciosas (&lt; 50 dB) , emparejamiento de 3 dispositivos, dise\u00f1o QWERTY de 99 teclas en EE.UU.Teclado Bluetooth compacto, teclas de tijera silenciosas (&lt; 50 dB) , emparejamiento de 3 dispositivos, dise\u00f1o QWERTY de 99 teclas en EE.UU.<br \/>\n<strong>Usos recomendados del producto<\/strong>: Oficina, oficina en casa, sesiones de estudio, toma de notas en clase, codificaci\u00f3n, introducci\u00f3n de datos, configuraci\u00f3n de ordenadores port\u00e1tiles, reuniones a distancia\/ZoomOficina, oficina en casa, sesiones de estudio, toma de notas en clase, codificaci\u00f3n, introducci\u00f3n de datos, configuraci\u00f3n de ordenadores port\u00e1tiles, reuniones a distancia\/Zoom<br \/>\n<strong>Reportaje especial<\/strong>: Escritura silenciosa &lt; 50 dB; USB-C 280 mAh recargable (\u2248 45 d\u00edas @ 8 h\/d\u00eda); LED de bater\u00eda baja; 30 min de reposo autom\u00e1tico; multidispositivoEscritura silenciosa &lt; 50 dB; USB-C 280 mAh recargable (\u2248 45 d\u00edas @ 8 h\/d\u00eda); LED de bater\u00eda baja; 30 min de reposo autom\u00e1tico; multidispositivo.<br \/>\n<strong>Color<\/strong>: plata<br \/>\n<strong>Dimensiones del producto<\/strong>: 13,99\u2033L x 4,9\u2033A x 0,15\u2033H<br \/>\n<strong>Material<\/strong>: Base de acero con recubrimiento de polvo + armaz\u00f3n superior de ABS<br \/>\n<strong>Incluye<\/strong>: Componentes Funda de silicona para teclado, 1 a\u00f1o de garant\u00eda limitada de hardware.<\/p>","protected":false},"featured_media":1181,"comment_status":"open","ping_status":"closed","template":"","meta":{"site-sidebar-layout":"no-sidebar","site-content-layout":"page-builder","ast-site-content-layout":"normal-width-container","site-content-style":"default","site-sidebar-style":"default","ast-global-header-display":"","ast-banner-title-visibility":"","ast-main-header-display":"","ast-hfb-above-header-display":"","ast-hfb-below-header-display":"","ast-hfb-mobile-header-display":"","site-post-title":"","ast-breadcrumbs-content":"","ast-featured-img":"disabled","footer-sml-layout":"","theme-transparent-header-meta":"default","adv-header-id-meta":"","stick-header-meta":"","header-above-stick-meta":"","header-main-stick-meta":"","header-below-stick-meta":"","astra-migrate-meta-layouts":"set","ast-page-background-enabled":"default","ast-page-background-meta":{"desktop":{"background-color":"","background-image":"","background-repeat":"repeat","background-position":"center center","background-size":"auto","background-attachment":"scroll","background-type":"","background-media":"","overlay-type":"","overlay-color":"","overlay-opacity":"","overlay-gradient":""},"tablet":{"background-color":"","background-image":"","background-repeat":"repeat","background-position":"center center","background-size":"auto","background-attachment":"scroll","background-type":"","background-media":"","overlay-type":"","overlay-color":"","overlay-opacity":"","overlay-gradient":""},"mobile":{"background-color":"","background-image":"","background-repeat":"repeat","background-position":"center center","background-size":"auto","background-attachment":"scroll","background-type":"","background-media":"","overlay-type":"","overlay-color":"","overlay-opacity":"","overlay-gradient":""}},"ast-content-background-meta":{"desktop":{"background-color":"var(--ast-global-color-5)","background-image":"","background-repeat":"repeat","background-position":"center center","background-size":"auto","background-attachment":"scroll","background-type":"","background-media":"","overlay-type":"","overlay-color":"","overlay-opacity":"","overlay-gradient":""},"tablet":{"background-color":"var(--ast-global-color-5)","background-image":"","background-repeat":"repeat","background-position":"center center","background-size":"auto","background-attachment":"scroll","background-type":"","background-media":"","overlay-type":"","overlay-color":"","overlay-opacity":"","overlay-gradient":""},"mobile":{"background-color":"var(--ast-global-color-5)","background-image":"","background-repeat":"repeat","background-position":"center center","background-size":"auto","background-attachment":"scroll","background-type":"","background-media":"","overlay-type":"","overlay-color":"","overlay-opacity":"","overlay-gradient":""}}},"product_brand":[],"product_cat":[32,15],"product_tag":[],"class_list":{"0":"post-1180","1":"product","2":"type-product","3":"status-publish","4":"has-post-thumbnail","6":"product_cat-computer-keyboards","7":"product_cat-3c-electronic-products","8":"desktop-align-left","9":"tablet-align-left","10":"mobile-align-left","12":"first","13":"instock","14":"sale","15":"shipping-taxable","16":"purchasable","17":"product-type-simple"},"_links":{"self":[{"href":"https:\/\/ulifeneed.com\/es\/wp-json\/wp\/v2\/product\/1180","targetHints":{"allow":["GET"]}}],"collection":[{"href":"https:\/\/ulifeneed.com\/es\/wp-json\/wp\/v2\/product"}],"about":[{"href":"https:\/\/ulifeneed.com\/es\/wp-json\/wp\/v2\/types\/product"}],"replies":[{"embeddable":true,"href":"https:\/\/ulifeneed.com\/es\/wp-json\/wp\/v2\/comments?post=1180"}],"version-history":[{"count":6,"href":"https:\/\/ulifeneed.com\/es\/wp-json\/wp\/v2\/product\/1180\/revisions"}],"predecessor-version":[{"id":1510,"href":"https:\/\/ulifeneed.com\/es\/wp-json\/wp\/v2\/product\/1180\/revisions\/1510"}],"wp:featuredmedia":[{"embeddable":true,"href":"https:\/\/ulifeneed.com\/es\/wp-json\/wp\/v2\/media\/1181"}],"wp:attachment":[{"href":"https:\/\/ulifeneed.com\/es\/wp-json\/wp\/v2\/media?parent=1180"}],"wp:term":[{"taxonomy":"product_brand","embeddable":true,"href":"https:\/\/ulifeneed.com\/es\/wp-json\/wp\/v2\/product_brand?post=1180"},{"taxonomy":"product_cat","embeddable":true,"href":"https:\/\/ulifeneed.com\/es\/wp-json\/wp\/v2\/product_cat?post=1180"},{"taxonomy":"product_tag","embeddable":true,"href":"https:\/\/ulifeneed.com\/es\/wp-json\/wp\/v2\/product_tag?post=1180"}],"curies":[{"name":"wp","href":"https:\/\/api.w.org\/{rel}","templated":true}]}}