{"id":1128,"date":"2025-11-07T06:33:57","date_gmt":"2025-11-07T06:33:57","guid":{"rendered":"https:\/\/ulifeneed.com\/?post_type=product&#038;p=1128"},"modified":"2025-11-28T04:50:17","modified_gmt":"2025-11-28T04:50:17","slug":"mx-teclado-mecanico-inalambrico-iluminado-de-alto-rendimiento","status":"publish","type":"product","link":"https:\/\/ulifeneed.com\/es\/product\/mx-mechanical-wireless-illuminated-performance-keyboard\/","title":{"rendered":"Teclado MX Mechanical Wireless Illuminated Performance, interruptores t\u00e1ctiles silenciosos, teclas retroiluminadas, Bluetooth, USB-C, macOS, Windows, Linux, iOS, Android, metal, grafito."},"content":{"rendered":"<div data-elementor-type=\"wp-post\" data-elementor-id=\"1128\" class=\"elementor elementor-1128\">\n\t\t\t\t<div class=\"elementor-element elementor-element-7ab7465 e-flex e-con-boxed e-con e-parent\" data-id=\"7ab7465\" data-element_type=\"container\" data-e-type=\"container\">\n\t\t\t\t\t<div class=\"e-con-inner\">\n\t\t\t\t<div class=\"elementor-element elementor-element-01349a5 elementor-widget elementor-widget-text-editor\" data-id=\"01349a5\" data-element_type=\"widget\" data-e-type=\"widget\" data-widget_type=\"text-editor.default\">\n\t\t\t\t<div class=\"elementor-widget-container\">\n\t\t\t\t\t\t\t\t\t<p>1.T\u00e1ctil Interruptores de teclas mec\u00e1nicas silenciosas con un satisfactorio golpe t\u00e1ctil que se siente, para una respuesta precisa, un reinicio reactivo de las teclas y menos ruido para que su tecleo no moleste a los que le rodean.<\/p><p>2.Teclas de perfil bajo, m\u00e1s comodidad: Una distribuci\u00f3n de teclado dise\u00f1ada para una precisi\u00f3n sin esfuerzo, con un factor de forma de tama\u00f1o completo e interruptores mec\u00e1nicos de perfil bajo para una mejor ergonom\u00eda.<\/p><p>3.Iluminaci\u00f3n inteligente: Las teclas retroiluminadas se encienden en el momento en que sus manos se acercan al teclado inal\u00e1mbrico y se ajustan autom\u00e1ticamente para adaptarse a las condiciones de iluminaci\u00f3n cambiantes<\/p><p>4.Flujo de trabajo m\u00e1s r\u00e1pido, m\u00e1s personalizaci\u00f3n: Personaliza las teclas Fn, asigna efectos de retroiluminaci\u00f3n, activa el control Flow entre ordenadores y dispositivos, y mucho m\u00e1s en las opciones mejoradas de Logi Options+ (1).<\/p><p>5.Multidispositivo, multi-OS: Empareje el teclado inal\u00e1mbrico MX Mechanical Bluetooth con hasta 3 dispositivos en casi cualquier sistema operativo mediante Bluetooth Low Energy o el receptor Logi Bolt incluido(2).<\/p><p>6.Carga r\u00e1pida USB-C: El teclado MX Mechanical permanece encendido hasta 15 d\u00edas con una carga completa o hasta 10 meses con la retroiluminaci\u00f3n apagada (3)<\/p><p>7.Las piezas de pl\u00e1stico de MX Mechanical incluyen pl\u00e1stico reciclado postconsumo certificado (Grafito: 45%(5))<\/p><p>8. En el caso de los teclados o ratones inal\u00e1mbricos, el receptor USB suele estar dentro del rat\u00f3n (debajo de la tapa de las pilas) o en el embalaje del producto.<\/p>\t\t\t\t\t\t\t\t<\/div>\n\t\t\t\t<\/div>\n\t\t\t\t\t<\/div>\n\t\t\t\t<\/div>\n\t\t<div class=\"elementor-element elementor-element-86893d4 e-flex e-con-boxed e-con e-parent\" data-id=\"86893d4\" data-element_type=\"container\" data-e-type=\"container\">\n\t\t\t\t\t<div class=\"e-con-inner\">\n\t\t\t\t<div class=\"elementor-element elementor-element-8714e9f elementor-widget elementor-widget-image-gallery\" data-id=\"8714e9f\" data-element_type=\"widget\" data-e-type=\"widget\" data-widget_type=\"image-gallery.default\">\n\t\t\t\t<div class=\"elementor-widget-container\">\n\t\t\t\t\t\t\t<div class=\"elementor-image-gallery\">\n\t\t\t<div id='gallery-1' class='gallery galleryid-1128 gallery-columns-3 gallery-size-medium_large'><figure class='gallery-item'>\n\t\t\t<div class='gallery-icon landscape'>\n\t\t\t\t<img fetchpriority=\"high\" decoding=\"async\" width=\"768\" height=\"576\" src=\"https:\/\/ulifeneed.com\/wp-content\/uploads\/2025\/11\/036-10-768x576.jpg\" class=\"attachment-medium_large size-medium_large\" alt=\"\" srcset=\"https:\/\/ulifeneed.com\/wp-content\/uploads\/2025\/11\/036-10-768x576.jpg 768w, https:\/\/ulifeneed.com\/wp-content\/uploads\/2025\/11\/036-10-300x225.jpg 300w, https:\/\/ulifeneed.com\/wp-content\/uploads\/2025\/11\/036-10-600x450.jpg 600w, https:\/\/ulifeneed.com\/wp-content\/uploads\/2025\/11\/036-10.jpg 1000w\" sizes=\"(max-width: 768px) 100vw, 768px\" \/>\n\t\t\t<\/div><\/figure><figure class='gallery-item'>\n\t\t\t<div class='gallery-icon landscape'>\n\t\t\t\t<img decoding=\"async\" width=\"768\" height=\"576\" src=\"https:\/\/ulifeneed.com\/wp-content\/uploads\/2025\/11\/036-14-768x576.jpg\" class=\"attachment-medium_large size-medium_large\" alt=\"\" srcset=\"https:\/\/ulifeneed.com\/wp-content\/uploads\/2025\/11\/036-14-768x576.jpg 768w, https:\/\/ulifeneed.com\/wp-content\/uploads\/2025\/11\/036-14-300x225.jpg 300w, https:\/\/ulifeneed.com\/wp-content\/uploads\/2025\/11\/036-14-600x450.jpg 600w, https:\/\/ulifeneed.com\/wp-content\/uploads\/2025\/11\/036-14.jpg 1000w\" sizes=\"(max-width: 768px) 100vw, 768px\" \/>\n\t\t\t<\/div><\/figure><figure class='gallery-item'>\n\t\t\t<div class='gallery-icon landscape'>\n\t\t\t\t<img decoding=\"async\" width=\"768\" height=\"576\" src=\"https:\/\/ulifeneed.com\/wp-content\/uploads\/2025\/11\/036-12-768x576.jpg\" class=\"attachment-medium_large size-medium_large\" alt=\"\" srcset=\"https:\/\/ulifeneed.com\/wp-content\/uploads\/2025\/11\/036-12-768x576.jpg 768w, https:\/\/ulifeneed.com\/wp-content\/uploads\/2025\/11\/036-12-300x225.jpg 300w, https:\/\/ulifeneed.com\/wp-content\/uploads\/2025\/11\/036-12-600x450.jpg 600w, https:\/\/ulifeneed.com\/wp-content\/uploads\/2025\/11\/036-12.jpg 1000w\" sizes=\"(max-width: 768px) 100vw, 768px\" \/>\n\t\t\t<\/div><\/figure>\n\t\t<\/div>\n\t\t<\/div>\n\t\t\t\t\t\t<\/div>\n\t\t\t\t<\/div>\n\t\t\t\t\t<\/div>\n\t\t\t\t<\/div>\n\t\t<div class=\"elementor-element elementor-element-48b475b e-flex e-con-boxed e-con e-parent\" data-id=\"48b475b\" data-element_type=\"container\" data-e-type=\"container\">\n\t\t\t\t\t<div class=\"e-con-inner\">\n\t\t\t\t<div class=\"elementor-element elementor-element-0f74b56 elementor-widget elementor-widget-text-editor\" data-id=\"0f74b56\" data-element_type=\"widget\" data-e-type=\"widget\" data-widget_type=\"text-editor.default\">\n\t\t\t\t<div class=\"elementor-widget-container\">\n\t\t\t\t\t\t\t\t\t<p>ulifeneed MX Mechanical Teclado inal\u00e1mbrico iluminado de alto rendimiento Presentamos MX Mechanical: un teclado de tama\u00f1o completo con un tacto, una precisi\u00f3n y un rendimiento extraordinarios. La escritura mec\u00e1nica de perfil bajo ofrece una respuesta satisfactoria con los interruptores de teclas que elija: t\u00e1ctil silencioso, clic o lineal. MX Mechanical est\u00e1 dise\u00f1ado para ofrecer comodidad ergon\u00f3mica, con iluminaci\u00f3n inteligente y conmutaci\u00f3n sencilla, lo que le permite conectar hasta 3 dispositivos y mantener el ritmo durante horas. Detalles del producto: Peso: 828 g Dimensiones (incluidas las teclas): 1,02 x 17,08 x 5,18 in (26,1 x 433,85 x 131,55 mm) Compatible con los sistemas operativos Windows, macOS, Linux(4), Chrome OS(4), iOS(4), iPadOS(4), Android(4) Bater\u00eda recargable Li-Po (1500 mAh) Software opcional(1): Logi Options+ Importante: Es posible que FileVault est\u00e9 activado en su ordenador macOS, lo que podr\u00eda impedirle introducir su contrase\u00f1a al iniciar o reiniciar cuando est\u00e9 conectado a Bluetooth. En este caso, utilice el receptor USB Logi Bolt. Notas a pie de p\u00e1gina: (1) Requiere el software Logi Options+, disponible para Windows y macOS (2) No es compatible con la tecnolog\u00eda ulifeneed Unifying (3) La duraci\u00f3n de la bater\u00eda puede variar en funci\u00f3n del usuario y de las condiciones inform\u00e1ticas (4) Las funciones b\u00e1sicas del dispositivo ser\u00e1n compatibles sin software para sistemas operativos distintos de Windows y macOS<\/p>\t\t\t\t\t\t\t\t<\/div>\n\t\t\t\t<\/div>\n\t\t\t\t\t<\/div>\n\t\t\t\t<\/div>\n\t\t<div class=\"elementor-element elementor-element-8c190bd e-flex e-con-boxed e-con e-parent\" data-id=\"8c190bd\" data-element_type=\"container\" data-e-type=\"container\">\n\t\t\t\t\t<div class=\"e-con-inner\">\n\t\t\t\t<div class=\"elementor-element elementor-element-631cdb7 elementor-widget elementor-widget-image-gallery\" data-id=\"631cdb7\" data-element_type=\"widget\" data-e-type=\"widget\" data-widget_type=\"image-gallery.default\">\n\t\t\t\t<div class=\"elementor-widget-container\">\n\t\t\t\t\t\t\t<div class=\"elementor-image-gallery\">\n\t\t\t<div id='gallery-2' class='gallery galleryid-1128 gallery-columns-1 gallery-size-full'><figure class='gallery-item'>\n\t\t\t<div class='gallery-icon landscape'>\n\t\t\t\t<img loading=\"lazy\" decoding=\"async\" width=\"1000\" height=\"750\" src=\"https:\/\/ulifeneed.com\/wp-content\/uploads\/2025\/11\/036-10.jpg\" class=\"attachment-full size-full\" alt=\"\" srcset=\"https:\/\/ulifeneed.com\/wp-content\/uploads\/2025\/11\/036-10.jpg 1000w, https:\/\/ulifeneed.com\/wp-content\/uploads\/2025\/11\/036-10-300x225.jpg 300w, https:\/\/ulifeneed.com\/wp-content\/uploads\/2025\/11\/036-10-768x576.jpg 768w, https:\/\/ulifeneed.com\/wp-content\/uploads\/2025\/11\/036-10-600x450.jpg 600w\" sizes=\"(max-width: 1000px) 100vw, 1000px\" \/>\n\t\t\t<\/div><\/figure><figure class='gallery-item'>\n\t\t\t<div class='gallery-icon landscape'>\n\t\t\t\t<img loading=\"lazy\" decoding=\"async\" width=\"1000\" height=\"409\" src=\"https:\/\/ulifeneed.com\/wp-content\/uploads\/2025\/11\/036-11.jpg\" class=\"attachment-full size-full\" alt=\"\" srcset=\"https:\/\/ulifeneed.com\/wp-content\/uploads\/2025\/11\/036-11.jpg 1000w, https:\/\/ulifeneed.com\/wp-content\/uploads\/2025\/11\/036-11-300x123.jpg 300w, https:\/\/ulifeneed.com\/wp-content\/uploads\/2025\/11\/036-11-768x314.jpg 768w, https:\/\/ulifeneed.com\/wp-content\/uploads\/2025\/11\/036-11-600x245.jpg 600w\" sizes=\"(max-width: 1000px) 100vw, 1000px\" \/>\n\t\t\t<\/div><\/figure><figure class='gallery-item'>\n\t\t\t<div class='gallery-icon landscape'>\n\t\t\t\t<img loading=\"lazy\" decoding=\"async\" width=\"1000\" height=\"409\" src=\"https:\/\/ulifeneed.com\/wp-content\/uploads\/2025\/11\/036-13.jpg\" class=\"attachment-full size-full\" alt=\"\" srcset=\"https:\/\/ulifeneed.com\/wp-content\/uploads\/2025\/11\/036-13.jpg 1000w, https:\/\/ulifeneed.com\/wp-content\/uploads\/2025\/11\/036-13-300x123.jpg 300w, https:\/\/ulifeneed.com\/wp-content\/uploads\/2025\/11\/036-13-768x314.jpg 768w, https:\/\/ulifeneed.com\/wp-content\/uploads\/2025\/11\/036-13-600x245.jpg 600w\" sizes=\"(max-width: 1000px) 100vw, 1000px\" \/>\n\t\t\t<\/div><\/figure><figure class='gallery-item'>\n\t\t\t<div class='gallery-icon landscape'>\n\t\t\t\t<img loading=\"lazy\" decoding=\"async\" width=\"1000\" height=\"750\" src=\"https:\/\/ulifeneed.com\/wp-content\/uploads\/2025\/11\/036-14.jpg\" class=\"attachment-full size-full\" alt=\"\" srcset=\"https:\/\/ulifeneed.com\/wp-content\/uploads\/2025\/11\/036-14.jpg 1000w, https:\/\/ulifeneed.com\/wp-content\/uploads\/2025\/11\/036-14-300x225.jpg 300w, https:\/\/ulifeneed.com\/wp-content\/uploads\/2025\/11\/036-14-768x576.jpg 768w, https:\/\/ulifeneed.com\/wp-content\/uploads\/2025\/11\/036-14-600x450.jpg 600w\" sizes=\"(max-width: 1000px) 100vw, 1000px\" \/>\n\t\t\t<\/div><\/figure>\n\t\t<\/div>\n\t\t<\/div>\n\t\t\t\t\t\t<\/div>\n\t\t\t\t<\/div>\n\t\t\t\t\t<\/div>\n\t\t\t\t<\/div>\n\t\t\t\t<\/div>","protected":false},"excerpt":{"rendered":"<h2>Teclado MX Mechanical Wireless Illuminated Performance, interruptores t\u00e1ctiles silenciosos, teclas retroiluminadas, Bluetooth, USB-C, macOS, Windows, Linux, iOS, Android, metal, grafito.<\/h2>\n<p>Dispositivos compatibles: PC<br \/>\nTecnolog\u00eda de conectividad: USB<br \/>\nDescripci\u00f3n del teclado: Mec\u00e1nico<br \/>\nUsos recomendados del producto: Oficina<br \/>\nCaracter\u00edstica especial: Recargable<br \/>\nColor: Grafito<br \/>\nSoporte de color de retroiluminaci\u00f3n del teclado: Color \u00fanico<br \/>\nEstilo: T\u00e1ctil (mecanograf\u00eda silenciosa)<br \/>\nDimensiones del producto: 18.1\u2033L x 5.9\u2033W x 2\u2033H<\/p>","protected":false},"featured_media":1129,"comment_status":"open","ping_status":"closed","template":"","meta":{"site-sidebar-layout":"no-sidebar","site-content-layout":"page-builder","ast-site-content-layout":"normal-width-container","site-content-style":"default","site-sidebar-style":"default","ast-global-header-display":"","ast-banner-title-visibility":"","ast-main-header-display":"","ast-hfb-above-header-display":"","ast-hfb-below-header-display":"","ast-hfb-mobile-header-display":"","site-post-title":"","ast-breadcrumbs-content":"","ast-featured-img":"disabled","footer-sml-layout":"","theme-transparent-header-meta":"default","adv-header-id-meta":"","stick-header-meta":"","header-above-stick-meta":"","header-main-stick-meta":"","header-below-stick-meta":"","astra-migrate-meta-layouts":"set","ast-page-background-enabled":"default","ast-page-background-meta":{"desktop":{"background-color":"","background-image":"","background-repeat":"repeat","background-position":"center center","background-size":"auto","background-attachment":"scroll","background-type":"","background-media":"","overlay-type":"","overlay-color":"","overlay-opacity":"","overlay-gradient":""},"tablet":{"background-color":"","background-image":"","background-repeat":"repeat","background-position":"center center","background-size":"auto","background-attachment":"scroll","background-type":"","background-media":"","overlay-type":"","overlay-color":"","overlay-opacity":"","overlay-gradient":""},"mobile":{"background-color":"","background-image":"","background-repeat":"repeat","background-position":"center center","background-size":"auto","background-attachment":"scroll","background-type":"","background-media":"","overlay-type":"","overlay-color":"","overlay-opacity":"","overlay-gradient":""}},"ast-content-background-meta":{"desktop":{"background-color":"var(--ast-global-color-5)","background-image":"","background-repeat":"repeat","background-position":"center center","background-size":"auto","background-attachment":"scroll","background-type":"","background-media":"","overlay-type":"","overlay-color":"","overlay-opacity":"","overlay-gradient":""},"tablet":{"background-color":"var(--ast-global-color-5)","background-image":"","background-repeat":"repeat","background-position":"center center","background-size":"auto","background-attachment":"scroll","background-type":"","background-media":"","overlay-type":"","overlay-color":"","overlay-opacity":"","overlay-gradient":""},"mobile":{"background-color":"var(--ast-global-color-5)","background-image":"","background-repeat":"repeat","background-position":"center center","background-size":"auto","background-attachment":"scroll","background-type":"","background-media":"","overlay-type":"","overlay-color":"","overlay-opacity":"","overlay-gradient":""}}},"product_brand":[],"product_cat":[15,32],"product_tag":[],"class_list":{"0":"post-1128","1":"product","2":"type-product","3":"status-publish","4":"has-post-thumbnail","6":"product_cat-3c-electronic-products","7":"product_cat-computer-keyboards","8":"desktop-align-left","9":"tablet-align-left","10":"mobile-align-left","12":"first","13":"instock","14":"sale","15":"shipping-taxable","16":"purchasable","17":"product-type-simple"},"_links":{"self":[{"href":"https:\/\/ulifeneed.com\/es\/wp-json\/wp\/v2\/product\/1128","targetHints":{"allow":["GET"]}}],"collection":[{"href":"https:\/\/ulifeneed.com\/es\/wp-json\/wp\/v2\/product"}],"about":[{"href":"https:\/\/ulifeneed.com\/es\/wp-json\/wp\/v2\/types\/product"}],"replies":[{"embeddable":true,"href":"https:\/\/ulifeneed.com\/es\/wp-json\/wp\/v2\/comments?post=1128"}],"version-history":[{"count":6,"href":"https:\/\/ulifeneed.com\/es\/wp-json\/wp\/v2\/product\/1128\/revisions"}],"predecessor-version":[{"id":1507,"href":"https:\/\/ulifeneed.com\/es\/wp-json\/wp\/v2\/product\/1128\/revisions\/1507"}],"wp:featuredmedia":[{"embeddable":true,"href":"https:\/\/ulifeneed.com\/es\/wp-json\/wp\/v2\/media\/1129"}],"wp:attachment":[{"href":"https:\/\/ulifeneed.com\/es\/wp-json\/wp\/v2\/media?parent=1128"}],"wp:term":[{"taxonomy":"product_brand","embeddable":true,"href":"https:\/\/ulifeneed.com\/es\/wp-json\/wp\/v2\/product_brand?post=1128"},{"taxonomy":"product_cat","embeddable":true,"href":"https:\/\/ulifeneed.com\/es\/wp-json\/wp\/v2\/product_cat?post=1128"},{"taxonomy":"product_tag","embeddable":true,"href":"https:\/\/ulifeneed.com\/es\/wp-json\/wp\/v2\/product_tag?post=1128"}],"curies":[{"name":"wp","href":"https:\/\/api.w.org\/{rel}","templated":true}]}}