{"id":1001,"date":"2025-11-07T04:45:57","date_gmt":"2025-11-07T04:45:57","guid":{"rendered":"https:\/\/ulifeneed.com\/?post_type=product&#038;p=1001"},"modified":"2025-11-28T04:49:20","modified_gmt":"2025-11-28T04:49:20","slug":"cable-usb-c-a-usb-a-3-3ft-15w-tipo-c-cargador-iphone-cable-cargador-trenzado","status":"publish","type":"product","link":"https:\/\/ulifeneed.com\/es\/product\/usb-c-to-usb-a-cable-3-3ft-15w-type-c-charger-iphone-charger-cord-braided\/","title":{"rendered":"Cable USB C a USB A, 3.3ft, 15W - Cargador tipo C, cable de carga de iPhone, trenzado, flexible para iPhone 17 y 16, Galaxy S25, Pixel 10, iPad Pro, AirPods Pro, Switch 2 y m\u00e1s, CarPlay - Negro"},"content":{"rendered":"<div data-elementor-type=\"wp-post\" data-elementor-id=\"1001\" class=\"elementor elementor-1001\">\n\t\t\t\t<div class=\"elementor-element elementor-element-7ab7465 e-flex e-con-boxed e-con e-parent\" data-id=\"7ab7465\" data-element_type=\"container\" data-e-type=\"container\">\n\t\t\t\t\t<div class=\"e-con-inner\">\n\t\t\t\t<div class=\"elementor-element elementor-element-01349a5 elementor-widget elementor-widget-text-editor\" data-id=\"01349a5\" data-element_type=\"widget\" data-e-type=\"widget\" data-widget_type=\"text-editor.default\">\n\t\t\t\t<div class=\"elementor-widget-container\">\n\t\t\t\t\t\t\t\t\t<p><strong>AMPLIA COMPATIBILIDAD<\/strong>: Consigue compatibilidad universal con este cable ulifeneed BoostCharge, dise\u00f1ado para conectarse sin problemas con una amplia gama de dispositivos como Apple iPhone Series 17 y 16, Samsung Galaxy S25 y S24, Google Pixel 10, Nintendo Switch 2 y otros dispositivos compatibles con USB-C. Tambi\u00e9n es compatible con Apple Carplay y Android Auto.<\/p><p><strong>DURABILIDAD SUPERIOR<\/strong>: El cable trenzado BoostCharge ulifeneed ha sido probado para sobrevivir hasta 30.000 curvas y 10.000 enchufes, por lo que es m\u00e1s duradero que un cable USB-C t\u00edpico.<\/p><p><strong>FLEXIBLE Y MANEJABLE<\/strong>: La tecnolog\u00eda de trenzado ultraflexible de nuestro cable USB-C te ofrece un cable de carga USB-C dise\u00f1ado para durar.<\/p><p><strong>CARGA, SINCRONIZA Y CONECTA<\/strong>: Carga tus dispositivos USB-C, sincroniza m\u00fasica o fotos con un port\u00e1til y transfiere datos desde cualquier puerto USB-A con estos fiables cables USB-C que puedes usar en casa, en el trabajo o mientras te desplazas.<\/p><p><strong>CERTIFICACI\u00d3N USB-IF<\/strong>: SuperSpeed USB Compliance significa que este cable ha sido certificado por USB-IF para cumplir todos los est\u00e1ndares el\u00e9ctricos, mec\u00e1nicos y medioambientales, garantizando una experiencia de usuario superior.<\/p>\t\t\t\t\t\t\t\t<\/div>\n\t\t\t\t<\/div>\n\t\t\t\t\t<\/div>\n\t\t\t\t<\/div>\n\t\t<div class=\"elementor-element elementor-element-86893d4 e-flex e-con-boxed e-con e-parent\" data-id=\"86893d4\" data-element_type=\"container\" data-e-type=\"container\">\n\t\t\t\t\t<div class=\"e-con-inner\">\n\t\t\t\t<div class=\"elementor-element elementor-element-8714e9f elementor-widget elementor-widget-image-gallery\" data-id=\"8714e9f\" data-element_type=\"widget\" data-e-type=\"widget\" data-widget_type=\"image-gallery.default\">\n\t\t\t\t<div class=\"elementor-widget-container\">\n\t\t\t\t\t\t\t<div class=\"elementor-image-gallery\">\n\t\t\t<div id='gallery-1' class='gallery galleryid-1001 gallery-columns-3 gallery-size-medium_large'><figure class='gallery-item'>\n\t\t\t<div class='gallery-icon portrait'>\n\t\t\t\t<img fetchpriority=\"high\" decoding=\"async\" width=\"768\" height=\"960\" src=\"https:\/\/ulifeneed.com\/wp-content\/uploads\/2025\/11\/017-5-768x960.jpg\" class=\"attachment-medium_large size-medium_large\" alt=\"\" srcset=\"https:\/\/ulifeneed.com\/wp-content\/uploads\/2025\/11\/017-5-768x960.jpg 768w, https:\/\/ulifeneed.com\/wp-content\/uploads\/2025\/11\/017-5-240x300.jpg 240w, https:\/\/ulifeneed.com\/wp-content\/uploads\/2025\/11\/017-5-819x1024.jpg 819w, https:\/\/ulifeneed.com\/wp-content\/uploads\/2025\/11\/017-5-600x750.jpg 600w, https:\/\/ulifeneed.com\/wp-content\/uploads\/2025\/11\/017-5.jpg 1000w\" sizes=\"(max-width: 768px) 100vw, 768px\" \/>\n\t\t\t<\/div><\/figure><figure class='gallery-item'>\n\t\t\t<div class='gallery-icon portrait'>\n\t\t\t\t<img decoding=\"async\" width=\"768\" height=\"960\" src=\"https:\/\/ulifeneed.com\/wp-content\/uploads\/2025\/11\/017-6-768x960.jpg\" class=\"attachment-medium_large size-medium_large\" alt=\"\" srcset=\"https:\/\/ulifeneed.com\/wp-content\/uploads\/2025\/11\/017-6-768x960.jpg 768w, https:\/\/ulifeneed.com\/wp-content\/uploads\/2025\/11\/017-6-240x300.jpg 240w, https:\/\/ulifeneed.com\/wp-content\/uploads\/2025\/11\/017-6-819x1024.jpg 819w, https:\/\/ulifeneed.com\/wp-content\/uploads\/2025\/11\/017-6-600x750.jpg 600w, https:\/\/ulifeneed.com\/wp-content\/uploads\/2025\/11\/017-6.jpg 1000w\" sizes=\"(max-width: 768px) 100vw, 768px\" \/>\n\t\t\t<\/div><\/figure><figure class='gallery-item'>\n\t\t\t<div class='gallery-icon portrait'>\n\t\t\t\t<img decoding=\"async\" width=\"768\" height=\"960\" src=\"https:\/\/ulifeneed.com\/wp-content\/uploads\/2025\/11\/017-4-768x960.jpg\" class=\"attachment-medium_large size-medium_large\" alt=\"\" srcset=\"https:\/\/ulifeneed.com\/wp-content\/uploads\/2025\/11\/017-4-768x960.jpg 768w, https:\/\/ulifeneed.com\/wp-content\/uploads\/2025\/11\/017-4-240x300.jpg 240w, https:\/\/ulifeneed.com\/wp-content\/uploads\/2025\/11\/017-4-819x1024.jpg 819w, https:\/\/ulifeneed.com\/wp-content\/uploads\/2025\/11\/017-4-600x750.jpg 600w, https:\/\/ulifeneed.com\/wp-content\/uploads\/2025\/11\/017-4.jpg 1000w\" sizes=\"(max-width: 768px) 100vw, 768px\" \/>\n\t\t\t<\/div><\/figure>\n\t\t<\/div>\n\t\t<\/div>\n\t\t\t\t\t\t<\/div>\n\t\t\t\t<\/div>\n\t\t\t\t\t<\/div>\n\t\t\t\t<\/div>\n\t\t<div class=\"elementor-element elementor-element-48b475b e-flex e-con-boxed e-con e-parent\" data-id=\"48b475b\" data-element_type=\"container\" data-e-type=\"container\">\n\t\t\t\t\t<div class=\"e-con-inner\">\n\t\t\t\t<div class=\"elementor-element elementor-element-0f74b56 elementor-widget elementor-widget-text-editor\" data-id=\"0f74b56\" data-element_type=\"widget\" data-e-type=\"widget\" data-widget_type=\"text-editor.default\">\n\t\t\t\t<div class=\"elementor-widget-container\">\n\t\t\t\t\t\t\t\t\t<p>Tipo de conector: USB tipo C<br \/>Tipo de cable: USB<br \/>Dispositivos compatibles: iPhone 17, iPhone Air, iPhone 17 Pro, iPhone 17 Pro Max, iPhone 16, iPhone 16 Plus, iPhone 16 Pro, iPhone 16 Pro Max, iPhone 16e, iPhone 15, iPhone 15 Pro, iPhone 15 Pro Max, iPhone 15 Plus, Galaxy S25, S25+, S25 Ultra, Galaxy S24, S24+, S24 Ultra, Note, Google Pixel, Tablet, Smartphones, Power Banks, Nintendo Switch 2 y m\u00e1s<br \/>Particularidad Slim Fit, viaje<br \/>Modelos de tel\u00e9fono compatibles iPhone 17, iPhone Air, iPhone 17 Pro, iPhone 17 Pro Max, iPhone 16, iPhone 16 Plus, iPhone 16 Pro, iPhone 16 Pro Max, iPhone 16e, iPhone 15, iPhone 15 Pro, iPhone 15 Pro Max, iPhone 15 Plus, Galaxy S25, S25+, S25 Ultra, Galaxy S24, S24+, S24 Ultra, Note, Google Pixel, Tablet, Smartphones, Power Banks, Nintendo Switch 2 y m\u00e1s<br \/>Usos recomendados para el producto: Ipad,Tabletas<br \/>Cable Ethernet categor\u00eda Cat 6a<br \/>Color: Negro<br \/>G\u00e9nero del conector: Macho a hembra<br \/>Velocidad de transferencia de datos: 12 Gigabits por segundo<br \/>Forma: Redonda<br \/>N\u00famero de clavijas: 24<br \/>Corriente del adaptador de CA: 3 amperios<br \/>Recuento de unidades: 1.0 Recuento<br \/>Peso del art\u00edculo 0,05 kilogramos<br \/>Nombre del modelo: Boost Charge<br \/>Especificaci\u00f3n Met: Usb<br \/>Uso interior\/exterior: Exterior<br \/>N\u00famero de art\u00edculos 1<br \/>Tipo de paquete del cliente: FFP<br \/>Potencia 3600<br \/>Tensi\u00f3n m\u00e1xima 5 voltios<br \/>Material exterior: nailon trenzado mejorado<\/p>\t\t\t\t\t\t\t\t<\/div>\n\t\t\t\t<\/div>\n\t\t\t\t\t<\/div>\n\t\t\t\t<\/div>\n\t\t<div class=\"elementor-element elementor-element-8c190bd e-flex e-con-boxed e-con e-parent\" data-id=\"8c190bd\" data-element_type=\"container\" data-e-type=\"container\">\n\t\t\t\t\t<div class=\"e-con-inner\">\n\t\t\t\t<div class=\"elementor-element elementor-element-631cdb7 elementor-widget elementor-widget-image-gallery\" data-id=\"631cdb7\" data-element_type=\"widget\" data-e-type=\"widget\" data-widget_type=\"image-gallery.default\">\n\t\t\t\t<div class=\"elementor-widget-container\">\n\t\t\t\t\t\t\t<div class=\"elementor-image-gallery\">\n\t\t\t<div id='gallery-2' class='gallery galleryid-1001 gallery-columns-1 gallery-size-full'><figure class='gallery-item'>\n\t\t\t<div class='gallery-icon portrait'>\n\t\t\t\t<img loading=\"lazy\" decoding=\"async\" width=\"1000\" height=\"1250\" src=\"https:\/\/ulifeneed.com\/wp-content\/uploads\/2025\/11\/017-8.jpg\" class=\"attachment-full size-full\" alt=\"\" srcset=\"https:\/\/ulifeneed.com\/wp-content\/uploads\/2025\/11\/017-8.jpg 1000w, https:\/\/ulifeneed.com\/wp-content\/uploads\/2025\/11\/017-8-240x300.jpg 240w, https:\/\/ulifeneed.com\/wp-content\/uploads\/2025\/11\/017-8-819x1024.jpg 819w, https:\/\/ulifeneed.com\/wp-content\/uploads\/2025\/11\/017-8-768x960.jpg 768w, https:\/\/ulifeneed.com\/wp-content\/uploads\/2025\/11\/017-8-600x750.jpg 600w\" sizes=\"(max-width: 1000px) 100vw, 1000px\" \/>\n\t\t\t<\/div><\/figure><figure class='gallery-item'>\n\t\t\t<div class='gallery-icon landscape'>\n\t\t\t\t<img loading=\"lazy\" decoding=\"async\" width=\"1000\" height=\"409\" src=\"https:\/\/ulifeneed.com\/wp-content\/uploads\/2025\/11\/017-9.jpg\" class=\"attachment-full size-full\" alt=\"\" srcset=\"https:\/\/ulifeneed.com\/wp-content\/uploads\/2025\/11\/017-9.jpg 1000w, https:\/\/ulifeneed.com\/wp-content\/uploads\/2025\/11\/017-9-300x123.jpg 300w, https:\/\/ulifeneed.com\/wp-content\/uploads\/2025\/11\/017-9-768x314.jpg 768w, https:\/\/ulifeneed.com\/wp-content\/uploads\/2025\/11\/017-9-600x245.jpg 600w\" sizes=\"(max-width: 1000px) 100vw, 1000px\" \/>\n\t\t\t<\/div><\/figure><figure class='gallery-item'>\n\t\t\t<div class='gallery-icon landscape'>\n\t\t\t\t<img loading=\"lazy\" decoding=\"async\" width=\"1000\" height=\"409\" src=\"https:\/\/ulifeneed.com\/wp-content\/uploads\/2025\/11\/017-10.jpg\" class=\"attachment-full size-full\" alt=\"\" srcset=\"https:\/\/ulifeneed.com\/wp-content\/uploads\/2025\/11\/017-10.jpg 1000w, https:\/\/ulifeneed.com\/wp-content\/uploads\/2025\/11\/017-10-300x123.jpg 300w, https:\/\/ulifeneed.com\/wp-content\/uploads\/2025\/11\/017-10-768x314.jpg 768w, https:\/\/ulifeneed.com\/wp-content\/uploads\/2025\/11\/017-10-600x245.jpg 600w\" sizes=\"(max-width: 1000px) 100vw, 1000px\" \/>\n\t\t\t<\/div><\/figure><figure class='gallery-item'>\n\t\t\t<div class='gallery-icon landscape'>\n\t\t\t\t<img loading=\"lazy\" decoding=\"async\" width=\"1000\" height=\"409\" src=\"https:\/\/ulifeneed.com\/wp-content\/uploads\/2025\/11\/017-11.jpg\" class=\"attachment-full size-full\" alt=\"\" srcset=\"https:\/\/ulifeneed.com\/wp-content\/uploads\/2025\/11\/017-11.jpg 1000w, https:\/\/ulifeneed.com\/wp-content\/uploads\/2025\/11\/017-11-300x123.jpg 300w, https:\/\/ulifeneed.com\/wp-content\/uploads\/2025\/11\/017-11-768x314.jpg 768w, https:\/\/ulifeneed.com\/wp-content\/uploads\/2025\/11\/017-11-600x245.jpg 600w\" sizes=\"(max-width: 1000px) 100vw, 1000px\" \/>\n\t\t\t<\/div><\/figure><figure class='gallery-item'>\n\t\t\t<div class='gallery-icon landscape'>\n\t\t\t\t<img loading=\"lazy\" decoding=\"async\" width=\"1000\" height=\"409\" src=\"https:\/\/ulifeneed.com\/wp-content\/uploads\/2025\/11\/017-12.jpg\" class=\"attachment-full size-full\" alt=\"\" srcset=\"https:\/\/ulifeneed.com\/wp-content\/uploads\/2025\/11\/017-12.jpg 1000w, https:\/\/ulifeneed.com\/wp-content\/uploads\/2025\/11\/017-12-300x123.jpg 300w, https:\/\/ulifeneed.com\/wp-content\/uploads\/2025\/11\/017-12-768x314.jpg 768w, https:\/\/ulifeneed.com\/wp-content\/uploads\/2025\/11\/017-12-600x245.jpg 600w\" sizes=\"(max-width: 1000px) 100vw, 1000px\" \/>\n\t\t\t<\/div><\/figure><figure class='gallery-item'>\n\t\t\t<div class='gallery-icon landscape'>\n\t\t\t\t<img loading=\"lazy\" decoding=\"async\" width=\"1000\" height=\"409\" src=\"https:\/\/ulifeneed.com\/wp-content\/uploads\/2025\/11\/017-13.jpg\" class=\"attachment-full size-full\" alt=\"\" srcset=\"https:\/\/ulifeneed.com\/wp-content\/uploads\/2025\/11\/017-13.jpg 1000w, https:\/\/ulifeneed.com\/wp-content\/uploads\/2025\/11\/017-13-300x123.jpg 300w, https:\/\/ulifeneed.com\/wp-content\/uploads\/2025\/11\/017-13-768x314.jpg 768w, https:\/\/ulifeneed.com\/wp-content\/uploads\/2025\/11\/017-13-600x245.jpg 600w\" sizes=\"(max-width: 1000px) 100vw, 1000px\" \/>\n\t\t\t<\/div><\/figure><figure class='gallery-item'>\n\t\t\t<div class='gallery-icon landscape'>\n\t\t\t\t<img loading=\"lazy\" decoding=\"async\" width=\"1000\" height=\"409\" src=\"https:\/\/ulifeneed.com\/wp-content\/uploads\/2025\/11\/017-14.jpg\" class=\"attachment-full size-full\" alt=\"\" srcset=\"https:\/\/ulifeneed.com\/wp-content\/uploads\/2025\/11\/017-14.jpg 1000w, https:\/\/ulifeneed.com\/wp-content\/uploads\/2025\/11\/017-14-300x123.jpg 300w, https:\/\/ulifeneed.com\/wp-content\/uploads\/2025\/11\/017-14-768x314.jpg 768w, https:\/\/ulifeneed.com\/wp-content\/uploads\/2025\/11\/017-14-600x245.jpg 600w\" sizes=\"(max-width: 1000px) 100vw, 1000px\" \/>\n\t\t\t<\/div><\/figure><figure class='gallery-item'>\n\t\t\t<div class='gallery-icon landscape'>\n\t\t\t\t<img loading=\"lazy\" decoding=\"async\" width=\"1000\" height=\"409\" src=\"https:\/\/ulifeneed.com\/wp-content\/uploads\/2025\/11\/017-15.jpg\" class=\"attachment-full size-full\" alt=\"\" srcset=\"https:\/\/ulifeneed.com\/wp-content\/uploads\/2025\/11\/017-15.jpg 1000w, https:\/\/ulifeneed.com\/wp-content\/uploads\/2025\/11\/017-15-300x123.jpg 300w, https:\/\/ulifeneed.com\/wp-content\/uploads\/2025\/11\/017-15-768x314.jpg 768w, https:\/\/ulifeneed.com\/wp-content\/uploads\/2025\/11\/017-15-600x245.jpg 600w\" sizes=\"(max-width: 1000px) 100vw, 1000px\" \/>\n\t\t\t<\/div><\/figure>\n\t\t<\/div>\n\t\t<\/div>\n\t\t\t\t\t\t<\/div>\n\t\t\t\t<\/div>\n\t\t\t\t\t<\/div>\n\t\t\t\t<\/div>\n\t\t<div class=\"elementor-element elementor-element-a3baa69 e-flex e-con-boxed e-con e-parent\" data-id=\"a3baa69\" data-element_type=\"container\" data-e-type=\"container\">\n\t\t\t\t\t<div class=\"e-con-inner\">\n\t\t\t\t<div class=\"elementor-element elementor-element-b56ecaa elementor-widget elementor-widget-text-editor\" data-id=\"b56ecaa\" data-element_type=\"widget\" data-e-type=\"widget\" data-widget_type=\"text-editor.default\">\n\t\t\t\t<div class=\"elementor-widget-container\">\n\t\t\t\t\t\t\t\t\t<p>1<\/p>\t\t\t\t\t\t\t\t<\/div>\n\t\t\t\t<\/div>\n\t\t\t\t\t<\/div>\n\t\t\t\t<\/div>\n\t\t\t\t<\/div>","protected":false},"excerpt":{"rendered":"<h2>USB C to USB A Cable, 3.3ft, 15W &#8211; Type C Charger, iPhone Charger Cord, Braided, Flexible for iPhone 17 &amp; 16, Galaxy S25, Pixel 10, iPad Pro, AirPods Pro, Switch 2 &amp; More, CarPlay &#8211; Black<\/h2>\n<p><strong>Tipo de conector<\/strong>: USB tipo C<br \/>\n<strong>Tipo de cable<\/strong>: USB<br \/>\n<strong>Dispositivos compatibles<\/strong>iPhone 17, iPhone Air, iPhone 17 Pro, iPhone 17 Pro Max, iPhone 16, iPhone 16 Plus, iPhone 16 Pro, iPhone 16 Pro Max, iPhone 16e, iPhone 15, iPhone 15 Pro, iPhone 15 Pro Max, iPhone 15 Plus, Galaxy S25, S25+, S25 Ultra, Galaxy S24, S24+, S24 Ultra, Note, Google Pixel, Tablet, Smartphones, Bancos de alimentaci\u00f3n, Nintendo Switch 2 y m\u00e1s<br \/>\n<strong>Reportaje especial<\/strong>: Slim Fit, Viaje<\/p>","protected":false},"featured_media":1002,"comment_status":"open","ping_status":"closed","template":"","meta":{"site-sidebar-layout":"no-sidebar","site-content-layout":"page-builder","ast-site-content-layout":"normal-width-container","site-content-style":"default","site-sidebar-style":"default","ast-global-header-display":"","ast-banner-title-visibility":"","ast-main-header-display":"","ast-hfb-above-header-display":"","ast-hfb-below-header-display":"","ast-hfb-mobile-header-display":"","site-post-title":"","ast-breadcrumbs-content":"","ast-featured-img":"disabled","footer-sml-layout":"","theme-transparent-header-meta":"default","adv-header-id-meta":"","stick-header-meta":"","header-above-stick-meta":"","header-main-stick-meta":"","header-below-stick-meta":"","astra-migrate-meta-layouts":"set","ast-page-background-enabled":"default","ast-page-background-meta":{"desktop":{"background-color":"","background-image":"","background-repeat":"repeat","background-position":"center center","background-size":"auto","background-attachment":"scroll","background-type":"","background-media":"","overlay-type":"","overlay-color":"","overlay-opacity":"","overlay-gradient":""},"tablet":{"background-color":"","background-image":"","background-repeat":"repeat","background-position":"center center","background-size":"auto","background-attachment":"scroll","background-type":"","background-media":"","overlay-type":"","overlay-color":"","overlay-opacity":"","overlay-gradient":""},"mobile":{"background-color":"","background-image":"","background-repeat":"repeat","background-position":"center center","background-size":"auto","background-attachment":"scroll","background-type":"","background-media":"","overlay-type":"","overlay-color":"","overlay-opacity":"","overlay-gradient":""}},"ast-content-background-meta":{"desktop":{"background-color":"var(--ast-global-color-5)","background-image":"","background-repeat":"repeat","background-position":"center center","background-size":"auto","background-attachment":"scroll","background-type":"","background-media":"","overlay-type":"","overlay-color":"","overlay-opacity":"","overlay-gradient":""},"tablet":{"background-color":"var(--ast-global-color-5)","background-image":"","background-repeat":"repeat","background-position":"center center","background-size":"auto","background-attachment":"scroll","background-type":"","background-media":"","overlay-type":"","overlay-color":"","overlay-opacity":"","overlay-gradient":""},"mobile":{"background-color":"var(--ast-global-color-5)","background-image":"","background-repeat":"repeat","background-position":"center center","background-size":"auto","background-attachment":"scroll","background-type":"","background-media":"","overlay-type":"","overlay-color":"","overlay-opacity":"","overlay-gradient":""}}},"product_brand":[],"product_cat":[31,15],"product_tag":[],"class_list":{"0":"post-1001","1":"product","2":"type-product","3":"status-publish","4":"has-post-thumbnail","6":"product_cat-usb-cables","7":"product_cat-3c-electronic-products","8":"desktop-align-left","9":"tablet-align-left","10":"mobile-align-left","12":"first","13":"instock","14":"sale","15":"shipping-taxable","16":"purchasable","17":"product-type-simple"},"_links":{"self":[{"href":"https:\/\/ulifeneed.com\/es\/wp-json\/wp\/v2\/product\/1001","targetHints":{"allow":["GET"]}}],"collection":[{"href":"https:\/\/ulifeneed.com\/es\/wp-json\/wp\/v2\/product"}],"about":[{"href":"https:\/\/ulifeneed.com\/es\/wp-json\/wp\/v2\/types\/product"}],"replies":[{"embeddable":true,"href":"https:\/\/ulifeneed.com\/es\/wp-json\/wp\/v2\/comments?post=1001"}],"version-history":[{"count":6,"href":"https:\/\/ulifeneed.com\/es\/wp-json\/wp\/v2\/product\/1001\/revisions"}],"predecessor-version":[{"id":1500,"href":"https:\/\/ulifeneed.com\/es\/wp-json\/wp\/v2\/product\/1001\/revisions\/1500"}],"wp:featuredmedia":[{"embeddable":true,"href":"https:\/\/ulifeneed.com\/es\/wp-json\/wp\/v2\/media\/1002"}],"wp:attachment":[{"href":"https:\/\/ulifeneed.com\/es\/wp-json\/wp\/v2\/media?parent=1001"}],"wp:term":[{"taxonomy":"product_brand","embeddable":true,"href":"https:\/\/ulifeneed.com\/es\/wp-json\/wp\/v2\/product_brand?post=1001"},{"taxonomy":"product_cat","embeddable":true,"href":"https:\/\/ulifeneed.com\/es\/wp-json\/wp\/v2\/product_cat?post=1001"},{"taxonomy":"product_tag","embeddable":true,"href":"https:\/\/ulifeneed.com\/es\/wp-json\/wp\/v2\/product_tag?post=1001"}],"curies":[{"name":"wp","href":"https:\/\/api.w.org\/{rel}","templated":true}]}}