{"id":837,"date":"2025-11-06T12:38:20","date_gmt":"2025-11-06T12:38:20","guid":{"rendered":"https:\/\/ulifeneed.com\/about-us\/"},"modified":"2026-04-07T04:12:49","modified_gmt":"2026-04-07T04:12:49","slug":"acerca-de-nosotros","status":"publish","type":"page","link":"https:\/\/ulifeneed.com\/es\/about-us\/","title":{"rendered":"Qui\u00e9nes somos"},"content":{"rendered":"<div data-elementor-type=\"wp-page\" data-elementor-id=\"837\" class=\"elementor elementor-837\">\n\t\t\t\t<div class=\"elementor-element elementor-element-adcf67e e-flex e-con-boxed e-con e-parent\" data-id=\"adcf67e\" data-element_type=\"container\" data-e-type=\"container\" data-settings=\"{&quot;background_background&quot;:&quot;classic&quot;}\">\n\t\t\t\t\t<div class=\"e-con-inner\">\n\t\t<div class=\"elementor-element elementor-element-f2cf30b e-con-full e-flex e-con e-child\" data-id=\"f2cf30b\" data-element_type=\"container\" data-e-type=\"container\">\n\t\t\t\t<div class=\"elementor-element elementor-element-74058e5 elementor-widget elementor-widget-heading\" data-id=\"74058e5\" data-element_type=\"widget\" data-e-type=\"widget\" data-widget_type=\"heading.default\">\n\t\t\t\t<div class=\"elementor-widget-container\">\n\t\t\t\t\t<h1 class=\"elementor-heading-title elementor-size-default\">Qui\u00e9nes somos<\/h1>\t\t\t\t<\/div>\n\t\t\t\t<\/div>\n\t\t\t\t<\/div>\n\t\t\t\t\t<\/div>\n\t\t\t\t<\/div>\n\t\t<div class=\"elementor-element elementor-element-dac2b88 e-flex e-con-boxed e-con e-parent\" data-id=\"dac2b88\" data-element_type=\"container\" data-e-type=\"container\">\n\t\t\t\t\t<div class=\"e-con-inner\">\n\t\t<div class=\"elementor-element elementor-element-5b11e0c e-con-full e-flex e-con e-child\" data-id=\"5b11e0c\" data-element_type=\"container\" data-e-type=\"container\" data-settings=\"{&quot;background_background&quot;:&quot;classic&quot;}\">\n\t\t\t\t<div class=\"elementor-element elementor-element-9355302 elementor-widget elementor-widget-heading\" data-id=\"9355302\" data-element_type=\"widget\" data-e-type=\"widget\" data-widget_type=\"heading.default\">\n\t\t\t\t<div class=\"elementor-widget-container\">\n\t\t\t\t\t<h2 class=\"elementor-heading-title elementor-size-default\">Conozca ULIFENEED<\/h2>\t\t\t\t<\/div>\n\t\t\t\t<\/div>\n\t\t\t\t<div class=\"elementor-element elementor-element-0ee8436 elementor-widget elementor-widget-text-editor\" data-id=\"0ee8436\" data-element_type=\"widget\" data-e-type=\"widget\" data-widget_type=\"text-editor.default\">\n\t\t\t\t<div class=\"elementor-widget-container\">\n\t\t\t\t\t\t\t\t\t<p>ULIFENEED vende electr\u00f3nica para el hogar, incluyendo ratones de ordenador, cables USB, teclados de ordenador<\/p>\t\t\t\t\t\t\t\t<\/div>\n\t\t\t\t<\/div>\n\t\t\t\t<div class=\"elementor-element elementor-element-07e7f64 elementor-widget elementor-widget-text-editor\" data-id=\"07e7f64\" data-element_type=\"widget\" data-e-type=\"widget\" data-widget_type=\"text-editor.default\">\n\t\t\t\t<div class=\"elementor-widget-container\">\n\t\t\t\t\t\t\t\t\t<p><strong>Company<\/strong>: Shenzhen Jinruijie Electronic Commerce Co., Ltd.<\/p><p><strong>Empresa de Hong Kong<\/strong>: JINHU INTERNATIONAL LIMITED<\/p><p><strong>Correo electr\u00f3nico oficial<\/strong>:\u00a0<a href=\"mailto:info@ulifeneed.com\" rel=\"nofollow\">info@ulifeneed.com<\/a><\/p>\t\t\t\t\t\t\t\t<\/div>\n\t\t\t\t<\/div>\n\t\t\t\t<div class=\"elementor-element elementor-element-0a47ac0 elementor-widget-mobile__width-inherit elementor-widget elementor-widget-image\" data-id=\"0a47ac0\" data-element_type=\"widget\" data-e-type=\"widget\" data-widget_type=\"image.default\">\n\t\t\t\t<div class=\"elementor-widget-container\">\n\t\t\t\t\t\t\t\t\t\t\t\t\t\t\t<img decoding=\"async\" width=\"113\" height=\"163\" src=\"https:\/\/ulifeneed.com\/wp-content\/uploads\/2021\/04\/signature-free-img.png\" class=\"attachment-full size-full wp-image-76\" alt=\"\" \/>\t\t\t\t\t\t\t\t\t\t\t\t\t\t\t<\/div>\n\t\t\t\t<\/div>\n\t\t\t\t<\/div>\n\t\t<div class=\"elementor-element elementor-element-5b1efea e-con-full e-flex e-con e-child\" data-id=\"5b1efea\" data-element_type=\"container\" data-e-type=\"container\">\n\t\t\t\t<div class=\"elementor-element elementor-element-48a7de3 elementor-widget elementor-widget-image\" data-id=\"48a7de3\" data-element_type=\"widget\" data-e-type=\"widget\" data-widget_type=\"image.default\">\n\t\t\t\t<div class=\"elementor-widget-container\">\n\t\t\t\t\t\t\t\t\t\t\t\t\t\t\t<img fetchpriority=\"high\" decoding=\"async\" width=\"1000\" height=\"1000\" src=\"https:\/\/ulifeneed.com\/wp-content\/uploads\/2025\/11\/045-7.jpg\" class=\"attachment-full size-full wp-image-1187\" alt=\"\" srcset=\"https:\/\/ulifeneed.com\/wp-content\/uploads\/2025\/11\/045-7.jpg 1000w, https:\/\/ulifeneed.com\/wp-content\/uploads\/2025\/11\/045-7-300x300.jpg 300w, https:\/\/ulifeneed.com\/wp-content\/uploads\/2025\/11\/045-7-150x150.jpg 150w, https:\/\/ulifeneed.com\/wp-content\/uploads\/2025\/11\/045-7-768x768.jpg 768w, https:\/\/ulifeneed.com\/wp-content\/uploads\/2025\/11\/045-7-600x600.jpg 600w, https:\/\/ulifeneed.com\/wp-content\/uploads\/2025\/11\/045-7-100x100.jpg 100w\" sizes=\"(max-width: 1000px) 100vw, 1000px\" \/>\t\t\t\t\t\t\t\t\t\t\t\t\t\t\t<\/div>\n\t\t\t\t<\/div>\n\t\t\t\t<\/div>\n\t\t\t\t\t<\/div>\n\t\t\t\t<\/div>\n\t\t<div class=\"elementor-element elementor-element-5ef46d6 e-flex e-con-boxed e-con e-parent\" data-id=\"5ef46d6\" data-element_type=\"container\" data-e-type=\"container\">\n\t\t\t\t\t<div class=\"e-con-inner\">\n\t\t\t\t<div class=\"elementor-element elementor-element-ee76658 elementor-widget elementor-widget-text-editor\" data-id=\"ee76658\" data-element_type=\"widget\" data-e-type=\"widget\" data-widget_type=\"text-editor.default\">\n\t\t\t\t<div class=\"elementor-widget-container\">\n\t\t\t\t\t\t\t\t\t<h2 style=\"text-align: center;\">Productos populares<\/h2>\t\t\t\t\t\t\t\t<\/div>\n\t\t\t\t<\/div>\n\t\t\t\t\t<\/div>\n\t\t\t\t<\/div>\n\t\t<div class=\"elementor-element elementor-element-34b4b18 e-flex e-con-boxed e-con e-parent\" data-id=\"34b4b18\" data-element_type=\"container\" data-e-type=\"container\">\n\t\t\t\t\t<div class=\"e-con-inner\">\n\t\t\t\t<div class=\"elementor-element elementor-element-be272a8 uael-woo--align-left uael-sale-flash-circle uael-featured-flash-circle elementor-widget elementor-widget-uael-woo-products\" data-id=\"be272a8\" data-element_type=\"widget\" data-e-type=\"widget\" data-settings=\"{&quot;products_columns&quot;:&quot;3&quot;,&quot;products_columns_tablet&quot;:&quot;3&quot;,&quot;products_columns_mobile&quot;:&quot;1&quot;}\" data-widget_type=\"uael-woo-products.grid-default\">\n\t\t\t\t<div class=\"elementor-widget-container\">\n\t\t\t\t\t<div class=\"uael-woocommerce uael-woo-products-grid uael-woo-skin-grid-default uael-woo-query-all\" data-page=\"837\" data-skin=\"grid_default\"><div class=\"columns-3 uael-woo-products-inner uael-woo-product__column-3 uael-woo-product__column-tablet-3 uael-woo-product__column-mobile-1\"><ul class=\"products columns-3\">\n\n\n<li class=\"usb cables 3c electronic products post-933 product first instock sale shipping-taxable purchasable product-type-simple\">\n\t<div class=\"uael-woo-product-wrapper uael-prod-auto-align-disabled\">\n\t\t<div class=\"uael-woo-products-thumbnail-wrap\"><div class=\"uael-flash-container double-flash\">\n\t<div class=\"uael-sale-flash-wrap\"><span class=\"uael-onsale\">\u00a1Oferta!<\/span><\/div>\n\t<\/div><a href=\"https:\/\/ulifeneed.com\/es\/product\/car-carplay-cable-2pack-3ft-coiled-usb-a-to-usb-c-fast-charge\/\" class=\"woocommerce-LoopProduct-link woocommerce-loop-product__link\"><img decoding=\"async\" width=\"300\" height=\"300\" src=\"https:\/\/ulifeneed.com\/wp-content\/uploads\/2025\/11\/009-1-300x300.jpg\" class=\"attachment-woocommerce_thumbnail size-woocommerce_thumbnail\" alt=\"Carplay Cable 2Pack 3ft Coiled USB A to USB C Fast Charge Cord for iPhone 17\/16\/15\/Plus\/Pro Max\/MacBook Pro, Auto Coiled Retractable iPhone Car Cord\" \/><\/a><\/div><div class=\"uael-woo-products-summary-wrap uael-auto-align-disabled\"><a href=\"https:\/\/ulifeneed.com\/es\/product\/car-carplay-cable-2pack-3ft-coiled-usb-a-to-usb-c-fast-charge\/\" class=\"uael-loop-product__link\"><h2 class=\"woocommerce-loop-product__title\">Carplay Cable 2Pack 3ft Coiled USB A to USB C Fast Charge Cord for iPhone 17\/16\/15\/Plus\/Pro Max\/MacBook Pro, Auto Coiled Retractable iPhone Car Cord<\/h2><\/a>\n\t<span class=\"price\"><del aria-hidden=\"true\"><span class=\"woocommerce-Price-amount amount\"><span class=\"woocommerce-Price-currencySymbol\">&#36;<\/span>29.99<\/span><\/del> <span class=\"screen-reader-text\" data-no-translation=\"\" data-trp-gettext=\"\">El precio original era: &#036;29.99.<\/span><ins aria-hidden=\"true\"><span class=\"woocommerce-Price-amount amount\"><span class=\"woocommerce-Price-currencySymbol\">&#36;<\/span>13.99<\/span><\/ins><span class=\"screen-reader-text\" data-no-translation=\"\" data-trp-gettext=\"\">El precio actual es: &#036;13.99.<\/span><\/span>\n<\/div>\t<\/div>\n<\/li>\n\n\n<li class=\"computer mice 3c electronic products post-1383 product  instock sale shipping-taxable purchasable product-type-simple\">\n\t<div class=\"uael-woo-product-wrapper uael-prod-auto-align-disabled\">\n\t\t<div class=\"uael-woo-products-thumbnail-wrap\"><div class=\"uael-flash-container double-flash\">\n\t<div class=\"uael-sale-flash-wrap\"><span class=\"uael-onsale\">\u00a1Oferta!<\/span><\/div>\n\t<\/div><a href=\"https:\/\/ulifeneed.com\/es\/product\/530-wireless-mouse-full-size-computer-mouse-for-pc-laptop-windows-computer-2-4-ghz-nano-usb-receiver-ambidextrous-design-12-months-battery-life-cordless\/\" class=\"woocommerce-LoopProduct-link woocommerce-loop-product__link\"><img loading=\"lazy\" decoding=\"async\" width=\"300\" height=\"300\" src=\"https:\/\/ulifeneed.com\/wp-content\/uploads\/2025\/11\/073-1-300x300.jpg\" class=\"attachment-woocommerce_thumbnail size-woocommerce_thumbnail\" alt=\"Rat\u00f3n inal\u00e1mbrico 530 - Rat\u00f3n de tama\u00f1o normal para PC, port\u00e1til, ordenador Windows - Nano receptor USB de 2,4 GHz - Dise\u00f1o ambidiestro - 12 meses de duraci\u00f3n de la bater\u00eda - Inal\u00e1mbrico\" \/><\/a><\/div><div class=\"uael-woo-products-summary-wrap uael-auto-align-disabled\"><a href=\"https:\/\/ulifeneed.com\/es\/product\/530-wireless-mouse-full-size-computer-mouse-for-pc-laptop-windows-computer-2-4-ghz-nano-usb-receiver-ambidextrous-design-12-months-battery-life-cordless\/\" class=\"uael-loop-product__link\"><h2 class=\"woocommerce-loop-product__title\">Rat\u00f3n inal\u00e1mbrico 530 - Rat\u00f3n de tama\u00f1o normal para PC, port\u00e1til, ordenador Windows - Nano receptor USB de 2,4 GHz - Dise\u00f1o ambidiestro - 12 meses de duraci\u00f3n de la bater\u00eda - Inal\u00e1mbrico<\/h2><\/a>\n\t<span class=\"price\"><del aria-hidden=\"true\"><span class=\"woocommerce-Price-amount amount\"><span class=\"woocommerce-Price-currencySymbol\">&#36;<\/span>27.00<\/span><\/del> <span class=\"screen-reader-text\" data-no-translation=\"\" data-trp-gettext=\"\">El precio original era: &#036;27.00.<\/span><ins aria-hidden=\"true\"><span class=\"woocommerce-Price-amount amount\"><span class=\"woocommerce-Price-currencySymbol\">&#36;<\/span>15.99<\/span><\/ins><span class=\"screen-reader-text\" data-no-translation=\"\" data-trp-gettext=\"\">El precio actual es: &#036;15.99.<\/span><\/span>\n<\/div>\t<\/div>\n<\/li>\n\n\n<li class=\"computer keyboards 3c electronic products post-1065 product last instock sale shipping-taxable purchasable product-type-simple\">\n\t<div class=\"uael-woo-product-wrapper uael-prod-auto-align-disabled\">\n\t\t<div class=\"uael-woo-products-thumbnail-wrap\"><div class=\"uael-flash-container double-flash\">\n\t<div class=\"uael-sale-flash-wrap\"><span class=\"uael-onsale\">\u00a1Oferta!<\/span><\/div>\n\t<\/div><a href=\"https:\/\/ulifeneed.com\/es\/product\/bluetooth-keyboard-compatible-with-ipad-10th-generation\/\" class=\"woocommerce-LoopProduct-link woocommerce-loop-product__link\"><img loading=\"lazy\" decoding=\"async\" width=\"300\" height=\"300\" src=\"https:\/\/ulifeneed.com\/wp-content\/uploads\/2025\/11\/026-1-300x300.jpg\" class=\"attachment-woocommerce_thumbnail size-woocommerce_thumbnail\" alt=\"Teclado Bluetooth compatible con iPad 10\u00aa generaci\u00f3n, iPad 10.2 (9\u00aa\/8\u00aa\/7\u00aa), iPad Pro 13\/12.9 pulgadas, iPad Air\/Mini y m\u00e1s dispositivos iOS, blanco.\" \/><\/a><\/div><div class=\"uael-woo-products-summary-wrap uael-auto-align-disabled\"><a href=\"https:\/\/ulifeneed.com\/es\/product\/bluetooth-keyboard-compatible-with-ipad-10th-generation\/\" class=\"uael-loop-product__link\"><h2 class=\"woocommerce-loop-product__title\">Teclado Bluetooth compatible con iPad 10\u00aa generaci\u00f3n, iPad 10.2 (9\u00aa\/8\u00aa\/7\u00aa), iPad Pro 13\/12.9 pulgadas, iPad Air\/Mini y m\u00e1s dispositivos iOS, blanco.<\/h2><\/a>\n\t<span class=\"price\"><del aria-hidden=\"true\"><span class=\"woocommerce-Price-amount amount\"><span class=\"woocommerce-Price-currencySymbol\">&#36;<\/span>45.99<\/span><\/del> <span class=\"screen-reader-text\" data-no-translation=\"\" data-trp-gettext=\"\">El precio original era: &#036;45.99.<\/span><ins aria-hidden=\"true\"><span class=\"woocommerce-Price-amount amount\"><span class=\"woocommerce-Price-currencySymbol\">&#36;<\/span>18.99<\/span><\/ins><span class=\"screen-reader-text\" data-no-translation=\"\" data-trp-gettext=\"\">El precio actual es: &#036;18.99.<\/span><\/span>\n<\/div>\t<\/div>\n<\/li>\n\n\n<li class=\"3c electronic products computer keyboards post-1164 product first instock sale shipping-taxable purchasable product-type-simple\">\n\t<div class=\"uael-woo-product-wrapper uael-prod-auto-align-disabled\">\n\t\t<div class=\"uael-woo-products-thumbnail-wrap\"><div class=\"uael-flash-container double-flash\">\n\t<div class=\"uael-sale-flash-wrap\"><span class=\"uael-onsale\">\u00a1Oferta!<\/span><\/div>\n\t<\/div><a href=\"https:\/\/ulifeneed.com\/es\/product\/2-4g-wireless-keyboard-stainless-steel-ultra-slim-full-size-keyboard\/\" class=\"woocommerce-LoopProduct-link woocommerce-loop-product__link\"><img loading=\"lazy\" decoding=\"async\" width=\"300\" height=\"300\" src=\"https:\/\/ulifeneed.com\/wp-content\/uploads\/2025\/11\/039-1-300x300.jpg\" class=\"attachment-woocommerce_thumbnail size-woocommerce_thumbnail\" alt=\"2.4G Teclado Inal\u00e1mbrico de Acero Inoxidable Ultra Delgado Teclado de Tama\u00f1o Completo con Teclado Num\u00e9rico para Ordenador\/Escritorio\/PC\/Laptop\/Surface\/Smart TV y Windows 10\/8\/ 7 Construido en Bater\u00eda Recargable\" \/><\/a><\/div><div class=\"uael-woo-products-summary-wrap uael-auto-align-disabled\"><a href=\"https:\/\/ulifeneed.com\/es\/product\/2-4g-wireless-keyboard-stainless-steel-ultra-slim-full-size-keyboard\/\" class=\"uael-loop-product__link\"><h2 class=\"woocommerce-loop-product__title\">2.4G Teclado Inal\u00e1mbrico de Acero Inoxidable Ultra Delgado Teclado de Tama\u00f1o Completo con Teclado Num\u00e9rico para Ordenador\/Escritorio\/PC\/Laptop\/Surface\/Smart TV y Windows 10\/8\/ 7 Construido en Bater\u00eda Recargable<\/h2><\/a>\n\t<span class=\"price\"><del aria-hidden=\"true\"><span class=\"woocommerce-Price-amount amount\"><span class=\"woocommerce-Price-currencySymbol\">&#36;<\/span>69.00<\/span><\/del> <span class=\"screen-reader-text\" data-no-translation=\"\" data-trp-gettext=\"\">El precio original era: &#036;69.00.<\/span><ins aria-hidden=\"true\"><span class=\"woocommerce-Price-amount amount\"><span class=\"woocommerce-Price-currencySymbol\">&#36;<\/span>37.99<\/span><\/ins><span class=\"screen-reader-text\" data-no-translation=\"\" data-trp-gettext=\"\">El precio actual es: &#036;37.99.<\/span><\/span>\n<\/div>\t<\/div>\n<\/li>\n\n\n<li class=\"computer keyboards 3c electronic products post-1180 product  instock sale shipping-taxable purchasable product-type-simple\">\n\t<div class=\"uael-woo-product-wrapper uael-prod-auto-align-disabled\">\n\t\t<div class=\"uael-woo-products-thumbnail-wrap\"><div class=\"uael-flash-container double-flash\">\n\t<div class=\"uael-sale-flash-wrap\"><span class=\"uael-onsale\">\u00a1Oferta!<\/span><\/div>\n\t<\/div><a href=\"https:\/\/ulifeneed.com\/es\/product\/bk10-bluetooth-keyboard-universal-bluetooth\/\" class=\"woocommerce-LoopProduct-link woocommerce-loop-product__link\"><img loading=\"lazy\" decoding=\"async\" width=\"300\" height=\"300\" src=\"https:\/\/ulifeneed.com\/wp-content\/uploads\/2025\/11\/045-1-300x300.jpg\" class=\"attachment-woocommerce_thumbnail size-woocommerce_thumbnail\" alt=\"Teclado Bluetooth BK10, teclado inal\u00e1mbrico universal Bluetooth 5.1 con teclado num\u00e9rico, dise\u00f1o ergon\u00f3mico, compatibilidad con varios dispositivos, conexi\u00f3n estable para Mac, iPad, iPhone, Android y Windows.\" \/><\/a><\/div><div class=\"uael-woo-products-summary-wrap uael-auto-align-disabled\"><a href=\"https:\/\/ulifeneed.com\/es\/product\/bk10-bluetooth-keyboard-universal-bluetooth\/\" class=\"uael-loop-product__link\"><h2 class=\"woocommerce-loop-product__title\">Teclado Bluetooth BK10, teclado inal\u00e1mbrico universal Bluetooth 5.1 con teclado num\u00e9rico, dise\u00f1o ergon\u00f3mico, compatibilidad con varios dispositivos, conexi\u00f3n estable para Mac, iPad, iPhone, Android y Windows.<\/h2><\/a>\n\t<span class=\"price\"><del aria-hidden=\"true\"><span class=\"woocommerce-Price-amount amount\"><span class=\"woocommerce-Price-currencySymbol\">&#36;<\/span>79.00<\/span><\/del> <span class=\"screen-reader-text\" data-no-translation=\"\" data-trp-gettext=\"\">El precio original era: &#036;79.00.<\/span><ins aria-hidden=\"true\"><span class=\"woocommerce-Price-amount amount\"><span class=\"woocommerce-Price-currencySymbol\">&#36;<\/span>35.99<\/span><\/ins><span class=\"screen-reader-text\" data-no-translation=\"\" data-trp-gettext=\"\">El precio actual es: &#036;35.99.<\/span><\/span>\n<\/div>\t<\/div>\n<\/li>\n\n\n<li class=\"3c electronic products computer keyboards post-1147 product last instock sale shipping-taxable purchasable product-type-simple\">\n\t<div class=\"uael-woo-product-wrapper uael-prod-auto-align-disabled\">\n\t\t<div class=\"uael-woo-products-thumbnail-wrap\"><div class=\"uael-flash-container double-flash\">\n\t<div class=\"uael-sale-flash-wrap\"><span class=\"uael-onsale\">\u00a1Oferta!<\/span><\/div>\n\t<\/div><a href=\"https:\/\/ulifeneed.com\/es\/product\/rk907-ultra-slim-compact-usb-wired-keyboard-for-mac\/\" class=\"woocommerce-LoopProduct-link woocommerce-loop-product__link\"><img loading=\"lazy\" decoding=\"async\" width=\"300\" height=\"300\" src=\"https:\/\/ulifeneed.com\/wp-content\/uploads\/2025\/11\/038-1-300x300.jpg\" class=\"attachment-woocommerce_thumbnail size-woocommerce_thumbnail\" alt=\"RK907 Teclado USB con cable compacto y ultrafino para Mac y PC,Windows 10\/8 \/ 7 \/ Vista\/XP (negro)\" \/><\/a><\/div><div class=\"uael-woo-products-summary-wrap uael-auto-align-disabled\"><a href=\"https:\/\/ulifeneed.com\/es\/product\/rk907-ultra-slim-compact-usb-wired-keyboard-for-mac\/\" class=\"uael-loop-product__link\"><h2 class=\"woocommerce-loop-product__title\">RK907 Teclado USB con cable compacto y ultrafino para Mac y PC,Windows 10\/8 \/ 7 \/ Vista\/XP (negro)<\/h2><\/a>\n\t<span class=\"price\"><del aria-hidden=\"true\"><span class=\"woocommerce-Price-amount amount\"><span class=\"woocommerce-Price-currencySymbol\">&#36;<\/span>27.99<\/span><\/del> <span class=\"screen-reader-text\" data-no-translation=\"\" data-trp-gettext=\"\">El precio original era: &#036;27.99.<\/span><ins aria-hidden=\"true\"><span class=\"woocommerce-Price-amount amount\"><span class=\"woocommerce-Price-currencySymbol\">&#36;<\/span>9.99<\/span><\/ins><span class=\"screen-reader-text\" data-no-translation=\"\" data-trp-gettext=\"\">El precio actual es: &#036;9.99.<\/span><\/span>\n<\/div>\t<\/div>\n<\/li>\n<\/ul>\n<\/div><\/div>\t\t\t\t<\/div>\n\t\t\t\t<\/div>\n\t\t\t\t\t<\/div>\n\t\t\t\t<\/div>\n\t\t\t\t<\/div>","protected":false},"excerpt":{"rendered":"<p>About Us Meet ULIFENEED ULIFENEED sells home electronics, including Computer Mice, USB Cables, Computer Keyboards Company: Shenzhen Jinruijie Electronic Commerce Co., Ltd. Hong Kong Company: JINHU INTERNATIONAL LIMITED Official Email:\u00a0info@ulifeneed.com Popular Products Sale! HEPA Carbon Air Filter Kit Compatible with Tesla Model Y, Carbin Air Conditional Replacement with External Intake Activated Carbon 2020-2024\/2025\/2026 Accessories &#36;199.00 [&hellip;]<\/p>\n","protected":false},"author":1,"featured_media":0,"parent":0,"menu_order":1,"comment_status":"closed","ping_status":"closed","template":"","meta":{"site-sidebar-layout":"no-sidebar","site-content-layout":"page-builder","ast-site-content-layout":"default","site-content-style":"default","site-sidebar-style":"default","ast-global-header-display":"","ast-banner-title-visibility":"","ast-main-header-display":"","ast-hfb-above-header-display":"","ast-hfb-below-header-display":"","ast-hfb-mobile-header-display":"","site-post-title":"disabled","ast-breadcrumbs-content":"disabled","ast-featured-img":"disabled","footer-sml-layout":"","theme-transparent-header-meta":"disabled","adv-header-id-meta":"","stick-header-meta":"","header-above-stick-meta":"","header-main-stick-meta":"","header-below-stick-meta":"","astra-migrate-meta-layouts":"default","ast-page-background-enabled":"default","ast-page-background-meta":{"desktop":{"background-color":"","background-image":"","background-repeat":"repeat","background-position":"center center","background-size":"auto","background-attachment":"scroll","background-type":"","background-media":"","overlay-type":"","overlay-color":"","overlay-opacity":"","overlay-gradient":""},"tablet":{"background-color":"","background-image":"","background-repeat":"repeat","background-position":"center center","background-size":"auto","background-attachment":"scroll","background-type":"","background-media":"","overlay-type":"","overlay-color":"","overlay-opacity":"","overlay-gradient":""},"mobile":{"background-color":"","background-image":"","background-repeat":"repeat","background-position":"center center","background-size":"auto","background-attachment":"scroll","background-type":"","background-media":"","overlay-type":"","overlay-color":"","overlay-opacity":"","overlay-gradient":""}},"ast-content-background-meta":{"desktop":{"background-color":"var(--ast-global-color-5)","background-image":"","background-repeat":"repeat","background-position":"center center","background-size":"auto","background-attachment":"scroll","background-type":"","background-media":"","overlay-type":"","overlay-color":"","overlay-opacity":"","overlay-gradient":""},"tablet":{"background-color":"var(--ast-global-color-5)","background-image":"","background-repeat":"repeat","background-position":"center center","background-size":"auto","background-attachment":"scroll","background-type":"","background-media":"","overlay-type":"","overlay-color":"","overlay-opacity":"","overlay-gradient":""},"mobile":{"background-color":"var(--ast-global-color-5)","background-image":"","background-repeat":"repeat","background-position":"center center","background-size":"auto","background-attachment":"scroll","background-type":"","background-media":"","overlay-type":"","overlay-color":"","overlay-opacity":"","overlay-gradient":""}},"footnotes":""},"class_list":["post-837","page","type-page","status-publish","hentry","desktop-align-left","tablet-align-left","mobile-align-left"],"_links":{"self":[{"href":"https:\/\/ulifeneed.com\/es\/wp-json\/wp\/v2\/pages\/837","targetHints":{"allow":["GET"]}}],"collection":[{"href":"https:\/\/ulifeneed.com\/es\/wp-json\/wp\/v2\/pages"}],"about":[{"href":"https:\/\/ulifeneed.com\/es\/wp-json\/wp\/v2\/types\/page"}],"author":[{"embeddable":true,"href":"https:\/\/ulifeneed.com\/es\/wp-json\/wp\/v2\/users\/1"}],"replies":[{"embeddable":true,"href":"https:\/\/ulifeneed.com\/es\/wp-json\/wp\/v2\/comments?post=837"}],"version-history":[{"count":9,"href":"https:\/\/ulifeneed.com\/es\/wp-json\/wp\/v2\/pages\/837\/revisions"}],"predecessor-version":[{"id":1692,"href":"https:\/\/ulifeneed.com\/es\/wp-json\/wp\/v2\/pages\/837\/revisions\/1692"}],"wp:attachment":[{"href":"https:\/\/ulifeneed.com\/es\/wp-json\/wp\/v2\/media?parent=837"}],"curies":[{"name":"wp","href":"https:\/\/api.w.org\/{rel}","templated":true}]}}