{"id":1436,"date":"2025-11-11T03:16:11","date_gmt":"2025-11-11T03:16:11","guid":{"rendered":"https:\/\/ulifeneed.com\/?page_id=1436"},"modified":"2025-11-11T03:17:43","modified_gmt":"2025-11-11T03:17:43","slug":"politica-de-envios","status":"publish","type":"page","link":"https:\/\/ulifeneed.com\/es\/shipping-policy\/","title":{"rendered":"Pol\u00edtica de env\u00edos"},"content":{"rendered":"<div data-elementor-type=\"wp-page\" data-elementor-id=\"1436\" class=\"elementor elementor-1436\">\n\t\t\t\t<div class=\"elementor-element elementor-element-f8efc0f e-flex e-con-boxed e-con e-parent\" data-id=\"f8efc0f\" data-element_type=\"container\" data-e-type=\"container\">\n\t\t\t\t\t<div class=\"e-con-inner\">\n\t\t\t\t<div class=\"elementor-element elementor-element-22f8fa6 elementor-widget elementor-widget-text-editor\" data-id=\"22f8fa6\" data-element_type=\"widget\" data-e-type=\"widget\" data-widget_type=\"text-editor.default\">\n\t\t\t\t<div class=\"elementor-widget-container\">\n\t\t\t\t\t\t\t\t\t<h2>Pol\u00edtica de env\u00edos<\/h2><p>1. \u00bfCU\u00c1LES SON MIS OPCIONES DE ENV\u00cdO?<\/p><p>Est\u00e1ndar: 2-10 d\u00edas laborables.<\/p><p>Entrega en EE.UU. continental en un plazo de seis d\u00edas laborables, de lunes a viernes, antes de las 19:00 horas. Los plazos de entrega en Alaska y Hawai pueden variar.<\/p><p>2. \u00bfC\u00d3MO SE CALCULAN MIS GASTOS DE ENV\u00cdO?<\/p><p>Estimamos todos nuestros gastos de env\u00edo por peso, entrega \/ enviar a lugares y m\u00e9todos de env\u00edo. Pueden aplicarse gastos de env\u00edo reales.<\/p><p>3. \u00bfPUEDO RECIBIR UN PEDIDO EN FIN DE SEMANA?<\/p><p>ulifeneed.com no prev\u00e9 actualmente entregas en s\u00e1bado o domingo.<\/p><p>4. \u00bfQU\u00c9 HAGO SI MI PEDIDO SE RETRASA?<\/p><p>Si el plazo de entrega previsto que figura en la lista con el tipo de env\u00edo elegido ha expirado y la informaci\u00f3n de seguimiento no le ayuda, p\u00f3ngase en contacto con nosotros inmediatamente.<\/p><p>Su pedido puede llegar tarde porque no hab\u00eda nadie disponible para aceptar la entrega. Si usted no est\u00e1 presente cuando se intenta realizar una entrega, el transportista har\u00e1 un segundo intento, y a menudo un tercero. Si aun as\u00ed no se realiza la entrega, el env\u00edo ser\u00e1 devuelto a nuestro almac\u00e9n. Debe informarnos de cualquier pedido no entregado en un plazo de 25 d\u00edas a partir de la fecha en que realiz\u00f3 el pedido.<\/p><p>5. \u00bfQU\u00c9 OCURRE SI MI PAQUETE EST\u00c1 DA\u00d1ADO EN EL MOMENTO DE LA ENTREGA?<\/p><p>Si su paquete llega da\u00f1ado, puede rechazar la entrega sin coste alguno para usted. P\u00f3ngase en contacto con nosotros inmediatamente para que podamos corregir la situaci\u00f3n lo antes posible.<\/p>\t\t\t\t\t\t\t\t<\/div>\n\t\t\t\t<\/div>\n\t\t\t\t\t<\/div>\n\t\t\t\t<\/div>\n\t\t\t\t<\/div>","protected":false},"excerpt":{"rendered":"<p>Shipping Policy 1. WHAT ARE MY SHIPPING OPTIONS? Standard: 2-10 Business Days. Delivery in the continental U.S. within six business days, Monday-Friday, by 7:00 PM. Delivery times to Alaska and Hawaii may vary. 2. HOW ARE MY SHIPPING COSTS CALCULATED? We estimate all of our shipping charges by weight, delivery \/ ship to locations and [&hellip;]<\/p>\n","protected":false},"author":1,"featured_media":0,"parent":0,"menu_order":13,"comment_status":"closed","ping_status":"closed","template":"","meta":{"site-sidebar-layout":"no-sidebar","site-content-layout":"page-builder","ast-site-content-layout":"full-width-container","site-content-style":"default","site-sidebar-style":"default","ast-global-header-display":"","ast-banner-title-visibility":"","ast-main-header-display":"","ast-hfb-above-header-display":"","ast-hfb-below-header-display":"","ast-hfb-mobile-header-display":"","site-post-title":"","ast-breadcrumbs-content":"","ast-featured-img":"disabled","footer-sml-layout":"","theme-transparent-header-meta":"","adv-header-id-meta":"","stick-header-meta":"","header-above-stick-meta":"","header-main-stick-meta":"","header-below-stick-meta":"","astra-migrate-meta-layouts":"set","ast-page-background-enabled":"default","ast-page-background-meta":{"desktop":{"background-color":"","background-image":"","background-repeat":"repeat","background-position":"center center","background-size":"auto","background-attachment":"scroll","background-type":"","background-media":"","overlay-type":"","overlay-color":"","overlay-opacity":"","overlay-gradient":""},"tablet":{"background-color":"","background-image":"","background-repeat":"repeat","background-position":"center center","background-size":"auto","background-attachment":"scroll","background-type":"","background-media":"","overlay-type":"","overlay-color":"","overlay-opacity":"","overlay-gradient":""},"mobile":{"background-color":"","background-image":"","background-repeat":"repeat","background-position":"center center","background-size":"auto","background-attachment":"scroll","background-type":"","background-media":"","overlay-type":"","overlay-color":"","overlay-opacity":"","overlay-gradient":""}},"ast-content-background-meta":{"desktop":{"background-color":"var(--ast-global-color-5)","background-image":"","background-repeat":"repeat","background-position":"center center","background-size":"auto","background-attachment":"scroll","background-type":"","background-media":"","overlay-type":"","overlay-color":"","overlay-opacity":"","overlay-gradient":""},"tablet":{"background-color":"var(--ast-global-color-5)","background-image":"","background-repeat":"repeat","background-position":"center center","background-size":"auto","background-attachment":"scroll","background-type":"","background-media":"","overlay-type":"","overlay-color":"","overlay-opacity":"","overlay-gradient":""},"mobile":{"background-color":"var(--ast-global-color-5)","background-image":"","background-repeat":"repeat","background-position":"center center","background-size":"auto","background-attachment":"scroll","background-type":"","background-media":"","overlay-type":"","overlay-color":"","overlay-opacity":"","overlay-gradient":""}},"footnotes":""},"class_list":["post-1436","page","type-page","status-publish","hentry"],"_links":{"self":[{"href":"https:\/\/ulifeneed.com\/es\/wp-json\/wp\/v2\/pages\/1436","targetHints":{"allow":["GET"]}}],"collection":[{"href":"https:\/\/ulifeneed.com\/es\/wp-json\/wp\/v2\/pages"}],"about":[{"href":"https:\/\/ulifeneed.com\/es\/wp-json\/wp\/v2\/types\/page"}],"author":[{"embeddable":true,"href":"https:\/\/ulifeneed.com\/es\/wp-json\/wp\/v2\/users\/1"}],"replies":[{"embeddable":true,"href":"https:\/\/ulifeneed.com\/es\/wp-json\/wp\/v2\/comments?post=1436"}],"version-history":[{"count":4,"href":"https:\/\/ulifeneed.com\/es\/wp-json\/wp\/v2\/pages\/1436\/revisions"}],"predecessor-version":[{"id":1440,"href":"https:\/\/ulifeneed.com\/es\/wp-json\/wp\/v2\/pages\/1436\/revisions\/1440"}],"wp:attachment":[{"href":"https:\/\/ulifeneed.com\/es\/wp-json\/wp\/v2\/media?parent=1436"}],"curies":[{"name":"wp","href":"https:\/\/api.w.org\/{rel}","templated":true}]}}