{"id":965,"date":"2025-11-07T04:28:29","date_gmt":"2025-11-07T04:28:29","guid":{"rendered":"https:\/\/ulifeneed.com\/?post_type=product&#038;p=965"},"modified":"2025-11-28T04:49:00","modified_gmt":"2025-11-28T04:49:00","slug":"usb-c-zu-usb-c-kabel-3ft-2-pack-nylon-geflochten-60w-typ-c-ladegerat","status":"publish","type":"product","link":"https:\/\/ulifeneed.com\/de\/product\/usb-c-to-usb-c-cable-3ft-2-pack-nylon-braided-60w-type-c-charger\/","title":{"rendered":"USB C zu USB C Kabel 3FT 2 Pack, Nylon geflochtenes 60W Typ C Ladeger\u00e4t Schnelles Laden, iPhone 15 16 17 Ladekabel, USBC zu USBC Kabel f\u00fcr iPhone 15 16 17 Pro Plus Pro Max\/iPad Pro\/Air"},"content":{"rendered":"<div data-elementor-type=\"wp-post\" data-elementor-id=\"965\" class=\"elementor elementor-965\">\n\t\t\t\t<div class=\"elementor-element elementor-element-7ab7465 e-flex e-con-boxed e-con e-parent\" data-id=\"7ab7465\" data-element_type=\"container\" data-e-type=\"container\">\n\t\t\t\t\t<div class=\"e-con-inner\">\n\t\t\t\t<div class=\"elementor-element elementor-element-01349a5 elementor-widget elementor-widget-text-editor\" data-id=\"01349a5\" data-element_type=\"widget\" data-e-type=\"widget\" data-widget_type=\"text-editor.default\">\n\t\t\t\t<div class=\"elementor-widget-container\">\n\t\t\t\t\t\t\t\t\t<p>\u301060W Schnelles Laden\u301160W USB C zu USB C Kabel f\u00fcr iPhone 17\/16\/15 pro unterst\u00fctzt PD3.0\/QC3.0\/QC4.0 schnelles Laden bis zu 60W Max (20V\/3A) mit USB-C Power Delivery Adaptern wie 30W\/45W\/60W.L\u00e4dt USB-C Telefone von 0% bis 80% in 35 Minuten, mit Daten\u00fcbertragungsgeschwindigkeiten bis zu 480Mbps.<br \/>\u3010L\u00e4ngere Lebensdauer\u3011USBC zu USBC Kabel verf\u00fcgt \u00fcber ein TPE &amp; Nylon-Geflecht au\u00dfen und einen kugelsicheren Faserkern, um 55.000+ Biegungen zu \u00fcberstehen. Hochentwickelte lasergeschwei\u00dfte Stecker, UV-verst\u00e4rkte Kupferkerne und ein 20 kg belastungsgepr\u00fcfter USB-C-Anschluss sorgen daf\u00fcr, dass dieses C-zu-C-Kabel Standard-Ladekabel \u00fcberdauert.<br \/>\u3010Universelle Kompatibilit\u00e4t\u3011 Funktioniert einwandfrei als iPhone 16 17 Ladekabel, iPhone 15 Ladekabel und dar\u00fcber hinaus - einschlie\u00dflich iPhone 17\/16\/15 Pro\/Max\/Plus, Google Pixel, MacBook Pro\/Air M2 und iPad Pro\/Air\/Mini. Eine echte USB-C-auf-USB-C-L\u00f6sung f\u00fcr alle schnell aufladbaren USB-C-Ger\u00e4te<br \/>\u3010MFi-zertifiziert\u3011MFi-zertifizierte Kabel sch\u00fctzen die Ladeanschl\u00fcsse Ihrer teuren Ger\u00e4te vor Sch\u00e4den und bieten Ihnen eine h\u00f6here Ladestabilit\u00e4t und Effizienz sowie eine l\u00e4ngere Lebensdauer.<br \/>\u3010NOTE\u3011Dies ist ein USB-C zu USB-C Kabel (gleicher Stecker an beiden Enden). Ben\u00f6tigt ein Typ-C-Ladeger\u00e4t Schnelllade-Wandadapter.Sie erhalten 2 Pack 3FT usb c zu usb c Kabel.<\/p>\t\t\t\t\t\t\t\t<\/div>\n\t\t\t\t<\/div>\n\t\t\t\t\t<\/div>\n\t\t\t\t<\/div>\n\t\t<div class=\"elementor-element elementor-element-86893d4 e-flex e-con-boxed e-con e-parent\" data-id=\"86893d4\" data-element_type=\"container\" data-e-type=\"container\">\n\t\t\t\t\t<div class=\"e-con-inner\">\n\t\t\t\t<div class=\"elementor-element elementor-element-8714e9f elementor-widget elementor-widget-image-gallery\" data-id=\"8714e9f\" data-element_type=\"widget\" data-e-type=\"widget\" data-widget_type=\"image-gallery.default\">\n\t\t\t\t<div class=\"elementor-widget-container\">\n\t\t\t\t\t\t\t<div class=\"elementor-image-gallery\">\n\t\t\t<div id='gallery-1' class='gallery galleryid-965 gallery-columns-3 gallery-size-medium_large'><figure class='gallery-item'>\n\t\t\t<div class='gallery-icon landscape'>\n\t\t\t\t<img fetchpriority=\"high\" decoding=\"async\" width=\"768\" height=\"768\" src=\"https:\/\/ulifeneed.com\/wp-content\/uploads\/2025\/11\/013-4-768x768.jpg\" class=\"attachment-medium_large size-medium_large\" alt=\"\" srcset=\"https:\/\/ulifeneed.com\/wp-content\/uploads\/2025\/11\/013-4-768x768.jpg 768w, https:\/\/ulifeneed.com\/wp-content\/uploads\/2025\/11\/013-4-300x300.jpg 300w, https:\/\/ulifeneed.com\/wp-content\/uploads\/2025\/11\/013-4-150x150.jpg 150w, https:\/\/ulifeneed.com\/wp-content\/uploads\/2025\/11\/013-4-600x600.jpg 600w, https:\/\/ulifeneed.com\/wp-content\/uploads\/2025\/11\/013-4-100x100.jpg 100w, https:\/\/ulifeneed.com\/wp-content\/uploads\/2025\/11\/013-4.jpg 1000w\" sizes=\"(max-width: 768px) 100vw, 768px\" \/>\n\t\t\t<\/div><\/figure><figure class='gallery-item'>\n\t\t\t<div class='gallery-icon landscape'>\n\t\t\t\t<img decoding=\"async\" width=\"768\" height=\"768\" src=\"https:\/\/ulifeneed.com\/wp-content\/uploads\/2025\/11\/013-768x768.jpg\" class=\"attachment-medium_large size-medium_large\" alt=\"\" srcset=\"https:\/\/ulifeneed.com\/wp-content\/uploads\/2025\/11\/013-768x768.jpg 768w, https:\/\/ulifeneed.com\/wp-content\/uploads\/2025\/11\/013-300x300.jpg 300w, https:\/\/ulifeneed.com\/wp-content\/uploads\/2025\/11\/013-150x150.jpg 150w, https:\/\/ulifeneed.com\/wp-content\/uploads\/2025\/11\/013-600x600.jpg 600w, https:\/\/ulifeneed.com\/wp-content\/uploads\/2025\/11\/013-100x100.jpg 100w, https:\/\/ulifeneed.com\/wp-content\/uploads\/2025\/11\/013.jpg 1000w\" sizes=\"(max-width: 768px) 100vw, 768px\" \/>\n\t\t\t<\/div><\/figure><figure class='gallery-item'>\n\t\t\t<div class='gallery-icon landscape'>\n\t\t\t\t<img decoding=\"async\" width=\"768\" height=\"768\" src=\"https:\/\/ulifeneed.com\/wp-content\/uploads\/2025\/11\/013-5-768x768.jpg\" class=\"attachment-medium_large size-medium_large\" alt=\"\" srcset=\"https:\/\/ulifeneed.com\/wp-content\/uploads\/2025\/11\/013-5-768x768.jpg 768w, https:\/\/ulifeneed.com\/wp-content\/uploads\/2025\/11\/013-5-300x300.jpg 300w, https:\/\/ulifeneed.com\/wp-content\/uploads\/2025\/11\/013-5-150x150.jpg 150w, https:\/\/ulifeneed.com\/wp-content\/uploads\/2025\/11\/013-5-600x600.jpg 600w, https:\/\/ulifeneed.com\/wp-content\/uploads\/2025\/11\/013-5-100x100.jpg 100w, https:\/\/ulifeneed.com\/wp-content\/uploads\/2025\/11\/013-5.jpg 1000w\" sizes=\"(max-width: 768px) 100vw, 768px\" \/>\n\t\t\t<\/div><\/figure>\n\t\t<\/div>\n\t\t<\/div>\n\t\t\t\t\t\t<\/div>\n\t\t\t\t<\/div>\n\t\t\t\t\t<\/div>\n\t\t\t\t<\/div>\n\t\t<div class=\"elementor-element elementor-element-48b475b e-flex e-con-boxed e-con e-parent\" data-id=\"48b475b\" data-element_type=\"container\" data-e-type=\"container\">\n\t\t\t\t\t<div class=\"e-con-inner\">\n\t\t\t\t<div class=\"elementor-element elementor-element-0f74b56 elementor-widget elementor-widget-text-editor\" data-id=\"0f74b56\" data-element_type=\"widget\" data-e-type=\"widget\" data-widget_type=\"text-editor.default\">\n\t\t\t\t<div class=\"elementor-widget-container\">\n\t\t\t\t\t\t\t\t\t<h2>2 Pack 60W USB C auf USB C Kabel<\/h2><p>Maximale Leistung: 60W=20V 3A<br \/>Farbe: Wei\u00df<br \/>L\u00e4nge: 3FT<br \/>Metrial: Doppeltes Nylon-Geflecht + Premium-Aluminium-Legierung<br \/>Daten\u00fcbertragung: 480Mbps<br \/>Apple MFi Zertifizierung: Unser Typ-C-Ladeger\u00e4t Schnellladung wurde von Apple streng getestet und zertifiziert, um ihre Standards zu erf\u00fcllen<br \/>\u00dcbertragen Sie Filme, Musik oder eine ganze Fotosammlung in Sekundenschnelle mit einer \u00dcbertragungsgeschwindigkeit von 480 Mbit\/s. Unterst\u00fctzen Sie eine maximale Ausgangsleistung von 60 W zum Aufladen von Handys, Tablets und Laptops.<\/p>\t\t\t\t\t\t\t\t<\/div>\n\t\t\t\t<\/div>\n\t\t\t\t\t<\/div>\n\t\t\t\t<\/div>\n\t\t<div class=\"elementor-element elementor-element-8c190bd e-flex e-con-boxed e-con e-parent\" data-id=\"8c190bd\" data-element_type=\"container\" data-e-type=\"container\">\n\t\t\t\t\t<div class=\"e-con-inner\">\n\t\t\t\t<div class=\"elementor-element elementor-element-631cdb7 elementor-widget elementor-widget-image-gallery\" data-id=\"631cdb7\" data-element_type=\"widget\" data-e-type=\"widget\" data-widget_type=\"image-gallery.default\">\n\t\t\t\t<div class=\"elementor-widget-container\">\n\t\t\t\t\t\t\t<div class=\"elementor-image-gallery\">\n\t\t\t<div id='gallery-2' class='gallery galleryid-965 gallery-columns-1 gallery-size-full'><figure class='gallery-item'>\n\t\t\t<div class='gallery-icon landscape'>\n\t\t\t\t<img loading=\"lazy\" decoding=\"async\" width=\"1000\" height=\"1000\" src=\"https:\/\/ulifeneed.com\/wp-content\/uploads\/2025\/11\/013-7.jpg\" class=\"attachment-full size-full\" alt=\"\" aria-describedby=\"gallery-2-972\" srcset=\"https:\/\/ulifeneed.com\/wp-content\/uploads\/2025\/11\/013-7.jpg 1000w, https:\/\/ulifeneed.com\/wp-content\/uploads\/2025\/11\/013-7-300x300.jpg 300w, https:\/\/ulifeneed.com\/wp-content\/uploads\/2025\/11\/013-7-150x150.jpg 150w, https:\/\/ulifeneed.com\/wp-content\/uploads\/2025\/11\/013-7-768x768.jpg 768w, https:\/\/ulifeneed.com\/wp-content\/uploads\/2025\/11\/013-7-600x600.jpg 600w, https:\/\/ulifeneed.com\/wp-content\/uploads\/2025\/11\/013-7-100x100.jpg 100w\" sizes=\"(max-width: 1000px) 100vw, 1000px\" \/>\n\t\t\t<\/div>\n\t\t\t\t<figcaption class='wp-caption-text gallery-caption' id='gallery-2-972'>\n\t\t\t\tVersion 1.0.0\n\t\t\t\t<\/figcaption><\/figure><figure class='gallery-item'>\n\t\t\t<div class='gallery-icon landscape'>\n\t\t\t\t<img loading=\"lazy\" decoding=\"async\" width=\"1000\" height=\"1000\" src=\"https:\/\/ulifeneed.com\/wp-content\/uploads\/2025\/11\/013-8.jpg\" class=\"attachment-full size-full\" alt=\"\" aria-describedby=\"gallery-2-973\" srcset=\"https:\/\/ulifeneed.com\/wp-content\/uploads\/2025\/11\/013-8.jpg 1000w, https:\/\/ulifeneed.com\/wp-content\/uploads\/2025\/11\/013-8-300x300.jpg 300w, https:\/\/ulifeneed.com\/wp-content\/uploads\/2025\/11\/013-8-150x150.jpg 150w, https:\/\/ulifeneed.com\/wp-content\/uploads\/2025\/11\/013-8-768x768.jpg 768w, https:\/\/ulifeneed.com\/wp-content\/uploads\/2025\/11\/013-8-600x600.jpg 600w, https:\/\/ulifeneed.com\/wp-content\/uploads\/2025\/11\/013-8-100x100.jpg 100w\" sizes=\"(max-width: 1000px) 100vw, 1000px\" \/>\n\t\t\t<\/div>\n\t\t\t\t<figcaption class='wp-caption-text gallery-caption' id='gallery-2-973'>\n\t\t\t\tVersion 1.0.0\n\t\t\t\t<\/figcaption><\/figure><figure class='gallery-item'>\n\t\t\t<div class='gallery-icon landscape'>\n\t\t\t\t<img loading=\"lazy\" decoding=\"async\" width=\"1000\" height=\"1000\" src=\"https:\/\/ulifeneed.com\/wp-content\/uploads\/2025\/11\/013-9.jpg\" class=\"attachment-full size-full\" alt=\"\" aria-describedby=\"gallery-2-974\" srcset=\"https:\/\/ulifeneed.com\/wp-content\/uploads\/2025\/11\/013-9.jpg 1000w, https:\/\/ulifeneed.com\/wp-content\/uploads\/2025\/11\/013-9-300x300.jpg 300w, https:\/\/ulifeneed.com\/wp-content\/uploads\/2025\/11\/013-9-150x150.jpg 150w, https:\/\/ulifeneed.com\/wp-content\/uploads\/2025\/11\/013-9-768x768.jpg 768w, https:\/\/ulifeneed.com\/wp-content\/uploads\/2025\/11\/013-9-600x600.jpg 600w, https:\/\/ulifeneed.com\/wp-content\/uploads\/2025\/11\/013-9-100x100.jpg 100w\" sizes=\"(max-width: 1000px) 100vw, 1000px\" \/>\n\t\t\t<\/div>\n\t\t\t\t<figcaption class='wp-caption-text gallery-caption' id='gallery-2-974'>\n\t\t\t\tVersion 1.0.0\n\t\t\t\t<\/figcaption><\/figure><figure class='gallery-item'>\n\t\t\t<div class='gallery-icon landscape'>\n\t\t\t\t<img loading=\"lazy\" decoding=\"async\" width=\"1000\" height=\"618\" src=\"https:\/\/ulifeneed.com\/wp-content\/uploads\/2025\/11\/013-10.jpg\" class=\"attachment-full size-full\" alt=\"\" srcset=\"https:\/\/ulifeneed.com\/wp-content\/uploads\/2025\/11\/013-10.jpg 1000w, https:\/\/ulifeneed.com\/wp-content\/uploads\/2025\/11\/013-10-300x185.jpg 300w, https:\/\/ulifeneed.com\/wp-content\/uploads\/2025\/11\/013-10-768x475.jpg 768w, https:\/\/ulifeneed.com\/wp-content\/uploads\/2025\/11\/013-10-600x371.jpg 600w\" sizes=\"(max-width: 1000px) 100vw, 1000px\" \/>\n\t\t\t<\/div><\/figure><figure class='gallery-item'>\n\t\t\t<div class='gallery-icon landscape'>\n\t\t\t\t<img loading=\"lazy\" decoding=\"async\" width=\"1000\" height=\"618\" src=\"https:\/\/ulifeneed.com\/wp-content\/uploads\/2025\/11\/013-11.jpg\" class=\"attachment-full size-full\" alt=\"\" srcset=\"https:\/\/ulifeneed.com\/wp-content\/uploads\/2025\/11\/013-11.jpg 1000w, https:\/\/ulifeneed.com\/wp-content\/uploads\/2025\/11\/013-11-300x185.jpg 300w, https:\/\/ulifeneed.com\/wp-content\/uploads\/2025\/11\/013-11-768x475.jpg 768w, https:\/\/ulifeneed.com\/wp-content\/uploads\/2025\/11\/013-11-600x371.jpg 600w\" sizes=\"(max-width: 1000px) 100vw, 1000px\" \/>\n\t\t\t<\/div><\/figure><figure class='gallery-item'>\n\t\t\t<div class='gallery-icon landscape'>\n\t\t\t\t<img loading=\"lazy\" decoding=\"async\" width=\"1000\" height=\"618\" src=\"https:\/\/ulifeneed.com\/wp-content\/uploads\/2025\/11\/013-12.jpg\" class=\"attachment-full size-full\" alt=\"\" srcset=\"https:\/\/ulifeneed.com\/wp-content\/uploads\/2025\/11\/013-12.jpg 1000w, https:\/\/ulifeneed.com\/wp-content\/uploads\/2025\/11\/013-12-300x185.jpg 300w, https:\/\/ulifeneed.com\/wp-content\/uploads\/2025\/11\/013-12-768x475.jpg 768w, https:\/\/ulifeneed.com\/wp-content\/uploads\/2025\/11\/013-12-600x371.jpg 600w\" sizes=\"(max-width: 1000px) 100vw, 1000px\" \/>\n\t\t\t<\/div><\/figure><figure class='gallery-item'>\n\t\t\t<div class='gallery-icon landscape'>\n\t\t\t\t<img loading=\"lazy\" decoding=\"async\" width=\"1000\" height=\"618\" src=\"https:\/\/ulifeneed.com\/wp-content\/uploads\/2025\/11\/013-13.jpg\" class=\"attachment-full size-full\" alt=\"\" srcset=\"https:\/\/ulifeneed.com\/wp-content\/uploads\/2025\/11\/013-13.jpg 1000w, https:\/\/ulifeneed.com\/wp-content\/uploads\/2025\/11\/013-13-300x185.jpg 300w, https:\/\/ulifeneed.com\/wp-content\/uploads\/2025\/11\/013-13-768x475.jpg 768w, https:\/\/ulifeneed.com\/wp-content\/uploads\/2025\/11\/013-13-600x371.jpg 600w\" sizes=\"(max-width: 1000px) 100vw, 1000px\" \/>\n\t\t\t<\/div><\/figure>\n\t\t<\/div>\n\t\t<\/div>\n\t\t\t\t\t\t<\/div>\n\t\t\t\t<\/div>\n\t\t\t\t\t<\/div>\n\t\t\t\t<\/div>\n\t\t<div class=\"elementor-element elementor-element-a3baa69 e-flex e-con-boxed e-con e-parent\" data-id=\"a3baa69\" data-element_type=\"container\" data-e-type=\"container\">\n\t\t\t\t\t<div class=\"e-con-inner\">\n\t\t\t\t<div class=\"elementor-element elementor-element-b56ecaa elementor-widget elementor-widget-text-editor\" data-id=\"b56ecaa\" data-element_type=\"widget\" data-e-type=\"widget\" data-widget_type=\"text-editor.default\">\n\t\t\t\t<div class=\"elementor-widget-container\">\n\t\t\t\t\t\t\t\t\t<h2>Edler TPE- und Nylon-Geflechtbezug<\/h2><p>TPE &amp; Nylon geflochtene \u00e4u\u00dfere H\u00fclle mit ausgezeichneten Touch, leicht, Stabilit\u00e4t, Haltbarkeit, Langlebigkeit, Anti-Aging, starke Biegefestigkeit und Schlagz\u00e4higkeit, die glatte Oberfl\u00e4che und helle Farbe machen unsere Ladekabel mit High-End-und exquisite Gef\u00fchl, auch TPE mit Anti leitende und antistatische Funktionen, hohe Flammwidrigkeit, Thick Braid steht bis zu Haustier kauen<\/p><h2>Ausgezeichnete Langlebigkeit<\/h2><p>Das USBC-zu-USBC-Kabel verf\u00fcgt \u00fcber ein TPE- und Nylon-Geflecht und einen kugelsicheren Faserkern, der mehr als 55000 Biegungen \u00fcbersteht. Fortschrittliche lasergeschwei\u00dfte Stecker, UV-verst\u00e4rkte Kupferkerne<\/p><h2>L\u00e4ngere Lebensspanne<\/h2><p>Der mit 20 kg belastungsgepr\u00fcfte USB-C-Anschluss sorgt daf\u00fcr, dass dieses C-zu-C-Kabel Standard-Ladekabel \u00fcberdauert.<\/p><h2>MFi zertifiziert<\/h2><p>MFi-zertifizierte Kabel sch\u00fctzen die Ladeanschl\u00fcsse Ihrer teuren Ger\u00e4te vor Besch\u00e4digungen und bieten Ihnen eine h\u00f6here Ladestabilit\u00e4t und -effizienz sowie eine l\u00e4ngere Lebensdauer.<\/p>\t\t\t\t\t\t\t\t<\/div>\n\t\t\t\t<\/div>\n\t\t\t\t\t<\/div>\n\t\t\t\t<\/div>\n\t\t\t\t<\/div>","protected":false},"excerpt":{"rendered":"<h2>USB C zu USB C Kabel 3FT 2 Pack, Nylon geflochtenes 60W Typ C Ladeger\u00e4t Schnelles Laden, iPhone 15 16 17 Ladekabel, USBC zu USBC Kabel f\u00fcr iPhone 15 16 17 Pro Plus Pro Max\/iPad Pro\/Air<\/h2>\n<p><strong>Stecker Typ<\/strong>: USB Typ C<br \/>\n<strong>Kabel Typ<\/strong>: USB C auf USB C Kabel<br \/>\n<strong>Kompatible Ger\u00e4te<\/strong>: iPhone 17\/16\/15 Pro Plus Pro Max\/MacBook Pro\/MacBook Air 13 Zoll\/MacBook Retina\/iPad Pro\/iPad Air\/iPad Mini 6\/iPad 10th\/Samsung Galaxy S20\/S20 Ultra\/Note 10\/Note 10 Plus\/Google Pixel 7 Pro\/ChromebookiPhone 17\/16\/15 Pro Plus Pro Max\/MacBook Pro\/MacBook Air 13 Zoll\/MacBook Retina\/iPad Pro\/iPad Air\/iPad Mini 6\/iPad 10th\/Samsung Galaxy S20\/S20 Ultra\/Note 10\/Note 10 Plus\/Google Pixel 7 Pro\/Chromebook<br \/>\n<strong>Besonderes Merkmal<\/strong>: Geflochten, Daten\u00fcbertragung, Schnelles Aufladen<\/p>","protected":false},"featured_media":971,"comment_status":"open","ping_status":"closed","template":"","meta":{"site-sidebar-layout":"no-sidebar","site-content-layout":"page-builder","ast-site-content-layout":"normal-width-container","site-content-style":"default","site-sidebar-style":"default","ast-global-header-display":"","ast-banner-title-visibility":"","ast-main-header-display":"","ast-hfb-above-header-display":"","ast-hfb-below-header-display":"","ast-hfb-mobile-header-display":"","site-post-title":"","ast-breadcrumbs-content":"","ast-featured-img":"disabled","footer-sml-layout":"","theme-transparent-header-meta":"default","adv-header-id-meta":"","stick-header-meta":"","header-above-stick-meta":"","header-main-stick-meta":"","header-below-stick-meta":"","astra-migrate-meta-layouts":"set","ast-page-background-enabled":"default","ast-page-background-meta":{"desktop":{"background-color":"","background-image":"","background-repeat":"repeat","background-position":"center center","background-size":"auto","background-attachment":"scroll","background-type":"","background-media":"","overlay-type":"","overlay-color":"","overlay-opacity":"","overlay-gradient":""},"tablet":{"background-color":"","background-image":"","background-repeat":"repeat","background-position":"center center","background-size":"auto","background-attachment":"scroll","background-type":"","background-media":"","overlay-type":"","overlay-color":"","overlay-opacity":"","overlay-gradient":""},"mobile":{"background-color":"","background-image":"","background-repeat":"repeat","background-position":"center center","background-size":"auto","background-attachment":"scroll","background-type":"","background-media":"","overlay-type":"","overlay-color":"","overlay-opacity":"","overlay-gradient":""}},"ast-content-background-meta":{"desktop":{"background-color":"var(--ast-global-color-5)","background-image":"","background-repeat":"repeat","background-position":"center center","background-size":"auto","background-attachment":"scroll","background-type":"","background-media":"","overlay-type":"","overlay-color":"","overlay-opacity":"","overlay-gradient":""},"tablet":{"background-color":"var(--ast-global-color-5)","background-image":"","background-repeat":"repeat","background-position":"center center","background-size":"auto","background-attachment":"scroll","background-type":"","background-media":"","overlay-type":"","overlay-color":"","overlay-opacity":"","overlay-gradient":""},"mobile":{"background-color":"var(--ast-global-color-5)","background-image":"","background-repeat":"repeat","background-position":"center center","background-size":"auto","background-attachment":"scroll","background-type":"","background-media":"","overlay-type":"","overlay-color":"","overlay-opacity":"","overlay-gradient":""}}},"product_brand":[],"product_cat":[31,15],"product_tag":[],"class_list":{"0":"post-965","1":"product","2":"type-product","3":"status-publish","4":"has-post-thumbnail","6":"product_cat-usb-cables","7":"product_cat-3c-electronic-products","8":"desktop-align-left","9":"tablet-align-left","10":"mobile-align-left","12":"first","13":"instock","14":"sale","15":"shipping-taxable","16":"purchasable","17":"product-type-simple"},"_links":{"self":[{"href":"https:\/\/ulifeneed.com\/de\/wp-json\/wp\/v2\/product\/965","targetHints":{"allow":["GET"]}}],"collection":[{"href":"https:\/\/ulifeneed.com\/de\/wp-json\/wp\/v2\/product"}],"about":[{"href":"https:\/\/ulifeneed.com\/de\/wp-json\/wp\/v2\/types\/product"}],"replies":[{"embeddable":true,"href":"https:\/\/ulifeneed.com\/de\/wp-json\/wp\/v2\/comments?post=965"}],"version-history":[{"count":6,"href":"https:\/\/ulifeneed.com\/de\/wp-json\/wp\/v2\/product\/965\/revisions"}],"predecessor-version":[{"id":1498,"href":"https:\/\/ulifeneed.com\/de\/wp-json\/wp\/v2\/product\/965\/revisions\/1498"}],"wp:featuredmedia":[{"embeddable":true,"href":"https:\/\/ulifeneed.com\/de\/wp-json\/wp\/v2\/media\/971"}],"wp:attachment":[{"href":"https:\/\/ulifeneed.com\/de\/wp-json\/wp\/v2\/media?parent=965"}],"wp:term":[{"taxonomy":"product_brand","embeddable":true,"href":"https:\/\/ulifeneed.com\/de\/wp-json\/wp\/v2\/product_brand?post=965"},{"taxonomy":"product_cat","embeddable":true,"href":"https:\/\/ulifeneed.com\/de\/wp-json\/wp\/v2\/product_cat?post=965"},{"taxonomy":"product_tag","embeddable":true,"href":"https:\/\/ulifeneed.com\/de\/wp-json\/wp\/v2\/product_tag?post=965"}],"curies":[{"name":"wp","href":"https:\/\/api.w.org\/{rel}","templated":true}]}}