{"id":899,"date":"2025-11-07T03:43:17","date_gmt":"2025-11-07T03:43:17","guid":{"rendered":"https:\/\/ulifeneed.com\/?post_type=product&#038;p=899"},"modified":"2025-11-28T04:48:25","modified_gmt":"2025-11-28T04:48:25","slug":"typ-c-kabellose-maus-usb-c-macbook-kabellose-maus","status":"publish","type":"product","link":"https:\/\/ulifeneed.com\/de\/product\/type-c-wireless-mouse-usb-c-macbook-wireless-mouse\/","title":{"rendered":"Type C Wireless Mouse, USB C MacBook Wireless Mouse Dual Mode 2.4G Cordless Mice mit Nano USB und Type C Receiver Kompatibel mit PC, Laptop, MacBook und allen Type C Ger\u00e4ten-Schwarz und Silber"},"content":{"rendered":"<div data-elementor-type=\"wp-post\" data-elementor-id=\"899\" class=\"elementor elementor-899\">\n\t\t\t\t<div class=\"elementor-element elementor-element-7ab7465 e-flex e-con-boxed e-con e-parent\" data-id=\"7ab7465\" data-element_type=\"container\" data-e-type=\"container\">\n\t\t\t\t\t<div class=\"e-con-inner\">\n\t\t\t\t<div class=\"elementor-element elementor-element-01349a5 elementor-widget elementor-widget-text-editor\" data-id=\"01349a5\" data-element_type=\"widget\" data-e-type=\"widget\" data-widget_type=\"text-editor.default\">\n\t\t\t\t<div class=\"elementor-widget-container\">\n\t\t\t\t\t\t\t\t\t<p>\u3010WEITE KOMPATIBILIT\u00c4T\u3011 Gut kompatibel mit Windows7\/8\/10\/XP, Vista, Mac OS X 10.10 oder sp\u00e4ter. Passt f\u00fcr alle Type-C Ger\u00e4te, Tablets, Handys, Macbook, Macbook Pro, iMac, iMac Pro, Chromebook und mehr.<\/p><p>\u3010RECHARGEABLE &amp; QUIET CLICKING\u3011Einfaches Aufladen durch das mitgelieferte Micro-USB-Kabel und den eingebauten langlebigen 300mAh Lithium-Akku. Die glatte, gefrostete Oberfl\u00e4che und die leisen Klicks sorgen f\u00fcr ein besseres Benutzererlebnis und befreien Sie von der Sorge, andere zu st\u00f6ren, damit Sie sich beim Arbeiten konzentrieren k\u00f6nnen.<\/p><p>\u3010ADJUSTABLE DPI AND ERGONOMIC DESIGN\u30113 DPI-Stufen (1000\/1600\/2400 DPI) erm\u00f6glichen es Ihnen, die Empfindlichkeit des Cursors einfach zu \u00e4ndern und auf einer Vielzahl von Oberfl\u00e4chen fl\u00fcssiger zu arbeiten. Die konturierte Form passt sich perfekt an Ihre H\u00e4nde an und reduziert die Erm\u00fcdung der H\u00e4nde<\/p><p>\u3010EASY TO USE &amp; CONVENIENT\u3011PLUG and PLAY. Der Nano-Typ-C- und USB-Empf\u00e4nger befindet sich im Batteriefach der Maus. Nehmen Sie ihn heraus und schlie\u00dfen Sie ihn separat an den Port des Ger\u00e4ts an. Es werden keine zus\u00e4tzlichen Treiber oder Software ben\u00f6tigt. Sie k\u00f6nnen mit einer einzigen Taste zwischen den angeschlossenen Ger\u00e4ten wechseln. Verstauen Sie den Empf\u00e4nger im Batteriefach, wenn Sie unterwegs sind.<\/p><p>\u3010SKIN-FRIENDLY &amp; WARRANTY\u3011Die leise Klick-Maus mit klassischem Design bietet Ihrer Hand maximalen Halt und Komfort. Jedes ulifeneed Produkt beinhaltet 12 Monate Garantie. Bitte kaufen Sie mit Vertrauen<\/p>\t\t\t\t\t\t\t\t<\/div>\n\t\t\t\t<\/div>\n\t\t\t\t\t<\/div>\n\t\t\t\t<\/div>\n\t\t<div class=\"elementor-element elementor-element-8c190bd e-flex e-con-boxed e-con e-parent\" data-id=\"8c190bd\" data-element_type=\"container\" data-e-type=\"container\">\n\t\t\t\t\t<div class=\"e-con-inner\">\n\t\t\t\t<div class=\"elementor-element elementor-element-631cdb7 elementor-widget elementor-widget-image-gallery\" data-id=\"631cdb7\" data-element_type=\"widget\" data-e-type=\"widget\" data-widget_type=\"image-gallery.default\">\n\t\t\t\t<div class=\"elementor-widget-container\">\n\t\t\t\t\t\t\t<div class=\"elementor-image-gallery\">\n\t\t\t<div id='gallery-1' class='gallery galleryid-899 gallery-columns-3 gallery-size-medium_large'><figure class='gallery-item'>\n\t\t\t<div class='gallery-icon landscape'>\n\t\t\t\t<img fetchpriority=\"high\" decoding=\"async\" width=\"768\" height=\"768\" src=\"https:\/\/ulifeneed.com\/wp-content\/uploads\/2025\/11\/Black-and-Silver-02-768x768.jpg\" class=\"attachment-medium_large size-medium_large\" alt=\"\" aria-describedby=\"gallery-1-907\" srcset=\"https:\/\/ulifeneed.com\/wp-content\/uploads\/2025\/11\/Black-and-Silver-02-768x768.jpg 768w, https:\/\/ulifeneed.com\/wp-content\/uploads\/2025\/11\/Black-and-Silver-02-300x300.jpg 300w, https:\/\/ulifeneed.com\/wp-content\/uploads\/2025\/11\/Black-and-Silver-02-1024x1024.jpg 1024w, https:\/\/ulifeneed.com\/wp-content\/uploads\/2025\/11\/Black-and-Silver-02-150x150.jpg 150w, https:\/\/ulifeneed.com\/wp-content\/uploads\/2025\/11\/Black-and-Silver-02-600x600.jpg 600w, https:\/\/ulifeneed.com\/wp-content\/uploads\/2025\/11\/Black-and-Silver-02-100x100.jpg 100w, https:\/\/ulifeneed.com\/wp-content\/uploads\/2025\/11\/Black-and-Silver-02.jpg 1500w\" sizes=\"(max-width: 768px) 100vw, 768px\" \/>\n\t\t\t<\/div>\n\t\t\t\t<figcaption class='wp-caption-text gallery-caption' id='gallery-1-907'>\n\t\t\t\tVersion 1.0.0\n\t\t\t\t<\/figcaption><\/figure><figure class='gallery-item'>\n\t\t\t<div class='gallery-icon landscape'>\n\t\t\t\t<img decoding=\"async\" width=\"768\" height=\"768\" src=\"https:\/\/ulifeneed.com\/wp-content\/uploads\/2025\/11\/Black-and-Silver-03-768x768.jpg\" class=\"attachment-medium_large size-medium_large\" alt=\"\" aria-describedby=\"gallery-1-906\" srcset=\"https:\/\/ulifeneed.com\/wp-content\/uploads\/2025\/11\/Black-and-Silver-03-768x768.jpg 768w, https:\/\/ulifeneed.com\/wp-content\/uploads\/2025\/11\/Black-and-Silver-03-300x300.jpg 300w, https:\/\/ulifeneed.com\/wp-content\/uploads\/2025\/11\/Black-and-Silver-03-1024x1024.jpg 1024w, https:\/\/ulifeneed.com\/wp-content\/uploads\/2025\/11\/Black-and-Silver-03-150x150.jpg 150w, https:\/\/ulifeneed.com\/wp-content\/uploads\/2025\/11\/Black-and-Silver-03-600x600.jpg 600w, https:\/\/ulifeneed.com\/wp-content\/uploads\/2025\/11\/Black-and-Silver-03-100x100.jpg 100w, https:\/\/ulifeneed.com\/wp-content\/uploads\/2025\/11\/Black-and-Silver-03.jpg 1500w\" sizes=\"(max-width: 768px) 100vw, 768px\" \/>\n\t\t\t<\/div>\n\t\t\t\t<figcaption class='wp-caption-text gallery-caption' id='gallery-1-906'>\n\t\t\t\tVersion 1.0.0\n\t\t\t\t<\/figcaption><\/figure><figure class='gallery-item'>\n\t\t\t<div class='gallery-icon landscape'>\n\t\t\t\t<img decoding=\"async\" width=\"768\" height=\"768\" src=\"https:\/\/ulifeneed.com\/wp-content\/uploads\/2025\/11\/Black-and-Silver-04-768x768.jpg\" class=\"attachment-medium_large size-medium_large\" alt=\"\" aria-describedby=\"gallery-1-905\" srcset=\"https:\/\/ulifeneed.com\/wp-content\/uploads\/2025\/11\/Black-and-Silver-04-768x768.jpg 768w, https:\/\/ulifeneed.com\/wp-content\/uploads\/2025\/11\/Black-and-Silver-04-300x300.jpg 300w, https:\/\/ulifeneed.com\/wp-content\/uploads\/2025\/11\/Black-and-Silver-04-1024x1024.jpg 1024w, https:\/\/ulifeneed.com\/wp-content\/uploads\/2025\/11\/Black-and-Silver-04-150x150.jpg 150w, https:\/\/ulifeneed.com\/wp-content\/uploads\/2025\/11\/Black-and-Silver-04-600x600.jpg 600w, https:\/\/ulifeneed.com\/wp-content\/uploads\/2025\/11\/Black-and-Silver-04-100x100.jpg 100w, https:\/\/ulifeneed.com\/wp-content\/uploads\/2025\/11\/Black-and-Silver-04.jpg 1500w\" sizes=\"(max-width: 768px) 100vw, 768px\" \/>\n\t\t\t<\/div>\n\t\t\t\t<figcaption class='wp-caption-text gallery-caption' id='gallery-1-905'>\n\t\t\t\tVersion 1.0.0\n\t\t\t\t<\/figcaption><\/figure>\n\t\t<\/div>\n\t\t<\/div>\n\t\t\t\t\t\t<\/div>\n\t\t\t\t<\/div>\n\t\t\t\t\t<\/div>\n\t\t\t\t<\/div>\n\t\t<div class=\"elementor-element elementor-element-a3baa69 e-flex e-con-boxed e-con e-parent\" data-id=\"a3baa69\" data-element_type=\"container\" data-e-type=\"container\">\n\t\t\t\t\t<div class=\"e-con-inner\">\n\t\t\t\t<div class=\"elementor-element elementor-element-b56ecaa elementor-widget elementor-widget-text-editor\" data-id=\"b56ecaa\" data-element_type=\"widget\" data-e-type=\"widget\" data-widget_type=\"text-editor.default\">\n\t\t\t\t<div class=\"elementor-widget-container\">\n\t\t\t\t\t\t\t\t\t<h2>2.4G USB &amp; Typ C Drahtlosverbindung<\/h2><p>Der 2-1-Empf\u00e4nger kann die Ausstattung jeder Schnittstelle erf\u00fcllen, ulifeneed drahtlose Maus kann an Ihren Computer leicht angeschlossen werden, Plug and Play, keine zus\u00e4tzlichen Treiber erforderlich. Schnelle und stabile \u00dcbertragung.<\/p><h3>Business-Stil, schlankes Design<\/h3><p>Das schlanke, ergonomische Design und die glatte, mattierte Oberfl\u00e4che sorgen f\u00fcr ein unglaubliches Benutzererlebnis. Und dank des symmetrischen Designs passt er in beide H\u00e4nde.<\/p><h3>Plug and Play<\/h3><p>Ein Nano-Transceiver wird an den USB-Anschluss Ihres Computers angeschlossen und sorgt f\u00fcr eine zuverl\u00e4ssige drahtlose Verbindung. Kein Treiber erforderlich. Super einfach zu bedienen.<\/p>\t\t\t\t\t\t\t\t<\/div>\n\t\t\t\t<\/div>\n\t\t\t\t\t<\/div>\n\t\t\t\t<\/div>\n\t\t<div class=\"elementor-element elementor-element-86893d4 e-flex e-con-boxed e-con e-parent\" data-id=\"86893d4\" data-element_type=\"container\" data-e-type=\"container\">\n\t\t\t\t\t<div class=\"e-con-inner\">\n\t\t\t\t<div class=\"elementor-element elementor-element-8714e9f elementor-widget elementor-widget-image-gallery\" data-id=\"8714e9f\" data-element_type=\"widget\" data-e-type=\"widget\" data-widget_type=\"image-gallery.default\">\n\t\t\t\t<div class=\"elementor-widget-container\">\n\t\t\t\t\t\t\t<div class=\"elementor-image-gallery\">\n\t\t\t<div id='gallery-2' class='gallery galleryid-899 gallery-columns-1 gallery-size-full'><figure class='gallery-item'>\n\t\t\t<div class='gallery-icon landscape'>\n\t\t\t\t<img loading=\"lazy\" decoding=\"async\" width=\"970\" height=\"600\" src=\"https:\/\/ulifeneed.com\/wp-content\/uploads\/2025\/11\/af8f622d-dc0e-48d2-a9d6-f8a3bfa9c981.jpg\" class=\"attachment-full size-full\" alt=\"\" srcset=\"https:\/\/ulifeneed.com\/wp-content\/uploads\/2025\/11\/af8f622d-dc0e-48d2-a9d6-f8a3bfa9c981.jpg 970w, https:\/\/ulifeneed.com\/wp-content\/uploads\/2025\/11\/af8f622d-dc0e-48d2-a9d6-f8a3bfa9c981-300x186.jpg 300w, https:\/\/ulifeneed.com\/wp-content\/uploads\/2025\/11\/af8f622d-dc0e-48d2-a9d6-f8a3bfa9c981-768x475.jpg 768w, https:\/\/ulifeneed.com\/wp-content\/uploads\/2025\/11\/af8f622d-dc0e-48d2-a9d6-f8a3bfa9c981-600x371.jpg 600w\" sizes=\"(max-width: 970px) 100vw, 970px\" \/>\n\t\t\t<\/div><\/figure><figure class='gallery-item'>\n\t\t\t<div class='gallery-icon landscape'>\n\t\t\t\t<img loading=\"lazy\" decoding=\"async\" width=\"970\" height=\"300\" src=\"https:\/\/ulifeneed.com\/wp-content\/uploads\/2025\/11\/697516e7-256d-4fec-a59f-b4f3d8d68756.jpg\" class=\"attachment-full size-full\" alt=\"\" srcset=\"https:\/\/ulifeneed.com\/wp-content\/uploads\/2025\/11\/697516e7-256d-4fec-a59f-b4f3d8d68756.jpg 970w, https:\/\/ulifeneed.com\/wp-content\/uploads\/2025\/11\/697516e7-256d-4fec-a59f-b4f3d8d68756-300x93.jpg 300w, https:\/\/ulifeneed.com\/wp-content\/uploads\/2025\/11\/697516e7-256d-4fec-a59f-b4f3d8d68756-768x238.jpg 768w, https:\/\/ulifeneed.com\/wp-content\/uploads\/2025\/11\/697516e7-256d-4fec-a59f-b4f3d8d68756-600x186.jpg 600w\" sizes=\"(max-width: 970px) 100vw, 970px\" \/>\n\t\t\t<\/div><\/figure><figure class='gallery-item'>\n\t\t\t<div class='gallery-icon landscape'>\n\t\t\t\t<img loading=\"lazy\" decoding=\"async\" width=\"970\" height=\"300\" src=\"https:\/\/ulifeneed.com\/wp-content\/uploads\/2025\/11\/6c9b00e1-358a-470b-9dbb-b031f1ae62a8.jpg\" class=\"attachment-full size-full\" alt=\"\" srcset=\"https:\/\/ulifeneed.com\/wp-content\/uploads\/2025\/11\/6c9b00e1-358a-470b-9dbb-b031f1ae62a8.jpg 970w, https:\/\/ulifeneed.com\/wp-content\/uploads\/2025\/11\/6c9b00e1-358a-470b-9dbb-b031f1ae62a8-300x93.jpg 300w, https:\/\/ulifeneed.com\/wp-content\/uploads\/2025\/11\/6c9b00e1-358a-470b-9dbb-b031f1ae62a8-768x238.jpg 768w, https:\/\/ulifeneed.com\/wp-content\/uploads\/2025\/11\/6c9b00e1-358a-470b-9dbb-b031f1ae62a8-600x186.jpg 600w\" sizes=\"(max-width: 970px) 100vw, 970px\" \/>\n\t\t\t<\/div><\/figure>\n\t\t<\/div>\n\t\t<\/div>\n\t\t\t\t\t\t<\/div>\n\t\t\t\t<\/div>\n\t\t\t\t\t<\/div>\n\t\t\t\t<\/div>\n\t\t<div class=\"elementor-element elementor-element-48b475b e-flex e-con-boxed e-con e-parent\" data-id=\"48b475b\" data-element_type=\"container\" data-e-type=\"container\">\n\t\t\t\t\t<div class=\"e-con-inner\">\n\t\t\t\t<div class=\"elementor-element elementor-element-0f74b56 elementor-widget elementor-widget-text-editor\" data-id=\"0f74b56\" data-element_type=\"widget\" data-e-type=\"widget\" data-widget_type=\"text-editor.default\">\n\t\t\t\t<div class=\"elementor-widget-container\">\n\t\t\t\t\t\t\t\t\t<p>Seit 2015 produzieren und liefern wir Computerperipherieger\u00e4te f\u00fcr Unternehmen in aller Welt.<\/p><p>Wir k\u00f6nnen Ihnen versprechen, dass das Problem der Muskelbelastung gel\u00f6st wird, wenn Sie diese Trackball-Maus oder die geteilte Tastatur bestellen, und dass wir Ihnen einen besseren Service vor und nach dem Kauf anbieten werden.<\/p>\t\t\t\t\t\t\t\t<\/div>\n\t\t\t\t<\/div>\n\t\t\t\t\t<\/div>\n\t\t\t\t<\/div>\n\t\t\t\t<\/div>","protected":false},"excerpt":{"rendered":"<h2>Type C Wireless Mouse, USB C MacBook Wireless Mouse Dual Mode 2.4G Cordless Mice mit Nano USB und Type C Receiver Kompatibel mit PC, Laptop, MacBook und allen Type C Ger\u00e4ten-Schwarz und Silber<\/h2>\n<p><strong>Farbe<\/strong>: Schwarz und Silber<br \/>\n<strong>Konnektivit\u00e4tstechnologie<\/strong>2.4G Drahtlos<br \/>\n<strong>Besonderes Merkmal<\/strong>: Leicht, tragbar, wiederaufladbar, ger\u00e4uschlos, kabellos<br \/>\n<strong>Technologie zur Bewegungserkennung<\/strong>: Optisch<\/p>","protected":false},"featured_media":900,"comment_status":"open","ping_status":"closed","template":"","meta":{"site-sidebar-layout":"no-sidebar","site-content-layout":"page-builder","ast-site-content-layout":"normal-width-container","site-content-style":"default","site-sidebar-style":"default","ast-global-header-display":"","ast-banner-title-visibility":"","ast-main-header-display":"","ast-hfb-above-header-display":"","ast-hfb-below-header-display":"","ast-hfb-mobile-header-display":"","site-post-title":"","ast-breadcrumbs-content":"","ast-featured-img":"disabled","footer-sml-layout":"","theme-transparent-header-meta":"default","adv-header-id-meta":"","stick-header-meta":"","header-above-stick-meta":"","header-main-stick-meta":"","header-below-stick-meta":"","astra-migrate-meta-layouts":"set","ast-page-background-enabled":"default","ast-page-background-meta":{"desktop":{"background-color":"","background-image":"","background-repeat":"repeat","background-position":"center center","background-size":"auto","background-attachment":"scroll","background-type":"","background-media":"","overlay-type":"","overlay-color":"","overlay-opacity":"","overlay-gradient":""},"tablet":{"background-color":"","background-image":"","background-repeat":"repeat","background-position":"center center","background-size":"auto","background-attachment":"scroll","background-type":"","background-media":"","overlay-type":"","overlay-color":"","overlay-opacity":"","overlay-gradient":""},"mobile":{"background-color":"","background-image":"","background-repeat":"repeat","background-position":"center center","background-size":"auto","background-attachment":"scroll","background-type":"","background-media":"","overlay-type":"","overlay-color":"","overlay-opacity":"","overlay-gradient":""}},"ast-content-background-meta":{"desktop":{"background-color":"var(--ast-global-color-5)","background-image":"","background-repeat":"repeat","background-position":"center center","background-size":"auto","background-attachment":"scroll","background-type":"","background-media":"","overlay-type":"","overlay-color":"","overlay-opacity":"","overlay-gradient":""},"tablet":{"background-color":"var(--ast-global-color-5)","background-image":"","background-repeat":"repeat","background-position":"center center","background-size":"auto","background-attachment":"scroll","background-type":"","background-media":"","overlay-type":"","overlay-color":"","overlay-opacity":"","overlay-gradient":""},"mobile":{"background-color":"var(--ast-global-color-5)","background-image":"","background-repeat":"repeat","background-position":"center center","background-size":"auto","background-attachment":"scroll","background-type":"","background-media":"","overlay-type":"","overlay-color":"","overlay-opacity":"","overlay-gradient":""}}},"product_brand":[],"product_cat":[15,30],"product_tag":[],"class_list":{"0":"post-899","1":"product","2":"type-product","3":"status-publish","4":"has-post-thumbnail","6":"product_cat-3c-electronic-products","7":"product_cat-computer-mice","8":"desktop-align-left","9":"tablet-align-left","10":"mobile-align-left","12":"first","13":"instock","14":"sale","15":"shipping-taxable","16":"purchasable","17":"product-type-simple"},"_links":{"self":[{"href":"https:\/\/ulifeneed.com\/de\/wp-json\/wp\/v2\/product\/899","targetHints":{"allow":["GET"]}}],"collection":[{"href":"https:\/\/ulifeneed.com\/de\/wp-json\/wp\/v2\/product"}],"about":[{"href":"https:\/\/ulifeneed.com\/de\/wp-json\/wp\/v2\/types\/product"}],"replies":[{"embeddable":true,"href":"https:\/\/ulifeneed.com\/de\/wp-json\/wp\/v2\/comments?post=899"}],"version-history":[{"count":6,"href":"https:\/\/ulifeneed.com\/de\/wp-json\/wp\/v2\/product\/899\/revisions"}],"predecessor-version":[{"id":1494,"href":"https:\/\/ulifeneed.com\/de\/wp-json\/wp\/v2\/product\/899\/revisions\/1494"}],"wp:featuredmedia":[{"embeddable":true,"href":"https:\/\/ulifeneed.com\/de\/wp-json\/wp\/v2\/media\/900"}],"wp:attachment":[{"href":"https:\/\/ulifeneed.com\/de\/wp-json\/wp\/v2\/media?parent=899"}],"wp:term":[{"taxonomy":"product_brand","embeddable":true,"href":"https:\/\/ulifeneed.com\/de\/wp-json\/wp\/v2\/product_brand?post=899"},{"taxonomy":"product_cat","embeddable":true,"href":"https:\/\/ulifeneed.com\/de\/wp-json\/wp\/v2\/product_cat?post=899"},{"taxonomy":"product_tag","embeddable":true,"href":"https:\/\/ulifeneed.com\/de\/wp-json\/wp\/v2\/product_tag?post=899"}],"curies":[{"name":"wp","href":"https:\/\/api.w.org\/{rel}","templated":true}]}}