{"id":847,"date":"2025-11-07T03:15:22","date_gmt":"2025-11-07T03:15:22","guid":{"rendered":"https:\/\/ulifeneed.com\/?post_type=product&#038;p=847"},"modified":"2025-11-28T04:47:57","modified_gmt":"2025-11-28T04:47:57","slug":"kabellose-mausaufgerusteter-2-4ghz-akku","status":"publish","type":"product","link":"https:\/\/ulifeneed.com\/de\/product\/wireless-mouseupgraded-2-4ghz-rechargeable-battery\/","title":{"rendered":"Kabellose Maus,Upgraded 2.4GHz Wiederaufladbar (Batteriestand sichtbar) Ergonomische Computer Maus,4 Stufen DPI, Kabellose M\u00e4use f\u00fcr Laptop Computer(Mattschwarz)"},"content":{"rendered":"<div data-elementor-type=\"wp-post\" data-elementor-id=\"847\" class=\"elementor elementor-847\">\n\t\t\t\t<div class=\"elementor-element elementor-element-5085e73 e-flex e-con-boxed e-con e-parent\" data-id=\"5085e73\" data-element_type=\"container\" data-e-type=\"container\">\n\t\t\t\t\t<div class=\"e-con-inner\">\n\t\t\t\t<div class=\"elementor-element elementor-element-a3ebaae elementor-widget elementor-widget-text-editor\" data-id=\"a3ebaae\" data-element_type=\"widget\" data-e-type=\"widget\" data-widget_type=\"text-editor.default\">\n\t\t\t\t<div class=\"elementor-widget-container\">\n\t\t\t\t\t\t\t\t\t<p><strong>1. Plug and Play, drahtlose Konnektivit\u00e4t<\/strong>: Unsere kabellose 2,4-GHz-Maus bietet eine nahtlose und effiziente Leistung und gew\u00e4hrleistet eine stabile Verbindung mit minimalen St\u00f6rungen. Schlie\u00dfen Sie den USB-Empf\u00e4nger einfach an den USB-Anschluss Ihres Ger\u00e4ts an, keine Treiber erforderlich<\/p><p><strong>2. Ergonomische Gestaltung<\/strong>Diese ergonomische kabellose Maus f\u00fcr Laptops verf\u00fcgt \u00fcber ein ergonomisches Design, das sich perfekt an die Form Ihrer Hand anpasst. Sie bietet einen bequemen Griff und sorgt daf\u00fcr, dass Sie effizient bleiben, egal ob Sie arbeiten oder Unterhaltung genie\u00dfen.<\/p><p><strong>3. visuelle Batterieanzeige<\/strong>: Mit dieser wiederaufladbaren kabellosen Maus m\u00fcssen Sie sich keine Gedanken mehr \u00fcber einen Batteriewechsel machen. Ausgestattet mit einer langlebigen Batterie. Einfach aufzuladen, eine gute Wahl f\u00fcr den t\u00e4glichen Gebrauch<\/p><p><strong>4. einstellbare DPI<\/strong>: Diese kabellose Computermaus bietet vier anpassbare DPI-Einstellungen (800-1200-1600-2400), mit denen Sie die Empfindlichkeit des Cursors nach Belieben einstellen k\u00f6nnen, um eine optimale Pr\u00e4zision und Kontrolle der Maus f\u00fcr ein besseres Benutzererlebnis zu gew\u00e4hrleisten<\/p><p><strong>5. breite Kompatibilit\u00e4t, sorgenfreier Kundendienst<\/strong>Diese Laptop-Maus ist weitgehend kompatibel mit verschiedenen Betriebssystemen wie Windows, Mac und Linux. Die Maus kommt mit einer f\u00fcnfundvierzig Tage R\u00fcckerstattung Politik und ein Jahr kostenlosen Ersatz-Service<\/p>\t\t\t\t\t\t\t\t<\/div>\n\t\t\t\t<\/div>\n\t\t\t\t\t<\/div>\n\t\t\t\t<\/div>\n\t\t<div class=\"elementor-element elementor-element-48ff8a4 e-flex e-con-boxed e-con e-parent\" data-id=\"48ff8a4\" data-element_type=\"container\" data-e-type=\"container\">\n\t\t\t\t\t<div class=\"e-con-inner\">\n\t\t\t\t<div class=\"elementor-element elementor-element-efe4466 elementor-widget elementor-widget-image-gallery\" data-id=\"efe4466\" data-element_type=\"widget\" data-e-type=\"widget\" data-widget_type=\"image-gallery.default\">\n\t\t\t\t<div class=\"elementor-widget-container\">\n\t\t\t\t\t\t\t<div class=\"elementor-image-gallery\">\n\t\t\t<div id='gallery-1' class='gallery galleryid-847 gallery-columns-3 gallery-size-medium_large'><figure class='gallery-item'>\n\t\t\t<div class='gallery-icon landscape'>\n\t\t\t\t<img fetchpriority=\"high\" decoding=\"async\" width=\"768\" height=\"768\" src=\"https:\/\/ulifeneed.com\/wp-content\/uploads\/2025\/11\/Gray-02-768x768.jpg\" class=\"attachment-medium_large size-medium_large\" alt=\"\" aria-describedby=\"gallery-1-849\" srcset=\"https:\/\/ulifeneed.com\/wp-content\/uploads\/2025\/11\/Gray-02-768x768.jpg 768w, https:\/\/ulifeneed.com\/wp-content\/uploads\/2025\/11\/Gray-02-300x300.jpg 300w, https:\/\/ulifeneed.com\/wp-content\/uploads\/2025\/11\/Gray-02-150x150.jpg 150w, https:\/\/ulifeneed.com\/wp-content\/uploads\/2025\/11\/Gray-02-600x600.jpg 600w, https:\/\/ulifeneed.com\/wp-content\/uploads\/2025\/11\/Gray-02-100x100.jpg 100w, https:\/\/ulifeneed.com\/wp-content\/uploads\/2025\/11\/Gray-02.jpg 1000w\" sizes=\"(max-width: 768px) 100vw, 768px\" \/>\n\t\t\t<\/div>\n\t\t\t\t<figcaption class='wp-caption-text gallery-caption' id='gallery-1-849'>\n\t\t\t\tVersion 1.0.0\n\t\t\t\t<\/figcaption><\/figure><figure class='gallery-item'>\n\t\t\t<div class='gallery-icon landscape'>\n\t\t\t\t<img decoding=\"async\" width=\"768\" height=\"768\" src=\"https:\/\/ulifeneed.com\/wp-content\/uploads\/2025\/11\/Gray-03-768x768.jpg\" class=\"attachment-medium_large size-medium_large\" alt=\"\" aria-describedby=\"gallery-1-850\" srcset=\"https:\/\/ulifeneed.com\/wp-content\/uploads\/2025\/11\/Gray-03-768x768.jpg 768w, https:\/\/ulifeneed.com\/wp-content\/uploads\/2025\/11\/Gray-03-300x300.jpg 300w, https:\/\/ulifeneed.com\/wp-content\/uploads\/2025\/11\/Gray-03-150x150.jpg 150w, https:\/\/ulifeneed.com\/wp-content\/uploads\/2025\/11\/Gray-03-600x600.jpg 600w, https:\/\/ulifeneed.com\/wp-content\/uploads\/2025\/11\/Gray-03-100x100.jpg 100w, https:\/\/ulifeneed.com\/wp-content\/uploads\/2025\/11\/Gray-03.jpg 1000w\" sizes=\"(max-width: 768px) 100vw, 768px\" \/>\n\t\t\t<\/div>\n\t\t\t\t<figcaption class='wp-caption-text gallery-caption' id='gallery-1-850'>\n\t\t\t\tVersion 1.0.0\n\t\t\t\t<\/figcaption><\/figure><figure class='gallery-item'>\n\t\t\t<div class='gallery-icon landscape'>\n\t\t\t\t<img decoding=\"async\" width=\"768\" height=\"768\" src=\"https:\/\/ulifeneed.com\/wp-content\/uploads\/2025\/11\/Gray-04-768x768.jpg\" class=\"attachment-medium_large size-medium_large\" alt=\"\" aria-describedby=\"gallery-1-851\" srcset=\"https:\/\/ulifeneed.com\/wp-content\/uploads\/2025\/11\/Gray-04-768x768.jpg 768w, https:\/\/ulifeneed.com\/wp-content\/uploads\/2025\/11\/Gray-04-300x300.jpg 300w, https:\/\/ulifeneed.com\/wp-content\/uploads\/2025\/11\/Gray-04-150x150.jpg 150w, https:\/\/ulifeneed.com\/wp-content\/uploads\/2025\/11\/Gray-04-600x600.jpg 600w, https:\/\/ulifeneed.com\/wp-content\/uploads\/2025\/11\/Gray-04-100x100.jpg 100w, https:\/\/ulifeneed.com\/wp-content\/uploads\/2025\/11\/Gray-04.jpg 1000w\" sizes=\"(max-width: 768px) 100vw, 768px\" \/>\n\t\t\t<\/div>\n\t\t\t\t<figcaption class='wp-caption-text gallery-caption' id='gallery-1-851'>\n\t\t\t\tVersion 1.0.0\n\t\t\t\t<\/figcaption><\/figure>\n\t\t<\/div>\n\t\t<\/div>\n\t\t\t\t\t\t<\/div>\n\t\t\t\t<\/div>\n\t\t\t\t\t<\/div>\n\t\t\t\t<\/div>\n\t\t<div class=\"elementor-element elementor-element-b2e197d e-flex e-con-boxed e-con e-parent\" data-id=\"b2e197d\" data-element_type=\"container\" data-e-type=\"container\">\n\t\t\t\t\t<div class=\"e-con-inner\">\n\t\t\t\t<div class=\"elementor-element elementor-element-1804eaa elementor-widget elementor-widget-image-gallery\" data-id=\"1804eaa\" data-element_type=\"widget\" data-e-type=\"widget\" data-widget_type=\"image-gallery.default\">\n\t\t\t\t<div class=\"elementor-widget-container\">\n\t\t\t\t\t\t\t<div class=\"elementor-image-gallery\">\n\t\t\t<div id='gallery-2' class='gallery galleryid-847 gallery-columns-1 gallery-size-full'><figure class='gallery-item'>\n\t\t\t<div class='gallery-icon landscape'>\n\t\t\t\t<img loading=\"lazy\" decoding=\"async\" width=\"1200\" height=\"491\" src=\"https:\/\/ulifeneed.com\/wp-content\/uploads\/2025\/11\/001-1.jpg\" class=\"attachment-full size-full\" alt=\"\" srcset=\"https:\/\/ulifeneed.com\/wp-content\/uploads\/2025\/11\/001-1.jpg 1200w, https:\/\/ulifeneed.com\/wp-content\/uploads\/2025\/11\/001-1-300x123.jpg 300w, https:\/\/ulifeneed.com\/wp-content\/uploads\/2025\/11\/001-1-1024x419.jpg 1024w, https:\/\/ulifeneed.com\/wp-content\/uploads\/2025\/11\/001-1-768x314.jpg 768w, https:\/\/ulifeneed.com\/wp-content\/uploads\/2025\/11\/001-1-600x246.jpg 600w\" sizes=\"(max-width: 1200px) 100vw, 1200px\" \/>\n\t\t\t<\/div><\/figure><figure class='gallery-item'>\n\t\t\t<div class='gallery-icon landscape'>\n\t\t\t\t<img loading=\"lazy\" decoding=\"async\" width=\"1200\" height=\"491\" src=\"https:\/\/ulifeneed.com\/wp-content\/uploads\/2025\/11\/001-2.jpg\" class=\"attachment-full size-full\" alt=\"\" srcset=\"https:\/\/ulifeneed.com\/wp-content\/uploads\/2025\/11\/001-2.jpg 1200w, https:\/\/ulifeneed.com\/wp-content\/uploads\/2025\/11\/001-2-300x123.jpg 300w, https:\/\/ulifeneed.com\/wp-content\/uploads\/2025\/11\/001-2-1024x419.jpg 1024w, https:\/\/ulifeneed.com\/wp-content\/uploads\/2025\/11\/001-2-768x314.jpg 768w, https:\/\/ulifeneed.com\/wp-content\/uploads\/2025\/11\/001-2-600x246.jpg 600w\" sizes=\"(max-width: 1200px) 100vw, 1200px\" \/>\n\t\t\t<\/div><\/figure><figure class='gallery-item'>\n\t\t\t<div class='gallery-icon landscape'>\n\t\t\t\t<img loading=\"lazy\" decoding=\"async\" width=\"1200\" height=\"491\" src=\"https:\/\/ulifeneed.com\/wp-content\/uploads\/2025\/11\/001-3.jpg\" class=\"attachment-full size-full\" alt=\"\" srcset=\"https:\/\/ulifeneed.com\/wp-content\/uploads\/2025\/11\/001-3.jpg 1200w, https:\/\/ulifeneed.com\/wp-content\/uploads\/2025\/11\/001-3-300x123.jpg 300w, https:\/\/ulifeneed.com\/wp-content\/uploads\/2025\/11\/001-3-1024x419.jpg 1024w, https:\/\/ulifeneed.com\/wp-content\/uploads\/2025\/11\/001-3-768x314.jpg 768w, https:\/\/ulifeneed.com\/wp-content\/uploads\/2025\/11\/001-3-600x246.jpg 600w\" sizes=\"(max-width: 1200px) 100vw, 1200px\" \/>\n\t\t\t<\/div><\/figure><figure class='gallery-item'>\n\t\t\t<div class='gallery-icon landscape'>\n\t\t\t\t<img loading=\"lazy\" decoding=\"async\" width=\"1200\" height=\"491\" src=\"https:\/\/ulifeneed.com\/wp-content\/uploads\/2025\/11\/001-4.jpg\" class=\"attachment-full size-full\" alt=\"\" srcset=\"https:\/\/ulifeneed.com\/wp-content\/uploads\/2025\/11\/001-4.jpg 1200w, https:\/\/ulifeneed.com\/wp-content\/uploads\/2025\/11\/001-4-300x123.jpg 300w, https:\/\/ulifeneed.com\/wp-content\/uploads\/2025\/11\/001-4-1024x419.jpg 1024w, https:\/\/ulifeneed.com\/wp-content\/uploads\/2025\/11\/001-4-768x314.jpg 768w, https:\/\/ulifeneed.com\/wp-content\/uploads\/2025\/11\/001-4-600x246.jpg 600w\" sizes=\"(max-width: 1200px) 100vw, 1200px\" \/>\n\t\t\t<\/div><\/figure>\n\t\t<\/div>\n\t\t<\/div>\n\t\t\t\t\t\t<\/div>\n\t\t\t\t<\/div>\n\t\t\t\t\t<\/div>\n\t\t\t\t<\/div>\n\t\t\t\t<\/div>","protected":false},"excerpt":{"rendered":"<h2>Kabellose Maus,Upgraded 2.4GHz Wiederaufladbar (Batteriestand sichtbar) Ergonomische Computer Maus,4 Stufen DPI, Kabellose M\u00e4use f\u00fcr Laptop Computer(Mattschwarz)<\/h2>\n<p><strong>Farbe<\/strong>: Mattes Schwarz<br \/>\n<strong>Konnektivit\u00e4tstechnologie<\/strong>: USB<br \/>\n<strong>Besonderes Merkmal<\/strong>: Batteriestand sichtbar, Ergonomisches Design, Wiederaufladbar, Kabellos<br \/>\n<strong>Technologie zur Bewegungserkennung<\/strong>: Optisch<\/p>","protected":false},"featured_media":848,"comment_status":"open","ping_status":"closed","template":"","meta":{"site-sidebar-layout":"no-sidebar","site-content-layout":"page-builder","ast-site-content-layout":"normal-width-container","site-content-style":"default","site-sidebar-style":"default","ast-global-header-display":"","ast-banner-title-visibility":"","ast-main-header-display":"","ast-hfb-above-header-display":"","ast-hfb-below-header-display":"","ast-hfb-mobile-header-display":"","site-post-title":"","ast-breadcrumbs-content":"","ast-featured-img":"disabled","footer-sml-layout":"","theme-transparent-header-meta":"default","adv-header-id-meta":"","stick-header-meta":"","header-above-stick-meta":"","header-main-stick-meta":"","header-below-stick-meta":"","astra-migrate-meta-layouts":"set","ast-page-background-enabled":"default","ast-page-background-meta":{"desktop":{"background-color":"","background-image":"","background-repeat":"repeat","background-position":"center center","background-size":"auto","background-attachment":"scroll","background-type":"","background-media":"","overlay-type":"","overlay-color":"","overlay-opacity":"","overlay-gradient":""},"tablet":{"background-color":"","background-image":"","background-repeat":"repeat","background-position":"center center","background-size":"auto","background-attachment":"scroll","background-type":"","background-media":"","overlay-type":"","overlay-color":"","overlay-opacity":"","overlay-gradient":""},"mobile":{"background-color":"","background-image":"","background-repeat":"repeat","background-position":"center center","background-size":"auto","background-attachment":"scroll","background-type":"","background-media":"","overlay-type":"","overlay-color":"","overlay-opacity":"","overlay-gradient":""}},"ast-content-background-meta":{"desktop":{"background-color":"var(--ast-global-color-5)","background-image":"","background-repeat":"repeat","background-position":"center center","background-size":"auto","background-attachment":"scroll","background-type":"","background-media":"","overlay-type":"","overlay-color":"","overlay-opacity":"","overlay-gradient":""},"tablet":{"background-color":"var(--ast-global-color-5)","background-image":"","background-repeat":"repeat","background-position":"center center","background-size":"auto","background-attachment":"scroll","background-type":"","background-media":"","overlay-type":"","overlay-color":"","overlay-opacity":"","overlay-gradient":""},"mobile":{"background-color":"var(--ast-global-color-5)","background-image":"","background-repeat":"repeat","background-position":"center center","background-size":"auto","background-attachment":"scroll","background-type":"","background-media":"","overlay-type":"","overlay-color":"","overlay-opacity":"","overlay-gradient":""}}},"product_brand":[],"product_cat":[15,30],"product_tag":[],"class_list":{"0":"post-847","1":"product","2":"type-product","3":"status-publish","4":"has-post-thumbnail","6":"product_cat-3c-electronic-products","7":"product_cat-computer-mice","8":"desktop-align-left","9":"tablet-align-left","10":"mobile-align-left","12":"first","13":"instock","14":"sale","15":"shipping-taxable","16":"purchasable","17":"product-type-simple"},"_links":{"self":[{"href":"https:\/\/ulifeneed.com\/de\/wp-json\/wp\/v2\/product\/847","targetHints":{"allow":["GET"]}}],"collection":[{"href":"https:\/\/ulifeneed.com\/de\/wp-json\/wp\/v2\/product"}],"about":[{"href":"https:\/\/ulifeneed.com\/de\/wp-json\/wp\/v2\/types\/product"}],"replies":[{"embeddable":true,"href":"https:\/\/ulifeneed.com\/de\/wp-json\/wp\/v2\/comments?post=847"}],"version-history":[{"count":6,"href":"https:\/\/ulifeneed.com\/de\/wp-json\/wp\/v2\/product\/847\/revisions"}],"predecessor-version":[{"id":1491,"href":"https:\/\/ulifeneed.com\/de\/wp-json\/wp\/v2\/product\/847\/revisions\/1491"}],"wp:featuredmedia":[{"embeddable":true,"href":"https:\/\/ulifeneed.com\/de\/wp-json\/wp\/v2\/media\/848"}],"wp:attachment":[{"href":"https:\/\/ulifeneed.com\/de\/wp-json\/wp\/v2\/media?parent=847"}],"wp:term":[{"taxonomy":"product_brand","embeddable":true,"href":"https:\/\/ulifeneed.com\/de\/wp-json\/wp\/v2\/product_brand?post=847"},{"taxonomy":"product_cat","embeddable":true,"href":"https:\/\/ulifeneed.com\/de\/wp-json\/wp\/v2\/product_cat?post=847"},{"taxonomy":"product_tag","embeddable":true,"href":"https:\/\/ulifeneed.com\/de\/wp-json\/wp\/v2\/product_tag?post=847"}],"curies":[{"name":"wp","href":"https:\/\/api.w.org\/{rel}","templated":true}]}}