{"id":1383,"date":"2025-11-07T09:44:42","date_gmt":"2025-11-07T09:44:42","guid":{"rendered":"https:\/\/ulifeneed.com\/?post_type=product&#038;p=1383"},"modified":"2025-11-28T04:51:36","modified_gmt":"2025-11-28T04:51:36","slug":"530-kabellose-maus-full-size-computer-maus-fur-pc-laptop-windows-computer-2-4-ghz-nano-usb-empfanger-beidhandig-design-12-monate-batterielaufzeit-kabellos","status":"publish","type":"product","link":"https:\/\/ulifeneed.com\/de\/product\/530-wireless-mouse-full-size-computer-mouse-for-pc-laptop-windows-computer-2-4-ghz-nano-usb-receiver-ambidextrous-design-12-months-battery-life-cordless\/","title":{"rendered":"530 Wireless Mouse - Full-Size-Computermaus f\u00fcr PC, Laptop, Windows-Computer - 2,4-GHz-Nano-USB-Empf\u00e4nger - beidh\u00e4ndiges Design - 12 Monate Batterielebensdauer - kabellos"},"content":{"rendered":"<div data-elementor-type=\"wp-post\" data-elementor-id=\"1383\" class=\"elementor elementor-1383\">\n\t\t\t\t<div class=\"elementor-element elementor-element-7ab7465 e-flex e-con-boxed e-con e-parent\" data-id=\"7ab7465\" data-element_type=\"container\" data-e-type=\"container\">\n\t\t\t\t\t<div class=\"e-con-inner\">\n\t\t\t\t<div class=\"elementor-element elementor-element-01349a5 elementor-widget elementor-widget-text-editor\" data-id=\"01349a5\" data-element_type=\"widget\" data-e-type=\"widget\" data-widget_type=\"text-editor.default\">\n\t\t\t\t<div class=\"elementor-widget-container\">\n\t\t\t\t\t\t\t\t\t<p><strong>Zuverl\u00e4ssige drahtlose Konnektivit\u00e4t<\/strong>: Die Ulifeneed 530 Wireless Mouse bietet eine zuverl\u00e4ssige Verbindung, egal wo Sie sind. Ihr fortschrittlicher Nano-USB-Empf\u00e4nger nutzt die robuste kabellose 2,4-GHz-Technologie und sorgt f\u00fcr nahtlose Leistung ohne l\u00e4stige Kabel. Bleiben Sie produktiv und konzentriert, ohne die Einschr\u00e4nkungen einer kabelgebundenen Einrichtung.<\/p><p><strong>Pr\u00e4zises Tracking an Ihren Fingerspitzen<\/strong>: Mit dem optischen Sensor dieser kabellosen Maus mit einer Aufl\u00f6sung von 1200 DPI k\u00f6nnen Sie Ihr Nutzererlebnis verbessern. Erleben Sie eine reaktionsschnelle und klare Abtastung, die Ihre Navigation verbessert, ganz gleich, ob Sie im Internet surfen, Pr\u00e4sentationen erstellen oder an einem detaillierten Design arbeiten. Pr\u00e4zision liegt jetzt in Ihren Fingerspitzen.<\/p><p><strong>Langlebigkeit, die h\u00e4lt<\/strong>: Mit der Ulifeneed 530 Wireless Mouse ist Langlebigkeit garantiert. Mit einer bemerkenswerten Lebensdauer von bis zu 8 Millionen Klicks f\u00fcr die linke und die rechte Taste ist diese Maus f\u00fcr den harten Alltagseinsatz ausgelegt. Genie\u00dfen Sie jahrelang eine zuverl\u00e4ssige Leistung, die sie zu einem idealen Begleiter f\u00fcr Ihre Computeraufgaben macht.<\/p><p><strong>Ergonomischer Komfort f\u00fcr l\u00e4ngeren Gebrauch:<\/strong> Erleben Sie unvergleichlichen Komfort bei langen Arbeitssitzungen mit dem einzigartigen und konturierten Design der Ulifeneed 530 Wireless Mouse. Diese Maus wurde f\u00fcr maximale Ergonomie entwickelt und liegt perfekt in Ihrer Hand, sodass Sie den ganzen Tag \u00fcber bequem arbeiten k\u00f6nnen. Die strapazierf\u00e4hige Soft-Touch-Oberfl\u00e4che verleiht Ihren Interaktionen ein erstklassiges Gef\u00fchl und macht die Produktivit\u00e4t zu einem Kinderspiel.<\/p><p><strong>Vielseitigkeit und Tragbarkeit<\/strong>: Ob Sie Links- oder Rechtsh\u00e4nder sind, die Ulifeneed 530 Wireless Mouse passt sich Ihren Vorlieben an. Ihr beidh\u00e4ndiges Design gew\u00e4hrleistet Funktionalit\u00e4t und Komfort f\u00fcr alle Benutzer. Mit einem Gewicht von nur 65 g (2,29 oz) ist sie der ultimative Reisebegleiter. Stecken Sie ihn in Ihre Laptop- oder Hosentasche und genie\u00dfen Sie seine leichte Tragbarkeit, wo immer Sie hingehen. Und mit einer beeindruckenden Akkulaufzeit von bis zu 12 Monaten (die tats\u00e4chliche Dauer kann je nach Nutzung variieren) k\u00f6nnen Sie es getrost verwenden, ohne sich Gedanken \u00fcber h\u00e4ufiges Aufladen machen zu m\u00fcssen. Entscheiden Sie sich f\u00fcr die Ulifeneed 530 Wireless Mouse und genie\u00dfen Sie unvergleichliche Leistung, Komfort und Bequemlichkeit.<\/p>\t\t\t\t\t\t\t\t<\/div>\n\t\t\t\t<\/div>\n\t\t\t\t\t<\/div>\n\t\t\t\t<\/div>\n\t\t<div class=\"elementor-element elementor-element-86893d4 e-flex e-con-boxed e-con e-parent\" data-id=\"86893d4\" data-element_type=\"container\" data-e-type=\"container\">\n\t\t\t\t\t<div class=\"e-con-inner\">\n\t\t\t\t<div class=\"elementor-element elementor-element-8714e9f elementor-widget elementor-widget-image-gallery\" data-id=\"8714e9f\" data-element_type=\"widget\" data-e-type=\"widget\" data-widget_type=\"image-gallery.default\">\n\t\t\t\t<div class=\"elementor-widget-container\">\n\t\t\t\t\t\t\t<div class=\"elementor-image-gallery\">\n\t\t\t<div id='gallery-1' class='gallery galleryid-1383 gallery-columns-3 gallery-size-medium_large'><figure class='gallery-item'>\n\t\t\t<div class='gallery-icon portrait'>\n\t\t\t\t<img fetchpriority=\"high\" decoding=\"async\" width=\"768\" height=\"960\" src=\"https:\/\/ulifeneed.com\/wp-content\/uploads\/2025\/11\/073-4-768x960.jpg\" class=\"attachment-medium_large size-medium_large\" alt=\"\" aria-describedby=\"gallery-1-1387\" srcset=\"https:\/\/ulifeneed.com\/wp-content\/uploads\/2025\/11\/073-4-768x960.jpg 768w, https:\/\/ulifeneed.com\/wp-content\/uploads\/2025\/11\/073-4-240x300.jpg 240w, https:\/\/ulifeneed.com\/wp-content\/uploads\/2025\/11\/073-4-819x1024.jpg 819w, https:\/\/ulifeneed.com\/wp-content\/uploads\/2025\/11\/073-4-1229x1536.jpg 1229w, https:\/\/ulifeneed.com\/wp-content\/uploads\/2025\/11\/073-4-600x750.jpg 600w, https:\/\/ulifeneed.com\/wp-content\/uploads\/2025\/11\/073-4.jpg 1600w\" sizes=\"(max-width: 768px) 100vw, 768px\" \/>\n\t\t\t<\/div>\n\t\t\t\t<figcaption class='wp-caption-text gallery-caption' id='gallery-1-1387'>\n\t\t\t\tVersion 1.0.0\n\t\t\t\t<\/figcaption><\/figure><figure class='gallery-item'>\n\t\t\t<div class='gallery-icon portrait'>\n\t\t\t\t<img decoding=\"async\" width=\"768\" height=\"960\" src=\"https:\/\/ulifeneed.com\/wp-content\/uploads\/2025\/11\/073-5-768x960.jpg\" class=\"attachment-medium_large size-medium_large\" alt=\"\" aria-describedby=\"gallery-1-1388\" srcset=\"https:\/\/ulifeneed.com\/wp-content\/uploads\/2025\/11\/073-5-768x960.jpg 768w, https:\/\/ulifeneed.com\/wp-content\/uploads\/2025\/11\/073-5-240x300.jpg 240w, https:\/\/ulifeneed.com\/wp-content\/uploads\/2025\/11\/073-5-819x1024.jpg 819w, https:\/\/ulifeneed.com\/wp-content\/uploads\/2025\/11\/073-5-1229x1536.jpg 1229w, https:\/\/ulifeneed.com\/wp-content\/uploads\/2025\/11\/073-5-600x750.jpg 600w, https:\/\/ulifeneed.com\/wp-content\/uploads\/2025\/11\/073-5.jpg 1600w\" sizes=\"(max-width: 768px) 100vw, 768px\" \/>\n\t\t\t<\/div>\n\t\t\t\t<figcaption class='wp-caption-text gallery-caption' id='gallery-1-1388'>\n\t\t\t\tVersion 1.0.0\n\t\t\t\t<\/figcaption><\/figure><figure class='gallery-item'>\n\t\t\t<div class='gallery-icon portrait'>\n\t\t\t\t<img decoding=\"async\" width=\"768\" height=\"960\" src=\"https:\/\/ulifeneed.com\/wp-content\/uploads\/2025\/11\/073-7-768x960.jpg\" class=\"attachment-medium_large size-medium_large\" alt=\"\" aria-describedby=\"gallery-1-1390\" srcset=\"https:\/\/ulifeneed.com\/wp-content\/uploads\/2025\/11\/073-7-768x960.jpg 768w, https:\/\/ulifeneed.com\/wp-content\/uploads\/2025\/11\/073-7-240x300.jpg 240w, https:\/\/ulifeneed.com\/wp-content\/uploads\/2025\/11\/073-7-819x1024.jpg 819w, https:\/\/ulifeneed.com\/wp-content\/uploads\/2025\/11\/073-7-1229x1536.jpg 1229w, https:\/\/ulifeneed.com\/wp-content\/uploads\/2025\/11\/073-7-600x750.jpg 600w, https:\/\/ulifeneed.com\/wp-content\/uploads\/2025\/11\/073-7.jpg 1600w\" sizes=\"(max-width: 768px) 100vw, 768px\" \/>\n\t\t\t<\/div>\n\t\t\t\t<figcaption class='wp-caption-text gallery-caption' id='gallery-1-1390'>\n\t\t\t\tVersion 1.0.0\n\t\t\t\t<\/figcaption><\/figure><figure class='gallery-item'>\n\t\t\t<div class='gallery-icon portrait'>\n\t\t\t\t<img loading=\"lazy\" decoding=\"async\" width=\"768\" height=\"960\" src=\"https:\/\/ulifeneed.com\/wp-content\/uploads\/2025\/11\/073-6-768x960.jpg\" class=\"attachment-medium_large size-medium_large\" alt=\"\" aria-describedby=\"gallery-1-1389\" srcset=\"https:\/\/ulifeneed.com\/wp-content\/uploads\/2025\/11\/073-6-768x960.jpg 768w, https:\/\/ulifeneed.com\/wp-content\/uploads\/2025\/11\/073-6-240x300.jpg 240w, https:\/\/ulifeneed.com\/wp-content\/uploads\/2025\/11\/073-6-819x1024.jpg 819w, https:\/\/ulifeneed.com\/wp-content\/uploads\/2025\/11\/073-6-1229x1536.jpg 1229w, https:\/\/ulifeneed.com\/wp-content\/uploads\/2025\/11\/073-6-600x750.jpg 600w, https:\/\/ulifeneed.com\/wp-content\/uploads\/2025\/11\/073-6.jpg 1600w\" sizes=\"(max-width: 768px) 100vw, 768px\" \/>\n\t\t\t<\/div>\n\t\t\t\t<figcaption class='wp-caption-text gallery-caption' id='gallery-1-1389'>\n\t\t\t\tVersion 1.0.0\n\t\t\t\t<\/figcaption><\/figure><figure class='gallery-item'>\n\t\t\t<div class='gallery-icon portrait'>\n\t\t\t\t<img loading=\"lazy\" decoding=\"async\" width=\"768\" height=\"960\" src=\"https:\/\/ulifeneed.com\/wp-content\/uploads\/2025\/11\/073-3-768x960.jpg\" class=\"attachment-medium_large size-medium_large\" alt=\"\" aria-describedby=\"gallery-1-1386\" srcset=\"https:\/\/ulifeneed.com\/wp-content\/uploads\/2025\/11\/073-3-768x960.jpg 768w, https:\/\/ulifeneed.com\/wp-content\/uploads\/2025\/11\/073-3-240x300.jpg 240w, https:\/\/ulifeneed.com\/wp-content\/uploads\/2025\/11\/073-3-819x1024.jpg 819w, https:\/\/ulifeneed.com\/wp-content\/uploads\/2025\/11\/073-3-1229x1536.jpg 1229w, https:\/\/ulifeneed.com\/wp-content\/uploads\/2025\/11\/073-3-600x750.jpg 600w, https:\/\/ulifeneed.com\/wp-content\/uploads\/2025\/11\/073-3.jpg 1600w\" sizes=\"(max-width: 768px) 100vw, 768px\" \/>\n\t\t\t<\/div>\n\t\t\t\t<figcaption class='wp-caption-text gallery-caption' id='gallery-1-1386'>\n\t\t\t\tVersion 1.0.0\n\t\t\t\t<\/figcaption><\/figure><figure class='gallery-item'>\n\t\t\t<div class='gallery-icon portrait'>\n\t\t\t\t<img loading=\"lazy\" decoding=\"async\" width=\"768\" height=\"960\" src=\"https:\/\/ulifeneed.com\/wp-content\/uploads\/2025\/11\/073-2-768x960.jpg\" class=\"attachment-medium_large size-medium_large\" alt=\"\" aria-describedby=\"gallery-1-1385\" srcset=\"https:\/\/ulifeneed.com\/wp-content\/uploads\/2025\/11\/073-2-768x960.jpg 768w, https:\/\/ulifeneed.com\/wp-content\/uploads\/2025\/11\/073-2-240x300.jpg 240w, https:\/\/ulifeneed.com\/wp-content\/uploads\/2025\/11\/073-2-819x1024.jpg 819w, https:\/\/ulifeneed.com\/wp-content\/uploads\/2025\/11\/073-2-1229x1536.jpg 1229w, https:\/\/ulifeneed.com\/wp-content\/uploads\/2025\/11\/073-2-600x750.jpg 600w, https:\/\/ulifeneed.com\/wp-content\/uploads\/2025\/11\/073-2.jpg 1600w\" sizes=\"(max-width: 768px) 100vw, 768px\" \/>\n\t\t\t<\/div>\n\t\t\t\t<figcaption class='wp-caption-text gallery-caption' id='gallery-1-1385'>\n\t\t\t\tVersion 1.0.0\n\t\t\t\t<\/figcaption><\/figure>\n\t\t<\/div>\n\t\t<\/div>\n\t\t\t\t\t\t<\/div>\n\t\t\t\t<\/div>\n\t\t\t\t\t<\/div>\n\t\t\t\t<\/div>\n\t\t<div class=\"elementor-element elementor-element-48b475b e-flex e-con-boxed e-con e-parent\" data-id=\"48b475b\" data-element_type=\"container\" data-e-type=\"container\">\n\t\t\t\t\t<div class=\"e-con-inner\">\n\t\t\t\t<div class=\"elementor-element elementor-element-0f74b56 elementor-widget elementor-widget-text-editor\" data-id=\"0f74b56\" data-element_type=\"widget\" data-e-type=\"widget\" data-widget_type=\"text-editor.default\">\n\t\t\t\t<div class=\"elementor-widget-container\">\n\t\t\t\t\t\t\t\t\t<p>In einer Welt, in der Zuverl\u00e4ssigkeit und Komfort an erster Stelle stehen, ist die Ulifeneed 530 Wireless Mouse die ultimative L\u00f6sung f\u00fcr Sie. Egal, ob Sie unterwegs oder an Ihrem Arbeitsplatz sind, diese Maus garantiert m\u00fcheloses Packen, nahtlose Konnektivit\u00e4t und kompromisslose Qualit\u00e4t. Erleben Sie mit der Ulifeneed 530 Wireless Mouse die Essenz der Plug-and-Play-Einfachheit. Kein umst\u00e4ndliches Einrichten oder komplizierte Installationen - einfach einpacken, einstecken und los geht's. Genie\u00dfen Sie den kabellosen Komfort, den die kabellose 2,4-GHz-Technologie in Verbindung mit dem Nano-USB-Empf\u00e4nger f\u00fcr Sie bereith\u00e4lt. Keine Kabel, keine Grenzen - nur unvergleichliche Freiheit. Wenn Komfort auf Innovation trifft, erhalten Sie die Ulifeneed 530 Wireless Mouse. Entdecken Sie die Freude am ganzt\u00e4gigen Komfort, den das einzigartige und fachm\u00e4nnisch geformte Design bietet. Dank der ergonomischen Vorz\u00fcge dieser Maus findet Ihre Hand m\u00fchelos ihren nat\u00fcrlichen Ruheplatz. Die strapazierf\u00e4hige Soft-Touch-Oberfl\u00e4che verleiht ihr einen Hauch von Eleganz und sorgt f\u00fcr Komfort und Stil in einem Paket. Die kabellose Maus Ulifeneed 530 ist der Inbegriff von Zuverl\u00e4ssigkeit und Funktionalit\u00e4t. Sie wurde entwickelt, um Ihre bevorzugte Wahl zu sein, und passt sich m\u00fchelos an Ihre Bed\u00fcrfnisse an, um eine reibungslose Navigation und ununterbrochene Leistung zu gew\u00e4hrleisten. Mit ihrem eleganten \u00c4u\u00dferen und ihren durchdachten Funktionen wird diese Maus zu einer Erweiterung Ihrer Produktivit\u00e4t.<\/p>\t\t\t\t\t\t\t\t<\/div>\n\t\t\t\t<\/div>\n\t\t\t\t\t<\/div>\n\t\t\t\t<\/div>\n\t\t<div class=\"elementor-element elementor-element-8c190bd e-flex e-con-boxed e-con e-parent\" data-id=\"8c190bd\" data-element_type=\"container\" data-e-type=\"container\">\n\t\t\t\t\t<div class=\"e-con-inner\">\n\t\t\t\t<div class=\"elementor-element elementor-element-631cdb7 elementor-widget elementor-widget-image-gallery\" data-id=\"631cdb7\" data-element_type=\"widget\" data-e-type=\"widget\" data-widget_type=\"image-gallery.default\">\n\t\t\t\t<div class=\"elementor-widget-container\">\n\t\t\t\t\t\t\t<div class=\"elementor-image-gallery\">\n\t\t\t<div id='gallery-2' class='gallery galleryid-1383 gallery-columns-1 gallery-size-full'><figure class='gallery-item'>\n\t\t\t<div class='gallery-icon landscape'>\n\t\t\t\t<img loading=\"lazy\" decoding=\"async\" width=\"1464\" height=\"600\" src=\"https:\/\/ulifeneed.com\/wp-content\/uploads\/2025\/11\/073.jpg\" class=\"attachment-full size-full\" alt=\"\" srcset=\"https:\/\/ulifeneed.com\/wp-content\/uploads\/2025\/11\/073.jpg 1464w, https:\/\/ulifeneed.com\/wp-content\/uploads\/2025\/11\/073-300x123.jpg 300w, https:\/\/ulifeneed.com\/wp-content\/uploads\/2025\/11\/073-1024x420.jpg 1024w, https:\/\/ulifeneed.com\/wp-content\/uploads\/2025\/11\/073-768x315.jpg 768w, https:\/\/ulifeneed.com\/wp-content\/uploads\/2025\/11\/073-600x246.jpg 600w\" sizes=\"(max-width: 1464px) 100vw, 1464px\" \/>\n\t\t\t<\/div><\/figure>\n\t\t<\/div>\n\t\t<\/div>\n\t\t\t\t\t\t<\/div>\n\t\t\t\t<\/div>\n\t\t\t\t\t<\/div>\n\t\t\t\t<\/div>\n\t\t\t\t<\/div>","protected":false},"excerpt":{"rendered":"<h2>530 Wireless Mouse - Full-Size-Computermaus f\u00fcr PC, Laptop, Windows-Computer - 2,4-GHz-Nano-USB-Empf\u00e4nger - beidh\u00e4ndiges Design - 12 Monate Batterielebensdauer - kabellos<\/h2>\n<p>Farbe: Rabenschwarz<br \/>\nKonnektivit\u00e4tstechnologie: USB<br \/>\nBesonderes Merkmal: Leicht, kabellos<br \/>\nTechnologie zur Bewegungserkennung: Optisch<\/p>","protected":false},"featured_media":1384,"comment_status":"open","ping_status":"closed","template":"","meta":{"site-sidebar-layout":"no-sidebar","site-content-layout":"page-builder","ast-site-content-layout":"normal-width-container","site-content-style":"default","site-sidebar-style":"default","ast-global-header-display":"","ast-banner-title-visibility":"","ast-main-header-display":"","ast-hfb-above-header-display":"","ast-hfb-below-header-display":"","ast-hfb-mobile-header-display":"","site-post-title":"","ast-breadcrumbs-content":"","ast-featured-img":"disabled","footer-sml-layout":"","theme-transparent-header-meta":"default","adv-header-id-meta":"","stick-header-meta":"","header-above-stick-meta":"","header-main-stick-meta":"","header-below-stick-meta":"","astra-migrate-meta-layouts":"set","ast-page-background-enabled":"default","ast-page-background-meta":{"desktop":{"background-color":"","background-image":"","background-repeat":"repeat","background-position":"center center","background-size":"auto","background-attachment":"scroll","background-type":"","background-media":"","overlay-type":"","overlay-color":"","overlay-opacity":"","overlay-gradient":""},"tablet":{"background-color":"","background-image":"","background-repeat":"repeat","background-position":"center center","background-size":"auto","background-attachment":"scroll","background-type":"","background-media":"","overlay-type":"","overlay-color":"","overlay-opacity":"","overlay-gradient":""},"mobile":{"background-color":"","background-image":"","background-repeat":"repeat","background-position":"center center","background-size":"auto","background-attachment":"scroll","background-type":"","background-media":"","overlay-type":"","overlay-color":"","overlay-opacity":"","overlay-gradient":""}},"ast-content-background-meta":{"desktop":{"background-color":"var(--ast-global-color-5)","background-image":"","background-repeat":"repeat","background-position":"center center","background-size":"auto","background-attachment":"scroll","background-type":"","background-media":"","overlay-type":"","overlay-color":"","overlay-opacity":"","overlay-gradient":""},"tablet":{"background-color":"var(--ast-global-color-5)","background-image":"","background-repeat":"repeat","background-position":"center center","background-size":"auto","background-attachment":"scroll","background-type":"","background-media":"","overlay-type":"","overlay-color":"","overlay-opacity":"","overlay-gradient":""},"mobile":{"background-color":"var(--ast-global-color-5)","background-image":"","background-repeat":"repeat","background-position":"center center","background-size":"auto","background-attachment":"scroll","background-type":"","background-media":"","overlay-type":"","overlay-color":"","overlay-opacity":"","overlay-gradient":""}}},"product_brand":[],"product_cat":[30,15],"product_tag":[],"class_list":{"0":"post-1383","1":"product","2":"type-product","3":"status-publish","4":"has-post-thumbnail","6":"product_cat-computer-mice","7":"product_cat-3c-electronic-products","8":"desktop-align-left","9":"tablet-align-left","10":"mobile-align-left","12":"first","13":"instock","14":"sale","15":"shipping-taxable","16":"purchasable","17":"product-type-simple"},"_links":{"self":[{"href":"https:\/\/ulifeneed.com\/de\/wp-json\/wp\/v2\/product\/1383","targetHints":{"allow":["GET"]}}],"collection":[{"href":"https:\/\/ulifeneed.com\/de\/wp-json\/wp\/v2\/product"}],"about":[{"href":"https:\/\/ulifeneed.com\/de\/wp-json\/wp\/v2\/types\/product"}],"replies":[{"embeddable":true,"href":"https:\/\/ulifeneed.com\/de\/wp-json\/wp\/v2\/comments?post=1383"}],"version-history":[{"count":5,"href":"https:\/\/ulifeneed.com\/de\/wp-json\/wp\/v2\/product\/1383\/revisions"}],"predecessor-version":[{"id":1517,"href":"https:\/\/ulifeneed.com\/de\/wp-json\/wp\/v2\/product\/1383\/revisions\/1517"}],"wp:featuredmedia":[{"embeddable":true,"href":"https:\/\/ulifeneed.com\/de\/wp-json\/wp\/v2\/media\/1384"}],"wp:attachment":[{"href":"https:\/\/ulifeneed.com\/de\/wp-json\/wp\/v2\/media?parent=1383"}],"wp:term":[{"taxonomy":"product_brand","embeddable":true,"href":"https:\/\/ulifeneed.com\/de\/wp-json\/wp\/v2\/product_brand?post=1383"},{"taxonomy":"product_cat","embeddable":true,"href":"https:\/\/ulifeneed.com\/de\/wp-json\/wp\/v2\/product_cat?post=1383"},{"taxonomy":"product_tag","embeddable":true,"href":"https:\/\/ulifeneed.com\/de\/wp-json\/wp\/v2\/product_tag?post=1383"}],"curies":[{"name":"wp","href":"https:\/\/api.w.org\/{rel}","templated":true}]}}