{"id":1351,"date":"2025-11-07T09:30:51","date_gmt":"2025-11-07T09:30:51","guid":{"rendered":"https:\/\/ulifeneed.com\/?post_type=product&#038;p=1351"},"modified":"2025-11-28T04:51:21","modified_gmt":"2025-11-28T04:51:21","slug":"bluetooth-wireless-maus-fur-laptop-mac-macbook-ipad-macbook-air-macbook-pro-pc-desktop-computer-windows-chromebook-notebook-silber","status":"publish","type":"product","link":"https:\/\/ulifeneed.com\/de\/product\/bluetooth-wireless-mouse-for-laptop-mac-macbook-ipad-macbook-air-macbook-pro-pc-desktop-computer-windows-chromebook-notebook-silver\/","title":{"rendered":"Bluetooth Wireless Maus f\u00fcr Laptop mac MacBook ipad MacBook air MacBook pro pc Desktop Computer Windows Chromebook Notebook (Silber)"},"content":{"rendered":"<div data-elementor-type=\"wp-post\" data-elementor-id=\"1351\" class=\"elementor elementor-1351\">\n\t\t\t\t<div class=\"elementor-element elementor-element-7ab7465 e-flex e-con-boxed e-con e-parent\" data-id=\"7ab7465\" data-element_type=\"container\" data-e-type=\"container\">\n\t\t\t\t\t<div class=\"e-con-inner\">\n\t\t\t\t<div class=\"elementor-element elementor-element-01349a5 elementor-widget elementor-widget-text-editor\" data-id=\"01349a5\" data-element_type=\"widget\" data-e-type=\"widget\" data-widget_type=\"text-editor.default\">\n\t\t\t\t<div class=\"elementor-widget-container\">\n\t\t\t\t\t\t\t\t\t<p>1.\u3010 BLUETOOTH 5.2 + 3.0 +2.4G USB Receiver +USB C Adapter Wireless Bluetooth Dual-Mode Mouse\u3011Sie k\u00f6nnen zwischen Bluetooth-Modus oder 2.4G-Modus umschalten\uff0cKompatible Systeme sind: iPadOS\u3001 macOS\u3001apple \/ Windows \u3001win7\/8\/10\/11, UNIX, Linux, Chrome OS. \u276eBluetooth-Modus ist f\u00fcr alle Bluetooth-f\u00e4higen Laptops, MacBook pro macbook air macbook Mac iMac (ipad pro ipad air ipad mini ipad10th iPad9th, iPhone, iMac, Tablet, All-in-One Computer, etc. \u276f Der 2.4G USB-Empf\u00e4ngermodus ist f\u00fcr alle Laptops, Desktops, All-in-Ones, Dell, HP, Mac, iMAC, etc. mit USB\/USB C-Anschl\u00fcssen geeignet.plug and play.<\/p><p>2.AUTO-ENERGIE-SPAREN-SCHLAF-MODUS: Li-Polymer-Batterien, hohe Lebensdauer.die Auto Switch Off-Funktion hilft Ihnen, Energie zu sparen, wie Ihre Bluetooth-Maus wird ausgeschaltet, wenn Ihr PC ausgeschaltet ist oder der Empf\u00e4nger getrennt wird. Wenn Sie die Maus acht Minuten lang nicht benutzen, wechselt sie in den Schlafmodus, und Sie k\u00f6nnen eine beliebige Taste dr\u00fccken, um sie aufzuwecken.<\/p><p>3. mit 3 einstellbaren DPI: DPI800\/1200\/1600, k\u00f6nnen Sie die DPI je nach Ihren unterschiedlichen Anforderungen \u00e4ndern. 1000 ist B\u00fcro-Maus-Gebiet. Diese Bluetooth-Maus mit der hohen Leistung optische Chips, die schneller und pr\u00e4ziser als die traditionelle Maus arbeiten wird. Sie sind in der Lage, Ihre Arbeit effizienter zu gestalten und Ihre Zeit zu sparen, die ideale Maus f\u00fcr B\u00fcro, Zuhause und Freizeit.<\/p><p>4.ERGONOMISCHES DESIGN\uff1a Gute Oberfl\u00e4chenbeschichtungstechnologie gibt Ihnen ein haut\u00e4hnliches Tastgef\u00fchl. Benutzerfreundliches Design bieten den ganzen Tag Komfort f\u00fcr Arbeit und Unterhaltung, tragbar und im Taschenformat perfekt f\u00fcr Reisen, Mute Design h\u00e4lt weg l\u00e4stige Klicks.<\/p><p>5. die BLUETOOTH WIRELESS MOUSE funktioniert auf allen Laptops und Desktops<\/p>\t\t\t\t\t\t\t\t<\/div>\n\t\t\t\t<\/div>\n\t\t\t\t\t<\/div>\n\t\t\t\t<\/div>\n\t\t<div class=\"elementor-element elementor-element-86893d4 e-flex e-con-boxed e-con e-parent\" data-id=\"86893d4\" data-element_type=\"container\" data-e-type=\"container\">\n\t\t\t\t\t<div class=\"e-con-inner\">\n\t\t\t\t<div class=\"elementor-element elementor-element-8714e9f elementor-widget elementor-widget-image-gallery\" data-id=\"8714e9f\" data-element_type=\"widget\" data-e-type=\"widget\" data-widget_type=\"image-gallery.default\">\n\t\t\t\t<div class=\"elementor-widget-container\">\n\t\t\t\t\t\t\t<div class=\"elementor-image-gallery\">\n\t\t\t<div id='gallery-1' class='gallery galleryid-1351 gallery-columns-3 gallery-size-medium_large'><figure class='gallery-item'>\n\t\t\t<div class='gallery-icon landscape'>\n\t\t\t\t<img fetchpriority=\"high\" decoding=\"async\" width=\"768\" height=\"768\" src=\"https:\/\/ulifeneed.com\/wp-content\/uploads\/2025\/11\/068-4-768x768.jpg\" class=\"attachment-medium_large size-medium_large\" alt=\"\" aria-describedby=\"gallery-1-1355\" srcset=\"https:\/\/ulifeneed.com\/wp-content\/uploads\/2025\/11\/068-4-768x768.jpg 768w, https:\/\/ulifeneed.com\/wp-content\/uploads\/2025\/11\/068-4-300x300.jpg 300w, https:\/\/ulifeneed.com\/wp-content\/uploads\/2025\/11\/068-4-150x150.jpg 150w, https:\/\/ulifeneed.com\/wp-content\/uploads\/2025\/11\/068-4-600x600.jpg 600w, https:\/\/ulifeneed.com\/wp-content\/uploads\/2025\/11\/068-4-100x100.jpg 100w, https:\/\/ulifeneed.com\/wp-content\/uploads\/2025\/11\/068-4.jpg 1000w\" sizes=\"(max-width: 768px) 100vw, 768px\" \/>\n\t\t\t<\/div>\n\t\t\t\t<figcaption class='wp-caption-text gallery-caption' id='gallery-1-1355'>\n\t\t\t\tVersion 1.0.0\n\t\t\t\t<\/figcaption><\/figure><figure class='gallery-item'>\n\t\t\t<div class='gallery-icon landscape'>\n\t\t\t\t<img decoding=\"async\" width=\"768\" height=\"768\" src=\"https:\/\/ulifeneed.com\/wp-content\/uploads\/2025\/11\/068-5-768x768.jpg\" class=\"attachment-medium_large size-medium_large\" alt=\"\" aria-describedby=\"gallery-1-1356\" srcset=\"https:\/\/ulifeneed.com\/wp-content\/uploads\/2025\/11\/068-5-768x768.jpg 768w, https:\/\/ulifeneed.com\/wp-content\/uploads\/2025\/11\/068-5-300x300.jpg 300w, https:\/\/ulifeneed.com\/wp-content\/uploads\/2025\/11\/068-5-150x150.jpg 150w, https:\/\/ulifeneed.com\/wp-content\/uploads\/2025\/11\/068-5-600x600.jpg 600w, https:\/\/ulifeneed.com\/wp-content\/uploads\/2025\/11\/068-5-100x100.jpg 100w, https:\/\/ulifeneed.com\/wp-content\/uploads\/2025\/11\/068-5.jpg 1000w\" sizes=\"(max-width: 768px) 100vw, 768px\" \/>\n\t\t\t<\/div>\n\t\t\t\t<figcaption class='wp-caption-text gallery-caption' id='gallery-1-1356'>\n\t\t\t\tVersion 1.0.0\n\t\t\t\t<\/figcaption><\/figure><figure class='gallery-item'>\n\t\t\t<div class='gallery-icon landscape'>\n\t\t\t\t<img decoding=\"async\" width=\"768\" height=\"768\" src=\"https:\/\/ulifeneed.com\/wp-content\/uploads\/2025\/11\/068-6-768x768.jpg\" class=\"attachment-medium_large size-medium_large\" alt=\"\" aria-describedby=\"gallery-1-1357\" srcset=\"https:\/\/ulifeneed.com\/wp-content\/uploads\/2025\/11\/068-6-768x768.jpg 768w, https:\/\/ulifeneed.com\/wp-content\/uploads\/2025\/11\/068-6-300x300.jpg 300w, https:\/\/ulifeneed.com\/wp-content\/uploads\/2025\/11\/068-6-150x150.jpg 150w, https:\/\/ulifeneed.com\/wp-content\/uploads\/2025\/11\/068-6-600x600.jpg 600w, https:\/\/ulifeneed.com\/wp-content\/uploads\/2025\/11\/068-6-100x100.jpg 100w, https:\/\/ulifeneed.com\/wp-content\/uploads\/2025\/11\/068-6.jpg 1000w\" sizes=\"(max-width: 768px) 100vw, 768px\" \/>\n\t\t\t<\/div>\n\t\t\t\t<figcaption class='wp-caption-text gallery-caption' id='gallery-1-1357'>\n\t\t\t\tVersion 1.0.0\n\t\t\t\t<\/figcaption><\/figure><figure class='gallery-item'>\n\t\t\t<div class='gallery-icon landscape'>\n\t\t\t\t<img loading=\"lazy\" decoding=\"async\" width=\"768\" height=\"768\" src=\"https:\/\/ulifeneed.com\/wp-content\/uploads\/2025\/11\/068-7-768x768.jpg\" class=\"attachment-medium_large size-medium_large\" alt=\"\" aria-describedby=\"gallery-1-1358\" srcset=\"https:\/\/ulifeneed.com\/wp-content\/uploads\/2025\/11\/068-7-768x768.jpg 768w, https:\/\/ulifeneed.com\/wp-content\/uploads\/2025\/11\/068-7-300x300.jpg 300w, https:\/\/ulifeneed.com\/wp-content\/uploads\/2025\/11\/068-7-150x150.jpg 150w, https:\/\/ulifeneed.com\/wp-content\/uploads\/2025\/11\/068-7-600x600.jpg 600w, https:\/\/ulifeneed.com\/wp-content\/uploads\/2025\/11\/068-7-100x100.jpg 100w, https:\/\/ulifeneed.com\/wp-content\/uploads\/2025\/11\/068-7.jpg 1000w\" sizes=\"(max-width: 768px) 100vw, 768px\" \/>\n\t\t\t<\/div>\n\t\t\t\t<figcaption class='wp-caption-text gallery-caption' id='gallery-1-1358'>\n\t\t\t\tVersion 1.0.0\n\t\t\t\t<\/figcaption><\/figure><figure class='gallery-item'>\n\t\t\t<div class='gallery-icon landscape'>\n\t\t\t\t<img loading=\"lazy\" decoding=\"async\" width=\"768\" height=\"647\" src=\"https:\/\/ulifeneed.com\/wp-content\/uploads\/2025\/11\/068-2-768x647.jpg\" class=\"attachment-medium_large size-medium_large\" alt=\"\" aria-describedby=\"gallery-1-1353\" srcset=\"https:\/\/ulifeneed.com\/wp-content\/uploads\/2025\/11\/068-2-768x647.jpg 768w, https:\/\/ulifeneed.com\/wp-content\/uploads\/2025\/11\/068-2-300x253.jpg 300w, https:\/\/ulifeneed.com\/wp-content\/uploads\/2025\/11\/068-2-600x506.jpg 600w, https:\/\/ulifeneed.com\/wp-content\/uploads\/2025\/11\/068-2.jpg 1000w\" sizes=\"(max-width: 768px) 100vw, 768px\" \/>\n\t\t\t<\/div>\n\t\t\t\t<figcaption class='wp-caption-text gallery-caption' id='gallery-1-1353'>\n\t\t\t\tVersion 1.0.0\n\t\t\t\t<\/figcaption><\/figure><figure class='gallery-item'>\n\t\t\t<div class='gallery-icon landscape'>\n\t\t\t\t<img loading=\"lazy\" decoding=\"async\" width=\"768\" height=\"768\" src=\"https:\/\/ulifeneed.com\/wp-content\/uploads\/2025\/11\/068-8-768x768.jpg\" class=\"attachment-medium_large size-medium_large\" alt=\"\" aria-describedby=\"gallery-1-1359\" srcset=\"https:\/\/ulifeneed.com\/wp-content\/uploads\/2025\/11\/068-8-768x768.jpg 768w, https:\/\/ulifeneed.com\/wp-content\/uploads\/2025\/11\/068-8-300x300.jpg 300w, https:\/\/ulifeneed.com\/wp-content\/uploads\/2025\/11\/068-8-150x150.jpg 150w, https:\/\/ulifeneed.com\/wp-content\/uploads\/2025\/11\/068-8-600x600.jpg 600w, https:\/\/ulifeneed.com\/wp-content\/uploads\/2025\/11\/068-8-100x100.jpg 100w, https:\/\/ulifeneed.com\/wp-content\/uploads\/2025\/11\/068-8.jpg 1000w\" sizes=\"(max-width: 768px) 100vw, 768px\" \/>\n\t\t\t<\/div>\n\t\t\t\t<figcaption class='wp-caption-text gallery-caption' id='gallery-1-1359'>\n\t\t\t\tVersion 1.0.0\n\t\t\t\t<\/figcaption><\/figure>\n\t\t<\/div>\n\t\t<\/div>\n\t\t\t\t\t\t<\/div>\n\t\t\t\t<\/div>\n\t\t\t\t\t<\/div>\n\t\t\t\t<\/div>\n\t\t<div class=\"elementor-element elementor-element-48b475b e-flex e-con-boxed e-con e-parent\" data-id=\"48b475b\" data-element_type=\"container\" data-e-type=\"container\">\n\t\t\t\t\t<div class=\"e-con-inner\">\n\t\t\t\t<div class=\"elementor-element elementor-element-0f74b56 elementor-widget elementor-widget-text-editor\" data-id=\"0f74b56\" data-element_type=\"widget\" data-e-type=\"widget\" data-widget_type=\"text-editor.default\">\n\t\t\t\t<div class=\"elementor-widget-container\">\n\t\t\t\t\t\t\t\t\t<p><strong>W\u00e4hlen Sie eine kabellose Bluetooth-Maus mit zwei Modi<\/strong> (BT5.2+BT3.0+2.4G-Empf\u00e4nger+USB-C-Adapter), was f\u00fcr unsere Verbindung und die Verwendung auf jedem Computerger\u00e4t f\u00f6rderlicher ist,<\/p><p><strong>WIE Sie den Bluetooth-Mausmodus verwenden k\u00f6nnen:<\/strong><\/p><p>Zuerst schieben Sie den Mausschalter in den Bluetooth-Modus (blaues Licht) &gt; \u00f6ffnen Sie die Systemeinstellungen des Laptops&gt; schalten Sie die Bluetooth-Funktion ein &gt;, wenn das Bluetooth des Laptops nach Bluetooth-Ger\u00e4ten in der N\u00e4he sucht&gt; m\u00fcssen Sie die blaue Taste an der Unterseite der Maus \u201d f\u00fcr 3 -4 Sekunden gedr\u00fcckt halten, das blaue Licht blinkt. Die blaue Lampe blinkt. &gt; Die Bluetooth-Suche zeigt die Bluetooth 5.2-Maus an &gt; Klicken Sie auf \u201cBT5.2-Maus oder BT3.0-Maus (BT3.0 f\u00fcr alte Laptops)\u201d. &gt; Verbindung ist erfolgreich<\/p><p><strong>So verwenden Sie die Maus im 2.4G-USB-Empf\u00e4ngermodus: Schalten Sie zun\u00e4chst den Mausschalter auf den 2.4G-Modus um.<\/strong><\/p><p>\uff08Dann entfernen Sie den USB-Empf\u00e4nger aus dem Steckplatz an der Unterseite der Maus &gt; Stecken Sie den USB-Empf\u00e4nger in den USB-Anschluss Ihres Laptops, Plug and Play. (Funktioniert mit allen USB-Anschl\u00fcssen und USB-C-Anschl\u00fcssen von Laptops und Desktops, (Hinweis: Computer mit USB-C-Anschl\u00fcssen bitte mit USB-C-Adapter verwenden))<\/p><p><strong>Wie man die Bluetooth-Maus auf dem ipadOS13 und oben iPad pro 11\/12.9inch ipad air 10.9inch ipad mini 8.3inch iPad 10th gen 9th gen 10.9inch verwendet: <\/strong><\/p><p>\u00d6ffnen Sie zun\u00e4chst die iPad-Einstellungen, suchen Sie die Eingabehilfen, schalten Sie die Ber\u00fchrungssteuerung ein, suchen Sie die unterst\u00fctzende Ber\u00fchrungssteuerung, schalten Sie die unterst\u00fctzende Ber\u00fchrungssteuerung ein, ziehen Sie dann nach unten, um das Ger\u00e4t zu finden, schalten Sie das Bluetooth-Ger\u00e4t ein, schalten Sie dann den Mausschalter ein, dr\u00fccken Sie die schwarze Taste an der Unterseite der Maus und halten Sie sie 3-4 Sekunden lang gedr\u00fcckt, Ihr iPad wird nach einer Bluetooth 5.2-Maus suchen und auf \u201cVerbinden\u201d klicken. Pairing-Passwort: 0000, (wenn Sie das Bluetooth-Mausger\u00e4t nicht finden k\u00f6nnen, starten Sie bitte die Maus oder iPad Bluetooth-Funktion, oder starten Sie das iPad neu)<\/p><h2>Wie kann ich eine kabellose Maus aufladen?<\/h2><p>Wenn sich Ihr Mauszeiger nicht bewegt oder nicht verwendet werden kann oder die Verbindung w\u00e4hrend der Verwendung pl\u00f6tzlich unterbrochen wird, ist dies ein Hinweis darauf, dass Sie die Bluetooth-Maus etwa 3 Stunden lang aufladen m\u00fcssen.<br \/>Bitte verwenden Sie zum Aufladen einen Adapter mit einem Ausgang von h\u00f6chstens 5 V, eine Powerbank oder einen USB-Anschluss an Ihrem Laptop. (Das Aufladen ist mit Ladeger\u00e4ten mit einem Ausgang von 10 V oder mehr verboten)<\/p><p>Lieferumfang: Bedienungsanleitung *1, wiederaufladbare Bluetooth 5.2 + BT3.0 + 2.4G USB-Empf\u00e4nger Dual-Mode-Funkmaus *1, (2.4G USB-Empf\u00e4nger versteckt im unteren Schlitz der Maus), USB-Ladekabel *1, USB-C-Adapter*1, Verpackungskarton *1.<\/p>\t\t\t\t\t\t\t\t<\/div>\n\t\t\t\t<\/div>\n\t\t\t\t\t<\/div>\n\t\t\t\t<\/div>\n\t\t<div class=\"elementor-element elementor-element-8c190bd e-flex e-con-boxed e-con e-parent\" data-id=\"8c190bd\" data-element_type=\"container\" data-e-type=\"container\">\n\t\t\t\t\t<div class=\"e-con-inner\">\n\t\t\t\t<div class=\"elementor-element elementor-element-631cdb7 elementor-widget elementor-widget-image-gallery\" data-id=\"631cdb7\" data-element_type=\"widget\" data-e-type=\"widget\" data-widget_type=\"image-gallery.default\">\n\t\t\t\t<div class=\"elementor-widget-container\">\n\t\t\t\t\t\t\t<div class=\"elementor-image-gallery\">\n\t\t\t<div id='gallery-2' class='gallery galleryid-1351 gallery-columns-1 gallery-size-full'><figure class='gallery-item'>\n\t\t\t<div class='gallery-icon landscape'>\n\t\t\t\t<img loading=\"lazy\" decoding=\"async\" width=\"1000\" height=\"1000\" src=\"https:\/\/ulifeneed.com\/wp-content\/uploads\/2025\/11\/068-8.jpg\" class=\"attachment-full size-full\" alt=\"\" aria-describedby=\"gallery-2-1359\" srcset=\"https:\/\/ulifeneed.com\/wp-content\/uploads\/2025\/11\/068-8.jpg 1000w, https:\/\/ulifeneed.com\/wp-content\/uploads\/2025\/11\/068-8-300x300.jpg 300w, https:\/\/ulifeneed.com\/wp-content\/uploads\/2025\/11\/068-8-150x150.jpg 150w, https:\/\/ulifeneed.com\/wp-content\/uploads\/2025\/11\/068-8-768x768.jpg 768w, https:\/\/ulifeneed.com\/wp-content\/uploads\/2025\/11\/068-8-600x600.jpg 600w, https:\/\/ulifeneed.com\/wp-content\/uploads\/2025\/11\/068-8-100x100.jpg 100w\" sizes=\"(max-width: 1000px) 100vw, 1000px\" \/>\n\t\t\t<\/div>\n\t\t\t\t<figcaption class='wp-caption-text gallery-caption' id='gallery-2-1359'>\n\t\t\t\tVersion 1.0.0\n\t\t\t\t<\/figcaption><\/figure><figure class='gallery-item'>\n\t\t\t<div class='gallery-icon landscape'>\n\t\t\t\t<img loading=\"lazy\" decoding=\"async\" width=\"1000\" height=\"1000\" src=\"https:\/\/ulifeneed.com\/wp-content\/uploads\/2025\/11\/068-5.jpg\" class=\"attachment-full size-full\" alt=\"\" aria-describedby=\"gallery-2-1356\" srcset=\"https:\/\/ulifeneed.com\/wp-content\/uploads\/2025\/11\/068-5.jpg 1000w, https:\/\/ulifeneed.com\/wp-content\/uploads\/2025\/11\/068-5-300x300.jpg 300w, https:\/\/ulifeneed.com\/wp-content\/uploads\/2025\/11\/068-5-150x150.jpg 150w, https:\/\/ulifeneed.com\/wp-content\/uploads\/2025\/11\/068-5-768x768.jpg 768w, https:\/\/ulifeneed.com\/wp-content\/uploads\/2025\/11\/068-5-600x600.jpg 600w, https:\/\/ulifeneed.com\/wp-content\/uploads\/2025\/11\/068-5-100x100.jpg 100w\" sizes=\"(max-width: 1000px) 100vw, 1000px\" \/>\n\t\t\t<\/div>\n\t\t\t\t<figcaption class='wp-caption-text gallery-caption' id='gallery-2-1356'>\n\t\t\t\tVersion 1.0.0\n\t\t\t\t<\/figcaption><\/figure><figure class='gallery-item'>\n\t\t\t<div class='gallery-icon landscape'>\n\t\t\t\t<img loading=\"lazy\" decoding=\"async\" width=\"1000\" height=\"1000\" src=\"https:\/\/ulifeneed.com\/wp-content\/uploads\/2025\/11\/068-4.jpg\" class=\"attachment-full size-full\" alt=\"\" aria-describedby=\"gallery-2-1355\" srcset=\"https:\/\/ulifeneed.com\/wp-content\/uploads\/2025\/11\/068-4.jpg 1000w, https:\/\/ulifeneed.com\/wp-content\/uploads\/2025\/11\/068-4-300x300.jpg 300w, https:\/\/ulifeneed.com\/wp-content\/uploads\/2025\/11\/068-4-150x150.jpg 150w, https:\/\/ulifeneed.com\/wp-content\/uploads\/2025\/11\/068-4-768x768.jpg 768w, https:\/\/ulifeneed.com\/wp-content\/uploads\/2025\/11\/068-4-600x600.jpg 600w, https:\/\/ulifeneed.com\/wp-content\/uploads\/2025\/11\/068-4-100x100.jpg 100w\" sizes=\"(max-width: 1000px) 100vw, 1000px\" \/>\n\t\t\t<\/div>\n\t\t\t\t<figcaption class='wp-caption-text gallery-caption' id='gallery-2-1355'>\n\t\t\t\tVersion 1.0.0\n\t\t\t\t<\/figcaption><\/figure><figure class='gallery-item'>\n\t\t\t<div class='gallery-icon landscape'>\n\t\t\t\t<img loading=\"lazy\" decoding=\"async\" width=\"1000\" height=\"1000\" src=\"https:\/\/ulifeneed.com\/wp-content\/uploads\/2025\/11\/068-3.jpg\" class=\"attachment-full size-full\" alt=\"\" aria-describedby=\"gallery-2-1354\" srcset=\"https:\/\/ulifeneed.com\/wp-content\/uploads\/2025\/11\/068-3.jpg 1000w, https:\/\/ulifeneed.com\/wp-content\/uploads\/2025\/11\/068-3-300x300.jpg 300w, https:\/\/ulifeneed.com\/wp-content\/uploads\/2025\/11\/068-3-150x150.jpg 150w, https:\/\/ulifeneed.com\/wp-content\/uploads\/2025\/11\/068-3-768x768.jpg 768w, https:\/\/ulifeneed.com\/wp-content\/uploads\/2025\/11\/068-3-600x600.jpg 600w, https:\/\/ulifeneed.com\/wp-content\/uploads\/2025\/11\/068-3-100x100.jpg 100w\" sizes=\"(max-width: 1000px) 100vw, 1000px\" \/>\n\t\t\t<\/div>\n\t\t\t\t<figcaption class='wp-caption-text gallery-caption' id='gallery-2-1354'>\n\t\t\t\tVersion 1.0.0\n\t\t\t\t<\/figcaption><\/figure>\n\t\t<\/div>\n\t\t<\/div>\n\t\t\t\t\t\t<\/div>\n\t\t\t\t<\/div>\n\t\t\t\t\t<\/div>\n\t\t\t\t<\/div>\n\t\t\t\t<\/div>","protected":false},"excerpt":{"rendered":"<h2>Bluetooth Wireless Maus f\u00fcr Laptop mac MacBook ipad MacBook air MacBook pro pc Desktop Computer Windows Chromebook Notebook (Silber)<\/h2>\n<p>Farbe: Silber<br \/>\nKonnektivit\u00e4tstechnologie: Bluetooth Wireless USB\/USB C Adapter<br \/>\nBesonderes Merkmal: Drahtloser Bluetooth-USB\/USB-C-Adapter<br \/>\nTechnologie zur Bewegungserkennung: Optisch<\/p>","protected":false},"featured_media":1352,"comment_status":"open","ping_status":"closed","template":"","meta":{"site-sidebar-layout":"no-sidebar","site-content-layout":"page-builder","ast-site-content-layout":"normal-width-container","site-content-style":"default","site-sidebar-style":"default","ast-global-header-display":"","ast-banner-title-visibility":"","ast-main-header-display":"","ast-hfb-above-header-display":"","ast-hfb-below-header-display":"","ast-hfb-mobile-header-display":"","site-post-title":"","ast-breadcrumbs-content":"","ast-featured-img":"disabled","footer-sml-layout":"","theme-transparent-header-meta":"default","adv-header-id-meta":"","stick-header-meta":"","header-above-stick-meta":"","header-main-stick-meta":"","header-below-stick-meta":"","astra-migrate-meta-layouts":"set","ast-page-background-enabled":"default","ast-page-background-meta":{"desktop":{"background-color":"","background-image":"","background-repeat":"repeat","background-position":"center center","background-size":"auto","background-attachment":"scroll","background-type":"","background-media":"","overlay-type":"","overlay-color":"","overlay-opacity":"","overlay-gradient":""},"tablet":{"background-color":"","background-image":"","background-repeat":"repeat","background-position":"center center","background-size":"auto","background-attachment":"scroll","background-type":"","background-media":"","overlay-type":"","overlay-color":"","overlay-opacity":"","overlay-gradient":""},"mobile":{"background-color":"","background-image":"","background-repeat":"repeat","background-position":"center center","background-size":"auto","background-attachment":"scroll","background-type":"","background-media":"","overlay-type":"","overlay-color":"","overlay-opacity":"","overlay-gradient":""}},"ast-content-background-meta":{"desktop":{"background-color":"var(--ast-global-color-5)","background-image":"","background-repeat":"repeat","background-position":"center center","background-size":"auto","background-attachment":"scroll","background-type":"","background-media":"","overlay-type":"","overlay-color":"","overlay-opacity":"","overlay-gradient":""},"tablet":{"background-color":"var(--ast-global-color-5)","background-image":"","background-repeat":"repeat","background-position":"center center","background-size":"auto","background-attachment":"scroll","background-type":"","background-media":"","overlay-type":"","overlay-color":"","overlay-opacity":"","overlay-gradient":""},"mobile":{"background-color":"var(--ast-global-color-5)","background-image":"","background-repeat":"repeat","background-position":"center center","background-size":"auto","background-attachment":"scroll","background-type":"","background-media":"","overlay-type":"","overlay-color":"","overlay-opacity":"","overlay-gradient":""}}},"product_brand":[],"product_cat":[30,15],"product_tag":[],"class_list":{"0":"post-1351","1":"product","2":"type-product","3":"status-publish","4":"has-post-thumbnail","6":"product_cat-computer-mice","7":"product_cat-3c-electronic-products","8":"desktop-align-left","9":"tablet-align-left","10":"mobile-align-left","12":"first","13":"instock","14":"sale","15":"shipping-taxable","16":"purchasable","17":"product-type-simple"},"_links":{"self":[{"href":"https:\/\/ulifeneed.com\/de\/wp-json\/wp\/v2\/product\/1351","targetHints":{"allow":["GET"]}}],"collection":[{"href":"https:\/\/ulifeneed.com\/de\/wp-json\/wp\/v2\/product"}],"about":[{"href":"https:\/\/ulifeneed.com\/de\/wp-json\/wp\/v2\/types\/product"}],"replies":[{"embeddable":true,"href":"https:\/\/ulifeneed.com\/de\/wp-json\/wp\/v2\/comments?post=1351"}],"version-history":[{"count":5,"href":"https:\/\/ulifeneed.com\/de\/wp-json\/wp\/v2\/product\/1351\/revisions"}],"predecessor-version":[{"id":1515,"href":"https:\/\/ulifeneed.com\/de\/wp-json\/wp\/v2\/product\/1351\/revisions\/1515"}],"wp:featuredmedia":[{"embeddable":true,"href":"https:\/\/ulifeneed.com\/de\/wp-json\/wp\/v2\/media\/1352"}],"wp:attachment":[{"href":"https:\/\/ulifeneed.com\/de\/wp-json\/wp\/v2\/media?parent=1351"}],"wp:term":[{"taxonomy":"product_brand","embeddable":true,"href":"https:\/\/ulifeneed.com\/de\/wp-json\/wp\/v2\/product_brand?post=1351"},{"taxonomy":"product_cat","embeddable":true,"href":"https:\/\/ulifeneed.com\/de\/wp-json\/wp\/v2\/product_cat?post=1351"},{"taxonomy":"product_tag","embeddable":true,"href":"https:\/\/ulifeneed.com\/de\/wp-json\/wp\/v2\/product_tag?post=1351"}],"curies":[{"name":"wp","href":"https:\/\/api.w.org\/{rel}","templated":true}]}}