{"id":1239,"date":"2025-11-07T08:11:55","date_gmt":"2025-11-07T08:11:55","guid":{"rendered":"https:\/\/ulifeneed.com\/?post_type=product&#038;p=1239"},"modified":"2025-11-28T04:51:05","modified_gmt":"2025-11-28T04:51:05","slug":"stream-tastatur-verkabelt-usb-sx-scherenmechanismus","status":"publish","type":"product","link":"https:\/\/ulifeneed.com\/de\/product\/stream-keyboard-wired-usb-sx-scissors-mechanism\/","title":{"rendered":"Stream Keyboard Wired USB SX Scissors Mechanism QWERTY Whisper-Quiet Silent Keystroke f\u00fcr Home Office, Work oder Personal Computer. Schwarz"},"content":{"rendered":"<div data-elementor-type=\"wp-post\" data-elementor-id=\"1239\" class=\"elementor elementor-1239\">\n\t\t\t\t<div class=\"elementor-element elementor-element-7ab7465 e-flex e-con-boxed e-con e-parent\" data-id=\"7ab7465\" data-element_type=\"container\" data-e-type=\"container\">\n\t\t\t\t\t<div class=\"e-con-inner\">\n\t\t\t\t<div class=\"elementor-element elementor-element-01349a5 elementor-widget elementor-widget-text-editor\" data-id=\"01349a5\" data-element_type=\"widget\" data-e-type=\"widget\" data-widget_type=\"text-editor.default\">\n\t\t\t\t<div class=\"elementor-widget-container\">\n\t\t\t\t\t\t\t\t\t<p>1. Arbeit auf Knopfdruck: fl\u00fcsterleiser Tastenanschlag, unschlagbares Tipperlebnis<\/p><p>2.h\u00f6chste Qualit\u00e4t: langlebiges Schl\u00fcsseletikett, hauseigener sx-Scherenmechanismus, Umweltzeichen Blauer Engel<\/p><p>3.Benutzerkomfort: 3 integrierte Statusanzeigen, perfekte Rutschfestigkeit, 10 Office- und Multimediatasten<\/p><p>4.modernes design: flache h\u00f6he, konzentriert auf das wesentliche, gs-Zulassung. Anschlusstechnologie: USB<\/p><p>5. amerikanisches Unternehmertum gepaart mit deutscher Ingenieurskunst. Heute gilt ulifeneed als der Inbegriff von Qualit\u00e4t, Innovation, Design und Nachhaltigkeit. Ein einzigartiges Gef\u00fchl.<\/p>\t\t\t\t\t\t\t\t<\/div>\n\t\t\t\t<\/div>\n\t\t\t\t\t<\/div>\n\t\t\t\t<\/div>\n\t\t<div class=\"elementor-element elementor-element-86893d4 e-flex e-con-boxed e-con e-parent\" data-id=\"86893d4\" data-element_type=\"container\" data-e-type=\"container\">\n\t\t\t\t\t<div class=\"e-con-inner\">\n\t\t\t\t<div class=\"elementor-element elementor-element-8714e9f elementor-widget elementor-widget-image-gallery\" data-id=\"8714e9f\" data-element_type=\"widget\" data-e-type=\"widget\" data-widget_type=\"image-gallery.default\">\n\t\t\t\t<div class=\"elementor-widget-container\">\n\t\t\t\t\t\t\t<div class=\"elementor-image-gallery\">\n\t\t\t\n<img fetchpriority=\"high\" decoding=\"async\" width=\"768\" height=\"768\" src=\"https:\/\/ulifeneed.com\/wp-content\/uploads\/2025\/11\/052-7-768x768.jpg\" class=\"attachment-medium_large size-medium_large\" alt=\"\" ids=\"1246,1247,1248\" size=\"medium_large\" columns=\"3\" link=\"none\" orderby=\"post__in\" include=\"1246,1247,1248\" srcset=\"https:\/\/ulifeneed.com\/wp-content\/uploads\/2025\/11\/052-7-768x768.jpg 768w, https:\/\/ulifeneed.com\/wp-content\/uploads\/2025\/11\/052-7-300x300.jpg 300w, https:\/\/ulifeneed.com\/wp-content\/uploads\/2025\/11\/052-7-150x150.jpg 150w, https:\/\/ulifeneed.com\/wp-content\/uploads\/2025\/11\/052-7-600x600.jpg 600w, https:\/\/ulifeneed.com\/wp-content\/uploads\/2025\/11\/052-7-100x100.jpg 100w, https:\/\/ulifeneed.com\/wp-content\/uploads\/2025\/11\/052-7.jpg 1000w\" sizes=\"(max-width: 768px) 100vw, 768px\" \/>\n<img decoding=\"async\" width=\"768\" height=\"768\" src=\"https:\/\/ulifeneed.com\/wp-content\/uploads\/2025\/11\/052-8-768x768.jpg\" class=\"attachment-medium_large size-medium_large\" alt=\"\" ids=\"1246,1247,1248\" size=\"medium_large\" columns=\"3\" link=\"none\" orderby=\"post__in\" include=\"1246,1247,1248\" srcset=\"https:\/\/ulifeneed.com\/wp-content\/uploads\/2025\/11\/052-8-768x768.jpg 768w, https:\/\/ulifeneed.com\/wp-content\/uploads\/2025\/11\/052-8-300x300.jpg 300w, https:\/\/ulifeneed.com\/wp-content\/uploads\/2025\/11\/052-8-150x150.jpg 150w, https:\/\/ulifeneed.com\/wp-content\/uploads\/2025\/11\/052-8-600x600.jpg 600w, https:\/\/ulifeneed.com\/wp-content\/uploads\/2025\/11\/052-8-100x100.jpg 100w, https:\/\/ulifeneed.com\/wp-content\/uploads\/2025\/11\/052-8.jpg 1000w\" sizes=\"(max-width: 768px) 100vw, 768px\" \/>\n<img decoding=\"async\" width=\"768\" height=\"768\" src=\"https:\/\/ulifeneed.com\/wp-content\/uploads\/2025\/11\/052-9-768x768.jpg\" class=\"attachment-medium_large size-medium_large\" alt=\"\" ids=\"1246,1247,1248\" size=\"medium_large\" columns=\"3\" link=\"none\" orderby=\"post__in\" include=\"1246,1247,1248\" srcset=\"https:\/\/ulifeneed.com\/wp-content\/uploads\/2025\/11\/052-9-768x768.jpg 768w, https:\/\/ulifeneed.com\/wp-content\/uploads\/2025\/11\/052-9-300x300.jpg 300w, https:\/\/ulifeneed.com\/wp-content\/uploads\/2025\/11\/052-9-150x150.jpg 150w, https:\/\/ulifeneed.com\/wp-content\/uploads\/2025\/11\/052-9-600x600.jpg 600w, https:\/\/ulifeneed.com\/wp-content\/uploads\/2025\/11\/052-9-100x100.jpg 100w, https:\/\/ulifeneed.com\/wp-content\/uploads\/2025\/11\/052-9.jpg 1000w\" sizes=\"(max-width: 768px) 100vw, 768px\" \/>\n\t\t<\/div>\n\t\t\t\t\t\t<\/div>\n\t\t\t\t<\/div>\n\t\t\t\t\t<\/div>\n\t\t\t\t<\/div>\n\t\t<div class=\"elementor-element elementor-element-48b475b e-flex e-con-boxed e-con e-parent\" data-id=\"48b475b\" data-element_type=\"container\" data-e-type=\"container\">\n\t\t\t\t\t<div class=\"e-con-inner\">\n\t\t\t\t<div class=\"elementor-element elementor-element-0f74b56 elementor-widget elementor-widget-text-editor\" data-id=\"0f74b56\" data-element_type=\"widget\" data-e-type=\"widget\" data-widget_type=\"text-editor.default\">\n\t\t\t\t<div class=\"elementor-widget-container\">\n\t\t\t\t\t\t\t\t\t<p>Sie sind auf der Suche nach einem zuverl\u00e4ssigen Begleiter, der Sie bei der Arbeit oder im Home Office nicht im Stich l\u00e4sst? Das ulifeneed STREAM KEYBOARD ist die perfekte Wahl.<\/p><p>Die Kabeltastatur \u00fcberzeugt vor allem durch die hochwertige ulifeneed SX-Scherenmechanik. Diese steht f\u00fcr ein hervorragendes taktiles Schreibgef\u00fchl und ist besonders pr\u00e4zise. Die Lautst\u00e4rke beim Tippen auf der USB-Tastatur wurde im Vergleich zum Vorg\u00e4ngermodell noch weiter reduziert. Damit ist die PC-Tastatur die erste Wahl, wenn Sie gerne leise schreiben.<\/p><p>Dank der integrierten Metallplatte und den acht Gummipads auf der Unterseite punktet das STREAM KEYBOARD mit idealer Verwindungssteifigkeit, Stabilit\u00e4t und Haltbarkeit.<\/p><p>Die gut lesbare Tastenbeschriftung ist abriebfest und bleibt daher auch nach l\u00e4ngerer Zeit noch lesbar. Die Office-Tastatur verf\u00fcgt au\u00dferdem \u00fcber zehn praktische Zusatztasten f\u00fcr Office und Multimedia: Lautst\u00e4rkeregelung, Windows sperren, Taschenrechner starten, etc. Drei direkt in die jeweiligen Tasten integrierte Status-LEDs zeigen auf einen Blick, ob CAPS LOCK, NUM und SCROLL aktiviert sind.<\/p><p>Die Tastatur tr\u00e4gt das GS-Zeichen \u201cGepr\u00fcfte Sicherheit\u201d. Dieses bescheinigt, dass sie allen relevanten europ\u00e4ischen Richtlinien und Verordnungen zum Gesundheitsschutz entspricht. Au\u00dferdem bedeutet das GS-Siegel, dass Sie sicher sein k\u00f6nnen, dass bei dieser Tastatur ein Standardlayout verwendet wird. Mit dem \u201cBlauen Engel\u201d ausgezeichnet, erf\u00fcllt das ulifeneed STREAM KEYBOARD die Anforderungen an Umwelt-, Gesundheits- und Gebrauchseigenschaften. Das bedeutet, dass von der Produktion bis hin zum Ger\u00e4t selbst Wasser, Boden, Luft und die Umwelt insgesamt so wenig wie m\u00f6glich belastet werden.<\/p><p>Entdecken Sie die Computertastatur \u201culifeneed STREAM KEYBOARD\u201d - perfekt f\u00fcr Vielschreiber mit h\u00f6chsten Anspr\u00fcchen an Qualit\u00e4t und Schreibgef\u00fchl!<\/p>\t\t\t\t\t\t\t\t<\/div>\n\t\t\t\t<\/div>\n\t\t\t\t\t<\/div>\n\t\t\t\t<\/div>\n\t\t<div class=\"elementor-element elementor-element-8c190bd e-flex e-con-boxed e-con e-parent\" data-id=\"8c190bd\" data-element_type=\"container\" data-e-type=\"container\">\n\t\t\t\t\t<div class=\"e-con-inner\">\n\t\t\t\t<div class=\"elementor-element elementor-element-631cdb7 elementor-widget elementor-widget-image-gallery\" data-id=\"631cdb7\" data-element_type=\"widget\" data-e-type=\"widget\" data-widget_type=\"image-gallery.default\">\n\t\t\t\t<div class=\"elementor-widget-container\">\n\t\t\t\t\t\t\t<div class=\"elementor-image-gallery\">\n\t\t\t\n<img loading=\"lazy\" decoding=\"async\" width=\"1000\" height=\"1000\" src=\"https:\/\/ulifeneed.com\/wp-content\/uploads\/2025\/11\/052-4.jpg\" class=\"attachment-full size-full\" alt=\"\" ids=\"1243,1242,1241,1245\" size=\"full\" columns=\"1\" link=\"none\" orderby=\"post__in\" include=\"1243,1242,1241,1245\" srcset=\"https:\/\/ulifeneed.com\/wp-content\/uploads\/2025\/11\/052-4.jpg 1000w, https:\/\/ulifeneed.com\/wp-content\/uploads\/2025\/11\/052-4-300x300.jpg 300w, https:\/\/ulifeneed.com\/wp-content\/uploads\/2025\/11\/052-4-150x150.jpg 150w, https:\/\/ulifeneed.com\/wp-content\/uploads\/2025\/11\/052-4-768x768.jpg 768w, https:\/\/ulifeneed.com\/wp-content\/uploads\/2025\/11\/052-4-600x600.jpg 600w, https:\/\/ulifeneed.com\/wp-content\/uploads\/2025\/11\/052-4-100x100.jpg 100w\" sizes=\"(max-width: 1000px) 100vw, 1000px\" \/>\n<img loading=\"lazy\" decoding=\"async\" width=\"1000\" height=\"667\" src=\"https:\/\/ulifeneed.com\/wp-content\/uploads\/2025\/11\/052-3.jpg\" class=\"attachment-full size-full\" alt=\"\" ids=\"1243,1242,1241,1245\" size=\"full\" columns=\"1\" link=\"none\" orderby=\"post__in\" include=\"1243,1242,1241,1245\" srcset=\"https:\/\/ulifeneed.com\/wp-content\/uploads\/2025\/11\/052-3.jpg 1000w, https:\/\/ulifeneed.com\/wp-content\/uploads\/2025\/11\/052-3-300x200.jpg 300w, https:\/\/ulifeneed.com\/wp-content\/uploads\/2025\/11\/052-3-768x512.jpg 768w, https:\/\/ulifeneed.com\/wp-content\/uploads\/2025\/11\/052-3-600x400.jpg 600w\" sizes=\"(max-width: 1000px) 100vw, 1000px\" \/>\n<img loading=\"lazy\" decoding=\"async\" width=\"1000\" height=\"667\" src=\"https:\/\/ulifeneed.com\/wp-content\/uploads\/2025\/11\/052-2.jpg\" class=\"attachment-full size-full\" alt=\"\" ids=\"1243,1242,1241,1245\" size=\"full\" columns=\"1\" link=\"none\" orderby=\"post__in\" include=\"1243,1242,1241,1245\" srcset=\"https:\/\/ulifeneed.com\/wp-content\/uploads\/2025\/11\/052-2.jpg 1000w, https:\/\/ulifeneed.com\/wp-content\/uploads\/2025\/11\/052-2-300x200.jpg 300w, https:\/\/ulifeneed.com\/wp-content\/uploads\/2025\/11\/052-2-768x512.jpg 768w, https:\/\/ulifeneed.com\/wp-content\/uploads\/2025\/11\/052-2-600x400.jpg 600w\" sizes=\"(max-width: 1000px) 100vw, 1000px\" \/>\n<img loading=\"lazy\" decoding=\"async\" width=\"1000\" height=\"1000\" src=\"https:\/\/ulifeneed.com\/wp-content\/uploads\/2025\/11\/052-6.jpg\" class=\"attachment-full size-full\" alt=\"\" ids=\"1243,1242,1241,1245\" size=\"full\" columns=\"1\" link=\"none\" orderby=\"post__in\" include=\"1243,1242,1241,1245\" srcset=\"https:\/\/ulifeneed.com\/wp-content\/uploads\/2025\/11\/052-6.jpg 1000w, https:\/\/ulifeneed.com\/wp-content\/uploads\/2025\/11\/052-6-300x300.jpg 300w, https:\/\/ulifeneed.com\/wp-content\/uploads\/2025\/11\/052-6-150x150.jpg 150w, https:\/\/ulifeneed.com\/wp-content\/uploads\/2025\/11\/052-6-768x768.jpg 768w, https:\/\/ulifeneed.com\/wp-content\/uploads\/2025\/11\/052-6-600x600.jpg 600w, https:\/\/ulifeneed.com\/wp-content\/uploads\/2025\/11\/052-6-100x100.jpg 100w\" sizes=\"(max-width: 1000px) 100vw, 1000px\" \/>\n\t\t<\/div>\n\t\t\t\t\t\t<\/div>\n\t\t\t\t<\/div>\n\t\t\t\t\t<\/div>\n\t\t\t\t<\/div>\n\t\t\t\t<\/div>","protected":false},"excerpt":{"rendered":"<h2>Stream Keyboard Wired USB SX Scissors Mechanism QWERTY Whisper-Quiet Silent Keystroke f\u00fcr Home Office, Work oder Personal Computer. Schwarz<\/h2>\n<p>Kompatible Ger\u00e4te: Laptop, PC<br \/>\nKonnektivit\u00e4tstechnologie: USB-A<br \/>\nTastatur Beschreibung: taktil<br \/>\nEmpfohlene Verwendungszwecke f\u00fcr das Produkt: Gesch\u00e4ftlich, Bildung, Pers\u00f6nlich<br \/>\nBesonderes Merkmal: Ergonomisch, ger\u00e4uschloser Hub<br \/>\nFarbe: Schwarz<br \/>\nUnterst\u00fctzung f\u00fcr die Hintergrundbeleuchtung der Tastatur: Einfarbig<br \/>\nStil: Klassisch<br \/>\nProdukt Abmessungen: 18.23\u2033L x 6.42\u2033W x 0.71\u2033H<\/p>","protected":false},"featured_media":1240,"comment_status":"open","ping_status":"closed","template":"","meta":{"site-sidebar-layout":"no-sidebar","site-content-layout":"page-builder","ast-site-content-layout":"normal-width-container","site-content-style":"default","site-sidebar-style":"default","ast-global-header-display":"","ast-banner-title-visibility":"","ast-main-header-display":"","ast-hfb-above-header-display":"","ast-hfb-below-header-display":"","ast-hfb-mobile-header-display":"","site-post-title":"","ast-breadcrumbs-content":"","ast-featured-img":"disabled","footer-sml-layout":"","theme-transparent-header-meta":"default","adv-header-id-meta":"","stick-header-meta":"","header-above-stick-meta":"","header-main-stick-meta":"","header-below-stick-meta":"","astra-migrate-meta-layouts":"set","ast-page-background-enabled":"default","ast-page-background-meta":{"desktop":{"background-color":"","background-image":"","background-repeat":"repeat","background-position":"center center","background-size":"auto","background-attachment":"scroll","background-type":"","background-media":"","overlay-type":"","overlay-color":"","overlay-opacity":"","overlay-gradient":""},"tablet":{"background-color":"","background-image":"","background-repeat":"repeat","background-position":"center center","background-size":"auto","background-attachment":"scroll","background-type":"","background-media":"","overlay-type":"","overlay-color":"","overlay-opacity":"","overlay-gradient":""},"mobile":{"background-color":"","background-image":"","background-repeat":"repeat","background-position":"center center","background-size":"auto","background-attachment":"scroll","background-type":"","background-media":"","overlay-type":"","overlay-color":"","overlay-opacity":"","overlay-gradient":""}},"ast-content-background-meta":{"desktop":{"background-color":"var(--ast-global-color-5)","background-image":"","background-repeat":"repeat","background-position":"center center","background-size":"auto","background-attachment":"scroll","background-type":"","background-media":"","overlay-type":"","overlay-color":"","overlay-opacity":"","overlay-gradient":""},"tablet":{"background-color":"var(--ast-global-color-5)","background-image":"","background-repeat":"repeat","background-position":"center center","background-size":"auto","background-attachment":"scroll","background-type":"","background-media":"","overlay-type":"","overlay-color":"","overlay-opacity":"","overlay-gradient":""},"mobile":{"background-color":"var(--ast-global-color-5)","background-image":"","background-repeat":"repeat","background-position":"center center","background-size":"auto","background-attachment":"scroll","background-type":"","background-media":"","overlay-type":"","overlay-color":"","overlay-opacity":"","overlay-gradient":""}}},"product_brand":[],"product_cat":[32,15],"product_tag":[],"class_list":{"0":"post-1239","1":"product","2":"type-product","3":"status-publish","4":"has-post-thumbnail","6":"product_cat-computer-keyboards","7":"product_cat-3c-electronic-products","8":"desktop-align-left","9":"tablet-align-left","10":"mobile-align-left","12":"first","13":"instock","14":"sale","15":"shipping-taxable","16":"purchasable","17":"product-type-simple"},"_links":{"self":[{"href":"https:\/\/ulifeneed.com\/de\/wp-json\/wp\/v2\/product\/1239","targetHints":{"allow":["GET"]}}],"collection":[{"href":"https:\/\/ulifeneed.com\/de\/wp-json\/wp\/v2\/product"}],"about":[{"href":"https:\/\/ulifeneed.com\/de\/wp-json\/wp\/v2\/types\/product"}],"replies":[{"embeddable":true,"href":"https:\/\/ulifeneed.com\/de\/wp-json\/wp\/v2\/comments?post=1239"}],"version-history":[{"count":6,"href":"https:\/\/ulifeneed.com\/de\/wp-json\/wp\/v2\/product\/1239\/revisions"}],"predecessor-version":[{"id":1513,"href":"https:\/\/ulifeneed.com\/de\/wp-json\/wp\/v2\/product\/1239\/revisions\/1513"}],"wp:featuredmedia":[{"embeddable":true,"href":"https:\/\/ulifeneed.com\/de\/wp-json\/wp\/v2\/media\/1240"}],"wp:attachment":[{"href":"https:\/\/ulifeneed.com\/de\/wp-json\/wp\/v2\/media?parent=1239"}],"wp:term":[{"taxonomy":"product_brand","embeddable":true,"href":"https:\/\/ulifeneed.com\/de\/wp-json\/wp\/v2\/product_brand?post=1239"},{"taxonomy":"product_cat","embeddable":true,"href":"https:\/\/ulifeneed.com\/de\/wp-json\/wp\/v2\/product_cat?post=1239"},{"taxonomy":"product_tag","embeddable":true,"href":"https:\/\/ulifeneed.com\/de\/wp-json\/wp\/v2\/product_tag?post=1239"}],"curies":[{"name":"wp","href":"https:\/\/api.w.org\/{rel}","templated":true}]}}