{"id":1216,"date":"2025-11-07T07:57:59","date_gmt":"2025-11-07T07:57:59","guid":{"rendered":"https:\/\/ulifeneed.com\/?post_type=product&#038;p=1216"},"modified":"2025-11-28T04:50:58","modified_gmt":"2025-11-28T04:50:58","slug":"mk98-kabellose-tastatur-2-4g-ergonomische-computertastatur","status":"publish","type":"product","link":"https:\/\/ulifeneed.com\/de\/product\/mk98-wireless-keyboard-2-4g-ergonomic-computer-keyboard\/","title":{"rendered":"MK98 Kabellose Tastatur, 2.4G Ergonomisch, Computertastatur, Vergr\u00f6\u00dferte Anzeigeleuchte, Full Size PC-Tastatur mit numerischem Tastenfeld f\u00fcr Laptop, Desktop, Surface, Chromebook, Notebook, Schwarz"},"content":{"rendered":"<div data-elementor-type=\"wp-post\" data-elementor-id=\"1216\" class=\"elementor elementor-1216\">\n\t\t\t\t<div class=\"elementor-element elementor-element-7ab7465 e-flex e-con-boxed e-con e-parent\" data-id=\"7ab7465\" data-element_type=\"container\" data-e-type=\"container\">\n\t\t\t\t\t<div class=\"e-con-inner\">\n\t\t\t\t<div class=\"elementor-element elementor-element-01349a5 elementor-widget elementor-widget-text-editor\" data-id=\"01349a5\" data-element_type=\"widget\" data-e-type=\"widget\" data-widget_type=\"text-editor.default\">\n\t\t\t\t<div class=\"elementor-widget-container\">\n\t\t\t\t\t\t\t\t\t<p>1.MARVABLE TYPING ENJOY : Die enge, moderne, ergonomische Design mit h\u00f6henverstellbaren 8 \u00b0 Neigung Beine gibt Ihrem Setup genau das richtige Ma\u00df an Rand, und integrierte Handgelenkauflage relelives die m\u00fcde.Plug and Play, einfach kabellose Tastatur.\u00d6ffnen Sie Ihren Computer und schlie\u00dfen Sie den USB-Empf\u00e4nger (Don't fortget schalten Sie die drahtlose Tastatur-Schalter).<\/p><p>2.FULL SIZE EXCELLENT TYPING : Jede Taste der kabellosen Tastatur mit niedrigem Profil sorgt f\u00fcr mehr Stabilit\u00e4t, w\u00e4hrend der optimierte Tastenweg ein komfortables und pr\u00e4zises Tippen erm\u00f6glicht. Die 12 multimedialen Tastenkombinationen erleichtern Ihnen die Arbeit und erm\u00f6glichen es Ihnen, sich auf die jeweilige Aufgabe zu konzentrieren.Der Ziffernblock eignet sich auch hervorragend f\u00fcr Tabellenkalkulationen und Finanzanwendungen.Hinweise: Die 12 Shortcuts f\u00fcr den einfachen Zugriff sind nicht mit dem Mac kompatibel.<\/p><p>3.HASSLE FREE CONNECTION : Vergessen Sie Aussetzer und Verz\u00f6gerungen dank einer starken, zuverl\u00e4ssigen 2.4G Wireless-Verbindung mit bis zu 10 m Reichweite. Keine weiteren Treiber oder Optionen erforderlich. Koppeln Sie Ihren Computer nahtlos und ohne Unterbrechung mit der kabellosen Tastatur.<\/p><p>4.DUEABLE ENERGY-SAVING : Ben\u00f6tigt nur eine 1,5V AAA Alkaline-Batterie (nicht enthalten). Bis zu 16 Monate Batterielebensdauer machen den h\u00e4ufigen Batteriewechsel \u00fcberfl\u00fcssig. Ein praktischer Ein-\/Aus-Schalter und eine stromsparende Technologie schonen die Batterie.<\/p><p>5.NO DISTURB TROUBLESOME \uff1aMit dem Krater Schl\u00fcssel struction, die Computer-Tastatur kann stark das Ger\u00e4usch mit nur 3mm Tastenweg zu reduzieren.Nie Sorgen um andere zu st\u00f6ren, wo immer Sie gehen.haben eine gute Zeit f\u00fcr B\u00fcro, zu Hause, Reisen, Kaffee Zeit.<\/p>\t\t\t\t\t\t\t\t<\/div>\n\t\t\t\t<\/div>\n\t\t\t\t\t<\/div>\n\t\t\t\t<\/div>\n\t\t<div class=\"elementor-element elementor-element-86893d4 e-flex e-con-boxed e-con e-parent\" data-id=\"86893d4\" data-element_type=\"container\" data-e-type=\"container\">\n\t\t\t\t\t<div class=\"e-con-inner\">\n\t\t\t\t<div class=\"elementor-element elementor-element-8714e9f elementor-widget elementor-widget-image-gallery\" data-id=\"8714e9f\" data-element_type=\"widget\" data-e-type=\"widget\" data-widget_type=\"image-gallery.default\">\n\t\t\t\t<div class=\"elementor-widget-container\">\n\t\t\t\t\t\t\t<div class=\"elementor-image-gallery\">\n\t\t\t\n<img fetchpriority=\"high\" decoding=\"async\" width=\"300\" height=\"300\" src=\"https:\/\/ulifeneed.com\/wp-content\/uploads\/2025\/11\/050-9.jpg\" class=\"attachment-medium_large size-medium_large\" alt=\"\" ids=\"1226,1221,1222,1223,1233,1232,1231,1230,1224\" size=\"medium_large\" columns=\"3\" link=\"none\" orderby=\"post__in\" include=\"1226,1221,1222,1223,1233,1232,1231,1230,1224\" srcset=\"https:\/\/ulifeneed.com\/wp-content\/uploads\/2025\/11\/050-9.jpg 300w, https:\/\/ulifeneed.com\/wp-content\/uploads\/2025\/11\/050-9-150x150.jpg 150w, https:\/\/ulifeneed.com\/wp-content\/uploads\/2025\/11\/050-9-100x100.jpg 100w\" sizes=\"(max-width: 300px) 100vw, 300px\" \/>\n<img decoding=\"async\" width=\"768\" height=\"768\" src=\"https:\/\/ulifeneed.com\/wp-content\/uploads\/2025\/11\/050-4-1-768x768.jpg\" class=\"attachment-medium_large size-medium_large\" alt=\"\" ids=\"1226,1221,1222,1223,1233,1232,1231,1230,1224\" size=\"medium_large\" columns=\"3\" link=\"none\" orderby=\"post__in\" include=\"1226,1221,1222,1223,1233,1232,1231,1230,1224\" srcset=\"https:\/\/ulifeneed.com\/wp-content\/uploads\/2025\/11\/050-4-1-768x768.jpg 768w, https:\/\/ulifeneed.com\/wp-content\/uploads\/2025\/11\/050-4-1-300x300.jpg 300w, https:\/\/ulifeneed.com\/wp-content\/uploads\/2025\/11\/050-4-1-150x150.jpg 150w, https:\/\/ulifeneed.com\/wp-content\/uploads\/2025\/11\/050-4-1-600x600.jpg 600w, https:\/\/ulifeneed.com\/wp-content\/uploads\/2025\/11\/050-4-1-100x100.jpg 100w, https:\/\/ulifeneed.com\/wp-content\/uploads\/2025\/11\/050-4-1.jpg 1000w\" sizes=\"(max-width: 768px) 100vw, 768px\" \/>\n<img decoding=\"async\" width=\"768\" height=\"768\" src=\"https:\/\/ulifeneed.com\/wp-content\/uploads\/2025\/11\/050-5-768x768.jpg\" class=\"attachment-medium_large size-medium_large\" alt=\"\" ids=\"1226,1221,1222,1223,1233,1232,1231,1230,1224\" size=\"medium_large\" columns=\"3\" link=\"none\" orderby=\"post__in\" include=\"1226,1221,1222,1223,1233,1232,1231,1230,1224\" srcset=\"https:\/\/ulifeneed.com\/wp-content\/uploads\/2025\/11\/050-5-768x768.jpg 768w, https:\/\/ulifeneed.com\/wp-content\/uploads\/2025\/11\/050-5-300x300.jpg 300w, https:\/\/ulifeneed.com\/wp-content\/uploads\/2025\/11\/050-5-150x150.jpg 150w, https:\/\/ulifeneed.com\/wp-content\/uploads\/2025\/11\/050-5-600x600.jpg 600w, https:\/\/ulifeneed.com\/wp-content\/uploads\/2025\/11\/050-5-100x100.jpg 100w, https:\/\/ulifeneed.com\/wp-content\/uploads\/2025\/11\/050-5.jpg 1000w\" sizes=\"(max-width: 768px) 100vw, 768px\" \/>\n<img loading=\"lazy\" decoding=\"async\" width=\"768\" height=\"768\" src=\"https:\/\/ulifeneed.com\/wp-content\/uploads\/2025\/11\/050-6-768x768.jpg\" class=\"attachment-medium_large size-medium_large\" alt=\"\" ids=\"1226,1221,1222,1223,1233,1232,1231,1230,1224\" size=\"medium_large\" columns=\"3\" link=\"none\" orderby=\"post__in\" include=\"1226,1221,1222,1223,1233,1232,1231,1230,1224\" srcset=\"https:\/\/ulifeneed.com\/wp-content\/uploads\/2025\/11\/050-6-768x768.jpg 768w, https:\/\/ulifeneed.com\/wp-content\/uploads\/2025\/11\/050-6-300x300.jpg 300w, https:\/\/ulifeneed.com\/wp-content\/uploads\/2025\/11\/050-6-150x150.jpg 150w, https:\/\/ulifeneed.com\/wp-content\/uploads\/2025\/11\/050-6-600x600.jpg 600w, https:\/\/ulifeneed.com\/wp-content\/uploads\/2025\/11\/050-6-100x100.jpg 100w, https:\/\/ulifeneed.com\/wp-content\/uploads\/2025\/11\/050-6.jpg 1000w\" sizes=\"(max-width: 768px) 100vw, 768px\" \/>\n<img loading=\"lazy\" decoding=\"async\" width=\"300\" height=\"300\" src=\"https:\/\/ulifeneed.com\/wp-content\/uploads\/2025\/11\/050-16.jpg\" class=\"attachment-medium_large size-medium_large\" alt=\"\" ids=\"1226,1221,1222,1223,1233,1232,1231,1230,1224\" size=\"medium_large\" columns=\"3\" link=\"none\" orderby=\"post__in\" include=\"1226,1221,1222,1223,1233,1232,1231,1230,1224\" srcset=\"https:\/\/ulifeneed.com\/wp-content\/uploads\/2025\/11\/050-16.jpg 300w, https:\/\/ulifeneed.com\/wp-content\/uploads\/2025\/11\/050-16-150x150.jpg 150w, https:\/\/ulifeneed.com\/wp-content\/uploads\/2025\/11\/050-16-100x100.jpg 100w\" sizes=\"(max-width: 300px) 100vw, 300px\" \/>\n<img loading=\"lazy\" decoding=\"async\" width=\"300\" height=\"300\" src=\"https:\/\/ulifeneed.com\/wp-content\/uploads\/2025\/11\/050-15.jpg\" class=\"attachment-medium_large size-medium_large\" alt=\"\" ids=\"1226,1221,1222,1223,1233,1232,1231,1230,1224\" size=\"medium_large\" columns=\"3\" link=\"none\" orderby=\"post__in\" include=\"1226,1221,1222,1223,1233,1232,1231,1230,1224\" srcset=\"https:\/\/ulifeneed.com\/wp-content\/uploads\/2025\/11\/050-15.jpg 300w, https:\/\/ulifeneed.com\/wp-content\/uploads\/2025\/11\/050-15-150x150.jpg 150w, https:\/\/ulifeneed.com\/wp-content\/uploads\/2025\/11\/050-15-100x100.jpg 100w\" sizes=\"(max-width: 300px) 100vw, 300px\" \/>\n<img loading=\"lazy\" decoding=\"async\" width=\"300\" height=\"300\" src=\"https:\/\/ulifeneed.com\/wp-content\/uploads\/2025\/11\/050-14.jpg\" class=\"attachment-medium_large size-medium_large\" alt=\"\" ids=\"1226,1221,1222,1223,1233,1232,1231,1230,1224\" size=\"medium_large\" columns=\"3\" link=\"none\" orderby=\"post__in\" include=\"1226,1221,1222,1223,1233,1232,1231,1230,1224\" srcset=\"https:\/\/ulifeneed.com\/wp-content\/uploads\/2025\/11\/050-14.jpg 300w, https:\/\/ulifeneed.com\/wp-content\/uploads\/2025\/11\/050-14-150x150.jpg 150w, https:\/\/ulifeneed.com\/wp-content\/uploads\/2025\/11\/050-14-100x100.jpg 100w\" sizes=\"(max-width: 300px) 100vw, 300px\" \/>\n<img loading=\"lazy\" decoding=\"async\" width=\"300\" height=\"300\" src=\"https:\/\/ulifeneed.com\/wp-content\/uploads\/2025\/11\/050-13.jpg\" class=\"attachment-medium_large size-medium_large\" alt=\"\" ids=\"1226,1221,1222,1223,1233,1232,1231,1230,1224\" size=\"medium_large\" columns=\"3\" link=\"none\" orderby=\"post__in\" include=\"1226,1221,1222,1223,1233,1232,1231,1230,1224\" srcset=\"https:\/\/ulifeneed.com\/wp-content\/uploads\/2025\/11\/050-13.jpg 300w, https:\/\/ulifeneed.com\/wp-content\/uploads\/2025\/11\/050-13-150x150.jpg 150w, https:\/\/ulifeneed.com\/wp-content\/uploads\/2025\/11\/050-13-100x100.jpg 100w\" sizes=\"(max-width: 300px) 100vw, 300px\" \/>\n<img loading=\"lazy\" decoding=\"async\" width=\"768\" height=\"768\" src=\"https:\/\/ulifeneed.com\/wp-content\/uploads\/2025\/11\/050-7-768x768.jpg\" class=\"attachment-medium_large size-medium_large\" alt=\"\" ids=\"1226,1221,1222,1223,1233,1232,1231,1230,1224\" size=\"medium_large\" columns=\"3\" link=\"none\" orderby=\"post__in\" include=\"1226,1221,1222,1223,1233,1232,1231,1230,1224\" srcset=\"https:\/\/ulifeneed.com\/wp-content\/uploads\/2025\/11\/050-7-768x768.jpg 768w, https:\/\/ulifeneed.com\/wp-content\/uploads\/2025\/11\/050-7-300x300.jpg 300w, https:\/\/ulifeneed.com\/wp-content\/uploads\/2025\/11\/050-7-150x150.jpg 150w, https:\/\/ulifeneed.com\/wp-content\/uploads\/2025\/11\/050-7-600x600.jpg 600w, https:\/\/ulifeneed.com\/wp-content\/uploads\/2025\/11\/050-7-100x100.jpg 100w, https:\/\/ulifeneed.com\/wp-content\/uploads\/2025\/11\/050-7.jpg 1000w\" sizes=\"(max-width: 768px) 100vw, 768px\" \/>\n\t\t<\/div>\n\t\t\t\t\t\t<\/div>\n\t\t\t\t<\/div>\n\t\t\t\t\t<\/div>\n\t\t\t\t<\/div>\n\t\t<div class=\"elementor-element elementor-element-48b475b e-flex e-con-boxed e-con e-parent\" data-id=\"48b475b\" data-element_type=\"container\" data-e-type=\"container\">\n\t\t\t\t\t<div class=\"e-con-inner\">\n\t\t\t\t<div class=\"elementor-element elementor-element-0f74b56 elementor-widget elementor-widget-text-editor\" data-id=\"0f74b56\" data-element_type=\"widget\" data-e-type=\"widget\" data-widget_type=\"text-editor.default\">\n\t\t\t\t<div class=\"elementor-widget-container\">\n\t\t\t\t\t\t\t\t\t<p><strong>---Tradition und Individualit\u00e4t---<\/strong><br \/>Die traditionelle und schlichte schwarze Farbe steht im Einklang mit der zur\u00fcckhaltenden Gestaltung des B\u00fcros, und das einzigartige geschwungene Aussehen unterstreicht Ihren einzigartigen Geschmack. Lassen Sie Ihre einzigartige Pers\u00f6nlichkeit im B\u00fcro zur Geltung kommen und seien Sie anders.<\/p><p><strong>---2.4G Drahtlose Verbindung---<\/strong><br \/>Mit 2.4G Anti-Jamming-Signal\u00fcbertragung, wenn die Batterie ausreichend ist, ist die l\u00e4ngste Entfernung in offener Umgebung bis zu 10M\/33FT. .<\/p><p><strong>---12 Monate Batterielebensdauer---<\/strong><br \/>Die Tastatur wird mit einer einzigen AAA-Batterie betrieben und verf\u00fcgt \u00fcber einen unabh\u00e4ngigen Kippschalter an der Vorderseite der Tastatur, der sich nach 10 Minuten automatisch abschaltet.<\/p><p><strong>----Genie\u00dfen Sie den leisen Klick----<\/strong><br \/>Die einzigartige Struktur der Tastatur kann die Lautst\u00e4rke der Tasten stark reduzieren, und die Percussion ist leiser. Machen Sie sich keine Sorgen, andere zu st\u00f6ren.<\/p><p><strong>--Komfortabler 3 mm Tastenweg--<\/strong><br \/>3 mm Tastenweg - komfortablerer Rebound, bessere R\u00fcckmeldung, keine klemmende oder verbundene Taste.<\/p><p><strong>---Spritzwassergesch\u00fctzte Funktion---<\/strong><br \/>Wenn Sie versehentlich Wasser aus der Teetasse auf die Tastatur versch\u00fctten, wischen Sie es einfach vorsichtig mit einem Papiertuch ab.<\/p>\t\t\t\t\t\t\t\t<\/div>\n\t\t\t\t<\/div>\n\t\t\t\t\t<\/div>\n\t\t\t\t<\/div>\n\t\t<div class=\"elementor-element elementor-element-8c190bd e-flex e-con-boxed e-con e-parent\" data-id=\"8c190bd\" data-element_type=\"container\" data-e-type=\"container\">\n\t\t\t\t\t<div class=\"e-con-inner\">\n\t\t\t\t<div class=\"elementor-element elementor-element-631cdb7 elementor-widget elementor-widget-image-gallery\" data-id=\"631cdb7\" data-element_type=\"widget\" data-e-type=\"widget\" data-widget_type=\"image-gallery.default\">\n\t\t\t\t<div class=\"elementor-widget-container\">\n\t\t\t\t\t\t\t<div class=\"elementor-image-gallery\">\n\t\t\t\n<img loading=\"lazy\" decoding=\"async\" width=\"1000\" height=\"618\" src=\"https:\/\/ulifeneed.com\/wp-content\/uploads\/2025\/11\/050-12.jpg\" class=\"attachment-full size-full\" alt=\"\" ids=\"1229,1228,1225\" size=\"full\" columns=\"1\" link=\"none\" orderby=\"post__in\" include=\"1229,1228,1225\" srcset=\"https:\/\/ulifeneed.com\/wp-content\/uploads\/2025\/11\/050-12.jpg 1000w, https:\/\/ulifeneed.com\/wp-content\/uploads\/2025\/11\/050-12-300x185.jpg 300w, https:\/\/ulifeneed.com\/wp-content\/uploads\/2025\/11\/050-12-768x475.jpg 768w, https:\/\/ulifeneed.com\/wp-content\/uploads\/2025\/11\/050-12-600x371.jpg 600w\" sizes=\"(max-width: 1000px) 100vw, 1000px\" \/>\n<img loading=\"lazy\" decoding=\"async\" width=\"1000\" height=\"618\" src=\"https:\/\/ulifeneed.com\/wp-content\/uploads\/2025\/11\/050-11.jpg\" class=\"attachment-full size-full\" alt=\"\" ids=\"1229,1228,1225\" size=\"full\" columns=\"1\" link=\"none\" orderby=\"post__in\" include=\"1229,1228,1225\" srcset=\"https:\/\/ulifeneed.com\/wp-content\/uploads\/2025\/11\/050-11.jpg 1000w, https:\/\/ulifeneed.com\/wp-content\/uploads\/2025\/11\/050-11-300x185.jpg 300w, https:\/\/ulifeneed.com\/wp-content\/uploads\/2025\/11\/050-11-768x475.jpg 768w, https:\/\/ulifeneed.com\/wp-content\/uploads\/2025\/11\/050-11-600x371.jpg 600w\" sizes=\"(max-width: 1000px) 100vw, 1000px\" \/>\n<img loading=\"lazy\" decoding=\"async\" width=\"1000\" height=\"618\" src=\"https:\/\/ulifeneed.com\/wp-content\/uploads\/2025\/11\/050-8.jpg\" class=\"attachment-full size-full\" alt=\"\" ids=\"1229,1228,1225\" size=\"full\" columns=\"1\" link=\"none\" orderby=\"post__in\" include=\"1229,1228,1225\" srcset=\"https:\/\/ulifeneed.com\/wp-content\/uploads\/2025\/11\/050-8.jpg 1000w, https:\/\/ulifeneed.com\/wp-content\/uploads\/2025\/11\/050-8-300x185.jpg 300w, https:\/\/ulifeneed.com\/wp-content\/uploads\/2025\/11\/050-8-768x475.jpg 768w, https:\/\/ulifeneed.com\/wp-content\/uploads\/2025\/11\/050-8-600x371.jpg 600w\" sizes=\"(max-width: 1000px) 100vw, 1000px\" \/>\n\t\t<\/div>\n\t\t\t\t\t\t<\/div>\n\t\t\t\t<\/div>\n\t\t\t\t\t<\/div>\n\t\t\t\t<\/div>\n\t\t<div class=\"elementor-element elementor-element-a3baa69 e-flex e-con-boxed e-con e-parent\" data-id=\"a3baa69\" data-element_type=\"container\" data-e-type=\"container\">\n\t\t\t\t\t<div class=\"e-con-inner\">\n\t\t\t\t<div class=\"elementor-element elementor-element-b56ecaa elementor-widget elementor-widget-text-editor\" data-id=\"b56ecaa\" data-element_type=\"widget\" data-e-type=\"widget\" data-widget_type=\"text-editor.default\">\n\t\t\t\t<div class=\"elementor-widget-container\">\n\t\t\t\t\t\t\t\t\t<h2>L\u00d6SUNG F\u00dcR VERBINDUNGSABBR\u00dcCHE<\/h2><p>Nehmen Sie die AAA-Batterie aus der Tastatur und den USB-Empf\u00e4nger aus dem Computer.<br \/>Legen Sie die Batterie wieder in die Tastatur ein und schlie\u00dfen Sie den USB-Empf\u00e4nger an Ihren Computer an.<br \/>Halten Sie einen Abstand von 20 cm zwischen dem USB-Empf\u00e4nger und der Tastatur ein und dr\u00fccken Sie die Tasten \u201cEsc\u201d + \u201cK\u201d, um die Verbindung zu reparieren.<br \/>Wenn die Tastatur dann immer noch nicht funktioniert, teilen Sie uns dies bitte mit und wir werden Ihnen eine zufriedenstellende Antwort geben.<\/p>\t\t\t\t\t\t\t\t<\/div>\n\t\t\t\t<\/div>\n\t\t\t\t\t<\/div>\n\t\t\t\t<\/div>\n\t\t\t\t<\/div>","protected":false},"excerpt":{"rendered":"<h2>MK98 Kabellose Tastatur, 2.4G Ergonomisch, Computertastatur, Vergr\u00f6\u00dferte Anzeigeleuchte, Full Size PC-Tastatur mit numerischem Tastenfeld f\u00fcr Laptop, Desktop, Surface, Chromebook, Notebook, Schwarz<\/h2>\n<p>Kompatible Ger\u00e4te: Desktop, Laptop, PC, Oberfl\u00e4che<br \/>\nKonnektivit\u00e4tstechnologie: 2.4G drahtlose Technologie mit USB-Empf\u00e4nger<br \/>\nTastatur Beschreibung: Multimedia<br \/>\nEmpfohlene Verwendung f\u00fcr das Produkt: Pers\u00f6nlich<br \/>\nBesonderes Merkmal: leise<br \/>\nFarbe: Schwarz<br \/>\nStil: Modern Simplicity Wireless Keyboard<br \/>\nProdukt Abmessungen: 17.36\u2033L x 6.02\u2033W x 0.94\u2033H<br \/>\nEnthaltene Komponenten: USB-Kabel<\/p>","protected":false},"featured_media":1217,"comment_status":"open","ping_status":"closed","template":"","meta":{"site-sidebar-layout":"no-sidebar","site-content-layout":"page-builder","ast-site-content-layout":"normal-width-container","site-content-style":"default","site-sidebar-style":"default","ast-global-header-display":"","ast-banner-title-visibility":"","ast-main-header-display":"","ast-hfb-above-header-display":"","ast-hfb-below-header-display":"","ast-hfb-mobile-header-display":"","site-post-title":"","ast-breadcrumbs-content":"","ast-featured-img":"disabled","footer-sml-layout":"","theme-transparent-header-meta":"default","adv-header-id-meta":"","stick-header-meta":"","header-above-stick-meta":"","header-main-stick-meta":"","header-below-stick-meta":"","astra-migrate-meta-layouts":"set","ast-page-background-enabled":"default","ast-page-background-meta":{"desktop":{"background-color":"","background-image":"","background-repeat":"repeat","background-position":"center center","background-size":"auto","background-attachment":"scroll","background-type":"","background-media":"","overlay-type":"","overlay-color":"","overlay-opacity":"","overlay-gradient":""},"tablet":{"background-color":"","background-image":"","background-repeat":"repeat","background-position":"center center","background-size":"auto","background-attachment":"scroll","background-type":"","background-media":"","overlay-type":"","overlay-color":"","overlay-opacity":"","overlay-gradient":""},"mobile":{"background-color":"","background-image":"","background-repeat":"repeat","background-position":"center center","background-size":"auto","background-attachment":"scroll","background-type":"","background-media":"","overlay-type":"","overlay-color":"","overlay-opacity":"","overlay-gradient":""}},"ast-content-background-meta":{"desktop":{"background-color":"var(--ast-global-color-5)","background-image":"","background-repeat":"repeat","background-position":"center center","background-size":"auto","background-attachment":"scroll","background-type":"","background-media":"","overlay-type":"","overlay-color":"","overlay-opacity":"","overlay-gradient":""},"tablet":{"background-color":"var(--ast-global-color-5)","background-image":"","background-repeat":"repeat","background-position":"center center","background-size":"auto","background-attachment":"scroll","background-type":"","background-media":"","overlay-type":"","overlay-color":"","overlay-opacity":"","overlay-gradient":""},"mobile":{"background-color":"var(--ast-global-color-5)","background-image":"","background-repeat":"repeat","background-position":"center center","background-size":"auto","background-attachment":"scroll","background-type":"","background-media":"","overlay-type":"","overlay-color":"","overlay-opacity":"","overlay-gradient":""}}},"product_brand":[],"product_cat":[32,15],"product_tag":[],"class_list":{"0":"post-1216","1":"product","2":"type-product","3":"status-publish","4":"has-post-thumbnail","6":"product_cat-computer-keyboards","7":"product_cat-3c-electronic-products","8":"desktop-align-left","9":"tablet-align-left","10":"mobile-align-left","12":"first","13":"instock","14":"sale","15":"shipping-taxable","16":"purchasable","17":"product-type-simple"},"_links":{"self":[{"href":"https:\/\/ulifeneed.com\/de\/wp-json\/wp\/v2\/product\/1216","targetHints":{"allow":["GET"]}}],"collection":[{"href":"https:\/\/ulifeneed.com\/de\/wp-json\/wp\/v2\/product"}],"about":[{"href":"https:\/\/ulifeneed.com\/de\/wp-json\/wp\/v2\/types\/product"}],"replies":[{"embeddable":true,"href":"https:\/\/ulifeneed.com\/de\/wp-json\/wp\/v2\/comments?post=1216"}],"version-history":[{"count":6,"href":"https:\/\/ulifeneed.com\/de\/wp-json\/wp\/v2\/product\/1216\/revisions"}],"predecessor-version":[{"id":1512,"href":"https:\/\/ulifeneed.com\/de\/wp-json\/wp\/v2\/product\/1216\/revisions\/1512"}],"wp:featuredmedia":[{"embeddable":true,"href":"https:\/\/ulifeneed.com\/de\/wp-json\/wp\/v2\/media\/1217"}],"wp:attachment":[{"href":"https:\/\/ulifeneed.com\/de\/wp-json\/wp\/v2\/media?parent=1216"}],"wp:term":[{"taxonomy":"product_brand","embeddable":true,"href":"https:\/\/ulifeneed.com\/de\/wp-json\/wp\/v2\/product_brand?post=1216"},{"taxonomy":"product_cat","embeddable":true,"href":"https:\/\/ulifeneed.com\/de\/wp-json\/wp\/v2\/product_cat?post=1216"},{"taxonomy":"product_tag","embeddable":true,"href":"https:\/\/ulifeneed.com\/de\/wp-json\/wp\/v2\/product_tag?post=1216"}],"curies":[{"name":"wp","href":"https:\/\/api.w.org\/{rel}","templated":true}]}}