{"id":1147,"date":"2025-11-07T07:19:28","date_gmt":"2025-11-07T07:19:28","guid":{"rendered":"https:\/\/ulifeneed.com\/?post_type=product&#038;p=1147"},"modified":"2025-11-28T04:50:25","modified_gmt":"2025-11-28T04:50:25","slug":"rk907-ultraflache-kompakte-kabelgebundene-usb-tastatur-fur-mac","status":"publish","type":"product","link":"https:\/\/ulifeneed.com\/de\/product\/rk907-ultra-slim-compact-usb-wired-keyboard-for-mac\/","title":{"rendered":"RK907 Ultraflache, kompakte, kabelgebundene USB-Tastatur f\u00fcr Mac und PC, Windows 10\/8 \/ 7 \/ Vista\/XP (Schwarz)"},"content":{"rendered":"<div data-elementor-type=\"wp-post\" data-elementor-id=\"1147\" class=\"elementor elementor-1147\">\n\t\t\t\t<div class=\"elementor-element elementor-element-7ab7465 e-flex e-con-boxed e-con e-parent\" data-id=\"7ab7465\" data-element_type=\"container\" data-e-type=\"container\">\n\t\t\t\t\t<div class=\"e-con-inner\">\n\t\t\t\t<div class=\"elementor-element elementor-element-01349a5 elementor-widget elementor-widget-text-editor\" data-id=\"01349a5\" data-element_type=\"widget\" data-e-type=\"widget\" data-widget_type=\"text-editor.default\">\n\t\t\t\t<div class=\"elementor-widget-container\">\n\t\t\t\t\t\t\t\t\t<p>Ein Plug-and-Play-USB-Anschluss mit Low-Profile-Tasten sorgt f\u00fcr ein leises, komfortables Tippen<\/p><p>Einfache kabelgebundene USB-Verbindung, Sie werden ein komfortables und leises Tippen genie\u00dfen<\/p><p>Die Tastatur f\u00fcr Gesch\u00e4fts- und B\u00fcroarbeiten ist eine preisg\u00fcnstige Tastatur, die f\u00fcr eine l\u00e4ngere Nutzung ausgelegt ist.<\/p><p>Tasten mit niedrigem Profil f\u00fcr einen komfortablen und leisen Tastenanschlag, Desktop-zentriertes Design, spritzwassergesch\u00fctzt<\/p>\t\t\t\t\t\t\t\t<\/div>\n\t\t\t\t<\/div>\n\t\t\t\t\t<\/div>\n\t\t\t\t<\/div>\n\t\t<div class=\"elementor-element elementor-element-86893d4 e-flex e-con-boxed e-con e-parent\" data-id=\"86893d4\" data-element_type=\"container\" data-e-type=\"container\">\n\t\t\t\t\t<div class=\"e-con-inner\">\n\t\t\t\t<div class=\"elementor-element elementor-element-8714e9f elementor-widget elementor-widget-image-gallery\" data-id=\"8714e9f\" data-element_type=\"widget\" data-e-type=\"widget\" data-widget_type=\"image-gallery.default\">\n\t\t\t\t<div class=\"elementor-widget-container\">\n\t\t\t\t\t\t\t<div class=\"elementor-image-gallery\">\n\t\t\t<div id='gallery-1' class='gallery galleryid-1147 gallery-columns-3 gallery-size-medium_large'><figure class='gallery-item'>\n\t\t\t<div class='gallery-icon landscape'>\n\t\t\t\t<img fetchpriority=\"high\" decoding=\"async\" width=\"300\" height=\"300\" src=\"https:\/\/ulifeneed.com\/wp-content\/uploads\/2025\/11\/038-12.jpg\" class=\"attachment-medium_large size-medium_large\" alt=\"\" srcset=\"https:\/\/ulifeneed.com\/wp-content\/uploads\/2025\/11\/038-12.jpg 300w, https:\/\/ulifeneed.com\/wp-content\/uploads\/2025\/11\/038-12-150x150.jpg 150w, https:\/\/ulifeneed.com\/wp-content\/uploads\/2025\/11\/038-12-100x100.jpg 100w\" sizes=\"(max-width: 300px) 100vw, 300px\" \/>\n\t\t\t<\/div><\/figure><figure class='gallery-item'>\n\t\t\t<div class='gallery-icon landscape'>\n\t\t\t\t<img decoding=\"async\" width=\"300\" height=\"300\" src=\"https:\/\/ulifeneed.com\/wp-content\/uploads\/2025\/11\/038-11.jpg\" class=\"attachment-medium_large size-medium_large\" alt=\"\" srcset=\"https:\/\/ulifeneed.com\/wp-content\/uploads\/2025\/11\/038-11.jpg 300w, https:\/\/ulifeneed.com\/wp-content\/uploads\/2025\/11\/038-11-150x150.jpg 150w, https:\/\/ulifeneed.com\/wp-content\/uploads\/2025\/11\/038-11-100x100.jpg 100w\" sizes=\"(max-width: 300px) 100vw, 300px\" \/>\n\t\t\t<\/div><\/figure><figure class='gallery-item'>\n\t\t\t<div class='gallery-icon landscape'>\n\t\t\t\t<img decoding=\"async\" width=\"768\" height=\"768\" src=\"https:\/\/ulifeneed.com\/wp-content\/uploads\/2025\/11\/038-6-768x768.jpg\" class=\"attachment-medium_large size-medium_large\" alt=\"\" aria-describedby=\"gallery-1-1153\" srcset=\"https:\/\/ulifeneed.com\/wp-content\/uploads\/2025\/11\/038-6-768x768.jpg 768w, https:\/\/ulifeneed.com\/wp-content\/uploads\/2025\/11\/038-6-300x300.jpg 300w, https:\/\/ulifeneed.com\/wp-content\/uploads\/2025\/11\/038-6-150x150.jpg 150w, https:\/\/ulifeneed.com\/wp-content\/uploads\/2025\/11\/038-6-600x600.jpg 600w, https:\/\/ulifeneed.com\/wp-content\/uploads\/2025\/11\/038-6-100x100.jpg 100w, https:\/\/ulifeneed.com\/wp-content\/uploads\/2025\/11\/038-6.jpg 1000w\" sizes=\"(max-width: 768px) 100vw, 768px\" \/>\n\t\t\t<\/div>\n\t\t\t\t<figcaption class='wp-caption-text gallery-caption' id='gallery-1-1153'>\n\t\t\t\tVersion 1.0.0\n\t\t\t\t<\/figcaption><\/figure>\n\t\t<\/div>\n\t\t<\/div>\n\t\t\t\t\t\t<\/div>\n\t\t\t\t<\/div>\n\t\t\t\t\t<\/div>\n\t\t\t\t<\/div>\n\t\t<div class=\"elementor-element elementor-element-48b475b e-flex e-con-boxed e-con e-parent\" data-id=\"48b475b\" data-element_type=\"container\" data-e-type=\"container\">\n\t\t\t\t\t<div class=\"e-con-inner\">\n\t\t\t\t<div class=\"elementor-element elementor-element-0f74b56 elementor-widget elementor-widget-text-editor\" data-id=\"0f74b56\" data-element_type=\"widget\" data-e-type=\"widget\" data-widget_type=\"text-editor.default\">\n\t\t\t\t<div class=\"elementor-widget-container\">\n\t\t\t\t\t\t\t\t\t<h2>Ultrad\u00fcnnes Design mit langlebigen Tastenkappen (USB-Kabeltastatur)<\/h2><p>Ultrad\u00fcnnes Design mit langlebigen Tastenkappen<\/p><p>Getestet \u00fcber 10.000.000 Anschl\u00e4ge<\/p><p>Die robuste Konstruktion mit soliden Tastenkappen sorgt f\u00fcr Langlebigkeit bei starker Beanspruchung.<\/p><p>Komfortable, flache Tasten und ein Standard-PC-Tastatur-Layout mit Full-Size-Design erm\u00f6glichen leises, bequemes und effizientes Tippen - ideal f\u00fcr Arbeit und Spiele.<\/p><h2>Plug-and-Play-USB-Kabeltastatur<\/h2><p>Keine Software erforderlich. Schlie\u00dfen Sie einfach das USB-Kabel an und Ihre USB-Tastatur ist einsatzbereit.<\/p><p>Schlie\u00dfen Sie die Tastatur einfach an den USB-Anschluss Ihres PCs an und beginnen Sie mit dem angenehmen Tippen<\/p>\t\t\t\t\t\t\t\t<\/div>\n\t\t\t\t<\/div>\n\t\t\t\t\t<\/div>\n\t\t\t\t<\/div>\n\t\t<div class=\"elementor-element elementor-element-8c190bd e-flex e-con-boxed e-con e-parent\" data-id=\"8c190bd\" data-element_type=\"container\" data-e-type=\"container\">\n\t\t\t\t\t<div class=\"e-con-inner\">\n\t\t\t\t<div class=\"elementor-element elementor-element-631cdb7 elementor-widget elementor-widget-image-gallery\" data-id=\"631cdb7\" data-element_type=\"widget\" data-e-type=\"widget\" data-widget_type=\"image-gallery.default\">\n\t\t\t\t<div class=\"elementor-widget-container\">\n\t\t\t\t\t\t\t<div class=\"elementor-image-gallery\">\n\t\t\t<div id='gallery-2' class='gallery galleryid-1147 gallery-columns-1 gallery-size-full'><figure class='gallery-item'>\n\t\t\t<div class='gallery-icon landscape'>\n\t\t\t\t<img loading=\"lazy\" decoding=\"async\" width=\"1000\" height=\"309\" src=\"https:\/\/ulifeneed.com\/wp-content\/uploads\/2025\/11\/038-8.jpg\" class=\"attachment-full size-full\" alt=\"\" srcset=\"https:\/\/ulifeneed.com\/wp-content\/uploads\/2025\/11\/038-8.jpg 1000w, https:\/\/ulifeneed.com\/wp-content\/uploads\/2025\/11\/038-8-300x93.jpg 300w, https:\/\/ulifeneed.com\/wp-content\/uploads\/2025\/11\/038-8-768x237.jpg 768w, https:\/\/ulifeneed.com\/wp-content\/uploads\/2025\/11\/038-8-600x185.jpg 600w\" sizes=\"(max-width: 1000px) 100vw, 1000px\" \/>\n\t\t\t<\/div><\/figure><figure class='gallery-item'>\n\t\t\t<div class='gallery-icon landscape'>\n\t\t\t\t<img loading=\"lazy\" decoding=\"async\" width=\"1000\" height=\"309\" src=\"https:\/\/ulifeneed.com\/wp-content\/uploads\/2025\/11\/038-9.jpg\" class=\"attachment-full size-full\" alt=\"\" srcset=\"https:\/\/ulifeneed.com\/wp-content\/uploads\/2025\/11\/038-9.jpg 1000w, https:\/\/ulifeneed.com\/wp-content\/uploads\/2025\/11\/038-9-300x93.jpg 300w, https:\/\/ulifeneed.com\/wp-content\/uploads\/2025\/11\/038-9-768x237.jpg 768w, https:\/\/ulifeneed.com\/wp-content\/uploads\/2025\/11\/038-9-600x185.jpg 600w\" sizes=\"(max-width: 1000px) 100vw, 1000px\" \/>\n\t\t\t<\/div><\/figure><figure class='gallery-item'>\n\t\t\t<div class='gallery-icon landscape'>\n\t\t\t\t<img loading=\"lazy\" decoding=\"async\" width=\"1000\" height=\"309\" src=\"https:\/\/ulifeneed.com\/wp-content\/uploads\/2025\/11\/038-10.jpg\" class=\"attachment-full size-full\" alt=\"\" srcset=\"https:\/\/ulifeneed.com\/wp-content\/uploads\/2025\/11\/038-10.jpg 1000w, https:\/\/ulifeneed.com\/wp-content\/uploads\/2025\/11\/038-10-300x93.jpg 300w, https:\/\/ulifeneed.com\/wp-content\/uploads\/2025\/11\/038-10-768x237.jpg 768w, https:\/\/ulifeneed.com\/wp-content\/uploads\/2025\/11\/038-10-600x185.jpg 600w\" sizes=\"(max-width: 1000px) 100vw, 1000px\" \/>\n\t\t\t<\/div><\/figure>\n\t\t<\/div>\n\t\t<\/div>\n\t\t\t\t\t\t<\/div>\n\t\t\t\t<\/div>\n\t\t\t\t\t<\/div>\n\t\t\t\t<\/div>\n\t\t\t\t<\/div>","protected":false},"excerpt":{"rendered":"<h2>RK907 Ultraflache, kompakte, kabelgebundene USB-Tastatur f\u00fcr Mac und PC, Windows 10\/8 \/ 7 \/ Vista\/XP (Schwarz)<\/h2>\n<p>Kompatible Ger\u00e4te: Laptop, PC, Tablet<br \/>\nKonnektivit\u00e4tstechnologie: USB-A<br \/>\nTastatur Beschreibung: Multimedia<br \/>\nEmpfohlene Verwendungszwecke f\u00fcr das Produkt: B\u00fcro<br \/>\nBesonderes Merkmal: Ergonomisch<br \/>\nFarbe: RK907-1Pcs<br \/>\nStil: Klassisch<br \/>\nProdukt Abmessungen: 13.98\u2033L x 4.42\u2033W x 0.65\u2033H<br \/>\nMaterial: Kunststoff<\/p>","protected":false},"featured_media":1148,"comment_status":"open","ping_status":"closed","template":"","meta":{"site-sidebar-layout":"no-sidebar","site-content-layout":"page-builder","ast-site-content-layout":"normal-width-container","site-content-style":"default","site-sidebar-style":"default","ast-global-header-display":"","ast-banner-title-visibility":"","ast-main-header-display":"","ast-hfb-above-header-display":"","ast-hfb-below-header-display":"","ast-hfb-mobile-header-display":"","site-post-title":"","ast-breadcrumbs-content":"","ast-featured-img":"disabled","footer-sml-layout":"","theme-transparent-header-meta":"default","adv-header-id-meta":"","stick-header-meta":"","header-above-stick-meta":"","header-main-stick-meta":"","header-below-stick-meta":"","astra-migrate-meta-layouts":"set","ast-page-background-enabled":"default","ast-page-background-meta":{"desktop":{"background-color":"","background-image":"","background-repeat":"repeat","background-position":"center center","background-size":"auto","background-attachment":"scroll","background-type":"","background-media":"","overlay-type":"","overlay-color":"","overlay-opacity":"","overlay-gradient":""},"tablet":{"background-color":"","background-image":"","background-repeat":"repeat","background-position":"center center","background-size":"auto","background-attachment":"scroll","background-type":"","background-media":"","overlay-type":"","overlay-color":"","overlay-opacity":"","overlay-gradient":""},"mobile":{"background-color":"","background-image":"","background-repeat":"repeat","background-position":"center center","background-size":"auto","background-attachment":"scroll","background-type":"","background-media":"","overlay-type":"","overlay-color":"","overlay-opacity":"","overlay-gradient":""}},"ast-content-background-meta":{"desktop":{"background-color":"var(--ast-global-color-5)","background-image":"","background-repeat":"repeat","background-position":"center center","background-size":"auto","background-attachment":"scroll","background-type":"","background-media":"","overlay-type":"","overlay-color":"","overlay-opacity":"","overlay-gradient":""},"tablet":{"background-color":"var(--ast-global-color-5)","background-image":"","background-repeat":"repeat","background-position":"center center","background-size":"auto","background-attachment":"scroll","background-type":"","background-media":"","overlay-type":"","overlay-color":"","overlay-opacity":"","overlay-gradient":""},"mobile":{"background-color":"var(--ast-global-color-5)","background-image":"","background-repeat":"repeat","background-position":"center center","background-size":"auto","background-attachment":"scroll","background-type":"","background-media":"","overlay-type":"","overlay-color":"","overlay-opacity":"","overlay-gradient":""}}},"product_brand":[],"product_cat":[15,32],"product_tag":[],"class_list":{"0":"post-1147","1":"product","2":"type-product","3":"status-publish","4":"has-post-thumbnail","6":"product_cat-3c-electronic-products","7":"product_cat-computer-keyboards","8":"desktop-align-left","9":"tablet-align-left","10":"mobile-align-left","12":"first","13":"instock","14":"sale","15":"shipping-taxable","16":"purchasable","17":"product-type-simple"},"_links":{"self":[{"href":"https:\/\/ulifeneed.com\/de\/wp-json\/wp\/v2\/product\/1147","targetHints":{"allow":["GET"]}}],"collection":[{"href":"https:\/\/ulifeneed.com\/de\/wp-json\/wp\/v2\/product"}],"about":[{"href":"https:\/\/ulifeneed.com\/de\/wp-json\/wp\/v2\/types\/product"}],"replies":[{"embeddable":true,"href":"https:\/\/ulifeneed.com\/de\/wp-json\/wp\/v2\/comments?post=1147"}],"version-history":[{"count":6,"href":"https:\/\/ulifeneed.com\/de\/wp-json\/wp\/v2\/product\/1147\/revisions"}],"predecessor-version":[{"id":1508,"href":"https:\/\/ulifeneed.com\/de\/wp-json\/wp\/v2\/product\/1147\/revisions\/1508"}],"wp:featuredmedia":[{"embeddable":true,"href":"https:\/\/ulifeneed.com\/de\/wp-json\/wp\/v2\/media\/1148"}],"wp:attachment":[{"href":"https:\/\/ulifeneed.com\/de\/wp-json\/wp\/v2\/media?parent=1147"}],"wp:term":[{"taxonomy":"product_brand","embeddable":true,"href":"https:\/\/ulifeneed.com\/de\/wp-json\/wp\/v2\/product_brand?post=1147"},{"taxonomy":"product_cat","embeddable":true,"href":"https:\/\/ulifeneed.com\/de\/wp-json\/wp\/v2\/product_cat?post=1147"},{"taxonomy":"product_tag","embeddable":true,"href":"https:\/\/ulifeneed.com\/de\/wp-json\/wp\/v2\/product_tag?post=1147"}],"curies":[{"name":"wp","href":"https:\/\/api.w.org\/{rel}","templated":true}]}}