{"id":1049,"date":"2025-11-07T05:58:21","date_gmt":"2025-11-07T05:58:21","guid":{"rendered":"https:\/\/ulifeneed.com\/?post_type=product&#038;p=1049"},"modified":"2025-11-28T04:49:44","modified_gmt":"2025-11-28T04:49:44","slug":"usb-c-zu-c-schnelles-ladekabel-10ft-lang-typ-c","status":"publish","type":"product","link":"https:\/\/ulifeneed.com\/de\/product\/usb-c-to-c-fast-charger-cable-10ft-long-type-c\/","title":{"rendered":"USB C zu C Schnellladekabel 10ft, Langes Typ C zu USB C Ladekabel f\u00fcr Apple iPhone 17 Pro Max\/17 Air\/16 Pro\/15 Plus,MacBook Pro 2021\/2020\/2019\/2018,iPad 12.9\/11 Zoll\/Mini\/Air,Samsung Galaxy"},"content":{"rendered":"<div data-elementor-type=\"wp-post\" data-elementor-id=\"1049\" class=\"elementor elementor-1049\">\n\t\t\t\t<div class=\"elementor-element elementor-element-7ab7465 e-flex e-con-boxed e-con e-parent\" data-id=\"7ab7465\" data-element_type=\"container\" data-e-type=\"container\">\n\t\t\t\t\t<div class=\"e-con-inner\">\n\t\t\t\t<div class=\"elementor-element elementor-element-01349a5 elementor-widget elementor-widget-text-editor\" data-id=\"01349a5\" data-element_type=\"widget\" data-e-type=\"widget\" data-widget_type=\"text-editor.default\">\n\t\t\t\t<div class=\"elementor-widget-container\">\n\t\t\t\t\t\t\t\t\t<p>\u3010Schnell und sicher\u3011Das hochwertige Kupferkabel verbessert die Lade- und Daten\u00fcbertragungsgeschwindigkeit. Genie\u00dfen Sie schnelle 3A Aufladung und 480Mbps Daten\u00fcbertragungsrate. Eingebauter \u00dcberspannungsschutz und strenge Qualit\u00e4tstests gew\u00e4hrleisten sicheres Laden von Apple-Ger\u00e4ten. Verhindern Sie \u00dcberhitzung und \u00dcberladung w\u00e4hrend des Ladevorgangs.<br \/>\u3010Built-in Smart Chip\u3011 Superschnelllade-USB-C-Kabel, eingebauter Smart Chip, der USB-PD-Schnellladung unterst\u00fctzt und umfassenden Schutz f\u00fcr Ger\u00e4teakku und Adapter bietet, halten Sie in Lichtgeschwindigkeit aufladen und sicher.<br \/>\u3010Super Haltbarkeit\u3011Das iPhone-Ladekabel verwendet hochwertige Materialien, die sicherstellen k\u00f6nnen, dass das Kabel 5-mal haltbarer ist als andere Kabel, und hat eine gute Flexibilit\u00e4t und keine Verwicklungen. Die Verwendung von Laserschwei\u00dftechnologie erh\u00f6ht die Lebensdauer und vermeidet das Risiko von Rissen oder anderen Sch\u00e4den. Es handelt sich um ein langlebiges Kabelpaket, das mehr als 20.000 Biegungen und mehr als 12.000 Mal wiederholtes Ausstecken \u00fcbersteht.<br \/>\u3010Universelle Kompatibilit\u00e4t\u3011: Unser USB-C zu USB-C Kabel bietet Hochgeschwindigkeitsladung f\u00fcr Type-C Smartphones, Tablets und Laptops, einschlie\u00dflich iPhone 17 Pro Max\/17 Air\/17 Pro\/17 Plus\/ iPhone 16 Pro Max\/16 Pro\/16 Plus\/15 Pro Max\/15 Plus\/MacBook Air 2023\/iPad Pro 2023, iPad Air 5, und mehr. (Hinweis: Die Ladegeschwindigkeit h\u00e4ngt auch von Ihrem Ger\u00e4t und Ladeger\u00e4t ab. Kombinieren Sie Ihre C-Port-Ger\u00e4te mit USB-C-Ladeger\u00e4ten, einschlie\u00dflich und verschiedene 96w 87w 65w 60w 45w 35w 20w USB-C-Stromadapter).<br \/>\u3010Was Sie bekommen\u3011 : Enth\u00e4lt 2Pack 10-Fu\u00df Typ C zu Typ C Ladekabel. Dar\u00fcber hinaus bieten wir 12 Monate Qualit\u00e4tssicherungsservice f\u00fcr jedes Kabel. Wenn Sie irgendwelche Fragen haben, z\u00f6gern Sie nicht, uns zu kontaktieren und wir werden unser Bestes tun, um Ihnen zu helfen.<\/p>\t\t\t\t\t\t\t\t<\/div>\n\t\t\t\t<\/div>\n\t\t\t\t\t<\/div>\n\t\t\t\t<\/div>\n\t\t<div class=\"elementor-element elementor-element-86893d4 e-flex e-con-boxed e-con e-parent\" data-id=\"86893d4\" data-element_type=\"container\" data-e-type=\"container\">\n\t\t\t\t\t<div class=\"e-con-inner\">\n\t\t\t\t<div class=\"elementor-element elementor-element-8714e9f elementor-widget elementor-widget-image-gallery\" data-id=\"8714e9f\" data-element_type=\"widget\" data-e-type=\"widget\" data-widget_type=\"image-gallery.default\">\n\t\t\t\t<div class=\"elementor-widget-container\">\n\t\t\t\t\t\t\t<div class=\"elementor-image-gallery\">\n\t\t\t<div id='gallery-1' class='gallery galleryid-1049 gallery-columns-3 gallery-size-medium_large'><figure class='gallery-item'>\n\t\t\t<div class='gallery-icon landscape'>\n\t\t\t\t<img fetchpriority=\"high\" decoding=\"async\" width=\"768\" height=\"768\" src=\"https:\/\/ulifeneed.com\/wp-content\/uploads\/2025\/11\/025-2-768x768.jpg\" class=\"attachment-medium_large size-medium_large\" alt=\"\" srcset=\"https:\/\/ulifeneed.com\/wp-content\/uploads\/2025\/11\/025-2-768x768.jpg 768w, https:\/\/ulifeneed.com\/wp-content\/uploads\/2025\/11\/025-2-300x300.jpg 300w, https:\/\/ulifeneed.com\/wp-content\/uploads\/2025\/11\/025-2-150x150.jpg 150w, https:\/\/ulifeneed.com\/wp-content\/uploads\/2025\/11\/025-2-600x600.jpg 600w, https:\/\/ulifeneed.com\/wp-content\/uploads\/2025\/11\/025-2-100x100.jpg 100w, https:\/\/ulifeneed.com\/wp-content\/uploads\/2025\/11\/025-2.jpg 1000w\" sizes=\"(max-width: 768px) 100vw, 768px\" \/>\n\t\t\t<\/div><\/figure><figure class='gallery-item'>\n\t\t\t<div class='gallery-icon landscape'>\n\t\t\t\t<img decoding=\"async\" width=\"768\" height=\"768\" src=\"https:\/\/ulifeneed.com\/wp-content\/uploads\/2025\/11\/025-4-768x768.jpg\" class=\"attachment-medium_large size-medium_large\" alt=\"\" srcset=\"https:\/\/ulifeneed.com\/wp-content\/uploads\/2025\/11\/025-4-768x768.jpg 768w, https:\/\/ulifeneed.com\/wp-content\/uploads\/2025\/11\/025-4-300x300.jpg 300w, https:\/\/ulifeneed.com\/wp-content\/uploads\/2025\/11\/025-4-150x150.jpg 150w, https:\/\/ulifeneed.com\/wp-content\/uploads\/2025\/11\/025-4-600x600.jpg 600w, https:\/\/ulifeneed.com\/wp-content\/uploads\/2025\/11\/025-4-100x100.jpg 100w, https:\/\/ulifeneed.com\/wp-content\/uploads\/2025\/11\/025-4.jpg 1000w\" sizes=\"(max-width: 768px) 100vw, 768px\" \/>\n\t\t\t<\/div><\/figure><figure class='gallery-item'>\n\t\t\t<div class='gallery-icon landscape'>\n\t\t\t\t<img decoding=\"async\" width=\"768\" height=\"732\" src=\"https:\/\/ulifeneed.com\/wp-content\/uploads\/2025\/11\/025-5-768x732.jpg\" class=\"attachment-medium_large size-medium_large\" alt=\"\" srcset=\"https:\/\/ulifeneed.com\/wp-content\/uploads\/2025\/11\/025-5-768x732.jpg 768w, https:\/\/ulifeneed.com\/wp-content\/uploads\/2025\/11\/025-5-300x286.jpg 300w, https:\/\/ulifeneed.com\/wp-content\/uploads\/2025\/11\/025-5-600x572.jpg 600w, https:\/\/ulifeneed.com\/wp-content\/uploads\/2025\/11\/025-5.jpg 1000w\" sizes=\"(max-width: 768px) 100vw, 768px\" \/>\n\t\t\t<\/div><\/figure>\n\t\t<\/div>\n\t\t<\/div>\n\t\t\t\t\t\t<\/div>\n\t\t\t\t<\/div>\n\t\t\t\t\t<\/div>\n\t\t\t\t<\/div>\n\t\t<div class=\"elementor-element elementor-element-48b475b e-flex e-con-boxed e-con e-parent\" data-id=\"48b475b\" data-element_type=\"container\" data-e-type=\"container\">\n\t\t\t\t\t<div class=\"e-con-inner\">\n\t\t\t\t<div class=\"elementor-element elementor-element-0f74b56 elementor-widget elementor-widget-text-editor\" data-id=\"0f74b56\" data-element_type=\"widget\" data-e-type=\"widget\" data-widget_type=\"text-editor.default\">\n\t\t\t\t<div class=\"elementor-widget-container\">\n\t\t\t\t\t\t\t\t\t<h2>Warum USB-C zu USB-C Flechtkabel w\u00e4hlen?<\/h2><p>Der Draht ist aus hochwertigem Material mit guter Textur gefertigt, und das spezielle Spannungsentlastungsdesign kann 20.000+ Mal einem Biegetest standhalten, was eine langfristige Nutzung erm\u00f6glicht, ohne dass man sich um Sch\u00e4den durch Biegen oder St\u00f6\u00dfe sorgen muss.<br \/>Dieses 60-W-PD-USB-C-Kabel kann Telefone, Tablets und Laptops schnell und ohne \u00dcberhitzung aufladen.<br \/>Der intelligente Chip sorgt f\u00fcr eine schnellere Ladegeschwindigkeit und einen geringeren Energieverlust, um den Laptop schneller aufzuladen.<\/p><h2>3A USB C auf USB C geflochtenes Ladekabel<\/h2><p>Maximale Leistung: 9V 3A<br \/>Daten\u00fcbertragung: USB 3.0 480Mbps<br \/>L\u00e4nge: 10ft<\/p><h2>Wichtige Hinweise:<\/h2><p>Dies ist ein USB-C-auf-USB-C-Kabel, NICHT ein USB-C-auf-USB-A-Kabel. Sie ben\u00f6tigen also ein USB-C-Wandladeger\u00e4t, um Ihr Ger\u00e4t aufzuladen.<br \/>Um die Ladegeschwindigkeit Ihres Ger\u00e4ts zu gew\u00e4hrleisten, verwenden Sie bitte das originale USB-C-Wandladeger\u00e4t oder ein hochwertiges USB-C-Ladeger\u00e4t, das USB-PD-Schnellladung unterst\u00fctzt.<br \/>Es handelt sich um ein Lade- und Datenkabel und nicht um ein Thunderbolt 3-Kabel, sodass es keine Videos ausgeben kann.<\/p><h2>Super-Haltbarkeit<\/h2><p>F\u00fcr das iPhone-Ladekabel werden hochwertige Materialien verwendet, die daf\u00fcr sorgen, dass das Kabel 5-mal haltbarer ist als andere Kabel und eine gute Flexibilit\u00e4t aufweist und sich nicht verheddert. Die Verwendung von Laserschwei\u00dftechnik erh\u00f6ht die Lebensdauer und vermeidet das Risiko von Rissen oder anderen Sch\u00e4den. Es ist ein langlebiges Kabelpaket, das mehr als 20000 Biegungen und mehr als 12000 wiederholte Steckvorg\u00e4nge aush\u00e4lt.<\/p>\t\t\t\t\t\t\t\t<\/div>\n\t\t\t\t<\/div>\n\t\t\t\t\t<\/div>\n\t\t\t\t<\/div>\n\t\t<div class=\"elementor-element elementor-element-8c190bd e-flex e-con-boxed e-con e-parent\" data-id=\"8c190bd\" data-element_type=\"container\" data-e-type=\"container\">\n\t\t\t\t\t<div class=\"e-con-inner\">\n\t\t\t\t<div class=\"elementor-element elementor-element-631cdb7 elementor-widget elementor-widget-image-gallery\" data-id=\"631cdb7\" data-element_type=\"widget\" data-e-type=\"widget\" data-widget_type=\"image-gallery.default\">\n\t\t\t\t<div class=\"elementor-widget-container\">\n\t\t\t\t\t\t\t<div class=\"elementor-image-gallery\">\n\t\t\t<div id='gallery-2' class='gallery galleryid-1049 gallery-columns-1 gallery-size-full'><figure class='gallery-item'>\n\t\t\t<div class='gallery-icon landscape'>\n\t\t\t\t<img loading=\"lazy\" decoding=\"async\" width=\"1000\" height=\"618\" src=\"https:\/\/ulifeneed.com\/wp-content\/uploads\/2025\/11\/025-8.jpg\" class=\"attachment-full size-full\" alt=\"\" srcset=\"https:\/\/ulifeneed.com\/wp-content\/uploads\/2025\/11\/025-8.jpg 1000w, https:\/\/ulifeneed.com\/wp-content\/uploads\/2025\/11\/025-8-300x185.jpg 300w, https:\/\/ulifeneed.com\/wp-content\/uploads\/2025\/11\/025-8-768x475.jpg 768w, https:\/\/ulifeneed.com\/wp-content\/uploads\/2025\/11\/025-8-600x371.jpg 600w\" sizes=\"(max-width: 1000px) 100vw, 1000px\" \/>\n\t\t\t<\/div><\/figure><figure class='gallery-item'>\n\t\t\t<div class='gallery-icon landscape'>\n\t\t\t\t<img loading=\"lazy\" decoding=\"async\" width=\"1000\" height=\"618\" src=\"https:\/\/ulifeneed.com\/wp-content\/uploads\/2025\/11\/025-9.jpg\" class=\"attachment-full size-full\" alt=\"\" srcset=\"https:\/\/ulifeneed.com\/wp-content\/uploads\/2025\/11\/025-9.jpg 1000w, https:\/\/ulifeneed.com\/wp-content\/uploads\/2025\/11\/025-9-300x185.jpg 300w, https:\/\/ulifeneed.com\/wp-content\/uploads\/2025\/11\/025-9-768x475.jpg 768w, https:\/\/ulifeneed.com\/wp-content\/uploads\/2025\/11\/025-9-600x371.jpg 600w\" sizes=\"(max-width: 1000px) 100vw, 1000px\" \/>\n\t\t\t<\/div><\/figure><figure class='gallery-item'>\n\t\t\t<div class='gallery-icon landscape'>\n\t\t\t\t<img loading=\"lazy\" decoding=\"async\" width=\"1000\" height=\"618\" src=\"https:\/\/ulifeneed.com\/wp-content\/uploads\/2025\/11\/025-10.jpg\" class=\"attachment-full size-full\" alt=\"\" srcset=\"https:\/\/ulifeneed.com\/wp-content\/uploads\/2025\/11\/025-10.jpg 1000w, https:\/\/ulifeneed.com\/wp-content\/uploads\/2025\/11\/025-10-300x185.jpg 300w, https:\/\/ulifeneed.com\/wp-content\/uploads\/2025\/11\/025-10-768x475.jpg 768w, https:\/\/ulifeneed.com\/wp-content\/uploads\/2025\/11\/025-10-600x371.jpg 600w\" sizes=\"(max-width: 1000px) 100vw, 1000px\" \/>\n\t\t\t<\/div><\/figure><figure class='gallery-item'>\n\t\t\t<div class='gallery-icon landscape'>\n\t\t\t\t<img loading=\"lazy\" decoding=\"async\" width=\"1000\" height=\"618\" src=\"https:\/\/ulifeneed.com\/wp-content\/uploads\/2025\/11\/025-11.jpg\" class=\"attachment-full size-full\" alt=\"\" srcset=\"https:\/\/ulifeneed.com\/wp-content\/uploads\/2025\/11\/025-11.jpg 1000w, https:\/\/ulifeneed.com\/wp-content\/uploads\/2025\/11\/025-11-300x185.jpg 300w, https:\/\/ulifeneed.com\/wp-content\/uploads\/2025\/11\/025-11-768x475.jpg 768w, https:\/\/ulifeneed.com\/wp-content\/uploads\/2025\/11\/025-11-600x371.jpg 600w\" sizes=\"(max-width: 1000px) 100vw, 1000px\" \/>\n\t\t\t<\/div><\/figure>\n\t\t<\/div>\n\t\t<\/div>\n\t\t\t\t\t\t<\/div>\n\t\t\t\t<\/div>\n\t\t\t\t\t<\/div>\n\t\t\t\t<\/div>\n\t\t\t\t<\/div>","protected":false},"excerpt":{"rendered":"<h2>USB C zu C Schnellladekabel 10ft, Langes Typ C zu USB C Ladekabel f\u00fcr Apple iPhone 17 Pro Max\/17 Air\/16 Pro\/15 Plus,MacBook Pro 2021\/2020\/2019\/2018,iPad 12.9\/11 Zoll\/Mini\/Air,Samsung Galaxy<\/h2>\n<p><strong>Stecker Typ<\/strong>: Usb C zu C, Typ C zu C<br \/>\n<strong>Kabel Typ<\/strong>: USB C<br \/>\n<strong>Kompatible Ger\u00e4te<\/strong>: iPhone 17 Pro Max\/iPhone 17 Air\/iPhone 17 Pro\/iPhone 17 Plus\/iPhone 16 Pro Max\/iPhone 16 Pro\/iPhone 16 Plus\/iPhone 15\/iPhone15 Plus\/iPhone15 Pro\/iPhone15 Pro Max\uff0cMacBook Pro 13 Zoll, Macbook Air 13 \/m1 Zoll, MacBook 12 Zoll, iPad Pro 12.9\/11 Zoll, iPad Air 4\/5, iPad Mini 6, Google Pixel 6\/6 Pro\/5\/5a, Samsung Galaxy S23\/S22\/S22\/ S21\/S21+\/S21 Ultra\/ S20\/S20+\/S20 Ultra, Galaxy A53\/A73\/A71, Note 10\/10+\/20 Ultra und andere Ger\u00e4te mit USB-C-Anschluss<br \/>\n<strong>Besonderes Merkmal<\/strong>: Schnelles Aufladen<\/p>","protected":false},"featured_media":1050,"comment_status":"open","ping_status":"closed","template":"","meta":{"site-sidebar-layout":"no-sidebar","site-content-layout":"page-builder","ast-site-content-layout":"normal-width-container","site-content-style":"default","site-sidebar-style":"default","ast-global-header-display":"","ast-banner-title-visibility":"","ast-main-header-display":"","ast-hfb-above-header-display":"","ast-hfb-below-header-display":"","ast-hfb-mobile-header-display":"","site-post-title":"","ast-breadcrumbs-content":"","ast-featured-img":"disabled","footer-sml-layout":"","theme-transparent-header-meta":"default","adv-header-id-meta":"","stick-header-meta":"","header-above-stick-meta":"","header-main-stick-meta":"","header-below-stick-meta":"","astra-migrate-meta-layouts":"set","ast-page-background-enabled":"default","ast-page-background-meta":{"desktop":{"background-color":"","background-image":"","background-repeat":"repeat","background-position":"center center","background-size":"auto","background-attachment":"scroll","background-type":"","background-media":"","overlay-type":"","overlay-color":"","overlay-opacity":"","overlay-gradient":""},"tablet":{"background-color":"","background-image":"","background-repeat":"repeat","background-position":"center center","background-size":"auto","background-attachment":"scroll","background-type":"","background-media":"","overlay-type":"","overlay-color":"","overlay-opacity":"","overlay-gradient":""},"mobile":{"background-color":"","background-image":"","background-repeat":"repeat","background-position":"center center","background-size":"auto","background-attachment":"scroll","background-type":"","background-media":"","overlay-type":"","overlay-color":"","overlay-opacity":"","overlay-gradient":""}},"ast-content-background-meta":{"desktop":{"background-color":"var(--ast-global-color-5)","background-image":"","background-repeat":"repeat","background-position":"center center","background-size":"auto","background-attachment":"scroll","background-type":"","background-media":"","overlay-type":"","overlay-color":"","overlay-opacity":"","overlay-gradient":""},"tablet":{"background-color":"var(--ast-global-color-5)","background-image":"","background-repeat":"repeat","background-position":"center center","background-size":"auto","background-attachment":"scroll","background-type":"","background-media":"","overlay-type":"","overlay-color":"","overlay-opacity":"","overlay-gradient":""},"mobile":{"background-color":"var(--ast-global-color-5)","background-image":"","background-repeat":"repeat","background-position":"center center","background-size":"auto","background-attachment":"scroll","background-type":"","background-media":"","overlay-type":"","overlay-color":"","overlay-opacity":"","overlay-gradient":""}}},"product_brand":[],"product_cat":[31,15],"product_tag":[],"class_list":{"0":"post-1049","1":"product","2":"type-product","3":"status-publish","4":"has-post-thumbnail","6":"product_cat-usb-cables","7":"product_cat-3c-electronic-products","8":"desktop-align-left","9":"tablet-align-left","10":"mobile-align-left","12":"first","13":"instock","14":"sale","15":"shipping-taxable","16":"purchasable","17":"product-type-simple"},"_links":{"self":[{"href":"https:\/\/ulifeneed.com\/de\/wp-json\/wp\/v2\/product\/1049","targetHints":{"allow":["GET"]}}],"collection":[{"href":"https:\/\/ulifeneed.com\/de\/wp-json\/wp\/v2\/product"}],"about":[{"href":"https:\/\/ulifeneed.com\/de\/wp-json\/wp\/v2\/types\/product"}],"replies":[{"embeddable":true,"href":"https:\/\/ulifeneed.com\/de\/wp-json\/wp\/v2\/comments?post=1049"}],"version-history":[{"count":6,"href":"https:\/\/ulifeneed.com\/de\/wp-json\/wp\/v2\/product\/1049\/revisions"}],"predecessor-version":[{"id":1503,"href":"https:\/\/ulifeneed.com\/de\/wp-json\/wp\/v2\/product\/1049\/revisions\/1503"}],"wp:featuredmedia":[{"embeddable":true,"href":"https:\/\/ulifeneed.com\/de\/wp-json\/wp\/v2\/media\/1050"}],"wp:attachment":[{"href":"https:\/\/ulifeneed.com\/de\/wp-json\/wp\/v2\/media?parent=1049"}],"wp:term":[{"taxonomy":"product_brand","embeddable":true,"href":"https:\/\/ulifeneed.com\/de\/wp-json\/wp\/v2\/product_brand?post=1049"},{"taxonomy":"product_cat","embeddable":true,"href":"https:\/\/ulifeneed.com\/de\/wp-json\/wp\/v2\/product_cat?post=1049"},{"taxonomy":"product_tag","embeddable":true,"href":"https:\/\/ulifeneed.com\/de\/wp-json\/wp\/v2\/product_tag?post=1049"}],"curies":[{"name":"wp","href":"https:\/\/api.w.org\/{rel}","templated":true}]}}