{"id":1038,"date":"2025-11-07T05:54:18","date_gmt":"2025-11-07T05:54:18","guid":{"rendered":"https:\/\/ulifeneed.com\/?post_type=product&#038;p=1038"},"modified":"2025-11-28T04:49:35","modified_gmt":"2025-11-28T04:49:35","slug":"6-zoll-usb-c-ladekabel-2-pack-kurzes-usb-c-zu-c-kabel","status":"publish","type":"product","link":"https:\/\/ulifeneed.com\/de\/product\/6-inch-usb-c-charger-cord-2-pack-short-usb-c-to-c-cable\/","title":{"rendered":"6 Zoll USB C Ladekabel, 2 Pack kurze USB C zu C Kabel Geflochtenes Schnelllade USBC Kabel Kompatibel mit iPhone 15 Samsung Galaxy S23 Ultra Google Pixel"},"content":{"rendered":"<div data-elementor-type=\"wp-post\" data-elementor-id=\"1038\" class=\"elementor elementor-1038\">\n\t\t\t\t<div class=\"elementor-element elementor-element-7ab7465 e-flex e-con-boxed e-con e-parent\" data-id=\"7ab7465\" data-element_type=\"container\" data-e-type=\"container\">\n\t\t\t\t\t<div class=\"e-con-inner\">\n\t\t\t\t<div class=\"elementor-element elementor-element-01349a5 elementor-widget elementor-widget-text-editor\" data-id=\"01349a5\" data-element_type=\"widget\" data-e-type=\"widget\" data-widget_type=\"text-editor.default\">\n\t\t\t\t<div class=\"elementor-widget-container\">\n\t\t\t\t\t\t\t\t\t<p><strong>USB-C 2.0<\/strong>Dieses kurze USB-C-zu-C-Kabel unterst\u00fctzt eine Daten\u00fcbertragungsgeschwindigkeit von bis zu 480 Mbit\/s zum Synchronisieren und Laden. Verwendet das USB 2.0-Protokoll f\u00fcr universelle Kompatibilit\u00e4t. Nicht kompatibel f\u00fcr die \u00dcbertragung von Videosignalen.<\/p><p><strong>60W Schnellladung<\/strong>Das USBC-auf-USBC-Kabel erm\u00f6glicht bei Verwendung mit kompatiblen USB-C-Stromadaptern ein Hochgeschwindigkeitsladen mit bis zu 60 W (20 V\/3 A). Ideal zum schnellen Aufladen von Laptops, Tablets und Smartphones mit Power Delivery.<\/p><p><strong>Langlebig &amp; tragbar<\/strong>6-Zoll-USB-C-Kabel ist die perfekte L\u00e4nge f\u00fcr Reisen und den Heimgebrauch. Verwicklungsfreies Design mit Aluminiumgeh\u00e4use f\u00fcr Langlebigkeit.<\/p><p><strong>Breite Kompatibilit\u00e4t<\/strong>: das kurze Typ-C-Kabel Funktioniert mit USB-C-Ger\u00e4ten, einschlie\u00dflich apple iphone 15 pro\/max, iPad Pro, NintendoSwitch, Samsung Galaxy S23 Ultra, Google Pixel 8 und mehr Android-Handys.<\/p><p><strong>Was Sie bekommen<\/strong>: 2x 0,5ft USB-C auf USB-C 2.0 Kabel in schwarz. Wir bieten eine 12-monatige Garantie und freundlichen Kundenservice.<\/p>\t\t\t\t\t\t\t\t<\/div>\n\t\t\t\t<\/div>\n\t\t\t\t\t<\/div>\n\t\t\t\t<\/div>\n\t\t<div class=\"elementor-element elementor-element-86893d4 e-flex e-con-boxed e-con e-parent\" data-id=\"86893d4\" data-element_type=\"container\" data-e-type=\"container\">\n\t\t\t\t\t<div class=\"e-con-inner\">\n\t\t\t\t<div class=\"elementor-element elementor-element-8714e9f elementor-widget elementor-widget-image-gallery\" data-id=\"8714e9f\" data-element_type=\"widget\" data-e-type=\"widget\" data-widget_type=\"image-gallery.default\">\n\t\t\t\t<div class=\"elementor-widget-container\">\n\t\t\t\t\t\t\t<div class=\"elementor-image-gallery\">\n\t\t\t<div id='gallery-1' class='gallery galleryid-1038 gallery-columns-3 gallery-size-medium_large'><figure class='gallery-item'>\n\t\t\t<div class='gallery-icon landscape'>\n\t\t\t\t<img fetchpriority=\"high\" decoding=\"async\" width=\"768\" height=\"768\" src=\"https:\/\/ulifeneed.com\/wp-content\/uploads\/2025\/11\/022-2-768x768.jpg\" class=\"attachment-medium_large size-medium_large\" alt=\"\" srcset=\"https:\/\/ulifeneed.com\/wp-content\/uploads\/2025\/11\/022-2-768x768.jpg 768w, https:\/\/ulifeneed.com\/wp-content\/uploads\/2025\/11\/022-2-300x300.jpg 300w, https:\/\/ulifeneed.com\/wp-content\/uploads\/2025\/11\/022-2-1024x1024.jpg 1024w, https:\/\/ulifeneed.com\/wp-content\/uploads\/2025\/11\/022-2-150x150.jpg 150w, https:\/\/ulifeneed.com\/wp-content\/uploads\/2025\/11\/022-2-1536x1536.jpg 1536w, https:\/\/ulifeneed.com\/wp-content\/uploads\/2025\/11\/022-2-600x600.jpg 600w, https:\/\/ulifeneed.com\/wp-content\/uploads\/2025\/11\/022-2-100x100.jpg 100w, https:\/\/ulifeneed.com\/wp-content\/uploads\/2025\/11\/022-2.jpg 1600w\" sizes=\"(max-width: 768px) 100vw, 768px\" \/>\n\t\t\t<\/div><\/figure><figure class='gallery-item'>\n\t\t\t<div class='gallery-icon landscape'>\n\t\t\t\t<img decoding=\"async\" width=\"768\" height=\"768\" src=\"https:\/\/ulifeneed.com\/wp-content\/uploads\/2025\/11\/022-4-768x768.jpg\" class=\"attachment-medium_large size-medium_large\" alt=\"\" srcset=\"https:\/\/ulifeneed.com\/wp-content\/uploads\/2025\/11\/022-4-768x768.jpg 768w, https:\/\/ulifeneed.com\/wp-content\/uploads\/2025\/11\/022-4-300x300.jpg 300w, https:\/\/ulifeneed.com\/wp-content\/uploads\/2025\/11\/022-4-1024x1024.jpg 1024w, https:\/\/ulifeneed.com\/wp-content\/uploads\/2025\/11\/022-4-150x150.jpg 150w, https:\/\/ulifeneed.com\/wp-content\/uploads\/2025\/11\/022-4-1536x1536.jpg 1536w, https:\/\/ulifeneed.com\/wp-content\/uploads\/2025\/11\/022-4-600x600.jpg 600w, https:\/\/ulifeneed.com\/wp-content\/uploads\/2025\/11\/022-4-100x100.jpg 100w, https:\/\/ulifeneed.com\/wp-content\/uploads\/2025\/11\/022-4.jpg 1600w\" sizes=\"(max-width: 768px) 100vw, 768px\" \/>\n\t\t\t<\/div><\/figure><figure class='gallery-item'>\n\t\t\t<div class='gallery-icon landscape'>\n\t\t\t\t<img decoding=\"async\" width=\"768\" height=\"768\" src=\"https:\/\/ulifeneed.com\/wp-content\/uploads\/2025\/11\/022-5-768x768.jpg\" class=\"attachment-medium_large size-medium_large\" alt=\"\" srcset=\"https:\/\/ulifeneed.com\/wp-content\/uploads\/2025\/11\/022-5-768x768.jpg 768w, https:\/\/ulifeneed.com\/wp-content\/uploads\/2025\/11\/022-5-300x300.jpg 300w, https:\/\/ulifeneed.com\/wp-content\/uploads\/2025\/11\/022-5-1024x1024.jpg 1024w, https:\/\/ulifeneed.com\/wp-content\/uploads\/2025\/11\/022-5-150x150.jpg 150w, https:\/\/ulifeneed.com\/wp-content\/uploads\/2025\/11\/022-5-1536x1536.jpg 1536w, https:\/\/ulifeneed.com\/wp-content\/uploads\/2025\/11\/022-5-600x600.jpg 600w, https:\/\/ulifeneed.com\/wp-content\/uploads\/2025\/11\/022-5-100x100.jpg 100w, https:\/\/ulifeneed.com\/wp-content\/uploads\/2025\/11\/022-5.jpg 1600w\" sizes=\"(max-width: 768px) 100vw, 768px\" \/>\n\t\t\t<\/div><\/figure>\n\t\t<\/div>\n\t\t<\/div>\n\t\t\t\t\t\t<\/div>\n\t\t\t\t<\/div>\n\t\t\t\t\t<\/div>\n\t\t\t\t<\/div>\n\t\t<div class=\"elementor-element elementor-element-48b475b e-flex e-con-boxed e-con e-parent\" data-id=\"48b475b\" data-element_type=\"container\" data-e-type=\"container\">\n\t\t\t\t\t<div class=\"e-con-inner\">\n\t\t\t\t<div class=\"elementor-element elementor-element-0f74b56 elementor-widget elementor-widget-text-editor\" data-id=\"0f74b56\" data-element_type=\"widget\" data-e-type=\"widget\" data-widget_type=\"text-editor.default\">\n\t\t\t\t<div class=\"elementor-widget-container\">\n\t\t\t\t\t\t\t\t\t<p>Abmessungen der Verpackung: 7,83 x 5,39 x 0,39 Zoll; 0,32 Unzen<br \/>Modellnummer des Artikels: USB-C-6INCH<\/p>\t\t\t\t\t\t\t\t<\/div>\n\t\t\t\t<\/div>\n\t\t\t\t\t<\/div>\n\t\t\t\t<\/div>\n\t\t\t\t<\/div>","protected":false},"excerpt":{"rendered":"<h2>6 Zoll USB C Ladekabel, 2 Pack kurze USB C zu C Kabel Geflochtenes Schnelllade USBC Kabel Kompatibel mit iPhone 15 Samsung Galaxy S23 Ultra Google Pixel<\/h2>\n<p><strong>Stecker Typ<\/strong>: USB 2.0, USB Typ C<br \/>\n<strong>Kabel Typ<\/strong>: USB<br \/>\n<strong>Kompatible Ger\u00e4te<\/strong>: iPhone15 Pro\/Max, Samsung Galaxy, Google Pixel<br \/>\n<strong>Besonderes Merkmal<\/strong>: Geflochten, Schnellladung, USB 2.0 Daten\u00fcbertragung<\/p>","protected":false},"featured_media":1039,"comment_status":"open","ping_status":"closed","template":"","meta":{"site-sidebar-layout":"no-sidebar","site-content-layout":"page-builder","ast-site-content-layout":"normal-width-container","site-content-style":"default","site-sidebar-style":"default","ast-global-header-display":"","ast-banner-title-visibility":"","ast-main-header-display":"","ast-hfb-above-header-display":"","ast-hfb-below-header-display":"","ast-hfb-mobile-header-display":"","site-post-title":"","ast-breadcrumbs-content":"","ast-featured-img":"disabled","footer-sml-layout":"","theme-transparent-header-meta":"default","adv-header-id-meta":"","stick-header-meta":"","header-above-stick-meta":"","header-main-stick-meta":"","header-below-stick-meta":"","astra-migrate-meta-layouts":"set","ast-page-background-enabled":"default","ast-page-background-meta":{"desktop":{"background-color":"","background-image":"","background-repeat":"repeat","background-position":"center center","background-size":"auto","background-attachment":"scroll","background-type":"","background-media":"","overlay-type":"","overlay-color":"","overlay-opacity":"","overlay-gradient":""},"tablet":{"background-color":"","background-image":"","background-repeat":"repeat","background-position":"center center","background-size":"auto","background-attachment":"scroll","background-type":"","background-media":"","overlay-type":"","overlay-color":"","overlay-opacity":"","overlay-gradient":""},"mobile":{"background-color":"","background-image":"","background-repeat":"repeat","background-position":"center center","background-size":"auto","background-attachment":"scroll","background-type":"","background-media":"","overlay-type":"","overlay-color":"","overlay-opacity":"","overlay-gradient":""}},"ast-content-background-meta":{"desktop":{"background-color":"var(--ast-global-color-5)","background-image":"","background-repeat":"repeat","background-position":"center center","background-size":"auto","background-attachment":"scroll","background-type":"","background-media":"","overlay-type":"","overlay-color":"","overlay-opacity":"","overlay-gradient":""},"tablet":{"background-color":"var(--ast-global-color-5)","background-image":"","background-repeat":"repeat","background-position":"center center","background-size":"auto","background-attachment":"scroll","background-type":"","background-media":"","overlay-type":"","overlay-color":"","overlay-opacity":"","overlay-gradient":""},"mobile":{"background-color":"var(--ast-global-color-5)","background-image":"","background-repeat":"repeat","background-position":"center center","background-size":"auto","background-attachment":"scroll","background-type":"","background-media":"","overlay-type":"","overlay-color":"","overlay-opacity":"","overlay-gradient":""}}},"product_brand":[],"product_cat":[31,15],"product_tag":[],"class_list":{"0":"post-1038","1":"product","2":"type-product","3":"status-publish","4":"has-post-thumbnail","6":"product_cat-usb-cables","7":"product_cat-3c-electronic-products","8":"desktop-align-left","9":"tablet-align-left","10":"mobile-align-left","12":"first","13":"instock","14":"sale","15":"shipping-taxable","16":"purchasable","17":"product-type-simple"},"_links":{"self":[{"href":"https:\/\/ulifeneed.com\/de\/wp-json\/wp\/v2\/product\/1038","targetHints":{"allow":["GET"]}}],"collection":[{"href":"https:\/\/ulifeneed.com\/de\/wp-json\/wp\/v2\/product"}],"about":[{"href":"https:\/\/ulifeneed.com\/de\/wp-json\/wp\/v2\/types\/product"}],"replies":[{"embeddable":true,"href":"https:\/\/ulifeneed.com\/de\/wp-json\/wp\/v2\/comments?post=1038"}],"version-history":[{"count":6,"href":"https:\/\/ulifeneed.com\/de\/wp-json\/wp\/v2\/product\/1038\/revisions"}],"predecessor-version":[{"id":1502,"href":"https:\/\/ulifeneed.com\/de\/wp-json\/wp\/v2\/product\/1038\/revisions\/1502"}],"wp:featuredmedia":[{"embeddable":true,"href":"https:\/\/ulifeneed.com\/de\/wp-json\/wp\/v2\/media\/1039"}],"wp:attachment":[{"href":"https:\/\/ulifeneed.com\/de\/wp-json\/wp\/v2\/media?parent=1038"}],"wp:term":[{"taxonomy":"product_brand","embeddable":true,"href":"https:\/\/ulifeneed.com\/de\/wp-json\/wp\/v2\/product_brand?post=1038"},{"taxonomy":"product_cat","embeddable":true,"href":"https:\/\/ulifeneed.com\/de\/wp-json\/wp\/v2\/product_cat?post=1038"},{"taxonomy":"product_tag","embeddable":true,"href":"https:\/\/ulifeneed.com\/de\/wp-json\/wp\/v2\/product_tag?post=1038"}],"curies":[{"name":"wp","href":"https:\/\/api.w.org\/{rel}","templated":true}]}}