{"id":1022,"date":"2025-11-07T05:42:55","date_gmt":"2025-11-07T05:42:55","guid":{"rendered":"https:\/\/ulifeneed.com\/?post_type=product&#038;p=1022"},"modified":"2025-11-28T04:49:28","modified_gmt":"2025-11-28T04:49:28","slug":"usb-c-kabel-100w-pd-5a-qc-4-0-schnellladung-usbc-zu-usbc","status":"publish","type":"product","link":"https:\/\/ulifeneed.com\/de\/product\/usb-c-cable-100w-pd-5a-qc-4-0-fast-charging-usbc-to-usbc\/","title":{"rendered":"USB C Kabel, 100W PD 5A QC 4.0 Schnellladekabel USBC zu USBC Kabel, Zinklegierung Nylon geflochtenes Typ C Ladekabel f\u00fcr iPhone 17 16 Pro Plus Pro Max, MacBook, iPad\/mini, Samsung S23\/S22+"},"content":{"rendered":"<div data-elementor-type=\"wp-post\" data-elementor-id=\"1022\" class=\"elementor elementor-1022\">\n\t\t\t\t<div class=\"elementor-element elementor-element-7ab7465 e-flex e-con-boxed e-con e-parent\" data-id=\"7ab7465\" data-element_type=\"container\" data-e-type=\"container\">\n\t\t\t\t\t<div class=\"e-con-inner\">\n\t\t\t\t<div class=\"elementor-element elementor-element-01349a5 elementor-widget elementor-widget-text-editor\" data-id=\"01349a5\" data-element_type=\"widget\" data-e-type=\"widget\" data-widget_type=\"text-editor.default\">\n\t\t\t\t<div class=\"elementor-widget-container\">\n\t\t\t\t\t\t\t\t\t<p>\u3010100W High Power Delivery\u3011Die 5A\/20V 100W PD Technologie hebt die Ladegeschwindigkeit auf die n\u00e4chste Stufe. Die Schnellladung kann ein Samsung S20 von 0 bis 100% in 50 Minuten vollst\u00e4ndig aufladen. Es kann auch ein MacBook Pro 16\u2033 bis zu 75% in 1 Stunde aufladen - 58% schneller als ein 60W Kabel.<br \/>\u3010Certified E-Marker Chip\u3011Der zertifizierte Smart-Chip regelt den Strom und die Spannung und gew\u00e4hrleistet die sicherste 100W-Schnellladung. Sie k\u00f6nnen es verwenden, um jedes Ger\u00e4t mit Vertrauen zu laden.<br \/>\u3010Build to Last\u3011Premium Zinklegierungsmaterial, mit glatter UV-Beschichtung und integriertem Design, macht dieses Kabel oxidationsbest\u00e4ndig und farbecht. Das hochwertige, nylongeflochtene Kabel nutzt sich auch bei l\u00e4ngerem Gebrauch nicht ab.<br \/>Breite Kompatibilit\u00e4t\u3011Dieses Kabel unterst\u00fctzt die meisten der Schnellladeprotokolle auf dem Markt. Es kann alle USB-C Telefone, Tablets, Laptops, sogar die neuesten MacBook Pro\/Air, iPad Pro mit maximaler Geschwindigkeit aufladen. ( Hinweis\uff1aDieses USB-C-Kabel ist nur f\u00fcr die Daten\u00fcbertragung und unterst\u00fctzt keine Video\u00fcbertragung )<br \/>\u3010Was Sie bekommen\u3011USB C Kabel 100W mit 18 Monaten Hassle-free Garantie. Wir sind zuversichtlich, dass unser Produkt lange halten wird. Wenn Sie irgendwelche Fragen haben, kontaktieren Sie uns bitte, und wir werden innerhalb von 24 Stunden antworten.<\/p>\t\t\t\t\t\t\t\t<\/div>\n\t\t\t\t<\/div>\n\t\t\t\t\t<\/div>\n\t\t\t\t<\/div>\n\t\t<div class=\"elementor-element elementor-element-86893d4 e-flex e-con-boxed e-con e-parent\" data-id=\"86893d4\" data-element_type=\"container\" data-e-type=\"container\">\n\t\t\t\t\t<div class=\"e-con-inner\">\n\t\t\t\t<div class=\"elementor-element elementor-element-8714e9f elementor-widget elementor-widget-image-gallery\" data-id=\"8714e9f\" data-element_type=\"widget\" data-e-type=\"widget\" data-widget_type=\"image-gallery.default\">\n\t\t\t\t<div class=\"elementor-widget-container\">\n\t\t\t\t\t\t\t<div class=\"elementor-image-gallery\">\n\t\t\t<div id='gallery-1' class='gallery galleryid-1022 gallery-columns-3 gallery-size-medium_large'><figure class='gallery-item'>\n\t\t\t<div class='gallery-icon portrait'>\n\t\t\t\t<img fetchpriority=\"high\" decoding=\"async\" width=\"768\" height=\"960\" src=\"https:\/\/ulifeneed.com\/wp-content\/uploads\/2025\/11\/019-4-768x960.jpg\" class=\"attachment-medium_large size-medium_large\" alt=\"\" srcset=\"https:\/\/ulifeneed.com\/wp-content\/uploads\/2025\/11\/019-4-768x960.jpg 768w, https:\/\/ulifeneed.com\/wp-content\/uploads\/2025\/11\/019-4-240x300.jpg 240w, https:\/\/ulifeneed.com\/wp-content\/uploads\/2025\/11\/019-4-819x1024.jpg 819w, https:\/\/ulifeneed.com\/wp-content\/uploads\/2025\/11\/019-4-600x750.jpg 600w, https:\/\/ulifeneed.com\/wp-content\/uploads\/2025\/11\/019-4.jpg 1000w\" sizes=\"(max-width: 768px) 100vw, 768px\" \/>\n\t\t\t<\/div><\/figure><figure class='gallery-item'>\n\t\t\t<div class='gallery-icon portrait'>\n\t\t\t\t<img decoding=\"async\" width=\"768\" height=\"960\" src=\"https:\/\/ulifeneed.com\/wp-content\/uploads\/2025\/11\/019-6-768x960.jpg\" class=\"attachment-medium_large size-medium_large\" alt=\"\" srcset=\"https:\/\/ulifeneed.com\/wp-content\/uploads\/2025\/11\/019-6-768x960.jpg 768w, https:\/\/ulifeneed.com\/wp-content\/uploads\/2025\/11\/019-6-240x300.jpg 240w, https:\/\/ulifeneed.com\/wp-content\/uploads\/2025\/11\/019-6-819x1024.jpg 819w, https:\/\/ulifeneed.com\/wp-content\/uploads\/2025\/11\/019-6-600x750.jpg 600w, https:\/\/ulifeneed.com\/wp-content\/uploads\/2025\/11\/019-6.jpg 1000w\" sizes=\"(max-width: 768px) 100vw, 768px\" \/>\n\t\t\t<\/div><\/figure><figure class='gallery-item'>\n\t\t\t<div class='gallery-icon portrait'>\n\t\t\t\t<img decoding=\"async\" width=\"768\" height=\"960\" src=\"https:\/\/ulifeneed.com\/wp-content\/uploads\/2025\/11\/019-7-768x960.jpg\" class=\"attachment-medium_large size-medium_large\" alt=\"\" srcset=\"https:\/\/ulifeneed.com\/wp-content\/uploads\/2025\/11\/019-7-768x960.jpg 768w, https:\/\/ulifeneed.com\/wp-content\/uploads\/2025\/11\/019-7-240x300.jpg 240w, https:\/\/ulifeneed.com\/wp-content\/uploads\/2025\/11\/019-7-819x1024.jpg 819w, https:\/\/ulifeneed.com\/wp-content\/uploads\/2025\/11\/019-7-600x750.jpg 600w, https:\/\/ulifeneed.com\/wp-content\/uploads\/2025\/11\/019-7.jpg 1000w\" sizes=\"(max-width: 768px) 100vw, 768px\" \/>\n\t\t\t<\/div><\/figure>\n\t\t<\/div>\n\t\t<\/div>\n\t\t\t\t\t\t<\/div>\n\t\t\t\t<\/div>\n\t\t\t\t\t<\/div>\n\t\t\t\t<\/div>\n\t\t<div class=\"elementor-element elementor-element-48b475b e-flex e-con-boxed e-con e-parent\" data-id=\"48b475b\" data-element_type=\"container\" data-e-type=\"container\">\n\t\t\t\t\t<div class=\"e-con-inner\">\n\t\t\t\t<div class=\"elementor-element elementor-element-0f74b56 elementor-widget elementor-widget-text-editor\" data-id=\"0f74b56\" data-element_type=\"widget\" data-e-type=\"widget\" data-widget_type=\"text-editor.default\">\n\t\t\t\t<div class=\"elementor-widget-container\">\n\t\t\t\t\t\t\t\t\t<p>Warum Baseus USB C zu USB C Kabel w\u00e4hlen?<\/p><p>1. Das Kabel besteht aus einer hochwertigen Zinklegierung mit guter Textur und kann lange Zeit verwendet werden, ohne dass man sich um Sch\u00e4den durch Biegen oder St\u00f6\u00dfe sorgen muss.<\/p><p>2. Dieses 100-W-PD-USB-C-Kabel mit Ganzmetallgeh\u00e4use kann Telefone, Tablets und Laptops schnell und ohne \u00dcberhitzung aufladen.<\/p><p>3. 8 Str\u00e4nge mit 324 Kernen bieten eine schnellere Aufladung und einen geringen Energieverlust, um Laptops schneller aufzuladen.<\/p><p>Leistung: 100W (20V\/5A)<br \/>Material: Zinklegierung + geflochtener Nylondraht<br \/>\u00dcbertragungsgeschwindigkeit: 480Mbps<br \/>L\u00e4nge: 6.6ft oder 3.3ft oder 10ft<br \/>Schnell-Ladeprotokolle: PD 3.0\/QC 4.0\/Samsung Fast Charging<br \/>HINWEIS: Das Kabel ist nicht f\u00fcr externe Monitore geeignet.<br \/>Dies ist ein USB-C-auf-USB-C-Kabel, kein USB-C-auf-USB-A-Kabel, was bedeutet, dass beide Enden USB-C-Anschl\u00fcsse sind. (Bitte vergewissern Sie sich vor dem Kauf, dass Sie ein USB C-auf-USB-Kabel ben\u00f6tigen)<\/p>\t\t\t\t\t\t\t\t<\/div>\n\t\t\t\t<\/div>\n\t\t\t\t\t<\/div>\n\t\t\t\t<\/div>\n\t\t<div class=\"elementor-element elementor-element-8c190bd e-flex e-con-boxed e-con e-parent\" data-id=\"8c190bd\" data-element_type=\"container\" data-e-type=\"container\">\n\t\t\t\t\t<div class=\"e-con-inner\">\n\t\t\t\t<div class=\"elementor-element elementor-element-631cdb7 elementor-widget elementor-widget-image-gallery\" data-id=\"631cdb7\" data-element_type=\"widget\" data-e-type=\"widget\" data-widget_type=\"image-gallery.default\">\n\t\t\t\t<div class=\"elementor-widget-container\">\n\t\t\t\t\t\t\t<div class=\"elementor-image-gallery\">\n\t\t\t<div id='gallery-2' class='gallery galleryid-1022 gallery-columns-1 gallery-size-full'><figure class='gallery-item'>\n\t\t\t<div class='gallery-icon landscape'>\n\t\t\t\t<img loading=\"lazy\" decoding=\"async\" width=\"1000\" height=\"618\" src=\"https:\/\/ulifeneed.com\/wp-content\/uploads\/2025\/11\/019-8.jpg\" class=\"attachment-full size-full\" alt=\"\" srcset=\"https:\/\/ulifeneed.com\/wp-content\/uploads\/2025\/11\/019-8.jpg 1000w, https:\/\/ulifeneed.com\/wp-content\/uploads\/2025\/11\/019-8-300x185.jpg 300w, https:\/\/ulifeneed.com\/wp-content\/uploads\/2025\/11\/019-8-768x475.jpg 768w, https:\/\/ulifeneed.com\/wp-content\/uploads\/2025\/11\/019-8-600x371.jpg 600w\" sizes=\"(max-width: 1000px) 100vw, 1000px\" \/>\n\t\t\t<\/div><\/figure><figure class='gallery-item'>\n\t\t\t<div class='gallery-icon landscape'>\n\t\t\t\t<img loading=\"lazy\" decoding=\"async\" width=\"1000\" height=\"618\" src=\"https:\/\/ulifeneed.com\/wp-content\/uploads\/2025\/11\/019-9.jpg\" class=\"attachment-full size-full\" alt=\"\" srcset=\"https:\/\/ulifeneed.com\/wp-content\/uploads\/2025\/11\/019-9.jpg 1000w, https:\/\/ulifeneed.com\/wp-content\/uploads\/2025\/11\/019-9-300x185.jpg 300w, https:\/\/ulifeneed.com\/wp-content\/uploads\/2025\/11\/019-9-768x475.jpg 768w, https:\/\/ulifeneed.com\/wp-content\/uploads\/2025\/11\/019-9-600x371.jpg 600w\" sizes=\"(max-width: 1000px) 100vw, 1000px\" \/>\n\t\t\t<\/div><\/figure><figure class='gallery-item'>\n\t\t\t<div class='gallery-icon landscape'>\n\t\t\t\t<img loading=\"lazy\" decoding=\"async\" width=\"1000\" height=\"618\" src=\"https:\/\/ulifeneed.com\/wp-content\/uploads\/2025\/11\/019-10.jpg\" class=\"attachment-full size-full\" alt=\"\" srcset=\"https:\/\/ulifeneed.com\/wp-content\/uploads\/2025\/11\/019-10.jpg 1000w, https:\/\/ulifeneed.com\/wp-content\/uploads\/2025\/11\/019-10-300x185.jpg 300w, https:\/\/ulifeneed.com\/wp-content\/uploads\/2025\/11\/019-10-768x475.jpg 768w, https:\/\/ulifeneed.com\/wp-content\/uploads\/2025\/11\/019-10-600x371.jpg 600w\" sizes=\"(max-width: 1000px) 100vw, 1000px\" \/>\n\t\t\t<\/div><\/figure><figure class='gallery-item'>\n\t\t\t<div class='gallery-icon landscape'>\n\t\t\t\t<img loading=\"lazy\" decoding=\"async\" width=\"1000\" height=\"618\" src=\"https:\/\/ulifeneed.com\/wp-content\/uploads\/2025\/11\/019-11.jpg\" class=\"attachment-full size-full\" alt=\"\" srcset=\"https:\/\/ulifeneed.com\/wp-content\/uploads\/2025\/11\/019-11.jpg 1000w, https:\/\/ulifeneed.com\/wp-content\/uploads\/2025\/11\/019-11-300x185.jpg 300w, https:\/\/ulifeneed.com\/wp-content\/uploads\/2025\/11\/019-11-768x475.jpg 768w, https:\/\/ulifeneed.com\/wp-content\/uploads\/2025\/11\/019-11-600x371.jpg 600w\" sizes=\"(max-width: 1000px) 100vw, 1000px\" \/>\n\t\t\t<\/div><\/figure>\n\t\t<\/div>\n\t\t<\/div>\n\t\t\t\t\t\t<\/div>\n\t\t\t\t<\/div>\n\t\t\t\t\t<\/div>\n\t\t\t\t<\/div>\n\t\t\t\t<\/div>","protected":false},"excerpt":{"rendered":"<h2>USB C Kabel, 100W PD 5A QC 4.0 Schnellladekabel USBC zu USBC Kabel, Zinklegierung Nylon geflochtenes Typ C Ladekabel f\u00fcr iPhone 17 16 Pro Plus Pro Max, MacBook, iPad\/mini, Samsung S23\/S22+<\/h2>\n<p><strong>Stecker Typ<\/strong>: USB Typ C<br \/>\n<strong>Kabel Typ<\/strong>: USB-C-Kabel<br \/>\n<strong>Kompatible Ger\u00e4te<\/strong>: Laptop, Smartphone, Tablet<br \/>\n<strong>Besonderes Merkmal<\/strong>: Geflochten, Daten\u00fcbertragung, Schnelles Aufladen, Hohe Geschwindigkeit, Leichtgewicht<\/p>","protected":false},"featured_media":1023,"comment_status":"open","ping_status":"closed","template":"","meta":{"site-sidebar-layout":"no-sidebar","site-content-layout":"page-builder","ast-site-content-layout":"normal-width-container","site-content-style":"default","site-sidebar-style":"default","ast-global-header-display":"","ast-banner-title-visibility":"","ast-main-header-display":"","ast-hfb-above-header-display":"","ast-hfb-below-header-display":"","ast-hfb-mobile-header-display":"","site-post-title":"","ast-breadcrumbs-content":"","ast-featured-img":"disabled","footer-sml-layout":"","theme-transparent-header-meta":"default","adv-header-id-meta":"","stick-header-meta":"","header-above-stick-meta":"","header-main-stick-meta":"","header-below-stick-meta":"","astra-migrate-meta-layouts":"set","ast-page-background-enabled":"default","ast-page-background-meta":{"desktop":{"background-color":"","background-image":"","background-repeat":"repeat","background-position":"center center","background-size":"auto","background-attachment":"scroll","background-type":"","background-media":"","overlay-type":"","overlay-color":"","overlay-opacity":"","overlay-gradient":""},"tablet":{"background-color":"","background-image":"","background-repeat":"repeat","background-position":"center center","background-size":"auto","background-attachment":"scroll","background-type":"","background-media":"","overlay-type":"","overlay-color":"","overlay-opacity":"","overlay-gradient":""},"mobile":{"background-color":"","background-image":"","background-repeat":"repeat","background-position":"center center","background-size":"auto","background-attachment":"scroll","background-type":"","background-media":"","overlay-type":"","overlay-color":"","overlay-opacity":"","overlay-gradient":""}},"ast-content-background-meta":{"desktop":{"background-color":"var(--ast-global-color-5)","background-image":"","background-repeat":"repeat","background-position":"center center","background-size":"auto","background-attachment":"scroll","background-type":"","background-media":"","overlay-type":"","overlay-color":"","overlay-opacity":"","overlay-gradient":""},"tablet":{"background-color":"var(--ast-global-color-5)","background-image":"","background-repeat":"repeat","background-position":"center center","background-size":"auto","background-attachment":"scroll","background-type":"","background-media":"","overlay-type":"","overlay-color":"","overlay-opacity":"","overlay-gradient":""},"mobile":{"background-color":"var(--ast-global-color-5)","background-image":"","background-repeat":"repeat","background-position":"center center","background-size":"auto","background-attachment":"scroll","background-type":"","background-media":"","overlay-type":"","overlay-color":"","overlay-opacity":"","overlay-gradient":""}}},"product_brand":[],"product_cat":[31,15],"product_tag":[],"class_list":{"0":"post-1022","1":"product","2":"type-product","3":"status-publish","4":"has-post-thumbnail","6":"product_cat-usb-cables","7":"product_cat-3c-electronic-products","8":"desktop-align-left","9":"tablet-align-left","10":"mobile-align-left","12":"first","13":"instock","14":"shipping-taxable","15":"product-type-simple"},"_links":{"self":[{"href":"https:\/\/ulifeneed.com\/de\/wp-json\/wp\/v2\/product\/1022","targetHints":{"allow":["GET"]}}],"collection":[{"href":"https:\/\/ulifeneed.com\/de\/wp-json\/wp\/v2\/product"}],"about":[{"href":"https:\/\/ulifeneed.com\/de\/wp-json\/wp\/v2\/types\/product"}],"replies":[{"embeddable":true,"href":"https:\/\/ulifeneed.com\/de\/wp-json\/wp\/v2\/comments?post=1022"}],"version-history":[{"count":6,"href":"https:\/\/ulifeneed.com\/de\/wp-json\/wp\/v2\/product\/1022\/revisions"}],"predecessor-version":[{"id":1501,"href":"https:\/\/ulifeneed.com\/de\/wp-json\/wp\/v2\/product\/1022\/revisions\/1501"}],"wp:featuredmedia":[{"embeddable":true,"href":"https:\/\/ulifeneed.com\/de\/wp-json\/wp\/v2\/media\/1023"}],"wp:attachment":[{"href":"https:\/\/ulifeneed.com\/de\/wp-json\/wp\/v2\/media?parent=1022"}],"wp:term":[{"taxonomy":"product_brand","embeddable":true,"href":"https:\/\/ulifeneed.com\/de\/wp-json\/wp\/v2\/product_brand?post=1022"},{"taxonomy":"product_cat","embeddable":true,"href":"https:\/\/ulifeneed.com\/de\/wp-json\/wp\/v2\/product_cat?post=1022"},{"taxonomy":"product_tag","embeddable":true,"href":"https:\/\/ulifeneed.com\/de\/wp-json\/wp\/v2\/product_tag?post=1022"}],"curies":[{"name":"wp","href":"https:\/\/api.w.org\/{rel}","templated":true}]}}