{"id":1436,"date":"2025-11-11T03:16:11","date_gmt":"2025-11-11T03:16:11","guid":{"rendered":"https:\/\/ulifeneed.com\/?page_id=1436"},"modified":"2025-11-11T03:17:43","modified_gmt":"2025-11-11T03:17:43","slug":"schifffahrtspolitik","status":"publish","type":"page","link":"https:\/\/ulifeneed.com\/de\/shipping-policy\/","title":{"rendered":"Versandpolitik"},"content":{"rendered":"<div data-elementor-type=\"wp-page\" data-elementor-id=\"1436\" class=\"elementor elementor-1436\">\n\t\t\t\t<div class=\"elementor-element elementor-element-f8efc0f e-flex e-con-boxed e-con e-parent\" data-id=\"f8efc0f\" data-element_type=\"container\" data-e-type=\"container\">\n\t\t\t\t\t<div class=\"e-con-inner\">\n\t\t\t\t<div class=\"elementor-element elementor-element-22f8fa6 elementor-widget elementor-widget-text-editor\" data-id=\"22f8fa6\" data-element_type=\"widget\" data-e-type=\"widget\" data-widget_type=\"text-editor.default\">\n\t\t\t\t<div class=\"elementor-widget-container\">\n\t\t\t\t\t\t\t\t\t<h2>Versandpolitik<\/h2><p>1. WAS SIND MEINE VERSANDOPTIONEN?<\/p><p>Standard: 2-10 Arbeitstage.<\/p><p>Lieferung in den kontinentalen USA innerhalb von sechs Werktagen, Montag-Freitag, bis 19:00 Uhr. Die Lieferzeiten f\u00fcr Alaska und Hawaii k\u00f6nnen variieren.<\/p><p>2. WIE WERDEN MEINE VERSANDKOSTEN BERECHNET?<\/p><p>Wir sch\u00e4tzen alle unsere Versandkosten nach Gewicht, Lieferort und Versandart. Es k\u00f6nnen tats\u00e4chliche Versandkosten anfallen.<\/p><p>3. KANN ICH EINE BESTELLUNG AN EINEM WOCHENENDE LIEFERN LASSEN?<\/p><p>ulifeneed.com bietet derzeit keine Samstags- oder Sonntagslieferungen an.<\/p><p>4. WAS TUE ICH, WENN SICH MEINE BESTELLUNG VERSP\u00c4TET?<\/p><p>Wenn die voraussichtliche Lieferzeit, die bei der von Ihnen gew\u00e4hlten Versandart angegeben ist, abgelaufen ist und die Informationen zur Sendungsverfolgung nicht weiterhelfen, kontaktieren Sie uns bitte umgehend.<\/p><p>Ihre Bestellung kann sich versp\u00e4ten, weil niemand da war, um die Lieferung anzunehmen. Wenn Sie bei einem Zustellungsversuch nicht anwesend sind, unternimmt der Zusteller einen zweiten und oft auch einen dritten Versuch. Wenn die Lieferung dann immer noch nicht erfolgt ist, wird die Sendung an unser Lager zur\u00fcckgeschickt. Sie m\u00fcssen uns jede nicht ausgelieferte Bestellung innerhalb von 25 Tagen nach dem Datum Ihrer Bestellung melden.<\/p><p>5. WAS IST, WENN MEIN PAKET BEI DER ZUSTELLUNG BESCH\u00c4DIGT IST?<\/p><p>Wenn Ihr Paket besch\u00e4digt ankommt, k\u00f6nnen Sie die Annahme verweigern, ohne dass Ihnen dadurch Kosten entstehen. Bitte kontaktieren Sie uns sofort, damit wir die Situation so schnell wie m\u00f6glich korrigieren k\u00f6nnen.<\/p>\t\t\t\t\t\t\t\t<\/div>\n\t\t\t\t<\/div>\n\t\t\t\t\t<\/div>\n\t\t\t\t<\/div>\n\t\t\t\t<\/div>","protected":false},"excerpt":{"rendered":"<p>Shipping Policy 1. WHAT ARE MY SHIPPING OPTIONS? Standard: 2-10 Business Days. Delivery in the continental U.S. within six business days, Monday-Friday, by 7:00 PM. Delivery times to Alaska and Hawaii may vary. 2. HOW ARE MY SHIPPING COSTS CALCULATED? We estimate all of our shipping charges by weight, delivery \/ ship to locations and [&hellip;]<\/p>\n","protected":false},"author":1,"featured_media":0,"parent":0,"menu_order":13,"comment_status":"closed","ping_status":"closed","template":"","meta":{"site-sidebar-layout":"no-sidebar","site-content-layout":"page-builder","ast-site-content-layout":"full-width-container","site-content-style":"default","site-sidebar-style":"default","ast-global-header-display":"","ast-banner-title-visibility":"","ast-main-header-display":"","ast-hfb-above-header-display":"","ast-hfb-below-header-display":"","ast-hfb-mobile-header-display":"","site-post-title":"","ast-breadcrumbs-content":"","ast-featured-img":"disabled","footer-sml-layout":"","theme-transparent-header-meta":"","adv-header-id-meta":"","stick-header-meta":"","header-above-stick-meta":"","header-main-stick-meta":"","header-below-stick-meta":"","astra-migrate-meta-layouts":"set","ast-page-background-enabled":"default","ast-page-background-meta":{"desktop":{"background-color":"","background-image":"","background-repeat":"repeat","background-position":"center center","background-size":"auto","background-attachment":"scroll","background-type":"","background-media":"","overlay-type":"","overlay-color":"","overlay-opacity":"","overlay-gradient":""},"tablet":{"background-color":"","background-image":"","background-repeat":"repeat","background-position":"center center","background-size":"auto","background-attachment":"scroll","background-type":"","background-media":"","overlay-type":"","overlay-color":"","overlay-opacity":"","overlay-gradient":""},"mobile":{"background-color":"","background-image":"","background-repeat":"repeat","background-position":"center center","background-size":"auto","background-attachment":"scroll","background-type":"","background-media":"","overlay-type":"","overlay-color":"","overlay-opacity":"","overlay-gradient":""}},"ast-content-background-meta":{"desktop":{"background-color":"var(--ast-global-color-5)","background-image":"","background-repeat":"repeat","background-position":"center center","background-size":"auto","background-attachment":"scroll","background-type":"","background-media":"","overlay-type":"","overlay-color":"","overlay-opacity":"","overlay-gradient":""},"tablet":{"background-color":"var(--ast-global-color-5)","background-image":"","background-repeat":"repeat","background-position":"center center","background-size":"auto","background-attachment":"scroll","background-type":"","background-media":"","overlay-type":"","overlay-color":"","overlay-opacity":"","overlay-gradient":""},"mobile":{"background-color":"var(--ast-global-color-5)","background-image":"","background-repeat":"repeat","background-position":"center center","background-size":"auto","background-attachment":"scroll","background-type":"","background-media":"","overlay-type":"","overlay-color":"","overlay-opacity":"","overlay-gradient":""}},"footnotes":""},"class_list":["post-1436","page","type-page","status-publish","hentry"],"_links":{"self":[{"href":"https:\/\/ulifeneed.com\/de\/wp-json\/wp\/v2\/pages\/1436","targetHints":{"allow":["GET"]}}],"collection":[{"href":"https:\/\/ulifeneed.com\/de\/wp-json\/wp\/v2\/pages"}],"about":[{"href":"https:\/\/ulifeneed.com\/de\/wp-json\/wp\/v2\/types\/page"}],"author":[{"embeddable":true,"href":"https:\/\/ulifeneed.com\/de\/wp-json\/wp\/v2\/users\/1"}],"replies":[{"embeddable":true,"href":"https:\/\/ulifeneed.com\/de\/wp-json\/wp\/v2\/comments?post=1436"}],"version-history":[{"count":4,"href":"https:\/\/ulifeneed.com\/de\/wp-json\/wp\/v2\/pages\/1436\/revisions"}],"predecessor-version":[{"id":1440,"href":"https:\/\/ulifeneed.com\/de\/wp-json\/wp\/v2\/pages\/1436\/revisions\/1440"}],"wp:attachment":[{"href":"https:\/\/ulifeneed.com\/de\/wp-json\/wp\/v2\/media?parent=1436"}],"curies":[{"name":"wp","href":"https:\/\/api.w.org\/{rel}","templated":true}]}}